{"id":194985,"date":"2024-04-11T09:18:04","date_gmt":"2024-04-11T08:18:04","guid":{"rendered":"https:\/\/hobby4geek.com\/?post_type=product&#038;p=194985"},"modified":"2025-07-25T00:14:09","modified_gmt":"2025-07-24T23:14:09","slug":"dna-design-dk-53-gear-master-accessory-series","status":"publish","type":"product","link":"https:\/\/hobby4geek.com\/fr\/produit\/dna-design-dk-53-gear-master-accessory-series\/","title":{"rendered":"DNA Design - DK-53 GEAR MASTER S\u00e9rie d'accessoires pour SS-100, SS-105, SS-108"},"content":{"rendered":"<div class=\"x11i5rnm xat24cr x1mh8g0r x1vvkbs xtlvy1s x126k92a\">\n<div dir=\"auto\">\n<div class=\"x11i5rnm xat24cr x1mh8g0r x1vvkbs xtlvy1s x126k92a\">\n<div dir=\"auto\">\n<p>DK-53, est m\u00e9ticuleusement fabriqu\u00e9 pour apporter les personnages du film directement dans votre collection. BUMBLEBEE est \u00e9quip\u00e9 d'un masque de combat et d'un canon \u00e0 main gauche, d\u00e9gageant une force immense.<\/p>\n<p>MIRAGE pr\u00e9sente un tout nouveau design pour ses coussinets, ajustant les proportions, recr\u00e9ant fid\u00e8lement le canon \u00e0 une main du film et offrant des capacit\u00e9s de transformation compl\u00e8tes, ainsi que deux remplissages int\u00e9rieurs de cuisse suppl\u00e9mentaires.<\/p>\n<p>WHEELJACK pr\u00e9sente le canon \u00e0 deux mains vu dans le film, incarnant ses prouesses au combat.<\/p>\n<p><em>Des nouvelles passionnantes ! du 5 avril<\/em>: DK-53 comprendra d\u00e9sormais Transformers Studio Series Core Class Arcee - Dual Guns !<\/p>\n<p><em>Nouvelles passionnantes ! du 9 avril<\/em>: DK-53 comprendra d\u00e9sormais SS-100 BUMBLBEE - Lames doubles ! (En r\u00e9ponse aux demandes des fans pour des lames officielles sans peinture m\u00e9tallique, nous avons d\u00e9cid\u00e9 de fournir des lames doubles avec peinture m\u00e9tallique). (Les lames et les pistolets peuvent \u00eatre compl\u00e8tement r\u00e9tract\u00e9s).<\/p>\n<p><em>Nouvelles passionnantes ! du 11 avril<\/em>: Ajout d'une nouvelle t\u00eate sculpt\u00e9e pour SS-108 WHEELJACK dans DK-53 ! Pour r\u00e9pondre \u00e0 l'insatisfaction de certains fans \u00e0 l'\u00e9gard de la sculpture de t\u00eate officielle, nous avons d\u00e9cid\u00e9 de fournir un tout nouveau design. Cependant, veuillez noter que la sculpture de t\u00eate officielle \u00e9tant coll\u00e9e en place, son remplacement n\u00e9cessite d'endommager la cheville de la structure d'origine. Si vous ne voulez pas casser la cheville, la nouvelle t\u00eate sculpt\u00e9e ne peut pas \u00eatre install\u00e9e. Cette d\u00e9cision est laiss\u00e9e \u00e0 l'appr\u00e9ciation des collectionneurs. (La nouvelle t\u00eate sculpt\u00e9e peut \u00eatre enti\u00e8rement rang\u00e9e).<\/p>\n<p>Cette s\u00e9rie est con\u00e7ue pour r\u00e9pondre aux besoins de tous les passionn\u00e9s et rendre votre collection vraiment unique !<\/p>\n<\/div>\n<\/div>\n<div class=\"x11i5rnm xat24cr x1mh8g0r x1vvkbs xtlvy1s x126k92a\">\n<div dir=\"auto\">DNA Design a innov\u00e9 un syst\u00e8me de stockage d'armes unique pour compl\u00e9ter ce chef-d'\u0153uvre, dans le but de captiver le c\u0153ur de tous les collectionneurs.<\/div>\n<\/div>\n<\/div>\n<\/div>","protected":false},"excerpt":{"rendered":"<ul>\n<li>Compatible avec SS-100, SS-105, SS-108 et Core Arcee<\/li>\n<li>Un \u00e9ventail d'accessoires et d'armes \u00e0 personnaliser<\/li>\n<\/ul>\n<p>&nbsp;<\/p>\n<p><strong>Contenu de l'emballage :<\/strong><\/p>\n<ul>\n<li>Partie masque de visage<\/li>\n<li>Paire de pi\u00e8ces de rechange pour le bras du canon Blaster<\/li>\n<li>Paire d'\u00e9l\u00e9ments de main pour le blaster<\/li>\n<li>Partie alternative de la main du blaster<\/li>\n<li>Pi\u00e8ce de rechange pour le bras du canon blaster<\/li>\n<li>Paire de pi\u00e8ces d'armes \u00e0 feu<\/li>\n<li>Deux armes pour Core Arcee<\/li>\n<li>Lames doubles pour SS-100 Bumblebee<\/li>\n<li>T\u00eate alternative de Wheeljack<\/li>\n<\/ul>\n<p><em>Note : Toutes les figurines pr\u00e9sent\u00e9es sont vendues s\u00e9par\u00e9ment.<\/em><\/p>","protected":false},"featured_media":195014,"comment_status":"open","ping_status":"closed","template":"","meta":{"inline_featured_image":false},"product_brand":[],"product_cat":[78],"product_tag":[2474,274,665,224,2478,276,2473,423,2480,2481,2479,1975,204,1994,2227,2354,2288],"giftcard-category":[],"class_list":{"0":"post-194985","1":"product","2":"type-product","3":"status-publish","4":"has-post-thumbnail","6":"product_cat-dna-design","7":"product_tag-accessory-series","8":"product_tag-add-ons","9":"product_tag-arcee","10":"product_tag-bumblebee","11":"product_tag-dk-53","12":"product_tag-dna-design","13":"product_tag-gear-master","14":"product_tag-mirage","15":"product_tag-ss100","16":"product_tag-ss105","17":"product_tag-ss108","18":"product_tag-toys-figures","19":"product_tag-transformers","20":"product_tag-transformers-studio-series","21":"product_tag-transformers-rise-of-the-beasts","22":"product_tag-upgrade-kits","23":"product_tag-wheeljack","24":"product_shipping_class-from-china","25":"inventories-china-inventory","27":"first","28":"instock","29":"taxable","30":"shipping-taxable","31":"purchasable","32":"product-type-simple","33":"add-to-wishlist-after_add_to_cart"},"yoast_head":"<!-- This site is optimized with the Yoast SEO Premium plugin v25.3.1 (Yoast SEO v27.2) - https:\/\/yoast.com\/product\/yoast-seo-premium-wordpress\/ -->\n<title>DNA Design - DK-53 GEAR MASTER Accessory Series for SS-100, SS-105, SS-108<\/title>\n<meta name=\"robots\" content=\"index, follow, max-snippet:-1, max-image-preview:large, max-video-preview:-1\" \/>\n<link rel=\"canonical\" href=\"https:\/\/hobby4geek.com\/fr\/produit\/dna-design-dk-53-gear-master-accessory-series\/\" \/>\n<meta property=\"og:locale\" content=\"fr_FR\" \/>\n<meta property=\"og:type\" content=\"article\" \/>\n<meta property=\"og:title\" content=\"DNA Design - DK-53 GEAR MASTER Accessory Series for SS-100, SS-105, SS-108\" \/>\n<meta property=\"og:description\" content=\"Compatible with SS-100, SS-105, SS-108 &amp; Core Arcee  An array of accessories and weapons for customizing  &nbsp;  Packaging Contents:   Face mask part  Pair of Blaster cannon arm alternate parts  Pair of Blaster wielding hand parts  Alternate blaster hand part  Alternate blaster cannon arm part  Pair of gun parts  Dual Guns for Core Arcee  Dual Blades for SS-100 Bumblebee  Alternate Wheeljack head  Note: All figures shown sold separately.\" \/>\n<meta property=\"og:url\" content=\"https:\/\/hobby4geek.com\/fr\/produit\/dna-design-dk-53-gear-master-accessory-series\/\" \/>\n<meta property=\"og:site_name\" content=\"Hobby4Geek\" \/>\n<meta property=\"article:publisher\" content=\"https:\/\/www.facebook.com\/hobby4geek\" \/>\n<meta property=\"article:modified_time\" content=\"2025-07-24T23:14:09+00:00\" \/>\n<meta property=\"og:image\" content=\"https:\/\/hobby4geek.com\/wp-content\/uploads\/2024\/04\/dna-design-dk-53-gear-master-accessory-series-for-ss-100-ss-105-ss-108-3.jpg\" \/>\n\t<meta property=\"og:image:width\" content=\"635\" \/>\n\t<meta property=\"og:image:height\" content=\"1018\" \/>\n\t<meta property=\"og:image:type\" content=\"image\/jpeg\" \/>\n<meta name=\"twitter:card\" content=\"summary_large_image\" \/>\n<meta name=\"twitter:site\" content=\"@hobby4geek\" \/>\n<script type=\"application\/ld+json\" class=\"yoast-schema-graph\">{\"@context\":\"https:\/\/schema.org\",\"@graph\":[{\"@type\":\"WebPage\",\"@id\":\"https:\/\/hobby4geek.com\/product\/dna-design-dk-53-gear-master-accessory-series\/\",\"url\":\"https:\/\/hobby4geek.com\/product\/dna-design-dk-53-gear-master-accessory-series\/\",\"name\":\"DNA Design - DK-53 GEAR MASTER Accessory Series for SS-100, SS-105, SS-108\",\"isPartOf\":{\"@id\":\"https:\/\/hobby4geek.com\/#website\"},\"primaryImageOfPage\":{\"@id\":\"https:\/\/hobby4geek.com\/product\/dna-design-dk-53-gear-master-accessory-series\/#primaryimage\"},\"image\":{\"@id\":\"https:\/\/hobby4geek.com\/product\/dna-design-dk-53-gear-master-accessory-series\/#primaryimage\"},\"thumbnailUrl\":\"https:\/\/hobby4geek.com\/wp-content\/uploads\/2024\/04\/dna-design-dk-53-gear-master-accessory-series-for-ss-100-ss-105-ss-108-3.jpg\",\"datePublished\":\"2024-04-11T08:18:04+00:00\",\"dateModified\":\"2025-07-24T23:14:09+00:00\",\"breadcrumb\":{\"@id\":\"https:\/\/hobby4geek.com\/product\/dna-design-dk-53-gear-master-accessory-series\/#breadcrumb\"},\"inLanguage\":\"fr-FR\",\"potentialAction\":[{\"@type\":\"ReadAction\",\"target\":[\"https:\/\/hobby4geek.com\/product\/dna-design-dk-53-gear-master-accessory-series\/\"]}]},{\"@type\":\"ImageObject\",\"inLanguage\":\"fr-FR\",\"@id\":\"https:\/\/hobby4geek.com\/product\/dna-design-dk-53-gear-master-accessory-series\/#primaryimage\",\"url\":\"https:\/\/hobby4geek.com\/wp-content\/uploads\/2024\/04\/dna-design-dk-53-gear-master-accessory-series-for-ss-100-ss-105-ss-108-3.jpg\",\"contentUrl\":\"https:\/\/hobby4geek.com\/wp-content\/uploads\/2024\/04\/dna-design-dk-53-gear-master-accessory-series-for-ss-100-ss-105-ss-108-3.jpg\",\"width\":635,\"height\":1018,\"caption\":\"Dna Design Dk 53 Gear Master Accessory Series For Ss 100 Ss 105 Ss 108 3\"},{\"@type\":\"BreadcrumbList\",\"@id\":\"https:\/\/hobby4geek.com\/product\/dna-design-dk-53-gear-master-accessory-series\/#breadcrumb\",\"itemListElement\":[{\"@type\":\"ListItem\",\"position\":1,\"name\":\"Home\",\"item\":\"https:\/\/hobby4geek.com\/\"},{\"@type\":\"ListItem\",\"position\":2,\"name\":\"Shop\",\"item\":\"https:\/\/hobby4geek.com\/shop\/\"},{\"@type\":\"ListItem\",\"position\":3,\"name\":\"DNA Design &#8211; DK-53 GEAR MASTER Accessory Series for SS-100, SS-105, SS-108\"}]},{\"@type\":\"WebSite\",\"@id\":\"https:\/\/hobby4geek.com\/#website\",\"url\":\"https:\/\/hobby4geek.com\/\",\"name\":\"Hobby4Geek\",\"description\":\"Collect, Play &amp; Showcase, Embrace your Geekiness\",\"publisher\":{\"@id\":\"https:\/\/hobby4geek.com\/#organization\"},\"potentialAction\":[{\"@type\":\"SearchAction\",\"target\":{\"@type\":\"EntryPoint\",\"urlTemplate\":\"https:\/\/hobby4geek.com\/?s={search_term_string}\"},\"query-input\":{\"@type\":\"PropertyValueSpecification\",\"valueRequired\":true,\"valueName\":\"search_term_string\"}}],\"inLanguage\":\"fr-FR\"},{\"@type\":\"Organization\",\"@id\":\"https:\/\/hobby4geek.com\/#organization\",\"name\":\"Hobby4Geek\",\"url\":\"https:\/\/hobby4geek.com\/\",\"logo\":{\"@type\":\"ImageObject\",\"inLanguage\":\"fr-FR\",\"@id\":\"https:\/\/hobby4geek.com\/#\/schema\/logo\/image\/\",\"url\":\"https:\/\/hobby4geek.com\/wp-content\/uploads\/2023\/02\/default-kit.png\",\"contentUrl\":\"https:\/\/hobby4geek.com\/wp-content\/uploads\/2023\/02\/default-kit.png\",\"width\":600,\"height\":600,\"caption\":\"Hobby4Geek\"},\"image\":{\"@id\":\"https:\/\/hobby4geek.com\/#\/schema\/logo\/image\/\"},\"sameAs\":[\"https:\/\/www.facebook.com\/hobby4geek\",\"https:\/\/x.com\/hobby4geek\",\"https:\/\/www.instagram.com\/hobby4geek\/\"]}]}<\/script>\n<meta property=\"product:brand\" content=\"DNA Design\" \/>\n<meta property=\"product:price:amount\" content=\"46.80\" \/>\n<meta property=\"product:price:currency\" content=\"EUR\" \/>\n<meta property=\"og:availability\" content=\"instock\" \/>\n<meta property=\"product:availability\" content=\"instock\" \/>\n<meta property=\"product:condition\" content=\"new\" \/>\n<!-- \/ Yoast SEO Premium plugin. -->","yoast_head_json":{"title":"DNA Design - DK-53 GEAR MASTER S\u00e9rie d'accessoires pour SS-100, SS-105, SS-108","robots":{"index":"index","follow":"follow","max-snippet":"max-snippet:-1","max-image-preview":"max-image-preview:large","max-video-preview":"max-video-preview:-1"},"canonical":"https:\/\/hobby4geek.com\/fr\/produit\/dna-design-dk-53-gear-master-accessory-series\/","og_locale":"fr_FR","og_type":"article","og_title":"DNA Design - DK-53 GEAR MASTER Accessory Series for SS-100, SS-105, SS-108","og_description":"Compatible with SS-100, SS-105, SS-108 &amp; Core Arcee  An array of accessories and weapons for customizing  &nbsp;  Packaging Contents:   Face mask part  Pair of Blaster cannon arm alternate parts  Pair of Blaster wielding hand parts  Alternate blaster hand part  Alternate blaster cannon arm part  Pair of gun parts  Dual Guns for Core Arcee  Dual Blades for SS-100 Bumblebee  Alternate Wheeljack head  Note: All figures shown sold separately.","og_url":"https:\/\/hobby4geek.com\/fr\/produit\/dna-design-dk-53-gear-master-accessory-series\/","og_site_name":"Hobby4Geek","article_publisher":"https:\/\/www.facebook.com\/hobby4geek","article_modified_time":"2025-07-24T23:14:09+00:00","og_image":[{"width":635,"height":1018,"url":"https:\/\/hobby4geek.com\/wp-content\/uploads\/2024\/04\/dna-design-dk-53-gear-master-accessory-series-for-ss-100-ss-105-ss-108-3.jpg","type":"image\/jpeg"}],"twitter_card":"summary_large_image","twitter_site":"@hobby4geek","schema":{"@context":"https:\/\/schema.org","@graph":[{"@type":"WebPage","@id":"https:\/\/hobby4geek.com\/product\/dna-design-dk-53-gear-master-accessory-series\/","url":"https:\/\/hobby4geek.com\/product\/dna-design-dk-53-gear-master-accessory-series\/","name":"DNA Design - DK-53 GEAR MASTER S\u00e9rie d'accessoires pour SS-100, SS-105, SS-108","isPartOf":{"@id":"https:\/\/hobby4geek.com\/#website"},"primaryImageOfPage":{"@id":"https:\/\/hobby4geek.com\/product\/dna-design-dk-53-gear-master-accessory-series\/#primaryimage"},"image":{"@id":"https:\/\/hobby4geek.com\/product\/dna-design-dk-53-gear-master-accessory-series\/#primaryimage"},"thumbnailUrl":"https:\/\/hobby4geek.com\/wp-content\/uploads\/2024\/04\/dna-design-dk-53-gear-master-accessory-series-for-ss-100-ss-105-ss-108-3.jpg","datePublished":"2024-04-11T08:18:04+00:00","dateModified":"2025-07-24T23:14:09+00:00","breadcrumb":{"@id":"https:\/\/hobby4geek.com\/product\/dna-design-dk-53-gear-master-accessory-series\/#breadcrumb"},"inLanguage":"fr-FR","potentialAction":[{"@type":"ReadAction","target":["https:\/\/hobby4geek.com\/product\/dna-design-dk-53-gear-master-accessory-series\/"]}]},{"@type":"ImageObject","inLanguage":"fr-FR","@id":"https:\/\/hobby4geek.com\/product\/dna-design-dk-53-gear-master-accessory-series\/#primaryimage","url":"https:\/\/hobby4geek.com\/wp-content\/uploads\/2024\/04\/dna-design-dk-53-gear-master-accessory-series-for-ss-100-ss-105-ss-108-3.jpg","contentUrl":"https:\/\/hobby4geek.com\/wp-content\/uploads\/2024\/04\/dna-design-dk-53-gear-master-accessory-series-for-ss-100-ss-105-ss-108-3.jpg","width":635,"height":1018,"caption":"Dna Design Dk 53 Gear Master Accessory Series For Ss 100 Ss 105 Ss 108 3"},{"@type":"BreadcrumbList","@id":"https:\/\/hobby4geek.com\/product\/dna-design-dk-53-gear-master-accessory-series\/#breadcrumb","itemListElement":[{"@type":"ListItem","position":1,"name":"Home","item":"https:\/\/hobby4geek.com\/"},{"@type":"ListItem","position":2,"name":"Shop","item":"https:\/\/hobby4geek.com\/shop\/"},{"@type":"ListItem","position":3,"name":"DNA Design &#8211; DK-53 GEAR MASTER Accessory Series for SS-100, SS-105, SS-108"}]},{"@type":"WebSite","@id":"https:\/\/hobby4geek.com\/#website","url":"https:\/\/hobby4geek.com\/","name":"Hobby4Geek","description":"Collectionnez, jouez et exposez, embrassez votre geekitude","publisher":{"@id":"https:\/\/hobby4geek.com\/#organization"},"potentialAction":[{"@type":"SearchAction","target":{"@type":"EntryPoint","urlTemplate":"https:\/\/hobby4geek.com\/?s={search_term_string}"},"query-input":{"@type":"PropertyValueSpecification","valueRequired":true,"valueName":"search_term_string"}}],"inLanguage":"fr-FR"},{"@type":"Organization","@id":"https:\/\/hobby4geek.com\/#organization","name":"Hobby4Geek","url":"https:\/\/hobby4geek.com\/","logo":{"@type":"ImageObject","inLanguage":"fr-FR","@id":"https:\/\/hobby4geek.com\/#\/schema\/logo\/image\/","url":"https:\/\/hobby4geek.com\/wp-content\/uploads\/2023\/02\/default-kit.png","contentUrl":"https:\/\/hobby4geek.com\/wp-content\/uploads\/2023\/02\/default-kit.png","width":600,"height":600,"caption":"Hobby4Geek"},"image":{"@id":"https:\/\/hobby4geek.com\/#\/schema\/logo\/image\/"},"sameAs":["https:\/\/www.facebook.com\/hobby4geek","https:\/\/x.com\/hobby4geek","https:\/\/www.instagram.com\/hobby4geek\/"]}]},"product_brand":"DNA Design","product_price_amount":"46.80","product_price_currency":"EUR","og_availability":"instock","product_availability":"instock","product_condition":"new"},"_links":{"self":[{"href":"https:\/\/hobby4geek.com\/fr\/wp-json\/wp\/v2\/product\/194985","targetHints":{"allow":["GET"]}}],"collection":[{"href":"https:\/\/hobby4geek.com\/fr\/wp-json\/wp\/v2\/product"}],"about":[{"href":"https:\/\/hobby4geek.com\/fr\/wp-json\/wp\/v2\/types\/product"}],"replies":[{"embeddable":true,"href":"https:\/\/hobby4geek.com\/fr\/wp-json\/wp\/v2\/comments?post=194985"}],"version-history":[{"count":0,"href":"https:\/\/hobby4geek.com\/fr\/wp-json\/wp\/v2\/product\/194985\/revisions"}],"wp:featuredmedia":[{"embeddable":true,"href":"https:\/\/hobby4geek.com\/fr\/wp-json\/wp\/v2\/media\/195014"}],"wp:attachment":[{"href":"https:\/\/hobby4geek.com\/fr\/wp-json\/wp\/v2\/media?parent=194985"}],"wp:term":[{"taxonomy":"product_brand","embeddable":true,"href":"https:\/\/hobby4geek.com\/fr\/wp-json\/wp\/v2\/product_brand?post=194985"},{"taxonomy":"product_cat","embeddable":true,"href":"https:\/\/hobby4geek.com\/fr\/wp-json\/wp\/v2\/product_cat?post=194985"},{"taxonomy":"product_tag","embeddable":true,"href":"https:\/\/hobby4geek.com\/fr\/wp-json\/wp\/v2\/product_tag?post=194985"},{"taxonomy":"giftcard-category","embeddable":true,"href":"https:\/\/hobby4geek.com\/fr\/wp-json\/wp\/v2\/giftcard-category?post=194985"}],"curies":[{"name":"wp","href":"https:\/\/api.w.org\/{rel}","templated":true}]}}