{"id":194945,"date":"2024-04-11T08:39:40","date_gmt":"2024-04-11T07:39:40","guid":{"rendered":"https:\/\/hobby4geek.com\/?post_type=product&#038;p=194945"},"modified":"2025-07-25T00:14:10","modified_gmt":"2025-07-24T23:14:10","slug":"dna-design-dk-52-gear-master-accessory-series","status":"publish","type":"product","link":"https:\/\/hobby4geek.com\/fr\/produit\/dna-design-dk-52-gear-master-accessory-series\/","title":{"rendered":"DNA Design - DK-52 GEAR MASTER S\u00e9rie d'accessoires pour SS-98 &amp; SS-103"},"content":{"rendered":"<div class=\"x11i5rnm xat24cr x1mh8g0r x1vvkbs xtlvy1s x126k92a\">\n<div dir=\"auto\">\n<p>DK-52, a \u00e9t\u00e9 m\u00e9ticuleusement con\u00e7u pour que les personnages SS-98 Cheetor et SS-103 Rhinox du film se retrouvent directement dans l'exposition de votre collection. DNA Design a veill\u00e9 \u00e0 ce que SS-98 Cheetor conserve une grande ressemblance avec la version du film, en gardant des proportions similaires. De plus, DNA Design a con\u00e7u un nouveau marteau pour SS-103 RHINOX, avec un stockage d'armes int\u00e9gr\u00e9 pour am\u00e9liorer le physique du mode animal. Cette s\u00e9rie est faite pour satisfaire tous les passionn\u00e9s !<\/p>\n<\/div>\n<\/div>\n<div class=\"x11i5rnm xat24cr x1mh8g0r x1vvkbs xtlvy1s x126k92a\">\n<div dir=\"auto\">DNA Design a innov\u00e9 un syst\u00e8me de stockage d'armes unique pour compl\u00e9ter ce chef-d'\u0153uvre, dans le but de capturer le c\u0153ur de chaque collectionneur.<\/div>\n<\/div>\n<div class=\"x11i5rnm xat24cr x1mh8g0r x1vvkbs xtlvy1s x126k92a\">\n<div dir=\"auto\">Restez \u00e0 l'\u00e9coute pour plus de mises \u00e0 jour et de d\u00e9tails sur cette sortie extraordinaire !<\/div>\n<\/div>","protected":false},"excerpt":{"rendered":"<ul>\n<li>Compatible avec SS-98 et SS-103<\/li>\n<li>Un \u00e9ventail d'accessoires et d'armes \u00e0 personnaliser<\/li>\n<li>Les figurines sont vendues s\u00e9par\u00e9ment<\/li>\n<li>En plastique<\/li>\n<\/ul>\n<p>&nbsp;<\/p>\n<p><strong>Contenu de l'emballage :<\/strong><\/p>\n<ul>\n<li>2 parties de l'hologramme<\/li>\n<li>2 parties de la main<\/li>\n<li>2 Parties du pied<\/li>\n<li>Marteau<\/li>\n<li>Partie commune<\/li>\n<\/ul>\n<p>Note : Toutes les figurines pr\u00e9sent\u00e9es sont vendues s\u00e9par\u00e9ment.<\/p>","protected":false},"featured_media":194959,"comment_status":"open","ping_status":"closed","template":"","meta":{"inline_featured_image":false},"product_brand":[],"product_cat":[78],"product_tag":[2474,274,565,2475,276,2473,2173,2477,2476,1975,204,1994,2354],"giftcard-category":[],"class_list":{"0":"post-194945","1":"product","2":"type-product","3":"status-publish","4":"has-post-thumbnail","6":"product_cat-dna-design","7":"product_tag-accessory-series","8":"product_tag-add-ons","9":"product_tag-cheetor","10":"product_tag-dk-52","11":"product_tag-dna-design","12":"product_tag-gear-master","13":"product_tag-rhinox","14":"product_tag-ss103","15":"product_tag-ss98","16":"product_tag-toys-figures","17":"product_tag-transformers","18":"product_tag-transformers-studio-series","19":"product_tag-upgrade-kits","20":"product_shipping_class-from-china","21":"inventories-china-inventory","23":"first","24":"instock","25":"taxable","26":"shipping-taxable","27":"purchasable","28":"product-type-simple","29":"add-to-wishlist-after_add_to_cart"},"yoast_head":"<!-- This site is optimized with the Yoast SEO Premium plugin v25.3.1 (Yoast SEO v27.2) - https:\/\/yoast.com\/product\/yoast-seo-premium-wordpress\/ -->\n<title>DNA Design - DK-52 GEAR MASTER Accessory Series for SS-98 &amp; SS-103<\/title>\n<meta name=\"robots\" content=\"index, follow, max-snippet:-1, max-image-preview:large, max-video-preview:-1\" \/>\n<link rel=\"canonical\" href=\"https:\/\/hobby4geek.com\/fr\/produit\/dna-design-dk-52-gear-master-accessory-series\/\" \/>\n<meta property=\"og:locale\" content=\"fr_FR\" \/>\n<meta property=\"og:type\" content=\"article\" \/>\n<meta property=\"og:title\" content=\"DNA Design - DK-52 GEAR MASTER Accessory Series for SS-98 &amp; SS-103\" \/>\n<meta property=\"og:description\" content=\"Compatible with SS-98 &amp; SS-103  An array of accessories and weapons for customizing  Figures sold separately  Made of plastic  &nbsp;  Packaging Contents:   2 Hologram parts  2 Hand parts  2 Foot parts  Hammer  Joint Part  Note: All figures shown sold separately.\" \/>\n<meta property=\"og:url\" content=\"https:\/\/hobby4geek.com\/fr\/produit\/dna-design-dk-52-gear-master-accessory-series\/\" \/>\n<meta property=\"og:site_name\" content=\"Hobby4Geek\" \/>\n<meta property=\"article:publisher\" content=\"https:\/\/www.facebook.com\/hobby4geek\" \/>\n<meta property=\"article:modified_time\" content=\"2025-07-24T23:14:10+00:00\" \/>\n<meta property=\"og:image\" content=\"https:\/\/hobby4geek.com\/wp-content\/uploads\/2024\/04\/dna-design-dk-52-gear-master-accessory-series-for-ss-98-ss-103-7.jpg\" \/>\n\t<meta property=\"og:image:width\" content=\"1145\" \/>\n\t<meta property=\"og:image:height\" content=\"1018\" \/>\n\t<meta property=\"og:image:type\" content=\"image\/jpeg\" \/>\n<meta name=\"twitter:card\" content=\"summary_large_image\" \/>\n<meta name=\"twitter:site\" content=\"@hobby4geek\" \/>\n<script type=\"application\/ld+json\" class=\"yoast-schema-graph\">{\"@context\":\"https:\/\/schema.org\",\"@graph\":[{\"@type\":\"WebPage\",\"@id\":\"https:\/\/hobby4geek.com\/product\/dna-design-dk-52-gear-master-accessory-series\/\",\"url\":\"https:\/\/hobby4geek.com\/product\/dna-design-dk-52-gear-master-accessory-series\/\",\"name\":\"DNA Design - DK-52 GEAR MASTER Accessory Series for SS-98 & SS-103\",\"isPartOf\":{\"@id\":\"https:\/\/hobby4geek.com\/#website\"},\"primaryImageOfPage\":{\"@id\":\"https:\/\/hobby4geek.com\/product\/dna-design-dk-52-gear-master-accessory-series\/#primaryimage\"},\"image\":{\"@id\":\"https:\/\/hobby4geek.com\/product\/dna-design-dk-52-gear-master-accessory-series\/#primaryimage\"},\"thumbnailUrl\":\"https:\/\/hobby4geek.com\/wp-content\/uploads\/2024\/04\/dna-design-dk-52-gear-master-accessory-series-for-ss-98-ss-103-7.jpg\",\"datePublished\":\"2024-04-11T07:39:40+00:00\",\"dateModified\":\"2025-07-24T23:14:10+00:00\",\"breadcrumb\":{\"@id\":\"https:\/\/hobby4geek.com\/product\/dna-design-dk-52-gear-master-accessory-series\/#breadcrumb\"},\"inLanguage\":\"fr-FR\",\"potentialAction\":[{\"@type\":\"ReadAction\",\"target\":[\"https:\/\/hobby4geek.com\/product\/dna-design-dk-52-gear-master-accessory-series\/\"]}]},{\"@type\":\"ImageObject\",\"inLanguage\":\"fr-FR\",\"@id\":\"https:\/\/hobby4geek.com\/product\/dna-design-dk-52-gear-master-accessory-series\/#primaryimage\",\"url\":\"https:\/\/hobby4geek.com\/wp-content\/uploads\/2024\/04\/dna-design-dk-52-gear-master-accessory-series-for-ss-98-ss-103-7.jpg\",\"contentUrl\":\"https:\/\/hobby4geek.com\/wp-content\/uploads\/2024\/04\/dna-design-dk-52-gear-master-accessory-series-for-ss-98-ss-103-7.jpg\",\"width\":1145,\"height\":1018,\"caption\":\"Dna Design Dk 52 Gear Master Accessory Series For Ss 98 Ss 103 7\"},{\"@type\":\"BreadcrumbList\",\"@id\":\"https:\/\/hobby4geek.com\/product\/dna-design-dk-52-gear-master-accessory-series\/#breadcrumb\",\"itemListElement\":[{\"@type\":\"ListItem\",\"position\":1,\"name\":\"Home\",\"item\":\"https:\/\/hobby4geek.com\/\"},{\"@type\":\"ListItem\",\"position\":2,\"name\":\"Shop\",\"item\":\"https:\/\/hobby4geek.com\/shop\/\"},{\"@type\":\"ListItem\",\"position\":3,\"name\":\"DNA Design &#8211; DK-52 GEAR MASTER Accessory Series for SS-98 &#038; SS-103\"}]},{\"@type\":\"WebSite\",\"@id\":\"https:\/\/hobby4geek.com\/#website\",\"url\":\"https:\/\/hobby4geek.com\/\",\"name\":\"Hobby4Geek\",\"description\":\"Collect, Play &amp; Showcase, Embrace your Geekiness\",\"publisher\":{\"@id\":\"https:\/\/hobby4geek.com\/#organization\"},\"potentialAction\":[{\"@type\":\"SearchAction\",\"target\":{\"@type\":\"EntryPoint\",\"urlTemplate\":\"https:\/\/hobby4geek.com\/?s={search_term_string}\"},\"query-input\":{\"@type\":\"PropertyValueSpecification\",\"valueRequired\":true,\"valueName\":\"search_term_string\"}}],\"inLanguage\":\"fr-FR\"},{\"@type\":\"Organization\",\"@id\":\"https:\/\/hobby4geek.com\/#organization\",\"name\":\"Hobby4Geek\",\"url\":\"https:\/\/hobby4geek.com\/\",\"logo\":{\"@type\":\"ImageObject\",\"inLanguage\":\"fr-FR\",\"@id\":\"https:\/\/hobby4geek.com\/#\/schema\/logo\/image\/\",\"url\":\"https:\/\/hobby4geek.com\/wp-content\/uploads\/2023\/02\/default-kit.png\",\"contentUrl\":\"https:\/\/hobby4geek.com\/wp-content\/uploads\/2023\/02\/default-kit.png\",\"width\":600,\"height\":600,\"caption\":\"Hobby4Geek\"},\"image\":{\"@id\":\"https:\/\/hobby4geek.com\/#\/schema\/logo\/image\/\"},\"sameAs\":[\"https:\/\/www.facebook.com\/hobby4geek\",\"https:\/\/x.com\/hobby4geek\",\"https:\/\/www.instagram.com\/hobby4geek\/\"]}]}<\/script>\n<meta property=\"product:brand\" content=\"DNA Design\" \/>\n<meta property=\"product:price:amount\" content=\"46.80\" \/>\n<meta property=\"product:price:currency\" content=\"EUR\" \/>\n<meta property=\"og:availability\" content=\"instock\" \/>\n<meta property=\"product:availability\" content=\"instock\" \/>\n<meta property=\"product:condition\" content=\"new\" \/>\n<!-- \/ Yoast SEO Premium plugin. -->","yoast_head_json":{"title":"DNA Design - DK-52 GEAR MASTER S\u00e9rie d'accessoires pour SS-98 &amp; SS-103","robots":{"index":"index","follow":"follow","max-snippet":"max-snippet:-1","max-image-preview":"max-image-preview:large","max-video-preview":"max-video-preview:-1"},"canonical":"https:\/\/hobby4geek.com\/fr\/produit\/dna-design-dk-52-gear-master-accessory-series\/","og_locale":"fr_FR","og_type":"article","og_title":"DNA Design - DK-52 GEAR MASTER Accessory Series for SS-98 & SS-103","og_description":"Compatible with SS-98 &amp; SS-103  An array of accessories and weapons for customizing  Figures sold separately  Made of plastic  &nbsp;  Packaging Contents:   2 Hologram parts  2 Hand parts  2 Foot parts  Hammer  Joint Part  Note: All figures shown sold separately.","og_url":"https:\/\/hobby4geek.com\/fr\/produit\/dna-design-dk-52-gear-master-accessory-series\/","og_site_name":"Hobby4Geek","article_publisher":"https:\/\/www.facebook.com\/hobby4geek","article_modified_time":"2025-07-24T23:14:10+00:00","og_image":[{"width":1145,"height":1018,"url":"https:\/\/hobby4geek.com\/wp-content\/uploads\/2024\/04\/dna-design-dk-52-gear-master-accessory-series-for-ss-98-ss-103-7.jpg","type":"image\/jpeg"}],"twitter_card":"summary_large_image","twitter_site":"@hobby4geek","schema":{"@context":"https:\/\/schema.org","@graph":[{"@type":"WebPage","@id":"https:\/\/hobby4geek.com\/product\/dna-design-dk-52-gear-master-accessory-series\/","url":"https:\/\/hobby4geek.com\/product\/dna-design-dk-52-gear-master-accessory-series\/","name":"DNA Design - DK-52 GEAR MASTER S\u00e9rie d'accessoires pour SS-98 &amp; SS-103","isPartOf":{"@id":"https:\/\/hobby4geek.com\/#website"},"primaryImageOfPage":{"@id":"https:\/\/hobby4geek.com\/product\/dna-design-dk-52-gear-master-accessory-series\/#primaryimage"},"image":{"@id":"https:\/\/hobby4geek.com\/product\/dna-design-dk-52-gear-master-accessory-series\/#primaryimage"},"thumbnailUrl":"https:\/\/hobby4geek.com\/wp-content\/uploads\/2024\/04\/dna-design-dk-52-gear-master-accessory-series-for-ss-98-ss-103-7.jpg","datePublished":"2024-04-11T07:39:40+00:00","dateModified":"2025-07-24T23:14:10+00:00","breadcrumb":{"@id":"https:\/\/hobby4geek.com\/product\/dna-design-dk-52-gear-master-accessory-series\/#breadcrumb"},"inLanguage":"fr-FR","potentialAction":[{"@type":"ReadAction","target":["https:\/\/hobby4geek.com\/product\/dna-design-dk-52-gear-master-accessory-series\/"]}]},{"@type":"ImageObject","inLanguage":"fr-FR","@id":"https:\/\/hobby4geek.com\/product\/dna-design-dk-52-gear-master-accessory-series\/#primaryimage","url":"https:\/\/hobby4geek.com\/wp-content\/uploads\/2024\/04\/dna-design-dk-52-gear-master-accessory-series-for-ss-98-ss-103-7.jpg","contentUrl":"https:\/\/hobby4geek.com\/wp-content\/uploads\/2024\/04\/dna-design-dk-52-gear-master-accessory-series-for-ss-98-ss-103-7.jpg","width":1145,"height":1018,"caption":"Dna Design Dk 52 Gear Master Accessory Series For Ss 98 Ss 103 7"},{"@type":"BreadcrumbList","@id":"https:\/\/hobby4geek.com\/product\/dna-design-dk-52-gear-master-accessory-series\/#breadcrumb","itemListElement":[{"@type":"ListItem","position":1,"name":"Home","item":"https:\/\/hobby4geek.com\/"},{"@type":"ListItem","position":2,"name":"Shop","item":"https:\/\/hobby4geek.com\/shop\/"},{"@type":"ListItem","position":3,"name":"DNA Design &#8211; DK-52 GEAR MASTER Accessory Series for SS-98 &#038; SS-103"}]},{"@type":"WebSite","@id":"https:\/\/hobby4geek.com\/#website","url":"https:\/\/hobby4geek.com\/","name":"Hobby4Geek","description":"Collectionnez, jouez et exposez, embrassez votre geekitude","publisher":{"@id":"https:\/\/hobby4geek.com\/#organization"},"potentialAction":[{"@type":"SearchAction","target":{"@type":"EntryPoint","urlTemplate":"https:\/\/hobby4geek.com\/?s={search_term_string}"},"query-input":{"@type":"PropertyValueSpecification","valueRequired":true,"valueName":"search_term_string"}}],"inLanguage":"fr-FR"},{"@type":"Organization","@id":"https:\/\/hobby4geek.com\/#organization","name":"Hobby4Geek","url":"https:\/\/hobby4geek.com\/","logo":{"@type":"ImageObject","inLanguage":"fr-FR","@id":"https:\/\/hobby4geek.com\/#\/schema\/logo\/image\/","url":"https:\/\/hobby4geek.com\/wp-content\/uploads\/2023\/02\/default-kit.png","contentUrl":"https:\/\/hobby4geek.com\/wp-content\/uploads\/2023\/02\/default-kit.png","width":600,"height":600,"caption":"Hobby4Geek"},"image":{"@id":"https:\/\/hobby4geek.com\/#\/schema\/logo\/image\/"},"sameAs":["https:\/\/www.facebook.com\/hobby4geek","https:\/\/x.com\/hobby4geek","https:\/\/www.instagram.com\/hobby4geek\/"]}]},"product_brand":"DNA Design","product_price_amount":"46.80","product_price_currency":"EUR","og_availability":"instock","product_availability":"instock","product_condition":"new"},"_links":{"self":[{"href":"https:\/\/hobby4geek.com\/fr\/wp-json\/wp\/v2\/product\/194945","targetHints":{"allow":["GET"]}}],"collection":[{"href":"https:\/\/hobby4geek.com\/fr\/wp-json\/wp\/v2\/product"}],"about":[{"href":"https:\/\/hobby4geek.com\/fr\/wp-json\/wp\/v2\/types\/product"}],"replies":[{"embeddable":true,"href":"https:\/\/hobby4geek.com\/fr\/wp-json\/wp\/v2\/comments?post=194945"}],"version-history":[{"count":0,"href":"https:\/\/hobby4geek.com\/fr\/wp-json\/wp\/v2\/product\/194945\/revisions"}],"wp:featuredmedia":[{"embeddable":true,"href":"https:\/\/hobby4geek.com\/fr\/wp-json\/wp\/v2\/media\/194959"}],"wp:attachment":[{"href":"https:\/\/hobby4geek.com\/fr\/wp-json\/wp\/v2\/media?parent=194945"}],"wp:term":[{"taxonomy":"product_brand","embeddable":true,"href":"https:\/\/hobby4geek.com\/fr\/wp-json\/wp\/v2\/product_brand?post=194945"},{"taxonomy":"product_cat","embeddable":true,"href":"https:\/\/hobby4geek.com\/fr\/wp-json\/wp\/v2\/product_cat?post=194945"},{"taxonomy":"product_tag","embeddable":true,"href":"https:\/\/hobby4geek.com\/fr\/wp-json\/wp\/v2\/product_tag?post=194945"},{"taxonomy":"giftcard-category","embeddable":true,"href":"https:\/\/hobby4geek.com\/fr\/wp-json\/wp\/v2\/giftcard-category?post=194945"}],"curies":[{"name":"wp","href":"https:\/\/api.w.org\/{rel}","templated":true}]}}