{"id":194840,"date":"2024-04-28T17:36:01","date_gmt":"2024-04-28T16:36:01","guid":{"rendered":"https:\/\/hobby4geek.com\/?post_type=product&#038;p=194840"},"modified":"2024-10-26T17:23:29","modified_gmt":"2024-10-26T16:23:29","slug":"transformers-bumblebee-studio-series-111-concept-art-sunstreaker","status":"publish","type":"product","link":"https:\/\/hobby4geek.com\/fr\/produit\/transformers-bumblebee-studio-series-111-concept-art-sunstreaker\/","title":{"rendered":"Transformers : Bumblebee - Studio Series 111 - Concept Art Sunstreaker"},"content":{"rendered":"<p>Faites entrer l'action \u00e9pique des films Transformers du grand \u00e9cran dans votre collection avec la figurine Transformers Studio Series Deluxe Class Concept Art Sunstreaker, inspir\u00e9e par le concept art de Transformers : Bumblebee ! Les jouets Transformers Studio Series sont des figurines \u00e0 collectionner qui comportent des d\u00e9tails et des accessoires inspir\u00e9s des films. Convertissez la figurine Studio Series Transformers du mode robot au mode voiture de sport Cybertronien en 19 \u00e9tapes. Pose la figurine Concept Art Sunstreaker dans la sc\u00e8ne de fond amovible Cybertron Falls incluse. Cherche d'autres figurines \u00e0 collectionner Transformers Studio Series pour cr\u00e9er une collection inspir\u00e9e du film (chaque figurine est vendue s\u00e9par\u00e9ment, sous r\u00e9serve de disponibilit\u00e9) !<\/p>\n<p>Comprend une figurine, 2 accessoires, une toile de fond amovible et des instructions.<\/p>\n<ul>\n<li>\u00a0Cette figurine Transformers Studio Series 111 Concept Art Sunstreaker est inspir\u00e9e d'un concept art de Sunstreaker qui a \u00e9t\u00e9 pr\u00e9vu, mais jamais utilis\u00e9 dans le film.\u00a0<em>Transformers : Bourdon\u00a0<\/em>film<\/li>\n<li>Cette figurine de collection de 11,5 cm (4,5 pouces) est tr\u00e8s articul\u00e9e et con\u00e7ue avec des caract\u00e9ristiques et des d\u00e9tails qui refl\u00e8tent l'univers du film Transformers.<\/li>\n<li>Ce jouet Studio Series Transformers permet de passer du mode robot au mode voiture de sport Cybertronienne en 19 \u00e9tapes.<\/li>\n<li>La figurine Transformers est livr\u00e9e avec 2 accessoires de blaster qui se fixent dans les deux modes.<\/li>\n<li>Les figurines Transformers sont dot\u00e9es de t\u00eates, de bras et de jambes articul\u00e9s pour des poses d'action.<\/li>\n<li>La toile de fond amovible permet d'afficher la figurine Transformers Studio Series Concept Art Sunstreaker dans la sc\u00e8ne des chutes de Cybertron.<\/li>\n<li>Cette figurine est un excellent cadeau de collection pour tout fan de Transformers. Recherchez d'autres jouets Transformers Studio Series pour constituer une collection (chacun est vendu s\u00e9par\u00e9ment, sous r\u00e9serve de disponibilit\u00e9).<\/li>\n<\/ul>","protected":false},"excerpt":{"rendered":"<ul>\n<li dir=\"ltr\" data-placeholder=\"Traduction\">Classe Deluxe<\/li>\n<li dir=\"ltr\" data-placeholder=\"Traduction\">Taille : 11,5 cm<\/li>\n<li dir=\"ltr\" data-placeholder=\"Traduction\">Transformer en 19 \u00e9tapes<\/li>\n<li dir=\"ltr\" data-placeholder=\"Traduction\">Convertir le robot en voiture de sport Cybertronienne<\/li>\n<\/ul>","protected":false},"featured_media":194854,"comment_status":"open","ping_status":"closed","template":"","meta":{"inline_featured_image":false},"product_brand":[],"product_cat":[68,69,1955,1960],"product_tag":[1759,2331,221,1964,335,306,889,203,1975,204,1961,1962,1994,235],"giftcard-category":[],"class_list":{"0":"post-194840","1":"product","2":"type-product","3":"status-publish","4":"has-post-thumbnail","6":"product_cat-hasbro","7":"product_cat-takara-tomy","8":"product_cat-transformers","9":"product_cat-transformers-generations","10":"product_tag-action-toys","11":"product_tag-concept-art","12":"product_tag-decepticon","13":"product_tag-deluxe-class","14":"product_tag-hasbro","15":"product_tag-megatron","16":"product_tag-sunstreaker","17":"product_tag-takara-tomy","18":"product_tag-toys-figures","19":"product_tag-transformers","20":"product_tag-transformers-authentic","21":"product_tag-transformers-generations","22":"product_tag-transformers-studio-series","23":"product_tag-transformers-bumblebee","24":"product_shipping_class-light","26":"first","27":"outofstock","28":"taxable","29":"shipping-taxable","30":"purchasable","31":"product-type-simple","32":"add-to-wishlist-after_add_to_cart"},"yoast_head":"<!-- This site is optimized with the Yoast SEO Premium plugin v25.3.1 (Yoast SEO v27.4) - https:\/\/yoast.com\/product\/yoast-seo-premium-wordpress\/ -->\n<title>Transformers: Bumblebee - Studio Series 111 - Concept Art Sunstreaker<\/title>\n<meta name=\"robots\" content=\"index, follow, max-snippet:-1, max-image-preview:large, max-video-preview:-1\" \/>\n<link rel=\"canonical\" href=\"https:\/\/hobby4geek.com\/fr\/produit\/transformers-bumblebee-studio-series-111-concept-art-sunstreaker\/\" \/>\n<meta property=\"og:locale\" content=\"fr_FR\" \/>\n<meta property=\"og:type\" content=\"article\" \/>\n<meta property=\"og:title\" content=\"Transformers: Bumblebee - Studio Series 111 - Concept Art Sunstreaker\" \/>\n<meta property=\"og:description\" content=\"Deluxe Class  Size: 11.5 cm  Transform in 19 steps  Convert robot to Cybertronian sports car\" \/>\n<meta property=\"og:url\" content=\"https:\/\/hobby4geek.com\/fr\/produit\/transformers-bumblebee-studio-series-111-concept-art-sunstreaker\/\" \/>\n<meta property=\"og:site_name\" content=\"Hobby4Geek\" \/>\n<meta property=\"article:publisher\" content=\"https:\/\/www.facebook.com\/hobby4geek\" \/>\n<meta property=\"article:modified_time\" content=\"2024-10-26T16:23:29+00:00\" \/>\n<meta property=\"og:image\" content=\"https:\/\/hobby4geek.com\/wp-content\/uploads\/2024\/04\/transformers-bumblebee-studio-series-111-concept-art-sunstreaker-2.webp\" \/>\n\t<meta property=\"og:image:width\" content=\"2000\" \/>\n\t<meta property=\"og:image:height\" content=\"2000\" \/>\n\t<meta property=\"og:image:type\" content=\"image\/webp\" \/>\n<meta name=\"twitter:card\" content=\"summary_large_image\" \/>\n<meta name=\"twitter:site\" content=\"@hobby4geek\" \/>\n<script type=\"application\/ld+json\" class=\"yoast-schema-graph\">{\"@context\":\"https:\\\/\\\/schema.org\",\"@graph\":[{\"@type\":\"WebPage\",\"@id\":\"https:\\\/\\\/hobby4geek.com\\\/product\\\/transformers-bumblebee-studio-series-111-concept-art-sunstreaker\\\/\",\"url\":\"https:\\\/\\\/hobby4geek.com\\\/product\\\/transformers-bumblebee-studio-series-111-concept-art-sunstreaker\\\/\",\"name\":\"Transformers: Bumblebee - Studio Series 111 - Concept Art Sunstreaker\",\"isPartOf\":{\"@id\":\"https:\\\/\\\/hobby4geek.com\\\/#website\"},\"primaryImageOfPage\":{\"@id\":\"https:\\\/\\\/hobby4geek.com\\\/product\\\/transformers-bumblebee-studio-series-111-concept-art-sunstreaker\\\/#primaryimage\"},\"image\":{\"@id\":\"https:\\\/\\\/hobby4geek.com\\\/product\\\/transformers-bumblebee-studio-series-111-concept-art-sunstreaker\\\/#primaryimage\"},\"thumbnailUrl\":\"https:\\\/\\\/hobby4geek.com\\\/wp-content\\\/uploads\\\/2024\\\/04\\\/transformers-bumblebee-studio-series-111-concept-art-sunstreaker-2.webp\",\"datePublished\":\"2024-04-28T16:36:01+00:00\",\"dateModified\":\"2024-10-26T16:23:29+00:00\",\"breadcrumb\":{\"@id\":\"https:\\\/\\\/hobby4geek.com\\\/product\\\/transformers-bumblebee-studio-series-111-concept-art-sunstreaker\\\/#breadcrumb\"},\"inLanguage\":\"fr-FR\",\"potentialAction\":[{\"@type\":\"ReadAction\",\"target\":[\"https:\\\/\\\/hobby4geek.com\\\/product\\\/transformers-bumblebee-studio-series-111-concept-art-sunstreaker\\\/\"]}]},{\"@type\":\"ImageObject\",\"inLanguage\":\"fr-FR\",\"@id\":\"https:\\\/\\\/hobby4geek.com\\\/product\\\/transformers-bumblebee-studio-series-111-concept-art-sunstreaker\\\/#primaryimage\",\"url\":\"https:\\\/\\\/hobby4geek.com\\\/wp-content\\\/uploads\\\/2024\\\/04\\\/transformers-bumblebee-studio-series-111-concept-art-sunstreaker-2.webp\",\"contentUrl\":\"https:\\\/\\\/hobby4geek.com\\\/wp-content\\\/uploads\\\/2024\\\/04\\\/transformers-bumblebee-studio-series-111-concept-art-sunstreaker-2.webp\",\"width\":2000,\"height\":2000,\"caption\":\"Transformers Bumblebee Studio Series 111 Concept Art Sunstreaker 2\"},{\"@type\":\"BreadcrumbList\",\"@id\":\"https:\\\/\\\/hobby4geek.com\\\/product\\\/transformers-bumblebee-studio-series-111-concept-art-sunstreaker\\\/#breadcrumb\",\"itemListElement\":[{\"@type\":\"ListItem\",\"position\":1,\"name\":\"Home\",\"item\":\"https:\\\/\\\/hobby4geek.com\\\/\"},{\"@type\":\"ListItem\",\"position\":2,\"name\":\"Shop\",\"item\":\"https:\\\/\\\/hobby4geek.com\\\/shop\\\/\"},{\"@type\":\"ListItem\",\"position\":3,\"name\":\"Transformers: Bumblebee &#8211; Studio Series 111 &#8211; Concept Art Sunstreaker\"}]},{\"@type\":\"WebSite\",\"@id\":\"https:\\\/\\\/hobby4geek.com\\\/#website\",\"url\":\"https:\\\/\\\/hobby4geek.com\\\/\",\"name\":\"Hobby4Geek\",\"description\":\"Collect, Play &amp; Showcase, Embrace your Geekiness\",\"publisher\":{\"@id\":\"https:\\\/\\\/hobby4geek.com\\\/#organization\"},\"potentialAction\":[{\"@type\":\"SearchAction\",\"target\":{\"@type\":\"EntryPoint\",\"urlTemplate\":\"https:\\\/\\\/hobby4geek.com\\\/?s={search_term_string}\"},\"query-input\":{\"@type\":\"PropertyValueSpecification\",\"valueRequired\":true,\"valueName\":\"search_term_string\"}}],\"inLanguage\":\"fr-FR\"},{\"@type\":\"Organization\",\"@id\":\"https:\\\/\\\/hobby4geek.com\\\/#organization\",\"name\":\"Hobby4Geek\",\"url\":\"https:\\\/\\\/hobby4geek.com\\\/\",\"logo\":{\"@type\":\"ImageObject\",\"inLanguage\":\"fr-FR\",\"@id\":\"https:\\\/\\\/hobby4geek.com\\\/#\\\/schema\\\/logo\\\/image\\\/\",\"url\":\"https:\\\/\\\/hobby4geek.com\\\/wp-content\\\/uploads\\\/2023\\\/02\\\/default-kit.png\",\"contentUrl\":\"https:\\\/\\\/hobby4geek.com\\\/wp-content\\\/uploads\\\/2023\\\/02\\\/default-kit.png\",\"width\":600,\"height\":600,\"caption\":\"Hobby4Geek\"},\"image\":{\"@id\":\"https:\\\/\\\/hobby4geek.com\\\/#\\\/schema\\\/logo\\\/image\\\/\"},\"sameAs\":[\"https:\\\/\\\/www.facebook.com\\\/hobby4geek\",\"https:\\\/\\\/x.com\\\/hobby4geek\",\"https:\\\/\\\/www.instagram.com\\\/hobby4geek\\\/\"]}]}<\/script>\n<meta property=\"product:brand\" content=\"Hasbro\" \/>\n<meta property=\"product:price:amount\" content=\"27.80\" \/>\n<meta property=\"product:price:currency\" content=\"EUR\" \/>\n<meta property=\"og:availability\" content=\"out of stock\" \/>\n<meta property=\"product:availability\" content=\"out of stock\" \/>\n<meta property=\"product:retailer_item_id\" content=\"5010996239969\" \/>\n<meta property=\"product:condition\" content=\"new\" \/>\n<!-- \/ Yoast SEO Premium plugin. -->","yoast_head_json":{"title":"Transformers : Bumblebee - Studio Series 111 - Concept Art Sunstreaker","robots":{"index":"index","follow":"follow","max-snippet":"max-snippet:-1","max-image-preview":"max-image-preview:large","max-video-preview":"max-video-preview:-1"},"canonical":"https:\/\/hobby4geek.com\/fr\/produit\/transformers-bumblebee-studio-series-111-concept-art-sunstreaker\/","og_locale":"fr_FR","og_type":"article","og_title":"Transformers: Bumblebee - Studio Series 111 - Concept Art Sunstreaker","og_description":"Deluxe Class  Size: 11.5 cm  Transform in 19 steps  Convert robot to Cybertronian sports car","og_url":"https:\/\/hobby4geek.com\/fr\/produit\/transformers-bumblebee-studio-series-111-concept-art-sunstreaker\/","og_site_name":"Hobby4Geek","article_publisher":"https:\/\/www.facebook.com\/hobby4geek","article_modified_time":"2024-10-26T16:23:29+00:00","og_image":[{"width":2000,"height":2000,"url":"https:\/\/hobby4geek.com\/wp-content\/uploads\/2024\/04\/transformers-bumblebee-studio-series-111-concept-art-sunstreaker-2.webp","type":"image\/webp"}],"twitter_card":"summary_large_image","twitter_site":"@hobby4geek","schema":{"@context":"https:\/\/schema.org","@graph":[{"@type":"WebPage","@id":"https:\/\/hobby4geek.com\/product\/transformers-bumblebee-studio-series-111-concept-art-sunstreaker\/","url":"https:\/\/hobby4geek.com\/product\/transformers-bumblebee-studio-series-111-concept-art-sunstreaker\/","name":"Transformers : Bumblebee - Studio Series 111 - Concept Art Sunstreaker","isPartOf":{"@id":"https:\/\/hobby4geek.com\/#website"},"primaryImageOfPage":{"@id":"https:\/\/hobby4geek.com\/product\/transformers-bumblebee-studio-series-111-concept-art-sunstreaker\/#primaryimage"},"image":{"@id":"https:\/\/hobby4geek.com\/product\/transformers-bumblebee-studio-series-111-concept-art-sunstreaker\/#primaryimage"},"thumbnailUrl":"https:\/\/hobby4geek.com\/wp-content\/uploads\/2024\/04\/transformers-bumblebee-studio-series-111-concept-art-sunstreaker-2.webp","datePublished":"2024-04-28T16:36:01+00:00","dateModified":"2024-10-26T16:23:29+00:00","breadcrumb":{"@id":"https:\/\/hobby4geek.com\/product\/transformers-bumblebee-studio-series-111-concept-art-sunstreaker\/#breadcrumb"},"inLanguage":"fr-FR","potentialAction":[{"@type":"ReadAction","target":["https:\/\/hobby4geek.com\/product\/transformers-bumblebee-studio-series-111-concept-art-sunstreaker\/"]}]},{"@type":"ImageObject","inLanguage":"fr-FR","@id":"https:\/\/hobby4geek.com\/product\/transformers-bumblebee-studio-series-111-concept-art-sunstreaker\/#primaryimage","url":"https:\/\/hobby4geek.com\/wp-content\/uploads\/2024\/04\/transformers-bumblebee-studio-series-111-concept-art-sunstreaker-2.webp","contentUrl":"https:\/\/hobby4geek.com\/wp-content\/uploads\/2024\/04\/transformers-bumblebee-studio-series-111-concept-art-sunstreaker-2.webp","width":2000,"height":2000,"caption":"Transformers Bumblebee Studio Series 111 Concept Art Sunstreaker 2"},{"@type":"BreadcrumbList","@id":"https:\/\/hobby4geek.com\/product\/transformers-bumblebee-studio-series-111-concept-art-sunstreaker\/#breadcrumb","itemListElement":[{"@type":"ListItem","position":1,"name":"Home","item":"https:\/\/hobby4geek.com\/"},{"@type":"ListItem","position":2,"name":"Shop","item":"https:\/\/hobby4geek.com\/shop\/"},{"@type":"ListItem","position":3,"name":"Transformers: Bumblebee &#8211; Studio Series 111 &#8211; Concept Art Sunstreaker"}]},{"@type":"WebSite","@id":"https:\/\/hobby4geek.com\/#website","url":"https:\/\/hobby4geek.com\/","name":"Hobby4Geek","description":"Collectionnez, jouez et exposez, embrassez votre geekitude","publisher":{"@id":"https:\/\/hobby4geek.com\/#organization"},"potentialAction":[{"@type":"SearchAction","target":{"@type":"EntryPoint","urlTemplate":"https:\/\/hobby4geek.com\/?s={search_term_string}"},"query-input":{"@type":"PropertyValueSpecification","valueRequired":true,"valueName":"search_term_string"}}],"inLanguage":"fr-FR"},{"@type":"Organization","@id":"https:\/\/hobby4geek.com\/#organization","name":"Hobby4Geek","url":"https:\/\/hobby4geek.com\/","logo":{"@type":"ImageObject","inLanguage":"fr-FR","@id":"https:\/\/hobby4geek.com\/#\/schema\/logo\/image\/","url":"https:\/\/hobby4geek.com\/wp-content\/uploads\/2023\/02\/default-kit.png","contentUrl":"https:\/\/hobby4geek.com\/wp-content\/uploads\/2023\/02\/default-kit.png","width":600,"height":600,"caption":"Hobby4Geek"},"image":{"@id":"https:\/\/hobby4geek.com\/#\/schema\/logo\/image\/"},"sameAs":["https:\/\/www.facebook.com\/hobby4geek","https:\/\/x.com\/hobby4geek","https:\/\/www.instagram.com\/hobby4geek\/"]}]},"product_brand":"Hasbro","product_price_amount":"27.80","product_price_currency":"EUR","og_availability":"out of stock","product_availability":"out of stock","product_retailer_item_id":"5010996239969","product_condition":"new"},"_links":{"self":[{"href":"https:\/\/hobby4geek.com\/fr\/wp-json\/wp\/v2\/product\/194840","targetHints":{"allow":["GET"]}}],"collection":[{"href":"https:\/\/hobby4geek.com\/fr\/wp-json\/wp\/v2\/product"}],"about":[{"href":"https:\/\/hobby4geek.com\/fr\/wp-json\/wp\/v2\/types\/product"}],"replies":[{"embeddable":true,"href":"https:\/\/hobby4geek.com\/fr\/wp-json\/wp\/v2\/comments?post=194840"}],"version-history":[{"count":0,"href":"https:\/\/hobby4geek.com\/fr\/wp-json\/wp\/v2\/product\/194840\/revisions"}],"wp:featuredmedia":[{"embeddable":true,"href":"https:\/\/hobby4geek.com\/fr\/wp-json\/wp\/v2\/media\/194854"}],"wp:attachment":[{"href":"https:\/\/hobby4geek.com\/fr\/wp-json\/wp\/v2\/media?parent=194840"}],"wp:term":[{"taxonomy":"product_brand","embeddable":true,"href":"https:\/\/hobby4geek.com\/fr\/wp-json\/wp\/v2\/product_brand?post=194840"},{"taxonomy":"product_cat","embeddable":true,"href":"https:\/\/hobby4geek.com\/fr\/wp-json\/wp\/v2\/product_cat?post=194840"},{"taxonomy":"product_tag","embeddable":true,"href":"https:\/\/hobby4geek.com\/fr\/wp-json\/wp\/v2\/product_tag?post=194840"},{"taxonomy":"giftcard-category","embeddable":true,"href":"https:\/\/hobby4geek.com\/fr\/wp-json\/wp\/v2\/giftcard-category?post=194840"}],"curies":[{"name":"wp","href":"https:\/\/api.w.org\/{rel}","templated":true}]}}