{"id":194547,"date":"2024-04-29T01:32:44","date_gmt":"2024-04-29T00:32:44","guid":{"rendered":"https:\/\/hobby4geek.com\/?post_type=product&#038;p=194547"},"modified":"2024-12-20T18:12:07","modified_gmt":"2024-12-20T17:12:07","slug":"transformers-studio-series-voyager-transformers-bumblebee-110-shockwave","status":"publish","type":"product","link":"https:\/\/hobby4geek.com\/fr\/produit\/transformers-studio-series-voyager-transformers-bumblebee-110-shockwave\/","title":{"rendered":"Transformers : Bumblebee - Studio Series 110 - Shockwave"},"content":{"rendered":"<p>Retrouvez l'action \u00e9pique des films Transformers sur grand \u00e9cran dans votre collection avec la figurine Transformers Studio Series Voyager Class Shockwave, inspir\u00e9e de Transformers : Bumblebee ! Les jouets Transformers Studio Series sont des figurines \u00e0 collectionner qui comportent des d\u00e9tails et des accessoires inspir\u00e9s des films. Convertissez la figurine Studio Series Transformers du mode robot au mode tank cybertronien en 22 \u00e9tapes et posez la figurine Shockwave dans la sc\u00e8ne de fond amovible Cybertron Falls incluse. D'autres figurines \u00e0 collectionner Transformers Studio Series sont pr\u00e9vues pour constituer une collection inspir\u00e9e du film (chacune est vendue s\u00e9par\u00e9ment, sous r\u00e9serve de disponibilit\u00e9) !<\/p>\n<ul>\n<li>Cette figurine de Transformers Studio Series 110 Shockwave est hautement articul\u00e9e pour la posabilit\u00e9 et pr\u00e9sente des d\u00e9cors et des d\u00e9tails inspir\u00e9s du film.<\/li>\n<li>Cette figurine de collection de 6,5 pouces (16,5 cm) est inspir\u00e9e de sc\u00e8nes embl\u00e9matiques du film et con\u00e7ue avec des caract\u00e9ristiques et des d\u00e9tails qui refl\u00e8tent l'univers du film Transformers.<\/li>\n<li>Ce jouet Studio Series Transformers offre une conversion classique entre les modes robot et tank cybertronien en 22 \u00e9tapes.<\/li>\n<li>La figurine Transformers est livr\u00e9e avec un accessoire canon en 2 parties qui se combinent ensemble. Les accessoires se fixent dans les deux modes<\/li>\n<li>Les figurines Transformers sont dot\u00e9es de t\u00eates, de bras et de jambes articul\u00e9s pour des poses d'action.<\/li>\n<li>La toile de fond amovible pr\u00e9sente la figurine Transformers Studio Series Shockwave dans la sc\u00e8ne des chutes de Cybertron.<\/li>\n<li>Cette figurine est un excellent cadeau de collection pour tout fan de Transformers. Recherchez d'autres jouets Transformers Studio Series pour constituer une collection (chacun est vendu s\u00e9par\u00e9ment, sous r\u00e9serve de disponibilit\u00e9).<\/li>\n<\/ul>\n<p>Comprend une figurine, 2 accessoires, une toile de fond amovible et des instructions.<\/p>","protected":false},"excerpt":{"rendered":"<ul>\n<li>17 cm<\/li>\n<li>Classe Voyageur<\/li>\n<li>22 \u00c9tapes<\/li>\n<li>Toile de fond amovible<\/li>\n<li>instructions<\/li>\n<\/ul>","protected":false},"featured_media":194549,"comment_status":"open","ping_status":"closed","template":"","meta":{"inline_featured_image":false},"product_brand":[],"product_cat":[1955,68,69,1960],"product_tag":[1759,335,688,2466,240,203,1975,204,1961,1962,1994,235,1910],"giftcard-category":[],"class_list":{"0":"post-194547","1":"product","2":"type-product","3":"status-publish","4":"has-post-thumbnail","6":"product_cat-transformers","7":"product_cat-hasbro","8":"product_cat-takara-tomy","9":"product_cat-transformers-generations","10":"product_tag-action-toys","11":"product_tag-hasbro","12":"product_tag-shockwave","13":"product_tag-ss110","14":"product_tag-studio-series","15":"product_tag-takara-tomy","16":"product_tag-toys-figures","17":"product_tag-transformers","18":"product_tag-transformers-authentic","19":"product_tag-transformers-generations","20":"product_tag-transformers-studio-series","21":"product_tag-transformers-bumblebee","22":"product_tag-voyager-class","23":"product_shipping_class-light","25":"first","26":"outofstock","27":"taxable","28":"shipping-taxable","29":"purchasable","30":"product-type-simple","31":"add-to-wishlist-after_add_to_cart"},"yoast_head":"<!-- This site is optimized with the Yoast SEO Premium plugin v25.3.1 (Yoast SEO v27.2) - https:\/\/yoast.com\/product\/yoast-seo-premium-wordpress\/ -->\n<title>Transformers: Bumblebee - Studio Series 110 - Shockwave<\/title>\n<meta name=\"robots\" content=\"index, follow, max-snippet:-1, max-image-preview:large, max-video-preview:-1\" \/>\n<link rel=\"canonical\" href=\"https:\/\/hobby4geek.com\/fr\/produit\/transformers-studio-series-voyager-transformers-bumblebee-110-shockwave\/\" \/>\n<meta property=\"og:locale\" content=\"fr_FR\" \/>\n<meta property=\"og:type\" content=\"article\" \/>\n<meta property=\"og:title\" content=\"Transformers: Bumblebee - Studio Series 110 - Shockwave\" \/>\n<meta property=\"og:description\" content=\"17 cm  Voyager Class  22 Steps  Removable backdrop  instructions\" \/>\n<meta property=\"og:url\" content=\"https:\/\/hobby4geek.com\/fr\/produit\/transformers-studio-series-voyager-transformers-bumblebee-110-shockwave\/\" \/>\n<meta property=\"og:site_name\" content=\"Hobby4Geek\" \/>\n<meta property=\"article:publisher\" content=\"https:\/\/www.facebook.com\/hobby4geek\" \/>\n<meta property=\"article:modified_time\" content=\"2024-12-20T17:12:07+00:00\" \/>\n<meta property=\"og:image\" content=\"https:\/\/hobby4geek.com\/wp-content\/uploads\/2024\/04\/transformers-bumblebee-studio-series-110-shockwave-9.webp\" \/>\n\t<meta property=\"og:image:width\" content=\"2000\" \/>\n\t<meta property=\"og:image:height\" content=\"2000\" \/>\n\t<meta property=\"og:image:type\" content=\"image\/webp\" \/>\n<meta name=\"twitter:card\" content=\"summary_large_image\" \/>\n<meta name=\"twitter:site\" content=\"@hobby4geek\" \/>\n<script type=\"application\/ld+json\" class=\"yoast-schema-graph\">{\"@context\":\"https:\/\/schema.org\",\"@graph\":[{\"@type\":\"WebPage\",\"@id\":\"https:\/\/hobby4geek.com\/product\/transformers-studio-series-voyager-transformers-bumblebee-110-shockwave\/\",\"url\":\"https:\/\/hobby4geek.com\/product\/transformers-studio-series-voyager-transformers-bumblebee-110-shockwave\/\",\"name\":\"Transformers: Bumblebee - Studio Series 110 - Shockwave\",\"isPartOf\":{\"@id\":\"https:\/\/hobby4geek.com\/#website\"},\"primaryImageOfPage\":{\"@id\":\"https:\/\/hobby4geek.com\/product\/transformers-studio-series-voyager-transformers-bumblebee-110-shockwave\/#primaryimage\"},\"image\":{\"@id\":\"https:\/\/hobby4geek.com\/product\/transformers-studio-series-voyager-transformers-bumblebee-110-shockwave\/#primaryimage\"},\"thumbnailUrl\":\"https:\/\/hobby4geek.com\/wp-content\/uploads\/2024\/04\/transformers-bumblebee-studio-series-110-shockwave-9.webp\",\"datePublished\":\"2024-04-29T00:32:44+00:00\",\"dateModified\":\"2024-12-20T17:12:07+00:00\",\"breadcrumb\":{\"@id\":\"https:\/\/hobby4geek.com\/product\/transformers-studio-series-voyager-transformers-bumblebee-110-shockwave\/#breadcrumb\"},\"inLanguage\":\"fr-FR\",\"potentialAction\":[{\"@type\":\"ReadAction\",\"target\":[\"https:\/\/hobby4geek.com\/product\/transformers-studio-series-voyager-transformers-bumblebee-110-shockwave\/\"]}]},{\"@type\":\"ImageObject\",\"inLanguage\":\"fr-FR\",\"@id\":\"https:\/\/hobby4geek.com\/product\/transformers-studio-series-voyager-transformers-bumblebee-110-shockwave\/#primaryimage\",\"url\":\"https:\/\/hobby4geek.com\/wp-content\/uploads\/2024\/04\/transformers-bumblebee-studio-series-110-shockwave-9.webp\",\"contentUrl\":\"https:\/\/hobby4geek.com\/wp-content\/uploads\/2024\/04\/transformers-bumblebee-studio-series-110-shockwave-9.webp\",\"width\":2000,\"height\":2000,\"caption\":\"Transformers Bumblebee Studio Series 110 Shockwave 9\"},{\"@type\":\"BreadcrumbList\",\"@id\":\"https:\/\/hobby4geek.com\/product\/transformers-studio-series-voyager-transformers-bumblebee-110-shockwave\/#breadcrumb\",\"itemListElement\":[{\"@type\":\"ListItem\",\"position\":1,\"name\":\"Home\",\"item\":\"https:\/\/hobby4geek.com\/\"},{\"@type\":\"ListItem\",\"position\":2,\"name\":\"Shop\",\"item\":\"https:\/\/hobby4geek.com\/shop\/\"},{\"@type\":\"ListItem\",\"position\":3,\"name\":\"Transformers: Bumblebee &#8211; Studio Series 110 &#8211; Shockwave\"}]},{\"@type\":\"WebSite\",\"@id\":\"https:\/\/hobby4geek.com\/#website\",\"url\":\"https:\/\/hobby4geek.com\/\",\"name\":\"Hobby4Geek\",\"description\":\"Collect, Play &amp; Showcase, Embrace your Geekiness\",\"publisher\":{\"@id\":\"https:\/\/hobby4geek.com\/#organization\"},\"potentialAction\":[{\"@type\":\"SearchAction\",\"target\":{\"@type\":\"EntryPoint\",\"urlTemplate\":\"https:\/\/hobby4geek.com\/?s={search_term_string}\"},\"query-input\":{\"@type\":\"PropertyValueSpecification\",\"valueRequired\":true,\"valueName\":\"search_term_string\"}}],\"inLanguage\":\"fr-FR\"},{\"@type\":\"Organization\",\"@id\":\"https:\/\/hobby4geek.com\/#organization\",\"name\":\"Hobby4Geek\",\"url\":\"https:\/\/hobby4geek.com\/\",\"logo\":{\"@type\":\"ImageObject\",\"inLanguage\":\"fr-FR\",\"@id\":\"https:\/\/hobby4geek.com\/#\/schema\/logo\/image\/\",\"url\":\"https:\/\/hobby4geek.com\/wp-content\/uploads\/2023\/02\/default-kit.png\",\"contentUrl\":\"https:\/\/hobby4geek.com\/wp-content\/uploads\/2023\/02\/default-kit.png\",\"width\":600,\"height\":600,\"caption\":\"Hobby4Geek\"},\"image\":{\"@id\":\"https:\/\/hobby4geek.com\/#\/schema\/logo\/image\/\"},\"sameAs\":[\"https:\/\/www.facebook.com\/hobby4geek\",\"https:\/\/x.com\/hobby4geek\",\"https:\/\/www.instagram.com\/hobby4geek\/\"]}]}<\/script>\n<meta property=\"product:brand\" content=\"Transformers\" \/>\n<meta property=\"product:price:amount\" content=\"38.60\" \/>\n<meta property=\"product:price:currency\" content=\"EUR\" \/>\n<meta property=\"og:availability\" content=\"out of stock\" \/>\n<meta property=\"product:availability\" content=\"out of stock\" \/>\n<meta property=\"product:retailer_item_id\" content=\"5010996263759\" \/>\n<meta property=\"product:condition\" content=\"new\" \/>\n<!-- \/ Yoast SEO Premium plugin. -->","yoast_head_json":{"title":"Transformers : Bumblebee - Studio Series 110 - Shockwave","robots":{"index":"index","follow":"follow","max-snippet":"max-snippet:-1","max-image-preview":"max-image-preview:large","max-video-preview":"max-video-preview:-1"},"canonical":"https:\/\/hobby4geek.com\/fr\/produit\/transformers-studio-series-voyager-transformers-bumblebee-110-shockwave\/","og_locale":"fr_FR","og_type":"article","og_title":"Transformers: Bumblebee - Studio Series 110 - Shockwave","og_description":"17 cm  Voyager Class  22 Steps  Removable backdrop  instructions","og_url":"https:\/\/hobby4geek.com\/fr\/produit\/transformers-studio-series-voyager-transformers-bumblebee-110-shockwave\/","og_site_name":"Hobby4Geek","article_publisher":"https:\/\/www.facebook.com\/hobby4geek","article_modified_time":"2024-12-20T17:12:07+00:00","og_image":[{"width":2000,"height":2000,"url":"https:\/\/hobby4geek.com\/wp-content\/uploads\/2024\/04\/transformers-bumblebee-studio-series-110-shockwave-9.webp","type":"image\/webp"}],"twitter_card":"summary_large_image","twitter_site":"@hobby4geek","schema":{"@context":"https:\/\/schema.org","@graph":[{"@type":"WebPage","@id":"https:\/\/hobby4geek.com\/product\/transformers-studio-series-voyager-transformers-bumblebee-110-shockwave\/","url":"https:\/\/hobby4geek.com\/product\/transformers-studio-series-voyager-transformers-bumblebee-110-shockwave\/","name":"Transformers : Bumblebee - Studio Series 110 - Shockwave","isPartOf":{"@id":"https:\/\/hobby4geek.com\/#website"},"primaryImageOfPage":{"@id":"https:\/\/hobby4geek.com\/product\/transformers-studio-series-voyager-transformers-bumblebee-110-shockwave\/#primaryimage"},"image":{"@id":"https:\/\/hobby4geek.com\/product\/transformers-studio-series-voyager-transformers-bumblebee-110-shockwave\/#primaryimage"},"thumbnailUrl":"https:\/\/hobby4geek.com\/wp-content\/uploads\/2024\/04\/transformers-bumblebee-studio-series-110-shockwave-9.webp","datePublished":"2024-04-29T00:32:44+00:00","dateModified":"2024-12-20T17:12:07+00:00","breadcrumb":{"@id":"https:\/\/hobby4geek.com\/product\/transformers-studio-series-voyager-transformers-bumblebee-110-shockwave\/#breadcrumb"},"inLanguage":"fr-FR","potentialAction":[{"@type":"ReadAction","target":["https:\/\/hobby4geek.com\/product\/transformers-studio-series-voyager-transformers-bumblebee-110-shockwave\/"]}]},{"@type":"ImageObject","inLanguage":"fr-FR","@id":"https:\/\/hobby4geek.com\/product\/transformers-studio-series-voyager-transformers-bumblebee-110-shockwave\/#primaryimage","url":"https:\/\/hobby4geek.com\/wp-content\/uploads\/2024\/04\/transformers-bumblebee-studio-series-110-shockwave-9.webp","contentUrl":"https:\/\/hobby4geek.com\/wp-content\/uploads\/2024\/04\/transformers-bumblebee-studio-series-110-shockwave-9.webp","width":2000,"height":2000,"caption":"Transformers Bumblebee Studio Series 110 Shockwave 9"},{"@type":"BreadcrumbList","@id":"https:\/\/hobby4geek.com\/product\/transformers-studio-series-voyager-transformers-bumblebee-110-shockwave\/#breadcrumb","itemListElement":[{"@type":"ListItem","position":1,"name":"Home","item":"https:\/\/hobby4geek.com\/"},{"@type":"ListItem","position":2,"name":"Shop","item":"https:\/\/hobby4geek.com\/shop\/"},{"@type":"ListItem","position":3,"name":"Transformers: Bumblebee &#8211; Studio Series 110 &#8211; Shockwave"}]},{"@type":"WebSite","@id":"https:\/\/hobby4geek.com\/#website","url":"https:\/\/hobby4geek.com\/","name":"Hobby4Geek","description":"Collectionnez, jouez et exposez, embrassez votre geekitude","publisher":{"@id":"https:\/\/hobby4geek.com\/#organization"},"potentialAction":[{"@type":"SearchAction","target":{"@type":"EntryPoint","urlTemplate":"https:\/\/hobby4geek.com\/?s={search_term_string}"},"query-input":{"@type":"PropertyValueSpecification","valueRequired":true,"valueName":"search_term_string"}}],"inLanguage":"fr-FR"},{"@type":"Organization","@id":"https:\/\/hobby4geek.com\/#organization","name":"Hobby4Geek","url":"https:\/\/hobby4geek.com\/","logo":{"@type":"ImageObject","inLanguage":"fr-FR","@id":"https:\/\/hobby4geek.com\/#\/schema\/logo\/image\/","url":"https:\/\/hobby4geek.com\/wp-content\/uploads\/2023\/02\/default-kit.png","contentUrl":"https:\/\/hobby4geek.com\/wp-content\/uploads\/2023\/02\/default-kit.png","width":600,"height":600,"caption":"Hobby4Geek"},"image":{"@id":"https:\/\/hobby4geek.com\/#\/schema\/logo\/image\/"},"sameAs":["https:\/\/www.facebook.com\/hobby4geek","https:\/\/x.com\/hobby4geek","https:\/\/www.instagram.com\/hobby4geek\/"]}]},"product_brand":"Transformers","product_price_amount":"38.60","product_price_currency":"EUR","og_availability":"out of stock","product_availability":"out of stock","product_retailer_item_id":"5010996263759","product_condition":"new"},"_links":{"self":[{"href":"https:\/\/hobby4geek.com\/fr\/wp-json\/wp\/v2\/product\/194547","targetHints":{"allow":["GET"]}}],"collection":[{"href":"https:\/\/hobby4geek.com\/fr\/wp-json\/wp\/v2\/product"}],"about":[{"href":"https:\/\/hobby4geek.com\/fr\/wp-json\/wp\/v2\/types\/product"}],"replies":[{"embeddable":true,"href":"https:\/\/hobby4geek.com\/fr\/wp-json\/wp\/v2\/comments?post=194547"}],"version-history":[{"count":0,"href":"https:\/\/hobby4geek.com\/fr\/wp-json\/wp\/v2\/product\/194547\/revisions"}],"wp:featuredmedia":[{"embeddable":true,"href":"https:\/\/hobby4geek.com\/fr\/wp-json\/wp\/v2\/media\/194549"}],"wp:attachment":[{"href":"https:\/\/hobby4geek.com\/fr\/wp-json\/wp\/v2\/media?parent=194547"}],"wp:term":[{"taxonomy":"product_brand","embeddable":true,"href":"https:\/\/hobby4geek.com\/fr\/wp-json\/wp\/v2\/product_brand?post=194547"},{"taxonomy":"product_cat","embeddable":true,"href":"https:\/\/hobby4geek.com\/fr\/wp-json\/wp\/v2\/product_cat?post=194547"},{"taxonomy":"product_tag","embeddable":true,"href":"https:\/\/hobby4geek.com\/fr\/wp-json\/wp\/v2\/product_tag?post=194547"},{"taxonomy":"giftcard-category","embeddable":true,"href":"https:\/\/hobby4geek.com\/fr\/wp-json\/wp\/v2\/giftcard-category?post=194547"}],"curies":[{"name":"wp","href":"https:\/\/api.w.org\/{rel}","templated":true}]}}