{"id":194524,"date":"2024-08-21T14:23:46","date_gmt":"2024-08-21T13:23:46","guid":{"rendered":"https:\/\/hobby4geek.com\/?post_type=product&#038;p=194524"},"modified":"2025-01-18T16:39:36","modified_gmt":"2025-01-18T15:39:36","slug":"transformers-collaborative-teenage-mutant-ninja-turtles-x-transformers-party-wallop","status":"publish","type":"product","link":"https:\/\/hobby4geek.com\/fr\/produit\/transformers-collaborative-teenage-mutant-ninja-turtles-x-transformers-party-wallop\/","title":{"rendered":"Transformers X Teenage Mutant Ninja Turtles - Party Wallop"},"content":{"rendered":"<p>Les mondes des robots Transformers et des Tortues Ninja Teenage Mutant entrent en collision avec le pack Transformers x TMNT Party Wallop ! L'embl\u00e9matique Party Wagon du dessin anim\u00e9 Teenage Mutant Ninja Turtles est d\u00e9sormais un robot Transformers ! Cette figurine de 17,5 cm (7 pouces) passe du mode robot au mode Party Wagon inspir\u00e9 du dessin anim\u00e9 et pr\u00e9sente une d\u00e9coration et des d\u00e9tails fid\u00e8les \u00e0 la s\u00e9rie du dessin anim\u00e9 classique de 1987. Ce pack comprend des accessoires inspir\u00e9s du dessin anim\u00e9, notamment des \u00e9p\u00e9es ninja, des b\u00e2tons, des nunchakus et des sa\u00ef ninja pour \u00e9quiper les fr\u00e8res tortues. Il comprend \u00e9galement 4 t\u00eates interchangeables et une boucle de ceinture rotative pour personnaliser le robot en tant que figurine inspir\u00e9e de Donatello, Michelangelo, Leonardo ou Raphael. Les robots Transformers ont toujours \u00e9t\u00e9 - Plus qu'un simple regard - mais maintenant, gr\u00e2ce \u00e0 la collaboration Transformers, les fans peuvent d\u00e9couvrir ces personnages plus grands que nature en faisant \u00e9quipe, en se m\u00e9langeant et en se rencontrant avec d'autres personnages, \u00e9quipes et personnes qui partagent cette m\u00eame qualit\u00e9 sp\u00e9ciale.<\/p>\n<p>Comprend 1 figurine TTP15T, 12 accessoires et des instructions.<\/p>\n<ul>\n<li>Les robots Transformers ont toujours \u00e9t\u00e9 - More Than Meets the Eye - et maintenant les fans peuvent faire l'exp\u00e9rience des personnages Transformers en les fusionnant avec des personnages embl\u00e9matiques qui partagent cette m\u00eame qualit\u00e9.<\/li>\n<li>La f\u00eate commence avec cette camionnette qui est le v\u00e9hicule principal des fr\u00e8res tortues qui luttent contre le crime.<\/li>\n<li>La figurine Party Wallop de 17,5 cm se transforme en 20 \u00e9tapes pour passer du mode chariot au mode robot. Inspir\u00e9e du chariot de f\u00eate vu dans le dessin anim\u00e9 Teenage Mutant Ninja Turtles de 1987.<\/li>\n<li>Passez en mode robot et fixez l'une des 4 t\u00eates diff\u00e9rentes pour cr\u00e9er une figurine inspir\u00e9e de Donatello, Michelangelo, Leonardo ou Raphael.<\/li>\n<li>Comprend 2 \u00e9p\u00e9es ninja, un b\u00e2ton, 2 nunchakus, 2 sa\u00ef ninja, une boucle de ceinture rotative et 4 t\u00eates interchangeables qui s'attachent en mode robot.<\/li>\n<\/ul>\n<ul>\n<li>17,5 cm<\/li>\n<li>Convertit le robot en Party Wagon<\/li>\n<li>20 \u00c9tapes<\/li>\n<li>4 t\u00eates diff\u00e9rentes<\/li>\n<li>2 \u00e9p\u00e9es Ninja<\/li>\n<li>Personnel de Bo<\/li>\n<li>2 Nunchakus<\/li>\n<li>2 Ninja sai<\/li>\n<li>Boucle de ceinture rotative<\/li>\n<\/ul>","protected":false},"excerpt":{"rendered":"<ul>\n<li>17,5 cm<\/li>\n<li>Convertit le robot en Party Wagon<\/li>\n<li>20 \u00c9tapes<\/li>\n<li>4 t\u00eates diff\u00e9rentes<\/li>\n<li>2 \u00e9p\u00e9es Ninja<\/li>\n<li>Personnel de Bo<\/li>\n<li>2 Nunchakus<\/li>\n<li>2 Ninja sai<\/li>\n<li>Boucle de ceinture rotative<\/li>\n<\/ul>","protected":false},"featured_media":194533,"comment_status":"open","ping_status":"closed","template":"","meta":{"inline_featured_image":false},"product_brand":[],"product_cat":[1955,68,69,1966,1960],"product_tag":[1759,335,2400,2465,1923,2464,1924,1975,204,2463],"giftcard-category":[],"class_list":{"0":"post-194524","1":"product","2":"type-product","3":"status-publish","4":"has-post-thumbnail","6":"product_cat-transformers","7":"product_cat-hasbro","8":"product_cat-takara-tomy","9":"product_cat-tmnt","10":"product_cat-transformers-generations","11":"product_tag-action-toys","12":"product_tag-hasbro","13":"product_tag-legacy-united","14":"product_tag-party-wallop","15":"product_tag-teenage-mutant-ninja-turtles","16":"product_tag-teenage-mutant-ninja-turtles-x-transformers","17":"product_tag-tmnt","18":"product_tag-toys-figures","19":"product_tag-transformers","20":"product_tag-transformers-collaborative","21":"product_shipping_class-light","23":"first","24":"outofstock","25":"taxable","26":"shipping-taxable","27":"purchasable","28":"product-type-simple","29":"add-to-wishlist-after_add_to_cart"},"yoast_head":"<!-- This site is optimized with the Yoast SEO Premium plugin v25.3.1 (Yoast SEO v27.2) - https:\/\/yoast.com\/product\/yoast-seo-premium-wordpress\/ -->\n<title>Transformers X Teenage Mutant Ninja Turtles - Party Wallop<\/title>\n<meta name=\"robots\" content=\"index, follow, max-snippet:-1, max-image-preview:large, max-video-preview:-1\" \/>\n<link rel=\"canonical\" href=\"https:\/\/hobby4geek.com\/fr\/produit\/transformers-collaborative-teenage-mutant-ninja-turtles-x-transformers-party-wallop\/\" \/>\n<meta property=\"og:locale\" content=\"fr_FR\" \/>\n<meta property=\"og:type\" content=\"article\" \/>\n<meta property=\"og:title\" content=\"Transformers X Teenage Mutant Ninja Turtles - Party Wallop\" \/>\n<meta property=\"og:description\" content=\"17.5 cm  Converts robot to Party Wagon  20 Steps  4 Different heads  2 Ninja swords  Bo staff  2 Nunchucks  2 Ninja sai  Rotating belt buckle\" \/>\n<meta property=\"og:url\" content=\"https:\/\/hobby4geek.com\/fr\/produit\/transformers-collaborative-teenage-mutant-ninja-turtles-x-transformers-party-wallop\/\" \/>\n<meta property=\"og:site_name\" content=\"Hobby4Geek\" \/>\n<meta property=\"article:publisher\" content=\"https:\/\/www.facebook.com\/hobby4geek\" \/>\n<meta property=\"article:modified_time\" content=\"2025-01-18T15:39:36+00:00\" \/>\n<meta property=\"og:image\" content=\"https:\/\/hobby4geek.com\/wp-content\/uploads\/2024\/04\/transformers-x-teenage-mutant-ninja-turtles-party-wallop-9.webp\" \/>\n\t<meta property=\"og:image:width\" content=\"2000\" \/>\n\t<meta property=\"og:image:height\" content=\"2000\" \/>\n\t<meta property=\"og:image:type\" content=\"image\/webp\" \/>\n<meta name=\"twitter:card\" content=\"summary_large_image\" \/>\n<meta name=\"twitter:site\" content=\"@hobby4geek\" \/>\n<script type=\"application\/ld+json\" class=\"yoast-schema-graph\">{\"@context\":\"https:\/\/schema.org\",\"@graph\":[{\"@type\":\"WebPage\",\"@id\":\"https:\/\/hobby4geek.com\/product\/transformers-collaborative-teenage-mutant-ninja-turtles-x-transformers-party-wallop\/\",\"url\":\"https:\/\/hobby4geek.com\/product\/transformers-collaborative-teenage-mutant-ninja-turtles-x-transformers-party-wallop\/\",\"name\":\"Transformers X Teenage Mutant Ninja Turtles - Party Wallop\",\"isPartOf\":{\"@id\":\"https:\/\/hobby4geek.com\/#website\"},\"primaryImageOfPage\":{\"@id\":\"https:\/\/hobby4geek.com\/product\/transformers-collaborative-teenage-mutant-ninja-turtles-x-transformers-party-wallop\/#primaryimage\"},\"image\":{\"@id\":\"https:\/\/hobby4geek.com\/product\/transformers-collaborative-teenage-mutant-ninja-turtles-x-transformers-party-wallop\/#primaryimage\"},\"thumbnailUrl\":\"https:\/\/hobby4geek.com\/wp-content\/uploads\/2024\/04\/transformers-x-teenage-mutant-ninja-turtles-party-wallop-9.webp\",\"datePublished\":\"2024-08-21T13:23:46+00:00\",\"dateModified\":\"2025-01-18T15:39:36+00:00\",\"breadcrumb\":{\"@id\":\"https:\/\/hobby4geek.com\/product\/transformers-collaborative-teenage-mutant-ninja-turtles-x-transformers-party-wallop\/#breadcrumb\"},\"inLanguage\":\"fr-FR\",\"potentialAction\":[{\"@type\":\"ReadAction\",\"target\":[\"https:\/\/hobby4geek.com\/product\/transformers-collaborative-teenage-mutant-ninja-turtles-x-transformers-party-wallop\/\"]}]},{\"@type\":\"ImageObject\",\"inLanguage\":\"fr-FR\",\"@id\":\"https:\/\/hobby4geek.com\/product\/transformers-collaborative-teenage-mutant-ninja-turtles-x-transformers-party-wallop\/#primaryimage\",\"url\":\"https:\/\/hobby4geek.com\/wp-content\/uploads\/2024\/04\/transformers-x-teenage-mutant-ninja-turtles-party-wallop-9.webp\",\"contentUrl\":\"https:\/\/hobby4geek.com\/wp-content\/uploads\/2024\/04\/transformers-x-teenage-mutant-ninja-turtles-party-wallop-9.webp\",\"width\":2000,\"height\":2000,\"caption\":\"Transformers X Teenage Mutant Ninja Turtles Party Wallop 9\"},{\"@type\":\"BreadcrumbList\",\"@id\":\"https:\/\/hobby4geek.com\/product\/transformers-collaborative-teenage-mutant-ninja-turtles-x-transformers-party-wallop\/#breadcrumb\",\"itemListElement\":[{\"@type\":\"ListItem\",\"position\":1,\"name\":\"Home\",\"item\":\"https:\/\/hobby4geek.com\/\"},{\"@type\":\"ListItem\",\"position\":2,\"name\":\"Shop\",\"item\":\"https:\/\/hobby4geek.com\/shop\/\"},{\"@type\":\"ListItem\",\"position\":3,\"name\":\"Transformers X Teenage Mutant Ninja Turtles &#8211; Party Wallop\"}]},{\"@type\":\"WebSite\",\"@id\":\"https:\/\/hobby4geek.com\/#website\",\"url\":\"https:\/\/hobby4geek.com\/\",\"name\":\"Hobby4Geek\",\"description\":\"Collect, Play &amp; Showcase, Embrace your Geekiness\",\"publisher\":{\"@id\":\"https:\/\/hobby4geek.com\/#organization\"},\"potentialAction\":[{\"@type\":\"SearchAction\",\"target\":{\"@type\":\"EntryPoint\",\"urlTemplate\":\"https:\/\/hobby4geek.com\/?s={search_term_string}\"},\"query-input\":{\"@type\":\"PropertyValueSpecification\",\"valueRequired\":true,\"valueName\":\"search_term_string\"}}],\"inLanguage\":\"fr-FR\"},{\"@type\":\"Organization\",\"@id\":\"https:\/\/hobby4geek.com\/#organization\",\"name\":\"Hobby4Geek\",\"url\":\"https:\/\/hobby4geek.com\/\",\"logo\":{\"@type\":\"ImageObject\",\"inLanguage\":\"fr-FR\",\"@id\":\"https:\/\/hobby4geek.com\/#\/schema\/logo\/image\/\",\"url\":\"https:\/\/hobby4geek.com\/wp-content\/uploads\/2023\/02\/default-kit.png\",\"contentUrl\":\"https:\/\/hobby4geek.com\/wp-content\/uploads\/2023\/02\/default-kit.png\",\"width\":600,\"height\":600,\"caption\":\"Hobby4Geek\"},\"image\":{\"@id\":\"https:\/\/hobby4geek.com\/#\/schema\/logo\/image\/\"},\"sameAs\":[\"https:\/\/www.facebook.com\/hobby4geek\",\"https:\/\/x.com\/hobby4geek\",\"https:\/\/www.instagram.com\/hobby4geek\/\"]}]}<\/script>\n<meta property=\"product:brand\" content=\"Transformers\" \/>\n<meta property=\"product:price:amount\" content=\"56.80\" \/>\n<meta property=\"product:price:currency\" content=\"EUR\" \/>\n<meta property=\"og:availability\" content=\"out of stock\" \/>\n<meta property=\"product:availability\" content=\"out of stock\" \/>\n<meta property=\"product:retailer_item_id\" content=\"5010996248091\" \/>\n<meta property=\"product:condition\" content=\"new\" \/>\n<!-- \/ Yoast SEO Premium plugin. -->","yoast_head_json":{"title":"Transformers X Teenage Mutant Ninja Turtles - Party Wallop","robots":{"index":"index","follow":"follow","max-snippet":"max-snippet:-1","max-image-preview":"max-image-preview:large","max-video-preview":"max-video-preview:-1"},"canonical":"https:\/\/hobby4geek.com\/fr\/produit\/transformers-collaborative-teenage-mutant-ninja-turtles-x-transformers-party-wallop\/","og_locale":"fr_FR","og_type":"article","og_title":"Transformers X Teenage Mutant Ninja Turtles - Party Wallop","og_description":"17.5 cm  Converts robot to Party Wagon  20 Steps  4 Different heads  2 Ninja swords  Bo staff  2 Nunchucks  2 Ninja sai  Rotating belt buckle","og_url":"https:\/\/hobby4geek.com\/fr\/produit\/transformers-collaborative-teenage-mutant-ninja-turtles-x-transformers-party-wallop\/","og_site_name":"Hobby4Geek","article_publisher":"https:\/\/www.facebook.com\/hobby4geek","article_modified_time":"2025-01-18T15:39:36+00:00","og_image":[{"width":2000,"height":2000,"url":"https:\/\/hobby4geek.com\/wp-content\/uploads\/2024\/04\/transformers-x-teenage-mutant-ninja-turtles-party-wallop-9.webp","type":"image\/webp"}],"twitter_card":"summary_large_image","twitter_site":"@hobby4geek","schema":{"@context":"https:\/\/schema.org","@graph":[{"@type":"WebPage","@id":"https:\/\/hobby4geek.com\/product\/transformers-collaborative-teenage-mutant-ninja-turtles-x-transformers-party-wallop\/","url":"https:\/\/hobby4geek.com\/product\/transformers-collaborative-teenage-mutant-ninja-turtles-x-transformers-party-wallop\/","name":"Transformers X Teenage Mutant Ninja Turtles - Party Wallop","isPartOf":{"@id":"https:\/\/hobby4geek.com\/#website"},"primaryImageOfPage":{"@id":"https:\/\/hobby4geek.com\/product\/transformers-collaborative-teenage-mutant-ninja-turtles-x-transformers-party-wallop\/#primaryimage"},"image":{"@id":"https:\/\/hobby4geek.com\/product\/transformers-collaborative-teenage-mutant-ninja-turtles-x-transformers-party-wallop\/#primaryimage"},"thumbnailUrl":"https:\/\/hobby4geek.com\/wp-content\/uploads\/2024\/04\/transformers-x-teenage-mutant-ninja-turtles-party-wallop-9.webp","datePublished":"2024-08-21T13:23:46+00:00","dateModified":"2025-01-18T15:39:36+00:00","breadcrumb":{"@id":"https:\/\/hobby4geek.com\/product\/transformers-collaborative-teenage-mutant-ninja-turtles-x-transformers-party-wallop\/#breadcrumb"},"inLanguage":"fr-FR","potentialAction":[{"@type":"ReadAction","target":["https:\/\/hobby4geek.com\/product\/transformers-collaborative-teenage-mutant-ninja-turtles-x-transformers-party-wallop\/"]}]},{"@type":"ImageObject","inLanguage":"fr-FR","@id":"https:\/\/hobby4geek.com\/product\/transformers-collaborative-teenage-mutant-ninja-turtles-x-transformers-party-wallop\/#primaryimage","url":"https:\/\/hobby4geek.com\/wp-content\/uploads\/2024\/04\/transformers-x-teenage-mutant-ninja-turtles-party-wallop-9.webp","contentUrl":"https:\/\/hobby4geek.com\/wp-content\/uploads\/2024\/04\/transformers-x-teenage-mutant-ninja-turtles-party-wallop-9.webp","width":2000,"height":2000,"caption":"Transformers X Teenage Mutant Ninja Turtles Party Wallop 9"},{"@type":"BreadcrumbList","@id":"https:\/\/hobby4geek.com\/product\/transformers-collaborative-teenage-mutant-ninja-turtles-x-transformers-party-wallop\/#breadcrumb","itemListElement":[{"@type":"ListItem","position":1,"name":"Home","item":"https:\/\/hobby4geek.com\/"},{"@type":"ListItem","position":2,"name":"Shop","item":"https:\/\/hobby4geek.com\/shop\/"},{"@type":"ListItem","position":3,"name":"Transformers X Teenage Mutant Ninja Turtles &#8211; Party Wallop"}]},{"@type":"WebSite","@id":"https:\/\/hobby4geek.com\/#website","url":"https:\/\/hobby4geek.com\/","name":"Hobby4Geek","description":"Collectionnez, jouez et exposez, embrassez votre geekitude","publisher":{"@id":"https:\/\/hobby4geek.com\/#organization"},"potentialAction":[{"@type":"SearchAction","target":{"@type":"EntryPoint","urlTemplate":"https:\/\/hobby4geek.com\/?s={search_term_string}"},"query-input":{"@type":"PropertyValueSpecification","valueRequired":true,"valueName":"search_term_string"}}],"inLanguage":"fr-FR"},{"@type":"Organization","@id":"https:\/\/hobby4geek.com\/#organization","name":"Hobby4Geek","url":"https:\/\/hobby4geek.com\/","logo":{"@type":"ImageObject","inLanguage":"fr-FR","@id":"https:\/\/hobby4geek.com\/#\/schema\/logo\/image\/","url":"https:\/\/hobby4geek.com\/wp-content\/uploads\/2023\/02\/default-kit.png","contentUrl":"https:\/\/hobby4geek.com\/wp-content\/uploads\/2023\/02\/default-kit.png","width":600,"height":600,"caption":"Hobby4Geek"},"image":{"@id":"https:\/\/hobby4geek.com\/#\/schema\/logo\/image\/"},"sameAs":["https:\/\/www.facebook.com\/hobby4geek","https:\/\/x.com\/hobby4geek","https:\/\/www.instagram.com\/hobby4geek\/"]}]},"product_brand":"Transformers","product_price_amount":"56.80","product_price_currency":"EUR","og_availability":"out of stock","product_availability":"out of stock","product_retailer_item_id":"5010996248091","product_condition":"new"},"_links":{"self":[{"href":"https:\/\/hobby4geek.com\/fr\/wp-json\/wp\/v2\/product\/194524","targetHints":{"allow":["GET"]}}],"collection":[{"href":"https:\/\/hobby4geek.com\/fr\/wp-json\/wp\/v2\/product"}],"about":[{"href":"https:\/\/hobby4geek.com\/fr\/wp-json\/wp\/v2\/types\/product"}],"replies":[{"embeddable":true,"href":"https:\/\/hobby4geek.com\/fr\/wp-json\/wp\/v2\/comments?post=194524"}],"version-history":[{"count":0,"href":"https:\/\/hobby4geek.com\/fr\/wp-json\/wp\/v2\/product\/194524\/revisions"}],"wp:featuredmedia":[{"embeddable":true,"href":"https:\/\/hobby4geek.com\/fr\/wp-json\/wp\/v2\/media\/194533"}],"wp:attachment":[{"href":"https:\/\/hobby4geek.com\/fr\/wp-json\/wp\/v2\/media?parent=194524"}],"wp:term":[{"taxonomy":"product_brand","embeddable":true,"href":"https:\/\/hobby4geek.com\/fr\/wp-json\/wp\/v2\/product_brand?post=194524"},{"taxonomy":"product_cat","embeddable":true,"href":"https:\/\/hobby4geek.com\/fr\/wp-json\/wp\/v2\/product_cat?post=194524"},{"taxonomy":"product_tag","embeddable":true,"href":"https:\/\/hobby4geek.com\/fr\/wp-json\/wp\/v2\/product_tag?post=194524"},{"taxonomy":"giftcard-category","embeddable":true,"href":"https:\/\/hobby4geek.com\/fr\/wp-json\/wp\/v2\/giftcard-category?post=194524"}],"curies":[{"name":"wp","href":"https:\/\/api.w.org\/{rel}","templated":true}]}}