{"id":192426,"date":"2024-04-16T15:47:26","date_gmt":"2024-04-16T14:47:26","guid":{"rendered":"https:\/\/hobby4geek.com\/?post_type=product&#038;p=192426"},"modified":"2024-06-20T20:16:35","modified_gmt":"2024-06-20T19:16:35","slug":"transformers-generations-selects-legacy-united-autobots-stand-united-5-pack","status":"publish","type":"product","link":"https:\/\/hobby4geek.com\/fr\/produit\/transformers-generations-selects-legacy-united-autobots-stand-united-5-pack\/","title":{"rendered":"Transformers Generations Selects Legacy United Autobots Stand United 5-Pack"},"content":{"rendered":"<p>Faites passer votre collection de figurines Transformers au niveau sup\u00e9rieur avec le pack de 5 Autobots Stand United de Transformers Generations Selects ! Les objets de collection pour adultes Generations Selects sont une ligne de figurines d\u00e9di\u00e9es aux fans qui pr\u00e9sentent des personnages pr\u00e9f\u00e9r\u00e9s des fans, en \u00e9dition sp\u00e9ciale, que l'on ne trouve pas dans la ligne principale. Ce pack comprend les figurines Autobot Jazz, Sunstreaker, Trailbreaker, Wheeljack et Autobot Hound. Les figurines passent du mode robot au mode v\u00e9hicule. Prends la pose avec les accessoires blaster inclus qui se fixent dans les deux modes. Ces jouets Autobot sont inspir\u00e9s des personnages de la s\u00e9rie anim\u00e9e originale G1, The Transformers.<\/p>\n<ul>\n<li>Transformers Generations Selects est une ligne de figurines d\u00e9di\u00e9e aux fans qui pr\u00e9sente des personnages en \u00e9dition sp\u00e9ciale qui ne se trouvent pas dans la gamme principale.<\/li>\n<li>Cet ensemble comprend 5 figurines de 14 cm (5,5 pouces) : Autobot Jazz, Sunstreaker, Trailbreaker, Wheeljack et Autobot Hound. Les figurines pr\u00e9sentent des d\u00e9cors et des d\u00e9tails inspir\u00e9s de la s\u00e9rie anim\u00e9e The Transformers.<\/li>\n<li>Chaque figurine Transformers incluse passe du mode robot au mode v\u00e9hicule inspir\u00e9 de G1.<\/li>\n<li>Ce pack de 5 Transformers est livr\u00e9 avec 8 accessoires de blaster. Les accessoires s'attachent aux figurines dans les deux modes<\/li>\n<li>Les figurines Transformers sont dot\u00e9es de t\u00eates, de bras et de jambes articul\u00e9s pour des poses d'action.<\/li>\n<li>Ce lot de 5 figurines Autobot est un excellent cadeau pour tout fan de Transformers.<\/li>\n<\/ul>\n<p>TRANSFORMERS et HASBRO ainsi que toutes les marques et logos associ\u00e9s sont des marques d\u00e9pos\u00e9es de Hasbro, Inc. \u00a9 2024 Hasbro.<\/p>\n<p>Comprend 5 figurines, 8 accessoires et des instructions.<\/p>\n<p>\u00c9chelle de la figure : 5,5 pouces (14 cm)<\/p>\n<p>A partir de 8 ans<br \/>\nAvertissement : Risque d'\u00e9touffement - Petites pi\u00e8ces. Ne convient pas aux enfants de moins de 3 ans.<\/p>","protected":false},"excerpt":{"rendered":"<ul>\n<li>Taille des figurines : 14 cm<\/li>\n<li>Comprend 5 figurines<\/li>\n<li>8 accessoires<\/li>\n<li>Deco de la s\u00e9rie anim\u00e9e<\/li>\n<li>Instructions<\/li>\n<\/ul>","protected":false},"featured_media":192449,"comment_status":"open","ping_status":"closed","template":"","meta":{"inline_featured_image":false},"product_brand":[],"product_cat":[1955,68,1960],"product_tag":[2429,1759,199,2428,2431,2430,335,296,201,2400,889,1975,2427,204,1962,2288],"giftcard-category":[],"class_list":{"0":"post-192426","1":"product","2":"type-product","3":"status-publish","4":"has-post-thumbnail","6":"product_cat-transformers","7":"product_cat-hasbro","8":"product_cat-transformers-generations","9":"product_tag-5-pack","10":"product_tag-action-toys","11":"product_tag-autobot","12":"product_tag-autobots-stand-united","13":"product_tag-g1-animated-series","14":"product_tag-generations-selects","15":"product_tag-hasbro","16":"product_tag-hound","17":"product_tag-jazz","18":"product_tag-legacy-united","19":"product_tag-sunstreaker","20":"product_tag-toys-figures","21":"product_tag-trailbreaker","22":"product_tag-transformers","23":"product_tag-transformers-generations","24":"product_tag-wheeljack","25":"product_shipping_class-standard","27":"first","28":"outofstock","29":"taxable","30":"shipping-taxable","31":"purchasable","32":"product-type-simple","33":"add-to-wishlist-after_add_to_cart"},"yoast_head":"<!-- This site is optimized with the Yoast SEO Premium plugin v25.3.1 (Yoast SEO v27.2) - https:\/\/yoast.com\/product\/yoast-seo-premium-wordpress\/ -->\n<title>Transformers Generations Selects Legacy United Autobots Stand United 5-Pack<\/title>\n<meta name=\"robots\" content=\"index, follow, max-snippet:-1, max-image-preview:large, max-video-preview:-1\" \/>\n<link rel=\"canonical\" href=\"https:\/\/hobby4geek.com\/fr\/produit\/transformers-generations-selects-legacy-united-autobots-stand-united-5-pack\/\" \/>\n<meta property=\"og:locale\" content=\"fr_FR\" \/>\n<meta property=\"og:type\" content=\"article\" \/>\n<meta property=\"og:title\" content=\"Transformers Generations Selects Legacy United Autobots Stand United 5-Pack\" \/>\n<meta property=\"og:description\" content=\"Figures size: 14 cm  Includes 5 figures  8 accessories  Deco from the animated series  Instructions\" \/>\n<meta property=\"og:url\" content=\"https:\/\/hobby4geek.com\/fr\/produit\/transformers-generations-selects-legacy-united-autobots-stand-united-5-pack\/\" \/>\n<meta property=\"og:site_name\" content=\"Hobby4Geek\" \/>\n<meta property=\"article:publisher\" content=\"https:\/\/www.facebook.com\/hobby4geek\" \/>\n<meta property=\"article:modified_time\" content=\"2024-06-20T19:16:35+00:00\" \/>\n<meta property=\"og:image\" content=\"https:\/\/hobby4geek.com\/wp-content\/uploads\/2024\/02\/transformers-generations-selects-legacy-united-autobots-stand-united-5-pack.webp\" \/>\n\t<meta property=\"og:image:width\" content=\"2000\" \/>\n\t<meta property=\"og:image:height\" content=\"2000\" \/>\n\t<meta property=\"og:image:type\" content=\"image\/webp\" \/>\n<meta name=\"twitter:card\" content=\"summary_large_image\" \/>\n<meta name=\"twitter:site\" content=\"@hobby4geek\" \/>\n<script type=\"application\/ld+json\" class=\"yoast-schema-graph\">{\"@context\":\"https:\/\/schema.org\",\"@graph\":[{\"@type\":\"WebPage\",\"@id\":\"https:\/\/hobby4geek.com\/product\/transformers-generations-selects-legacy-united-autobots-stand-united-5-pack\/\",\"url\":\"https:\/\/hobby4geek.com\/product\/transformers-generations-selects-legacy-united-autobots-stand-united-5-pack\/\",\"name\":\"Transformers Generations Selects Legacy United Autobots Stand United 5-Pack\",\"isPartOf\":{\"@id\":\"https:\/\/hobby4geek.com\/#website\"},\"primaryImageOfPage\":{\"@id\":\"https:\/\/hobby4geek.com\/product\/transformers-generations-selects-legacy-united-autobots-stand-united-5-pack\/#primaryimage\"},\"image\":{\"@id\":\"https:\/\/hobby4geek.com\/product\/transformers-generations-selects-legacy-united-autobots-stand-united-5-pack\/#primaryimage\"},\"thumbnailUrl\":\"https:\/\/hobby4geek.com\/wp-content\/uploads\/2024\/02\/transformers-generations-selects-legacy-united-autobots-stand-united-5-pack.webp\",\"datePublished\":\"2024-04-16T14:47:26+00:00\",\"dateModified\":\"2024-06-20T19:16:35+00:00\",\"breadcrumb\":{\"@id\":\"https:\/\/hobby4geek.com\/product\/transformers-generations-selects-legacy-united-autobots-stand-united-5-pack\/#breadcrumb\"},\"inLanguage\":\"fr-FR\",\"potentialAction\":[{\"@type\":\"ReadAction\",\"target\":[\"https:\/\/hobby4geek.com\/product\/transformers-generations-selects-legacy-united-autobots-stand-united-5-pack\/\"]}]},{\"@type\":\"ImageObject\",\"inLanguage\":\"fr-FR\",\"@id\":\"https:\/\/hobby4geek.com\/product\/transformers-generations-selects-legacy-united-autobots-stand-united-5-pack\/#primaryimage\",\"url\":\"https:\/\/hobby4geek.com\/wp-content\/uploads\/2024\/02\/transformers-generations-selects-legacy-united-autobots-stand-united-5-pack.webp\",\"contentUrl\":\"https:\/\/hobby4geek.com\/wp-content\/uploads\/2024\/02\/transformers-generations-selects-legacy-united-autobots-stand-united-5-pack.webp\",\"width\":2000,\"height\":2000,\"caption\":\"Transformers Generations Selects Legacy United Autobots Stand United 5 Pack\"},{\"@type\":\"BreadcrumbList\",\"@id\":\"https:\/\/hobby4geek.com\/product\/transformers-generations-selects-legacy-united-autobots-stand-united-5-pack\/#breadcrumb\",\"itemListElement\":[{\"@type\":\"ListItem\",\"position\":1,\"name\":\"Home\",\"item\":\"https:\/\/hobby4geek.com\/\"},{\"@type\":\"ListItem\",\"position\":2,\"name\":\"Shop\",\"item\":\"https:\/\/hobby4geek.com\/shop\/\"},{\"@type\":\"ListItem\",\"position\":3,\"name\":\"Transformers Generations Selects Legacy United Autobots Stand United 5-Pack\"}]},{\"@type\":\"WebSite\",\"@id\":\"https:\/\/hobby4geek.com\/#website\",\"url\":\"https:\/\/hobby4geek.com\/\",\"name\":\"Hobby4Geek\",\"description\":\"Collect, Play &amp; Showcase, Embrace your Geekiness\",\"publisher\":{\"@id\":\"https:\/\/hobby4geek.com\/#organization\"},\"potentialAction\":[{\"@type\":\"SearchAction\",\"target\":{\"@type\":\"EntryPoint\",\"urlTemplate\":\"https:\/\/hobby4geek.com\/?s={search_term_string}\"},\"query-input\":{\"@type\":\"PropertyValueSpecification\",\"valueRequired\":true,\"valueName\":\"search_term_string\"}}],\"inLanguage\":\"fr-FR\"},{\"@type\":\"Organization\",\"@id\":\"https:\/\/hobby4geek.com\/#organization\",\"name\":\"Hobby4Geek\",\"url\":\"https:\/\/hobby4geek.com\/\",\"logo\":{\"@type\":\"ImageObject\",\"inLanguage\":\"fr-FR\",\"@id\":\"https:\/\/hobby4geek.com\/#\/schema\/logo\/image\/\",\"url\":\"https:\/\/hobby4geek.com\/wp-content\/uploads\/2023\/02\/default-kit.png\",\"contentUrl\":\"https:\/\/hobby4geek.com\/wp-content\/uploads\/2023\/02\/default-kit.png\",\"width\":600,\"height\":600,\"caption\":\"Hobby4Geek\"},\"image\":{\"@id\":\"https:\/\/hobby4geek.com\/#\/schema\/logo\/image\/\"},\"sameAs\":[\"https:\/\/www.facebook.com\/hobby4geek\",\"https:\/\/x.com\/hobby4geek\",\"https:\/\/www.instagram.com\/hobby4geek\/\"]}]}<\/script>\n<meta property=\"product:brand\" content=\"Transformers\" \/>\n<meta property=\"product:price:amount\" content=\"124.80\" \/>\n<meta property=\"product:price:currency\" content=\"EUR\" \/>\n<meta property=\"og:availability\" content=\"out of stock\" \/>\n<meta property=\"product:availability\" content=\"out of stock\" \/>\n<meta property=\"product:retailer_item_id\" content=\"5010996235695\" \/>\n<meta property=\"product:condition\" content=\"new\" \/>\n<!-- \/ Yoast SEO Premium plugin. -->","yoast_head_json":{"title":"Transformers Generations Selects Legacy United Autobots Stand United 5-Pack","robots":{"index":"index","follow":"follow","max-snippet":"max-snippet:-1","max-image-preview":"max-image-preview:large","max-video-preview":"max-video-preview:-1"},"canonical":"https:\/\/hobby4geek.com\/fr\/produit\/transformers-generations-selects-legacy-united-autobots-stand-united-5-pack\/","og_locale":"fr_FR","og_type":"article","og_title":"Transformers Generations Selects Legacy United Autobots Stand United 5-Pack","og_description":"Figures size: 14 cm  Includes 5 figures  8 accessories  Deco from the animated series  Instructions","og_url":"https:\/\/hobby4geek.com\/fr\/produit\/transformers-generations-selects-legacy-united-autobots-stand-united-5-pack\/","og_site_name":"Hobby4Geek","article_publisher":"https:\/\/www.facebook.com\/hobby4geek","article_modified_time":"2024-06-20T19:16:35+00:00","og_image":[{"width":2000,"height":2000,"url":"https:\/\/hobby4geek.com\/wp-content\/uploads\/2024\/02\/transformers-generations-selects-legacy-united-autobots-stand-united-5-pack.webp","type":"image\/webp"}],"twitter_card":"summary_large_image","twitter_site":"@hobby4geek","schema":{"@context":"https:\/\/schema.org","@graph":[{"@type":"WebPage","@id":"https:\/\/hobby4geek.com\/product\/transformers-generations-selects-legacy-united-autobots-stand-united-5-pack\/","url":"https:\/\/hobby4geek.com\/product\/transformers-generations-selects-legacy-united-autobots-stand-united-5-pack\/","name":"Transformers Generations Selects Legacy United Autobots Stand United 5-Pack","isPartOf":{"@id":"https:\/\/hobby4geek.com\/#website"},"primaryImageOfPage":{"@id":"https:\/\/hobby4geek.com\/product\/transformers-generations-selects-legacy-united-autobots-stand-united-5-pack\/#primaryimage"},"image":{"@id":"https:\/\/hobby4geek.com\/product\/transformers-generations-selects-legacy-united-autobots-stand-united-5-pack\/#primaryimage"},"thumbnailUrl":"https:\/\/hobby4geek.com\/wp-content\/uploads\/2024\/02\/transformers-generations-selects-legacy-united-autobots-stand-united-5-pack.webp","datePublished":"2024-04-16T14:47:26+00:00","dateModified":"2024-06-20T19:16:35+00:00","breadcrumb":{"@id":"https:\/\/hobby4geek.com\/product\/transformers-generations-selects-legacy-united-autobots-stand-united-5-pack\/#breadcrumb"},"inLanguage":"fr-FR","potentialAction":[{"@type":"ReadAction","target":["https:\/\/hobby4geek.com\/product\/transformers-generations-selects-legacy-united-autobots-stand-united-5-pack\/"]}]},{"@type":"ImageObject","inLanguage":"fr-FR","@id":"https:\/\/hobby4geek.com\/product\/transformers-generations-selects-legacy-united-autobots-stand-united-5-pack\/#primaryimage","url":"https:\/\/hobby4geek.com\/wp-content\/uploads\/2024\/02\/transformers-generations-selects-legacy-united-autobots-stand-united-5-pack.webp","contentUrl":"https:\/\/hobby4geek.com\/wp-content\/uploads\/2024\/02\/transformers-generations-selects-legacy-united-autobots-stand-united-5-pack.webp","width":2000,"height":2000,"caption":"Transformers Generations Selects Legacy United Autobots Stand United 5 Pack"},{"@type":"BreadcrumbList","@id":"https:\/\/hobby4geek.com\/product\/transformers-generations-selects-legacy-united-autobots-stand-united-5-pack\/#breadcrumb","itemListElement":[{"@type":"ListItem","position":1,"name":"Home","item":"https:\/\/hobby4geek.com\/"},{"@type":"ListItem","position":2,"name":"Shop","item":"https:\/\/hobby4geek.com\/shop\/"},{"@type":"ListItem","position":3,"name":"Transformers Generations Selects Legacy United Autobots Stand United 5-Pack"}]},{"@type":"WebSite","@id":"https:\/\/hobby4geek.com\/#website","url":"https:\/\/hobby4geek.com\/","name":"Hobby4Geek","description":"Collectionnez, jouez et exposez, embrassez votre geekitude","publisher":{"@id":"https:\/\/hobby4geek.com\/#organization"},"potentialAction":[{"@type":"SearchAction","target":{"@type":"EntryPoint","urlTemplate":"https:\/\/hobby4geek.com\/?s={search_term_string}"},"query-input":{"@type":"PropertyValueSpecification","valueRequired":true,"valueName":"search_term_string"}}],"inLanguage":"fr-FR"},{"@type":"Organization","@id":"https:\/\/hobby4geek.com\/#organization","name":"Hobby4Geek","url":"https:\/\/hobby4geek.com\/","logo":{"@type":"ImageObject","inLanguage":"fr-FR","@id":"https:\/\/hobby4geek.com\/#\/schema\/logo\/image\/","url":"https:\/\/hobby4geek.com\/wp-content\/uploads\/2023\/02\/default-kit.png","contentUrl":"https:\/\/hobby4geek.com\/wp-content\/uploads\/2023\/02\/default-kit.png","width":600,"height":600,"caption":"Hobby4Geek"},"image":{"@id":"https:\/\/hobby4geek.com\/#\/schema\/logo\/image\/"},"sameAs":["https:\/\/www.facebook.com\/hobby4geek","https:\/\/x.com\/hobby4geek","https:\/\/www.instagram.com\/hobby4geek\/"]}]},"product_brand":"Transformers","product_price_amount":"124.80","product_price_currency":"EUR","og_availability":"out of stock","product_availability":"out of stock","product_retailer_item_id":"5010996235695","product_condition":"new"},"_links":{"self":[{"href":"https:\/\/hobby4geek.com\/fr\/wp-json\/wp\/v2\/product\/192426","targetHints":{"allow":["GET"]}}],"collection":[{"href":"https:\/\/hobby4geek.com\/fr\/wp-json\/wp\/v2\/product"}],"about":[{"href":"https:\/\/hobby4geek.com\/fr\/wp-json\/wp\/v2\/types\/product"}],"replies":[{"embeddable":true,"href":"https:\/\/hobby4geek.com\/fr\/wp-json\/wp\/v2\/comments?post=192426"}],"version-history":[{"count":0,"href":"https:\/\/hobby4geek.com\/fr\/wp-json\/wp\/v2\/product\/192426\/revisions"}],"wp:featuredmedia":[{"embeddable":true,"href":"https:\/\/hobby4geek.com\/fr\/wp-json\/wp\/v2\/media\/192449"}],"wp:attachment":[{"href":"https:\/\/hobby4geek.com\/fr\/wp-json\/wp\/v2\/media?parent=192426"}],"wp:term":[{"taxonomy":"product_brand","embeddable":true,"href":"https:\/\/hobby4geek.com\/fr\/wp-json\/wp\/v2\/product_brand?post=192426"},{"taxonomy":"product_cat","embeddable":true,"href":"https:\/\/hobby4geek.com\/fr\/wp-json\/wp\/v2\/product_cat?post=192426"},{"taxonomy":"product_tag","embeddable":true,"href":"https:\/\/hobby4geek.com\/fr\/wp-json\/wp\/v2\/product_tag?post=192426"},{"taxonomy":"giftcard-category","embeddable":true,"href":"https:\/\/hobby4geek.com\/fr\/wp-json\/wp\/v2\/giftcard-category?post=192426"}],"curies":[{"name":"wp","href":"https:\/\/api.w.org\/{rel}","templated":true}]}}