{"id":192343,"date":"2024-02-06T16:24:24","date_gmt":"2024-02-06T15:24:24","guid":{"rendered":"https:\/\/hobby4geek.com\/?post_type=product&#038;p=192343"},"modified":"2025-01-18T16:01:50","modified_gmt":"2025-01-18T15:01:50","slug":"kits-damelioration-dna-design-dk-48-pour-ultimate-class-optimus-primal","status":"publish","type":"product","link":"https:\/\/hobby4geek.com\/fr\/produit\/kits-damelioration-dna-design-dk-48-pour-ultimate-class-optimus-primal\/","title":{"rendered":"DNA Design - Kit d'am\u00e9lioration DK-48 pour Ultimate Class Optimus Primal"},"content":{"rendered":"<p>DNA Design - Kit d'am\u00e9lioration DK-48 pour Ultimate Class Rise of The Beasts Optimus Primal (figurines vendues s\u00e9par\u00e9ment).<\/p>\n<p>Avec ce kit, vous pouvez transformer votre Optimus Primal en une figurine Apelink !<\/p>\n<p>Les kits d'am\u00e9lioration DNA Designs sont con\u00e7us \u00e0 l'aide de techniques de fabrication modernes et sont fabriqu\u00e9s en plastique de qualit\u00e9 durable, parfait pour la touche de r\u00e9alisme que vous recherchez dans votre kit d'am\u00e9lioration.<\/p>","protected":false},"excerpt":{"rendered":"<ul>\n<li>Compatible avec Transformers Ultimate Class ROTB Optimus Primal<\/li>\n<li>Un \u00e9ventail d'accessoires et d'armes \u00e0 personnaliser<\/li>\n<li>Figurine Optimus Primal vendue s\u00e9par\u00e9ment<\/li>\n<li>Convertissez Optimus Primal en Apelink !<\/li>\n<li>En plastique<\/li>\n<\/ul>\n<p><strong>Contenu de l'emballage :<\/strong><\/p>\n<ul>\n<li>1 x t\u00eate<\/li>\n<li>2 x armes<\/li>\n<li>1 x Ensemble d'armures<\/li>\n<li>1 x Cl\u00e9 Transwarp<\/li>\n<\/ul>\n<p>Note : Toutes les figurines pr\u00e9sent\u00e9es sont vendues s\u00e9par\u00e9ment.<\/p>","protected":false},"featured_media":192344,"comment_status":"open","ping_status":"closed","template":"","meta":{"inline_featured_image":false},"product_brand":[],"product_cat":[78],"product_tag":[274,2426,2424,276,562,1957,240,2156,1975,204,2425,2354],"giftcard-category":[],"class_list":{"0":"post-192343","1":"product","2":"type-product","3":"status-publish","4":"has-post-thumbnail","6":"product_cat-dna-design","7":"product_tag-add-ons","8":"product_tag-apelink","9":"product_tag-dk-48","10":"product_tag-dna-design","11":"product_tag-optimus-primal","12":"product_tag-rotb","13":"product_tag-studio-series","14":"product_tag-terrorcon","15":"product_tag-toys-figures","16":"product_tag-transformers","17":"product_tag-ultimate-class","18":"product_tag-upgrade-kits","19":"product_shipping_class-from-china","20":"inventories-china-inventory","22":"first","23":"instock","24":"taxable","25":"shipping-taxable","26":"purchasable","27":"product-type-simple","28":"add-to-wishlist-after_add_to_cart"},"yoast_head":"<!-- This site is optimized with the Yoast SEO Premium plugin v25.3.1 (Yoast SEO v27.4) - https:\/\/yoast.com\/product\/yoast-seo-premium-wordpress\/ -->\n<title>DNA Design - DK-48 Upgrade Kits for Ultimate Class Optimus Primal<\/title>\n<meta name=\"robots\" content=\"index, follow, max-snippet:-1, max-image-preview:large, max-video-preview:-1\" \/>\n<link rel=\"canonical\" href=\"https:\/\/hobby4geek.com\/fr\/produit\/kits-damelioration-dna-design-dk-48-pour-ultimate-class-optimus-primal\/\" \/>\n<meta property=\"og:locale\" content=\"fr_FR\" \/>\n<meta property=\"og:type\" content=\"article\" \/>\n<meta property=\"og:title\" content=\"DNA Design - DK-48 Upgrade Kits for Ultimate Class Optimus Primal\" \/>\n<meta property=\"og:description\" content=\"Compatible with Transformers Ultimate Class ROTB Optimus Primal  An array of accessories and weapons for customizing  Optimus Primal figure sold separately  Convert Optimus Primal to Apelink!  Made of plastic  Packaging Contents:   1 x Head  2 x Weapons  1 x Armor Set  1 x Transwarp Key  Note: All figures shown sold separately.\" \/>\n<meta property=\"og:url\" content=\"https:\/\/hobby4geek.com\/fr\/produit\/kits-damelioration-dna-design-dk-48-pour-ultimate-class-optimus-primal\/\" \/>\n<meta property=\"og:site_name\" content=\"Hobby4Geek\" \/>\n<meta property=\"article:publisher\" content=\"https:\/\/www.facebook.com\/hobby4geek\" \/>\n<meta property=\"article:modified_time\" content=\"2025-01-18T15:01:50+00:00\" \/>\n<meta property=\"og:image\" content=\"https:\/\/hobby4geek.com\/wp-content\/uploads\/2024\/02\/dna-design-dk-48-upgrade-kits-for-ultimate-class-optimus-primal-25.jpg\" \/>\n\t<meta property=\"og:image:width\" content=\"1145\" \/>\n\t<meta property=\"og:image:height\" content=\"1018\" \/>\n\t<meta property=\"og:image:type\" content=\"image\/jpeg\" \/>\n<meta name=\"twitter:card\" content=\"summary_large_image\" \/>\n<meta name=\"twitter:site\" content=\"@hobby4geek\" \/>\n<script type=\"application\/ld+json\" class=\"yoast-schema-graph\">{\"@context\":\"https:\\\/\\\/schema.org\",\"@graph\":[{\"@type\":\"WebPage\",\"@id\":\"https:\\\/\\\/hobby4geek.com\\\/product\\\/dna-design-dk-48-upgrade-kits-for-ultimate-class-optimus-primal\\\/\",\"url\":\"https:\\\/\\\/hobby4geek.com\\\/product\\\/dna-design-dk-48-upgrade-kits-for-ultimate-class-optimus-primal\\\/\",\"name\":\"DNA Design - DK-48 Upgrade Kits for Ultimate Class Optimus Primal\",\"isPartOf\":{\"@id\":\"https:\\\/\\\/hobby4geek.com\\\/#website\"},\"primaryImageOfPage\":{\"@id\":\"https:\\\/\\\/hobby4geek.com\\\/product\\\/dna-design-dk-48-upgrade-kits-for-ultimate-class-optimus-primal\\\/#primaryimage\"},\"image\":{\"@id\":\"https:\\\/\\\/hobby4geek.com\\\/product\\\/dna-design-dk-48-upgrade-kits-for-ultimate-class-optimus-primal\\\/#primaryimage\"},\"thumbnailUrl\":\"https:\\\/\\\/hobby4geek.com\\\/wp-content\\\/uploads\\\/2024\\\/02\\\/dna-design-dk-48-upgrade-kits-for-ultimate-class-optimus-primal-25.jpg\",\"datePublished\":\"2024-02-06T15:24:24+00:00\",\"dateModified\":\"2025-01-18T15:01:50+00:00\",\"breadcrumb\":{\"@id\":\"https:\\\/\\\/hobby4geek.com\\\/product\\\/dna-design-dk-48-upgrade-kits-for-ultimate-class-optimus-primal\\\/#breadcrumb\"},\"inLanguage\":\"fr-FR\",\"potentialAction\":[{\"@type\":\"ReadAction\",\"target\":[\"https:\\\/\\\/hobby4geek.com\\\/product\\\/dna-design-dk-48-upgrade-kits-for-ultimate-class-optimus-primal\\\/\"]}]},{\"@type\":\"ImageObject\",\"inLanguage\":\"fr-FR\",\"@id\":\"https:\\\/\\\/hobby4geek.com\\\/product\\\/dna-design-dk-48-upgrade-kits-for-ultimate-class-optimus-primal\\\/#primaryimage\",\"url\":\"https:\\\/\\\/hobby4geek.com\\\/wp-content\\\/uploads\\\/2024\\\/02\\\/dna-design-dk-48-upgrade-kits-for-ultimate-class-optimus-primal-25.jpg\",\"contentUrl\":\"https:\\\/\\\/hobby4geek.com\\\/wp-content\\\/uploads\\\/2024\\\/02\\\/dna-design-dk-48-upgrade-kits-for-ultimate-class-optimus-primal-25.jpg\",\"width\":1145,\"height\":1018,\"caption\":\"Dna Design Dk 48 Upgrade Kits For Ultimate Class Optimus Primal 25\"},{\"@type\":\"BreadcrumbList\",\"@id\":\"https:\\\/\\\/hobby4geek.com\\\/product\\\/dna-design-dk-48-upgrade-kits-for-ultimate-class-optimus-primal\\\/#breadcrumb\",\"itemListElement\":[{\"@type\":\"ListItem\",\"position\":1,\"name\":\"Home\",\"item\":\"https:\\\/\\\/hobby4geek.com\\\/\"},{\"@type\":\"ListItem\",\"position\":2,\"name\":\"Shop\",\"item\":\"https:\\\/\\\/hobby4geek.com\\\/shop\\\/\"},{\"@type\":\"ListItem\",\"position\":3,\"name\":\"DNA Design &#8211; DK-48 Upgrade Kits for Ultimate Class Optimus Primal\"}]},{\"@type\":\"WebSite\",\"@id\":\"https:\\\/\\\/hobby4geek.com\\\/#website\",\"url\":\"https:\\\/\\\/hobby4geek.com\\\/\",\"name\":\"Hobby4Geek\",\"description\":\"Collect, Play &amp; Showcase, Embrace your Geekiness\",\"publisher\":{\"@id\":\"https:\\\/\\\/hobby4geek.com\\\/#organization\"},\"potentialAction\":[{\"@type\":\"SearchAction\",\"target\":{\"@type\":\"EntryPoint\",\"urlTemplate\":\"https:\\\/\\\/hobby4geek.com\\\/?s={search_term_string}\"},\"query-input\":{\"@type\":\"PropertyValueSpecification\",\"valueRequired\":true,\"valueName\":\"search_term_string\"}}],\"inLanguage\":\"fr-FR\"},{\"@type\":\"Organization\",\"@id\":\"https:\\\/\\\/hobby4geek.com\\\/#organization\",\"name\":\"Hobby4Geek\",\"url\":\"https:\\\/\\\/hobby4geek.com\\\/\",\"logo\":{\"@type\":\"ImageObject\",\"inLanguage\":\"fr-FR\",\"@id\":\"https:\\\/\\\/hobby4geek.com\\\/#\\\/schema\\\/logo\\\/image\\\/\",\"url\":\"https:\\\/\\\/hobby4geek.com\\\/wp-content\\\/uploads\\\/2023\\\/02\\\/default-kit.png\",\"contentUrl\":\"https:\\\/\\\/hobby4geek.com\\\/wp-content\\\/uploads\\\/2023\\\/02\\\/default-kit.png\",\"width\":600,\"height\":600,\"caption\":\"Hobby4Geek\"},\"image\":{\"@id\":\"https:\\\/\\\/hobby4geek.com\\\/#\\\/schema\\\/logo\\\/image\\\/\"},\"sameAs\":[\"https:\\\/\\\/www.facebook.com\\\/hobby4geek\",\"https:\\\/\\\/x.com\\\/hobby4geek\",\"https:\\\/\\\/www.instagram.com\\\/hobby4geek\\\/\"]}]}<\/script>\n<meta property=\"product:brand\" content=\"DNA Design\" \/>\n<meta property=\"product:price:amount\" content=\"46.80\" \/>\n<meta property=\"product:price:currency\" content=\"EUR\" \/>\n<meta property=\"og:availability\" content=\"instock\" \/>\n<meta property=\"product:availability\" content=\"instock\" \/>\n<meta property=\"product:condition\" content=\"new\" \/>\n<!-- \/ Yoast SEO Premium plugin. -->","yoast_head_json":{"title":"DNA Design - Kit d'am\u00e9lioration DK-48 pour Ultimate Class Optimus Primal","robots":{"index":"index","follow":"follow","max-snippet":"max-snippet:-1","max-image-preview":"max-image-preview:large","max-video-preview":"max-video-preview:-1"},"canonical":"https:\/\/hobby4geek.com\/fr\/produit\/kits-damelioration-dna-design-dk-48-pour-ultimate-class-optimus-primal\/","og_locale":"fr_FR","og_type":"article","og_title":"DNA Design - DK-48 Upgrade Kits for Ultimate Class Optimus Primal","og_description":"Compatible with Transformers Ultimate Class ROTB Optimus Primal  An array of accessories and weapons for customizing  Optimus Primal figure sold separately  Convert Optimus Primal to Apelink!  Made of plastic  Packaging Contents:   1 x Head  2 x Weapons  1 x Armor Set  1 x Transwarp Key  Note: All figures shown sold separately.","og_url":"https:\/\/hobby4geek.com\/fr\/produit\/kits-damelioration-dna-design-dk-48-pour-ultimate-class-optimus-primal\/","og_site_name":"Hobby4Geek","article_publisher":"https:\/\/www.facebook.com\/hobby4geek","article_modified_time":"2025-01-18T15:01:50+00:00","og_image":[{"width":1145,"height":1018,"url":"https:\/\/hobby4geek.com\/wp-content\/uploads\/2024\/02\/dna-design-dk-48-upgrade-kits-for-ultimate-class-optimus-primal-25.jpg","type":"image\/jpeg"}],"twitter_card":"summary_large_image","twitter_site":"@hobby4geek","schema":{"@context":"https:\/\/schema.org","@graph":[{"@type":"WebPage","@id":"https:\/\/hobby4geek.com\/product\/dna-design-dk-48-upgrade-kits-for-ultimate-class-optimus-primal\/","url":"https:\/\/hobby4geek.com\/product\/dna-design-dk-48-upgrade-kits-for-ultimate-class-optimus-primal\/","name":"DNA Design - Kit d'am\u00e9lioration DK-48 pour Ultimate Class Optimus Primal","isPartOf":{"@id":"https:\/\/hobby4geek.com\/#website"},"primaryImageOfPage":{"@id":"https:\/\/hobby4geek.com\/product\/dna-design-dk-48-upgrade-kits-for-ultimate-class-optimus-primal\/#primaryimage"},"image":{"@id":"https:\/\/hobby4geek.com\/product\/dna-design-dk-48-upgrade-kits-for-ultimate-class-optimus-primal\/#primaryimage"},"thumbnailUrl":"https:\/\/hobby4geek.com\/wp-content\/uploads\/2024\/02\/dna-design-dk-48-upgrade-kits-for-ultimate-class-optimus-primal-25.jpg","datePublished":"2024-02-06T15:24:24+00:00","dateModified":"2025-01-18T15:01:50+00:00","breadcrumb":{"@id":"https:\/\/hobby4geek.com\/product\/dna-design-dk-48-upgrade-kits-for-ultimate-class-optimus-primal\/#breadcrumb"},"inLanguage":"fr-FR","potentialAction":[{"@type":"ReadAction","target":["https:\/\/hobby4geek.com\/product\/dna-design-dk-48-upgrade-kits-for-ultimate-class-optimus-primal\/"]}]},{"@type":"ImageObject","inLanguage":"fr-FR","@id":"https:\/\/hobby4geek.com\/product\/dna-design-dk-48-upgrade-kits-for-ultimate-class-optimus-primal\/#primaryimage","url":"https:\/\/hobby4geek.com\/wp-content\/uploads\/2024\/02\/dna-design-dk-48-upgrade-kits-for-ultimate-class-optimus-primal-25.jpg","contentUrl":"https:\/\/hobby4geek.com\/wp-content\/uploads\/2024\/02\/dna-design-dk-48-upgrade-kits-for-ultimate-class-optimus-primal-25.jpg","width":1145,"height":1018,"caption":"Dna Design Dk 48 Upgrade Kits For Ultimate Class Optimus Primal 25"},{"@type":"BreadcrumbList","@id":"https:\/\/hobby4geek.com\/product\/dna-design-dk-48-upgrade-kits-for-ultimate-class-optimus-primal\/#breadcrumb","itemListElement":[{"@type":"ListItem","position":1,"name":"Home","item":"https:\/\/hobby4geek.com\/"},{"@type":"ListItem","position":2,"name":"Shop","item":"https:\/\/hobby4geek.com\/shop\/"},{"@type":"ListItem","position":3,"name":"DNA Design &#8211; DK-48 Upgrade Kits for Ultimate Class Optimus Primal"}]},{"@type":"WebSite","@id":"https:\/\/hobby4geek.com\/#website","url":"https:\/\/hobby4geek.com\/","name":"Hobby4Geek","description":"Collectionnez, jouez et exposez, embrassez votre geekitude","publisher":{"@id":"https:\/\/hobby4geek.com\/#organization"},"potentialAction":[{"@type":"SearchAction","target":{"@type":"EntryPoint","urlTemplate":"https:\/\/hobby4geek.com\/?s={search_term_string}"},"query-input":{"@type":"PropertyValueSpecification","valueRequired":true,"valueName":"search_term_string"}}],"inLanguage":"fr-FR"},{"@type":"Organization","@id":"https:\/\/hobby4geek.com\/#organization","name":"Hobby4Geek","url":"https:\/\/hobby4geek.com\/","logo":{"@type":"ImageObject","inLanguage":"fr-FR","@id":"https:\/\/hobby4geek.com\/#\/schema\/logo\/image\/","url":"https:\/\/hobby4geek.com\/wp-content\/uploads\/2023\/02\/default-kit.png","contentUrl":"https:\/\/hobby4geek.com\/wp-content\/uploads\/2023\/02\/default-kit.png","width":600,"height":600,"caption":"Hobby4Geek"},"image":{"@id":"https:\/\/hobby4geek.com\/#\/schema\/logo\/image\/"},"sameAs":["https:\/\/www.facebook.com\/hobby4geek","https:\/\/x.com\/hobby4geek","https:\/\/www.instagram.com\/hobby4geek\/"]}]},"product_brand":"DNA Design","product_price_amount":"46.80","product_price_currency":"EUR","og_availability":"instock","product_availability":"instock","product_condition":"new"},"_links":{"self":[{"href":"https:\/\/hobby4geek.com\/fr\/wp-json\/wp\/v2\/product\/192343","targetHints":{"allow":["GET"]}}],"collection":[{"href":"https:\/\/hobby4geek.com\/fr\/wp-json\/wp\/v2\/product"}],"about":[{"href":"https:\/\/hobby4geek.com\/fr\/wp-json\/wp\/v2\/types\/product"}],"replies":[{"embeddable":true,"href":"https:\/\/hobby4geek.com\/fr\/wp-json\/wp\/v2\/comments?post=192343"}],"version-history":[{"count":0,"href":"https:\/\/hobby4geek.com\/fr\/wp-json\/wp\/v2\/product\/192343\/revisions"}],"wp:featuredmedia":[{"embeddable":true,"href":"https:\/\/hobby4geek.com\/fr\/wp-json\/wp\/v2\/media\/192344"}],"wp:attachment":[{"href":"https:\/\/hobby4geek.com\/fr\/wp-json\/wp\/v2\/media?parent=192343"}],"wp:term":[{"taxonomy":"product_brand","embeddable":true,"href":"https:\/\/hobby4geek.com\/fr\/wp-json\/wp\/v2\/product_brand?post=192343"},{"taxonomy":"product_cat","embeddable":true,"href":"https:\/\/hobby4geek.com\/fr\/wp-json\/wp\/v2\/product_cat?post=192343"},{"taxonomy":"product_tag","embeddable":true,"href":"https:\/\/hobby4geek.com\/fr\/wp-json\/wp\/v2\/product_tag?post=192343"},{"taxonomy":"giftcard-category","embeddable":true,"href":"https:\/\/hobby4geek.com\/fr\/wp-json\/wp\/v2\/giftcard-category?post=192343"}],"curies":[{"name":"wp","href":"https:\/\/api.w.org\/{rel}","templated":true}]}}