{"id":191329,"date":"2024-01-10T18:32:32","date_gmt":"2024-01-10T17:32:32","guid":{"rendered":"https:\/\/hobby4geek.com\/?post_type=product&#038;p=191329"},"modified":"2025-01-18T15:59:03","modified_gmt":"2025-01-18T14:59:03","slug":"alien-attack-toys-aat-02-roi-des-kavaliers","status":"publish","type":"product","link":"https:\/\/hobby4geek.com\/fr\/produit\/alien-attack-toys-aat-02-roi-des-kavaliers\/","title":{"rendered":"Alien Attack Toys AAT-02 King of Kavaliers \" Optimus Prime \""},"content":{"rendered":"<p>D\u00e9couvrez l'incroyable <strong>AAT-02 King of Kavaliers<\/strong> de Alien Attack Toys, une figure exceptionnelle d'une hauteur d'environ <strong>29 cm<\/strong>\u00a0grand en mode robot et se transformant en un impressionnant semi-remorque ! Inspir\u00e9 par <strong>Optimus Prime<\/strong> de la<strong> Transformers <\/strong>ce mod\u00e8le pr\u00e9sente les caract\u00e9ristiques suivantes <strong>pi\u00e8ces moul\u00e9es sous pression<\/strong>, <strong>articulations du coude<\/strong>, et <strong>pneus en caoutchouc<\/strong>, ce qui lui conf\u00e8re une robustesse et un r\u00e9alisme remarquables.<\/p>\n<p>En plus de sa transformation captivante, la <strong>King of Kavaliers<\/strong> est livr\u00e9 avec une s\u00e9rie d'accessoires impressionnants : un <strong>bouclier<\/strong>, a <strong>b\u00e2ton<\/strong>, a <strong>face de remplacement<\/strong>, a <strong>Buster Gun<\/strong>, a <strong>Lame \u00e0 pointes<\/strong>, a <strong>T\u00eate de N\u00e9m\u00e9sis<\/strong>, et un <strong>Carte Bio<\/strong> d\u00e9taillant son histoire et ses caract\u00e9ristiques. Les <strong>mains articul\u00e9es<\/strong> permettent des poses dynamiques et expressives, offrant encore plus de possibilit\u00e9s aux collectionneurs et aux fans de robots transformables.<\/p>\n<p>Dans la bo\u00eete, vous trouverez \u00e9galement un manuel d'instructions pour faciliter l'assemblage et la transformation. Les <strong>King of Kavaliers<\/strong> est con\u00e7u pour les collectionneurs et les fans de robots transformables. Il offre une qualit\u00e9 exceptionnelle et une attention particuli\u00e8re aux d\u00e9tails. Ajoutez ce chef-d'\u0153uvre \u00e0 votre collection et d\u00e9couvrez la fusion parfaite entre un design impressionnant et une fonctionnalit\u00e9 dynamique.<\/p>\n<p><a href=\"https:\/\/hobby4geek.com\/wp-content\/uploads\/2024\/01\/alien-attack-toys-aat-02-king-of-kavaliers-optimus-prime.gif\"><img decoding=\"async\" class=\"alignnone size-full wp-image-197719\" src=\"https:\/\/hobby4geek.com\/wp-content\/uploads\/2024\/01\/alien-attack-toys-aat-02-king-of-kavaliers-optimus-prime.gif\" alt=\"\" width=\"260\" height=\"146\" \/><\/a><\/p>","protected":false},"excerpt":{"rendered":"<ul>\n<li>Taille : 29 cm<\/li>\n<li>Bouclier<\/li>\n<li>B\u00e2ton<\/li>\n<li>Face de remplacement<\/li>\n<li>Buster Gun<\/li>\n<li>Lame \u00e0 pointes,<\/li>\n<li>Mains articul\u00e9es<\/li>\n<li>T\u00eate de N\u00e9m\u00e9sis<\/li>\n<li>Carte Bio<\/li>\n<li>Manuel d'instruction<\/li>\n<\/ul>","protected":false},"featured_media":197714,"comment_status":"open","ping_status":"closed","template":"","meta":{"inline_featured_image":false},"product_brand":[],"product_cat":[87],"product_tag":[2393,2391,200,1759,1035,199,594,2392,230,234,2394,1975,204,2395],"giftcard-category":[],"class_list":{"0":"post-191329","1":"product","2":"type-product","3":"status-publish","4":"has-post-thumbnail","6":"product_cat-alien-attack","7":"product_tag-3rd-party","8":"product_tag-aat-02","9":"product_tag-action-figures","10":"product_tag-action-toys","11":"product_tag-alien-attack-toys","12":"product_tag-autobot","13":"product_tag-combiner","14":"product_tag-king-of-kavaliers","15":"product_tag-masterpiece","16":"product_tag-optimus-prime","17":"product_tag-third-party","18":"product_tag-toys-figures","19":"product_tag-transformers","20":"product_tag-transformers-the-last-knight","21":"product_shipping_class-free-shipping","22":"inventories-china-inventory","24":"first","25":"outofstock","26":"featured","27":"taxable","28":"shipping-taxable","29":"purchasable","30":"product-type-simple","31":"add-to-wishlist-after_add_to_cart"},"yoast_head":"<!-- This site is optimized with the Yoast SEO Premium plugin v25.3.1 (Yoast SEO v27.4) - https:\/\/yoast.com\/product\/yoast-seo-premium-wordpress\/ -->\n<title>Alien Attack Toys AAT-02 King of Kavaliers &quot;Optimus Prime&quot;<\/title>\n<meta name=\"robots\" content=\"index, follow, max-snippet:-1, max-image-preview:large, max-video-preview:-1\" \/>\n<link rel=\"canonical\" href=\"https:\/\/hobby4geek.com\/fr\/produit\/alien-attack-toys-aat-02-roi-des-kavaliers\/\" \/>\n<meta property=\"og:locale\" content=\"fr_FR\" \/>\n<meta property=\"og:type\" content=\"article\" \/>\n<meta property=\"og:title\" content=\"Alien Attack Toys AAT-02 King of Kavaliers &quot;Optimus Prime&quot;\" \/>\n<meta property=\"og:description\" content=\"Size: 29 cm  Shield  Stick  Replacement Face  Buster Gun  Spike Blade,  Articuled hands  Nemesis head  Bio Card  Instruction Manual\" \/>\n<meta property=\"og:url\" content=\"https:\/\/hobby4geek.com\/fr\/produit\/alien-attack-toys-aat-02-roi-des-kavaliers\/\" \/>\n<meta property=\"og:site_name\" content=\"Hobby4Geek\" \/>\n<meta property=\"article:publisher\" content=\"https:\/\/www.facebook.com\/hobby4geek\" \/>\n<meta property=\"article:modified_time\" content=\"2025-01-18T14:59:03+00:00\" \/>\n<meta property=\"og:image\" content=\"https:\/\/hobby4geek.com\/wp-content\/uploads\/2024\/01\/alien-attack-toys-aat-02-king-of-kavaliers-optimus-prime-4.jpg\" \/>\n\t<meta property=\"og:image:width\" content=\"2048\" \/>\n\t<meta property=\"og:image:height\" content=\"1764\" \/>\n\t<meta property=\"og:image:type\" content=\"image\/jpeg\" \/>\n<meta name=\"twitter:card\" content=\"summary_large_image\" \/>\n<meta name=\"twitter:site\" content=\"@hobby4geek\" \/>\n<script type=\"application\/ld+json\" class=\"yoast-schema-graph\">{\"@context\":\"https:\\\/\\\/schema.org\",\"@graph\":[{\"@type\":\"WebPage\",\"@id\":\"https:\\\/\\\/hobby4geek.com\\\/product\\\/alien-attack-toys-aat-02-king-of-kavaliers\\\/\",\"url\":\"https:\\\/\\\/hobby4geek.com\\\/product\\\/alien-attack-toys-aat-02-king-of-kavaliers\\\/\",\"name\":\"Alien Attack Toys AAT-02 King of Kavaliers \\\"Optimus Prime\\\"\",\"isPartOf\":{\"@id\":\"https:\\\/\\\/hobby4geek.com\\\/#website\"},\"primaryImageOfPage\":{\"@id\":\"https:\\\/\\\/hobby4geek.com\\\/product\\\/alien-attack-toys-aat-02-king-of-kavaliers\\\/#primaryimage\"},\"image\":{\"@id\":\"https:\\\/\\\/hobby4geek.com\\\/product\\\/alien-attack-toys-aat-02-king-of-kavaliers\\\/#primaryimage\"},\"thumbnailUrl\":\"https:\\\/\\\/hobby4geek.com\\\/wp-content\\\/uploads\\\/2024\\\/01\\\/alien-attack-toys-aat-02-king-of-kavaliers-optimus-prime-4.jpg\",\"datePublished\":\"2024-01-10T17:32:32+00:00\",\"dateModified\":\"2025-01-18T14:59:03+00:00\",\"breadcrumb\":{\"@id\":\"https:\\\/\\\/hobby4geek.com\\\/product\\\/alien-attack-toys-aat-02-king-of-kavaliers\\\/#breadcrumb\"},\"inLanguage\":\"fr-FR\",\"potentialAction\":[{\"@type\":\"ReadAction\",\"target\":[\"https:\\\/\\\/hobby4geek.com\\\/product\\\/alien-attack-toys-aat-02-king-of-kavaliers\\\/\"]}]},{\"@type\":\"ImageObject\",\"inLanguage\":\"fr-FR\",\"@id\":\"https:\\\/\\\/hobby4geek.com\\\/product\\\/alien-attack-toys-aat-02-king-of-kavaliers\\\/#primaryimage\",\"url\":\"https:\\\/\\\/hobby4geek.com\\\/wp-content\\\/uploads\\\/2024\\\/01\\\/alien-attack-toys-aat-02-king-of-kavaliers-optimus-prime-4.jpg\",\"contentUrl\":\"https:\\\/\\\/hobby4geek.com\\\/wp-content\\\/uploads\\\/2024\\\/01\\\/alien-attack-toys-aat-02-king-of-kavaliers-optimus-prime-4.jpg\",\"width\":2048,\"height\":1764,\"caption\":\"Alien Attack Toys AAT-02 King of Kavaliers \\\"Optimus Prime\\\"\"},{\"@type\":\"BreadcrumbList\",\"@id\":\"https:\\\/\\\/hobby4geek.com\\\/product\\\/alien-attack-toys-aat-02-king-of-kavaliers\\\/#breadcrumb\",\"itemListElement\":[{\"@type\":\"ListItem\",\"position\":1,\"name\":\"Home\",\"item\":\"https:\\\/\\\/hobby4geek.com\\\/\"},{\"@type\":\"ListItem\",\"position\":2,\"name\":\"Shop\",\"item\":\"https:\\\/\\\/hobby4geek.com\\\/shop\\\/\"},{\"@type\":\"ListItem\",\"position\":3,\"name\":\"Alien Attack Toys AAT-02 King of Kavaliers &#8220;Optimus Prime&#8221;\"}]},{\"@type\":\"WebSite\",\"@id\":\"https:\\\/\\\/hobby4geek.com\\\/#website\",\"url\":\"https:\\\/\\\/hobby4geek.com\\\/\",\"name\":\"Hobby4Geek\",\"description\":\"Collect, Play &amp; Showcase, Embrace your Geekiness\",\"publisher\":{\"@id\":\"https:\\\/\\\/hobby4geek.com\\\/#organization\"},\"potentialAction\":[{\"@type\":\"SearchAction\",\"target\":{\"@type\":\"EntryPoint\",\"urlTemplate\":\"https:\\\/\\\/hobby4geek.com\\\/?s={search_term_string}\"},\"query-input\":{\"@type\":\"PropertyValueSpecification\",\"valueRequired\":true,\"valueName\":\"search_term_string\"}}],\"inLanguage\":\"fr-FR\"},{\"@type\":\"Organization\",\"@id\":\"https:\\\/\\\/hobby4geek.com\\\/#organization\",\"name\":\"Hobby4Geek\",\"url\":\"https:\\\/\\\/hobby4geek.com\\\/\",\"logo\":{\"@type\":\"ImageObject\",\"inLanguage\":\"fr-FR\",\"@id\":\"https:\\\/\\\/hobby4geek.com\\\/#\\\/schema\\\/logo\\\/image\\\/\",\"url\":\"https:\\\/\\\/hobby4geek.com\\\/wp-content\\\/uploads\\\/2023\\\/02\\\/default-kit.png\",\"contentUrl\":\"https:\\\/\\\/hobby4geek.com\\\/wp-content\\\/uploads\\\/2023\\\/02\\\/default-kit.png\",\"width\":600,\"height\":600,\"caption\":\"Hobby4Geek\"},\"image\":{\"@id\":\"https:\\\/\\\/hobby4geek.com\\\/#\\\/schema\\\/logo\\\/image\\\/\"},\"sameAs\":[\"https:\\\/\\\/www.facebook.com\\\/hobby4geek\",\"https:\\\/\\\/x.com\\\/hobby4geek\",\"https:\\\/\\\/www.instagram.com\\\/hobby4geek\\\/\"]}]}<\/script>\n<meta property=\"product:brand\" content=\"Alien Attack Toys\" \/>\n<meta property=\"product:price:amount\" content=\"198.00\" \/>\n<meta property=\"product:price:currency\" content=\"EUR\" \/>\n<meta property=\"og:availability\" content=\"out of stock\" \/>\n<meta property=\"product:availability\" content=\"out of stock\" \/>\n<meta property=\"product:condition\" content=\"new\" \/>\n<!-- \/ Yoast SEO Premium plugin. -->","yoast_head_json":{"title":"Alien Attack Toys AAT-02 King of Kavaliers \" Optimus Prime \"","robots":{"index":"index","follow":"follow","max-snippet":"max-snippet:-1","max-image-preview":"max-image-preview:large","max-video-preview":"max-video-preview:-1"},"canonical":"https:\/\/hobby4geek.com\/fr\/produit\/alien-attack-toys-aat-02-roi-des-kavaliers\/","og_locale":"fr_FR","og_type":"article","og_title":"Alien Attack Toys AAT-02 King of Kavaliers \"Optimus Prime\"","og_description":"Size: 29 cm  Shield  Stick  Replacement Face  Buster Gun  Spike Blade,  Articuled hands  Nemesis head  Bio Card  Instruction Manual","og_url":"https:\/\/hobby4geek.com\/fr\/produit\/alien-attack-toys-aat-02-roi-des-kavaliers\/","og_site_name":"Hobby4Geek","article_publisher":"https:\/\/www.facebook.com\/hobby4geek","article_modified_time":"2025-01-18T14:59:03+00:00","og_image":[{"width":2048,"height":1764,"url":"https:\/\/hobby4geek.com\/wp-content\/uploads\/2024\/01\/alien-attack-toys-aat-02-king-of-kavaliers-optimus-prime-4.jpg","type":"image\/jpeg"}],"twitter_card":"summary_large_image","twitter_site":"@hobby4geek","schema":{"@context":"https:\/\/schema.org","@graph":[{"@type":"WebPage","@id":"https:\/\/hobby4geek.com\/product\/alien-attack-toys-aat-02-king-of-kavaliers\/","url":"https:\/\/hobby4geek.com\/product\/alien-attack-toys-aat-02-king-of-kavaliers\/","name":"Alien Attack Toys AAT-02 King of Kavaliers \" Optimus Prime \"","isPartOf":{"@id":"https:\/\/hobby4geek.com\/#website"},"primaryImageOfPage":{"@id":"https:\/\/hobby4geek.com\/product\/alien-attack-toys-aat-02-king-of-kavaliers\/#primaryimage"},"image":{"@id":"https:\/\/hobby4geek.com\/product\/alien-attack-toys-aat-02-king-of-kavaliers\/#primaryimage"},"thumbnailUrl":"https:\/\/hobby4geek.com\/wp-content\/uploads\/2024\/01\/alien-attack-toys-aat-02-king-of-kavaliers-optimus-prime-4.jpg","datePublished":"2024-01-10T17:32:32+00:00","dateModified":"2025-01-18T14:59:03+00:00","breadcrumb":{"@id":"https:\/\/hobby4geek.com\/product\/alien-attack-toys-aat-02-king-of-kavaliers\/#breadcrumb"},"inLanguage":"fr-FR","potentialAction":[{"@type":"ReadAction","target":["https:\/\/hobby4geek.com\/product\/alien-attack-toys-aat-02-king-of-kavaliers\/"]}]},{"@type":"ImageObject","inLanguage":"fr-FR","@id":"https:\/\/hobby4geek.com\/product\/alien-attack-toys-aat-02-king-of-kavaliers\/#primaryimage","url":"https:\/\/hobby4geek.com\/wp-content\/uploads\/2024\/01\/alien-attack-toys-aat-02-king-of-kavaliers-optimus-prime-4.jpg","contentUrl":"https:\/\/hobby4geek.com\/wp-content\/uploads\/2024\/01\/alien-attack-toys-aat-02-king-of-kavaliers-optimus-prime-4.jpg","width":2048,"height":1764,"caption":"Alien Attack Toys AAT-02 King of Kavaliers \"Optimus Prime\""},{"@type":"BreadcrumbList","@id":"https:\/\/hobby4geek.com\/product\/alien-attack-toys-aat-02-king-of-kavaliers\/#breadcrumb","itemListElement":[{"@type":"ListItem","position":1,"name":"Home","item":"https:\/\/hobby4geek.com\/"},{"@type":"ListItem","position":2,"name":"Shop","item":"https:\/\/hobby4geek.com\/shop\/"},{"@type":"ListItem","position":3,"name":"Alien Attack Toys AAT-02 King of Kavaliers &#8220;Optimus Prime&#8221;"}]},{"@type":"WebSite","@id":"https:\/\/hobby4geek.com\/#website","url":"https:\/\/hobby4geek.com\/","name":"Hobby4Geek","description":"Collectionnez, jouez et exposez, embrassez votre geekitude","publisher":{"@id":"https:\/\/hobby4geek.com\/#organization"},"potentialAction":[{"@type":"SearchAction","target":{"@type":"EntryPoint","urlTemplate":"https:\/\/hobby4geek.com\/?s={search_term_string}"},"query-input":{"@type":"PropertyValueSpecification","valueRequired":true,"valueName":"search_term_string"}}],"inLanguage":"fr-FR"},{"@type":"Organization","@id":"https:\/\/hobby4geek.com\/#organization","name":"Hobby4Geek","url":"https:\/\/hobby4geek.com\/","logo":{"@type":"ImageObject","inLanguage":"fr-FR","@id":"https:\/\/hobby4geek.com\/#\/schema\/logo\/image\/","url":"https:\/\/hobby4geek.com\/wp-content\/uploads\/2023\/02\/default-kit.png","contentUrl":"https:\/\/hobby4geek.com\/wp-content\/uploads\/2023\/02\/default-kit.png","width":600,"height":600,"caption":"Hobby4Geek"},"image":{"@id":"https:\/\/hobby4geek.com\/#\/schema\/logo\/image\/"},"sameAs":["https:\/\/www.facebook.com\/hobby4geek","https:\/\/x.com\/hobby4geek","https:\/\/www.instagram.com\/hobby4geek\/"]}]},"product_brand":"Alien Attack Toys","product_price_amount":"198.00","product_price_currency":"EUR","og_availability":"out of stock","product_availability":"out of stock","product_condition":"new"},"_links":{"self":[{"href":"https:\/\/hobby4geek.com\/fr\/wp-json\/wp\/v2\/product\/191329","targetHints":{"allow":["GET"]}}],"collection":[{"href":"https:\/\/hobby4geek.com\/fr\/wp-json\/wp\/v2\/product"}],"about":[{"href":"https:\/\/hobby4geek.com\/fr\/wp-json\/wp\/v2\/types\/product"}],"replies":[{"embeddable":true,"href":"https:\/\/hobby4geek.com\/fr\/wp-json\/wp\/v2\/comments?post=191329"}],"version-history":[{"count":0,"href":"https:\/\/hobby4geek.com\/fr\/wp-json\/wp\/v2\/product\/191329\/revisions"}],"wp:featuredmedia":[{"embeddable":true,"href":"https:\/\/hobby4geek.com\/fr\/wp-json\/wp\/v2\/media\/197714"}],"wp:attachment":[{"href":"https:\/\/hobby4geek.com\/fr\/wp-json\/wp\/v2\/media?parent=191329"}],"wp:term":[{"taxonomy":"product_brand","embeddable":true,"href":"https:\/\/hobby4geek.com\/fr\/wp-json\/wp\/v2\/product_brand?post=191329"},{"taxonomy":"product_cat","embeddable":true,"href":"https:\/\/hobby4geek.com\/fr\/wp-json\/wp\/v2\/product_cat?post=191329"},{"taxonomy":"product_tag","embeddable":true,"href":"https:\/\/hobby4geek.com\/fr\/wp-json\/wp\/v2\/product_tag?post=191329"},{"taxonomy":"giftcard-category","embeddable":true,"href":"https:\/\/hobby4geek.com\/fr\/wp-json\/wp\/v2\/giftcard-category?post=191329"}],"curies":[{"name":"wp","href":"https:\/\/api.w.org\/{rel}","templated":true}]}}