{"id":190754,"date":"2023-11-27T23:37:51","date_gmt":"2023-11-27T21:37:51","guid":{"rendered":"https:\/\/hobby4geek.com\/?post_type=product&#038;p=190754"},"modified":"2024-05-12T12:59:24","modified_gmt":"2024-05-12T11:59:24","slug":"metagate-g-05-red-fantasy","status":"publish","type":"product","link":"https:\/\/hobby4geek.com\/fr\/produit\/metagate-g-05-red-fantasy\/","title":{"rendered":"METAGATE G-05 Red Fantasy (Shatter)"},"content":{"rendered":"<p>G05 Red Fantasy, se transforme de muscle car en avion de chasse, en robot et vice-versa.<\/p>\n<p>Mesure 10,0 pouces en mode robot et s'adapte aux autres figurines de MetaGate.<\/p>\n<p>Les figurines MetaGate sont enti\u00e8rement transformables, offrent une grande attention aux d\u00e9tails et sont tr\u00e8s articul\u00e9es, avec des figurines fabriqu\u00e9es dans des mat\u00e9riaux de haute qualit\u00e9.<\/p>\n<ul>\n<li>25 cm \/ 10 pouces<\/li>\n<li>3 modes (triple changeur)<\/li>\n<li>Mode Alt : Muscle Car et Fighter Jet<\/li>\n<li>\u00c9chelle DLX<\/li>\n<li>\u00c9chelle \u2248 1:23 \/ 1:24<\/li>\n<li>Enti\u00e8rement articul\u00e9<\/li>\n<li>1x figurine de fantaisie rouge<\/li>\n<li>4x Missiles<\/li>\n<li>1x Accessoire Blaster<\/li>\n<li>1x Set de support<\/li>\n<li>Instructions<\/li>\n<\/ul>","protected":false},"excerpt":{"rendered":"<ul>\n<li>25 cm \/ 10 pouces<\/li>\n<li>3 modes (triple changeur)<\/li>\n<li>Mode Alt : Muscle Car et Fighter Jet<\/li>\n<li>\u00c9chelle DLX<\/li>\n<li>\u00c9chelle \u2248 1:23<\/li>\n<li>Enti\u00e8rement articul\u00e9<\/li>\n<li>1x figurine de fantaisie rouge<\/li>\n<li>4x Missiles<\/li>\n<li>1x Accessoire Blaster<\/li>\n<li>1x Set de support<\/li>\n<li>Instructions<\/li>\n<\/ul>","protected":false},"featured_media":190771,"comment_status":"open","ping_status":"closed","template":"","meta":{"inline_featured_image":false},"product_brand":[],"product_cat":[166],"product_tag":[200,1759,1213,1641,2380,2378,1644,299,2379,550,1975,204,538,235,1645],"giftcard-category":[],"class_list":{"0":"post-190754","1":"product","2":"type-product","3":"status-publish","4":"has-post-thumbnail","6":"product_cat-metagate","7":"product_tag-action-figures","8":"product_tag-action-toys","9":"product_tag-dlx","10":"product_tag-drift","11":"product_tag-g-05","12":"product_tag-g05","13":"product_tag-metagate","14":"product_tag-mpm","15":"product_tag-red-fantasy","16":"product_tag-shatter","17":"product_tag-toys-figures","18":"product_tag-transformers","19":"product_tag-transformers-bumblebee-movie","20":"product_tag-transformers-bumblebee","21":"product_tag-triplechanger","22":"product_shipping_class-free-shipping","23":"inventories-china-inventory","25":"first","26":"instock","27":"taxable","28":"shipping-taxable","29":"purchasable","30":"product-type-simple","31":"add-to-wishlist-after_add_to_cart"},"yoast_head":"<!-- This site is optimized with the Yoast SEO Premium plugin v25.3.1 (Yoast SEO v27.2) - https:\/\/yoast.com\/product\/yoast-seo-premium-wordpress\/ -->\n<title>METAGATE G-05 Red Fantasy (Shatter)<\/title>\n<meta name=\"robots\" content=\"index, follow, max-snippet:-1, max-image-preview:large, max-video-preview:-1\" \/>\n<link rel=\"canonical\" href=\"https:\/\/hobby4geek.com\/fr\/produit\/metagate-g-05-red-fantasy\/\" \/>\n<meta property=\"og:locale\" content=\"fr_FR\" \/>\n<meta property=\"og:type\" content=\"article\" \/>\n<meta property=\"og:title\" content=\"METAGATE G-05 Red Fantasy (Shatter)\" \/>\n<meta property=\"og:description\" content=\"25 cm \/ 10 inches  3 modes (triple changer)  Alt Mode: Muscle Car and Fighter Jet  DLX Scale  Scale \u2248 1:23  Fully articulated  1x Red Fantasy Figure  4x Missiles  1x Blaster Accessory  1x Stand Set  Instructions\" \/>\n<meta property=\"og:url\" content=\"https:\/\/hobby4geek.com\/fr\/produit\/metagate-g-05-red-fantasy\/\" \/>\n<meta property=\"og:site_name\" content=\"Hobby4Geek\" \/>\n<meta property=\"article:publisher\" content=\"https:\/\/www.facebook.com\/hobby4geek\" \/>\n<meta property=\"article:modified_time\" content=\"2024-05-12T11:59:24+00:00\" \/>\n<meta property=\"og:image\" content=\"https:\/\/hobby4geek.com\/wp-content\/uploads\/2023\/11\/metagate-g-05-red-fantasy-shatter-15.jpg\" \/>\n\t<meta property=\"og:image:width\" content=\"1728\" \/>\n\t<meta property=\"og:image:height\" content=\"1139\" \/>\n\t<meta property=\"og:image:type\" content=\"image\/jpeg\" \/>\n<meta name=\"twitter:card\" content=\"summary_large_image\" \/>\n<meta name=\"twitter:site\" content=\"@hobby4geek\" \/>\n<script type=\"application\/ld+json\" class=\"yoast-schema-graph\">{\"@context\":\"https:\/\/schema.org\",\"@graph\":[{\"@type\":\"WebPage\",\"@id\":\"https:\/\/hobby4geek.com\/product\/metagate-g-05-red-fantasy\/\",\"url\":\"https:\/\/hobby4geek.com\/product\/metagate-g-05-red-fantasy\/\",\"name\":\"METAGATE G-05 Red Fantasy (Shatter)\",\"isPartOf\":{\"@id\":\"https:\/\/hobby4geek.com\/#website\"},\"primaryImageOfPage\":{\"@id\":\"https:\/\/hobby4geek.com\/product\/metagate-g-05-red-fantasy\/#primaryimage\"},\"image\":{\"@id\":\"https:\/\/hobby4geek.com\/product\/metagate-g-05-red-fantasy\/#primaryimage\"},\"thumbnailUrl\":\"https:\/\/hobby4geek.com\/wp-content\/uploads\/2023\/11\/metagate-g-05-red-fantasy-shatter-15.jpg\",\"datePublished\":\"2023-11-27T21:37:51+00:00\",\"dateModified\":\"2024-05-12T11:59:24+00:00\",\"breadcrumb\":{\"@id\":\"https:\/\/hobby4geek.com\/product\/metagate-g-05-red-fantasy\/#breadcrumb\"},\"inLanguage\":\"fr-FR\",\"potentialAction\":[{\"@type\":\"ReadAction\",\"target\":[\"https:\/\/hobby4geek.com\/product\/metagate-g-05-red-fantasy\/\"]}]},{\"@type\":\"ImageObject\",\"inLanguage\":\"fr-FR\",\"@id\":\"https:\/\/hobby4geek.com\/product\/metagate-g-05-red-fantasy\/#primaryimage\",\"url\":\"https:\/\/hobby4geek.com\/wp-content\/uploads\/2023\/11\/metagate-g-05-red-fantasy-shatter-15.jpg\",\"contentUrl\":\"https:\/\/hobby4geek.com\/wp-content\/uploads\/2023\/11\/metagate-g-05-red-fantasy-shatter-15.jpg\",\"width\":1728,\"height\":1139},{\"@type\":\"BreadcrumbList\",\"@id\":\"https:\/\/hobby4geek.com\/product\/metagate-g-05-red-fantasy\/#breadcrumb\",\"itemListElement\":[{\"@type\":\"ListItem\",\"position\":1,\"name\":\"Home\",\"item\":\"https:\/\/hobby4geek.com\/\"},{\"@type\":\"ListItem\",\"position\":2,\"name\":\"Shop\",\"item\":\"https:\/\/hobby4geek.com\/shop\/\"},{\"@type\":\"ListItem\",\"position\":3,\"name\":\"METAGATE G-05 Red Fantasy (Shatter)\"}]},{\"@type\":\"WebSite\",\"@id\":\"https:\/\/hobby4geek.com\/#website\",\"url\":\"https:\/\/hobby4geek.com\/\",\"name\":\"Hobby4Geek\",\"description\":\"Collect, Play &amp; Showcase, Embrace your Geekiness\",\"publisher\":{\"@id\":\"https:\/\/hobby4geek.com\/#organization\"},\"potentialAction\":[{\"@type\":\"SearchAction\",\"target\":{\"@type\":\"EntryPoint\",\"urlTemplate\":\"https:\/\/hobby4geek.com\/?s={search_term_string}\"},\"query-input\":{\"@type\":\"PropertyValueSpecification\",\"valueRequired\":true,\"valueName\":\"search_term_string\"}}],\"inLanguage\":\"fr-FR\"},{\"@type\":\"Organization\",\"@id\":\"https:\/\/hobby4geek.com\/#organization\",\"name\":\"Hobby4Geek\",\"url\":\"https:\/\/hobby4geek.com\/\",\"logo\":{\"@type\":\"ImageObject\",\"inLanguage\":\"fr-FR\",\"@id\":\"https:\/\/hobby4geek.com\/#\/schema\/logo\/image\/\",\"url\":\"https:\/\/hobby4geek.com\/wp-content\/uploads\/2023\/02\/default-kit.png\",\"contentUrl\":\"https:\/\/hobby4geek.com\/wp-content\/uploads\/2023\/02\/default-kit.png\",\"width\":600,\"height\":600,\"caption\":\"Hobby4Geek\"},\"image\":{\"@id\":\"https:\/\/hobby4geek.com\/#\/schema\/logo\/image\/\"},\"sameAs\":[\"https:\/\/www.facebook.com\/hobby4geek\",\"https:\/\/x.com\/hobby4geek\",\"https:\/\/www.instagram.com\/hobby4geek\/\"]}]}<\/script>\n<meta property=\"product:brand\" content=\"METAGATE\" \/>\n<meta property=\"product:price:amount\" content=\"224.80\" \/>\n<meta property=\"product:price:currency\" content=\"EUR\" \/>\n<meta property=\"og:availability\" content=\"instock\" \/>\n<meta property=\"product:availability\" content=\"instock\" \/>\n<meta property=\"product:condition\" content=\"new\" \/>\n<!-- \/ Yoast SEO Premium plugin. -->","yoast_head_json":{"title":"METAGATE G-05 Red Fantasy (Shatter)","robots":{"index":"index","follow":"follow","max-snippet":"max-snippet:-1","max-image-preview":"max-image-preview:large","max-video-preview":"max-video-preview:-1"},"canonical":"https:\/\/hobby4geek.com\/fr\/produit\/metagate-g-05-red-fantasy\/","og_locale":"fr_FR","og_type":"article","og_title":"METAGATE G-05 Red Fantasy (Shatter)","og_description":"25 cm \/ 10 inches  3 modes (triple changer)  Alt Mode: Muscle Car and Fighter Jet  DLX Scale  Scale \u2248 1:23  Fully articulated  1x Red Fantasy Figure  4x Missiles  1x Blaster Accessory  1x Stand Set  Instructions","og_url":"https:\/\/hobby4geek.com\/fr\/produit\/metagate-g-05-red-fantasy\/","og_site_name":"Hobby4Geek","article_publisher":"https:\/\/www.facebook.com\/hobby4geek","article_modified_time":"2024-05-12T11:59:24+00:00","og_image":[{"width":1728,"height":1139,"url":"https:\/\/hobby4geek.com\/wp-content\/uploads\/2023\/11\/metagate-g-05-red-fantasy-shatter-15.jpg","type":"image\/jpeg"}],"twitter_card":"summary_large_image","twitter_site":"@hobby4geek","schema":{"@context":"https:\/\/schema.org","@graph":[{"@type":"WebPage","@id":"https:\/\/hobby4geek.com\/product\/metagate-g-05-red-fantasy\/","url":"https:\/\/hobby4geek.com\/product\/metagate-g-05-red-fantasy\/","name":"METAGATE G-05 Red Fantasy (Shatter)","isPartOf":{"@id":"https:\/\/hobby4geek.com\/#website"},"primaryImageOfPage":{"@id":"https:\/\/hobby4geek.com\/product\/metagate-g-05-red-fantasy\/#primaryimage"},"image":{"@id":"https:\/\/hobby4geek.com\/product\/metagate-g-05-red-fantasy\/#primaryimage"},"thumbnailUrl":"https:\/\/hobby4geek.com\/wp-content\/uploads\/2023\/11\/metagate-g-05-red-fantasy-shatter-15.jpg","datePublished":"2023-11-27T21:37:51+00:00","dateModified":"2024-05-12T11:59:24+00:00","breadcrumb":{"@id":"https:\/\/hobby4geek.com\/product\/metagate-g-05-red-fantasy\/#breadcrumb"},"inLanguage":"fr-FR","potentialAction":[{"@type":"ReadAction","target":["https:\/\/hobby4geek.com\/product\/metagate-g-05-red-fantasy\/"]}]},{"@type":"ImageObject","inLanguage":"fr-FR","@id":"https:\/\/hobby4geek.com\/product\/metagate-g-05-red-fantasy\/#primaryimage","url":"https:\/\/hobby4geek.com\/wp-content\/uploads\/2023\/11\/metagate-g-05-red-fantasy-shatter-15.jpg","contentUrl":"https:\/\/hobby4geek.com\/wp-content\/uploads\/2023\/11\/metagate-g-05-red-fantasy-shatter-15.jpg","width":1728,"height":1139},{"@type":"BreadcrumbList","@id":"https:\/\/hobby4geek.com\/product\/metagate-g-05-red-fantasy\/#breadcrumb","itemListElement":[{"@type":"ListItem","position":1,"name":"Home","item":"https:\/\/hobby4geek.com\/"},{"@type":"ListItem","position":2,"name":"Shop","item":"https:\/\/hobby4geek.com\/shop\/"},{"@type":"ListItem","position":3,"name":"METAGATE G-05 Red Fantasy (Shatter)"}]},{"@type":"WebSite","@id":"https:\/\/hobby4geek.com\/#website","url":"https:\/\/hobby4geek.com\/","name":"Hobby4Geek","description":"Collectionnez, jouez et exposez, embrassez votre geekitude","publisher":{"@id":"https:\/\/hobby4geek.com\/#organization"},"potentialAction":[{"@type":"SearchAction","target":{"@type":"EntryPoint","urlTemplate":"https:\/\/hobby4geek.com\/?s={search_term_string}"},"query-input":{"@type":"PropertyValueSpecification","valueRequired":true,"valueName":"search_term_string"}}],"inLanguage":"fr-FR"},{"@type":"Organization","@id":"https:\/\/hobby4geek.com\/#organization","name":"Hobby4Geek","url":"https:\/\/hobby4geek.com\/","logo":{"@type":"ImageObject","inLanguage":"fr-FR","@id":"https:\/\/hobby4geek.com\/#\/schema\/logo\/image\/","url":"https:\/\/hobby4geek.com\/wp-content\/uploads\/2023\/02\/default-kit.png","contentUrl":"https:\/\/hobby4geek.com\/wp-content\/uploads\/2023\/02\/default-kit.png","width":600,"height":600,"caption":"Hobby4Geek"},"image":{"@id":"https:\/\/hobby4geek.com\/#\/schema\/logo\/image\/"},"sameAs":["https:\/\/www.facebook.com\/hobby4geek","https:\/\/x.com\/hobby4geek","https:\/\/www.instagram.com\/hobby4geek\/"]}]},"product_brand":"METAGATE","product_price_amount":"224.80","product_price_currency":"EUR","og_availability":"instock","product_availability":"instock","product_condition":"new"},"_links":{"self":[{"href":"https:\/\/hobby4geek.com\/fr\/wp-json\/wp\/v2\/product\/190754","targetHints":{"allow":["GET"]}}],"collection":[{"href":"https:\/\/hobby4geek.com\/fr\/wp-json\/wp\/v2\/product"}],"about":[{"href":"https:\/\/hobby4geek.com\/fr\/wp-json\/wp\/v2\/types\/product"}],"replies":[{"embeddable":true,"href":"https:\/\/hobby4geek.com\/fr\/wp-json\/wp\/v2\/comments?post=190754"}],"version-history":[{"count":0,"href":"https:\/\/hobby4geek.com\/fr\/wp-json\/wp\/v2\/product\/190754\/revisions"}],"wp:featuredmedia":[{"embeddable":true,"href":"https:\/\/hobby4geek.com\/fr\/wp-json\/wp\/v2\/media\/190771"}],"wp:attachment":[{"href":"https:\/\/hobby4geek.com\/fr\/wp-json\/wp\/v2\/media?parent=190754"}],"wp:term":[{"taxonomy":"product_brand","embeddable":true,"href":"https:\/\/hobby4geek.com\/fr\/wp-json\/wp\/v2\/product_brand?post=190754"},{"taxonomy":"product_cat","embeddable":true,"href":"https:\/\/hobby4geek.com\/fr\/wp-json\/wp\/v2\/product_cat?post=190754"},{"taxonomy":"product_tag","embeddable":true,"href":"https:\/\/hobby4geek.com\/fr\/wp-json\/wp\/v2\/product_tag?post=190754"},{"taxonomy":"giftcard-category","embeddable":true,"href":"https:\/\/hobby4geek.com\/fr\/wp-json\/wp\/v2\/giftcard-category?post=190754"}],"curies":[{"name":"wp","href":"https:\/\/api.w.org\/{rel}","templated":true}]}}