{"id":190656,"date":"2023-11-21T20:59:21","date_gmt":"2023-11-21T18:59:21","guid":{"rendered":"https:\/\/hobby4geek.com\/?post_type=product&#038;p=190656"},"modified":"2024-11-30T17:48:17","modified_gmt":"2024-11-30T16:48:17","slug":"dna-design-dk-35-upgrade-kit-for-ss-54-megatron","status":"publish","type":"product","link":"https:\/\/hobby4geek.com\/fr\/produit\/dna-design-dk-35-upgrade-kit-for-ss-54-megatron\/","title":{"rendered":"DNA Design - Kit d'am\u00e9lioration DK-35 pour SS-54 Megatron"},"content":{"rendered":"<p>\u00cates-vous pr\u00eat \u00e0 faire passer votre collection de Transformers au niveau sup\u00e9rieur ? DNA Designs a ce qu'il vous faut pour compl\u00e9ter votre assortiment de figurines Transformers avec leur DK-35 Upgrade Kit.<\/p>\n<p>Le kit de mise \u00e0 niveau DK-35 Studio Series contient tout ce dont vous avez besoin pour mettre \u00e0 niveau votre Transformers Studio Series 54 Megatron Voyager Class (figures vendues s\u00e9par\u00e9ment).<\/p>\n<p>Les kits d'am\u00e9lioration DNA Designs sont con\u00e7us \u00e0 l'aide de techniques de fabrication modernes et sont fabriqu\u00e9s en plastique de qualit\u00e9 durable, parfait pour la touche de r\u00e9alisme que vous recherchez dans votre kit d'am\u00e9lioration.<\/p>\n<ul>\n<li>S\u00e9rie de jouets : Studio Series<\/li>\n<li>Kit de mise \u00e0 niveau pour les tiers<\/li>\n<li>Compatible avec Studio Series 54 Megatron<\/li>\n<li>Un \u00e9ventail d'accessoires et d'armes \u00e0 personnaliser<\/li>\n<li>En plastique<\/li>\n<\/ul>\n<p><strong>Contenu de l'emballage :<\/strong><\/p>\n<ul>\n<li>1 x Plaque de poitrine<\/li>\n<li>1 x Canon<\/li>\n<\/ul>\n<p>Note : Toutes les figurines pr\u00e9sent\u00e9es sont vendues s\u00e9par\u00e9ment.<\/p>","protected":false},"excerpt":{"rendered":"<ul>\n<li>S\u00e9rie de jouets : Studio Series<\/li>\n<li>Kit de mise \u00e0 niveau pour les tiers<\/li>\n<li>Compatible avec Studio Series 54 Megatron<\/li>\n<li>Un \u00e9ventail d'accessoires et d'armes \u00e0 personnaliser<\/li>\n<li>En plastique<\/li>\n<\/ul>\n<p><strong>Contenu de l'emballage :<\/strong><\/p>\n<ul>\n<li>1 x Plaque de poitrine<\/li>\n<li>1 x Canon<\/li>\n<\/ul>\n<p>Note : Toutes les figurines pr\u00e9sent\u00e9es sont vendues s\u00e9par\u00e9ment.<\/p>","protected":false},"featured_media":190660,"comment_status":"open","ping_status":"closed","template":"","meta":{"inline_featured_image":false},"product_brand":[],"product_cat":[78],"product_tag":[274,221,2365,276,306,1908,240,1975,204,1994,442],"giftcard-category":[],"class_list":{"0":"post-190656","1":"product","2":"type-product","3":"status-publish","4":"has-post-thumbnail","6":"product_cat-dna-design","7":"product_tag-add-ons","8":"product_tag-decepticon","9":"product_tag-dk-35","10":"product_tag-dna-design","11":"product_tag-megatron","12":"product_tag-ss-54","13":"product_tag-studio-series","14":"product_tag-toys-figures","15":"product_tag-transformers","16":"product_tag-transformers-studio-series","17":"product_tag-upgrade-kit","18":"product_shipping_class-from-china","19":"inventories-china-inventory","21":"first","22":"outofstock","23":"taxable","24":"shipping-taxable","25":"purchasable","26":"product-type-simple","27":"add-to-wishlist-after_add_to_cart"},"yoast_head":"<!-- This site is optimized with the Yoast SEO Premium plugin v25.3.1 (Yoast SEO v27.4) - https:\/\/yoast.com\/product\/yoast-seo-premium-wordpress\/ -->\n<title>DNA Design - DK-35 Upgrade Kit for SS-54 Megatron<\/title>\n<meta name=\"robots\" content=\"index, follow, max-snippet:-1, max-image-preview:large, max-video-preview:-1\" \/>\n<link rel=\"canonical\" href=\"https:\/\/hobby4geek.com\/fr\/produit\/dna-design-dk-35-upgrade-kit-for-ss-54-megatron\/\" \/>\n<meta property=\"og:locale\" content=\"fr_FR\" \/>\n<meta property=\"og:type\" content=\"article\" \/>\n<meta property=\"og:title\" content=\"DNA Design - DK-35 Upgrade Kit for SS-54 Megatron\" \/>\n<meta property=\"og:description\" content=\"Toy Series: Studio Series  3rd party upgrade kit  Compatible with Studio Series 54 Megatron  An array of accessories and weapons for customizing  Made of plastic  Packaging Contents:   1 x Chest Plate  1 x Cannon  Note: All figures shown sold separately.\" \/>\n<meta property=\"og:url\" content=\"https:\/\/hobby4geek.com\/fr\/produit\/dna-design-dk-35-upgrade-kit-for-ss-54-megatron\/\" \/>\n<meta property=\"og:site_name\" content=\"Hobby4Geek\" \/>\n<meta property=\"article:publisher\" content=\"https:\/\/www.facebook.com\/hobby4geek\" \/>\n<meta property=\"article:modified_time\" content=\"2024-11-30T16:48:17+00:00\" \/>\n<meta property=\"og:image\" content=\"https:\/\/hobby4geek.com\/wp-content\/uploads\/2023\/11\/dna-design-dk-35-upgrade-kit-for-ss-54-megatron-3.jpg\" \/>\n\t<meta property=\"og:image:width\" content=\"640\" \/>\n\t<meta property=\"og:image:height\" content=\"476\" \/>\n\t<meta property=\"og:image:type\" content=\"image\/jpeg\" \/>\n<meta name=\"twitter:card\" content=\"summary_large_image\" \/>\n<meta name=\"twitter:site\" content=\"@hobby4geek\" \/>\n<script type=\"application\/ld+json\" class=\"yoast-schema-graph\">{\"@context\":\"https:\\\/\\\/schema.org\",\"@graph\":[{\"@type\":\"WebPage\",\"@id\":\"https:\\\/\\\/hobby4geek.com\\\/product\\\/dna-design-dk-35-upgrade-kit-for-ss-54-megatron\\\/\",\"url\":\"https:\\\/\\\/hobby4geek.com\\\/product\\\/dna-design-dk-35-upgrade-kit-for-ss-54-megatron\\\/\",\"name\":\"DNA Design - DK-35 Upgrade Kit for SS-54 Megatron\",\"isPartOf\":{\"@id\":\"https:\\\/\\\/hobby4geek.com\\\/#website\"},\"primaryImageOfPage\":{\"@id\":\"https:\\\/\\\/hobby4geek.com\\\/product\\\/dna-design-dk-35-upgrade-kit-for-ss-54-megatron\\\/#primaryimage\"},\"image\":{\"@id\":\"https:\\\/\\\/hobby4geek.com\\\/product\\\/dna-design-dk-35-upgrade-kit-for-ss-54-megatron\\\/#primaryimage\"},\"thumbnailUrl\":\"https:\\\/\\\/hobby4geek.com\\\/wp-content\\\/uploads\\\/2023\\\/11\\\/dna-design-dk-35-upgrade-kit-for-ss-54-megatron-3.jpg\",\"datePublished\":\"2023-11-21T18:59:21+00:00\",\"dateModified\":\"2024-11-30T16:48:17+00:00\",\"breadcrumb\":{\"@id\":\"https:\\\/\\\/hobby4geek.com\\\/product\\\/dna-design-dk-35-upgrade-kit-for-ss-54-megatron\\\/#breadcrumb\"},\"inLanguage\":\"fr-FR\",\"potentialAction\":[{\"@type\":\"ReadAction\",\"target\":[\"https:\\\/\\\/hobby4geek.com\\\/product\\\/dna-design-dk-35-upgrade-kit-for-ss-54-megatron\\\/\"]}]},{\"@type\":\"ImageObject\",\"inLanguage\":\"fr-FR\",\"@id\":\"https:\\\/\\\/hobby4geek.com\\\/product\\\/dna-design-dk-35-upgrade-kit-for-ss-54-megatron\\\/#primaryimage\",\"url\":\"https:\\\/\\\/hobby4geek.com\\\/wp-content\\\/uploads\\\/2023\\\/11\\\/dna-design-dk-35-upgrade-kit-for-ss-54-megatron-3.jpg\",\"contentUrl\":\"https:\\\/\\\/hobby4geek.com\\\/wp-content\\\/uploads\\\/2023\\\/11\\\/dna-design-dk-35-upgrade-kit-for-ss-54-megatron-3.jpg\",\"width\":640,\"height\":476},{\"@type\":\"BreadcrumbList\",\"@id\":\"https:\\\/\\\/hobby4geek.com\\\/product\\\/dna-design-dk-35-upgrade-kit-for-ss-54-megatron\\\/#breadcrumb\",\"itemListElement\":[{\"@type\":\"ListItem\",\"position\":1,\"name\":\"Home\",\"item\":\"https:\\\/\\\/hobby4geek.com\\\/\"},{\"@type\":\"ListItem\",\"position\":2,\"name\":\"Shop\",\"item\":\"https:\\\/\\\/hobby4geek.com\\\/shop\\\/\"},{\"@type\":\"ListItem\",\"position\":3,\"name\":\"DNA Design &#8211; DK-35 Upgrade Kit for SS-54 Megatron\"}]},{\"@type\":\"WebSite\",\"@id\":\"https:\\\/\\\/hobby4geek.com\\\/#website\",\"url\":\"https:\\\/\\\/hobby4geek.com\\\/\",\"name\":\"Hobby4Geek\",\"description\":\"Collect, Play &amp; Showcase, Embrace your Geekiness\",\"publisher\":{\"@id\":\"https:\\\/\\\/hobby4geek.com\\\/#organization\"},\"potentialAction\":[{\"@type\":\"SearchAction\",\"target\":{\"@type\":\"EntryPoint\",\"urlTemplate\":\"https:\\\/\\\/hobby4geek.com\\\/?s={search_term_string}\"},\"query-input\":{\"@type\":\"PropertyValueSpecification\",\"valueRequired\":true,\"valueName\":\"search_term_string\"}}],\"inLanguage\":\"fr-FR\"},{\"@type\":\"Organization\",\"@id\":\"https:\\\/\\\/hobby4geek.com\\\/#organization\",\"name\":\"Hobby4Geek\",\"url\":\"https:\\\/\\\/hobby4geek.com\\\/\",\"logo\":{\"@type\":\"ImageObject\",\"inLanguage\":\"fr-FR\",\"@id\":\"https:\\\/\\\/hobby4geek.com\\\/#\\\/schema\\\/logo\\\/image\\\/\",\"url\":\"https:\\\/\\\/hobby4geek.com\\\/wp-content\\\/uploads\\\/2023\\\/02\\\/default-kit.png\",\"contentUrl\":\"https:\\\/\\\/hobby4geek.com\\\/wp-content\\\/uploads\\\/2023\\\/02\\\/default-kit.png\",\"width\":600,\"height\":600,\"caption\":\"Hobby4Geek\"},\"image\":{\"@id\":\"https:\\\/\\\/hobby4geek.com\\\/#\\\/schema\\\/logo\\\/image\\\/\"},\"sameAs\":[\"https:\\\/\\\/www.facebook.com\\\/hobby4geek\",\"https:\\\/\\\/x.com\\\/hobby4geek\",\"https:\\\/\\\/www.instagram.com\\\/hobby4geek\\\/\"]}]}<\/script>\n<meta property=\"product:brand\" content=\"DNA Design\" \/>\n<meta property=\"product:price:amount\" content=\"46.80\" \/>\n<meta property=\"product:price:currency\" content=\"EUR\" \/>\n<meta property=\"og:availability\" content=\"out of stock\" \/>\n<meta property=\"product:availability\" content=\"out of stock\" \/>\n<meta property=\"product:condition\" content=\"new\" \/>\n<!-- \/ Yoast SEO Premium plugin. -->","yoast_head_json":{"title":"DNA Design - Kit de mise \u00e0 niveau DK-35 pour SS-54 Megatron","robots":{"index":"index","follow":"follow","max-snippet":"max-snippet:-1","max-image-preview":"max-image-preview:large","max-video-preview":"max-video-preview:-1"},"canonical":"https:\/\/hobby4geek.com\/fr\/produit\/dna-design-dk-35-upgrade-kit-for-ss-54-megatron\/","og_locale":"fr_FR","og_type":"article","og_title":"DNA Design - DK-35 Upgrade Kit for SS-54 Megatron","og_description":"Toy Series: Studio Series  3rd party upgrade kit  Compatible with Studio Series 54 Megatron  An array of accessories and weapons for customizing  Made of plastic  Packaging Contents:   1 x Chest Plate  1 x Cannon  Note: All figures shown sold separately.","og_url":"https:\/\/hobby4geek.com\/fr\/produit\/dna-design-dk-35-upgrade-kit-for-ss-54-megatron\/","og_site_name":"Hobby4Geek","article_publisher":"https:\/\/www.facebook.com\/hobby4geek","article_modified_time":"2024-11-30T16:48:17+00:00","og_image":[{"width":640,"height":476,"url":"https:\/\/hobby4geek.com\/wp-content\/uploads\/2023\/11\/dna-design-dk-35-upgrade-kit-for-ss-54-megatron-3.jpg","type":"image\/jpeg"}],"twitter_card":"summary_large_image","twitter_site":"@hobby4geek","schema":{"@context":"https:\/\/schema.org","@graph":[{"@type":"WebPage","@id":"https:\/\/hobby4geek.com\/product\/dna-design-dk-35-upgrade-kit-for-ss-54-megatron\/","url":"https:\/\/hobby4geek.com\/product\/dna-design-dk-35-upgrade-kit-for-ss-54-megatron\/","name":"DNA Design - Kit de mise \u00e0 niveau DK-35 pour SS-54 Megatron","isPartOf":{"@id":"https:\/\/hobby4geek.com\/#website"},"primaryImageOfPage":{"@id":"https:\/\/hobby4geek.com\/product\/dna-design-dk-35-upgrade-kit-for-ss-54-megatron\/#primaryimage"},"image":{"@id":"https:\/\/hobby4geek.com\/product\/dna-design-dk-35-upgrade-kit-for-ss-54-megatron\/#primaryimage"},"thumbnailUrl":"https:\/\/hobby4geek.com\/wp-content\/uploads\/2023\/11\/dna-design-dk-35-upgrade-kit-for-ss-54-megatron-3.jpg","datePublished":"2023-11-21T18:59:21+00:00","dateModified":"2024-11-30T16:48:17+00:00","breadcrumb":{"@id":"https:\/\/hobby4geek.com\/product\/dna-design-dk-35-upgrade-kit-for-ss-54-megatron\/#breadcrumb"},"inLanguage":"fr-FR","potentialAction":[{"@type":"ReadAction","target":["https:\/\/hobby4geek.com\/product\/dna-design-dk-35-upgrade-kit-for-ss-54-megatron\/"]}]},{"@type":"ImageObject","inLanguage":"fr-FR","@id":"https:\/\/hobby4geek.com\/product\/dna-design-dk-35-upgrade-kit-for-ss-54-megatron\/#primaryimage","url":"https:\/\/hobby4geek.com\/wp-content\/uploads\/2023\/11\/dna-design-dk-35-upgrade-kit-for-ss-54-megatron-3.jpg","contentUrl":"https:\/\/hobby4geek.com\/wp-content\/uploads\/2023\/11\/dna-design-dk-35-upgrade-kit-for-ss-54-megatron-3.jpg","width":640,"height":476},{"@type":"BreadcrumbList","@id":"https:\/\/hobby4geek.com\/product\/dna-design-dk-35-upgrade-kit-for-ss-54-megatron\/#breadcrumb","itemListElement":[{"@type":"ListItem","position":1,"name":"Home","item":"https:\/\/hobby4geek.com\/"},{"@type":"ListItem","position":2,"name":"Shop","item":"https:\/\/hobby4geek.com\/shop\/"},{"@type":"ListItem","position":3,"name":"DNA Design &#8211; DK-35 Upgrade Kit for SS-54 Megatron"}]},{"@type":"WebSite","@id":"https:\/\/hobby4geek.com\/#website","url":"https:\/\/hobby4geek.com\/","name":"Hobby4Geek","description":"Collectionnez, jouez et exposez, embrassez votre geekitude","publisher":{"@id":"https:\/\/hobby4geek.com\/#organization"},"potentialAction":[{"@type":"SearchAction","target":{"@type":"EntryPoint","urlTemplate":"https:\/\/hobby4geek.com\/?s={search_term_string}"},"query-input":{"@type":"PropertyValueSpecification","valueRequired":true,"valueName":"search_term_string"}}],"inLanguage":"fr-FR"},{"@type":"Organization","@id":"https:\/\/hobby4geek.com\/#organization","name":"Hobby4Geek","url":"https:\/\/hobby4geek.com\/","logo":{"@type":"ImageObject","inLanguage":"fr-FR","@id":"https:\/\/hobby4geek.com\/#\/schema\/logo\/image\/","url":"https:\/\/hobby4geek.com\/wp-content\/uploads\/2023\/02\/default-kit.png","contentUrl":"https:\/\/hobby4geek.com\/wp-content\/uploads\/2023\/02\/default-kit.png","width":600,"height":600,"caption":"Hobby4Geek"},"image":{"@id":"https:\/\/hobby4geek.com\/#\/schema\/logo\/image\/"},"sameAs":["https:\/\/www.facebook.com\/hobby4geek","https:\/\/x.com\/hobby4geek","https:\/\/www.instagram.com\/hobby4geek\/"]}]},"product_brand":"DNA Design","product_price_amount":"46.80","product_price_currency":"EUR","og_availability":"out of stock","product_availability":"out of stock","product_condition":"new"},"_links":{"self":[{"href":"https:\/\/hobby4geek.com\/fr\/wp-json\/wp\/v2\/product\/190656","targetHints":{"allow":["GET"]}}],"collection":[{"href":"https:\/\/hobby4geek.com\/fr\/wp-json\/wp\/v2\/product"}],"about":[{"href":"https:\/\/hobby4geek.com\/fr\/wp-json\/wp\/v2\/types\/product"}],"replies":[{"embeddable":true,"href":"https:\/\/hobby4geek.com\/fr\/wp-json\/wp\/v2\/comments?post=190656"}],"version-history":[{"count":0,"href":"https:\/\/hobby4geek.com\/fr\/wp-json\/wp\/v2\/product\/190656\/revisions"}],"wp:featuredmedia":[{"embeddable":true,"href":"https:\/\/hobby4geek.com\/fr\/wp-json\/wp\/v2\/media\/190660"}],"wp:attachment":[{"href":"https:\/\/hobby4geek.com\/fr\/wp-json\/wp\/v2\/media?parent=190656"}],"wp:term":[{"taxonomy":"product_brand","embeddable":true,"href":"https:\/\/hobby4geek.com\/fr\/wp-json\/wp\/v2\/product_brand?post=190656"},{"taxonomy":"product_cat","embeddable":true,"href":"https:\/\/hobby4geek.com\/fr\/wp-json\/wp\/v2\/product_cat?post=190656"},{"taxonomy":"product_tag","embeddable":true,"href":"https:\/\/hobby4geek.com\/fr\/wp-json\/wp\/v2\/product_tag?post=190656"},{"taxonomy":"giftcard-category","embeddable":true,"href":"https:\/\/hobby4geek.com\/fr\/wp-json\/wp\/v2\/giftcard-category?post=190656"}],"curies":[{"name":"wp","href":"https:\/\/api.w.org\/{rel}","templated":true}]}}