{"id":190552,"date":"2023-11-28T12:43:55","date_gmt":"2023-11-28T10:43:55","guid":{"rendered":"https:\/\/hobby4geek.com\/?post_type=product&#038;p=190552"},"modified":"2024-05-12T12:55:54","modified_gmt":"2024-05-12T11:55:54","slug":"killerbody-kb20069-55-transformers-scalpel-collectible","status":"publish","type":"product","link":"https:\/\/hobby4geek.com\/fr\/produit\/killerbody-kb20069-55-transformers-scalpel-collectible\/","title":{"rendered":"Killerbody KB20069-55 Transformers Scalpel Collectible"},"content":{"rendered":"<p>Scalpel, m\u00e9decin en chef des Decepticons, poss\u00e8de des connaissances dans de multiples domaines tels que la biologie et la m\u00e9canique.<br \/>\nLe corps entier comporte 32 points d'articulation, ce qui permet de changer facilement de style.<br \/>\nScalpel a de grands yeux brillants et est \u00e9quip\u00e9 d'armes exclusives telles qu'une scie et un couteau.<\/p>\n<ul>\n<li>Le corps entier comporte 32 points d'articulation<\/li>\n<li>Pi\u00e8ces d'armes interchangeables<\/li>\n<li>Lampes LED pour les yeux<\/li>\n<li>Lunettes<\/li>\n<li>Effet sonore exclusif (bourdonnement intermittent)<\/li>\n<li>Poser sous diff\u00e9rentes formes et se tenir debout<\/li>\n<li>Gamme avanc\u00e9e d'articulations, am\u00e9liorant grandement la jouabilit\u00e9<\/li>\n<li>Sourcils r\u00e9glables pour de merveilleuses expressions<\/li>\n<li>Rev\u00eatement m\u00e9tallique alt\u00e9r\u00e9<\/li>\n<li>Pile AG3 incluse<\/li>\n<\/ul>","protected":false},"excerpt":{"rendered":"<ul>\n<li>Le corps entier comporte 32 points d'articulation<\/li>\n<li>Pi\u00e8ces d'armes interchangeables<\/li>\n<li>Lampes LED pour les yeux<\/li>\n<li>Lunettes<\/li>\n<li>Effet sonore exclusif (bourdonnement intermittent)<\/li>\n<li>Poser sous diff\u00e9rentes formes et se tenir debout<\/li>\n<li>Gamme avanc\u00e9e d'articulations, am\u00e9liorant grandement la jouabilit\u00e9<\/li>\n<li>Sourcils r\u00e9glables pour de merveilleuses expressions<\/li>\n<li>Rev\u00eatement m\u00e9tallique alt\u00e9r\u00e9<\/li>\n<li>Pile AG3 incluse<\/li>\n<\/ul>\n<p>&nbsp;<\/p>","protected":false},"featured_media":190558,"comment_status":"open","ping_status":"closed","template":"","meta":{"inline_featured_image":false},"product_brand":[],"product_cat":[68,181,1955],"product_tag":[1759,2362,2361,1764,1255,1975,204],"giftcard-category":[],"class_list":{"0":"post-190552","1":"product","2":"type-product","3":"status-publish","4":"has-post-thumbnail","6":"product_cat-hasbro","7":"product_cat-killerbody","8":"product_cat-transformers","9":"product_tag-action-toys","10":"product_tag-collectible","11":"product_tag-kb20069-55","12":"product_tag-killerbody","13":"product_tag-scalpel","14":"product_tag-toys-figures","15":"product_tag-transformers","16":"product_shipping_class-light","18":"first","19":"instock","20":"taxable","21":"shipping-taxable","22":"purchasable","23":"product-type-simple","24":"add-to-wishlist-after_add_to_cart"},"yoast_head":"<!-- This site is optimized with the Yoast SEO Premium plugin v25.3.1 (Yoast SEO v27.4) - https:\/\/yoast.com\/product\/yoast-seo-premium-wordpress\/ -->\n<title>Killerbody KB20069-55 Transformers Scalpel Collectible<\/title>\n<meta name=\"robots\" content=\"index, follow, max-snippet:-1, max-image-preview:large, max-video-preview:-1\" \/>\n<link rel=\"canonical\" href=\"https:\/\/hobby4geek.com\/fr\/produit\/killerbody-kb20069-55-transformers-scalpel-collectible\/\" \/>\n<meta property=\"og:locale\" content=\"fr_FR\" \/>\n<meta property=\"og:type\" content=\"article\" \/>\n<meta property=\"og:title\" content=\"Killerbody KB20069-55 Transformers Scalpel Collectible\" \/>\n<meta property=\"og:description\" content=\"The whole body features 32 points of articulation  Interchangeable weapon pieces  LED eye lights  Glasses  Exclusive sound effect (intermittent buzzing sound)  Pose in various shapes and stand  Advanced range of articulation, greatly enhances the playability  Adjustable eyebrows for wonderful expressions  Weathered metal coating  Including AG3 battery  &nbsp;\" \/>\n<meta property=\"og:url\" content=\"https:\/\/hobby4geek.com\/fr\/produit\/killerbody-kb20069-55-transformers-scalpel-collectible\/\" \/>\n<meta property=\"og:site_name\" content=\"Hobby4Geek\" \/>\n<meta property=\"article:publisher\" content=\"https:\/\/www.facebook.com\/hobby4geek\" \/>\n<meta property=\"article:modified_time\" content=\"2024-05-12T11:55:54+00:00\" \/>\n<meta property=\"og:image\" content=\"https:\/\/hobby4geek.com\/wp-content\/uploads\/2023\/11\/killerbody-kb20069-55-transformers-scalpel-collectible-5.jpg\" \/>\n\t<meta property=\"og:image:width\" content=\"750\" \/>\n\t<meta property=\"og:image:height\" content=\"1146\" \/>\n\t<meta property=\"og:image:type\" content=\"image\/jpeg\" \/>\n<meta name=\"twitter:card\" content=\"summary_large_image\" \/>\n<meta name=\"twitter:site\" content=\"@hobby4geek\" \/>\n<script type=\"application\/ld+json\" class=\"yoast-schema-graph\">{\"@context\":\"https:\\\/\\\/schema.org\",\"@graph\":[{\"@type\":\"WebPage\",\"@id\":\"https:\\\/\\\/hobby4geek.com\\\/it\\\/prodotto\\\/killerbody-kb20069-55-transformers-scalpel-collectible\\\/\",\"url\":\"https:\\\/\\\/hobby4geek.com\\\/it\\\/prodotto\\\/killerbody-kb20069-55-transformers-scalpel-collectible\\\/\",\"name\":\"Killerbody KB20069-55 Transformers Scalpel Collectible\",\"isPartOf\":{\"@id\":\"https:\\\/\\\/hobby4geek.com\\\/#website\"},\"primaryImageOfPage\":{\"@id\":\"https:\\\/\\\/hobby4geek.com\\\/it\\\/prodotto\\\/killerbody-kb20069-55-transformers-scalpel-collectible\\\/#primaryimage\"},\"image\":{\"@id\":\"https:\\\/\\\/hobby4geek.com\\\/it\\\/prodotto\\\/killerbody-kb20069-55-transformers-scalpel-collectible\\\/#primaryimage\"},\"thumbnailUrl\":\"https:\\\/\\\/hobby4geek.com\\\/wp-content\\\/uploads\\\/2023\\\/11\\\/killerbody-kb20069-55-transformers-scalpel-collectible-5.jpg\",\"datePublished\":\"2023-11-28T10:43:55+00:00\",\"dateModified\":\"2024-05-12T11:55:54+00:00\",\"breadcrumb\":{\"@id\":\"https:\\\/\\\/hobby4geek.com\\\/it\\\/prodotto\\\/killerbody-kb20069-55-transformers-scalpel-collectible\\\/#breadcrumb\"},\"inLanguage\":\"fr-FR\",\"potentialAction\":[{\"@type\":\"ReadAction\",\"target\":[\"https:\\\/\\\/hobby4geek.com\\\/it\\\/prodotto\\\/killerbody-kb20069-55-transformers-scalpel-collectible\\\/\"]}]},{\"@type\":\"ImageObject\",\"inLanguage\":\"fr-FR\",\"@id\":\"https:\\\/\\\/hobby4geek.com\\\/it\\\/prodotto\\\/killerbody-kb20069-55-transformers-scalpel-collectible\\\/#primaryimage\",\"url\":\"https:\\\/\\\/hobby4geek.com\\\/wp-content\\\/uploads\\\/2023\\\/11\\\/killerbody-kb20069-55-transformers-scalpel-collectible-5.jpg\",\"contentUrl\":\"https:\\\/\\\/hobby4geek.com\\\/wp-content\\\/uploads\\\/2023\\\/11\\\/killerbody-kb20069-55-transformers-scalpel-collectible-5.jpg\",\"width\":750,\"height\":1146},{\"@type\":\"BreadcrumbList\",\"@id\":\"https:\\\/\\\/hobby4geek.com\\\/it\\\/prodotto\\\/killerbody-kb20069-55-transformers-scalpel-collectible\\\/#breadcrumb\",\"itemListElement\":[{\"@type\":\"ListItem\",\"position\":1,\"name\":\"Home\",\"item\":\"https:\\\/\\\/hobby4geek.com\\\/\"},{\"@type\":\"ListItem\",\"position\":2,\"name\":\"Shop\",\"item\":\"https:\\\/\\\/hobby4geek.com\\\/shop\\\/\"},{\"@type\":\"ListItem\",\"position\":3,\"name\":\"Killerbody KB20069-55 Transformers Scalpel Collectible\"}]},{\"@type\":\"WebSite\",\"@id\":\"https:\\\/\\\/hobby4geek.com\\\/#website\",\"url\":\"https:\\\/\\\/hobby4geek.com\\\/\",\"name\":\"Hobby4Geek\",\"description\":\"Collect, Play &amp; Showcase, Embrace your Geekiness\",\"publisher\":{\"@id\":\"https:\\\/\\\/hobby4geek.com\\\/#organization\"},\"potentialAction\":[{\"@type\":\"SearchAction\",\"target\":{\"@type\":\"EntryPoint\",\"urlTemplate\":\"https:\\\/\\\/hobby4geek.com\\\/?s={search_term_string}\"},\"query-input\":{\"@type\":\"PropertyValueSpecification\",\"valueRequired\":true,\"valueName\":\"search_term_string\"}}],\"inLanguage\":\"fr-FR\"},{\"@type\":\"Organization\",\"@id\":\"https:\\\/\\\/hobby4geek.com\\\/#organization\",\"name\":\"Hobby4Geek\",\"url\":\"https:\\\/\\\/hobby4geek.com\\\/\",\"logo\":{\"@type\":\"ImageObject\",\"inLanguage\":\"fr-FR\",\"@id\":\"https:\\\/\\\/hobby4geek.com\\\/#\\\/schema\\\/logo\\\/image\\\/\",\"url\":\"https:\\\/\\\/hobby4geek.com\\\/wp-content\\\/uploads\\\/2023\\\/02\\\/default-kit.png\",\"contentUrl\":\"https:\\\/\\\/hobby4geek.com\\\/wp-content\\\/uploads\\\/2023\\\/02\\\/default-kit.png\",\"width\":600,\"height\":600,\"caption\":\"Hobby4Geek\"},\"image\":{\"@id\":\"https:\\\/\\\/hobby4geek.com\\\/#\\\/schema\\\/logo\\\/image\\\/\"},\"sameAs\":[\"https:\\\/\\\/www.facebook.com\\\/hobby4geek\",\"https:\\\/\\\/x.com\\\/hobby4geek\",\"https:\\\/\\\/www.instagram.com\\\/hobby4geek\\\/\"]}]}<\/script>\n<meta property=\"product:brand\" content=\"Hasbro\" \/>\n<meta property=\"product:price:amount\" content=\"78.00\" \/>\n<meta property=\"product:price:currency\" content=\"EUR\" \/>\n<meta property=\"og:availability\" content=\"instock\" \/>\n<meta property=\"product:availability\" content=\"instock\" \/>\n<meta property=\"product:retailer_item_id\" content=\"4895229502246\" \/>\n<meta property=\"product:condition\" content=\"new\" \/>\n<!-- \/ Yoast SEO Premium plugin. -->","yoast_head_json":{"title":"Killerbody KB20069-55 Transformers Scalpel Collectible","robots":{"index":"index","follow":"follow","max-snippet":"max-snippet:-1","max-image-preview":"max-image-preview:large","max-video-preview":"max-video-preview:-1"},"canonical":"https:\/\/hobby4geek.com\/fr\/produit\/killerbody-kb20069-55-transformers-scalpel-collectible\/","og_locale":"fr_FR","og_type":"article","og_title":"Killerbody KB20069-55 Transformers Scalpel Collectible","og_description":"The whole body features 32 points of articulation  Interchangeable weapon pieces  LED eye lights  Glasses  Exclusive sound effect (intermittent buzzing sound)  Pose in various shapes and stand  Advanced range of articulation, greatly enhances the playability  Adjustable eyebrows for wonderful expressions  Weathered metal coating  Including AG3 battery  &nbsp;","og_url":"https:\/\/hobby4geek.com\/fr\/produit\/killerbody-kb20069-55-transformers-scalpel-collectible\/","og_site_name":"Hobby4Geek","article_publisher":"https:\/\/www.facebook.com\/hobby4geek","article_modified_time":"2024-05-12T11:55:54+00:00","og_image":[{"width":750,"height":1146,"url":"https:\/\/hobby4geek.com\/wp-content\/uploads\/2023\/11\/killerbody-kb20069-55-transformers-scalpel-collectible-5.jpg","type":"image\/jpeg"}],"twitter_card":"summary_large_image","twitter_site":"@hobby4geek","schema":{"@context":"https:\/\/schema.org","@graph":[{"@type":"WebPage","@id":"https:\/\/hobby4geek.com\/it\/prodotto\/killerbody-kb20069-55-transformers-scalpel-collectible\/","url":"https:\/\/hobby4geek.com\/it\/prodotto\/killerbody-kb20069-55-transformers-scalpel-collectible\/","name":"Killerbody KB20069-55 Transformers Scalpel Collectible","isPartOf":{"@id":"https:\/\/hobby4geek.com\/#website"},"primaryImageOfPage":{"@id":"https:\/\/hobby4geek.com\/it\/prodotto\/killerbody-kb20069-55-transformers-scalpel-collectible\/#primaryimage"},"image":{"@id":"https:\/\/hobby4geek.com\/it\/prodotto\/killerbody-kb20069-55-transformers-scalpel-collectible\/#primaryimage"},"thumbnailUrl":"https:\/\/hobby4geek.com\/wp-content\/uploads\/2023\/11\/killerbody-kb20069-55-transformers-scalpel-collectible-5.jpg","datePublished":"2023-11-28T10:43:55+00:00","dateModified":"2024-05-12T11:55:54+00:00","breadcrumb":{"@id":"https:\/\/hobby4geek.com\/it\/prodotto\/killerbody-kb20069-55-transformers-scalpel-collectible\/#breadcrumb"},"inLanguage":"fr-FR","potentialAction":[{"@type":"ReadAction","target":["https:\/\/hobby4geek.com\/it\/prodotto\/killerbody-kb20069-55-transformers-scalpel-collectible\/"]}]},{"@type":"ImageObject","inLanguage":"fr-FR","@id":"https:\/\/hobby4geek.com\/it\/prodotto\/killerbody-kb20069-55-transformers-scalpel-collectible\/#primaryimage","url":"https:\/\/hobby4geek.com\/wp-content\/uploads\/2023\/11\/killerbody-kb20069-55-transformers-scalpel-collectible-5.jpg","contentUrl":"https:\/\/hobby4geek.com\/wp-content\/uploads\/2023\/11\/killerbody-kb20069-55-transformers-scalpel-collectible-5.jpg","width":750,"height":1146},{"@type":"BreadcrumbList","@id":"https:\/\/hobby4geek.com\/it\/prodotto\/killerbody-kb20069-55-transformers-scalpel-collectible\/#breadcrumb","itemListElement":[{"@type":"ListItem","position":1,"name":"Home","item":"https:\/\/hobby4geek.com\/"},{"@type":"ListItem","position":2,"name":"Shop","item":"https:\/\/hobby4geek.com\/shop\/"},{"@type":"ListItem","position":3,"name":"Killerbody KB20069-55 Transformers Scalpel Collectible"}]},{"@type":"WebSite","@id":"https:\/\/hobby4geek.com\/#website","url":"https:\/\/hobby4geek.com\/","name":"Hobby4Geek","description":"Collectionnez, jouez et exposez, embrassez votre geekitude","publisher":{"@id":"https:\/\/hobby4geek.com\/#organization"},"potentialAction":[{"@type":"SearchAction","target":{"@type":"EntryPoint","urlTemplate":"https:\/\/hobby4geek.com\/?s={search_term_string}"},"query-input":{"@type":"PropertyValueSpecification","valueRequired":true,"valueName":"search_term_string"}}],"inLanguage":"fr-FR"},{"@type":"Organization","@id":"https:\/\/hobby4geek.com\/#organization","name":"Hobby4Geek","url":"https:\/\/hobby4geek.com\/","logo":{"@type":"ImageObject","inLanguage":"fr-FR","@id":"https:\/\/hobby4geek.com\/#\/schema\/logo\/image\/","url":"https:\/\/hobby4geek.com\/wp-content\/uploads\/2023\/02\/default-kit.png","contentUrl":"https:\/\/hobby4geek.com\/wp-content\/uploads\/2023\/02\/default-kit.png","width":600,"height":600,"caption":"Hobby4Geek"},"image":{"@id":"https:\/\/hobby4geek.com\/#\/schema\/logo\/image\/"},"sameAs":["https:\/\/www.facebook.com\/hobby4geek","https:\/\/x.com\/hobby4geek","https:\/\/www.instagram.com\/hobby4geek\/"]}]},"product_brand":"Hasbro","product_price_amount":"78.00","product_price_currency":"EUR","og_availability":"instock","product_availability":"instock","product_retailer_item_id":"4895229502246","product_condition":"new"},"_links":{"self":[{"href":"https:\/\/hobby4geek.com\/fr\/wp-json\/wp\/v2\/product\/190552","targetHints":{"allow":["GET"]}}],"collection":[{"href":"https:\/\/hobby4geek.com\/fr\/wp-json\/wp\/v2\/product"}],"about":[{"href":"https:\/\/hobby4geek.com\/fr\/wp-json\/wp\/v2\/types\/product"}],"replies":[{"embeddable":true,"href":"https:\/\/hobby4geek.com\/fr\/wp-json\/wp\/v2\/comments?post=190552"}],"version-history":[{"count":0,"href":"https:\/\/hobby4geek.com\/fr\/wp-json\/wp\/v2\/product\/190552\/revisions"}],"wp:featuredmedia":[{"embeddable":true,"href":"https:\/\/hobby4geek.com\/fr\/wp-json\/wp\/v2\/media\/190558"}],"wp:attachment":[{"href":"https:\/\/hobby4geek.com\/fr\/wp-json\/wp\/v2\/media?parent=190552"}],"wp:term":[{"taxonomy":"product_brand","embeddable":true,"href":"https:\/\/hobby4geek.com\/fr\/wp-json\/wp\/v2\/product_brand?post=190552"},{"taxonomy":"product_cat","embeddable":true,"href":"https:\/\/hobby4geek.com\/fr\/wp-json\/wp\/v2\/product_cat?post=190552"},{"taxonomy":"product_tag","embeddable":true,"href":"https:\/\/hobby4geek.com\/fr\/wp-json\/wp\/v2\/product_tag?post=190552"},{"taxonomy":"giftcard-category","embeddable":true,"href":"https:\/\/hobby4geek.com\/fr\/wp-json\/wp\/v2\/giftcard-category?post=190552"}],"curies":[{"name":"wp","href":"https:\/\/api.w.org\/{rel}","templated":true}]}}