{"id":190466,"date":"2024-04-05T14:21:45","date_gmt":"2024-04-05T13:21:45","guid":{"rendered":"https:\/\/hobby4geek.com\/?post_type=product&#038;p=190466"},"modified":"2025-07-25T00:14:10","modified_gmt":"2025-07-24T23:14:10","slug":"dna-design-dk-49-upgrade-kits-for-ss-99-ss-101-ss-104","status":"publish","type":"product","link":"https:\/\/hobby4geek.com\/fr\/produit\/dna-design-dk-49-upgrade-kits-for-ss-99-ss-101-ss-104\/","title":{"rendered":"DNA Design - Kit de mise \u00e0 niveau DK-49 pour SS-99.SS-101.SS-104"},"content":{"rendered":"<p>Le kit d'am\u00e9lioration DK-49 contient tout ce dont vous avez besoin pour am\u00e9liorer votre SS-99 Battletrap, SS-104 Nightbird et SS-101 Scourge de la s\u00e9rie Studio (figurines vendues s\u00e9par\u00e9ment).<\/p>\n<p>Le design de DK-49 \u00e9tait initialement centr\u00e9 sur la transformation compl\u00e8te et le stockage. Gr\u00e2ce aux suggestions des fans, DNA a con\u00e7u la cha\u00eene de fer et l'arme du SS-99, le bras et l'\u00e9paule du SS-102 et les ailes \u00e9largies et l'arme du SS-104.<\/p>\n<p>Les kits d'am\u00e9lioration DNA Designs sont con\u00e7us \u00e0 l'aide de techniques de fabrication modernes et sont fabriqu\u00e9s en plastique de qualit\u00e9 durable, parfait pour la touche de r\u00e9alisme que vous recherchez dans votre kit d'am\u00e9lioration.<\/p>\n<ul>\n<li>Compatible avec SS-99.SS-101.SS-104<\/li>\n<li>Un \u00e9ventail d'accessoires et d'armes \u00e0 personnaliser<\/li>\n<li>Les figurines sont vendues s\u00e9par\u00e9ment<\/li>\n<li>En plastique<\/li>\n<\/ul>\n<p><strong>Contenu de l'emballage :<\/strong><\/p>\n<ul>\n<li>1 x Paire de pistolets \u00e0 main alternatifs<\/li>\n<li>1 x Cha\u00eene en fer<\/li>\n<li>1 x Paire d'\u00e9p\u00e9es<\/li>\n<li>1 x paire d'ailes<\/li>\n<li>1 x Main gauche normale<\/li>\n<li>1 x paire d'attaches pour les bras<\/li>\n<li>1 x paire d'\u00e9pauli\u00e8res<\/li>\n<\/ul>\n<p>Note : Toutes les figurines pr\u00e9sent\u00e9es sont vendues s\u00e9par\u00e9ment.<\/p>","protected":false},"excerpt":{"rendered":"<ul>\n<li>Compatible avec SS-99.SS-101.SS-104<\/li>\n<li>Un \u00e9ventail d'accessoires et d'armes \u00e0 personnaliser<\/li>\n<li>Les figurines sont vendues s\u00e9par\u00e9ment<\/li>\n<li>En plastique<\/li>\n<\/ul>\n<p>&nbsp;<\/p>\n<p><strong>Contenu de l'emballage :<\/strong><\/p>\n<ul>\n<li>1 x Paire de pistolets \u00e0 main alternatifs<\/li>\n<li>1 x Cha\u00eene en fer<\/li>\n<li>1 x Paire d'\u00e9p\u00e9es<\/li>\n<li>1 x paire d'ailes<\/li>\n<li>1 x Main gauche normale<\/li>\n<li>1 x paire d'attaches pour les bras<\/li>\n<li>1 x paire d'\u00e9pauli\u00e8res<\/li>\n<\/ul>\n<p>Note : Toutes les figurines pr\u00e9sent\u00e9es sont vendues s\u00e9par\u00e9ment.<\/p>","protected":false},"featured_media":190480,"comment_status":"open","ping_status":"closed","template":"","meta":{"inline_featured_image":false},"product_brand":[],"product_cat":[78],"product_tag":[274,1958,2353,276,2357,1965,2313,2356,2355,240,2156,1975,204,1994,2354],"giftcard-category":[],"class_list":{"0":"post-190466","1":"product","2":"type-product","3":"status-publish","4":"has-post-thumbnail","6":"product_cat-dna-design","7":"product_tag-add-ons","8":"product_tag-battletrap","9":"product_tag-dk-49","10":"product_tag-dna-design","11":"product_tag-nightbird","12":"product_tag-scourge","13":"product_tag-ss-101","14":"product_tag-ss-104","15":"product_tag-ss-99","16":"product_tag-studio-series","17":"product_tag-terrorcon","18":"product_tag-toys-figures","19":"product_tag-transformers","20":"product_tag-transformers-studio-series","21":"product_tag-upgrade-kits","22":"product_shipping_class-from-china","23":"inventories-china-inventory","25":"first","26":"instock","27":"taxable","28":"shipping-taxable","29":"purchasable","30":"product-type-simple","31":"add-to-wishlist-after_add_to_cart"},"yoast_head":"<!-- This site is optimized with the Yoast SEO Premium plugin v25.3.1 (Yoast SEO v27.2) - https:\/\/yoast.com\/product\/yoast-seo-premium-wordpress\/ -->\n<title>DNA Design - DK-49 Upgrade Kits for SS-99.SS-101.SS-104<\/title>\n<meta name=\"robots\" content=\"index, follow, max-snippet:-1, max-image-preview:large, max-video-preview:-1\" \/>\n<link rel=\"canonical\" href=\"https:\/\/hobby4geek.com\/fr\/produit\/dna-design-dk-49-upgrade-kits-for-ss-99-ss-101-ss-104\/\" \/>\n<meta property=\"og:locale\" content=\"fr_FR\" \/>\n<meta property=\"og:type\" content=\"article\" \/>\n<meta property=\"og:title\" content=\"DNA Design - DK-49 Upgrade Kits for SS-99.SS-101.SS-104\" \/>\n<meta property=\"og:description\" content=\"Compatible with SS-99.SS-101.SS-104  An array of accessories and weapons for customizing  Figures sold separately  Made of plastic  &nbsp;  Packaging Contents:   1 x Pair of Alternate Hand Blasters  1 x Iron Chain  1 x Pair of Swords  1 x Pair of Wings  1 x Normal Left Hand  1 x Pair of Arm Attachments  1 x Pair of Shoulder Attachments  Note: All figures shown sold separately.\" \/>\n<meta property=\"og:url\" content=\"https:\/\/hobby4geek.com\/fr\/produit\/dna-design-dk-49-upgrade-kits-for-ss-99-ss-101-ss-104\/\" \/>\n<meta property=\"og:site_name\" content=\"Hobby4Geek\" \/>\n<meta property=\"article:publisher\" content=\"https:\/\/www.facebook.com\/hobby4geek\" \/>\n<meta property=\"article:modified_time\" content=\"2025-07-24T23:14:10+00:00\" \/>\n<meta property=\"og:image\" content=\"https:\/\/hobby4geek.com\/wp-content\/uploads\/2023\/11\/dna-design-dk-49-upgrade-kits-for-ss-99ss-101ss-104-14.jpg\" \/>\n\t<meta property=\"og:image:width\" content=\"1027\" \/>\n\t<meta property=\"og:image:height\" content=\"1380\" \/>\n\t<meta property=\"og:image:type\" content=\"image\/jpeg\" \/>\n<meta name=\"twitter:card\" content=\"summary_large_image\" \/>\n<meta name=\"twitter:site\" content=\"@hobby4geek\" \/>\n<script type=\"application\/ld+json\" class=\"yoast-schema-graph\">{\"@context\":\"https:\/\/schema.org\",\"@graph\":[{\"@type\":\"WebPage\",\"@id\":\"https:\/\/hobby4geek.com\/product\/dna-design-dk-49-upgrade-kits-for-ss-99-ss-101-ss-104\/\",\"url\":\"https:\/\/hobby4geek.com\/product\/dna-design-dk-49-upgrade-kits-for-ss-99-ss-101-ss-104\/\",\"name\":\"DNA Design - DK-49 Upgrade Kits for SS-99.SS-101.SS-104\",\"isPartOf\":{\"@id\":\"https:\/\/hobby4geek.com\/#website\"},\"primaryImageOfPage\":{\"@id\":\"https:\/\/hobby4geek.com\/product\/dna-design-dk-49-upgrade-kits-for-ss-99-ss-101-ss-104\/#primaryimage\"},\"image\":{\"@id\":\"https:\/\/hobby4geek.com\/product\/dna-design-dk-49-upgrade-kits-for-ss-99-ss-101-ss-104\/#primaryimage\"},\"thumbnailUrl\":\"https:\/\/hobby4geek.com\/wp-content\/uploads\/2023\/11\/dna-design-dk-49-upgrade-kits-for-ss-99ss-101ss-104-14.jpg\",\"datePublished\":\"2024-04-05T13:21:45+00:00\",\"dateModified\":\"2025-07-24T23:14:10+00:00\",\"breadcrumb\":{\"@id\":\"https:\/\/hobby4geek.com\/product\/dna-design-dk-49-upgrade-kits-for-ss-99-ss-101-ss-104\/#breadcrumb\"},\"inLanguage\":\"fr-FR\",\"potentialAction\":[{\"@type\":\"ReadAction\",\"target\":[\"https:\/\/hobby4geek.com\/product\/dna-design-dk-49-upgrade-kits-for-ss-99-ss-101-ss-104\/\"]}]},{\"@type\":\"ImageObject\",\"inLanguage\":\"fr-FR\",\"@id\":\"https:\/\/hobby4geek.com\/product\/dna-design-dk-49-upgrade-kits-for-ss-99-ss-101-ss-104\/#primaryimage\",\"url\":\"https:\/\/hobby4geek.com\/wp-content\/uploads\/2023\/11\/dna-design-dk-49-upgrade-kits-for-ss-99ss-101ss-104-14.jpg\",\"contentUrl\":\"https:\/\/hobby4geek.com\/wp-content\/uploads\/2023\/11\/dna-design-dk-49-upgrade-kits-for-ss-99ss-101ss-104-14.jpg\",\"width\":1027,\"height\":1380},{\"@type\":\"BreadcrumbList\",\"@id\":\"https:\/\/hobby4geek.com\/product\/dna-design-dk-49-upgrade-kits-for-ss-99-ss-101-ss-104\/#breadcrumb\",\"itemListElement\":[{\"@type\":\"ListItem\",\"position\":1,\"name\":\"Home\",\"item\":\"https:\/\/hobby4geek.com\/\"},{\"@type\":\"ListItem\",\"position\":2,\"name\":\"Shop\",\"item\":\"https:\/\/hobby4geek.com\/shop\/\"},{\"@type\":\"ListItem\",\"position\":3,\"name\":\"DNA Design &#8211; DK-49 Upgrade Kits for SS-99.SS-101.SS-104\"}]},{\"@type\":\"WebSite\",\"@id\":\"https:\/\/hobby4geek.com\/#website\",\"url\":\"https:\/\/hobby4geek.com\/\",\"name\":\"Hobby4Geek\",\"description\":\"Collect, Play &amp; Showcase, Embrace your Geekiness\",\"publisher\":{\"@id\":\"https:\/\/hobby4geek.com\/#organization\"},\"potentialAction\":[{\"@type\":\"SearchAction\",\"target\":{\"@type\":\"EntryPoint\",\"urlTemplate\":\"https:\/\/hobby4geek.com\/?s={search_term_string}\"},\"query-input\":{\"@type\":\"PropertyValueSpecification\",\"valueRequired\":true,\"valueName\":\"search_term_string\"}}],\"inLanguage\":\"fr-FR\"},{\"@type\":\"Organization\",\"@id\":\"https:\/\/hobby4geek.com\/#organization\",\"name\":\"Hobby4Geek\",\"url\":\"https:\/\/hobby4geek.com\/\",\"logo\":{\"@type\":\"ImageObject\",\"inLanguage\":\"fr-FR\",\"@id\":\"https:\/\/hobby4geek.com\/#\/schema\/logo\/image\/\",\"url\":\"https:\/\/hobby4geek.com\/wp-content\/uploads\/2023\/02\/default-kit.png\",\"contentUrl\":\"https:\/\/hobby4geek.com\/wp-content\/uploads\/2023\/02\/default-kit.png\",\"width\":600,\"height\":600,\"caption\":\"Hobby4Geek\"},\"image\":{\"@id\":\"https:\/\/hobby4geek.com\/#\/schema\/logo\/image\/\"},\"sameAs\":[\"https:\/\/www.facebook.com\/hobby4geek\",\"https:\/\/x.com\/hobby4geek\",\"https:\/\/www.instagram.com\/hobby4geek\/\"]}]}<\/script>\n<meta property=\"product:brand\" content=\"DNA Design\" \/>\n<meta property=\"product:price:amount\" content=\"46.80\" \/>\n<meta property=\"product:price:currency\" content=\"EUR\" \/>\n<meta property=\"og:availability\" content=\"instock\" \/>\n<meta property=\"product:availability\" content=\"instock\" \/>\n<meta property=\"product:condition\" content=\"new\" \/>\n<!-- \/ Yoast SEO Premium plugin. -->","yoast_head_json":{"title":"DNA Design - Kit de mise \u00e0 niveau DK-49 pour SS-99.SS-101.SS-104","robots":{"index":"index","follow":"follow","max-snippet":"max-snippet:-1","max-image-preview":"max-image-preview:large","max-video-preview":"max-video-preview:-1"},"canonical":"https:\/\/hobby4geek.com\/fr\/produit\/dna-design-dk-49-upgrade-kits-for-ss-99-ss-101-ss-104\/","og_locale":"fr_FR","og_type":"article","og_title":"DNA Design - DK-49 Upgrade Kits for SS-99.SS-101.SS-104","og_description":"Compatible with SS-99.SS-101.SS-104  An array of accessories and weapons for customizing  Figures sold separately  Made of plastic  &nbsp;  Packaging Contents:   1 x Pair of Alternate Hand Blasters  1 x Iron Chain  1 x Pair of Swords  1 x Pair of Wings  1 x Normal Left Hand  1 x Pair of Arm Attachments  1 x Pair of Shoulder Attachments  Note: All figures shown sold separately.","og_url":"https:\/\/hobby4geek.com\/fr\/produit\/dna-design-dk-49-upgrade-kits-for-ss-99-ss-101-ss-104\/","og_site_name":"Hobby4Geek","article_publisher":"https:\/\/www.facebook.com\/hobby4geek","article_modified_time":"2025-07-24T23:14:10+00:00","og_image":[{"width":1027,"height":1380,"url":"https:\/\/hobby4geek.com\/wp-content\/uploads\/2023\/11\/dna-design-dk-49-upgrade-kits-for-ss-99ss-101ss-104-14.jpg","type":"image\/jpeg"}],"twitter_card":"summary_large_image","twitter_site":"@hobby4geek","schema":{"@context":"https:\/\/schema.org","@graph":[{"@type":"WebPage","@id":"https:\/\/hobby4geek.com\/product\/dna-design-dk-49-upgrade-kits-for-ss-99-ss-101-ss-104\/","url":"https:\/\/hobby4geek.com\/product\/dna-design-dk-49-upgrade-kits-for-ss-99-ss-101-ss-104\/","name":"DNA Design - Kit de mise \u00e0 niveau DK-49 pour SS-99.SS-101.SS-104","isPartOf":{"@id":"https:\/\/hobby4geek.com\/#website"},"primaryImageOfPage":{"@id":"https:\/\/hobby4geek.com\/product\/dna-design-dk-49-upgrade-kits-for-ss-99-ss-101-ss-104\/#primaryimage"},"image":{"@id":"https:\/\/hobby4geek.com\/product\/dna-design-dk-49-upgrade-kits-for-ss-99-ss-101-ss-104\/#primaryimage"},"thumbnailUrl":"https:\/\/hobby4geek.com\/wp-content\/uploads\/2023\/11\/dna-design-dk-49-upgrade-kits-for-ss-99ss-101ss-104-14.jpg","datePublished":"2024-04-05T13:21:45+00:00","dateModified":"2025-07-24T23:14:10+00:00","breadcrumb":{"@id":"https:\/\/hobby4geek.com\/product\/dna-design-dk-49-upgrade-kits-for-ss-99-ss-101-ss-104\/#breadcrumb"},"inLanguage":"fr-FR","potentialAction":[{"@type":"ReadAction","target":["https:\/\/hobby4geek.com\/product\/dna-design-dk-49-upgrade-kits-for-ss-99-ss-101-ss-104\/"]}]},{"@type":"ImageObject","inLanguage":"fr-FR","@id":"https:\/\/hobby4geek.com\/product\/dna-design-dk-49-upgrade-kits-for-ss-99-ss-101-ss-104\/#primaryimage","url":"https:\/\/hobby4geek.com\/wp-content\/uploads\/2023\/11\/dna-design-dk-49-upgrade-kits-for-ss-99ss-101ss-104-14.jpg","contentUrl":"https:\/\/hobby4geek.com\/wp-content\/uploads\/2023\/11\/dna-design-dk-49-upgrade-kits-for-ss-99ss-101ss-104-14.jpg","width":1027,"height":1380},{"@type":"BreadcrumbList","@id":"https:\/\/hobby4geek.com\/product\/dna-design-dk-49-upgrade-kits-for-ss-99-ss-101-ss-104\/#breadcrumb","itemListElement":[{"@type":"ListItem","position":1,"name":"Home","item":"https:\/\/hobby4geek.com\/"},{"@type":"ListItem","position":2,"name":"Shop","item":"https:\/\/hobby4geek.com\/shop\/"},{"@type":"ListItem","position":3,"name":"DNA Design &#8211; DK-49 Upgrade Kits for SS-99.SS-101.SS-104"}]},{"@type":"WebSite","@id":"https:\/\/hobby4geek.com\/#website","url":"https:\/\/hobby4geek.com\/","name":"Hobby4Geek","description":"Collectionnez, jouez et exposez, embrassez votre geekitude","publisher":{"@id":"https:\/\/hobby4geek.com\/#organization"},"potentialAction":[{"@type":"SearchAction","target":{"@type":"EntryPoint","urlTemplate":"https:\/\/hobby4geek.com\/?s={search_term_string}"},"query-input":{"@type":"PropertyValueSpecification","valueRequired":true,"valueName":"search_term_string"}}],"inLanguage":"fr-FR"},{"@type":"Organization","@id":"https:\/\/hobby4geek.com\/#organization","name":"Hobby4Geek","url":"https:\/\/hobby4geek.com\/","logo":{"@type":"ImageObject","inLanguage":"fr-FR","@id":"https:\/\/hobby4geek.com\/#\/schema\/logo\/image\/","url":"https:\/\/hobby4geek.com\/wp-content\/uploads\/2023\/02\/default-kit.png","contentUrl":"https:\/\/hobby4geek.com\/wp-content\/uploads\/2023\/02\/default-kit.png","width":600,"height":600,"caption":"Hobby4Geek"},"image":{"@id":"https:\/\/hobby4geek.com\/#\/schema\/logo\/image\/"},"sameAs":["https:\/\/www.facebook.com\/hobby4geek","https:\/\/x.com\/hobby4geek","https:\/\/www.instagram.com\/hobby4geek\/"]}]},"product_brand":"DNA Design","product_price_amount":"46.80","product_price_currency":"EUR","og_availability":"instock","product_availability":"instock","product_condition":"new"},"_links":{"self":[{"href":"https:\/\/hobby4geek.com\/fr\/wp-json\/wp\/v2\/product\/190466","targetHints":{"allow":["GET"]}}],"collection":[{"href":"https:\/\/hobby4geek.com\/fr\/wp-json\/wp\/v2\/product"}],"about":[{"href":"https:\/\/hobby4geek.com\/fr\/wp-json\/wp\/v2\/types\/product"}],"replies":[{"embeddable":true,"href":"https:\/\/hobby4geek.com\/fr\/wp-json\/wp\/v2\/comments?post=190466"}],"version-history":[{"count":0,"href":"https:\/\/hobby4geek.com\/fr\/wp-json\/wp\/v2\/product\/190466\/revisions"}],"wp:featuredmedia":[{"embeddable":true,"href":"https:\/\/hobby4geek.com\/fr\/wp-json\/wp\/v2\/media\/190480"}],"wp:attachment":[{"href":"https:\/\/hobby4geek.com\/fr\/wp-json\/wp\/v2\/media?parent=190466"}],"wp:term":[{"taxonomy":"product_brand","embeddable":true,"href":"https:\/\/hobby4geek.com\/fr\/wp-json\/wp\/v2\/product_brand?post=190466"},{"taxonomy":"product_cat","embeddable":true,"href":"https:\/\/hobby4geek.com\/fr\/wp-json\/wp\/v2\/product_cat?post=190466"},{"taxonomy":"product_tag","embeddable":true,"href":"https:\/\/hobby4geek.com\/fr\/wp-json\/wp\/v2\/product_tag?post=190466"},{"taxonomy":"giftcard-category","embeddable":true,"href":"https:\/\/hobby4geek.com\/fr\/wp-json\/wp\/v2\/giftcard-category?post=190466"}],"curies":[{"name":"wp","href":"https:\/\/api.w.org\/{rel}","templated":true}]}}