{"id":190295,"date":"2023-11-20T18:00:21","date_gmt":"2023-11-20T16:00:21","guid":{"rendered":"https:\/\/hobby4geek.com\/?post_type=product&#038;p=190295"},"modified":"2024-05-12T12:57:17","modified_gmt":"2024-05-12T11:57:17","slug":"transformers-bumblebee-buzzworthy-studio-series-96bb-n-e-s-t-ratchet","status":"publish","type":"product","link":"https:\/\/hobby4geek.com\/fr\/produit\/transformers-bumblebee-buzzworthy-studio-series-96bb-n-e-s-t-ratchet\/","title":{"rendered":"Transformers : Bumblebee Buzzworthy - Studio Series 96BB - N.E.S.T. Ratchet"},"content":{"rendered":"<p>Vous avez probablement entendu parler du buzz, mais Bumblebee est une sorte de grosse affaire. Et aujourd'hui, le bot au caract\u00e8re bien tremp\u00e9 fait parler de lui avec une ligne de figurines Transformers parmi les plus populaires, pour les gar\u00e7ons, les filles et les fans de tous \u00e2ges. D\u00e9couvrez ce qui fait l'objet de toutes les attentions, uniquement chez Target.<\/p>\n<p>Faites entrer l'action \u00e9pique des films Transformers du grand \u00e9cran dans votre collection avec la figurine Transformers Studio Series N.E.S.T. Autobot Ratchet ! Ratchet fait \u00e9quipe avec N.E.S.T. pour prot\u00e9ger Chicago d'une attaque des Decepticons.<\/p>\n<p>Les jouets Studio Series Transformers sont des figurines \u00e0 collectionner pour les gar\u00e7ons et les filles de 8 ans qui pr\u00e9sentent des d\u00e9tails et des accessoires inspir\u00e9s des films. Convertissez la figurine du mode robot au mode v\u00e9hicule m\u00e9dical en 18 \u00e9tapes et posez le jouet N.E.S.T. Autobot Ratchet dans la sc\u00e8ne amovible de la bataille de Chicago incluse.<\/p>\n<p>Les figurines Buzzworthy Bumblebee ont un emballage sp\u00e9cial Buzzworthy Bumblebee \u00e0 collectionner. Collectionnez d'autres figurines Buzzworthy Bumblebee, uniquement chez Target (chaque figurine est vendue s\u00e9par\u00e9ment, sous r\u00e9serve de disponibilit\u00e9).<\/p>\n<p>Comprend une figurine, un accessoire, une toile de fond amovible et des instructions.<\/p>\n<ul>\n<li>BUZZWORTHY BUMBLEBEE : La collection Buzzworthy Bumblebee comprend certaines des figurines Transformers les plus int\u00e9ressantes pour les gar\u00e7ons, les filles et les fans de tous \u00e2ges, uniquement chez Target.<\/li>\n<li>4.5-INCH SCALE N.E.S.T. AUTOBOT RATCHET : Transformers Studio Series 96BB La figurine de luxe N.E.S.T. Autobot Ratchet pr\u00e9sente une d\u00e9coration et des d\u00e9tails N.E.S.T. r\u00e9imagin\u00e9s.<\/li>\n<li>INSPIR\u00c9 DU GRAND \u00c9CRAN : L'\u00e9chelle du jouet N.E.S.T. Autobot Ratchet refl\u00e8te la taille du personnage dans l'univers du film Transformers. Posez la figurine devant la toile de fond amovible repr\u00e9sentant la sc\u00e8ne de la bataille de Chicago.<\/li>\n<li>2 MODES ICONIQUES : Ce jouet Transformers pour gar\u00e7ons et filles de 8 ans offre une conversion classique entre les modes robot et v\u00e9hicule m\u00e9dical en 18 \u00e9tapes. Livr\u00e9 avec un accessoire blaster<\/li>\n<li>EMBALLAGE SUR LE TH\u00c8ME DU BOURDON : Cette figurine Transformers dispose d'un emballage sp\u00e9cial Buzzworthy Bumblebee \u00e0 collectionner.<\/li>\n<\/ul>\n<p>&nbsp;<\/p>","protected":false},"excerpt":{"rendered":"<ul>\n<li>16,5 cm<\/li>\n<li>Classe Deluxe<\/li>\n<li>18 \u00c9tapes<\/li>\n<li>D\u00e9cor amovible<\/li>\n<\/ul>","protected":false},"featured_media":190300,"comment_status":"open","ping_status":"closed","template":"","meta":{"inline_featured_image":false},"product_brand":[],"product_cat":[1955,68,69,1960],"product_tag":[2339,1759,221,1964,335,2336,245,240,203,1975,204,1961,1962,1994,2174],"giftcard-category":[],"class_list":{"0":"post-190295","1":"product","2":"type-product","3":"status-publish","4":"has-post-thumbnail","6":"product_cat-transformers","7":"product_cat-hasbro","8":"product_cat-takara-tomy","9":"product_cat-transformers-generations","10":"product_tag-96bb","11":"product_tag-action-toys","12":"product_tag-decepticon","13":"product_tag-deluxe-class","14":"product_tag-hasbro","15":"product_tag-n-e-s-t","16":"product_tag-ratchet","17":"product_tag-studio-series","18":"product_tag-takara-tomy","19":"product_tag-toys-figures","20":"product_tag-transformers","21":"product_tag-transformers-authentic","22":"product_tag-transformers-generations","23":"product_tag-transformers-studio-series","24":"product_tag-transformers-bumblebee-buzzworthy","25":"product_shipping_class-light","27":"first","28":"outofstock","29":"taxable","30":"shipping-taxable","31":"purchasable","32":"product-type-simple","33":"add-to-wishlist-after_add_to_cart"},"yoast_head":"<!-- This site is optimized with the Yoast SEO Premium plugin v25.3.1 (Yoast SEO v27.2) - https:\/\/yoast.com\/product\/yoast-seo-premium-wordpress\/ -->\n<title>Transformers: Bumblebee Buzzworthy - Studio Series 96BB - N.E.S.T. Ratchet<\/title>\n<meta name=\"robots\" content=\"index, follow, max-snippet:-1, max-image-preview:large, max-video-preview:-1\" \/>\n<link rel=\"canonical\" href=\"https:\/\/hobby4geek.com\/fr\/produit\/transformers-bumblebee-buzzworthy-studio-series-96bb-n-e-s-t-ratchet\/\" \/>\n<meta property=\"og:locale\" content=\"fr_FR\" \/>\n<meta property=\"og:type\" content=\"article\" \/>\n<meta property=\"og:title\" content=\"Transformers: Bumblebee Buzzworthy - Studio Series 96BB - N.E.S.T. Ratchet\" \/>\n<meta property=\"og:description\" content=\"16.5 cm  Deluxe Class  18 Steps  Removable Decor\" \/>\n<meta property=\"og:url\" content=\"https:\/\/hobby4geek.com\/fr\/produit\/transformers-bumblebee-buzzworthy-studio-series-96bb-n-e-s-t-ratchet\/\" \/>\n<meta property=\"og:site_name\" content=\"Hobby4Geek\" \/>\n<meta property=\"article:publisher\" content=\"https:\/\/www.facebook.com\/hobby4geek\" \/>\n<meta property=\"article:modified_time\" content=\"2024-05-12T11:57:17+00:00\" \/>\n<meta property=\"og:image\" content=\"https:\/\/hobby4geek.com\/wp-content\/uploads\/2023\/11\/transformers-bumblebee-buzzworthy-studio-series-96bb-nest-ratchet-5.webp\" \/>\n\t<meta property=\"og:image:width\" content=\"2000\" \/>\n\t<meta property=\"og:image:height\" content=\"2000\" \/>\n\t<meta property=\"og:image:type\" content=\"image\/webp\" \/>\n<meta name=\"twitter:card\" content=\"summary_large_image\" \/>\n<meta name=\"twitter:site\" content=\"@hobby4geek\" \/>\n<script type=\"application\/ld+json\" class=\"yoast-schema-graph\">{\"@context\":\"https:\/\/schema.org\",\"@graph\":[{\"@type\":\"WebPage\",\"@id\":\"https:\/\/hobby4geek.com\/es\/producto\/transformers-bumblebee-buzzworthy-studio-series-96bb-n-e-s-t-ratchet\/\",\"url\":\"https:\/\/hobby4geek.com\/es\/producto\/transformers-bumblebee-buzzworthy-studio-series-96bb-n-e-s-t-ratchet\/\",\"name\":\"Transformers: Bumblebee Buzzworthy - Studio Series 96BB - N.E.S.T. Ratchet\",\"isPartOf\":{\"@id\":\"https:\/\/hobby4geek.com\/#website\"},\"primaryImageOfPage\":{\"@id\":\"https:\/\/hobby4geek.com\/es\/producto\/transformers-bumblebee-buzzworthy-studio-series-96bb-n-e-s-t-ratchet\/#primaryimage\"},\"image\":{\"@id\":\"https:\/\/hobby4geek.com\/es\/producto\/transformers-bumblebee-buzzworthy-studio-series-96bb-n-e-s-t-ratchet\/#primaryimage\"},\"thumbnailUrl\":\"https:\/\/hobby4geek.com\/wp-content\/uploads\/2023\/11\/transformers-bumblebee-buzzworthy-studio-series-96bb-nest-ratchet-5.webp\",\"datePublished\":\"2023-11-20T16:00:21+00:00\",\"dateModified\":\"2024-05-12T11:57:17+00:00\",\"breadcrumb\":{\"@id\":\"https:\/\/hobby4geek.com\/es\/producto\/transformers-bumblebee-buzzworthy-studio-series-96bb-n-e-s-t-ratchet\/#breadcrumb\"},\"inLanguage\":\"fr-FR\",\"potentialAction\":[{\"@type\":\"ReadAction\",\"target\":[\"https:\/\/hobby4geek.com\/es\/producto\/transformers-bumblebee-buzzworthy-studio-series-96bb-n-e-s-t-ratchet\/\"]}]},{\"@type\":\"ImageObject\",\"inLanguage\":\"fr-FR\",\"@id\":\"https:\/\/hobby4geek.com\/es\/producto\/transformers-bumblebee-buzzworthy-studio-series-96bb-n-e-s-t-ratchet\/#primaryimage\",\"url\":\"https:\/\/hobby4geek.com\/wp-content\/uploads\/2023\/11\/transformers-bumblebee-buzzworthy-studio-series-96bb-nest-ratchet-5.webp\",\"contentUrl\":\"https:\/\/hobby4geek.com\/wp-content\/uploads\/2023\/11\/transformers-bumblebee-buzzworthy-studio-series-96bb-nest-ratchet-5.webp\",\"width\":2000,\"height\":2000},{\"@type\":\"BreadcrumbList\",\"@id\":\"https:\/\/hobby4geek.com\/es\/producto\/transformers-bumblebee-buzzworthy-studio-series-96bb-n-e-s-t-ratchet\/#breadcrumb\",\"itemListElement\":[{\"@type\":\"ListItem\",\"position\":1,\"name\":\"Home\",\"item\":\"https:\/\/hobby4geek.com\/\"},{\"@type\":\"ListItem\",\"position\":2,\"name\":\"Shop\",\"item\":\"https:\/\/hobby4geek.com\/shop\/\"},{\"@type\":\"ListItem\",\"position\":3,\"name\":\"Transformers: Bumblebee Buzzworthy &#8211; Studio Series 96BB &#8211; N.E.S.T. Ratchet\"}]},{\"@type\":\"WebSite\",\"@id\":\"https:\/\/hobby4geek.com\/#website\",\"url\":\"https:\/\/hobby4geek.com\/\",\"name\":\"Hobby4Geek\",\"description\":\"Collect, Play &amp; Showcase, Embrace your Geekiness\",\"publisher\":{\"@id\":\"https:\/\/hobby4geek.com\/#organization\"},\"potentialAction\":[{\"@type\":\"SearchAction\",\"target\":{\"@type\":\"EntryPoint\",\"urlTemplate\":\"https:\/\/hobby4geek.com\/?s={search_term_string}\"},\"query-input\":{\"@type\":\"PropertyValueSpecification\",\"valueRequired\":true,\"valueName\":\"search_term_string\"}}],\"inLanguage\":\"fr-FR\"},{\"@type\":\"Organization\",\"@id\":\"https:\/\/hobby4geek.com\/#organization\",\"name\":\"Hobby4Geek\",\"url\":\"https:\/\/hobby4geek.com\/\",\"logo\":{\"@type\":\"ImageObject\",\"inLanguage\":\"fr-FR\",\"@id\":\"https:\/\/hobby4geek.com\/#\/schema\/logo\/image\/\",\"url\":\"https:\/\/hobby4geek.com\/wp-content\/uploads\/2023\/02\/default-kit.png\",\"contentUrl\":\"https:\/\/hobby4geek.com\/wp-content\/uploads\/2023\/02\/default-kit.png\",\"width\":600,\"height\":600,\"caption\":\"Hobby4Geek\"},\"image\":{\"@id\":\"https:\/\/hobby4geek.com\/#\/schema\/logo\/image\/\"},\"sameAs\":[\"https:\/\/www.facebook.com\/hobby4geek\",\"https:\/\/x.com\/hobby4geek\",\"https:\/\/www.instagram.com\/hobby4geek\/\"]}]}<\/script>\n<meta property=\"product:brand\" content=\"Transformers\" \/>\n<meta property=\"product:price:amount\" content=\"27.80\" \/>\n<meta property=\"product:price:currency\" content=\"EUR\" \/>\n<meta property=\"og:availability\" content=\"out of stock\" \/>\n<meta property=\"product:availability\" content=\"out of stock\" \/>\n<meta property=\"product:retailer_item_id\" content=\"5010994206185\" \/>\n<meta property=\"product:condition\" content=\"new\" \/>\n<!-- \/ Yoast SEO Premium plugin. -->","yoast_head_json":{"title":"Transformers : Bumblebee Buzzworthy - Studio Series 96BB - N.E.S.T. Ratchet","robots":{"index":"index","follow":"follow","max-snippet":"max-snippet:-1","max-image-preview":"max-image-preview:large","max-video-preview":"max-video-preview:-1"},"canonical":"https:\/\/hobby4geek.com\/fr\/produit\/transformers-bumblebee-buzzworthy-studio-series-96bb-n-e-s-t-ratchet\/","og_locale":"fr_FR","og_type":"article","og_title":"Transformers: Bumblebee Buzzworthy - Studio Series 96BB - N.E.S.T. Ratchet","og_description":"16.5 cm  Deluxe Class  18 Steps  Removable Decor","og_url":"https:\/\/hobby4geek.com\/fr\/produit\/transformers-bumblebee-buzzworthy-studio-series-96bb-n-e-s-t-ratchet\/","og_site_name":"Hobby4Geek","article_publisher":"https:\/\/www.facebook.com\/hobby4geek","article_modified_time":"2024-05-12T11:57:17+00:00","og_image":[{"width":2000,"height":2000,"url":"https:\/\/hobby4geek.com\/wp-content\/uploads\/2023\/11\/transformers-bumblebee-buzzworthy-studio-series-96bb-nest-ratchet-5.webp","type":"image\/webp"}],"twitter_card":"summary_large_image","twitter_site":"@hobby4geek","schema":{"@context":"https:\/\/schema.org","@graph":[{"@type":"WebPage","@id":"https:\/\/hobby4geek.com\/es\/producto\/transformers-bumblebee-buzzworthy-studio-series-96bb-n-e-s-t-ratchet\/","url":"https:\/\/hobby4geek.com\/es\/producto\/transformers-bumblebee-buzzworthy-studio-series-96bb-n-e-s-t-ratchet\/","name":"Transformers : Bumblebee Buzzworthy - Studio Series 96BB - N.E.S.T. Ratchet","isPartOf":{"@id":"https:\/\/hobby4geek.com\/#website"},"primaryImageOfPage":{"@id":"https:\/\/hobby4geek.com\/es\/producto\/transformers-bumblebee-buzzworthy-studio-series-96bb-n-e-s-t-ratchet\/#primaryimage"},"image":{"@id":"https:\/\/hobby4geek.com\/es\/producto\/transformers-bumblebee-buzzworthy-studio-series-96bb-n-e-s-t-ratchet\/#primaryimage"},"thumbnailUrl":"https:\/\/hobby4geek.com\/wp-content\/uploads\/2023\/11\/transformers-bumblebee-buzzworthy-studio-series-96bb-nest-ratchet-5.webp","datePublished":"2023-11-20T16:00:21+00:00","dateModified":"2024-05-12T11:57:17+00:00","breadcrumb":{"@id":"https:\/\/hobby4geek.com\/es\/producto\/transformers-bumblebee-buzzworthy-studio-series-96bb-n-e-s-t-ratchet\/#breadcrumb"},"inLanguage":"fr-FR","potentialAction":[{"@type":"ReadAction","target":["https:\/\/hobby4geek.com\/es\/producto\/transformers-bumblebee-buzzworthy-studio-series-96bb-n-e-s-t-ratchet\/"]}]},{"@type":"ImageObject","inLanguage":"fr-FR","@id":"https:\/\/hobby4geek.com\/es\/producto\/transformers-bumblebee-buzzworthy-studio-series-96bb-n-e-s-t-ratchet\/#primaryimage","url":"https:\/\/hobby4geek.com\/wp-content\/uploads\/2023\/11\/transformers-bumblebee-buzzworthy-studio-series-96bb-nest-ratchet-5.webp","contentUrl":"https:\/\/hobby4geek.com\/wp-content\/uploads\/2023\/11\/transformers-bumblebee-buzzworthy-studio-series-96bb-nest-ratchet-5.webp","width":2000,"height":2000},{"@type":"BreadcrumbList","@id":"https:\/\/hobby4geek.com\/es\/producto\/transformers-bumblebee-buzzworthy-studio-series-96bb-n-e-s-t-ratchet\/#breadcrumb","itemListElement":[{"@type":"ListItem","position":1,"name":"Home","item":"https:\/\/hobby4geek.com\/"},{"@type":"ListItem","position":2,"name":"Shop","item":"https:\/\/hobby4geek.com\/shop\/"},{"@type":"ListItem","position":3,"name":"Transformers: Bumblebee Buzzworthy &#8211; Studio Series 96BB &#8211; N.E.S.T. Ratchet"}]},{"@type":"WebSite","@id":"https:\/\/hobby4geek.com\/#website","url":"https:\/\/hobby4geek.com\/","name":"Hobby4Geek","description":"Collectionnez, jouez et exposez, embrassez votre geekitude","publisher":{"@id":"https:\/\/hobby4geek.com\/#organization"},"potentialAction":[{"@type":"SearchAction","target":{"@type":"EntryPoint","urlTemplate":"https:\/\/hobby4geek.com\/?s={search_term_string}"},"query-input":{"@type":"PropertyValueSpecification","valueRequired":true,"valueName":"search_term_string"}}],"inLanguage":"fr-FR"},{"@type":"Organization","@id":"https:\/\/hobby4geek.com\/#organization","name":"Hobby4Geek","url":"https:\/\/hobby4geek.com\/","logo":{"@type":"ImageObject","inLanguage":"fr-FR","@id":"https:\/\/hobby4geek.com\/#\/schema\/logo\/image\/","url":"https:\/\/hobby4geek.com\/wp-content\/uploads\/2023\/02\/default-kit.png","contentUrl":"https:\/\/hobby4geek.com\/wp-content\/uploads\/2023\/02\/default-kit.png","width":600,"height":600,"caption":"Hobby4Geek"},"image":{"@id":"https:\/\/hobby4geek.com\/#\/schema\/logo\/image\/"},"sameAs":["https:\/\/www.facebook.com\/hobby4geek","https:\/\/x.com\/hobby4geek","https:\/\/www.instagram.com\/hobby4geek\/"]}]},"product_brand":"Transformers","product_price_amount":"27.80","product_price_currency":"EUR","og_availability":"out of stock","product_availability":"out of stock","product_retailer_item_id":"5010994206185","product_condition":"new"},"_links":{"self":[{"href":"https:\/\/hobby4geek.com\/fr\/wp-json\/wp\/v2\/product\/190295","targetHints":{"allow":["GET"]}}],"collection":[{"href":"https:\/\/hobby4geek.com\/fr\/wp-json\/wp\/v2\/product"}],"about":[{"href":"https:\/\/hobby4geek.com\/fr\/wp-json\/wp\/v2\/types\/product"}],"replies":[{"embeddable":true,"href":"https:\/\/hobby4geek.com\/fr\/wp-json\/wp\/v2\/comments?post=190295"}],"version-history":[{"count":0,"href":"https:\/\/hobby4geek.com\/fr\/wp-json\/wp\/v2\/product\/190295\/revisions"}],"wp:featuredmedia":[{"embeddable":true,"href":"https:\/\/hobby4geek.com\/fr\/wp-json\/wp\/v2\/media\/190300"}],"wp:attachment":[{"href":"https:\/\/hobby4geek.com\/fr\/wp-json\/wp\/v2\/media?parent=190295"}],"wp:term":[{"taxonomy":"product_brand","embeddable":true,"href":"https:\/\/hobby4geek.com\/fr\/wp-json\/wp\/v2\/product_brand?post=190295"},{"taxonomy":"product_cat","embeddable":true,"href":"https:\/\/hobby4geek.com\/fr\/wp-json\/wp\/v2\/product_cat?post=190295"},{"taxonomy":"product_tag","embeddable":true,"href":"https:\/\/hobby4geek.com\/fr\/wp-json\/wp\/v2\/product_tag?post=190295"},{"taxonomy":"giftcard-category","embeddable":true,"href":"https:\/\/hobby4geek.com\/fr\/wp-json\/wp\/v2\/giftcard-category?post=190295"}],"curies":[{"name":"wp","href":"https:\/\/api.w.org\/{rel}","templated":true}]}}