{"id":190035,"date":"2024-03-07T13:17:57","date_gmt":"2024-03-07T12:17:57","guid":{"rendered":"https:\/\/hobby4geek.com\/?post_type=product&#038;p=190035"},"modified":"2025-05-30T08:25:12","modified_gmt":"2025-05-30T07:25:12","slug":"transformers-rise-of-the-beasts-studio-series-107-predacon-scorponok","status":"publish","type":"product","link":"https:\/\/hobby4geek.com\/fr\/produit\/transformers-rise-of-the-beasts-studio-series-107-predacon-scorponok\/","title":{"rendered":"Transformers : Rise of the Beasts - Studio Series 107 - Predacon Scorponok"},"content":{"rendered":"<p>Faites entrer l'action \u00e9pique des films Transformers sur grand \u00e9cran dans votre collection avec la figurine Transformers Studio Series Deluxe Class Predacon Scorponok, inspir\u00e9e par les films Transformers Studio.\u00a0<em>Transformers : Le r\u00e9veil des b\u00eates<\/em>!<\/p>\n<p>Les jouets Transformers Studio Series sont des figurines de collection qui comportent des d\u00e9tails et des accessoires inspir\u00e9s des films.<\/p>\n<p>Convertissez la figurine Transformers Studio Series du mode robot au mode scorpion en 20 \u00e9tapes et posez le jouet Predacon Scorponok dans la sc\u00e8ne amovible du combat dans la for\u00eat tropicale incluse. D'autres figurines \u00e0 collectionner de la s\u00e9rie Studio Transformers sont disponibles pour constituer une collection inspir\u00e9e des films (chaque figurine est vendue s\u00e9par\u00e9ment, sous r\u00e9serve de disponibilit\u00e9) !<\/p>\n<p>Comprend une figurine, un accessoire, une toile de fond amovible et des instructions.<\/p>\n<ul>\n<li><em>TRANSFORMERS : RISE OF THE BEASTS\u00a0<\/em>PREDACON SCORPONOK : Cette figurine Transformers Studio Series 107 Predacon Scorponok est hautement articul\u00e9e pour la posabilit\u00e9 et pr\u00e9sente une d\u00e9coration et des d\u00e9tails inspir\u00e9s du film.<\/li>\n<li>TRANSFORMERS TOYS STUDIO SERIES DELUXE CLASS : Cette figurine de collection de 4,5 pouces (11,5 cm) est inspir\u00e9e de sc\u00e8nes de films embl\u00e9matiques et con\u00e7ue avec des sp\u00e9cifications et des d\u00e9tails qui refl\u00e8tent l'univers des films Transformers.<\/li>\n<li>2 MODES ICONIQUES : Ce jouet Transformers de la s\u00e9rie Studio offre une conversion classique entre les modes robot et scorpion en 20 \u00e9tapes.<\/li>\n<li>DES ACCESSOIRES G\u00c9NIAUX : La figurine Transformers est livr\u00e9e avec une queue de scorpion qui s'attache dans les deux modes.<\/li>\n<li>ARTICUL\u00c9S POUR LE JEU ET L'AFFICHAGE : Les figurines Transformers ont des t\u00eates, des bras et des jambes articul\u00e9s pour des poses d'action.<\/li>\n<li>TOILE DE FOND AMOVIBLE : La toile de fond amovible permet d'exposer la figurine Transformers Studio Series Predacon Scorponok dans la sc\u00e8ne du combat dans la for\u00eat tropicale.<\/li>\n<li>COLLECTIONNEZ LES FIGURINES STUDIO SERIES DU FILM : Cette figurine est un excellent cadeau de collection pour tout fan de Transformers. Cherchez d'autres jouets Transformers Studio Series pour constituer une collection (chacun est vendu s\u00e9par\u00e9ment, sous r\u00e9serve de disponibilit\u00e9).<\/li>\n<\/ul>\n<ul>\n<li>11,5 cm<\/li>\n<li>Convertir le robot en Scorpion<\/li>\n<li>Transformer en 20 \u00e9tapes<\/li>\n<li>Toile de fond amovible<\/li>\n<\/ul>\n<p>&nbsp;<\/p>","protected":false},"excerpt":{"rendered":"<ul>\n<li>11,5 cm<\/li>\n<li>Convertir le robot en Scorpion<\/li>\n<li>Transformer en 20 \u00e9tapes<\/li>\n<li>Toile de fond amovible<\/li>\n<\/ul>","protected":false},"featured_media":190040,"comment_status":"open","ping_status":"closed","template":"","meta":{"inline_featured_image":false},"product_brand":[],"product_cat":[68,1955,1960],"product_tag":[1759,335,1936,559,1956,627,2333,1994,2227],"giftcard-category":[],"class_list":{"0":"post-190035","1":"product","2":"type-product","3":"status-publish","4":"has-post-thumbnail","6":"product_cat-hasbro","7":"product_cat-transformers","8":"product_cat-transformers-generations","9":"product_tag-action-toys","10":"product_tag-hasbro","11":"product_tag-models-co","12":"product_tag-predacon","13":"product_tag-rise-of-the-beasts","14":"product_tag-scorponok","15":"product_tag-studio-series-107","16":"product_tag-transformers-studio-series","17":"product_tag-transformers-rise-of-the-beasts","18":"product_shipping_class-light","19":"inventories-france-inventory","21":"first","22":"instock","23":"featured","24":"taxable","25":"shipping-taxable","26":"purchasable","27":"product-type-simple","28":"add-to-wishlist-after_add_to_cart"},"yoast_head":"<!-- This site is optimized with the Yoast SEO Premium plugin v25.3.1 (Yoast SEO v27.4) - https:\/\/yoast.com\/product\/yoast-seo-premium-wordpress\/ -->\n<title>Transformers: Rise of the Beasts - Studio Series 107 - Predacon Scorponok<\/title>\n<meta name=\"robots\" content=\"index, follow, max-snippet:-1, max-image-preview:large, max-video-preview:-1\" \/>\n<link rel=\"canonical\" href=\"https:\/\/hobby4geek.com\/fr\/produit\/transformers-rise-of-the-beasts-studio-series-107-predacon-scorponok\/\" \/>\n<meta property=\"og:locale\" content=\"fr_FR\" \/>\n<meta property=\"og:type\" content=\"article\" \/>\n<meta property=\"og:title\" content=\"Transformers: Rise of the Beasts - Studio Series 107 - Predacon Scorponok\" \/>\n<meta property=\"og:description\" content=\"11,5 cm  Convert robot to Scorpion  Transform in 20 steps  Removable backdrop\" \/>\n<meta property=\"og:url\" content=\"https:\/\/hobby4geek.com\/fr\/produit\/transformers-rise-of-the-beasts-studio-series-107-predacon-scorponok\/\" \/>\n<meta property=\"og:site_name\" content=\"Hobby4Geek\" \/>\n<meta property=\"article:publisher\" content=\"https:\/\/www.facebook.com\/hobby4geek\" \/>\n<meta property=\"article:modified_time\" content=\"2025-05-30T07:25:12+00:00\" \/>\n<meta property=\"og:image\" content=\"https:\/\/hobby4geek.com\/wp-content\/uploads\/2023\/11\/transformers-rise-of-the-beasts-studio-series-107-predacon-scorponok-5.webp\" \/>\n\t<meta property=\"og:image:width\" content=\"2000\" \/>\n\t<meta property=\"og:image:height\" content=\"2000\" \/>\n\t<meta property=\"og:image:type\" content=\"image\/webp\" \/>\n<meta name=\"twitter:card\" content=\"summary_large_image\" \/>\n<meta name=\"twitter:site\" content=\"@hobby4geek\" \/>\n<script type=\"application\/ld+json\" class=\"yoast-schema-graph\">{\"@context\":\"https:\\\/\\\/schema.org\",\"@graph\":[{\"@type\":\"WebPage\",\"@id\":\"https:\\\/\\\/hobby4geek.com\\\/product\\\/transformers-rise-of-the-beasts-studio-series-107-predacon-scorponok\\\/\",\"url\":\"https:\\\/\\\/hobby4geek.com\\\/product\\\/transformers-rise-of-the-beasts-studio-series-107-predacon-scorponok\\\/\",\"name\":\"Transformers: Rise of the Beasts - Studio Series 107 - Predacon Scorponok\",\"isPartOf\":{\"@id\":\"https:\\\/\\\/hobby4geek.com\\\/#website\"},\"primaryImageOfPage\":{\"@id\":\"https:\\\/\\\/hobby4geek.com\\\/product\\\/transformers-rise-of-the-beasts-studio-series-107-predacon-scorponok\\\/#primaryimage\"},\"image\":{\"@id\":\"https:\\\/\\\/hobby4geek.com\\\/product\\\/transformers-rise-of-the-beasts-studio-series-107-predacon-scorponok\\\/#primaryimage\"},\"thumbnailUrl\":\"https:\\\/\\\/hobby4geek.com\\\/wp-content\\\/uploads\\\/2023\\\/11\\\/transformers-rise-of-the-beasts-studio-series-107-predacon-scorponok-5.webp\",\"datePublished\":\"2024-03-07T12:17:57+00:00\",\"dateModified\":\"2025-05-30T07:25:12+00:00\",\"breadcrumb\":{\"@id\":\"https:\\\/\\\/hobby4geek.com\\\/product\\\/transformers-rise-of-the-beasts-studio-series-107-predacon-scorponok\\\/#breadcrumb\"},\"inLanguage\":\"fr-FR\",\"potentialAction\":[{\"@type\":\"ReadAction\",\"target\":[\"https:\\\/\\\/hobby4geek.com\\\/product\\\/transformers-rise-of-the-beasts-studio-series-107-predacon-scorponok\\\/\"]}]},{\"@type\":\"ImageObject\",\"inLanguage\":\"fr-FR\",\"@id\":\"https:\\\/\\\/hobby4geek.com\\\/product\\\/transformers-rise-of-the-beasts-studio-series-107-predacon-scorponok\\\/#primaryimage\",\"url\":\"https:\\\/\\\/hobby4geek.com\\\/wp-content\\\/uploads\\\/2023\\\/11\\\/transformers-rise-of-the-beasts-studio-series-107-predacon-scorponok-5.webp\",\"contentUrl\":\"https:\\\/\\\/hobby4geek.com\\\/wp-content\\\/uploads\\\/2023\\\/11\\\/transformers-rise-of-the-beasts-studio-series-107-predacon-scorponok-5.webp\",\"width\":2000,\"height\":2000},{\"@type\":\"BreadcrumbList\",\"@id\":\"https:\\\/\\\/hobby4geek.com\\\/product\\\/transformers-rise-of-the-beasts-studio-series-107-predacon-scorponok\\\/#breadcrumb\",\"itemListElement\":[{\"@type\":\"ListItem\",\"position\":1,\"name\":\"Home\",\"item\":\"https:\\\/\\\/hobby4geek.com\\\/\"},{\"@type\":\"ListItem\",\"position\":2,\"name\":\"Shop\",\"item\":\"https:\\\/\\\/hobby4geek.com\\\/shop\\\/\"},{\"@type\":\"ListItem\",\"position\":3,\"name\":\"Transformers: Rise of the Beasts &#8211; Studio Series 107 &#8211; Predacon Scorponok\"}]},{\"@type\":\"WebSite\",\"@id\":\"https:\\\/\\\/hobby4geek.com\\\/#website\",\"url\":\"https:\\\/\\\/hobby4geek.com\\\/\",\"name\":\"Hobby4Geek\",\"description\":\"Collect, Play &amp; Showcase, Embrace your Geekiness\",\"publisher\":{\"@id\":\"https:\\\/\\\/hobby4geek.com\\\/#organization\"},\"potentialAction\":[{\"@type\":\"SearchAction\",\"target\":{\"@type\":\"EntryPoint\",\"urlTemplate\":\"https:\\\/\\\/hobby4geek.com\\\/?s={search_term_string}\"},\"query-input\":{\"@type\":\"PropertyValueSpecification\",\"valueRequired\":true,\"valueName\":\"search_term_string\"}}],\"inLanguage\":\"fr-FR\"},{\"@type\":\"Organization\",\"@id\":\"https:\\\/\\\/hobby4geek.com\\\/#organization\",\"name\":\"Hobby4Geek\",\"url\":\"https:\\\/\\\/hobby4geek.com\\\/\",\"logo\":{\"@type\":\"ImageObject\",\"inLanguage\":\"fr-FR\",\"@id\":\"https:\\\/\\\/hobby4geek.com\\\/#\\\/schema\\\/logo\\\/image\\\/\",\"url\":\"https:\\\/\\\/hobby4geek.com\\\/wp-content\\\/uploads\\\/2023\\\/02\\\/default-kit.png\",\"contentUrl\":\"https:\\\/\\\/hobby4geek.com\\\/wp-content\\\/uploads\\\/2023\\\/02\\\/default-kit.png\",\"width\":600,\"height\":600,\"caption\":\"Hobby4Geek\"},\"image\":{\"@id\":\"https:\\\/\\\/hobby4geek.com\\\/#\\\/schema\\\/logo\\\/image\\\/\"},\"sameAs\":[\"https:\\\/\\\/www.facebook.com\\\/hobby4geek\",\"https:\\\/\\\/x.com\\\/hobby4geek\",\"https:\\\/\\\/www.instagram.com\\\/hobby4geek\\\/\"]}]}<\/script>\n<meta property=\"product:brand\" content=\"Hasbro\" \/>\n<meta property=\"product:price:amount\" content=\"27.80\" \/>\n<meta property=\"product:price:currency\" content=\"EUR\" \/>\n<meta property=\"og:availability\" content=\"instock\" \/>\n<meta property=\"product:availability\" content=\"instock\" \/>\n<meta property=\"product:retailer_item_id\" content=\"195166248141\" \/>\n<meta property=\"product:condition\" content=\"new\" \/>\n<!-- \/ Yoast SEO Premium plugin. -->","yoast_head_json":{"title":"Transformers : Rise of the Beasts - Studio Series 107 - Predacon Scorponok","robots":{"index":"index","follow":"follow","max-snippet":"max-snippet:-1","max-image-preview":"max-image-preview:large","max-video-preview":"max-video-preview:-1"},"canonical":"https:\/\/hobby4geek.com\/fr\/produit\/transformers-rise-of-the-beasts-studio-series-107-predacon-scorponok\/","og_locale":"fr_FR","og_type":"article","og_title":"Transformers: Rise of the Beasts - Studio Series 107 - Predacon Scorponok","og_description":"11,5 cm  Convert robot to Scorpion  Transform in 20 steps  Removable backdrop","og_url":"https:\/\/hobby4geek.com\/fr\/produit\/transformers-rise-of-the-beasts-studio-series-107-predacon-scorponok\/","og_site_name":"Hobby4Geek","article_publisher":"https:\/\/www.facebook.com\/hobby4geek","article_modified_time":"2025-05-30T07:25:12+00:00","og_image":[{"width":2000,"height":2000,"url":"https:\/\/hobby4geek.com\/wp-content\/uploads\/2023\/11\/transformers-rise-of-the-beasts-studio-series-107-predacon-scorponok-5.webp","type":"image\/webp"}],"twitter_card":"summary_large_image","twitter_site":"@hobby4geek","schema":{"@context":"https:\/\/schema.org","@graph":[{"@type":"WebPage","@id":"https:\/\/hobby4geek.com\/product\/transformers-rise-of-the-beasts-studio-series-107-predacon-scorponok\/","url":"https:\/\/hobby4geek.com\/product\/transformers-rise-of-the-beasts-studio-series-107-predacon-scorponok\/","name":"Transformers : Rise of the Beasts - Studio Series 107 - Predacon Scorponok","isPartOf":{"@id":"https:\/\/hobby4geek.com\/#website"},"primaryImageOfPage":{"@id":"https:\/\/hobby4geek.com\/product\/transformers-rise-of-the-beasts-studio-series-107-predacon-scorponok\/#primaryimage"},"image":{"@id":"https:\/\/hobby4geek.com\/product\/transformers-rise-of-the-beasts-studio-series-107-predacon-scorponok\/#primaryimage"},"thumbnailUrl":"https:\/\/hobby4geek.com\/wp-content\/uploads\/2023\/11\/transformers-rise-of-the-beasts-studio-series-107-predacon-scorponok-5.webp","datePublished":"2024-03-07T12:17:57+00:00","dateModified":"2025-05-30T07:25:12+00:00","breadcrumb":{"@id":"https:\/\/hobby4geek.com\/product\/transformers-rise-of-the-beasts-studio-series-107-predacon-scorponok\/#breadcrumb"},"inLanguage":"fr-FR","potentialAction":[{"@type":"ReadAction","target":["https:\/\/hobby4geek.com\/product\/transformers-rise-of-the-beasts-studio-series-107-predacon-scorponok\/"]}]},{"@type":"ImageObject","inLanguage":"fr-FR","@id":"https:\/\/hobby4geek.com\/product\/transformers-rise-of-the-beasts-studio-series-107-predacon-scorponok\/#primaryimage","url":"https:\/\/hobby4geek.com\/wp-content\/uploads\/2023\/11\/transformers-rise-of-the-beasts-studio-series-107-predacon-scorponok-5.webp","contentUrl":"https:\/\/hobby4geek.com\/wp-content\/uploads\/2023\/11\/transformers-rise-of-the-beasts-studio-series-107-predacon-scorponok-5.webp","width":2000,"height":2000},{"@type":"BreadcrumbList","@id":"https:\/\/hobby4geek.com\/product\/transformers-rise-of-the-beasts-studio-series-107-predacon-scorponok\/#breadcrumb","itemListElement":[{"@type":"ListItem","position":1,"name":"Home","item":"https:\/\/hobby4geek.com\/"},{"@type":"ListItem","position":2,"name":"Shop","item":"https:\/\/hobby4geek.com\/shop\/"},{"@type":"ListItem","position":3,"name":"Transformers: Rise of the Beasts &#8211; Studio Series 107 &#8211; Predacon Scorponok"}]},{"@type":"WebSite","@id":"https:\/\/hobby4geek.com\/#website","url":"https:\/\/hobby4geek.com\/","name":"Hobby4Geek","description":"Collectionnez, jouez et exposez, embrassez votre geekitude","publisher":{"@id":"https:\/\/hobby4geek.com\/#organization"},"potentialAction":[{"@type":"SearchAction","target":{"@type":"EntryPoint","urlTemplate":"https:\/\/hobby4geek.com\/?s={search_term_string}"},"query-input":{"@type":"PropertyValueSpecification","valueRequired":true,"valueName":"search_term_string"}}],"inLanguage":"fr-FR"},{"@type":"Organization","@id":"https:\/\/hobby4geek.com\/#organization","name":"Hobby4Geek","url":"https:\/\/hobby4geek.com\/","logo":{"@type":"ImageObject","inLanguage":"fr-FR","@id":"https:\/\/hobby4geek.com\/#\/schema\/logo\/image\/","url":"https:\/\/hobby4geek.com\/wp-content\/uploads\/2023\/02\/default-kit.png","contentUrl":"https:\/\/hobby4geek.com\/wp-content\/uploads\/2023\/02\/default-kit.png","width":600,"height":600,"caption":"Hobby4Geek"},"image":{"@id":"https:\/\/hobby4geek.com\/#\/schema\/logo\/image\/"},"sameAs":["https:\/\/www.facebook.com\/hobby4geek","https:\/\/x.com\/hobby4geek","https:\/\/www.instagram.com\/hobby4geek\/"]}]},"product_brand":"Hasbro","product_price_amount":"27.80","product_price_currency":"EUR","og_availability":"instock","product_availability":"instock","product_retailer_item_id":"195166248141","product_condition":"new"},"_links":{"self":[{"href":"https:\/\/hobby4geek.com\/fr\/wp-json\/wp\/v2\/product\/190035","targetHints":{"allow":["GET"]}}],"collection":[{"href":"https:\/\/hobby4geek.com\/fr\/wp-json\/wp\/v2\/product"}],"about":[{"href":"https:\/\/hobby4geek.com\/fr\/wp-json\/wp\/v2\/types\/product"}],"replies":[{"embeddable":true,"href":"https:\/\/hobby4geek.com\/fr\/wp-json\/wp\/v2\/comments?post=190035"}],"version-history":[{"count":0,"href":"https:\/\/hobby4geek.com\/fr\/wp-json\/wp\/v2\/product\/190035\/revisions"}],"wp:featuredmedia":[{"embeddable":true,"href":"https:\/\/hobby4geek.com\/fr\/wp-json\/wp\/v2\/media\/190040"}],"wp:attachment":[{"href":"https:\/\/hobby4geek.com\/fr\/wp-json\/wp\/v2\/media?parent=190035"}],"wp:term":[{"taxonomy":"product_brand","embeddable":true,"href":"https:\/\/hobby4geek.com\/fr\/wp-json\/wp\/v2\/product_brand?post=190035"},{"taxonomy":"product_cat","embeddable":true,"href":"https:\/\/hobby4geek.com\/fr\/wp-json\/wp\/v2\/product_cat?post=190035"},{"taxonomy":"product_tag","embeddable":true,"href":"https:\/\/hobby4geek.com\/fr\/wp-json\/wp\/v2\/product_tag?post=190035"},{"taxonomy":"giftcard-category","embeddable":true,"href":"https:\/\/hobby4geek.com\/fr\/wp-json\/wp\/v2\/giftcard-category?post=190035"}],"curies":[{"name":"wp","href":"https:\/\/api.w.org\/{rel}","templated":true}]}}