{"id":189996,"date":"2024-03-07T11:19:44","date_gmt":"2024-03-07T10:19:44","guid":{"rendered":"https:\/\/hobby4geek.com\/?post_type=product&#038;p=189996"},"modified":"2025-06-05T09:33:33","modified_gmt":"2025-06-05T08:33:33","slug":"transformers-bumblebee-studio-series-concept-art-decepticon-rumble","status":"publish","type":"product","link":"https:\/\/hobby4geek.com\/fr\/produit\/transformers-bumblebee-studio-series-concept-art-decepticon-rumble\/","title":{"rendered":"Transformers : Bumblebee - Studio Series - Concept Art Rumble"},"content":{"rendered":"<p>Faites entrer l'action \u00e9pique des films Transformers du grand \u00e9cran dans votre collection avec la figurine Transformers Studio Series Core Class Concept Art Decepticon Rumble, inspir\u00e9e du concept art de\u00a0<em>Transformers : Bourdon<\/em>!<\/p>\n<p>Les jouets Transformers Studio Series sont des figurines \u00e0 collectionner qui pr\u00e9sentent des d\u00e9tails et des accessoires inspir\u00e9s des films. Convertissez la figurine Studio Series Transformers du mode robot au mode cassette en 11 \u00e9tapes et posez-la avec les accessoires blaster inclus.<\/p>\n<p>Recherchez d'autres figurines \u00e0 collectionner Transformers Studio Series pour constituer une collection inspir\u00e9e du film (chacune vendue s\u00e9par\u00e9ment, sous r\u00e9serve de disponibilit\u00e9) !<\/p>\n<p>Comprend une figurine, 2 accessoires et des instructions.<\/p>\n<ul>\n<li><em>TRANSFORMERS : BUMBLEBEE<\/em>\u00a0CONCEPT ART DECEPTICON RUMBLE : Cette figurine Transformers Studio Series Concept Art Decepticon Rumble est inspir\u00e9e d'un concept art de Rumble qui a \u00e9t\u00e9 pr\u00e9vu, mais jamais utilis\u00e9 dans le film.\u00a0<em>Transformers : Bourdon\u00a0<\/em>film<\/li>\n<li>TRANSFORMERS TOYS STUDIO SERIES CORE CLASS : Cette figurine de collection de 3,5 pouces (8,9 cm) est hautement articul\u00e9e pour la posabilit\u00e9 et con\u00e7ue avec des sp\u00e9cifications et des d\u00e9tails refl\u00e9tant l'univers des films Transformers.<\/li>\n<li>2 MODES ICONIQUES : ce jouet Studio Series Transformers permet de passer du mode robot au mode cassette en 11 \u00e9tapes.<\/li>\n<li>DES ACCESSOIRES G\u00c9NIAUX : La figurine Transformers est livr\u00e9e avec 2 accessoires de blaster qui se fixent dans les deux modes.<\/li>\n<li>ARTICUL\u00c9S POUR LE JEU ET L'AFFICHAGE : Les figurines Transformers ont des t\u00eates, des bras et des jambes articul\u00e9s pour des poses d'action.<\/li>\n<li>COLLECTIONNEZ LES FIGURINES STUDIO SERIES DU FILM : Cette figurine est un excellent cadeau de collection pour tout fan de Transformers. Cherchez d'autres jouets Transformers Studio Series pour constituer une collection (chacun est vendu s\u00e9par\u00e9ment, sous r\u00e9serve de disponibilit\u00e9).<\/li>\n<\/ul>\n<p dir=\"ltr\" data-placeholder=\"Traduction\"><strong>Caract\u00e9ristiques du produit :<\/strong><\/p>\n<ul>\n<li dir=\"ltr\" data-placeholder=\"Traduction\">Classe Origine<\/li>\n<li dir=\"ltr\" data-placeholder=\"Traduction\">Taille : 9 cm<\/li>\n<li dir=\"ltr\" data-placeholder=\"Traduction\">Se transformer en 11 \u00e9tapes<\/li>\n<li dir=\"ltr\" data-placeholder=\"Traduction\">Conversion du robot en cassette<\/li>\n<\/ul>\n<p><strong>Accessoires :<\/strong><\/p>\n<ul>\n<li>2 blasters<\/li>\n<\/ul>","protected":false},"excerpt":{"rendered":"<ul>\n<li dir=\"ltr\" data-placeholder=\"Traduction\">Classe Origine<\/li>\n<li dir=\"ltr\" data-placeholder=\"Traduction\">Taille : 9 cm<\/li>\n<li dir=\"ltr\" data-placeholder=\"Traduction\">Se transformer en 11 \u00e9tapes<\/li>\n<li dir=\"ltr\" data-placeholder=\"Traduction\">Conversion du robot en cassette<\/li>\n<\/ul>","protected":false},"featured_media":190001,"comment_status":"open","ping_status":"closed","template":"","meta":{"inline_featured_image":false},"product_brand":[],"product_cat":[68,69,1955,1960],"product_tag":[1759,2331,2109,221,2330,335,2332,203,1975,204,1961,1962,1994],"giftcard-category":[],"class_list":{"0":"post-189996","1":"product","2":"type-product","3":"status-publish","4":"has-post-thumbnail","6":"product_cat-hasbro","7":"product_cat-takara-tomy","8":"product_cat-transformers","9":"product_cat-transformers-generations","10":"product_tag-action-toys","11":"product_tag-concept-art","12":"product_tag-core-class","13":"product_tag-decepticon","14":"product_tag-figurine-concept-art","15":"product_tag-hasbro","16":"product_tag-rumble","17":"product_tag-takara-tomy","18":"product_tag-toys-figures","19":"product_tag-transformers","20":"product_tag-transformers-authentic","21":"product_tag-transformers-generations","22":"product_tag-transformers-studio-series","23":"product_shipping_class-light","24":"inventories-france-inventory","26":"first","27":"instock","28":"featured","29":"taxable","30":"shipping-taxable","31":"purchasable","32":"product-type-simple","33":"add-to-wishlist-after_add_to_cart"},"yoast_head":"<!-- This site is optimized with the Yoast SEO Premium plugin v25.3.1 (Yoast SEO v27.4) - https:\/\/yoast.com\/product\/yoast-seo-premium-wordpress\/ -->\n<title>Transformers: Bumblebee - Studio Series - Concept Art Rumble<\/title>\n<meta name=\"robots\" content=\"index, follow, max-snippet:-1, max-image-preview:large, max-video-preview:-1\" \/>\n<link rel=\"canonical\" href=\"https:\/\/hobby4geek.com\/fr\/produit\/transformers-bumblebee-studio-series-concept-art-decepticon-rumble\/\" \/>\n<meta property=\"og:locale\" content=\"fr_FR\" \/>\n<meta property=\"og:type\" content=\"article\" \/>\n<meta property=\"og:title\" content=\"Transformers: Bumblebee - Studio Series - Concept Art Rumble\" \/>\n<meta property=\"og:description\" content=\"Core Class  Size: 9 cm  Transform in 11\u00a0 steps  Converts from robot to Cassette\" \/>\n<meta property=\"og:url\" content=\"https:\/\/hobby4geek.com\/fr\/produit\/transformers-bumblebee-studio-series-concept-art-decepticon-rumble\/\" \/>\n<meta property=\"og:site_name\" content=\"Hobby4Geek\" \/>\n<meta property=\"article:publisher\" content=\"https:\/\/www.facebook.com\/hobby4geek\" \/>\n<meta property=\"article:modified_time\" content=\"2025-06-05T08:33:33+00:00\" \/>\n<meta property=\"og:image\" content=\"https:\/\/hobby4geek.com\/wp-content\/uploads\/2023\/11\/transformers-bumblebee-studio-series-concept-art-rumble-5.webp\" \/>\n\t<meta property=\"og:image:width\" content=\"2000\" \/>\n\t<meta property=\"og:image:height\" content=\"2000\" \/>\n\t<meta property=\"og:image:type\" content=\"image\/webp\" \/>\n<meta name=\"twitter:card\" content=\"summary_large_image\" \/>\n<meta name=\"twitter:site\" content=\"@hobby4geek\" \/>\n<script type=\"application\/ld+json\" class=\"yoast-schema-graph\">{\"@context\":\"https:\\\/\\\/schema.org\",\"@graph\":[{\"@type\":\"WebPage\",\"@id\":\"https:\\\/\\\/hobby4geek.com\\\/product\\\/transformers-bumblebee-studio-series-concept-art-decepticon-rumble\\\/\",\"url\":\"https:\\\/\\\/hobby4geek.com\\\/product\\\/transformers-bumblebee-studio-series-concept-art-decepticon-rumble\\\/\",\"name\":\"Transformers: Bumblebee - Studio Series - Concept Art Rumble\",\"isPartOf\":{\"@id\":\"https:\\\/\\\/hobby4geek.com\\\/#website\"},\"primaryImageOfPage\":{\"@id\":\"https:\\\/\\\/hobby4geek.com\\\/product\\\/transformers-bumblebee-studio-series-concept-art-decepticon-rumble\\\/#primaryimage\"},\"image\":{\"@id\":\"https:\\\/\\\/hobby4geek.com\\\/product\\\/transformers-bumblebee-studio-series-concept-art-decepticon-rumble\\\/#primaryimage\"},\"thumbnailUrl\":\"https:\\\/\\\/hobby4geek.com\\\/wp-content\\\/uploads\\\/2023\\\/11\\\/transformers-bumblebee-studio-series-concept-art-rumble-5.webp\",\"datePublished\":\"2024-03-07T10:19:44+00:00\",\"dateModified\":\"2025-06-05T08:33:33+00:00\",\"breadcrumb\":{\"@id\":\"https:\\\/\\\/hobby4geek.com\\\/product\\\/transformers-bumblebee-studio-series-concept-art-decepticon-rumble\\\/#breadcrumb\"},\"inLanguage\":\"fr-FR\",\"potentialAction\":[{\"@type\":\"ReadAction\",\"target\":[\"https:\\\/\\\/hobby4geek.com\\\/product\\\/transformers-bumblebee-studio-series-concept-art-decepticon-rumble\\\/\"]}]},{\"@type\":\"ImageObject\",\"inLanguage\":\"fr-FR\",\"@id\":\"https:\\\/\\\/hobby4geek.com\\\/product\\\/transformers-bumblebee-studio-series-concept-art-decepticon-rumble\\\/#primaryimage\",\"url\":\"https:\\\/\\\/hobby4geek.com\\\/wp-content\\\/uploads\\\/2023\\\/11\\\/transformers-bumblebee-studio-series-concept-art-rumble-5.webp\",\"contentUrl\":\"https:\\\/\\\/hobby4geek.com\\\/wp-content\\\/uploads\\\/2023\\\/11\\\/transformers-bumblebee-studio-series-concept-art-rumble-5.webp\",\"width\":2000,\"height\":2000},{\"@type\":\"BreadcrumbList\",\"@id\":\"https:\\\/\\\/hobby4geek.com\\\/product\\\/transformers-bumblebee-studio-series-concept-art-decepticon-rumble\\\/#breadcrumb\",\"itemListElement\":[{\"@type\":\"ListItem\",\"position\":1,\"name\":\"Home\",\"item\":\"https:\\\/\\\/hobby4geek.com\\\/\"},{\"@type\":\"ListItem\",\"position\":2,\"name\":\"Shop\",\"item\":\"https:\\\/\\\/hobby4geek.com\\\/shop\\\/\"},{\"@type\":\"ListItem\",\"position\":3,\"name\":\"Transformers: Bumblebee &#8211; Studio Series &#8211; Concept Art Rumble\"}]},{\"@type\":\"WebSite\",\"@id\":\"https:\\\/\\\/hobby4geek.com\\\/#website\",\"url\":\"https:\\\/\\\/hobby4geek.com\\\/\",\"name\":\"Hobby4Geek\",\"description\":\"Collect, Play &amp; Showcase, Embrace your Geekiness\",\"publisher\":{\"@id\":\"https:\\\/\\\/hobby4geek.com\\\/#organization\"},\"potentialAction\":[{\"@type\":\"SearchAction\",\"target\":{\"@type\":\"EntryPoint\",\"urlTemplate\":\"https:\\\/\\\/hobby4geek.com\\\/?s={search_term_string}\"},\"query-input\":{\"@type\":\"PropertyValueSpecification\",\"valueRequired\":true,\"valueName\":\"search_term_string\"}}],\"inLanguage\":\"fr-FR\"},{\"@type\":\"Organization\",\"@id\":\"https:\\\/\\\/hobby4geek.com\\\/#organization\",\"name\":\"Hobby4Geek\",\"url\":\"https:\\\/\\\/hobby4geek.com\\\/\",\"logo\":{\"@type\":\"ImageObject\",\"inLanguage\":\"fr-FR\",\"@id\":\"https:\\\/\\\/hobby4geek.com\\\/#\\\/schema\\\/logo\\\/image\\\/\",\"url\":\"https:\\\/\\\/hobby4geek.com\\\/wp-content\\\/uploads\\\/2023\\\/02\\\/default-kit.png\",\"contentUrl\":\"https:\\\/\\\/hobby4geek.com\\\/wp-content\\\/uploads\\\/2023\\\/02\\\/default-kit.png\",\"width\":600,\"height\":600,\"caption\":\"Hobby4Geek\"},\"image\":{\"@id\":\"https:\\\/\\\/hobby4geek.com\\\/#\\\/schema\\\/logo\\\/image\\\/\"},\"sameAs\":[\"https:\\\/\\\/www.facebook.com\\\/hobby4geek\",\"https:\\\/\\\/x.com\\\/hobby4geek\",\"https:\\\/\\\/www.instagram.com\\\/hobby4geek\\\/\"]}]}<\/script>\n<meta property=\"product:brand\" content=\"Hasbro\" \/>\n<meta property=\"product:price:amount\" content=\"14.80\" \/>\n<meta property=\"product:price:currency\" content=\"EUR\" \/>\n<meta property=\"og:availability\" content=\"instock\" \/>\n<meta property=\"product:availability\" content=\"instock\" \/>\n<meta property=\"product:retailer_item_id\" content=\"5010996208316\" \/>\n<meta property=\"product:condition\" content=\"new\" \/>\n<!-- \/ Yoast SEO Premium plugin. -->","yoast_head_json":{"title":"Transformers : Bumblebee - Studio Series - Concept Art Rumble","robots":{"index":"index","follow":"follow","max-snippet":"max-snippet:-1","max-image-preview":"max-image-preview:large","max-video-preview":"max-video-preview:-1"},"canonical":"https:\/\/hobby4geek.com\/fr\/produit\/transformers-bumblebee-studio-series-concept-art-decepticon-rumble\/","og_locale":"fr_FR","og_type":"article","og_title":"Transformers: Bumblebee - Studio Series - Concept Art Rumble","og_description":"Core Class  Size: 9 cm  Transform in 11\u00a0 steps  Converts from robot to Cassette","og_url":"https:\/\/hobby4geek.com\/fr\/produit\/transformers-bumblebee-studio-series-concept-art-decepticon-rumble\/","og_site_name":"Hobby4Geek","article_publisher":"https:\/\/www.facebook.com\/hobby4geek","article_modified_time":"2025-06-05T08:33:33+00:00","og_image":[{"width":2000,"height":2000,"url":"https:\/\/hobby4geek.com\/wp-content\/uploads\/2023\/11\/transformers-bumblebee-studio-series-concept-art-rumble-5.webp","type":"image\/webp"}],"twitter_card":"summary_large_image","twitter_site":"@hobby4geek","schema":{"@context":"https:\/\/schema.org","@graph":[{"@type":"WebPage","@id":"https:\/\/hobby4geek.com\/product\/transformers-bumblebee-studio-series-concept-art-decepticon-rumble\/","url":"https:\/\/hobby4geek.com\/product\/transformers-bumblebee-studio-series-concept-art-decepticon-rumble\/","name":"Transformers : Bumblebee - Studio Series - Concept Art Rumble","isPartOf":{"@id":"https:\/\/hobby4geek.com\/#website"},"primaryImageOfPage":{"@id":"https:\/\/hobby4geek.com\/product\/transformers-bumblebee-studio-series-concept-art-decepticon-rumble\/#primaryimage"},"image":{"@id":"https:\/\/hobby4geek.com\/product\/transformers-bumblebee-studio-series-concept-art-decepticon-rumble\/#primaryimage"},"thumbnailUrl":"https:\/\/hobby4geek.com\/wp-content\/uploads\/2023\/11\/transformers-bumblebee-studio-series-concept-art-rumble-5.webp","datePublished":"2024-03-07T10:19:44+00:00","dateModified":"2025-06-05T08:33:33+00:00","breadcrumb":{"@id":"https:\/\/hobby4geek.com\/product\/transformers-bumblebee-studio-series-concept-art-decepticon-rumble\/#breadcrumb"},"inLanguage":"fr-FR","potentialAction":[{"@type":"ReadAction","target":["https:\/\/hobby4geek.com\/product\/transformers-bumblebee-studio-series-concept-art-decepticon-rumble\/"]}]},{"@type":"ImageObject","inLanguage":"fr-FR","@id":"https:\/\/hobby4geek.com\/product\/transformers-bumblebee-studio-series-concept-art-decepticon-rumble\/#primaryimage","url":"https:\/\/hobby4geek.com\/wp-content\/uploads\/2023\/11\/transformers-bumblebee-studio-series-concept-art-rumble-5.webp","contentUrl":"https:\/\/hobby4geek.com\/wp-content\/uploads\/2023\/11\/transformers-bumblebee-studio-series-concept-art-rumble-5.webp","width":2000,"height":2000},{"@type":"BreadcrumbList","@id":"https:\/\/hobby4geek.com\/product\/transformers-bumblebee-studio-series-concept-art-decepticon-rumble\/#breadcrumb","itemListElement":[{"@type":"ListItem","position":1,"name":"Home","item":"https:\/\/hobby4geek.com\/"},{"@type":"ListItem","position":2,"name":"Shop","item":"https:\/\/hobby4geek.com\/shop\/"},{"@type":"ListItem","position":3,"name":"Transformers: Bumblebee &#8211; Studio Series &#8211; Concept Art Rumble"}]},{"@type":"WebSite","@id":"https:\/\/hobby4geek.com\/#website","url":"https:\/\/hobby4geek.com\/","name":"Hobby4Geek","description":"Collectionnez, jouez et exposez, embrassez votre geekitude","publisher":{"@id":"https:\/\/hobby4geek.com\/#organization"},"potentialAction":[{"@type":"SearchAction","target":{"@type":"EntryPoint","urlTemplate":"https:\/\/hobby4geek.com\/?s={search_term_string}"},"query-input":{"@type":"PropertyValueSpecification","valueRequired":true,"valueName":"search_term_string"}}],"inLanguage":"fr-FR"},{"@type":"Organization","@id":"https:\/\/hobby4geek.com\/#organization","name":"Hobby4Geek","url":"https:\/\/hobby4geek.com\/","logo":{"@type":"ImageObject","inLanguage":"fr-FR","@id":"https:\/\/hobby4geek.com\/#\/schema\/logo\/image\/","url":"https:\/\/hobby4geek.com\/wp-content\/uploads\/2023\/02\/default-kit.png","contentUrl":"https:\/\/hobby4geek.com\/wp-content\/uploads\/2023\/02\/default-kit.png","width":600,"height":600,"caption":"Hobby4Geek"},"image":{"@id":"https:\/\/hobby4geek.com\/#\/schema\/logo\/image\/"},"sameAs":["https:\/\/www.facebook.com\/hobby4geek","https:\/\/x.com\/hobby4geek","https:\/\/www.instagram.com\/hobby4geek\/"]}]},"product_brand":"Hasbro","product_price_amount":"14.80","product_price_currency":"EUR","og_availability":"instock","product_availability":"instock","product_retailer_item_id":"5010996208316","product_condition":"new"},"_links":{"self":[{"href":"https:\/\/hobby4geek.com\/fr\/wp-json\/wp\/v2\/product\/189996","targetHints":{"allow":["GET"]}}],"collection":[{"href":"https:\/\/hobby4geek.com\/fr\/wp-json\/wp\/v2\/product"}],"about":[{"href":"https:\/\/hobby4geek.com\/fr\/wp-json\/wp\/v2\/types\/product"}],"replies":[{"embeddable":true,"href":"https:\/\/hobby4geek.com\/fr\/wp-json\/wp\/v2\/comments?post=189996"}],"version-history":[{"count":0,"href":"https:\/\/hobby4geek.com\/fr\/wp-json\/wp\/v2\/product\/189996\/revisions"}],"wp:featuredmedia":[{"embeddable":true,"href":"https:\/\/hobby4geek.com\/fr\/wp-json\/wp\/v2\/media\/190001"}],"wp:attachment":[{"href":"https:\/\/hobby4geek.com\/fr\/wp-json\/wp\/v2\/media?parent=189996"}],"wp:term":[{"taxonomy":"product_brand","embeddable":true,"href":"https:\/\/hobby4geek.com\/fr\/wp-json\/wp\/v2\/product_brand?post=189996"},{"taxonomy":"product_cat","embeddable":true,"href":"https:\/\/hobby4geek.com\/fr\/wp-json\/wp\/v2\/product_cat?post=189996"},{"taxonomy":"product_tag","embeddable":true,"href":"https:\/\/hobby4geek.com\/fr\/wp-json\/wp\/v2\/product_tag?post=189996"},{"taxonomy":"giftcard-category","embeddable":true,"href":"https:\/\/hobby4geek.com\/fr\/wp-json\/wp\/v2\/giftcard-category?post=189996"}],"curies":[{"name":"wp","href":"https:\/\/api.w.org\/{rel}","templated":true}]}}