{"id":189930,"date":"2023-10-30T11:21:12","date_gmt":"2023-10-30T09:21:12","guid":{"rendered":"https:\/\/hobby4geek.com\/?post_type=product&#038;p=189930"},"modified":"2026-01-03T15:23:17","modified_gmt":"2026-01-03T14:23:17","slug":"dreamstartoys-dst01-002-highdive","status":"publish","type":"product","link":"https:\/\/hobby4geek.com\/fr\/produit\/dreamstartoys-dst01-002-highdive\/","title":{"rendered":"DREAM STAR TOYS \u65e0\u754f\u6218\u795e DST01-002 \u4fef\u5bdf\u6218\u8005 HIGHDIVE"},"content":{"rendered":"<p>La soci\u00e9t\u00e9 tierce Dream Star Toys pr\u00e9sente son DST01-002 Highdive !<\/p>\n<p>Il s'agit d'un design tr\u00e8s stylis\u00e9, avec un choix de sculpture diff\u00e9rent de la tendance \u00e0 l'exactitude des dessins anim\u00e9s des personnages r\u00e9cents. Highdive a un bon niveau de pose en mode robot et un mode alternatif solide et r\u00e9aliste.<\/p>\n<p>DST01-002 Highdive est \u00e0 l'\u00e9chelle d'un chef-d'\u0153uvre et mesure pr\u00e8s de 15 cm en mode robot. Cette figurine est la premi\u00e8re des 5 figurines du combiner Dream Star Toys appel\u00e9 Encourager !<\/p>\n<div class=\"p-details-div\">\n<\/div>\n<ul>\n<li id=\"specs-toy_size-data\">Taille : 22 cm<\/li>\n<li id=\"specs-scale-data\">\u00c9chelle : Masterpiece<\/li>\n<li id=\"specs-altMode-data\">Mode alternatif : avion de chasse<\/li>\n<li>Fait partie du combiner Dream Star Toys Encourager<\/li>\n<li>Fabriqu\u00e9 en plastique et moul\u00e9 sous pression<\/li>\n<\/ul>","protected":false},"excerpt":{"rendered":"<ul>\n<li id=\"specs-toy_size-data\">Taille : 22 cm<\/li>\n<li id=\"specs-scale-data\">\u00c9chelle : Masterpiece<\/li>\n<li id=\"specs-altMode-data\">Mode alternatif : avion de chasse<\/li>\n<li>Fait partie du combiner Dream Star Toys Encourager<\/li>\n<li>Fabriqu\u00e9 en plastique et moul\u00e9 sous pression<\/li>\n<\/ul>","protected":false},"featured_media":189931,"comment_status":"open","ping_status":"closed","template":"","meta":{"inline_featured_image":false},"product_brand":[],"product_cat":[170],"product_tag":[200,1759,199,2327,594,1663,1720,1721,1722,230,765,1975,204,1723,1667],"giftcard-category":[],"class_list":{"0":"post-189930","1":"product","2":"type-product","3":"status-publish","4":"has-post-thumbnail","6":"product_cat-dream-star-toys","7":"product_tag-action-figures","8":"product_tag-action-toys","9":"product_tag-autobot","10":"product_tag-combine","11":"product_tag-combiner","12":"product_tag-dream-star-toys","13":"product_tag-dst01-002","14":"product_tag-f-16","15":"product_tag-highdive","16":"product_tag-masterpiece","17":"product_tag-skydive","18":"product_tag-toys-figures","19":"product_tag-transformers","20":"product_tag-1723","21":"product_tag-1667","22":"product_shipping_class-free-shipping","23":"inventories-china-inventory","25":"first","26":"instock","27":"taxable","28":"shipping-taxable","29":"purchasable","30":"product-type-simple","31":"add-to-wishlist-after_add_to_cart"},"yoast_head":"<!-- This site is optimized with the Yoast SEO Premium plugin v25.3.1 (Yoast SEO v27.2) - https:\/\/yoast.com\/product\/yoast-seo-premium-wordpress\/ -->\n<title>DREAM STAR TOYS \u65e0\u754f\u6218\u795e DST01-002 \u4fef\u5bdf\u6218\u8005 HIGHDIVE<\/title>\n<meta name=\"robots\" content=\"index, follow, max-snippet:-1, max-image-preview:large, max-video-preview:-1\" \/>\n<link rel=\"canonical\" href=\"https:\/\/hobby4geek.com\/fr\/produit\/dreamstartoys-dst01-002-highdive\/\" \/>\n<meta property=\"og:locale\" content=\"fr_FR\" \/>\n<meta property=\"og:type\" content=\"article\" \/>\n<meta property=\"og:title\" content=\"DREAM STAR TOYS \u65e0\u754f\u6218\u795e DST01-002 \u4fef\u5bdf\u6218\u8005 HIGHDIVE\" \/>\n<meta property=\"og:description\" content=\"Size: 22 cm \/ 8.7 inches  Scale: Masterpiece  Alternate mode: fighter plane  Part of the Dream Star Toys Encourager combiner  Made of plastic and die-cast\" \/>\n<meta property=\"og:url\" content=\"https:\/\/hobby4geek.com\/fr\/produit\/dreamstartoys-dst01-002-highdive\/\" \/>\n<meta property=\"og:site_name\" content=\"Hobby4Geek\" \/>\n<meta property=\"article:publisher\" content=\"https:\/\/www.facebook.com\/hobby4geek\" \/>\n<meta property=\"article:modified_time\" content=\"2026-01-03T14:23:17+00:00\" \/>\n<meta property=\"og:image\" content=\"https:\/\/hobby4geek.com\/wp-content\/uploads\/2023\/10\/dream-star-toys-\u65e0\u754f\u6218\u795e-dst01-002-\u4fef\u5bdf\u6218\u8005-highdive-20.webp\" \/>\n\t<meta property=\"og:image:width\" content=\"400\" \/>\n\t<meta property=\"og:image:height\" content=\"700\" \/>\n\t<meta property=\"og:image:type\" content=\"image\/webp\" \/>\n<meta name=\"twitter:card\" content=\"summary_large_image\" \/>\n<meta name=\"twitter:site\" content=\"@hobby4geek\" \/>\n<script type=\"application\/ld+json\" class=\"yoast-schema-graph\">{\"@context\":\"https:\/\/schema.org\",\"@graph\":[{\"@type\":\"WebPage\",\"@id\":\"https:\/\/hobby4geek.com\/product\/dreamstartoys-dst01-002-highdive\/\",\"url\":\"https:\/\/hobby4geek.com\/product\/dreamstartoys-dst01-002-highdive\/\",\"name\":\"DREAM STAR TOYS \u65e0\u754f\u6218\u795e DST01-002 \u4fef\u5bdf\u6218\u8005 HIGHDIVE\",\"isPartOf\":{\"@id\":\"https:\/\/hobby4geek.com\/#website\"},\"primaryImageOfPage\":{\"@id\":\"https:\/\/hobby4geek.com\/product\/dreamstartoys-dst01-002-highdive\/#primaryimage\"},\"image\":{\"@id\":\"https:\/\/hobby4geek.com\/product\/dreamstartoys-dst01-002-highdive\/#primaryimage\"},\"thumbnailUrl\":\"https:\/\/hobby4geek.com\/wp-content\/uploads\/2023\/10\/dream-star-toys-\u65e0\u754f\u6218\u795e-dst01-002-\u4fef\u5bdf\u6218\u8005-highdive-20.webp\",\"datePublished\":\"2023-10-30T09:21:12+00:00\",\"dateModified\":\"2026-01-03T14:23:17+00:00\",\"breadcrumb\":{\"@id\":\"https:\/\/hobby4geek.com\/product\/dreamstartoys-dst01-002-highdive\/#breadcrumb\"},\"inLanguage\":\"fr-FR\",\"potentialAction\":[{\"@type\":\"ReadAction\",\"target\":[\"https:\/\/hobby4geek.com\/product\/dreamstartoys-dst01-002-highdive\/\"]}]},{\"@type\":\"ImageObject\",\"inLanguage\":\"fr-FR\",\"@id\":\"https:\/\/hobby4geek.com\/product\/dreamstartoys-dst01-002-highdive\/#primaryimage\",\"url\":\"https:\/\/hobby4geek.com\/wp-content\/uploads\/2023\/10\/dream-star-toys-\u65e0\u754f\u6218\u795e-dst01-002-\u4fef\u5bdf\u6218\u8005-highdive-20.webp\",\"contentUrl\":\"https:\/\/hobby4geek.com\/wp-content\/uploads\/2023\/10\/dream-star-toys-\u65e0\u754f\u6218\u795e-dst01-002-\u4fef\u5bdf\u6218\u8005-highdive-20.webp\",\"width\":400,\"height\":700},{\"@type\":\"BreadcrumbList\",\"@id\":\"https:\/\/hobby4geek.com\/product\/dreamstartoys-dst01-002-highdive\/#breadcrumb\",\"itemListElement\":[{\"@type\":\"ListItem\",\"position\":1,\"name\":\"Home\",\"item\":\"https:\/\/hobby4geek.com\/\"},{\"@type\":\"ListItem\",\"position\":2,\"name\":\"Shop\",\"item\":\"https:\/\/hobby4geek.com\/shop\/\"},{\"@type\":\"ListItem\",\"position\":3,\"name\":\"DREAM STAR TOYS \u65e0\u754f\u6218\u795e DST01-002 \u4fef\u5bdf\u6218\u8005 HIGHDIVE\"}]},{\"@type\":\"WebSite\",\"@id\":\"https:\/\/hobby4geek.com\/#website\",\"url\":\"https:\/\/hobby4geek.com\/\",\"name\":\"Hobby4Geek\",\"description\":\"Collect, Play &amp; Showcase, Embrace your Geekiness\",\"publisher\":{\"@id\":\"https:\/\/hobby4geek.com\/#organization\"},\"potentialAction\":[{\"@type\":\"SearchAction\",\"target\":{\"@type\":\"EntryPoint\",\"urlTemplate\":\"https:\/\/hobby4geek.com\/?s={search_term_string}\"},\"query-input\":{\"@type\":\"PropertyValueSpecification\",\"valueRequired\":true,\"valueName\":\"search_term_string\"}}],\"inLanguage\":\"fr-FR\"},{\"@type\":\"Organization\",\"@id\":\"https:\/\/hobby4geek.com\/#organization\",\"name\":\"Hobby4Geek\",\"url\":\"https:\/\/hobby4geek.com\/\",\"logo\":{\"@type\":\"ImageObject\",\"inLanguage\":\"fr-FR\",\"@id\":\"https:\/\/hobby4geek.com\/#\/schema\/logo\/image\/\",\"url\":\"https:\/\/hobby4geek.com\/wp-content\/uploads\/2023\/02\/default-kit.png\",\"contentUrl\":\"https:\/\/hobby4geek.com\/wp-content\/uploads\/2023\/02\/default-kit.png\",\"width\":600,\"height\":600,\"caption\":\"Hobby4Geek\"},\"image\":{\"@id\":\"https:\/\/hobby4geek.com\/#\/schema\/logo\/image\/\"},\"sameAs\":[\"https:\/\/www.facebook.com\/hobby4geek\",\"https:\/\/x.com\/hobby4geek\",\"https:\/\/www.instagram.com\/hobby4geek\/\"]}]}<\/script>\n<meta property=\"product:brand\" content=\"DREAM STAR TOYS\" \/>\n<meta property=\"product:price:amount\" content=\"149.80\" \/>\n<meta property=\"product:price:currency\" content=\"EUR\" \/>\n<meta property=\"og:availability\" content=\"instock\" \/>\n<meta property=\"product:availability\" content=\"instock\" \/>\n<meta property=\"product:condition\" content=\"new\" \/>\n<!-- \/ Yoast SEO Premium plugin. -->","yoast_head_json":{"title":"DREAM STAR TOYS \u65e0\u754f\u6218\u795e DST01-002 \u4fef\u5bdf\u6218\u8005 HIGHDIVE","robots":{"index":"index","follow":"follow","max-snippet":"max-snippet:-1","max-image-preview":"max-image-preview:large","max-video-preview":"max-video-preview:-1"},"canonical":"https:\/\/hobby4geek.com\/fr\/produit\/dreamstartoys-dst01-002-highdive\/","og_locale":"fr_FR","og_type":"article","og_title":"DREAM STAR TOYS \u65e0\u754f\u6218\u795e DST01-002 \u4fef\u5bdf\u6218\u8005 HIGHDIVE","og_description":"Size: 22 cm \/ 8.7 inches  Scale: Masterpiece  Alternate mode: fighter plane  Part of the Dream Star Toys Encourager combiner  Made of plastic and die-cast","og_url":"https:\/\/hobby4geek.com\/fr\/produit\/dreamstartoys-dst01-002-highdive\/","og_site_name":"Hobby4Geek","article_publisher":"https:\/\/www.facebook.com\/hobby4geek","article_modified_time":"2026-01-03T14:23:17+00:00","og_image":[{"width":400,"height":700,"url":"https:\/\/hobby4geek.com\/wp-content\/uploads\/2023\/10\/dream-star-toys-\u65e0\u754f\u6218\u795e-dst01-002-\u4fef\u5bdf\u6218\u8005-highdive-20.webp","type":"image\/webp"}],"twitter_card":"summary_large_image","twitter_site":"@hobby4geek","schema":{"@context":"https:\/\/schema.org","@graph":[{"@type":"WebPage","@id":"https:\/\/hobby4geek.com\/product\/dreamstartoys-dst01-002-highdive\/","url":"https:\/\/hobby4geek.com\/product\/dreamstartoys-dst01-002-highdive\/","name":"DREAM STAR TOYS \u65e0\u754f\u6218\u795e DST01-002 \u4fef\u5bdf\u6218\u8005 HIGHDIVE","isPartOf":{"@id":"https:\/\/hobby4geek.com\/#website"},"primaryImageOfPage":{"@id":"https:\/\/hobby4geek.com\/product\/dreamstartoys-dst01-002-highdive\/#primaryimage"},"image":{"@id":"https:\/\/hobby4geek.com\/product\/dreamstartoys-dst01-002-highdive\/#primaryimage"},"thumbnailUrl":"https:\/\/hobby4geek.com\/wp-content\/uploads\/2023\/10\/dream-star-toys-\u65e0\u754f\u6218\u795e-dst01-002-\u4fef\u5bdf\u6218\u8005-highdive-20.webp","datePublished":"2023-10-30T09:21:12+00:00","dateModified":"2026-01-03T14:23:17+00:00","breadcrumb":{"@id":"https:\/\/hobby4geek.com\/product\/dreamstartoys-dst01-002-highdive\/#breadcrumb"},"inLanguage":"fr-FR","potentialAction":[{"@type":"ReadAction","target":["https:\/\/hobby4geek.com\/product\/dreamstartoys-dst01-002-highdive\/"]}]},{"@type":"ImageObject","inLanguage":"fr-FR","@id":"https:\/\/hobby4geek.com\/product\/dreamstartoys-dst01-002-highdive\/#primaryimage","url":"https:\/\/hobby4geek.com\/wp-content\/uploads\/2023\/10\/dream-star-toys-\u65e0\u754f\u6218\u795e-dst01-002-\u4fef\u5bdf\u6218\u8005-highdive-20.webp","contentUrl":"https:\/\/hobby4geek.com\/wp-content\/uploads\/2023\/10\/dream-star-toys-\u65e0\u754f\u6218\u795e-dst01-002-\u4fef\u5bdf\u6218\u8005-highdive-20.webp","width":400,"height":700},{"@type":"BreadcrumbList","@id":"https:\/\/hobby4geek.com\/product\/dreamstartoys-dst01-002-highdive\/#breadcrumb","itemListElement":[{"@type":"ListItem","position":1,"name":"Home","item":"https:\/\/hobby4geek.com\/"},{"@type":"ListItem","position":2,"name":"Shop","item":"https:\/\/hobby4geek.com\/shop\/"},{"@type":"ListItem","position":3,"name":"DREAM STAR TOYS \u65e0\u754f\u6218\u795e DST01-002 \u4fef\u5bdf\u6218\u8005 HIGHDIVE"}]},{"@type":"WebSite","@id":"https:\/\/hobby4geek.com\/#website","url":"https:\/\/hobby4geek.com\/","name":"Hobby4Geek","description":"Collectionnez, jouez et exposez, embrassez votre geekitude","publisher":{"@id":"https:\/\/hobby4geek.com\/#organization"},"potentialAction":[{"@type":"SearchAction","target":{"@type":"EntryPoint","urlTemplate":"https:\/\/hobby4geek.com\/?s={search_term_string}"},"query-input":{"@type":"PropertyValueSpecification","valueRequired":true,"valueName":"search_term_string"}}],"inLanguage":"fr-FR"},{"@type":"Organization","@id":"https:\/\/hobby4geek.com\/#organization","name":"Hobby4Geek","url":"https:\/\/hobby4geek.com\/","logo":{"@type":"ImageObject","inLanguage":"fr-FR","@id":"https:\/\/hobby4geek.com\/#\/schema\/logo\/image\/","url":"https:\/\/hobby4geek.com\/wp-content\/uploads\/2023\/02\/default-kit.png","contentUrl":"https:\/\/hobby4geek.com\/wp-content\/uploads\/2023\/02\/default-kit.png","width":600,"height":600,"caption":"Hobby4Geek"},"image":{"@id":"https:\/\/hobby4geek.com\/#\/schema\/logo\/image\/"},"sameAs":["https:\/\/www.facebook.com\/hobby4geek","https:\/\/x.com\/hobby4geek","https:\/\/www.instagram.com\/hobby4geek\/"]}]},"product_brand":"DREAM STAR TOYS","product_price_amount":"149.80","product_price_currency":"EUR","og_availability":"instock","product_availability":"instock","product_condition":"new"},"_links":{"self":[{"href":"https:\/\/hobby4geek.com\/fr\/wp-json\/wp\/v2\/product\/189930","targetHints":{"allow":["GET"]}}],"collection":[{"href":"https:\/\/hobby4geek.com\/fr\/wp-json\/wp\/v2\/product"}],"about":[{"href":"https:\/\/hobby4geek.com\/fr\/wp-json\/wp\/v2\/types\/product"}],"replies":[{"embeddable":true,"href":"https:\/\/hobby4geek.com\/fr\/wp-json\/wp\/v2\/comments?post=189930"}],"version-history":[{"count":0,"href":"https:\/\/hobby4geek.com\/fr\/wp-json\/wp\/v2\/product\/189930\/revisions"}],"wp:featuredmedia":[{"embeddable":true,"href":"https:\/\/hobby4geek.com\/fr\/wp-json\/wp\/v2\/media\/189931"}],"wp:attachment":[{"href":"https:\/\/hobby4geek.com\/fr\/wp-json\/wp\/v2\/media?parent=189930"}],"wp:term":[{"taxonomy":"product_brand","embeddable":true,"href":"https:\/\/hobby4geek.com\/fr\/wp-json\/wp\/v2\/product_brand?post=189930"},{"taxonomy":"product_cat","embeddable":true,"href":"https:\/\/hobby4geek.com\/fr\/wp-json\/wp\/v2\/product_cat?post=189930"},{"taxonomy":"product_tag","embeddable":true,"href":"https:\/\/hobby4geek.com\/fr\/wp-json\/wp\/v2\/product_tag?post=189930"},{"taxonomy":"giftcard-category","embeddable":true,"href":"https:\/\/hobby4geek.com\/fr\/wp-json\/wp\/v2\/giftcard-category?post=189930"}],"curies":[{"name":"wp","href":"https:\/\/api.w.org\/{rel}","templated":true}]}}