{"id":189769,"date":"2023-08-27T11:15:34","date_gmt":"2023-08-27T09:15:34","guid":{"rendered":"https:\/\/hobby4geek.com\/?post_type=product&#038;p=189769"},"modified":"2024-05-12T13:20:22","modified_gmt":"2024-05-12T12:20:22","slug":"mastermind-creations-reformatted-r-19-kultur-tarn","status":"publish","type":"product","link":"https:\/\/hobby4geek.com\/fr\/produit\/mastermind-creations-reformatted-r-19-kultur-tarn\/","title":{"rendered":"Mastermind Creations - REFORMATTED R-19 Kultur (Tarn)"},"content":{"rendered":"<p>MasterMind Creations propose une figurine transformable du terrible chef de la DJD Kultur (IDW Tarn). Il se transforme en \"tank Cybertron\" \u00e9quip\u00e9 de 2 canons \u00e0 fusion. Kultur peut \u00e9galement retirer son c\u00e9l\u00e8bre masque ressemblant au logo des Decepticons.<\/p>\n<p><strong>Caract\u00e9ristiques du produit<\/strong><\/p>\n<ul>\n<li>x2 Canon \u00e0 fusion<\/li>\n<li>Masque Decepticons amovible<\/li>\n<li>Sac \u00e0 dos amovible<\/li>\n<\/ul>","protected":false},"excerpt":{"rendered":"<p><strong>Caract\u00e9ristiques du produit<\/strong><\/p>\n<ul>\n<li>x2 Canon \u00e0 fusion<\/li>\n<li>Masque Decepticons amovible<\/li>\n<li>Sac \u00e0 dos amovible<\/li>\n<\/ul>","protected":false},"featured_media":189774,"comment_status":"open","ping_status":"closed","template":"","meta":{"inline_featured_image":false},"product_brand":[],"product_cat":[107],"product_tag":[805,221,1488,1516,806,1517,1496,1518,1519,1495],"giftcard-category":[],"class_list":{"0":"post-189769","1":"product","2":"type-product","3":"status-publish","4":"has-post-thumbnail","6":"product_cat-mastermind-creations","7":"product_tag-comics","8":"product_tag-decepticon","9":"product_tag-djd","10":"product_tag-glitch","11":"product_tag-idw","12":"product_tag-kultur","13":"product_tag-mmc","14":"product_tag-r-19","15":"product_tag-r19","16":"product_tag-tarn","17":"product_shipping_class-from-china","18":"inventories-china-inventory","20":"first","21":"outofstock","22":"sold-individually","23":"taxable","24":"shipping-taxable","25":"purchasable","26":"product-type-simple","27":"add-to-wishlist-after_add_to_cart"},"yoast_head":"<!-- This site is optimized with the Yoast SEO Premium plugin v25.3.1 (Yoast SEO v27.4) - https:\/\/yoast.com\/product\/yoast-seo-premium-wordpress\/ -->\n<title>Mastermind Creations \u2013 REFORMATTED R-19 Kultur (Tarn)<\/title>\n<meta name=\"robots\" content=\"index, follow, max-snippet:-1, max-image-preview:large, max-video-preview:-1\" \/>\n<link rel=\"canonical\" href=\"https:\/\/hobby4geek.com\/fr\/produit\/mastermind-creations-reformatted-r-19-kultur-tarn\/\" \/>\n<meta property=\"og:locale\" content=\"fr_FR\" \/>\n<meta property=\"og:type\" content=\"article\" \/>\n<meta property=\"og:title\" content=\"Mastermind Creations \u2013 REFORMATTED R-19 Kultur (Tarn)\" \/>\n<meta property=\"og:description\" content=\"Product Features   x2 Fusion Cannon  Removable Decepticons mask  Removable backpack\" \/>\n<meta property=\"og:url\" content=\"https:\/\/hobby4geek.com\/fr\/produit\/mastermind-creations-reformatted-r-19-kultur-tarn\/\" \/>\n<meta property=\"og:site_name\" content=\"Hobby4Geek\" \/>\n<meta property=\"article:publisher\" content=\"https:\/\/www.facebook.com\/hobby4geek\" \/>\n<meta property=\"article:modified_time\" content=\"2024-05-12T12:20:22+00:00\" \/>\n<meta property=\"og:image\" content=\"https:\/\/hobby4geek.com\/wp-content\/uploads\/2023\/09\/mastermind-creations-reformatted-r-19-kultur-tarn-5.webp\" \/>\n\t<meta property=\"og:image:width\" content=\"640\" \/>\n\t<meta property=\"og:image:height\" content=\"795\" \/>\n\t<meta property=\"og:image:type\" content=\"image\/webp\" \/>\n<meta name=\"twitter:card\" content=\"summary_large_image\" \/>\n<meta name=\"twitter:site\" content=\"@hobby4geek\" \/>\n<script type=\"application\/ld+json\" class=\"yoast-schema-graph\">{\"@context\":\"https:\\\/\\\/schema.org\",\"@graph\":[{\"@type\":\"WebPage\",\"@id\":\"https:\\\/\\\/hobby4geek.com\\\/product\\\/mastermind-creations-reformatted-r-19-kultur-tarn\\\/\",\"url\":\"https:\\\/\\\/hobby4geek.com\\\/product\\\/mastermind-creations-reformatted-r-19-kultur-tarn\\\/\",\"name\":\"Mastermind Creations \u2013 REFORMATTED R-19 Kultur (Tarn)\",\"isPartOf\":{\"@id\":\"https:\\\/\\\/hobby4geek.com\\\/#website\"},\"primaryImageOfPage\":{\"@id\":\"https:\\\/\\\/hobby4geek.com\\\/product\\\/mastermind-creations-reformatted-r-19-kultur-tarn\\\/#primaryimage\"},\"image\":{\"@id\":\"https:\\\/\\\/hobby4geek.com\\\/product\\\/mastermind-creations-reformatted-r-19-kultur-tarn\\\/#primaryimage\"},\"thumbnailUrl\":\"https:\\\/\\\/hobby4geek.com\\\/wp-content\\\/uploads\\\/2023\\\/09\\\/mastermind-creations-reformatted-r-19-kultur-tarn-5.webp\",\"datePublished\":\"2023-08-27T09:15:34+00:00\",\"dateModified\":\"2024-05-12T12:20:22+00:00\",\"breadcrumb\":{\"@id\":\"https:\\\/\\\/hobby4geek.com\\\/product\\\/mastermind-creations-reformatted-r-19-kultur-tarn\\\/#breadcrumb\"},\"inLanguage\":\"fr-FR\",\"potentialAction\":[{\"@type\":\"ReadAction\",\"target\":[\"https:\\\/\\\/hobby4geek.com\\\/product\\\/mastermind-creations-reformatted-r-19-kultur-tarn\\\/\"]}]},{\"@type\":\"ImageObject\",\"inLanguage\":\"fr-FR\",\"@id\":\"https:\\\/\\\/hobby4geek.com\\\/product\\\/mastermind-creations-reformatted-r-19-kultur-tarn\\\/#primaryimage\",\"url\":\"https:\\\/\\\/hobby4geek.com\\\/wp-content\\\/uploads\\\/2023\\\/09\\\/mastermind-creations-reformatted-r-19-kultur-tarn-5.webp\",\"contentUrl\":\"https:\\\/\\\/hobby4geek.com\\\/wp-content\\\/uploads\\\/2023\\\/09\\\/mastermind-creations-reformatted-r-19-kultur-tarn-5.webp\",\"width\":640,\"height\":795},{\"@type\":\"BreadcrumbList\",\"@id\":\"https:\\\/\\\/hobby4geek.com\\\/product\\\/mastermind-creations-reformatted-r-19-kultur-tarn\\\/#breadcrumb\",\"itemListElement\":[{\"@type\":\"ListItem\",\"position\":1,\"name\":\"Home\",\"item\":\"https:\\\/\\\/hobby4geek.com\\\/\"},{\"@type\":\"ListItem\",\"position\":2,\"name\":\"Shop\",\"item\":\"https:\\\/\\\/hobby4geek.com\\\/shop\\\/\"},{\"@type\":\"ListItem\",\"position\":3,\"name\":\"Mastermind Creations \u2013 REFORMATTED R-19 Kultur (Tarn)\"}]},{\"@type\":\"WebSite\",\"@id\":\"https:\\\/\\\/hobby4geek.com\\\/#website\",\"url\":\"https:\\\/\\\/hobby4geek.com\\\/\",\"name\":\"Hobby4Geek\",\"description\":\"Collect, Play &amp; Showcase, Embrace your Geekiness\",\"publisher\":{\"@id\":\"https:\\\/\\\/hobby4geek.com\\\/#organization\"},\"potentialAction\":[{\"@type\":\"SearchAction\",\"target\":{\"@type\":\"EntryPoint\",\"urlTemplate\":\"https:\\\/\\\/hobby4geek.com\\\/?s={search_term_string}\"},\"query-input\":{\"@type\":\"PropertyValueSpecification\",\"valueRequired\":true,\"valueName\":\"search_term_string\"}}],\"inLanguage\":\"fr-FR\"},{\"@type\":\"Organization\",\"@id\":\"https:\\\/\\\/hobby4geek.com\\\/#organization\",\"name\":\"Hobby4Geek\",\"url\":\"https:\\\/\\\/hobby4geek.com\\\/\",\"logo\":{\"@type\":\"ImageObject\",\"inLanguage\":\"fr-FR\",\"@id\":\"https:\\\/\\\/hobby4geek.com\\\/#\\\/schema\\\/logo\\\/image\\\/\",\"url\":\"https:\\\/\\\/hobby4geek.com\\\/wp-content\\\/uploads\\\/2023\\\/02\\\/default-kit.png\",\"contentUrl\":\"https:\\\/\\\/hobby4geek.com\\\/wp-content\\\/uploads\\\/2023\\\/02\\\/default-kit.png\",\"width\":600,\"height\":600,\"caption\":\"Hobby4Geek\"},\"image\":{\"@id\":\"https:\\\/\\\/hobby4geek.com\\\/#\\\/schema\\\/logo\\\/image\\\/\"},\"sameAs\":[\"https:\\\/\\\/www.facebook.com\\\/hobby4geek\",\"https:\\\/\\\/x.com\\\/hobby4geek\",\"https:\\\/\\\/www.instagram.com\\\/hobby4geek\\\/\"]}]}<\/script>\n<meta property=\"product:brand\" content=\"Mastermind Creations\" \/>\n<meta property=\"product:price:amount\" content=\"254.00\" \/>\n<meta property=\"product:price:currency\" content=\"EUR\" \/>\n<meta property=\"og:availability\" content=\"out of stock\" \/>\n<meta property=\"product:availability\" content=\"out of stock\" \/>\n<meta property=\"product:condition\" content=\"new\" \/>\n<!-- \/ Yoast SEO Premium plugin. -->","yoast_head_json":{"title":"Mastermind Creations - REFORMATTED R-19 Kultur (Tarn)","robots":{"index":"index","follow":"follow","max-snippet":"max-snippet:-1","max-image-preview":"max-image-preview:large","max-video-preview":"max-video-preview:-1"},"canonical":"https:\/\/hobby4geek.com\/fr\/produit\/mastermind-creations-reformatted-r-19-kultur-tarn\/","og_locale":"fr_FR","og_type":"article","og_title":"Mastermind Creations \u2013 REFORMATTED R-19 Kultur (Tarn)","og_description":"Product Features   x2 Fusion Cannon  Removable Decepticons mask  Removable backpack","og_url":"https:\/\/hobby4geek.com\/fr\/produit\/mastermind-creations-reformatted-r-19-kultur-tarn\/","og_site_name":"Hobby4Geek","article_publisher":"https:\/\/www.facebook.com\/hobby4geek","article_modified_time":"2024-05-12T12:20:22+00:00","og_image":[{"width":640,"height":795,"url":"https:\/\/hobby4geek.com\/wp-content\/uploads\/2023\/09\/mastermind-creations-reformatted-r-19-kultur-tarn-5.webp","type":"image\/webp"}],"twitter_card":"summary_large_image","twitter_site":"@hobby4geek","schema":{"@context":"https:\/\/schema.org","@graph":[{"@type":"WebPage","@id":"https:\/\/hobby4geek.com\/product\/mastermind-creations-reformatted-r-19-kultur-tarn\/","url":"https:\/\/hobby4geek.com\/product\/mastermind-creations-reformatted-r-19-kultur-tarn\/","name":"Mastermind Creations - REFORMATTED R-19 Kultur (Tarn)","isPartOf":{"@id":"https:\/\/hobby4geek.com\/#website"},"primaryImageOfPage":{"@id":"https:\/\/hobby4geek.com\/product\/mastermind-creations-reformatted-r-19-kultur-tarn\/#primaryimage"},"image":{"@id":"https:\/\/hobby4geek.com\/product\/mastermind-creations-reformatted-r-19-kultur-tarn\/#primaryimage"},"thumbnailUrl":"https:\/\/hobby4geek.com\/wp-content\/uploads\/2023\/09\/mastermind-creations-reformatted-r-19-kultur-tarn-5.webp","datePublished":"2023-08-27T09:15:34+00:00","dateModified":"2024-05-12T12:20:22+00:00","breadcrumb":{"@id":"https:\/\/hobby4geek.com\/product\/mastermind-creations-reformatted-r-19-kultur-tarn\/#breadcrumb"},"inLanguage":"fr-FR","potentialAction":[{"@type":"ReadAction","target":["https:\/\/hobby4geek.com\/product\/mastermind-creations-reformatted-r-19-kultur-tarn\/"]}]},{"@type":"ImageObject","inLanguage":"fr-FR","@id":"https:\/\/hobby4geek.com\/product\/mastermind-creations-reformatted-r-19-kultur-tarn\/#primaryimage","url":"https:\/\/hobby4geek.com\/wp-content\/uploads\/2023\/09\/mastermind-creations-reformatted-r-19-kultur-tarn-5.webp","contentUrl":"https:\/\/hobby4geek.com\/wp-content\/uploads\/2023\/09\/mastermind-creations-reformatted-r-19-kultur-tarn-5.webp","width":640,"height":795},{"@type":"BreadcrumbList","@id":"https:\/\/hobby4geek.com\/product\/mastermind-creations-reformatted-r-19-kultur-tarn\/#breadcrumb","itemListElement":[{"@type":"ListItem","position":1,"name":"Home","item":"https:\/\/hobby4geek.com\/"},{"@type":"ListItem","position":2,"name":"Shop","item":"https:\/\/hobby4geek.com\/shop\/"},{"@type":"ListItem","position":3,"name":"Mastermind Creations \u2013 REFORMATTED R-19 Kultur (Tarn)"}]},{"@type":"WebSite","@id":"https:\/\/hobby4geek.com\/#website","url":"https:\/\/hobby4geek.com\/","name":"Hobby4Geek","description":"Collectionnez, jouez et exposez, embrassez votre geekitude","publisher":{"@id":"https:\/\/hobby4geek.com\/#organization"},"potentialAction":[{"@type":"SearchAction","target":{"@type":"EntryPoint","urlTemplate":"https:\/\/hobby4geek.com\/?s={search_term_string}"},"query-input":{"@type":"PropertyValueSpecification","valueRequired":true,"valueName":"search_term_string"}}],"inLanguage":"fr-FR"},{"@type":"Organization","@id":"https:\/\/hobby4geek.com\/#organization","name":"Hobby4Geek","url":"https:\/\/hobby4geek.com\/","logo":{"@type":"ImageObject","inLanguage":"fr-FR","@id":"https:\/\/hobby4geek.com\/#\/schema\/logo\/image\/","url":"https:\/\/hobby4geek.com\/wp-content\/uploads\/2023\/02\/default-kit.png","contentUrl":"https:\/\/hobby4geek.com\/wp-content\/uploads\/2023\/02\/default-kit.png","width":600,"height":600,"caption":"Hobby4Geek"},"image":{"@id":"https:\/\/hobby4geek.com\/#\/schema\/logo\/image\/"},"sameAs":["https:\/\/www.facebook.com\/hobby4geek","https:\/\/x.com\/hobby4geek","https:\/\/www.instagram.com\/hobby4geek\/"]}]},"product_brand":"Mastermind Creations","product_price_amount":"254.00","product_price_currency":"EUR","og_availability":"out of stock","product_availability":"out of stock","product_condition":"new"},"_links":{"self":[{"href":"https:\/\/hobby4geek.com\/fr\/wp-json\/wp\/v2\/product\/189769","targetHints":{"allow":["GET"]}}],"collection":[{"href":"https:\/\/hobby4geek.com\/fr\/wp-json\/wp\/v2\/product"}],"about":[{"href":"https:\/\/hobby4geek.com\/fr\/wp-json\/wp\/v2\/types\/product"}],"replies":[{"embeddable":true,"href":"https:\/\/hobby4geek.com\/fr\/wp-json\/wp\/v2\/comments?post=189769"}],"version-history":[{"count":0,"href":"https:\/\/hobby4geek.com\/fr\/wp-json\/wp\/v2\/product\/189769\/revisions"}],"wp:featuredmedia":[{"embeddable":true,"href":"https:\/\/hobby4geek.com\/fr\/wp-json\/wp\/v2\/media\/189774"}],"wp:attachment":[{"href":"https:\/\/hobby4geek.com\/fr\/wp-json\/wp\/v2\/media?parent=189769"}],"wp:term":[{"taxonomy":"product_brand","embeddable":true,"href":"https:\/\/hobby4geek.com\/fr\/wp-json\/wp\/v2\/product_brand?post=189769"},{"taxonomy":"product_cat","embeddable":true,"href":"https:\/\/hobby4geek.com\/fr\/wp-json\/wp\/v2\/product_cat?post=189769"},{"taxonomy":"product_tag","embeddable":true,"href":"https:\/\/hobby4geek.com\/fr\/wp-json\/wp\/v2\/product_tag?post=189769"},{"taxonomy":"giftcard-category","embeddable":true,"href":"https:\/\/hobby4geek.com\/fr\/wp-json\/wp\/v2\/giftcard-category?post=189769"}],"curies":[{"name":"wp","href":"https:\/\/api.w.org\/{rel}","templated":true}]}}