{"id":189752,"date":"2024-01-31T10:00:10","date_gmt":"2024-01-31T09:00:10","guid":{"rendered":"https:\/\/hobby4geek.com\/?post_type=product&#038;p=189752"},"modified":"2025-01-15T10:43:15","modified_gmt":"2025-01-15T09:43:15","slug":"dna-design-dk-46-upgrade-kit-for-ss-101-scourge","status":"publish","type":"product","link":"https:\/\/hobby4geek.com\/fr\/produit\/dna-design-dk-46-upgrade-kit-for-ss-101-scourge\/","title":{"rendered":"DNA Design - Kit d'am\u00e9lioration DK-46 pour SS-101 Scourge"},"content":{"rendered":"<p>Le kit d'am\u00e9lioration DK-46 contient tout ce dont vous avez besoin pour am\u00e9liorer votre fl\u00e9au SS-101 de la s\u00e9rie Studio (figurines vendues s\u00e9par\u00e9ment).<\/p>\n<p>Les kits d'am\u00e9lioration DNA Designs sont con\u00e7us \u00e0 l'aide de techniques de fabrication modernes et sont fabriqu\u00e9s en plastique de qualit\u00e9 durable, parfait pour la touche de r\u00e9alisme que vous recherchez dans votre kit d'am\u00e9lioration.<\/p>\n<ul>\n<li>Compatible avec Transformers Studio Series ROTB Scourge<\/li>\n<li>Un \u00e9ventail d'accessoires et d'armes \u00e0 personnaliser<\/li>\n<li>Figurine du Fl\u00e9au vendue s\u00e9par\u00e9ment<\/li>\n<li>En plastique<\/li>\n<\/ul>\n<p><strong>Contenu de l'emballage :<\/strong><\/p>\n<ul>\n<li>1 x t\u00eate<\/li>\n<li>2 x bras<\/li>\n<li>1 x Ensemble d'armures<\/li>\n<li>1 x Arme<\/li>\n<\/ul>\n<p>Note : Toutes les figurines pr\u00e9sent\u00e9es sont vendues s\u00e9par\u00e9ment.<\/p>","protected":false},"excerpt":{"rendered":"<ul>\n<li>Compatible avec Transformers Studio Series ROTB Scourge<\/li>\n<li>Un \u00e9ventail d'accessoires et d'armes \u00e0 personnaliser<\/li>\n<li>Figurine du Fl\u00e9au vendue s\u00e9par\u00e9ment<\/li>\n<li>En plastique<\/li>\n<\/ul>\n<p>&nbsp;<\/p>\n<p><strong>Contenu de l'emballage :<\/strong><\/p>\n<ul>\n<li>1 x t\u00eate<\/li>\n<li>2 x bras<\/li>\n<li>1 x Ensemble d'armures<\/li>\n<li>1 x Arme<\/li>\n<\/ul>\n<p>Note : Toutes les figurines pr\u00e9sent\u00e9es sont vendues s\u00e9par\u00e9ment.<\/p>","protected":false},"featured_media":189754,"comment_status":"open","ping_status":"closed","template":"","meta":{"inline_featured_image":false},"product_brand":[],"product_cat":[78],"product_tag":[274,2312,276,265,1965,2313,240,2156,1975,204,1994],"giftcard-category":[],"class_list":{"0":"post-189752","1":"product","2":"type-product","3":"status-publish","4":"has-post-thumbnail","6":"product_cat-dna-design","7":"product_tag-add-ons","8":"product_tag-dk-46","9":"product_tag-dna-design","10":"product_tag-pre-orders","11":"product_tag-scourge","12":"product_tag-ss-101","13":"product_tag-studio-series","14":"product_tag-terrorcon","15":"product_tag-toys-figures","16":"product_tag-transformers","17":"product_tag-transformers-studio-series","18":"product_shipping_class-from-china","20":"first","21":"outofstock","22":"taxable","23":"shipping-taxable","24":"purchasable","25":"product-type-simple","26":"add-to-wishlist-after_add_to_cart"},"yoast_head":"<!-- This site is optimized with the Yoast SEO Premium plugin v25.3.1 (Yoast SEO v27.4) - https:\/\/yoast.com\/product\/yoast-seo-premium-wordpress\/ -->\n<title>DNA Design - DK-46 Upgrade Kit for SS-101 Scourge<\/title>\n<meta name=\"robots\" content=\"index, follow, max-snippet:-1, max-image-preview:large, max-video-preview:-1\" \/>\n<link rel=\"canonical\" href=\"https:\/\/hobby4geek.com\/fr\/produit\/dna-design-dk-46-upgrade-kit-for-ss-101-scourge\/\" \/>\n<meta property=\"og:locale\" content=\"fr_FR\" \/>\n<meta property=\"og:type\" content=\"article\" \/>\n<meta property=\"og:title\" content=\"DNA Design - DK-46 Upgrade Kit for SS-101 Scourge\" \/>\n<meta property=\"og:description\" content=\"Compatible with Transformers Studio Series ROTB Scourge  An array of accessories and weapons for customizing  Scourge figure sold separately  Made of plastic  &nbsp;  Packaging Contents:   1 x Head  2 x Arms  1 x Armor Set  1 x Weapon  Note: All figures shown sold separately.\" \/>\n<meta property=\"og:url\" content=\"https:\/\/hobby4geek.com\/fr\/produit\/dna-design-dk-46-upgrade-kit-for-ss-101-scourge\/\" \/>\n<meta property=\"og:site_name\" content=\"Hobby4Geek\" \/>\n<meta property=\"article:publisher\" content=\"https:\/\/www.facebook.com\/hobby4geek\" \/>\n<meta property=\"article:modified_time\" content=\"2025-01-15T09:43:15+00:00\" \/>\n<meta property=\"og:image\" content=\"https:\/\/hobby4geek.com\/wp-content\/uploads\/2023\/09\/dna-design-dk-46-upgrade-kit-for-ss-101-scourge-2.jpg\" \/>\n\t<meta property=\"og:image:width\" content=\"1027\" \/>\n\t<meta property=\"og:image:height\" content=\"1380\" \/>\n\t<meta property=\"og:image:type\" content=\"image\/jpeg\" \/>\n<meta name=\"twitter:card\" content=\"summary_large_image\" \/>\n<meta name=\"twitter:site\" content=\"@hobby4geek\" \/>\n<script type=\"application\/ld+json\" class=\"yoast-schema-graph\">{\"@context\":\"https:\\\/\\\/schema.org\",\"@graph\":[{\"@type\":\"WebPage\",\"@id\":\"https:\\\/\\\/hobby4geek.com\\\/product\\\/dna-design-dk-46-upgrade-kit-for-ss-101-scourge\\\/\",\"url\":\"https:\\\/\\\/hobby4geek.com\\\/product\\\/dna-design-dk-46-upgrade-kit-for-ss-101-scourge\\\/\",\"name\":\"DNA Design - DK-46 Upgrade Kit for SS-101 Scourge\",\"isPartOf\":{\"@id\":\"https:\\\/\\\/hobby4geek.com\\\/#website\"},\"primaryImageOfPage\":{\"@id\":\"https:\\\/\\\/hobby4geek.com\\\/product\\\/dna-design-dk-46-upgrade-kit-for-ss-101-scourge\\\/#primaryimage\"},\"image\":{\"@id\":\"https:\\\/\\\/hobby4geek.com\\\/product\\\/dna-design-dk-46-upgrade-kit-for-ss-101-scourge\\\/#primaryimage\"},\"thumbnailUrl\":\"https:\\\/\\\/hobby4geek.com\\\/wp-content\\\/uploads\\\/2023\\\/09\\\/dna-design-dk-46-upgrade-kit-for-ss-101-scourge-2.jpg\",\"datePublished\":\"2024-01-31T09:00:10+00:00\",\"dateModified\":\"2025-01-15T09:43:15+00:00\",\"breadcrumb\":{\"@id\":\"https:\\\/\\\/hobby4geek.com\\\/product\\\/dna-design-dk-46-upgrade-kit-for-ss-101-scourge\\\/#breadcrumb\"},\"inLanguage\":\"fr-FR\",\"potentialAction\":[{\"@type\":\"ReadAction\",\"target\":[\"https:\\\/\\\/hobby4geek.com\\\/product\\\/dna-design-dk-46-upgrade-kit-for-ss-101-scourge\\\/\"]}]},{\"@type\":\"ImageObject\",\"inLanguage\":\"fr-FR\",\"@id\":\"https:\\\/\\\/hobby4geek.com\\\/product\\\/dna-design-dk-46-upgrade-kit-for-ss-101-scourge\\\/#primaryimage\",\"url\":\"https:\\\/\\\/hobby4geek.com\\\/wp-content\\\/uploads\\\/2023\\\/09\\\/dna-design-dk-46-upgrade-kit-for-ss-101-scourge-2.jpg\",\"contentUrl\":\"https:\\\/\\\/hobby4geek.com\\\/wp-content\\\/uploads\\\/2023\\\/09\\\/dna-design-dk-46-upgrade-kit-for-ss-101-scourge-2.jpg\",\"width\":1027,\"height\":1380},{\"@type\":\"BreadcrumbList\",\"@id\":\"https:\\\/\\\/hobby4geek.com\\\/product\\\/dna-design-dk-46-upgrade-kit-for-ss-101-scourge\\\/#breadcrumb\",\"itemListElement\":[{\"@type\":\"ListItem\",\"position\":1,\"name\":\"Home\",\"item\":\"https:\\\/\\\/hobby4geek.com\\\/\"},{\"@type\":\"ListItem\",\"position\":2,\"name\":\"Shop\",\"item\":\"https:\\\/\\\/hobby4geek.com\\\/shop\\\/\"},{\"@type\":\"ListItem\",\"position\":3,\"name\":\"DNA Design &#8211; DK-46 Upgrade Kit for SS-101 Scourge\"}]},{\"@type\":\"WebSite\",\"@id\":\"https:\\\/\\\/hobby4geek.com\\\/#website\",\"url\":\"https:\\\/\\\/hobby4geek.com\\\/\",\"name\":\"Hobby4Geek\",\"description\":\"Collect, Play &amp; Showcase, Embrace your Geekiness\",\"publisher\":{\"@id\":\"https:\\\/\\\/hobby4geek.com\\\/#organization\"},\"potentialAction\":[{\"@type\":\"SearchAction\",\"target\":{\"@type\":\"EntryPoint\",\"urlTemplate\":\"https:\\\/\\\/hobby4geek.com\\\/?s={search_term_string}\"},\"query-input\":{\"@type\":\"PropertyValueSpecification\",\"valueRequired\":true,\"valueName\":\"search_term_string\"}}],\"inLanguage\":\"fr-FR\"},{\"@type\":\"Organization\",\"@id\":\"https:\\\/\\\/hobby4geek.com\\\/#organization\",\"name\":\"Hobby4Geek\",\"url\":\"https:\\\/\\\/hobby4geek.com\\\/\",\"logo\":{\"@type\":\"ImageObject\",\"inLanguage\":\"fr-FR\",\"@id\":\"https:\\\/\\\/hobby4geek.com\\\/#\\\/schema\\\/logo\\\/image\\\/\",\"url\":\"https:\\\/\\\/hobby4geek.com\\\/wp-content\\\/uploads\\\/2023\\\/02\\\/default-kit.png\",\"contentUrl\":\"https:\\\/\\\/hobby4geek.com\\\/wp-content\\\/uploads\\\/2023\\\/02\\\/default-kit.png\",\"width\":600,\"height\":600,\"caption\":\"Hobby4Geek\"},\"image\":{\"@id\":\"https:\\\/\\\/hobby4geek.com\\\/#\\\/schema\\\/logo\\\/image\\\/\"},\"sameAs\":[\"https:\\\/\\\/www.facebook.com\\\/hobby4geek\",\"https:\\\/\\\/x.com\\\/hobby4geek\",\"https:\\\/\\\/www.instagram.com\\\/hobby4geek\\\/\"]}]}<\/script>\n<meta property=\"product:brand\" content=\"DNA Design\" \/>\n<meta property=\"product:price:amount\" content=\"46.80\" \/>\n<meta property=\"product:price:currency\" content=\"EUR\" \/>\n<meta property=\"og:availability\" content=\"out of stock\" \/>\n<meta property=\"product:availability\" content=\"out of stock\" \/>\n<meta property=\"product:condition\" content=\"new\" \/>\n<!-- \/ Yoast SEO Premium plugin. -->","yoast_head_json":{"title":"DNA Design - Kit d'am\u00e9lioration DK-46 pour SS-101 Scourge","robots":{"index":"index","follow":"follow","max-snippet":"max-snippet:-1","max-image-preview":"max-image-preview:large","max-video-preview":"max-video-preview:-1"},"canonical":"https:\/\/hobby4geek.com\/fr\/produit\/dna-design-dk-46-upgrade-kit-for-ss-101-scourge\/","og_locale":"fr_FR","og_type":"article","og_title":"DNA Design - DK-46 Upgrade Kit for SS-101 Scourge","og_description":"Compatible with Transformers Studio Series ROTB Scourge  An array of accessories and weapons for customizing  Scourge figure sold separately  Made of plastic  &nbsp;  Packaging Contents:   1 x Head  2 x Arms  1 x Armor Set  1 x Weapon  Note: All figures shown sold separately.","og_url":"https:\/\/hobby4geek.com\/fr\/produit\/dna-design-dk-46-upgrade-kit-for-ss-101-scourge\/","og_site_name":"Hobby4Geek","article_publisher":"https:\/\/www.facebook.com\/hobby4geek","article_modified_time":"2025-01-15T09:43:15+00:00","og_image":[{"width":1027,"height":1380,"url":"https:\/\/hobby4geek.com\/wp-content\/uploads\/2023\/09\/dna-design-dk-46-upgrade-kit-for-ss-101-scourge-2.jpg","type":"image\/jpeg"}],"twitter_card":"summary_large_image","twitter_site":"@hobby4geek","schema":{"@context":"https:\/\/schema.org","@graph":[{"@type":"WebPage","@id":"https:\/\/hobby4geek.com\/product\/dna-design-dk-46-upgrade-kit-for-ss-101-scourge\/","url":"https:\/\/hobby4geek.com\/product\/dna-design-dk-46-upgrade-kit-for-ss-101-scourge\/","name":"DNA Design - Kit d'am\u00e9lioration DK-46 pour SS-101 Scourge","isPartOf":{"@id":"https:\/\/hobby4geek.com\/#website"},"primaryImageOfPage":{"@id":"https:\/\/hobby4geek.com\/product\/dna-design-dk-46-upgrade-kit-for-ss-101-scourge\/#primaryimage"},"image":{"@id":"https:\/\/hobby4geek.com\/product\/dna-design-dk-46-upgrade-kit-for-ss-101-scourge\/#primaryimage"},"thumbnailUrl":"https:\/\/hobby4geek.com\/wp-content\/uploads\/2023\/09\/dna-design-dk-46-upgrade-kit-for-ss-101-scourge-2.jpg","datePublished":"2024-01-31T09:00:10+00:00","dateModified":"2025-01-15T09:43:15+00:00","breadcrumb":{"@id":"https:\/\/hobby4geek.com\/product\/dna-design-dk-46-upgrade-kit-for-ss-101-scourge\/#breadcrumb"},"inLanguage":"fr-FR","potentialAction":[{"@type":"ReadAction","target":["https:\/\/hobby4geek.com\/product\/dna-design-dk-46-upgrade-kit-for-ss-101-scourge\/"]}]},{"@type":"ImageObject","inLanguage":"fr-FR","@id":"https:\/\/hobby4geek.com\/product\/dna-design-dk-46-upgrade-kit-for-ss-101-scourge\/#primaryimage","url":"https:\/\/hobby4geek.com\/wp-content\/uploads\/2023\/09\/dna-design-dk-46-upgrade-kit-for-ss-101-scourge-2.jpg","contentUrl":"https:\/\/hobby4geek.com\/wp-content\/uploads\/2023\/09\/dna-design-dk-46-upgrade-kit-for-ss-101-scourge-2.jpg","width":1027,"height":1380},{"@type":"BreadcrumbList","@id":"https:\/\/hobby4geek.com\/product\/dna-design-dk-46-upgrade-kit-for-ss-101-scourge\/#breadcrumb","itemListElement":[{"@type":"ListItem","position":1,"name":"Home","item":"https:\/\/hobby4geek.com\/"},{"@type":"ListItem","position":2,"name":"Shop","item":"https:\/\/hobby4geek.com\/shop\/"},{"@type":"ListItem","position":3,"name":"DNA Design &#8211; DK-46 Upgrade Kit for SS-101 Scourge"}]},{"@type":"WebSite","@id":"https:\/\/hobby4geek.com\/#website","url":"https:\/\/hobby4geek.com\/","name":"Hobby4Geek","description":"Collectionnez, jouez et exposez, embrassez votre geekitude","publisher":{"@id":"https:\/\/hobby4geek.com\/#organization"},"potentialAction":[{"@type":"SearchAction","target":{"@type":"EntryPoint","urlTemplate":"https:\/\/hobby4geek.com\/?s={search_term_string}"},"query-input":{"@type":"PropertyValueSpecification","valueRequired":true,"valueName":"search_term_string"}}],"inLanguage":"fr-FR"},{"@type":"Organization","@id":"https:\/\/hobby4geek.com\/#organization","name":"Hobby4Geek","url":"https:\/\/hobby4geek.com\/","logo":{"@type":"ImageObject","inLanguage":"fr-FR","@id":"https:\/\/hobby4geek.com\/#\/schema\/logo\/image\/","url":"https:\/\/hobby4geek.com\/wp-content\/uploads\/2023\/02\/default-kit.png","contentUrl":"https:\/\/hobby4geek.com\/wp-content\/uploads\/2023\/02\/default-kit.png","width":600,"height":600,"caption":"Hobby4Geek"},"image":{"@id":"https:\/\/hobby4geek.com\/#\/schema\/logo\/image\/"},"sameAs":["https:\/\/www.facebook.com\/hobby4geek","https:\/\/x.com\/hobby4geek","https:\/\/www.instagram.com\/hobby4geek\/"]}]},"product_brand":"DNA Design","product_price_amount":"46.80","product_price_currency":"EUR","og_availability":"out of stock","product_availability":"out of stock","product_condition":"new"},"_links":{"self":[{"href":"https:\/\/hobby4geek.com\/fr\/wp-json\/wp\/v2\/product\/189752","targetHints":{"allow":["GET"]}}],"collection":[{"href":"https:\/\/hobby4geek.com\/fr\/wp-json\/wp\/v2\/product"}],"about":[{"href":"https:\/\/hobby4geek.com\/fr\/wp-json\/wp\/v2\/types\/product"}],"replies":[{"embeddable":true,"href":"https:\/\/hobby4geek.com\/fr\/wp-json\/wp\/v2\/comments?post=189752"}],"version-history":[{"count":0,"href":"https:\/\/hobby4geek.com\/fr\/wp-json\/wp\/v2\/product\/189752\/revisions"}],"wp:featuredmedia":[{"embeddable":true,"href":"https:\/\/hobby4geek.com\/fr\/wp-json\/wp\/v2\/media\/189754"}],"wp:attachment":[{"href":"https:\/\/hobby4geek.com\/fr\/wp-json\/wp\/v2\/media?parent=189752"}],"wp:term":[{"taxonomy":"product_brand","embeddable":true,"href":"https:\/\/hobby4geek.com\/fr\/wp-json\/wp\/v2\/product_brand?post=189752"},{"taxonomy":"product_cat","embeddable":true,"href":"https:\/\/hobby4geek.com\/fr\/wp-json\/wp\/v2\/product_cat?post=189752"},{"taxonomy":"product_tag","embeddable":true,"href":"https:\/\/hobby4geek.com\/fr\/wp-json\/wp\/v2\/product_tag?post=189752"},{"taxonomy":"giftcard-category","embeddable":true,"href":"https:\/\/hobby4geek.com\/fr\/wp-json\/wp\/v2\/giftcard-category?post=189752"}],"curies":[{"name":"wp","href":"https:\/\/api.w.org\/{rel}","templated":true}]}}