{"id":189732,"date":"2024-01-04T14:18:31","date_gmt":"2024-01-04T13:18:31","guid":{"rendered":"https:\/\/hobby4geek.com\/?post_type=product&#038;p=189732"},"modified":"2025-07-16T09:47:38","modified_gmt":"2025-07-16T08:47:38","slug":"dna-design-dk-44-upgrade-kit-for-ss-102bb-optimus-prime","status":"publish","type":"product","link":"https:\/\/hobby4geek.com\/fr\/produit\/dna-design-dk-44-upgrade-kit-for-ss-102bb-optimus-prime\/","title":{"rendered":"DNA Design - Kit d'am\u00e9lioration DK-44 pour SS-102BB Optimus Prime"},"content":{"rendered":"<p>DNA Designs a ce qu'il vous faut pour compl\u00e9ter votre assortiment de figurines Transformers avec son kit d'am\u00e9lioration DK-44.<\/p>\n<p>Le kit d'am\u00e9lioration DK-44 contient tout ce dont vous avez besoin pour am\u00e9liorer votre Buzzworthy Bumblebee SS-102 Optimus Prime (figurines vendues s\u00e9par\u00e9ment).<\/p>\n<p>Les kits d'am\u00e9lioration DNA Designs sont con\u00e7us \u00e0 l'aide de techniques de fabrication modernes et sont fabriqu\u00e9s en plastique de qualit\u00e9 durable, parfait pour la touche de r\u00e9alisme que vous recherchez dans votre kit d'am\u00e9lioration.<\/p>\n<ul>\n<li>S\u00e9rie de jouets : Buzzworthy Bumblebee<\/li>\n<li>Kit de mise \u00e0 niveau pour les tiers<\/li>\n<li>Compatible avec Buzzworthy Bumblebee SS-102 Optimus Prime et Kingdom OP Trailer<\/li>\n<li>Un \u00e9ventail d'accessoires et d'armes \u00e0 personnaliser<\/li>\n<li>Figurine Optimus Prime non incluse (vendue s\u00e9par\u00e9ment)<\/li>\n<li>En plastique<\/li>\n<\/ul>\n<p><strong>Contenu de l'emballage :<\/strong><\/p>\n<ul>\n<li>2 x Axes<\/li>\n<li>2 x \u00e9p\u00e9es<\/li>\n<li>2 x Canons \u00e0 main<\/li>\n<li>2 x tuyaux d'\u00e9chappement<\/li>\n<li>Ensemble d'armures<\/li>\n<\/ul>\n<p>Note : Toutes les figurines pr\u00e9sent\u00e9es sont vendues s\u00e9par\u00e9ment.<\/p>","protected":false},"excerpt":{"rendered":"<ul>\n<li>S\u00e9rie de jouets : Buzzworthy Bumblebee<\/li>\n<li>Kit de mise \u00e0 niveau pour les tiers<\/li>\n<li>Compatible avec Buzzworthy Bumblebee SS-102 Optimus Prime et Kingdom OP Trailer<\/li>\n<li>Un \u00e9ventail d'accessoires et d'armes \u00e0 personnaliser<\/li>\n<li>Figurine Optimus Prime non incluse (vendue s\u00e9par\u00e9ment)<\/li>\n<li>En plastique<\/li>\n<\/ul>\n<p><strong>Contenu de l'emballage :<\/strong><\/p>\n<ul>\n<li>2 x Axes<\/li>\n<li>2 x \u00e9p\u00e9es<\/li>\n<li>2 x Canons \u00e0 main<\/li>\n<li>2 x tuyaux d'\u00e9chappement<\/li>\n<li>Ensemble d'armures<\/li>\n<\/ul>\n<p>Note : Toutes les figurines pr\u00e9sent\u00e9es sont vendues s\u00e9par\u00e9ment.<\/p>","protected":false},"featured_media":189740,"comment_status":"open","ping_status":"closed","template":"","meta":{"inline_featured_image":false},"product_brand":[],"product_cat":[78],"product_tag":[274,199,2311,276,234,2229,240,1975,204,1994],"giftcard-category":[],"class_list":{"0":"post-189732","1":"product","2":"type-product","3":"status-publish","4":"has-post-thumbnail","6":"product_cat-dna-design","7":"product_tag-add-ons","8":"product_tag-autobot","9":"product_tag-dk-44","10":"product_tag-dna-design","11":"product_tag-optimus-prime","12":"product_tag-ss-102bb","13":"product_tag-studio-series","14":"product_tag-toys-figures","15":"product_tag-transformers","16":"product_tag-transformers-studio-series","17":"product_shipping_class-free-shipping","18":"inventories-china-inventory","20":"first","21":"instock","22":"taxable","23":"shipping-taxable","24":"purchasable","25":"product-type-simple","26":"add-to-wishlist-after_add_to_cart"},"yoast_head":"<!-- This site is optimized with the Yoast SEO Premium plugin v25.3.1 (Yoast SEO v27.2) - https:\/\/yoast.com\/product\/yoast-seo-premium-wordpress\/ -->\n<title>DNA Design - DK-44 Upgrade Kit for SS-102BB Optimus Prime<\/title>\n<meta name=\"robots\" content=\"index, follow, max-snippet:-1, max-image-preview:large, max-video-preview:-1\" \/>\n<link rel=\"canonical\" href=\"https:\/\/hobby4geek.com\/fr\/produit\/dna-design-dk-44-upgrade-kit-for-ss-102bb-optimus-prime\/\" \/>\n<meta property=\"og:locale\" content=\"fr_FR\" \/>\n<meta property=\"og:type\" content=\"article\" \/>\n<meta property=\"og:title\" content=\"DNA Design - DK-44 Upgrade Kit for SS-102BB Optimus Prime\" \/>\n<meta property=\"og:description\" content=\"Toy Series: Buzzworthy Bumblebee  3rd party upgrade kit  Compatible with Buzzworthy Bumblebee SS-102 Optimus Prime and\u00a0Kingdom OP Trailer  An array of accessories and weapons for customizing  Optimus Prime\u00a0figure not included (sold separately)  Made of plastic  Packaging Contents:   2 x Axes  2 x Swords  2 x Hand Cannons  2 x Exhaust Pipes  Armor Set  Note: All figures shown sold separately.\" \/>\n<meta property=\"og:url\" content=\"https:\/\/hobby4geek.com\/fr\/produit\/dna-design-dk-44-upgrade-kit-for-ss-102bb-optimus-prime\/\" \/>\n<meta property=\"og:site_name\" content=\"Hobby4Geek\" \/>\n<meta property=\"article:publisher\" content=\"https:\/\/www.facebook.com\/hobby4geek\" \/>\n<meta property=\"article:modified_time\" content=\"2025-07-16T08:47:38+00:00\" \/>\n<meta property=\"og:image\" content=\"https:\/\/hobby4geek.com\/wp-content\/uploads\/2023\/09\/dna-design-dk-44-upgrade-kit-for-ss-102bb-optimus-prime-8.jpg\" \/>\n\t<meta property=\"og:image:width\" content=\"1380\" \/>\n\t<meta property=\"og:image:height\" content=\"1027\" \/>\n\t<meta property=\"og:image:type\" content=\"image\/jpeg\" \/>\n<meta name=\"twitter:card\" content=\"summary_large_image\" \/>\n<meta name=\"twitter:site\" content=\"@hobby4geek\" \/>\n<script type=\"application\/ld+json\" class=\"yoast-schema-graph\">{\"@context\":\"https:\/\/schema.org\",\"@graph\":[{\"@type\":\"WebPage\",\"@id\":\"https:\/\/hobby4geek.com\/product\/dna-design-dk-44-upgrade-kit-for-ss-102bb-optimus-prime\/\",\"url\":\"https:\/\/hobby4geek.com\/product\/dna-design-dk-44-upgrade-kit-for-ss-102bb-optimus-prime\/\",\"name\":\"DNA Design - DK-44 Upgrade Kit for SS-102BB Optimus Prime\",\"isPartOf\":{\"@id\":\"https:\/\/hobby4geek.com\/#website\"},\"primaryImageOfPage\":{\"@id\":\"https:\/\/hobby4geek.com\/product\/dna-design-dk-44-upgrade-kit-for-ss-102bb-optimus-prime\/#primaryimage\"},\"image\":{\"@id\":\"https:\/\/hobby4geek.com\/product\/dna-design-dk-44-upgrade-kit-for-ss-102bb-optimus-prime\/#primaryimage\"},\"thumbnailUrl\":\"https:\/\/hobby4geek.com\/wp-content\/uploads\/2023\/09\/dna-design-dk-44-upgrade-kit-for-ss-102bb-optimus-prime-8.jpg\",\"datePublished\":\"2024-01-04T13:18:31+00:00\",\"dateModified\":\"2025-07-16T08:47:38+00:00\",\"breadcrumb\":{\"@id\":\"https:\/\/hobby4geek.com\/product\/dna-design-dk-44-upgrade-kit-for-ss-102bb-optimus-prime\/#breadcrumb\"},\"inLanguage\":\"fr-FR\",\"potentialAction\":[{\"@type\":\"ReadAction\",\"target\":[\"https:\/\/hobby4geek.com\/product\/dna-design-dk-44-upgrade-kit-for-ss-102bb-optimus-prime\/\"]}]},{\"@type\":\"ImageObject\",\"inLanguage\":\"fr-FR\",\"@id\":\"https:\/\/hobby4geek.com\/product\/dna-design-dk-44-upgrade-kit-for-ss-102bb-optimus-prime\/#primaryimage\",\"url\":\"https:\/\/hobby4geek.com\/wp-content\/uploads\/2023\/09\/dna-design-dk-44-upgrade-kit-for-ss-102bb-optimus-prime-8.jpg\",\"contentUrl\":\"https:\/\/hobby4geek.com\/wp-content\/uploads\/2023\/09\/dna-design-dk-44-upgrade-kit-for-ss-102bb-optimus-prime-8.jpg\",\"width\":1380,\"height\":1027},{\"@type\":\"BreadcrumbList\",\"@id\":\"https:\/\/hobby4geek.com\/product\/dna-design-dk-44-upgrade-kit-for-ss-102bb-optimus-prime\/#breadcrumb\",\"itemListElement\":[{\"@type\":\"ListItem\",\"position\":1,\"name\":\"Home\",\"item\":\"https:\/\/hobby4geek.com\/\"},{\"@type\":\"ListItem\",\"position\":2,\"name\":\"Shop\",\"item\":\"https:\/\/hobby4geek.com\/shop\/\"},{\"@type\":\"ListItem\",\"position\":3,\"name\":\"DNA Design &#8211; DK-44 Upgrade Kit for SS-102BB Optimus Prime\"}]},{\"@type\":\"WebSite\",\"@id\":\"https:\/\/hobby4geek.com\/#website\",\"url\":\"https:\/\/hobby4geek.com\/\",\"name\":\"Hobby4Geek\",\"description\":\"Collect, Play &amp; Showcase, Embrace your Geekiness\",\"publisher\":{\"@id\":\"https:\/\/hobby4geek.com\/#organization\"},\"potentialAction\":[{\"@type\":\"SearchAction\",\"target\":{\"@type\":\"EntryPoint\",\"urlTemplate\":\"https:\/\/hobby4geek.com\/?s={search_term_string}\"},\"query-input\":{\"@type\":\"PropertyValueSpecification\",\"valueRequired\":true,\"valueName\":\"search_term_string\"}}],\"inLanguage\":\"fr-FR\"},{\"@type\":\"Organization\",\"@id\":\"https:\/\/hobby4geek.com\/#organization\",\"name\":\"Hobby4Geek\",\"url\":\"https:\/\/hobby4geek.com\/\",\"logo\":{\"@type\":\"ImageObject\",\"inLanguage\":\"fr-FR\",\"@id\":\"https:\/\/hobby4geek.com\/#\/schema\/logo\/image\/\",\"url\":\"https:\/\/hobby4geek.com\/wp-content\/uploads\/2023\/02\/default-kit.png\",\"contentUrl\":\"https:\/\/hobby4geek.com\/wp-content\/uploads\/2023\/02\/default-kit.png\",\"width\":600,\"height\":600,\"caption\":\"Hobby4Geek\"},\"image\":{\"@id\":\"https:\/\/hobby4geek.com\/#\/schema\/logo\/image\/\"},\"sameAs\":[\"https:\/\/www.facebook.com\/hobby4geek\",\"https:\/\/x.com\/hobby4geek\",\"https:\/\/www.instagram.com\/hobby4geek\/\"]}]}<\/script>\n<meta property=\"product:brand\" content=\"DNA Design\" \/>\n<meta property=\"product:price:amount\" content=\"46.80\" \/>\n<meta property=\"product:price:currency\" content=\"EUR\" \/>\n<meta property=\"og:availability\" content=\"instock\" \/>\n<meta property=\"product:availability\" content=\"instock\" \/>\n<meta property=\"product:condition\" content=\"new\" \/>\n<!-- \/ Yoast SEO Premium plugin. -->","yoast_head_json":{"title":"DNA Design - Kit d'am\u00e9lioration DK-44 pour SS-102BB Optimus Prime","robots":{"index":"index","follow":"follow","max-snippet":"max-snippet:-1","max-image-preview":"max-image-preview:large","max-video-preview":"max-video-preview:-1"},"canonical":"https:\/\/hobby4geek.com\/fr\/produit\/dna-design-dk-44-upgrade-kit-for-ss-102bb-optimus-prime\/","og_locale":"fr_FR","og_type":"article","og_title":"DNA Design - DK-44 Upgrade Kit for SS-102BB Optimus Prime","og_description":"Toy Series: Buzzworthy Bumblebee  3rd party upgrade kit  Compatible with Buzzworthy Bumblebee SS-102 Optimus Prime and\u00a0Kingdom OP Trailer  An array of accessories and weapons for customizing  Optimus Prime\u00a0figure not included (sold separately)  Made of plastic  Packaging Contents:   2 x Axes  2 x Swords  2 x Hand Cannons  2 x Exhaust Pipes  Armor Set  Note: All figures shown sold separately.","og_url":"https:\/\/hobby4geek.com\/fr\/produit\/dna-design-dk-44-upgrade-kit-for-ss-102bb-optimus-prime\/","og_site_name":"Hobby4Geek","article_publisher":"https:\/\/www.facebook.com\/hobby4geek","article_modified_time":"2025-07-16T08:47:38+00:00","og_image":[{"width":1380,"height":1027,"url":"https:\/\/hobby4geek.com\/wp-content\/uploads\/2023\/09\/dna-design-dk-44-upgrade-kit-for-ss-102bb-optimus-prime-8.jpg","type":"image\/jpeg"}],"twitter_card":"summary_large_image","twitter_site":"@hobby4geek","schema":{"@context":"https:\/\/schema.org","@graph":[{"@type":"WebPage","@id":"https:\/\/hobby4geek.com\/product\/dna-design-dk-44-upgrade-kit-for-ss-102bb-optimus-prime\/","url":"https:\/\/hobby4geek.com\/product\/dna-design-dk-44-upgrade-kit-for-ss-102bb-optimus-prime\/","name":"DNA Design - Kit d'am\u00e9lioration DK-44 pour SS-102BB Optimus Prime","isPartOf":{"@id":"https:\/\/hobby4geek.com\/#website"},"primaryImageOfPage":{"@id":"https:\/\/hobby4geek.com\/product\/dna-design-dk-44-upgrade-kit-for-ss-102bb-optimus-prime\/#primaryimage"},"image":{"@id":"https:\/\/hobby4geek.com\/product\/dna-design-dk-44-upgrade-kit-for-ss-102bb-optimus-prime\/#primaryimage"},"thumbnailUrl":"https:\/\/hobby4geek.com\/wp-content\/uploads\/2023\/09\/dna-design-dk-44-upgrade-kit-for-ss-102bb-optimus-prime-8.jpg","datePublished":"2024-01-04T13:18:31+00:00","dateModified":"2025-07-16T08:47:38+00:00","breadcrumb":{"@id":"https:\/\/hobby4geek.com\/product\/dna-design-dk-44-upgrade-kit-for-ss-102bb-optimus-prime\/#breadcrumb"},"inLanguage":"fr-FR","potentialAction":[{"@type":"ReadAction","target":["https:\/\/hobby4geek.com\/product\/dna-design-dk-44-upgrade-kit-for-ss-102bb-optimus-prime\/"]}]},{"@type":"ImageObject","inLanguage":"fr-FR","@id":"https:\/\/hobby4geek.com\/product\/dna-design-dk-44-upgrade-kit-for-ss-102bb-optimus-prime\/#primaryimage","url":"https:\/\/hobby4geek.com\/wp-content\/uploads\/2023\/09\/dna-design-dk-44-upgrade-kit-for-ss-102bb-optimus-prime-8.jpg","contentUrl":"https:\/\/hobby4geek.com\/wp-content\/uploads\/2023\/09\/dna-design-dk-44-upgrade-kit-for-ss-102bb-optimus-prime-8.jpg","width":1380,"height":1027},{"@type":"BreadcrumbList","@id":"https:\/\/hobby4geek.com\/product\/dna-design-dk-44-upgrade-kit-for-ss-102bb-optimus-prime\/#breadcrumb","itemListElement":[{"@type":"ListItem","position":1,"name":"Home","item":"https:\/\/hobby4geek.com\/"},{"@type":"ListItem","position":2,"name":"Shop","item":"https:\/\/hobby4geek.com\/shop\/"},{"@type":"ListItem","position":3,"name":"DNA Design &#8211; DK-44 Upgrade Kit for SS-102BB Optimus Prime"}]},{"@type":"WebSite","@id":"https:\/\/hobby4geek.com\/#website","url":"https:\/\/hobby4geek.com\/","name":"Hobby4Geek","description":"Collectionnez, jouez et exposez, embrassez votre geekitude","publisher":{"@id":"https:\/\/hobby4geek.com\/#organization"},"potentialAction":[{"@type":"SearchAction","target":{"@type":"EntryPoint","urlTemplate":"https:\/\/hobby4geek.com\/?s={search_term_string}"},"query-input":{"@type":"PropertyValueSpecification","valueRequired":true,"valueName":"search_term_string"}}],"inLanguage":"fr-FR"},{"@type":"Organization","@id":"https:\/\/hobby4geek.com\/#organization","name":"Hobby4Geek","url":"https:\/\/hobby4geek.com\/","logo":{"@type":"ImageObject","inLanguage":"fr-FR","@id":"https:\/\/hobby4geek.com\/#\/schema\/logo\/image\/","url":"https:\/\/hobby4geek.com\/wp-content\/uploads\/2023\/02\/default-kit.png","contentUrl":"https:\/\/hobby4geek.com\/wp-content\/uploads\/2023\/02\/default-kit.png","width":600,"height":600,"caption":"Hobby4Geek"},"image":{"@id":"https:\/\/hobby4geek.com\/#\/schema\/logo\/image\/"},"sameAs":["https:\/\/www.facebook.com\/hobby4geek","https:\/\/x.com\/hobby4geek","https:\/\/www.instagram.com\/hobby4geek\/"]}]},"product_brand":"DNA Design","product_price_amount":"46.80","product_price_currency":"EUR","og_availability":"instock","product_availability":"instock","product_condition":"new"},"_links":{"self":[{"href":"https:\/\/hobby4geek.com\/fr\/wp-json\/wp\/v2\/product\/189732","targetHints":{"allow":["GET"]}}],"collection":[{"href":"https:\/\/hobby4geek.com\/fr\/wp-json\/wp\/v2\/product"}],"about":[{"href":"https:\/\/hobby4geek.com\/fr\/wp-json\/wp\/v2\/types\/product"}],"replies":[{"embeddable":true,"href":"https:\/\/hobby4geek.com\/fr\/wp-json\/wp\/v2\/comments?post=189732"}],"version-history":[{"count":0,"href":"https:\/\/hobby4geek.com\/fr\/wp-json\/wp\/v2\/product\/189732\/revisions"}],"wp:featuredmedia":[{"embeddable":true,"href":"https:\/\/hobby4geek.com\/fr\/wp-json\/wp\/v2\/media\/189740"}],"wp:attachment":[{"href":"https:\/\/hobby4geek.com\/fr\/wp-json\/wp\/v2\/media?parent=189732"}],"wp:term":[{"taxonomy":"product_brand","embeddable":true,"href":"https:\/\/hobby4geek.com\/fr\/wp-json\/wp\/v2\/product_brand?post=189732"},{"taxonomy":"product_cat","embeddable":true,"href":"https:\/\/hobby4geek.com\/fr\/wp-json\/wp\/v2\/product_cat?post=189732"},{"taxonomy":"product_tag","embeddable":true,"href":"https:\/\/hobby4geek.com\/fr\/wp-json\/wp\/v2\/product_tag?post=189732"},{"taxonomy":"giftcard-category","embeddable":true,"href":"https:\/\/hobby4geek.com\/fr\/wp-json\/wp\/v2\/giftcard-category?post=189732"}],"curies":[{"name":"wp","href":"https:\/\/api.w.org\/{rel}","templated":true}]}}