{"id":189707,"date":"2023-09-05T17:46:50","date_gmt":"2023-09-05T15:46:50","guid":{"rendered":"https:\/\/hobby4geek.com\/?post_type=product&#038;p=189707"},"modified":"2024-05-12T12:53:50","modified_gmt":"2024-05-12T11:53:50","slug":"transformers-legacy-evolution-core-class-optimus-prime","status":"publish","type":"product","link":"https:\/\/hobby4geek.com\/fr\/produit\/transformers-legacy-evolution-core-class-optimus-prime\/","title":{"rendered":"Transformers Legacy Evolution - Core Class - Optimus Prime"},"content":{"rendered":"<p>La bataille \u00e9volue avec la figurine Transformers Legacy Evolution Optimus Prime ! Optimus Prime se bat avec courage et abn\u00e9gation pour la libert\u00e9 de toutes les formes de vie.<\/p>\n<p>C\u00e9l\u00e9brez les 40 derni\u00e8res ann\u00e9es de l'histoire de Transformers avec les figurines Transformers Legacy pour gar\u00e7ons et filles.<\/p>\n<p>Transformers Legacy ouvre le portail d'un tout nouvel univers de More Than Meets the Eye, r\u00e9unissant toutes les g\u00e9n\u00e9rations de Transformers comme vous ne l'avez jamais vu auparavant. Collectionne et combine diff\u00e9rents personnages pour cr\u00e9er ton groupe Legacy id\u00e9al.<\/p>\n<ul>\n<li>8 cm<\/li>\n<li id=\"specs-altMode-data\">\u00a0Transforme le robot en camion<\/li>\n<li>11 \u00e9tapes<\/li>\n<\/ul>\n<p><strong>Accessoires :<\/strong><\/p>\n<ul>\n<li>\u00a01x Blaster<\/li>\n<\/ul>","protected":false},"excerpt":{"rendered":"<ul>\n<li>8 cm<\/li>\n<li>\u00a0Transforme le robot en camion<\/li>\n<li>11 \u00e9tapes<\/li>\n<li style=\"list-style-type: none;\"><\/li>\n<\/ul>","protected":false},"featured_media":189712,"comment_status":"open","ping_status":"closed","template":"","meta":{"inline_featured_image":false},"product_brand":[],"product_cat":[1955,68,69,1960],"product_tag":[1759,2109,335,2107,234,1860,1975,204],"giftcard-category":[],"class_list":{"0":"post-189707","1":"product","2":"type-product","3":"status-publish","4":"has-post-thumbnail","6":"product_cat-transformers","7":"product_cat-hasbro","8":"product_cat-takara-tomy","9":"product_cat-transformers-generations","10":"product_tag-action-toys","11":"product_tag-core-class","12":"product_tag-hasbro","13":"product_tag-legacy-evolution","14":"product_tag-optimus-prime","15":"product_tag-takaratomy","16":"product_tag-toys-figures","17":"product_tag-transformers","18":"product_shipping_class-light","20":"first","21":"outofstock","22":"taxable","23":"shipping-taxable","24":"purchasable","25":"product-type-simple","26":"add-to-wishlist-after_add_to_cart"},"yoast_head":"<!-- This site is optimized with the Yoast SEO Premium plugin v25.3.1 (Yoast SEO v27.2) - https:\/\/yoast.com\/product\/yoast-seo-premium-wordpress\/ -->\n<title>Transformers Legacy Evolution - Core Class - Optimus Prime<\/title>\n<meta name=\"robots\" content=\"index, follow, max-snippet:-1, max-image-preview:large, max-video-preview:-1\" \/>\n<link rel=\"canonical\" href=\"https:\/\/hobby4geek.com\/fr\/produit\/transformers-legacy-evolution-core-class-optimus-prime\/\" \/>\n<meta property=\"og:locale\" content=\"fr_FR\" \/>\n<meta property=\"og:type\" content=\"article\" \/>\n<meta property=\"og:title\" content=\"Transformers Legacy Evolution - Core Class - Optimus Prime\" \/>\n<meta property=\"og:description\" content=\"8 cm  \u00a0Converts robot to truck  11 steps\" \/>\n<meta property=\"og:url\" content=\"https:\/\/hobby4geek.com\/fr\/produit\/transformers-legacy-evolution-core-class-optimus-prime\/\" \/>\n<meta property=\"og:site_name\" content=\"Hobby4Geek\" \/>\n<meta property=\"article:publisher\" content=\"https:\/\/www.facebook.com\/hobby4geek\" \/>\n<meta property=\"article:modified_time\" content=\"2024-05-12T11:53:50+00:00\" \/>\n<meta property=\"og:image\" content=\"https:\/\/hobby4geek.com\/wp-content\/uploads\/2023\/09\/transformers-legacy-evolution-core-class-optimus-prime-5.webp\" \/>\n\t<meta property=\"og:image:width\" content=\"2000\" \/>\n\t<meta property=\"og:image:height\" content=\"2000\" \/>\n\t<meta property=\"og:image:type\" content=\"image\/webp\" \/>\n<meta name=\"twitter:card\" content=\"summary_large_image\" \/>\n<meta name=\"twitter:site\" content=\"@hobby4geek\" \/>\n<script type=\"application\/ld+json\" class=\"yoast-schema-graph\">{\"@context\":\"https:\/\/schema.org\",\"@graph\":[{\"@type\":\"WebPage\",\"@id\":\"https:\/\/hobby4geek.com\/fr\/produit\/transformers-legacy-evolution-core-class-optimus-prime\/\",\"url\":\"https:\/\/hobby4geek.com\/fr\/produit\/transformers-legacy-evolution-core-class-optimus-prime\/\",\"name\":\"Transformers Legacy Evolution - Core Class - Optimus Prime\",\"isPartOf\":{\"@id\":\"https:\/\/hobby4geek.com\/#website\"},\"primaryImageOfPage\":{\"@id\":\"https:\/\/hobby4geek.com\/fr\/produit\/transformers-legacy-evolution-core-class-optimus-prime\/#primaryimage\"},\"image\":{\"@id\":\"https:\/\/hobby4geek.com\/fr\/produit\/transformers-legacy-evolution-core-class-optimus-prime\/#primaryimage\"},\"thumbnailUrl\":\"https:\/\/hobby4geek.com\/wp-content\/uploads\/2023\/09\/transformers-legacy-evolution-core-class-optimus-prime-5.webp\",\"datePublished\":\"2023-09-05T15:46:50+00:00\",\"dateModified\":\"2024-05-12T11:53:50+00:00\",\"breadcrumb\":{\"@id\":\"https:\/\/hobby4geek.com\/fr\/produit\/transformers-legacy-evolution-core-class-optimus-prime\/#breadcrumb\"},\"inLanguage\":\"fr-FR\",\"potentialAction\":[{\"@type\":\"ReadAction\",\"target\":[\"https:\/\/hobby4geek.com\/fr\/produit\/transformers-legacy-evolution-core-class-optimus-prime\/\"]}]},{\"@type\":\"ImageObject\",\"inLanguage\":\"fr-FR\",\"@id\":\"https:\/\/hobby4geek.com\/fr\/produit\/transformers-legacy-evolution-core-class-optimus-prime\/#primaryimage\",\"url\":\"https:\/\/hobby4geek.com\/wp-content\/uploads\/2023\/09\/transformers-legacy-evolution-core-class-optimus-prime-5.webp\",\"contentUrl\":\"https:\/\/hobby4geek.com\/wp-content\/uploads\/2023\/09\/transformers-legacy-evolution-core-class-optimus-prime-5.webp\",\"width\":2000,\"height\":2000},{\"@type\":\"BreadcrumbList\",\"@id\":\"https:\/\/hobby4geek.com\/fr\/produit\/transformers-legacy-evolution-core-class-optimus-prime\/#breadcrumb\",\"itemListElement\":[{\"@type\":\"ListItem\",\"position\":1,\"name\":\"Home\",\"item\":\"https:\/\/hobby4geek.com\/\"},{\"@type\":\"ListItem\",\"position\":2,\"name\":\"Shop\",\"item\":\"https:\/\/hobby4geek.com\/shop\/\"},{\"@type\":\"ListItem\",\"position\":3,\"name\":\"Transformers Legacy Evolution &#8211; Core Class &#8211; Optimus Prime\"}]},{\"@type\":\"WebSite\",\"@id\":\"https:\/\/hobby4geek.com\/#website\",\"url\":\"https:\/\/hobby4geek.com\/\",\"name\":\"Hobby4Geek\",\"description\":\"Collect, Play &amp; Showcase, Embrace your Geekiness\",\"publisher\":{\"@id\":\"https:\/\/hobby4geek.com\/#organization\"},\"potentialAction\":[{\"@type\":\"SearchAction\",\"target\":{\"@type\":\"EntryPoint\",\"urlTemplate\":\"https:\/\/hobby4geek.com\/?s={search_term_string}\"},\"query-input\":{\"@type\":\"PropertyValueSpecification\",\"valueRequired\":true,\"valueName\":\"search_term_string\"}}],\"inLanguage\":\"fr-FR\"},{\"@type\":\"Organization\",\"@id\":\"https:\/\/hobby4geek.com\/#organization\",\"name\":\"Hobby4Geek\",\"url\":\"https:\/\/hobby4geek.com\/\",\"logo\":{\"@type\":\"ImageObject\",\"inLanguage\":\"fr-FR\",\"@id\":\"https:\/\/hobby4geek.com\/#\/schema\/logo\/image\/\",\"url\":\"https:\/\/hobby4geek.com\/wp-content\/uploads\/2023\/02\/default-kit.png\",\"contentUrl\":\"https:\/\/hobby4geek.com\/wp-content\/uploads\/2023\/02\/default-kit.png\",\"width\":600,\"height\":600,\"caption\":\"Hobby4Geek\"},\"image\":{\"@id\":\"https:\/\/hobby4geek.com\/#\/schema\/logo\/image\/\"},\"sameAs\":[\"https:\/\/www.facebook.com\/hobby4geek\",\"https:\/\/x.com\/hobby4geek\",\"https:\/\/www.instagram.com\/hobby4geek\/\"]}]}<\/script>\n<meta property=\"product:brand\" content=\"Transformers\" \/>\n<meta property=\"product:price:amount\" content=\"14.80\" \/>\n<meta property=\"product:price:currency\" content=\"EUR\" \/>\n<meta property=\"og:availability\" content=\"out of stock\" \/>\n<meta property=\"product:availability\" content=\"out of stock\" \/>\n<meta property=\"product:retailer_item_id\" content=\"5010996120618\" \/>\n<meta property=\"product:condition\" content=\"new\" \/>\n<!-- \/ Yoast SEO Premium plugin. -->","yoast_head_json":{"title":"Transformers Legacy Evolution - Classe de base - Optimus Prime","robots":{"index":"index","follow":"follow","max-snippet":"max-snippet:-1","max-image-preview":"max-image-preview:large","max-video-preview":"max-video-preview:-1"},"canonical":"https:\/\/hobby4geek.com\/fr\/produit\/transformers-legacy-evolution-core-class-optimus-prime\/","og_locale":"fr_FR","og_type":"article","og_title":"Transformers Legacy Evolution - Core Class - Optimus Prime","og_description":"8 cm  \u00a0Converts robot to truck  11 steps","og_url":"https:\/\/hobby4geek.com\/fr\/produit\/transformers-legacy-evolution-core-class-optimus-prime\/","og_site_name":"Hobby4Geek","article_publisher":"https:\/\/www.facebook.com\/hobby4geek","article_modified_time":"2024-05-12T11:53:50+00:00","og_image":[{"width":2000,"height":2000,"url":"https:\/\/hobby4geek.com\/wp-content\/uploads\/2023\/09\/transformers-legacy-evolution-core-class-optimus-prime-5.webp","type":"image\/webp"}],"twitter_card":"summary_large_image","twitter_site":"@hobby4geek","schema":{"@context":"https:\/\/schema.org","@graph":[{"@type":"WebPage","@id":"https:\/\/hobby4geek.com\/fr\/produit\/transformers-legacy-evolution-core-class-optimus-prime\/","url":"https:\/\/hobby4geek.com\/fr\/produit\/transformers-legacy-evolution-core-class-optimus-prime\/","name":"Transformers Legacy Evolution - Classe de base - Optimus Prime","isPartOf":{"@id":"https:\/\/hobby4geek.com\/#website"},"primaryImageOfPage":{"@id":"https:\/\/hobby4geek.com\/fr\/produit\/transformers-legacy-evolution-core-class-optimus-prime\/#primaryimage"},"image":{"@id":"https:\/\/hobby4geek.com\/fr\/produit\/transformers-legacy-evolution-core-class-optimus-prime\/#primaryimage"},"thumbnailUrl":"https:\/\/hobby4geek.com\/wp-content\/uploads\/2023\/09\/transformers-legacy-evolution-core-class-optimus-prime-5.webp","datePublished":"2023-09-05T15:46:50+00:00","dateModified":"2024-05-12T11:53:50+00:00","breadcrumb":{"@id":"https:\/\/hobby4geek.com\/fr\/produit\/transformers-legacy-evolution-core-class-optimus-prime\/#breadcrumb"},"inLanguage":"fr-FR","potentialAction":[{"@type":"ReadAction","target":["https:\/\/hobby4geek.com\/fr\/produit\/transformers-legacy-evolution-core-class-optimus-prime\/"]}]},{"@type":"ImageObject","inLanguage":"fr-FR","@id":"https:\/\/hobby4geek.com\/fr\/produit\/transformers-legacy-evolution-core-class-optimus-prime\/#primaryimage","url":"https:\/\/hobby4geek.com\/wp-content\/uploads\/2023\/09\/transformers-legacy-evolution-core-class-optimus-prime-5.webp","contentUrl":"https:\/\/hobby4geek.com\/wp-content\/uploads\/2023\/09\/transformers-legacy-evolution-core-class-optimus-prime-5.webp","width":2000,"height":2000},{"@type":"BreadcrumbList","@id":"https:\/\/hobby4geek.com\/fr\/produit\/transformers-legacy-evolution-core-class-optimus-prime\/#breadcrumb","itemListElement":[{"@type":"ListItem","position":1,"name":"Home","item":"https:\/\/hobby4geek.com\/"},{"@type":"ListItem","position":2,"name":"Shop","item":"https:\/\/hobby4geek.com\/shop\/"},{"@type":"ListItem","position":3,"name":"Transformers Legacy Evolution &#8211; Core Class &#8211; Optimus Prime"}]},{"@type":"WebSite","@id":"https:\/\/hobby4geek.com\/#website","url":"https:\/\/hobby4geek.com\/","name":"Hobby4Geek","description":"Collectionnez, jouez et exposez, embrassez votre geekitude","publisher":{"@id":"https:\/\/hobby4geek.com\/#organization"},"potentialAction":[{"@type":"SearchAction","target":{"@type":"EntryPoint","urlTemplate":"https:\/\/hobby4geek.com\/?s={search_term_string}"},"query-input":{"@type":"PropertyValueSpecification","valueRequired":true,"valueName":"search_term_string"}}],"inLanguage":"fr-FR"},{"@type":"Organization","@id":"https:\/\/hobby4geek.com\/#organization","name":"Hobby4Geek","url":"https:\/\/hobby4geek.com\/","logo":{"@type":"ImageObject","inLanguage":"fr-FR","@id":"https:\/\/hobby4geek.com\/#\/schema\/logo\/image\/","url":"https:\/\/hobby4geek.com\/wp-content\/uploads\/2023\/02\/default-kit.png","contentUrl":"https:\/\/hobby4geek.com\/wp-content\/uploads\/2023\/02\/default-kit.png","width":600,"height":600,"caption":"Hobby4Geek"},"image":{"@id":"https:\/\/hobby4geek.com\/#\/schema\/logo\/image\/"},"sameAs":["https:\/\/www.facebook.com\/hobby4geek","https:\/\/x.com\/hobby4geek","https:\/\/www.instagram.com\/hobby4geek\/"]}]},"product_brand":"Transformers","product_price_amount":"14.80","product_price_currency":"EUR","og_availability":"out of stock","product_availability":"out of stock","product_retailer_item_id":"5010996120618","product_condition":"new"},"_links":{"self":[{"href":"https:\/\/hobby4geek.com\/fr\/wp-json\/wp\/v2\/product\/189707","targetHints":{"allow":["GET"]}}],"collection":[{"href":"https:\/\/hobby4geek.com\/fr\/wp-json\/wp\/v2\/product"}],"about":[{"href":"https:\/\/hobby4geek.com\/fr\/wp-json\/wp\/v2\/types\/product"}],"replies":[{"embeddable":true,"href":"https:\/\/hobby4geek.com\/fr\/wp-json\/wp\/v2\/comments?post=189707"}],"version-history":[{"count":0,"href":"https:\/\/hobby4geek.com\/fr\/wp-json\/wp\/v2\/product\/189707\/revisions"}],"wp:featuredmedia":[{"embeddable":true,"href":"https:\/\/hobby4geek.com\/fr\/wp-json\/wp\/v2\/media\/189712"}],"wp:attachment":[{"href":"https:\/\/hobby4geek.com\/fr\/wp-json\/wp\/v2\/media?parent=189707"}],"wp:term":[{"taxonomy":"product_brand","embeddable":true,"href":"https:\/\/hobby4geek.com\/fr\/wp-json\/wp\/v2\/product_brand?post=189707"},{"taxonomy":"product_cat","embeddable":true,"href":"https:\/\/hobby4geek.com\/fr\/wp-json\/wp\/v2\/product_cat?post=189707"},{"taxonomy":"product_tag","embeddable":true,"href":"https:\/\/hobby4geek.com\/fr\/wp-json\/wp\/v2\/product_tag?post=189707"},{"taxonomy":"giftcard-category","embeddable":true,"href":"https:\/\/hobby4geek.com\/fr\/wp-json\/wp\/v2\/giftcard-category?post=189707"}],"curies":[{"name":"wp","href":"https:\/\/api.w.org\/{rel}","templated":true}]}}