{"id":189644,"date":"2023-09-18T17:42:35","date_gmt":"2023-09-18T15:42:35","guid":{"rendered":"https:\/\/hobby4geek.com\/?post_type=product&#038;p=189644"},"modified":"2024-05-12T13:05:06","modified_gmt":"2024-05-12T12:05:06","slug":"funko-pop-tcm-leatherface","status":"publish","type":"product","link":"https:\/\/hobby4geek.com\/fr\/produit\/funko-pop-tcm-leatherface\/","title":{"rendered":"Funko POP ! TCM : Leatherface"},"content":{"rendered":"<p>L'app\u00e9tit de Leatherface a grandi et il a d\u00e9cid\u00e9 d'infiltrer votre collection d'horreurs et de...\u00a0<i>Massacre \u00e0 la tron\u00e7onneuse<\/i>\u00a0en tant que figurine Funko Pop ! La figurine en vinyle mesure environ 4,5 pouces de haut.<\/p>\n<ul>\n<li>12 cm<\/li>\n<li>pr\u00e9sent\u00e9 dans une bo\u00eete \u00e0 fen\u00eatre<\/li>\n<\/ul>","protected":false},"excerpt":{"rendered":"<ul>\n<li>12 cm<\/li>\n<li>pr\u00e9sent\u00e9 dans une bo\u00eete \u00e0 fen\u00eatre<\/li>\n<\/ul>","protected":false},"featured_media":189645,"comment_status":"open","ping_status":"closed","template":"","meta":{"inline_featured_image":false},"product_brand":[],"product_cat":[2013,2198,2204,2298],"product_tag":[2015,2300,2301,1978,2303,2018,2205,2299,2302,1975],"giftcard-category":[],"class_list":{"0":"post-189644","1":"product","2":"type-product","3":"status-publish","4":"has-post-thumbnail","6":"product_cat-funko","7":"product_cat-pop","8":"product_cat-pop-movies","9":"product_cat-the-texas-chainsaw-massacre","10":"product_tag-funko-pop","11":"product_tag-leatherface","12":"product_tag-massacre-a-la-tronconneuse","13":"product_tag-mini-figures","14":"product_tag-n1150","15":"product_tag-pop","16":"product_tag-pop-movies","17":"product_tag-tcm","18":"product_tag-texas-chainsaw-massacre","19":"product_tag-toys-figures","20":"product_shipping_class-light","22":"first","23":"outofstock","24":"taxable","25":"shipping-taxable","26":"purchasable","27":"product-type-simple","28":"add-to-wishlist-after_add_to_cart"},"yoast_head":"<!-- This site is optimized with the Yoast SEO Premium plugin v25.3.1 (Yoast SEO v27.2) - https:\/\/yoast.com\/product\/yoast-seo-premium-wordpress\/ -->\n<title>Funko POP! TCM: Leatherface<\/title>\n<meta name=\"robots\" content=\"index, follow, max-snippet:-1, max-image-preview:large, max-video-preview:-1\" \/>\n<link rel=\"canonical\" href=\"https:\/\/hobby4geek.com\/fr\/produit\/funko-pop-tcm-leatherface\/\" \/>\n<meta property=\"og:locale\" content=\"fr_FR\" \/>\n<meta property=\"og:type\" content=\"article\" \/>\n<meta property=\"og:title\" content=\"Funko POP! TCM: Leatherface\" \/>\n<meta property=\"og:description\" content=\"12 cm  comes in a window box packaging\" \/>\n<meta property=\"og:url\" content=\"https:\/\/hobby4geek.com\/fr\/produit\/funko-pop-tcm-leatherface\/\" \/>\n<meta property=\"og:site_name\" content=\"Hobby4Geek\" \/>\n<meta property=\"article:publisher\" content=\"https:\/\/www.facebook.com\/hobby4geek\" \/>\n<meta property=\"article:modified_time\" content=\"2024-05-12T12:05:06+00:00\" \/>\n<meta property=\"og:image\" content=\"https:\/\/hobby4geek.com\/wp-content\/uploads\/2023\/09\/funko-pop-tcm-leatherface.png\" \/>\n\t<meta property=\"og:image:width\" content=\"800\" \/>\n\t<meta property=\"og:image:height\" content=\"800\" \/>\n\t<meta property=\"og:image:type\" content=\"image\/png\" \/>\n<meta name=\"twitter:card\" content=\"summary_large_image\" \/>\n<meta name=\"twitter:site\" content=\"@hobby4geek\" \/>\n<script type=\"application\/ld+json\" class=\"yoast-schema-graph\">{\"@context\":\"https:\/\/schema.org\",\"@graph\":[{\"@type\":\"WebPage\",\"@id\":\"https:\/\/hobby4geek.com\/it\/prodotto\/funko-pop-tcm-leatherface\/\",\"url\":\"https:\/\/hobby4geek.com\/it\/prodotto\/funko-pop-tcm-leatherface\/\",\"name\":\"Funko POP! TCM: Leatherface\",\"isPartOf\":{\"@id\":\"https:\/\/hobby4geek.com\/#website\"},\"primaryImageOfPage\":{\"@id\":\"https:\/\/hobby4geek.com\/it\/prodotto\/funko-pop-tcm-leatherface\/#primaryimage\"},\"image\":{\"@id\":\"https:\/\/hobby4geek.com\/it\/prodotto\/funko-pop-tcm-leatherface\/#primaryimage\"},\"thumbnailUrl\":\"https:\/\/hobby4geek.com\/wp-content\/uploads\/2023\/09\/funko-pop-tcm-leatherface.png\",\"datePublished\":\"2023-09-18T15:42:35+00:00\",\"dateModified\":\"2024-05-12T12:05:06+00:00\",\"breadcrumb\":{\"@id\":\"https:\/\/hobby4geek.com\/it\/prodotto\/funko-pop-tcm-leatherface\/#breadcrumb\"},\"inLanguage\":\"fr-FR\",\"potentialAction\":[{\"@type\":\"ReadAction\",\"target\":[\"https:\/\/hobby4geek.com\/it\/prodotto\/funko-pop-tcm-leatherface\/\"]}]},{\"@type\":\"ImageObject\",\"inLanguage\":\"fr-FR\",\"@id\":\"https:\/\/hobby4geek.com\/it\/prodotto\/funko-pop-tcm-leatherface\/#primaryimage\",\"url\":\"https:\/\/hobby4geek.com\/wp-content\/uploads\/2023\/09\/funko-pop-tcm-leatherface.png\",\"contentUrl\":\"https:\/\/hobby4geek.com\/wp-content\/uploads\/2023\/09\/funko-pop-tcm-leatherface.png\",\"width\":800,\"height\":800},{\"@type\":\"BreadcrumbList\",\"@id\":\"https:\/\/hobby4geek.com\/it\/prodotto\/funko-pop-tcm-leatherface\/#breadcrumb\",\"itemListElement\":[{\"@type\":\"ListItem\",\"position\":1,\"name\":\"Home\",\"item\":\"https:\/\/hobby4geek.com\/\"},{\"@type\":\"ListItem\",\"position\":2,\"name\":\"Shop\",\"item\":\"https:\/\/hobby4geek.com\/shop\/\"},{\"@type\":\"ListItem\",\"position\":3,\"name\":\"Funko POP! TCM: Leatherface\"}]},{\"@type\":\"WebSite\",\"@id\":\"https:\/\/hobby4geek.com\/#website\",\"url\":\"https:\/\/hobby4geek.com\/\",\"name\":\"Hobby4Geek\",\"description\":\"Collect, Play &amp; Showcase, Embrace your Geekiness\",\"publisher\":{\"@id\":\"https:\/\/hobby4geek.com\/#organization\"},\"potentialAction\":[{\"@type\":\"SearchAction\",\"target\":{\"@type\":\"EntryPoint\",\"urlTemplate\":\"https:\/\/hobby4geek.com\/?s={search_term_string}\"},\"query-input\":{\"@type\":\"PropertyValueSpecification\",\"valueRequired\":true,\"valueName\":\"search_term_string\"}}],\"inLanguage\":\"fr-FR\"},{\"@type\":\"Organization\",\"@id\":\"https:\/\/hobby4geek.com\/#organization\",\"name\":\"Hobby4Geek\",\"url\":\"https:\/\/hobby4geek.com\/\",\"logo\":{\"@type\":\"ImageObject\",\"inLanguage\":\"fr-FR\",\"@id\":\"https:\/\/hobby4geek.com\/#\/schema\/logo\/image\/\",\"url\":\"https:\/\/hobby4geek.com\/wp-content\/uploads\/2023\/02\/default-kit.png\",\"contentUrl\":\"https:\/\/hobby4geek.com\/wp-content\/uploads\/2023\/02\/default-kit.png\",\"width\":600,\"height\":600,\"caption\":\"Hobby4Geek\"},\"image\":{\"@id\":\"https:\/\/hobby4geek.com\/#\/schema\/logo\/image\/\"},\"sameAs\":[\"https:\/\/www.facebook.com\/hobby4geek\",\"https:\/\/x.com\/hobby4geek\",\"https:\/\/www.instagram.com\/hobby4geek\/\"]}]}<\/script>\n<meta property=\"product:brand\" content=\"Funko\" \/>\n<meta property=\"product:price:amount\" content=\"19.99\" \/>\n<meta property=\"product:price:currency\" content=\"EUR\" \/>\n<meta property=\"og:availability\" content=\"out of stock\" \/>\n<meta property=\"product:availability\" content=\"out of stock\" \/>\n<meta property=\"product:retailer_item_id\" content=\"889698498302\" \/>\n<meta property=\"product:condition\" content=\"new\" \/>\n<!-- \/ Yoast SEO Premium plugin. -->","yoast_head_json":{"title":"Funko POP ! TCM : Leatherface","robots":{"index":"index","follow":"follow","max-snippet":"max-snippet:-1","max-image-preview":"max-image-preview:large","max-video-preview":"max-video-preview:-1"},"canonical":"https:\/\/hobby4geek.com\/fr\/produit\/funko-pop-tcm-leatherface\/","og_locale":"fr_FR","og_type":"article","og_title":"Funko POP! TCM: Leatherface","og_description":"12 cm  comes in a window box packaging","og_url":"https:\/\/hobby4geek.com\/fr\/produit\/funko-pop-tcm-leatherface\/","og_site_name":"Hobby4Geek","article_publisher":"https:\/\/www.facebook.com\/hobby4geek","article_modified_time":"2024-05-12T12:05:06+00:00","og_image":[{"width":800,"height":800,"url":"https:\/\/hobby4geek.com\/wp-content\/uploads\/2023\/09\/funko-pop-tcm-leatherface.png","type":"image\/png"}],"twitter_card":"summary_large_image","twitter_site":"@hobby4geek","schema":{"@context":"https:\/\/schema.org","@graph":[{"@type":"WebPage","@id":"https:\/\/hobby4geek.com\/it\/prodotto\/funko-pop-tcm-leatherface\/","url":"https:\/\/hobby4geek.com\/it\/prodotto\/funko-pop-tcm-leatherface\/","name":"Funko POP ! TCM : Leatherface","isPartOf":{"@id":"https:\/\/hobby4geek.com\/#website"},"primaryImageOfPage":{"@id":"https:\/\/hobby4geek.com\/it\/prodotto\/funko-pop-tcm-leatherface\/#primaryimage"},"image":{"@id":"https:\/\/hobby4geek.com\/it\/prodotto\/funko-pop-tcm-leatherface\/#primaryimage"},"thumbnailUrl":"https:\/\/hobby4geek.com\/wp-content\/uploads\/2023\/09\/funko-pop-tcm-leatherface.png","datePublished":"2023-09-18T15:42:35+00:00","dateModified":"2024-05-12T12:05:06+00:00","breadcrumb":{"@id":"https:\/\/hobby4geek.com\/it\/prodotto\/funko-pop-tcm-leatherface\/#breadcrumb"},"inLanguage":"fr-FR","potentialAction":[{"@type":"ReadAction","target":["https:\/\/hobby4geek.com\/it\/prodotto\/funko-pop-tcm-leatherface\/"]}]},{"@type":"ImageObject","inLanguage":"fr-FR","@id":"https:\/\/hobby4geek.com\/it\/prodotto\/funko-pop-tcm-leatherface\/#primaryimage","url":"https:\/\/hobby4geek.com\/wp-content\/uploads\/2023\/09\/funko-pop-tcm-leatherface.png","contentUrl":"https:\/\/hobby4geek.com\/wp-content\/uploads\/2023\/09\/funko-pop-tcm-leatherface.png","width":800,"height":800},{"@type":"BreadcrumbList","@id":"https:\/\/hobby4geek.com\/it\/prodotto\/funko-pop-tcm-leatherface\/#breadcrumb","itemListElement":[{"@type":"ListItem","position":1,"name":"Home","item":"https:\/\/hobby4geek.com\/"},{"@type":"ListItem","position":2,"name":"Shop","item":"https:\/\/hobby4geek.com\/shop\/"},{"@type":"ListItem","position":3,"name":"Funko POP! TCM: Leatherface"}]},{"@type":"WebSite","@id":"https:\/\/hobby4geek.com\/#website","url":"https:\/\/hobby4geek.com\/","name":"Hobby4Geek","description":"Collectionnez, jouez et exposez, embrassez votre geekitude","publisher":{"@id":"https:\/\/hobby4geek.com\/#organization"},"potentialAction":[{"@type":"SearchAction","target":{"@type":"EntryPoint","urlTemplate":"https:\/\/hobby4geek.com\/?s={search_term_string}"},"query-input":{"@type":"PropertyValueSpecification","valueRequired":true,"valueName":"search_term_string"}}],"inLanguage":"fr-FR"},{"@type":"Organization","@id":"https:\/\/hobby4geek.com\/#organization","name":"Hobby4Geek","url":"https:\/\/hobby4geek.com\/","logo":{"@type":"ImageObject","inLanguage":"fr-FR","@id":"https:\/\/hobby4geek.com\/#\/schema\/logo\/image\/","url":"https:\/\/hobby4geek.com\/wp-content\/uploads\/2023\/02\/default-kit.png","contentUrl":"https:\/\/hobby4geek.com\/wp-content\/uploads\/2023\/02\/default-kit.png","width":600,"height":600,"caption":"Hobby4Geek"},"image":{"@id":"https:\/\/hobby4geek.com\/#\/schema\/logo\/image\/"},"sameAs":["https:\/\/www.facebook.com\/hobby4geek","https:\/\/x.com\/hobby4geek","https:\/\/www.instagram.com\/hobby4geek\/"]}]},"product_brand":"Funko","product_price_amount":"19.99","product_price_currency":"EUR","og_availability":"out of stock","product_availability":"out of stock","product_retailer_item_id":"889698498302","product_condition":"new"},"_links":{"self":[{"href":"https:\/\/hobby4geek.com\/fr\/wp-json\/wp\/v2\/product\/189644","targetHints":{"allow":["GET"]}}],"collection":[{"href":"https:\/\/hobby4geek.com\/fr\/wp-json\/wp\/v2\/product"}],"about":[{"href":"https:\/\/hobby4geek.com\/fr\/wp-json\/wp\/v2\/types\/product"}],"replies":[{"embeddable":true,"href":"https:\/\/hobby4geek.com\/fr\/wp-json\/wp\/v2\/comments?post=189644"}],"version-history":[{"count":0,"href":"https:\/\/hobby4geek.com\/fr\/wp-json\/wp\/v2\/product\/189644\/revisions"}],"wp:featuredmedia":[{"embeddable":true,"href":"https:\/\/hobby4geek.com\/fr\/wp-json\/wp\/v2\/media\/189645"}],"wp:attachment":[{"href":"https:\/\/hobby4geek.com\/fr\/wp-json\/wp\/v2\/media?parent=189644"}],"wp:term":[{"taxonomy":"product_brand","embeddable":true,"href":"https:\/\/hobby4geek.com\/fr\/wp-json\/wp\/v2\/product_brand?post=189644"},{"taxonomy":"product_cat","embeddable":true,"href":"https:\/\/hobby4geek.com\/fr\/wp-json\/wp\/v2\/product_cat?post=189644"},{"taxonomy":"product_tag","embeddable":true,"href":"https:\/\/hobby4geek.com\/fr\/wp-json\/wp\/v2\/product_tag?post=189644"},{"taxonomy":"giftcard-category","embeddable":true,"href":"https:\/\/hobby4geek.com\/fr\/wp-json\/wp\/v2\/giftcard-category?post=189644"}],"curies":[{"name":"wp","href":"https:\/\/api.w.org\/{rel}","templated":true}]}}