{"id":189551,"date":"2023-11-05T19:15:57","date_gmt":"2023-11-05T17:15:57","guid":{"rendered":"https:\/\/hobby4geek.com\/?post_type=product&#038;p=189551"},"modified":"2025-03-11T14:55:05","modified_gmt":"2025-03-11T13:55:05","slug":"transformers-rise-of-the-beasts-studio-series-core-class-terrorcon-novakane","status":"publish","type":"product","link":"https:\/\/hobby4geek.com\/fr\/produit\/transformers-rise-of-the-beasts-studio-series-core-class-terrorcon-novakane\/","title":{"rendered":"Transformers : Le r\u00e9veil des b\u00eates - Studio Series - Core Class Terrorcon Novakane"},"content":{"rendered":"<p>Faites entrer l'action \u00e9pique des films Transformers du grand \u00e9cran dans votre collection avec la figurine Transformers Studio Series Terrorcon Novakane, inspir\u00e9e de Transformers : Rise of the Beasts !<\/p>\n<p>Les jouets Transformers de la s\u00e9rie Studio sont des figurines \u00e0 collectionner pour les gar\u00e7ons et les filles de 8 ans, avec des d\u00e9tails et des accessoires inspir\u00e9s du film.<\/p>\n<p>Convertissez la figurine de robot en 3 modes d'armes cybertroniennes diff\u00e9rents. Posez la figurine Terrorcon Novakane attach\u00e9e \u00e0 d'autres figurines Studio Series en mode arme cybertronienne (chacune vendue s\u00e9par\u00e9ment, sous r\u00e9serve de disponibilit\u00e9). Les figurines Transformers pour gar\u00e7ons et filles font de superbes cadeaux !<\/p>\n<ul>\n<li>8,9 cm<\/li>\n<li>Classe Origine<\/li>\n<li>La transformation en 12 \u00e9tapes<\/li>\n<li>Convertir le robot en 3 armes cybertroniennes diff\u00e9rentes<\/li>\n<\/ul>\n<p>&nbsp;<\/p>","protected":false},"excerpt":{"rendered":"<ul>\n<li>8,9 cm<\/li>\n<li>Classe Origine<\/li>\n<li>La transformation en 12 \u00e9tapes<\/li>\n<li>Convertir le robot en 3 armes cybertroniennes diff\u00e9rentes<\/li>\n<\/ul>","protected":false},"featured_media":189556,"comment_status":"open","ping_status":"closed","template":"","meta":{"inline_featured_image":false},"product_brand":[],"product_cat":[68,69,1955,1960],"product_tag":[1759,2109,335,1956,1957,240,203,2287,1975,204,1961,1962,1994,2227],"giftcard-category":[],"class_list":{"0":"post-189551","1":"product","2":"type-product","3":"status-publish","4":"has-post-thumbnail","6":"product_cat-hasbro","7":"product_cat-takara-tomy","8":"product_cat-transformers","9":"product_cat-transformers-generations","10":"product_tag-action-toys","11":"product_tag-core-class","12":"product_tag-hasbro","13":"product_tag-rise-of-the-beasts","14":"product_tag-rotb","15":"product_tag-studio-series","16":"product_tag-takara-tomy","17":"product_tag-terrorcon-novakane","18":"product_tag-toys-figures","19":"product_tag-transformers","20":"product_tag-transformers-authentic","21":"product_tag-transformers-generations","22":"product_tag-transformers-studio-series","23":"product_tag-transformers-rise-of-the-beasts","24":"product_shipping_class-light","25":"inventories-france-inventory","27":"first","28":"instock","29":"taxable","30":"shipping-taxable","31":"purchasable","32":"product-type-simple","33":"add-to-wishlist-after_add_to_cart"},"yoast_head":"<!-- This site is optimized with the Yoast SEO Premium plugin v25.3.1 (Yoast SEO v27.4) - https:\/\/yoast.com\/product\/yoast-seo-premium-wordpress\/ -->\n<title>Transformers: Rise of the Beasts - Studio Series - Core Class Terrorcon Novakane<\/title>\n<meta name=\"robots\" content=\"index, follow, max-snippet:-1, max-image-preview:large, max-video-preview:-1\" \/>\n<link rel=\"canonical\" href=\"https:\/\/hobby4geek.com\/fr\/produit\/transformers-rise-of-the-beasts-studio-series-core-class-terrorcon-novakane\/\" \/>\n<meta property=\"og:locale\" content=\"fr_FR\" \/>\n<meta property=\"og:type\" content=\"article\" \/>\n<meta property=\"og:title\" content=\"Transformers: Rise of the Beasts - Studio Series - Core Class Terrorcon Novakane\" \/>\n<meta property=\"og:description\" content=\"8,9 cm  Core Class  Tranform in 12 steps  Convert robot to 3 different Cybertronian weapon\" \/>\n<meta property=\"og:url\" content=\"https:\/\/hobby4geek.com\/fr\/produit\/transformers-rise-of-the-beasts-studio-series-core-class-terrorcon-novakane\/\" \/>\n<meta property=\"og:site_name\" content=\"Hobby4Geek\" \/>\n<meta property=\"article:publisher\" content=\"https:\/\/www.facebook.com\/hobby4geek\" \/>\n<meta property=\"article:modified_time\" content=\"2025-03-11T13:55:05+00:00\" \/>\n<meta property=\"og:image\" content=\"https:\/\/hobby4geek.com\/wp-content\/uploads\/2023\/09\/transformers-rise-of-the-beasts-studio-series-core-class-terrorcon-novakane-5.webp\" \/>\n\t<meta property=\"og:image:width\" content=\"2000\" \/>\n\t<meta property=\"og:image:height\" content=\"2000\" \/>\n\t<meta property=\"og:image:type\" content=\"image\/webp\" \/>\n<meta name=\"twitter:card\" content=\"summary_large_image\" \/>\n<meta name=\"twitter:site\" content=\"@hobby4geek\" \/>\n<script type=\"application\/ld+json\" class=\"yoast-schema-graph\">{\"@context\":\"https:\\\/\\\/schema.org\",\"@graph\":[{\"@type\":\"WebPage\",\"@id\":\"https:\\\/\\\/hobby4geek.com\\\/product\\\/transformers-rise-of-the-beasts-studio-series-core-class-terrorcon-novakane\\\/\",\"url\":\"https:\\\/\\\/hobby4geek.com\\\/product\\\/transformers-rise-of-the-beasts-studio-series-core-class-terrorcon-novakane\\\/\",\"name\":\"Transformers: Rise of the Beasts - Studio Series - Core Class Terrorcon Novakane\",\"isPartOf\":{\"@id\":\"https:\\\/\\\/hobby4geek.com\\\/#website\"},\"primaryImageOfPage\":{\"@id\":\"https:\\\/\\\/hobby4geek.com\\\/product\\\/transformers-rise-of-the-beasts-studio-series-core-class-terrorcon-novakane\\\/#primaryimage\"},\"image\":{\"@id\":\"https:\\\/\\\/hobby4geek.com\\\/product\\\/transformers-rise-of-the-beasts-studio-series-core-class-terrorcon-novakane\\\/#primaryimage\"},\"thumbnailUrl\":\"https:\\\/\\\/hobby4geek.com\\\/wp-content\\\/uploads\\\/2023\\\/09\\\/transformers-rise-of-the-beasts-studio-series-core-class-terrorcon-novakane-5.webp\",\"datePublished\":\"2023-11-05T17:15:57+00:00\",\"dateModified\":\"2025-03-11T13:55:05+00:00\",\"breadcrumb\":{\"@id\":\"https:\\\/\\\/hobby4geek.com\\\/product\\\/transformers-rise-of-the-beasts-studio-series-core-class-terrorcon-novakane\\\/#breadcrumb\"},\"inLanguage\":\"fr-FR\",\"potentialAction\":[{\"@type\":\"ReadAction\",\"target\":[\"https:\\\/\\\/hobby4geek.com\\\/product\\\/transformers-rise-of-the-beasts-studio-series-core-class-terrorcon-novakane\\\/\"]}]},{\"@type\":\"ImageObject\",\"inLanguage\":\"fr-FR\",\"@id\":\"https:\\\/\\\/hobby4geek.com\\\/product\\\/transformers-rise-of-the-beasts-studio-series-core-class-terrorcon-novakane\\\/#primaryimage\",\"url\":\"https:\\\/\\\/hobby4geek.com\\\/wp-content\\\/uploads\\\/2023\\\/09\\\/transformers-rise-of-the-beasts-studio-series-core-class-terrorcon-novakane-5.webp\",\"contentUrl\":\"https:\\\/\\\/hobby4geek.com\\\/wp-content\\\/uploads\\\/2023\\\/09\\\/transformers-rise-of-the-beasts-studio-series-core-class-terrorcon-novakane-5.webp\",\"width\":2000,\"height\":2000},{\"@type\":\"BreadcrumbList\",\"@id\":\"https:\\\/\\\/hobby4geek.com\\\/product\\\/transformers-rise-of-the-beasts-studio-series-core-class-terrorcon-novakane\\\/#breadcrumb\",\"itemListElement\":[{\"@type\":\"ListItem\",\"position\":1,\"name\":\"Home\",\"item\":\"https:\\\/\\\/hobby4geek.com\\\/\"},{\"@type\":\"ListItem\",\"position\":2,\"name\":\"Shop\",\"item\":\"https:\\\/\\\/hobby4geek.com\\\/shop\\\/\"},{\"@type\":\"ListItem\",\"position\":3,\"name\":\"Transformers: Rise of the Beasts &#8211; Studio Series &#8211; Core Class Terrorcon Novakane\"}]},{\"@type\":\"WebSite\",\"@id\":\"https:\\\/\\\/hobby4geek.com\\\/#website\",\"url\":\"https:\\\/\\\/hobby4geek.com\\\/\",\"name\":\"Hobby4Geek\",\"description\":\"Collect, Play &amp; Showcase, Embrace your Geekiness\",\"publisher\":{\"@id\":\"https:\\\/\\\/hobby4geek.com\\\/#organization\"},\"potentialAction\":[{\"@type\":\"SearchAction\",\"target\":{\"@type\":\"EntryPoint\",\"urlTemplate\":\"https:\\\/\\\/hobby4geek.com\\\/?s={search_term_string}\"},\"query-input\":{\"@type\":\"PropertyValueSpecification\",\"valueRequired\":true,\"valueName\":\"search_term_string\"}}],\"inLanguage\":\"fr-FR\"},{\"@type\":\"Organization\",\"@id\":\"https:\\\/\\\/hobby4geek.com\\\/#organization\",\"name\":\"Hobby4Geek\",\"url\":\"https:\\\/\\\/hobby4geek.com\\\/\",\"logo\":{\"@type\":\"ImageObject\",\"inLanguage\":\"fr-FR\",\"@id\":\"https:\\\/\\\/hobby4geek.com\\\/#\\\/schema\\\/logo\\\/image\\\/\",\"url\":\"https:\\\/\\\/hobby4geek.com\\\/wp-content\\\/uploads\\\/2023\\\/02\\\/default-kit.png\",\"contentUrl\":\"https:\\\/\\\/hobby4geek.com\\\/wp-content\\\/uploads\\\/2023\\\/02\\\/default-kit.png\",\"width\":600,\"height\":600,\"caption\":\"Hobby4Geek\"},\"image\":{\"@id\":\"https:\\\/\\\/hobby4geek.com\\\/#\\\/schema\\\/logo\\\/image\\\/\"},\"sameAs\":[\"https:\\\/\\\/www.facebook.com\\\/hobby4geek\",\"https:\\\/\\\/x.com\\\/hobby4geek\",\"https:\\\/\\\/www.instagram.com\\\/hobby4geek\\\/\"]}]}<\/script>\n<meta property=\"product:brand\" content=\"Hasbro\" \/>\n<meta property=\"product:price:amount\" content=\"14.80\" \/>\n<meta property=\"product:price:currency\" content=\"EUR\" \/>\n<meta property=\"og:availability\" content=\"instock\" \/>\n<meta property=\"product:availability\" content=\"instock\" \/>\n<meta property=\"product:retailer_item_id\" content=\"5010996145802\" \/>\n<meta property=\"product:condition\" content=\"new\" \/>\n<!-- \/ Yoast SEO Premium plugin. -->","yoast_head_json":{"title":"Transformers : Rise of the Beasts - Studio Series - Classe de base Terrorcon Novakane","robots":{"index":"index","follow":"follow","max-snippet":"max-snippet:-1","max-image-preview":"max-image-preview:large","max-video-preview":"max-video-preview:-1"},"canonical":"https:\/\/hobby4geek.com\/fr\/produit\/transformers-rise-of-the-beasts-studio-series-core-class-terrorcon-novakane\/","og_locale":"fr_FR","og_type":"article","og_title":"Transformers: Rise of the Beasts - Studio Series - Core Class Terrorcon Novakane","og_description":"8,9 cm  Core Class  Tranform in 12 steps  Convert robot to 3 different Cybertronian weapon","og_url":"https:\/\/hobby4geek.com\/fr\/produit\/transformers-rise-of-the-beasts-studio-series-core-class-terrorcon-novakane\/","og_site_name":"Hobby4Geek","article_publisher":"https:\/\/www.facebook.com\/hobby4geek","article_modified_time":"2025-03-11T13:55:05+00:00","og_image":[{"width":2000,"height":2000,"url":"https:\/\/hobby4geek.com\/wp-content\/uploads\/2023\/09\/transformers-rise-of-the-beasts-studio-series-core-class-terrorcon-novakane-5.webp","type":"image\/webp"}],"twitter_card":"summary_large_image","twitter_site":"@hobby4geek","schema":{"@context":"https:\/\/schema.org","@graph":[{"@type":"WebPage","@id":"https:\/\/hobby4geek.com\/product\/transformers-rise-of-the-beasts-studio-series-core-class-terrorcon-novakane\/","url":"https:\/\/hobby4geek.com\/product\/transformers-rise-of-the-beasts-studio-series-core-class-terrorcon-novakane\/","name":"Transformers : Rise of the Beasts - Studio Series - Classe de base Terrorcon Novakane","isPartOf":{"@id":"https:\/\/hobby4geek.com\/#website"},"primaryImageOfPage":{"@id":"https:\/\/hobby4geek.com\/product\/transformers-rise-of-the-beasts-studio-series-core-class-terrorcon-novakane\/#primaryimage"},"image":{"@id":"https:\/\/hobby4geek.com\/product\/transformers-rise-of-the-beasts-studio-series-core-class-terrorcon-novakane\/#primaryimage"},"thumbnailUrl":"https:\/\/hobby4geek.com\/wp-content\/uploads\/2023\/09\/transformers-rise-of-the-beasts-studio-series-core-class-terrorcon-novakane-5.webp","datePublished":"2023-11-05T17:15:57+00:00","dateModified":"2025-03-11T13:55:05+00:00","breadcrumb":{"@id":"https:\/\/hobby4geek.com\/product\/transformers-rise-of-the-beasts-studio-series-core-class-terrorcon-novakane\/#breadcrumb"},"inLanguage":"fr-FR","potentialAction":[{"@type":"ReadAction","target":["https:\/\/hobby4geek.com\/product\/transformers-rise-of-the-beasts-studio-series-core-class-terrorcon-novakane\/"]}]},{"@type":"ImageObject","inLanguage":"fr-FR","@id":"https:\/\/hobby4geek.com\/product\/transformers-rise-of-the-beasts-studio-series-core-class-terrorcon-novakane\/#primaryimage","url":"https:\/\/hobby4geek.com\/wp-content\/uploads\/2023\/09\/transformers-rise-of-the-beasts-studio-series-core-class-terrorcon-novakane-5.webp","contentUrl":"https:\/\/hobby4geek.com\/wp-content\/uploads\/2023\/09\/transformers-rise-of-the-beasts-studio-series-core-class-terrorcon-novakane-5.webp","width":2000,"height":2000},{"@type":"BreadcrumbList","@id":"https:\/\/hobby4geek.com\/product\/transformers-rise-of-the-beasts-studio-series-core-class-terrorcon-novakane\/#breadcrumb","itemListElement":[{"@type":"ListItem","position":1,"name":"Home","item":"https:\/\/hobby4geek.com\/"},{"@type":"ListItem","position":2,"name":"Shop","item":"https:\/\/hobby4geek.com\/shop\/"},{"@type":"ListItem","position":3,"name":"Transformers: Rise of the Beasts &#8211; Studio Series &#8211; Core Class Terrorcon Novakane"}]},{"@type":"WebSite","@id":"https:\/\/hobby4geek.com\/#website","url":"https:\/\/hobby4geek.com\/","name":"Hobby4Geek","description":"Collectionnez, jouez et exposez, embrassez votre geekitude","publisher":{"@id":"https:\/\/hobby4geek.com\/#organization"},"potentialAction":[{"@type":"SearchAction","target":{"@type":"EntryPoint","urlTemplate":"https:\/\/hobby4geek.com\/?s={search_term_string}"},"query-input":{"@type":"PropertyValueSpecification","valueRequired":true,"valueName":"search_term_string"}}],"inLanguage":"fr-FR"},{"@type":"Organization","@id":"https:\/\/hobby4geek.com\/#organization","name":"Hobby4Geek","url":"https:\/\/hobby4geek.com\/","logo":{"@type":"ImageObject","inLanguage":"fr-FR","@id":"https:\/\/hobby4geek.com\/#\/schema\/logo\/image\/","url":"https:\/\/hobby4geek.com\/wp-content\/uploads\/2023\/02\/default-kit.png","contentUrl":"https:\/\/hobby4geek.com\/wp-content\/uploads\/2023\/02\/default-kit.png","width":600,"height":600,"caption":"Hobby4Geek"},"image":{"@id":"https:\/\/hobby4geek.com\/#\/schema\/logo\/image\/"},"sameAs":["https:\/\/www.facebook.com\/hobby4geek","https:\/\/x.com\/hobby4geek","https:\/\/www.instagram.com\/hobby4geek\/"]}]},"product_brand":"Hasbro","product_price_amount":"14.80","product_price_currency":"EUR","og_availability":"instock","product_availability":"instock","product_retailer_item_id":"5010996145802","product_condition":"new"},"_links":{"self":[{"href":"https:\/\/hobby4geek.com\/fr\/wp-json\/wp\/v2\/product\/189551","targetHints":{"allow":["GET"]}}],"collection":[{"href":"https:\/\/hobby4geek.com\/fr\/wp-json\/wp\/v2\/product"}],"about":[{"href":"https:\/\/hobby4geek.com\/fr\/wp-json\/wp\/v2\/types\/product"}],"replies":[{"embeddable":true,"href":"https:\/\/hobby4geek.com\/fr\/wp-json\/wp\/v2\/comments?post=189551"}],"version-history":[{"count":0,"href":"https:\/\/hobby4geek.com\/fr\/wp-json\/wp\/v2\/product\/189551\/revisions"}],"wp:featuredmedia":[{"embeddable":true,"href":"https:\/\/hobby4geek.com\/fr\/wp-json\/wp\/v2\/media\/189556"}],"wp:attachment":[{"href":"https:\/\/hobby4geek.com\/fr\/wp-json\/wp\/v2\/media?parent=189551"}],"wp:term":[{"taxonomy":"product_brand","embeddable":true,"href":"https:\/\/hobby4geek.com\/fr\/wp-json\/wp\/v2\/product_brand?post=189551"},{"taxonomy":"product_cat","embeddable":true,"href":"https:\/\/hobby4geek.com\/fr\/wp-json\/wp\/v2\/product_cat?post=189551"},{"taxonomy":"product_tag","embeddable":true,"href":"https:\/\/hobby4geek.com\/fr\/wp-json\/wp\/v2\/product_tag?post=189551"},{"taxonomy":"giftcard-category","embeddable":true,"href":"https:\/\/hobby4geek.com\/fr\/wp-json\/wp\/v2\/giftcard-category?post=189551"}],"curies":[{"name":"wp","href":"https:\/\/api.w.org\/{rel}","templated":true}]}}