{"id":189533,"date":"2024-01-14T17:40:05","date_gmt":"2024-01-14T16:40:05","guid":{"rendered":"https:\/\/hobby4geek.com\/?post_type=product&#038;p=189533"},"modified":"2024-06-24T16:16:12","modified_gmt":"2024-06-24T15:16:12","slug":"transformers-rise-of-the-beasts-studio-series-104-deluxe-class-nightbird","status":"publish","type":"product","link":"https:\/\/hobby4geek.com\/fr\/produit\/transformers-rise-of-the-beasts-studio-series-104-deluxe-class-nightbird\/","title":{"rendered":"Transformers : Le r\u00e9veil des b\u00eates - S\u00e9rie Studio 104 - Oiseau de nuit"},"content":{"rendered":"<p>Faites entrer l'action \u00e9pique des films Transformers du grand \u00e9cran dans votre collection avec la figurine Transformers Studio Series Deluxe Class 104 Nightbird, inspir\u00e9e de Transformers : Rise of the Beasts !<\/p>\n<p>Nightbird et les Terrorcons combattent les Autobots pour voler la cl\u00e9 Transwarp. Les jouets Transformers Studio Series sont des figurines de collection pour les gar\u00e7ons et les filles de 8 ans qui comportent des d\u00e9tails et des accessoires inspir\u00e9s des films.<\/p>\n<p>Convertissez la figurine de robot en mode Nissan Skyline GTR R33 en 21 \u00e9tapes et posez le jouet Nightbird dans la sc\u00e8ne de fond amovible Attack at the Museum incluse. Les figurines Transformers pour gar\u00e7ons et filles font de superbes cadeaux !<\/p>\n<ul>\n<li>11,43 cm<\/li>\n<li>Convertir le robot en Nissan Skyline GTR R33<\/li>\n<li>Transformer en 21 \u00e9tapes<\/li>\n<li>Toile de fond amovible<\/li>\n<\/ul>\n<p>&nbsp;<\/p>","protected":false},"excerpt":{"rendered":"<ul>\n<li>11,43 cm<\/li>\n<li>Classe Deluxe<\/li>\n<li>Convertir le robot en Nissan Skyline GTR R33<\/li>\n<li>Transformer en 21 \u00e9tapes<\/li>\n<li>Toile de fond amovible<\/li>\n<\/ul>\n<p>&nbsp;<\/p>","protected":false},"featured_media":189540,"comment_status":"open","ping_status":"closed","template":"","meta":{"inline_featured_image":false},"product_brand":[],"product_cat":[68,1955,1960],"product_tag":[1759,1964,335,1936,2357,1956,2284,2156,1994,2227],"giftcard-category":[],"class_list":{"0":"post-189533","1":"product","2":"type-product","3":"status-publish","4":"has-post-thumbnail","6":"product_cat-hasbro","7":"product_cat-transformers","8":"product_cat-transformers-generations","9":"product_tag-action-toys","10":"product_tag-deluxe-class","11":"product_tag-hasbro","12":"product_tag-models-co","13":"product_tag-nightbird","14":"product_tag-rise-of-the-beasts","15":"product_tag-studio-series-104","16":"product_tag-terrorcon","17":"product_tag-transformers-studio-series","18":"product_tag-transformers-rise-of-the-beasts","19":"product_shipping_class-light","21":"first","22":"outofstock","23":"taxable","24":"shipping-taxable","25":"purchasable","26":"product-type-simple","27":"add-to-wishlist-after_add_to_cart"},"yoast_head":"<!-- This site is optimized with the Yoast SEO Premium plugin v25.3.1 (Yoast SEO v27.4) - https:\/\/yoast.com\/product\/yoast-seo-premium-wordpress\/ -->\n<title>Transformers: Rise of the Beasts - Studio Series 104 - Nightbird<\/title>\n<meta name=\"robots\" content=\"index, follow, max-snippet:-1, max-image-preview:large, max-video-preview:-1\" \/>\n<link rel=\"canonical\" href=\"https:\/\/hobby4geek.com\/fr\/produit\/transformers-rise-of-the-beasts-studio-series-104-deluxe-class-nightbird\/\" \/>\n<meta property=\"og:locale\" content=\"fr_FR\" \/>\n<meta property=\"og:type\" content=\"article\" \/>\n<meta property=\"og:title\" content=\"Transformers: Rise of the Beasts - Studio Series 104 - Nightbird\" \/>\n<meta property=\"og:description\" content=\"11,43 cm  Deluxe Class  Convert robot to Nissan Skyline GTR R33  Transform in 21 steps  Removable backdrop  &nbsp;\" \/>\n<meta property=\"og:url\" content=\"https:\/\/hobby4geek.com\/fr\/produit\/transformers-rise-of-the-beasts-studio-series-104-deluxe-class-nightbird\/\" \/>\n<meta property=\"og:site_name\" content=\"Hobby4Geek\" \/>\n<meta property=\"article:publisher\" content=\"https:\/\/www.facebook.com\/hobby4geek\" \/>\n<meta property=\"article:modified_time\" content=\"2024-06-24T15:16:12+00:00\" \/>\n<meta property=\"og:image\" content=\"https:\/\/hobby4geek.com\/wp-content\/uploads\/2023\/09\/transformers-rise-of-the-beasts-studio-series-104-nightbird-7.webp\" \/>\n\t<meta property=\"og:image:width\" content=\"2000\" \/>\n\t<meta property=\"og:image:height\" content=\"2000\" \/>\n\t<meta property=\"og:image:type\" content=\"image\/webp\" \/>\n<meta name=\"twitter:card\" content=\"summary_large_image\" \/>\n<meta name=\"twitter:site\" content=\"@hobby4geek\" \/>\n<script type=\"application\/ld+json\" class=\"yoast-schema-graph\">{\"@context\":\"https:\\\/\\\/schema.org\",\"@graph\":[{\"@type\":\"WebPage\",\"@id\":\"https:\\\/\\\/hobby4geek.com\\\/product\\\/transformers-rise-of-the-beasts-studio-series-104-deluxe-class-nightbird\\\/\",\"url\":\"https:\\\/\\\/hobby4geek.com\\\/product\\\/transformers-rise-of-the-beasts-studio-series-104-deluxe-class-nightbird\\\/\",\"name\":\"Transformers: Rise of the Beasts - Studio Series 104 - Nightbird\",\"isPartOf\":{\"@id\":\"https:\\\/\\\/hobby4geek.com\\\/#website\"},\"primaryImageOfPage\":{\"@id\":\"https:\\\/\\\/hobby4geek.com\\\/product\\\/transformers-rise-of-the-beasts-studio-series-104-deluxe-class-nightbird\\\/#primaryimage\"},\"image\":{\"@id\":\"https:\\\/\\\/hobby4geek.com\\\/product\\\/transformers-rise-of-the-beasts-studio-series-104-deluxe-class-nightbird\\\/#primaryimage\"},\"thumbnailUrl\":\"https:\\\/\\\/hobby4geek.com\\\/wp-content\\\/uploads\\\/2023\\\/09\\\/transformers-rise-of-the-beasts-studio-series-104-nightbird-7.webp\",\"datePublished\":\"2024-01-14T16:40:05+00:00\",\"dateModified\":\"2024-06-24T15:16:12+00:00\",\"breadcrumb\":{\"@id\":\"https:\\\/\\\/hobby4geek.com\\\/product\\\/transformers-rise-of-the-beasts-studio-series-104-deluxe-class-nightbird\\\/#breadcrumb\"},\"inLanguage\":\"fr-FR\",\"potentialAction\":[{\"@type\":\"ReadAction\",\"target\":[\"https:\\\/\\\/hobby4geek.com\\\/product\\\/transformers-rise-of-the-beasts-studio-series-104-deluxe-class-nightbird\\\/\"]}]},{\"@type\":\"ImageObject\",\"inLanguage\":\"fr-FR\",\"@id\":\"https:\\\/\\\/hobby4geek.com\\\/product\\\/transformers-rise-of-the-beasts-studio-series-104-deluxe-class-nightbird\\\/#primaryimage\",\"url\":\"https:\\\/\\\/hobby4geek.com\\\/wp-content\\\/uploads\\\/2023\\\/09\\\/transformers-rise-of-the-beasts-studio-series-104-nightbird-7.webp\",\"contentUrl\":\"https:\\\/\\\/hobby4geek.com\\\/wp-content\\\/uploads\\\/2023\\\/09\\\/transformers-rise-of-the-beasts-studio-series-104-nightbird-7.webp\",\"width\":2000,\"height\":2000},{\"@type\":\"BreadcrumbList\",\"@id\":\"https:\\\/\\\/hobby4geek.com\\\/product\\\/transformers-rise-of-the-beasts-studio-series-104-deluxe-class-nightbird\\\/#breadcrumb\",\"itemListElement\":[{\"@type\":\"ListItem\",\"position\":1,\"name\":\"Home\",\"item\":\"https:\\\/\\\/hobby4geek.com\\\/\"},{\"@type\":\"ListItem\",\"position\":2,\"name\":\"Shop\",\"item\":\"https:\\\/\\\/hobby4geek.com\\\/shop\\\/\"},{\"@type\":\"ListItem\",\"position\":3,\"name\":\"Transformers: Rise of the Beasts &#8211; Studio Series 104 &#8211; Nightbird\"}]},{\"@type\":\"WebSite\",\"@id\":\"https:\\\/\\\/hobby4geek.com\\\/#website\",\"url\":\"https:\\\/\\\/hobby4geek.com\\\/\",\"name\":\"Hobby4Geek\",\"description\":\"Collect, Play &amp; Showcase, Embrace your Geekiness\",\"publisher\":{\"@id\":\"https:\\\/\\\/hobby4geek.com\\\/#organization\"},\"potentialAction\":[{\"@type\":\"SearchAction\",\"target\":{\"@type\":\"EntryPoint\",\"urlTemplate\":\"https:\\\/\\\/hobby4geek.com\\\/?s={search_term_string}\"},\"query-input\":{\"@type\":\"PropertyValueSpecification\",\"valueRequired\":true,\"valueName\":\"search_term_string\"}}],\"inLanguage\":\"fr-FR\"},{\"@type\":\"Organization\",\"@id\":\"https:\\\/\\\/hobby4geek.com\\\/#organization\",\"name\":\"Hobby4Geek\",\"url\":\"https:\\\/\\\/hobby4geek.com\\\/\",\"logo\":{\"@type\":\"ImageObject\",\"inLanguage\":\"fr-FR\",\"@id\":\"https:\\\/\\\/hobby4geek.com\\\/#\\\/schema\\\/logo\\\/image\\\/\",\"url\":\"https:\\\/\\\/hobby4geek.com\\\/wp-content\\\/uploads\\\/2023\\\/02\\\/default-kit.png\",\"contentUrl\":\"https:\\\/\\\/hobby4geek.com\\\/wp-content\\\/uploads\\\/2023\\\/02\\\/default-kit.png\",\"width\":600,\"height\":600,\"caption\":\"Hobby4Geek\"},\"image\":{\"@id\":\"https:\\\/\\\/hobby4geek.com\\\/#\\\/schema\\\/logo\\\/image\\\/\"},\"sameAs\":[\"https:\\\/\\\/www.facebook.com\\\/hobby4geek\",\"https:\\\/\\\/x.com\\\/hobby4geek\",\"https:\\\/\\\/www.instagram.com\\\/hobby4geek\\\/\"]}]}<\/script>\n<meta property=\"product:brand\" content=\"Hasbro\" \/>\n<meta property=\"product:price:amount\" content=\"27.80\" \/>\n<meta property=\"product:price:currency\" content=\"EUR\" \/>\n<meta property=\"og:availability\" content=\"out of stock\" \/>\n<meta property=\"product:availability\" content=\"out of stock\" \/>\n<meta property=\"product:retailer_item_id\" content=\"5010996165756\" \/>\n<meta property=\"product:condition\" content=\"new\" \/>\n<!-- \/ Yoast SEO Premium plugin. -->","yoast_head_json":{"title":"Transformers : Rise of the Beasts - Studio Series 104 - Oiseau de nuit","robots":{"index":"index","follow":"follow","max-snippet":"max-snippet:-1","max-image-preview":"max-image-preview:large","max-video-preview":"max-video-preview:-1"},"canonical":"https:\/\/hobby4geek.com\/fr\/produit\/transformers-rise-of-the-beasts-studio-series-104-deluxe-class-nightbird\/","og_locale":"fr_FR","og_type":"article","og_title":"Transformers: Rise of the Beasts - Studio Series 104 - Nightbird","og_description":"11,43 cm  Deluxe Class  Convert robot to Nissan Skyline GTR R33  Transform in 21 steps  Removable backdrop  &nbsp;","og_url":"https:\/\/hobby4geek.com\/fr\/produit\/transformers-rise-of-the-beasts-studio-series-104-deluxe-class-nightbird\/","og_site_name":"Hobby4Geek","article_publisher":"https:\/\/www.facebook.com\/hobby4geek","article_modified_time":"2024-06-24T15:16:12+00:00","og_image":[{"width":2000,"height":2000,"url":"https:\/\/hobby4geek.com\/wp-content\/uploads\/2023\/09\/transformers-rise-of-the-beasts-studio-series-104-nightbird-7.webp","type":"image\/webp"}],"twitter_card":"summary_large_image","twitter_site":"@hobby4geek","schema":{"@context":"https:\/\/schema.org","@graph":[{"@type":"WebPage","@id":"https:\/\/hobby4geek.com\/product\/transformers-rise-of-the-beasts-studio-series-104-deluxe-class-nightbird\/","url":"https:\/\/hobby4geek.com\/product\/transformers-rise-of-the-beasts-studio-series-104-deluxe-class-nightbird\/","name":"Transformers : Rise of the Beasts - Studio Series 104 - Oiseau de nuit","isPartOf":{"@id":"https:\/\/hobby4geek.com\/#website"},"primaryImageOfPage":{"@id":"https:\/\/hobby4geek.com\/product\/transformers-rise-of-the-beasts-studio-series-104-deluxe-class-nightbird\/#primaryimage"},"image":{"@id":"https:\/\/hobby4geek.com\/product\/transformers-rise-of-the-beasts-studio-series-104-deluxe-class-nightbird\/#primaryimage"},"thumbnailUrl":"https:\/\/hobby4geek.com\/wp-content\/uploads\/2023\/09\/transformers-rise-of-the-beasts-studio-series-104-nightbird-7.webp","datePublished":"2024-01-14T16:40:05+00:00","dateModified":"2024-06-24T15:16:12+00:00","breadcrumb":{"@id":"https:\/\/hobby4geek.com\/product\/transformers-rise-of-the-beasts-studio-series-104-deluxe-class-nightbird\/#breadcrumb"},"inLanguage":"fr-FR","potentialAction":[{"@type":"ReadAction","target":["https:\/\/hobby4geek.com\/product\/transformers-rise-of-the-beasts-studio-series-104-deluxe-class-nightbird\/"]}]},{"@type":"ImageObject","inLanguage":"fr-FR","@id":"https:\/\/hobby4geek.com\/product\/transformers-rise-of-the-beasts-studio-series-104-deluxe-class-nightbird\/#primaryimage","url":"https:\/\/hobby4geek.com\/wp-content\/uploads\/2023\/09\/transformers-rise-of-the-beasts-studio-series-104-nightbird-7.webp","contentUrl":"https:\/\/hobby4geek.com\/wp-content\/uploads\/2023\/09\/transformers-rise-of-the-beasts-studio-series-104-nightbird-7.webp","width":2000,"height":2000},{"@type":"BreadcrumbList","@id":"https:\/\/hobby4geek.com\/product\/transformers-rise-of-the-beasts-studio-series-104-deluxe-class-nightbird\/#breadcrumb","itemListElement":[{"@type":"ListItem","position":1,"name":"Home","item":"https:\/\/hobby4geek.com\/"},{"@type":"ListItem","position":2,"name":"Shop","item":"https:\/\/hobby4geek.com\/shop\/"},{"@type":"ListItem","position":3,"name":"Transformers: Rise of the Beasts &#8211; Studio Series 104 &#8211; Nightbird"}]},{"@type":"WebSite","@id":"https:\/\/hobby4geek.com\/#website","url":"https:\/\/hobby4geek.com\/","name":"Hobby4Geek","description":"Collectionnez, jouez et exposez, embrassez votre geekitude","publisher":{"@id":"https:\/\/hobby4geek.com\/#organization"},"potentialAction":[{"@type":"SearchAction","target":{"@type":"EntryPoint","urlTemplate":"https:\/\/hobby4geek.com\/?s={search_term_string}"},"query-input":{"@type":"PropertyValueSpecification","valueRequired":true,"valueName":"search_term_string"}}],"inLanguage":"fr-FR"},{"@type":"Organization","@id":"https:\/\/hobby4geek.com\/#organization","name":"Hobby4Geek","url":"https:\/\/hobby4geek.com\/","logo":{"@type":"ImageObject","inLanguage":"fr-FR","@id":"https:\/\/hobby4geek.com\/#\/schema\/logo\/image\/","url":"https:\/\/hobby4geek.com\/wp-content\/uploads\/2023\/02\/default-kit.png","contentUrl":"https:\/\/hobby4geek.com\/wp-content\/uploads\/2023\/02\/default-kit.png","width":600,"height":600,"caption":"Hobby4Geek"},"image":{"@id":"https:\/\/hobby4geek.com\/#\/schema\/logo\/image\/"},"sameAs":["https:\/\/www.facebook.com\/hobby4geek","https:\/\/x.com\/hobby4geek","https:\/\/www.instagram.com\/hobby4geek\/"]}]},"product_brand":"Hasbro","product_price_amount":"27.80","product_price_currency":"EUR","og_availability":"out of stock","product_availability":"out of stock","product_retailer_item_id":"5010996165756","product_condition":"new"},"_links":{"self":[{"href":"https:\/\/hobby4geek.com\/fr\/wp-json\/wp\/v2\/product\/189533","targetHints":{"allow":["GET"]}}],"collection":[{"href":"https:\/\/hobby4geek.com\/fr\/wp-json\/wp\/v2\/product"}],"about":[{"href":"https:\/\/hobby4geek.com\/fr\/wp-json\/wp\/v2\/types\/product"}],"replies":[{"embeddable":true,"href":"https:\/\/hobby4geek.com\/fr\/wp-json\/wp\/v2\/comments?post=189533"}],"version-history":[{"count":0,"href":"https:\/\/hobby4geek.com\/fr\/wp-json\/wp\/v2\/product\/189533\/revisions"}],"wp:featuredmedia":[{"embeddable":true,"href":"https:\/\/hobby4geek.com\/fr\/wp-json\/wp\/v2\/media\/189540"}],"wp:attachment":[{"href":"https:\/\/hobby4geek.com\/fr\/wp-json\/wp\/v2\/media?parent=189533"}],"wp:term":[{"taxonomy":"product_brand","embeddable":true,"href":"https:\/\/hobby4geek.com\/fr\/wp-json\/wp\/v2\/product_brand?post=189533"},{"taxonomy":"product_cat","embeddable":true,"href":"https:\/\/hobby4geek.com\/fr\/wp-json\/wp\/v2\/product_cat?post=189533"},{"taxonomy":"product_tag","embeddable":true,"href":"https:\/\/hobby4geek.com\/fr\/wp-json\/wp\/v2\/product_tag?post=189533"},{"taxonomy":"giftcard-category","embeddable":true,"href":"https:\/\/hobby4geek.com\/fr\/wp-json\/wp\/v2\/giftcard-category?post=189533"}],"curies":[{"name":"wp","href":"https:\/\/api.w.org\/{rel}","templated":true}]}}