{"id":189346,"date":"2023-11-24T09:30:47","date_gmt":"2023-11-24T07:30:47","guid":{"rendered":"https:\/\/hobby4geek.com\/?post_type=product&#038;p=189346"},"modified":"2024-09-23T14:51:08","modified_gmt":"2024-09-23T13:51:08","slug":"threezero-transformers-rise-of-the-beasts-dlx-optimus-prime","status":"publish","type":"product","link":"https:\/\/hobby4geek.com\/fr\/produit\/threezero-transformers-rise-of-the-beasts-dlx-optimus-prime\/","title":{"rendered":"ThreeZero - Transformers : Le r\u00e9veil des b\u00eates DLX Optimus Prime"},"content":{"rendered":"<p>\"Transformers : Rise of the Beasts\" nous pr\u00e9sente le septi\u00e8me chapitre de la saga cin\u00e9matographique Transformers, qui se d\u00e9roule dans les ann\u00e9es 90 et dans lequel le chef des Autobots, Optimus Prime, s'unit \u00e0 de nouveaux alli\u00e9s pour affronter leur plus grand ennemi \u00e0 ce jour. \"Transformers : Rise of the Beasts\" DLX Optimus Prime poursuit la fabrication de haute qualit\u00e9 de la s\u00e9rie DLX, en introduisant de nouveaux \u00e9l\u00e9ments et d\u00e9tails, reproduisant fid\u00e8lement son design et son arsenal mis \u00e0 jour dans le film.<\/p>\n<p>L'Optimus Prime DLX de \"Transformers : Rise of the Beasts\" DLX Optimus Prime mesure approximativement 11,2 pouces, avec 53 points d'articulation, et contient un squelette en alliage complexe qui offre une sensation tactile de haute qualit\u00e9 avec de nombreux points d'articulation. Les articulations sont soigneusement con\u00e7ues avec des d\u00e9tails qui s'imbriquent les uns dans les autres pour une apparence presque sans faille.<\/p>\n<p>\"Transformers : Rise of the Beasts\" DLX Optimus Prime pr\u00e9sente un niveau de d\u00e9tail impressionnant. Ses yeux sont dot\u00e9s d'effets lumineux LED qui donnent vie \u00e0 la figurine. DLX Optimus Prime est \u00e9quip\u00e9 de blasters ioniques \u00e0 deux bras, de deux \u00e9p\u00e9es Energon et d'une hache Energon. Il y a trois jeux de mains interchangeables (poings, mains d\u00e9tendues et mains d'action), et lorsqu'il est associ\u00e9 au support d'action DLX, il est capable d'une grande vari\u00e9t\u00e9 de poses embl\u00e9matiques.<\/p>\n<p>Cet ensemble de figurines comprend \u00e9galement une main tenant la hache pour Transformers : Rise of the Beasts DLX Bumblebee afin de recr\u00e9er la sc\u00e8ne m\u00e9morable du film o\u00f9 Bumblebee brandit la hache d'Optimus Prime.<\/p>\n<p>TRANSFORMERS et tous les personnages associ\u00e9s sont des marques d\u00e9pos\u00e9es de Hasbro et sont utilis\u00e9s avec autorisation. 2023 Hasbro. Tous droits r\u00e9serv\u00e9s. \u00a9 2023 Paramount Pictures Corporation. Tous droits r\u00e9serv\u00e9s. Sous licence Hasbro.<\/p>\n<p><strong>CARACT\u00c9RISTIQUES<\/strong><\/p>\n<ul>\n<li>Officiellement sous licence Hasbro et TakaraTomy<\/li>\n<li>Hauteur approximative de 11,2 pouces (~28,5 cm)<\/li>\n<li>Environ 53 points d'articulation<\/li>\n<li>Application de peinture d\u00e9taill\u00e9e et alt\u00e9r\u00e9e<\/li>\n<li>Cadre en m\u00e9tal moul\u00e9 sous pression avec une gamme avanc\u00e9e d'articulations<\/li>\n<li>Yeux illumin\u00e9s par LED et blasters ioniques \u00e0 deux bras<\/li>\n<li><\/li>\n<\/ul>\n<p><strong>ACCESSOIRES<\/strong><\/p>\n<ul>\n<li>Un (1) masque de combat interchangeable<\/li>\n<li>Deux (2) pi\u00e8ces de blasters ioniques de bras<\/li>\n<li>Un (1) exemplaire de la hache Energon<\/li>\n<li>Deux (2) pi\u00e8ces de l'\u00e9p\u00e9e Energon<\/li>\n<li>Cinq (5) jeux de mains interchangeables : une (1) paire de poings, une (1) paire de mains d\u00e9tendues, une (1) paire de mains \u00e9cart\u00e9es, une (1) paire de mains porteuses d'armes et une (1) main de commandement pour la main gauche.<\/li>\n<li>Un (1) pc Hache Energon tenant la main droite pour Transformers : Le r\u00e9veil des b\u00eates DLX Bumblebee<\/li>\n<li>Un (1) support d'action DLX<\/li>\n<\/ul>\n<p><strong>CARACT\u00c9RISTIQUES DES LED*<\/strong><\/p>\n<ul>\n<li>Yeux<\/li>\n<li>Blaster ionique<\/li>\n<\/ul>\n<p><strong>Remarques<br \/>\n<\/strong>* N\u00e9cessite des piles AG13 x 6 (piles non incluses)<\/p>\n<p><strong>Mat\u00e9riaux<br \/>\n<\/strong>Alliage de zinc moul\u00e9 sous pression, PVC, ABS, POM<\/p>","protected":false},"excerpt":{"rendered":"<p><strong>CARACT\u00c9RISTIQUES<\/strong><\/p>\n<ul>\n<li>Officiellement sous licence Hasbro et TakaraTomy<\/li>\n<li>Hauteur approximative de 11,2 pouces (~28,5 cm)<\/li>\n<li>Environ 53 points d'articulation<\/li>\n<li>Application de peinture d\u00e9taill\u00e9e et alt\u00e9r\u00e9e<\/li>\n<li>Cadre en m\u00e9tal moul\u00e9 sous pression avec une gamme avanc\u00e9e d'articulations<\/li>\n<li>Yeux illumin\u00e9s par LED et blasters ioniques \u00e0 deux bras<\/li>\n<li><\/li>\n<\/ul>\n<p><strong>ACCESSOIRES<\/strong><\/p>\n<ul>\n<li>Un (1) masque de combat interchangeable<\/li>\n<li>Deux (2) pi\u00e8ces de blasters ioniques de bras<\/li>\n<li>Un (1) exemplaire de la hache Energon<\/li>\n<li>Deux (2) pi\u00e8ces de l'\u00e9p\u00e9e Energon<\/li>\n<li>Cinq (5) jeux de mains interchangeables : une (1) paire de poings, une (1) paire de mains d\u00e9tendues, une (1) paire de mains \u00e9cart\u00e9es, une (1) paire de mains porteuses d'armes et une (1) main de commandement pour la main gauche.<\/li>\n<li>Un (1) pc Hache Energon tenant la main droite pour Transformers : Le r\u00e9veil des b\u00eates DLX Bumblebee<\/li>\n<li>Un (1) support d'action DLX<\/li>\n<\/ul>\n<p><strong>CARACT\u00c9RISTIQUES DES LED*<\/strong><\/p>\n<ul>\n<li>Yeux<\/li>\n<li>Blaster ionique<\/li>\n<\/ul>\n<p><strong>Remarques<br \/>\n<\/strong>* N\u00e9cessite des piles AG13 x 6 (piles non incluses)<\/p>\n<p><strong>Mat\u00e9riaux<br \/>\n<\/strong>Alliage de zinc moul\u00e9 sous pression, PVC, ABS, POM<\/p>","protected":false},"featured_media":189347,"comment_status":"open","ping_status":"closed","template":"","meta":{"inline_featured_image":false},"product_brand":[],"product_cat":[1955,68,90],"product_tag":[332,1976,221,2228,333,334,335,1936,234,265,1956,337,770,204,2453,235,2227],"giftcard-category":[],"class_list":{"0":"post-189346","1":"product","2":"type-product","3":"status-publish","4":"has-post-thumbnail","6":"product_cat-transformers","7":"product_cat-hasbro","8":"product_cat-threezero","9":"product_tag-3a","10":"product_tag-collector-figures","11":"product_tag-decepticon","12":"product_tag-dlx-bumblebee","13":"product_tag-dlx-collectible-series","14":"product_tag-film","15":"product_tag-hasbro","16":"product_tag-models-co","17":"product_tag-optimus-prime","18":"product_tag-pre-orders","19":"product_tag-rise-of-the-beasts","20":"product_tag-threea","21":"product_tag-threezero","22":"product_tag-transformers","23":"product_tag-transformers-x-threezero","24":"product_tag-transformers-bumblebee","25":"product_tag-transformers-rise-of-the-beasts","26":"product_shipping_class-standard","28":"first","29":"outofstock","30":"featured","31":"taxable","32":"shipping-taxable","33":"purchasable","34":"product-type-simple","35":"add-to-wishlist-after_add_to_cart"},"yoast_head":"<!-- This site is optimized with the Yoast SEO Premium plugin v25.3.1 (Yoast SEO v27.2) - https:\/\/yoast.com\/product\/yoast-seo-premium-wordpress\/ -->\n<title>ThreeZero - Transformers: Rise of the Beasts DLX Optimus Prime<\/title>\n<meta name=\"robots\" content=\"index, follow, max-snippet:-1, max-image-preview:large, max-video-preview:-1\" \/>\n<link rel=\"canonical\" href=\"https:\/\/hobby4geek.com\/fr\/produit\/threezero-transformers-rise-of-the-beasts-dlx-optimus-prime\/\" \/>\n<meta property=\"og:locale\" content=\"fr_FR\" \/>\n<meta property=\"og:type\" content=\"article\" \/>\n<meta property=\"og:title\" content=\"ThreeZero - Transformers: Rise of the Beasts DLX Optimus Prime\" \/>\n<meta property=\"og:description\" content=\"FEATURES   Officially Licensed by Hasbro and TakaraTomy  Approximately 11.2 inches (~28.5cm) tall  Approximately 53 points of articulation  Detailed and weathered paint application  Die-cast Metal frame design with advanced range of articulation  LED illuminated eyes and dual arm Ion Blasters    ACCESSORIES   One (1) pc of interchangeable Battle Mask  Two (2) pcs of Arm Ion Blasters  One (1) pc of Energon Axe  Two (2) pcs of Energon Sword  Five (5) sets of interchangeable hands: one (1) pair of Fists, one (1) pair of Relaxed Hands, one (1) pair of Spread Hands, one (1) pair of Weapon Holding Hands and one (1) of Command Hand for left hand  One (1) pc Energon Axe Holding right hand for Transformers: Rise of the Beasts DLX Bumblebee  One (1) DLX action stand  LED FEATURES*   Eyes  Ion Blaster  Remarks * Requires AG13 batteries x 6 (Batteries Not Included)  Materials Die-cast zinc alloy, PVC, ABS, POM\" \/>\n<meta property=\"og:url\" content=\"https:\/\/hobby4geek.com\/fr\/produit\/threezero-transformers-rise-of-the-beasts-dlx-optimus-prime\/\" \/>\n<meta property=\"og:site_name\" content=\"Hobby4Geek\" \/>\n<meta property=\"article:publisher\" content=\"https:\/\/www.facebook.com\/hobby4geek\" \/>\n<meta property=\"article:modified_time\" content=\"2024-09-23T13:51:08+00:00\" \/>\n<meta property=\"og:image\" content=\"https:\/\/hobby4geek.com\/wp-content\/uploads\/2023\/07\/threezero-transformers-rise-of-the-beasts-dlx-optimus-prime.jpg\" \/>\n\t<meta property=\"og:image:width\" content=\"600\" \/>\n\t<meta property=\"og:image:height\" content=\"600\" \/>\n\t<meta property=\"og:image:type\" content=\"image\/jpeg\" \/>\n<meta name=\"twitter:card\" content=\"summary_large_image\" \/>\n<meta name=\"twitter:site\" content=\"@hobby4geek\" \/>\n<script type=\"application\/ld+json\" class=\"yoast-schema-graph\">{\"@context\":\"https:\/\/schema.org\",\"@graph\":[{\"@type\":\"WebPage\",\"@id\":\"https:\/\/hobby4geek.com\/product\/threezero-transformers-rise-of-the-beasts-dlx-optimus-prime\/\",\"url\":\"https:\/\/hobby4geek.com\/product\/threezero-transformers-rise-of-the-beasts-dlx-optimus-prime\/\",\"name\":\"ThreeZero - Transformers: Rise of the Beasts DLX Optimus Prime\",\"isPartOf\":{\"@id\":\"https:\/\/hobby4geek.com\/#website\"},\"primaryImageOfPage\":{\"@id\":\"https:\/\/hobby4geek.com\/product\/threezero-transformers-rise-of-the-beasts-dlx-optimus-prime\/#primaryimage\"},\"image\":{\"@id\":\"https:\/\/hobby4geek.com\/product\/threezero-transformers-rise-of-the-beasts-dlx-optimus-prime\/#primaryimage\"},\"thumbnailUrl\":\"https:\/\/hobby4geek.com\/wp-content\/uploads\/2023\/07\/threezero-transformers-rise-of-the-beasts-dlx-optimus-prime.jpg\",\"datePublished\":\"2023-11-24T07:30:47+00:00\",\"dateModified\":\"2024-09-23T13:51:08+00:00\",\"breadcrumb\":{\"@id\":\"https:\/\/hobby4geek.com\/product\/threezero-transformers-rise-of-the-beasts-dlx-optimus-prime\/#breadcrumb\"},\"inLanguage\":\"fr-FR\",\"potentialAction\":[{\"@type\":\"ReadAction\",\"target\":[\"https:\/\/hobby4geek.com\/product\/threezero-transformers-rise-of-the-beasts-dlx-optimus-prime\/\"]}]},{\"@type\":\"ImageObject\",\"inLanguage\":\"fr-FR\",\"@id\":\"https:\/\/hobby4geek.com\/product\/threezero-transformers-rise-of-the-beasts-dlx-optimus-prime\/#primaryimage\",\"url\":\"https:\/\/hobby4geek.com\/wp-content\/uploads\/2023\/07\/threezero-transformers-rise-of-the-beasts-dlx-optimus-prime.jpg\",\"contentUrl\":\"https:\/\/hobby4geek.com\/wp-content\/uploads\/2023\/07\/threezero-transformers-rise-of-the-beasts-dlx-optimus-prime.jpg\",\"width\":600,\"height\":600},{\"@type\":\"BreadcrumbList\",\"@id\":\"https:\/\/hobby4geek.com\/product\/threezero-transformers-rise-of-the-beasts-dlx-optimus-prime\/#breadcrumb\",\"itemListElement\":[{\"@type\":\"ListItem\",\"position\":1,\"name\":\"Home\",\"item\":\"https:\/\/hobby4geek.com\/\"},{\"@type\":\"ListItem\",\"position\":2,\"name\":\"Shop\",\"item\":\"https:\/\/hobby4geek.com\/shop\/\"},{\"@type\":\"ListItem\",\"position\":3,\"name\":\"ThreeZero &#8211; Transformers: Rise of the Beasts DLX Optimus Prime\"}]},{\"@type\":\"WebSite\",\"@id\":\"https:\/\/hobby4geek.com\/#website\",\"url\":\"https:\/\/hobby4geek.com\/\",\"name\":\"Hobby4Geek\",\"description\":\"Collect, Play &amp; Showcase, Embrace your Geekiness\",\"publisher\":{\"@id\":\"https:\/\/hobby4geek.com\/#organization\"},\"potentialAction\":[{\"@type\":\"SearchAction\",\"target\":{\"@type\":\"EntryPoint\",\"urlTemplate\":\"https:\/\/hobby4geek.com\/?s={search_term_string}\"},\"query-input\":{\"@type\":\"PropertyValueSpecification\",\"valueRequired\":true,\"valueName\":\"search_term_string\"}}],\"inLanguage\":\"fr-FR\"},{\"@type\":\"Organization\",\"@id\":\"https:\/\/hobby4geek.com\/#organization\",\"name\":\"Hobby4Geek\",\"url\":\"https:\/\/hobby4geek.com\/\",\"logo\":{\"@type\":\"ImageObject\",\"inLanguage\":\"fr-FR\",\"@id\":\"https:\/\/hobby4geek.com\/#\/schema\/logo\/image\/\",\"url\":\"https:\/\/hobby4geek.com\/wp-content\/uploads\/2023\/02\/default-kit.png\",\"contentUrl\":\"https:\/\/hobby4geek.com\/wp-content\/uploads\/2023\/02\/default-kit.png\",\"width\":600,\"height\":600,\"caption\":\"Hobby4Geek\"},\"image\":{\"@id\":\"https:\/\/hobby4geek.com\/#\/schema\/logo\/image\/\"},\"sameAs\":[\"https:\/\/www.facebook.com\/hobby4geek\",\"https:\/\/x.com\/hobby4geek\",\"https:\/\/www.instagram.com\/hobby4geek\/\"]}]}<\/script>\n<meta property=\"product:brand\" content=\"Transformers\" \/>\n<meta property=\"product:price:amount\" content=\"276.98\" \/>\n<meta property=\"product:price:currency\" content=\"EUR\" \/>\n<meta property=\"og:availability\" content=\"out of stock\" \/>\n<meta property=\"product:availability\" content=\"out of stock\" \/>\n<meta property=\"product:retailer_item_id\" content=\"4895250807334\" \/>\n<meta property=\"product:condition\" content=\"new\" \/>\n<!-- \/ Yoast SEO Premium plugin. -->","yoast_head_json":{"title":"ThreeZero - Transformers : Le r\u00e9veil des b\u00eates DLX Optimus Prime","robots":{"index":"index","follow":"follow","max-snippet":"max-snippet:-1","max-image-preview":"max-image-preview:large","max-video-preview":"max-video-preview:-1"},"canonical":"https:\/\/hobby4geek.com\/fr\/produit\/threezero-transformers-rise-of-the-beasts-dlx-optimus-prime\/","og_locale":"fr_FR","og_type":"article","og_title":"ThreeZero - Transformers: Rise of the Beasts DLX Optimus Prime","og_description":"FEATURES   Officially Licensed by Hasbro and TakaraTomy  Approximately 11.2 inches (~28.5cm) tall  Approximately 53 points of articulation  Detailed and weathered paint application  Die-cast Metal frame design with advanced range of articulation  LED illuminated eyes and dual arm Ion Blasters    ACCESSORIES   One (1) pc of interchangeable Battle Mask  Two (2) pcs of Arm Ion Blasters  One (1) pc of Energon Axe  Two (2) pcs of Energon Sword  Five (5) sets of interchangeable hands: one (1) pair of Fists, one (1) pair of Relaxed Hands, one (1) pair of Spread Hands, one (1) pair of Weapon Holding Hands and one (1) of Command Hand for left hand  One (1) pc Energon Axe Holding right hand for Transformers: Rise of the Beasts DLX Bumblebee  One (1) DLX action stand  LED FEATURES*   Eyes  Ion Blaster  Remarks * Requires AG13 batteries x 6 (Batteries Not Included)  Materials Die-cast zinc alloy, PVC, ABS, POM","og_url":"https:\/\/hobby4geek.com\/fr\/produit\/threezero-transformers-rise-of-the-beasts-dlx-optimus-prime\/","og_site_name":"Hobby4Geek","article_publisher":"https:\/\/www.facebook.com\/hobby4geek","article_modified_time":"2024-09-23T13:51:08+00:00","og_image":[{"width":600,"height":600,"url":"https:\/\/hobby4geek.com\/wp-content\/uploads\/2023\/07\/threezero-transformers-rise-of-the-beasts-dlx-optimus-prime.jpg","type":"image\/jpeg"}],"twitter_card":"summary_large_image","twitter_site":"@hobby4geek","schema":{"@context":"https:\/\/schema.org","@graph":[{"@type":"WebPage","@id":"https:\/\/hobby4geek.com\/product\/threezero-transformers-rise-of-the-beasts-dlx-optimus-prime\/","url":"https:\/\/hobby4geek.com\/product\/threezero-transformers-rise-of-the-beasts-dlx-optimus-prime\/","name":"ThreeZero - Transformers : Le r\u00e9veil des b\u00eates DLX Optimus Prime","isPartOf":{"@id":"https:\/\/hobby4geek.com\/#website"},"primaryImageOfPage":{"@id":"https:\/\/hobby4geek.com\/product\/threezero-transformers-rise-of-the-beasts-dlx-optimus-prime\/#primaryimage"},"image":{"@id":"https:\/\/hobby4geek.com\/product\/threezero-transformers-rise-of-the-beasts-dlx-optimus-prime\/#primaryimage"},"thumbnailUrl":"https:\/\/hobby4geek.com\/wp-content\/uploads\/2023\/07\/threezero-transformers-rise-of-the-beasts-dlx-optimus-prime.jpg","datePublished":"2023-11-24T07:30:47+00:00","dateModified":"2024-09-23T13:51:08+00:00","breadcrumb":{"@id":"https:\/\/hobby4geek.com\/product\/threezero-transformers-rise-of-the-beasts-dlx-optimus-prime\/#breadcrumb"},"inLanguage":"fr-FR","potentialAction":[{"@type":"ReadAction","target":["https:\/\/hobby4geek.com\/product\/threezero-transformers-rise-of-the-beasts-dlx-optimus-prime\/"]}]},{"@type":"ImageObject","inLanguage":"fr-FR","@id":"https:\/\/hobby4geek.com\/product\/threezero-transformers-rise-of-the-beasts-dlx-optimus-prime\/#primaryimage","url":"https:\/\/hobby4geek.com\/wp-content\/uploads\/2023\/07\/threezero-transformers-rise-of-the-beasts-dlx-optimus-prime.jpg","contentUrl":"https:\/\/hobby4geek.com\/wp-content\/uploads\/2023\/07\/threezero-transformers-rise-of-the-beasts-dlx-optimus-prime.jpg","width":600,"height":600},{"@type":"BreadcrumbList","@id":"https:\/\/hobby4geek.com\/product\/threezero-transformers-rise-of-the-beasts-dlx-optimus-prime\/#breadcrumb","itemListElement":[{"@type":"ListItem","position":1,"name":"Home","item":"https:\/\/hobby4geek.com\/"},{"@type":"ListItem","position":2,"name":"Shop","item":"https:\/\/hobby4geek.com\/shop\/"},{"@type":"ListItem","position":3,"name":"ThreeZero &#8211; Transformers: Rise of the Beasts DLX Optimus Prime"}]},{"@type":"WebSite","@id":"https:\/\/hobby4geek.com\/#website","url":"https:\/\/hobby4geek.com\/","name":"Hobby4Geek","description":"Collectionnez, jouez et exposez, embrassez votre geekitude","publisher":{"@id":"https:\/\/hobby4geek.com\/#organization"},"potentialAction":[{"@type":"SearchAction","target":{"@type":"EntryPoint","urlTemplate":"https:\/\/hobby4geek.com\/?s={search_term_string}"},"query-input":{"@type":"PropertyValueSpecification","valueRequired":true,"valueName":"search_term_string"}}],"inLanguage":"fr-FR"},{"@type":"Organization","@id":"https:\/\/hobby4geek.com\/#organization","name":"Hobby4Geek","url":"https:\/\/hobby4geek.com\/","logo":{"@type":"ImageObject","inLanguage":"fr-FR","@id":"https:\/\/hobby4geek.com\/#\/schema\/logo\/image\/","url":"https:\/\/hobby4geek.com\/wp-content\/uploads\/2023\/02\/default-kit.png","contentUrl":"https:\/\/hobby4geek.com\/wp-content\/uploads\/2023\/02\/default-kit.png","width":600,"height":600,"caption":"Hobby4Geek"},"image":{"@id":"https:\/\/hobby4geek.com\/#\/schema\/logo\/image\/"},"sameAs":["https:\/\/www.facebook.com\/hobby4geek","https:\/\/x.com\/hobby4geek","https:\/\/www.instagram.com\/hobby4geek\/"]}]},"product_brand":"Transformers","product_price_amount":"276.98","product_price_currency":"EUR","og_availability":"out of stock","product_availability":"out of stock","product_retailer_item_id":"4895250807334","product_condition":"new"},"_links":{"self":[{"href":"https:\/\/hobby4geek.com\/fr\/wp-json\/wp\/v2\/product\/189346","targetHints":{"allow":["GET"]}}],"collection":[{"href":"https:\/\/hobby4geek.com\/fr\/wp-json\/wp\/v2\/product"}],"about":[{"href":"https:\/\/hobby4geek.com\/fr\/wp-json\/wp\/v2\/types\/product"}],"replies":[{"embeddable":true,"href":"https:\/\/hobby4geek.com\/fr\/wp-json\/wp\/v2\/comments?post=189346"}],"version-history":[{"count":0,"href":"https:\/\/hobby4geek.com\/fr\/wp-json\/wp\/v2\/product\/189346\/revisions"}],"wp:featuredmedia":[{"embeddable":true,"href":"https:\/\/hobby4geek.com\/fr\/wp-json\/wp\/v2\/media\/189347"}],"wp:attachment":[{"href":"https:\/\/hobby4geek.com\/fr\/wp-json\/wp\/v2\/media?parent=189346"}],"wp:term":[{"taxonomy":"product_brand","embeddable":true,"href":"https:\/\/hobby4geek.com\/fr\/wp-json\/wp\/v2\/product_brand?post=189346"},{"taxonomy":"product_cat","embeddable":true,"href":"https:\/\/hobby4geek.com\/fr\/wp-json\/wp\/v2\/product_cat?post=189346"},{"taxonomy":"product_tag","embeddable":true,"href":"https:\/\/hobby4geek.com\/fr\/wp-json\/wp\/v2\/product_tag?post=189346"},{"taxonomy":"giftcard-category","embeddable":true,"href":"https:\/\/hobby4geek.com\/fr\/wp-json\/wp\/v2\/giftcard-category?post=189346"}],"curies":[{"name":"wp","href":"https:\/\/api.w.org\/{rel}","templated":true}]}}