{"id":189307,"date":"2023-12-03T18:04:17","date_gmt":"2023-12-03T16:04:17","guid":{"rendered":"https:\/\/hobby4geek.com\/?post_type=product&#038;p=189307"},"modified":"2025-01-14T01:45:46","modified_gmt":"2025-01-14T00:45:46","slug":"transformers-masterpiece-movie-series-mpm-14-bonecrusher","status":"publish","type":"product","link":"https:\/\/hobby4geek.com\/fr\/produit\/transformers-masterpiece-movie-series-mpm-14-bonecrusher\/","title":{"rendered":"Transformers : Masterpiece Movie Series MPM-14 Bonecrusher"},"content":{"rendered":"<p>Mod\u00e9lis\u00e9e d'apr\u00e8s les films Transformers, cette figurine Movie Masterpiece Bonecrusher comporte des d\u00e9tails et des accessoires inspir\u00e9s du film, id\u00e9aux pour \u00eatre expos\u00e9s sur les \u00e9tag\u00e8res des collectionneurs. Cette authentique figurine de collection Transformers a \u00e9t\u00e9 inspir\u00e9e par les fichiers CAO du premier film Transformers en prises de vues r\u00e9elles et comprend des pi\u00e8ces moul\u00e9es sous pression, plus de 180 op\u00e9rations de d\u00e9co et plus de 50 points d'articulation.<\/p>\n<p>Cette figurine Bonecrusher pr\u00e9sente des caract\u00e9ristiques et des d\u00e9tails inspir\u00e9s de l'apparence du personnage dans le premier film en prise de vue r\u00e9elle Transformers et comprend un autre visage, d'autres griffes et 6 effets d'explosion. La figurine Bonecrusher se transforme en 84 \u00e9tapes entre le mode robot et le mode v\u00e9hicule prot\u00e9g\u00e9 contre les mines, comme dans le film, et comprend des bras, des jambes, une taille, une t\u00eate et une fourche \u00e0 mine articul\u00e9s. D'autres figurines Movie Masterpiece sont attendues pour r\u00e9imaginer des sc\u00e8nes embl\u00e9matiques des films Transformers. (Chaque figurine est vendue s\u00e9par\u00e9ment, sous r\u00e9serve de disponibilit\u00e9).<\/p>\n<p>Transformers et tous les personnages associ\u00e9s sont des marques d\u00e9pos\u00e9es de Hasbro.<br \/>\nHasbro et tous les termes associ\u00e9s sont des marques d\u00e9pos\u00e9es de Hasbro.<br \/>\nFabriqu\u00e9 sous licence avec General Dynamics Land Systems - Force Protection, Inc. Tous droits r\u00e9serv\u00e9s.<\/p>\n<p>Comprend une figurine, 8 accessoires et des instructions.<br \/>\n\u00c9chelle de la figure : 10 pouces \/ 26,5 cm<\/p>\n<div class=\"styles__StyledCol-sc-fw90uk-0 hOcoMD h-padding-t-x2 h-padding-r-tight\">\n<ul>\n<li class=\"styles__Bullet-sc-6aebpn-0 bTWoMB\">S\u00e9rie MOVIE MASTERPIECE BONECRUSHER : les figurines Movie Masterpiece sont d'authentiques figurines Transformers mod\u00e9lis\u00e9es par les films live Transformers, avec des d\u00e9tails et des accessoires inspir\u00e9s de l'\u00e9cran.<\/li>\n<\/ul>\n<\/div>\n<div class=\"styles__StyledCol-sc-fw90uk-0 hOcoMD h-padding-t-x2 h-padding-r-tight\">\n<ul>\n<li class=\"styles__Bullet-sc-6aebpn-0 bTWoMB\">CONCEPTION PREMIUM : Avec des pi\u00e8ces moul\u00e9es sous pression, plus de 180 op\u00e9rations de d\u00e9co et plus de 50 points d'articulation, cette figurine Bonecrusher a \u00e9t\u00e9 inspir\u00e9e par les fichiers CAO du premier film Transformers en prise de vue r\u00e9elle.<\/li>\n<\/ul>\n<\/div>\n<div class=\"styles__StyledCol-sc-fw90uk-0 hOcoMD h-padding-t-x2 h-padding-r-tight\">\n<ul>\n<li class=\"styles__Bullet-sc-6aebpn-0 bTWoMB\">CONVERSION SUR \u00c9CRAN : Convertissez la figurine Bonecrusher en mode v\u00e9hicule prot\u00e9g\u00e9 contre les mines, comme dans le premier film Transformers, en 84 \u00e9tapes.<\/li>\n<\/ul>\n<\/div>\n<div class=\"styles__StyledCol-sc-fw90uk-0 hOcoMD h-padding-t-x2 h-padding-r-tight\">\n<ul>\n<li class=\"styles__Bullet-sc-6aebpn-0 bTWoMB\">CARACT\u00c9RISTIQUES ET ACCESSOIRES D\u00c9TAILL\u00c9S : La figurine Bonecrusher comprend des bras, des jambes, une taille, une t\u00eate et une fourche de mine articul\u00e9s. Comprend un autre visage, d'autres griffes et 6 effets d'explosion.<\/li>\n<\/ul>\n<\/div>\n<div class=\"styles__StyledCol-sc-fw90uk-0 hOcoMD h-padding-t-x2 h-padding-r-tight\">\n<ul>\n<li class=\"styles__Bullet-sc-6aebpn-0 bTWoMB\">POSEZ AVEC D'AUTRES FIGURINES DE CHEF-D'\u0152UVRE DU CIN\u00c9MA : R\u00e9imaginez les moments embl\u00e9matiques des films Transformers avec d'autres figurines de collection Movie Masterpiece Transformers (chacune vendue s\u00e9par\u00e9ment, sous r\u00e9serve de disponibilit\u00e9).<\/li>\n<\/ul>\n<\/div>","protected":false},"excerpt":{"rendered":"<ul>\n<li>Taille de la figurine : 10 pouces \/ 26,5 cm<\/li>\n<li>Inclut un visage alternatif<\/li>\n<li>Griffes altern\u00e9es<\/li>\n<li>6 effets de souffle<\/li>\n<li>La transformation en 84 \u00e9tapes<\/li>\n<li>Instructions<\/li>\n<\/ul>","protected":false},"featured_media":189310,"comment_status":"open","ping_status":"closed","template":"","meta":{"inline_featured_image":false},"product_brand":[],"product_cat":[68,69,1955],"product_tag":[200,1759,458,221,202,2276,203,1975,204,1961],"giftcard-category":[],"class_list":{"0":"post-189307","1":"product","2":"type-product","3":"status-publish","4":"has-post-thumbnail","6":"product_cat-hasbro","7":"product_cat-takara-tomy","8":"product_cat-transformers","9":"product_tag-action-figures","10":"product_tag-action-toys","11":"product_tag-bonecrusher","12":"product_tag-decepticon","13":"product_tag-masterpiece-movie-series","14":"product_tag-mpm-14","15":"product_tag-takara-tomy","16":"product_tag-toys-figures","17":"product_tag-transformers","18":"product_tag-transformers-authentic","19":"product_shipping_class-standard","20":"inventories-china-inventory","22":"first","23":"instock","24":"taxable","25":"shipping-taxable","26":"purchasable","27":"product-type-simple","28":"add-to-wishlist-after_add_to_cart"},"yoast_head":"<!-- This site is optimized with the Yoast SEO Premium plugin v25.3.1 (Yoast SEO v27.4) - https:\/\/yoast.com\/product\/yoast-seo-premium-wordpress\/ -->\n<title>Transformers: Masterpiece Movie Series MPM-14 Bonecrusher<\/title>\n<meta name=\"robots\" content=\"index, follow, max-snippet:-1, max-image-preview:large, max-video-preview:-1\" \/>\n<link rel=\"canonical\" href=\"https:\/\/hobby4geek.com\/fr\/produit\/transformers-masterpiece-movie-series-mpm-14-bonecrusher\/\" \/>\n<meta property=\"og:locale\" content=\"fr_FR\" \/>\n<meta property=\"og:type\" content=\"article\" \/>\n<meta property=\"og:title\" content=\"Transformers: Masterpiece Movie Series MPM-14 Bonecrusher\" \/>\n<meta property=\"og:description\" content=\"Figure size: 10 inches \/ 26.5 cm  Includes an alternate face  Alternate claws  6 blast effects  Transformation in 84 steps  Instructions\" \/>\n<meta property=\"og:url\" content=\"https:\/\/hobby4geek.com\/fr\/produit\/transformers-masterpiece-movie-series-mpm-14-bonecrusher\/\" \/>\n<meta property=\"og:site_name\" content=\"Hobby4Geek\" \/>\n<meta property=\"article:publisher\" content=\"https:\/\/www.facebook.com\/hobby4geek\" \/>\n<meta property=\"article:modified_time\" content=\"2025-01-14T00:45:46+00:00\" \/>\n<meta property=\"og:image\" content=\"https:\/\/hobby4geek.com\/wp-content\/uploads\/2023\/07\/transformers-masterpiece-movie-series-mpm-14-bonecrusher-3.webp\" \/>\n\t<meta property=\"og:image:width\" content=\"2000\" \/>\n\t<meta property=\"og:image:height\" content=\"2000\" \/>\n\t<meta property=\"og:image:type\" content=\"image\/webp\" \/>\n<meta name=\"twitter:card\" content=\"summary_large_image\" \/>\n<meta name=\"twitter:site\" content=\"@hobby4geek\" \/>\n<script type=\"application\/ld+json\" class=\"yoast-schema-graph\">{\"@context\":\"https:\\\/\\\/schema.org\",\"@graph\":[{\"@type\":\"WebPage\",\"@id\":\"https:\\\/\\\/hobby4geek.com\\\/product\\\/transformers-masterpiece-movie-series-mpm-14-bonecrusher\\\/\",\"url\":\"https:\\\/\\\/hobby4geek.com\\\/product\\\/transformers-masterpiece-movie-series-mpm-14-bonecrusher\\\/\",\"name\":\"Transformers: Masterpiece Movie Series MPM-14 Bonecrusher\",\"isPartOf\":{\"@id\":\"https:\\\/\\\/hobby4geek.com\\\/#website\"},\"primaryImageOfPage\":{\"@id\":\"https:\\\/\\\/hobby4geek.com\\\/product\\\/transformers-masterpiece-movie-series-mpm-14-bonecrusher\\\/#primaryimage\"},\"image\":{\"@id\":\"https:\\\/\\\/hobby4geek.com\\\/product\\\/transformers-masterpiece-movie-series-mpm-14-bonecrusher\\\/#primaryimage\"},\"thumbnailUrl\":\"https:\\\/\\\/hobby4geek.com\\\/wp-content\\\/uploads\\\/2023\\\/07\\\/transformers-masterpiece-movie-series-mpm-14-bonecrusher-3.webp\",\"datePublished\":\"2023-12-03T16:04:17+00:00\",\"dateModified\":\"2025-01-14T00:45:46+00:00\",\"breadcrumb\":{\"@id\":\"https:\\\/\\\/hobby4geek.com\\\/product\\\/transformers-masterpiece-movie-series-mpm-14-bonecrusher\\\/#breadcrumb\"},\"inLanguage\":\"fr-FR\",\"potentialAction\":[{\"@type\":\"ReadAction\",\"target\":[\"https:\\\/\\\/hobby4geek.com\\\/product\\\/transformers-masterpiece-movie-series-mpm-14-bonecrusher\\\/\"]}]},{\"@type\":\"ImageObject\",\"inLanguage\":\"fr-FR\",\"@id\":\"https:\\\/\\\/hobby4geek.com\\\/product\\\/transformers-masterpiece-movie-series-mpm-14-bonecrusher\\\/#primaryimage\",\"url\":\"https:\\\/\\\/hobby4geek.com\\\/wp-content\\\/uploads\\\/2023\\\/07\\\/transformers-masterpiece-movie-series-mpm-14-bonecrusher-3.webp\",\"contentUrl\":\"https:\\\/\\\/hobby4geek.com\\\/wp-content\\\/uploads\\\/2023\\\/07\\\/transformers-masterpiece-movie-series-mpm-14-bonecrusher-3.webp\",\"width\":2000,\"height\":2000},{\"@type\":\"BreadcrumbList\",\"@id\":\"https:\\\/\\\/hobby4geek.com\\\/product\\\/transformers-masterpiece-movie-series-mpm-14-bonecrusher\\\/#breadcrumb\",\"itemListElement\":[{\"@type\":\"ListItem\",\"position\":1,\"name\":\"Home\",\"item\":\"https:\\\/\\\/hobby4geek.com\\\/\"},{\"@type\":\"ListItem\",\"position\":2,\"name\":\"Shop\",\"item\":\"https:\\\/\\\/hobby4geek.com\\\/shop\\\/\"},{\"@type\":\"ListItem\",\"position\":3,\"name\":\"Transformers: Masterpiece Movie Series MPM-14 Bonecrusher\"}]},{\"@type\":\"WebSite\",\"@id\":\"https:\\\/\\\/hobby4geek.com\\\/#website\",\"url\":\"https:\\\/\\\/hobby4geek.com\\\/\",\"name\":\"Hobby4Geek\",\"description\":\"Collect, Play &amp; Showcase, Embrace your Geekiness\",\"publisher\":{\"@id\":\"https:\\\/\\\/hobby4geek.com\\\/#organization\"},\"potentialAction\":[{\"@type\":\"SearchAction\",\"target\":{\"@type\":\"EntryPoint\",\"urlTemplate\":\"https:\\\/\\\/hobby4geek.com\\\/?s={search_term_string}\"},\"query-input\":{\"@type\":\"PropertyValueSpecification\",\"valueRequired\":true,\"valueName\":\"search_term_string\"}}],\"inLanguage\":\"fr-FR\"},{\"@type\":\"Organization\",\"@id\":\"https:\\\/\\\/hobby4geek.com\\\/#organization\",\"name\":\"Hobby4Geek\",\"url\":\"https:\\\/\\\/hobby4geek.com\\\/\",\"logo\":{\"@type\":\"ImageObject\",\"inLanguage\":\"fr-FR\",\"@id\":\"https:\\\/\\\/hobby4geek.com\\\/#\\\/schema\\\/logo\\\/image\\\/\",\"url\":\"https:\\\/\\\/hobby4geek.com\\\/wp-content\\\/uploads\\\/2023\\\/02\\\/default-kit.png\",\"contentUrl\":\"https:\\\/\\\/hobby4geek.com\\\/wp-content\\\/uploads\\\/2023\\\/02\\\/default-kit.png\",\"width\":600,\"height\":600,\"caption\":\"Hobby4Geek\"},\"image\":{\"@id\":\"https:\\\/\\\/hobby4geek.com\\\/#\\\/schema\\\/logo\\\/image\\\/\"},\"sameAs\":[\"https:\\\/\\\/www.facebook.com\\\/hobby4geek\",\"https:\\\/\\\/x.com\\\/hobby4geek\",\"https:\\\/\\\/www.instagram.com\\\/hobby4geek\\\/\"]}]}<\/script>\n<meta property=\"product:brand\" content=\"Hasbro\" \/>\n<meta property=\"product:price:amount\" content=\"226.80\" \/>\n<meta property=\"product:price:currency\" content=\"EUR\" \/>\n<meta property=\"og:availability\" content=\"instock\" \/>\n<meta property=\"product:availability\" content=\"instock\" \/>\n<meta property=\"product:retailer_item_id\" content=\"5010996165541\" \/>\n<meta property=\"product:condition\" content=\"new\" \/>\n<!-- \/ Yoast SEO Premium plugin. -->","yoast_head_json":{"title":"Transformers : Masterpiece Movie Series MPM-14 Bonecrusher","robots":{"index":"index","follow":"follow","max-snippet":"max-snippet:-1","max-image-preview":"max-image-preview:large","max-video-preview":"max-video-preview:-1"},"canonical":"https:\/\/hobby4geek.com\/fr\/produit\/transformers-masterpiece-movie-series-mpm-14-bonecrusher\/","og_locale":"fr_FR","og_type":"article","og_title":"Transformers: Masterpiece Movie Series MPM-14 Bonecrusher","og_description":"Figure size: 10 inches \/ 26.5 cm  Includes an alternate face  Alternate claws  6 blast effects  Transformation in 84 steps  Instructions","og_url":"https:\/\/hobby4geek.com\/fr\/produit\/transformers-masterpiece-movie-series-mpm-14-bonecrusher\/","og_site_name":"Hobby4Geek","article_publisher":"https:\/\/www.facebook.com\/hobby4geek","article_modified_time":"2025-01-14T00:45:46+00:00","og_image":[{"width":2000,"height":2000,"url":"https:\/\/hobby4geek.com\/wp-content\/uploads\/2023\/07\/transformers-masterpiece-movie-series-mpm-14-bonecrusher-3.webp","type":"image\/webp"}],"twitter_card":"summary_large_image","twitter_site":"@hobby4geek","schema":{"@context":"https:\/\/schema.org","@graph":[{"@type":"WebPage","@id":"https:\/\/hobby4geek.com\/product\/transformers-masterpiece-movie-series-mpm-14-bonecrusher\/","url":"https:\/\/hobby4geek.com\/product\/transformers-masterpiece-movie-series-mpm-14-bonecrusher\/","name":"Transformers : Masterpiece Movie Series MPM-14 Bonecrusher","isPartOf":{"@id":"https:\/\/hobby4geek.com\/#website"},"primaryImageOfPage":{"@id":"https:\/\/hobby4geek.com\/product\/transformers-masterpiece-movie-series-mpm-14-bonecrusher\/#primaryimage"},"image":{"@id":"https:\/\/hobby4geek.com\/product\/transformers-masterpiece-movie-series-mpm-14-bonecrusher\/#primaryimage"},"thumbnailUrl":"https:\/\/hobby4geek.com\/wp-content\/uploads\/2023\/07\/transformers-masterpiece-movie-series-mpm-14-bonecrusher-3.webp","datePublished":"2023-12-03T16:04:17+00:00","dateModified":"2025-01-14T00:45:46+00:00","breadcrumb":{"@id":"https:\/\/hobby4geek.com\/product\/transformers-masterpiece-movie-series-mpm-14-bonecrusher\/#breadcrumb"},"inLanguage":"fr-FR","potentialAction":[{"@type":"ReadAction","target":["https:\/\/hobby4geek.com\/product\/transformers-masterpiece-movie-series-mpm-14-bonecrusher\/"]}]},{"@type":"ImageObject","inLanguage":"fr-FR","@id":"https:\/\/hobby4geek.com\/product\/transformers-masterpiece-movie-series-mpm-14-bonecrusher\/#primaryimage","url":"https:\/\/hobby4geek.com\/wp-content\/uploads\/2023\/07\/transformers-masterpiece-movie-series-mpm-14-bonecrusher-3.webp","contentUrl":"https:\/\/hobby4geek.com\/wp-content\/uploads\/2023\/07\/transformers-masterpiece-movie-series-mpm-14-bonecrusher-3.webp","width":2000,"height":2000},{"@type":"BreadcrumbList","@id":"https:\/\/hobby4geek.com\/product\/transformers-masterpiece-movie-series-mpm-14-bonecrusher\/#breadcrumb","itemListElement":[{"@type":"ListItem","position":1,"name":"Home","item":"https:\/\/hobby4geek.com\/"},{"@type":"ListItem","position":2,"name":"Shop","item":"https:\/\/hobby4geek.com\/shop\/"},{"@type":"ListItem","position":3,"name":"Transformers: Masterpiece Movie Series MPM-14 Bonecrusher"}]},{"@type":"WebSite","@id":"https:\/\/hobby4geek.com\/#website","url":"https:\/\/hobby4geek.com\/","name":"Hobby4Geek","description":"Collectionnez, jouez et exposez, embrassez votre geekitude","publisher":{"@id":"https:\/\/hobby4geek.com\/#organization"},"potentialAction":[{"@type":"SearchAction","target":{"@type":"EntryPoint","urlTemplate":"https:\/\/hobby4geek.com\/?s={search_term_string}"},"query-input":{"@type":"PropertyValueSpecification","valueRequired":true,"valueName":"search_term_string"}}],"inLanguage":"fr-FR"},{"@type":"Organization","@id":"https:\/\/hobby4geek.com\/#organization","name":"Hobby4Geek","url":"https:\/\/hobby4geek.com\/","logo":{"@type":"ImageObject","inLanguage":"fr-FR","@id":"https:\/\/hobby4geek.com\/#\/schema\/logo\/image\/","url":"https:\/\/hobby4geek.com\/wp-content\/uploads\/2023\/02\/default-kit.png","contentUrl":"https:\/\/hobby4geek.com\/wp-content\/uploads\/2023\/02\/default-kit.png","width":600,"height":600,"caption":"Hobby4Geek"},"image":{"@id":"https:\/\/hobby4geek.com\/#\/schema\/logo\/image\/"},"sameAs":["https:\/\/www.facebook.com\/hobby4geek","https:\/\/x.com\/hobby4geek","https:\/\/www.instagram.com\/hobby4geek\/"]}]},"product_brand":"Hasbro","product_price_amount":"226.80","product_price_currency":"EUR","og_availability":"instock","product_availability":"instock","product_retailer_item_id":"5010996165541","product_condition":"new"},"_links":{"self":[{"href":"https:\/\/hobby4geek.com\/fr\/wp-json\/wp\/v2\/product\/189307","targetHints":{"allow":["GET"]}}],"collection":[{"href":"https:\/\/hobby4geek.com\/fr\/wp-json\/wp\/v2\/product"}],"about":[{"href":"https:\/\/hobby4geek.com\/fr\/wp-json\/wp\/v2\/types\/product"}],"replies":[{"embeddable":true,"href":"https:\/\/hobby4geek.com\/fr\/wp-json\/wp\/v2\/comments?post=189307"}],"version-history":[{"count":0,"href":"https:\/\/hobby4geek.com\/fr\/wp-json\/wp\/v2\/product\/189307\/revisions"}],"wp:featuredmedia":[{"embeddable":true,"href":"https:\/\/hobby4geek.com\/fr\/wp-json\/wp\/v2\/media\/189310"}],"wp:attachment":[{"href":"https:\/\/hobby4geek.com\/fr\/wp-json\/wp\/v2\/media?parent=189307"}],"wp:term":[{"taxonomy":"product_brand","embeddable":true,"href":"https:\/\/hobby4geek.com\/fr\/wp-json\/wp\/v2\/product_brand?post=189307"},{"taxonomy":"product_cat","embeddable":true,"href":"https:\/\/hobby4geek.com\/fr\/wp-json\/wp\/v2\/product_cat?post=189307"},{"taxonomy":"product_tag","embeddable":true,"href":"https:\/\/hobby4geek.com\/fr\/wp-json\/wp\/v2\/product_tag?post=189307"},{"taxonomy":"giftcard-category","embeddable":true,"href":"https:\/\/hobby4geek.com\/fr\/wp-json\/wp\/v2\/giftcard-category?post=189307"}],"curies":[{"name":"wp","href":"https:\/\/api.w.org\/{rel}","templated":true}]}}