{"id":189193,"date":"2023-07-01T11:29:14","date_gmt":"2023-07-01T09:29:14","guid":{"rendered":"https:\/\/hobby4geek.com\/?post_type=product&#038;p=189193"},"modified":"2024-05-12T12:57:35","modified_gmt":"2024-05-12T11:57:35","slug":"fanstoys-ft-55-recorder-ft-55b-steeljaw-ramhorn-eject","status":"publish","type":"product","link":"https:\/\/hobby4geek.com\/fr\/produit\/fanstoys-ft-55-recorder-ft-55b-steeljaw-ramhorn-eject\/","title":{"rendered":"FansToys FT-55 Recorder + FT-55B Steeljaw, Ramhorn &amp; Eject"},"content":{"rendered":"<p>FT-55 Recorder fait passer votre collection au niveau sup\u00e9rieur avec cette figurine transformable 3rd Party \u00e0 l'\u00e9chelle Masterpiece et hautement articul\u00e9e. FT-55 Recorder est \u00e0 l'\u00e9chelle Masterpiece et s'adaptera aux autres figurines Takara Tomy de la s\u00e9rie Transformers Masterpiece, aux figurines 3rd Party \u00e0 l'\u00e9chelle Masterpiece ainsi qu'aux autres figurines Fans Toys d\u00e9j\u00e0 pr\u00e9sentes dans votre collection.<\/p>\n<p>FT-55B Cassettes Set of 3 fait passer votre collection au niveau sup\u00e9rieur avec cette figurine transformable 3rd Party \u00e0 l'\u00e9chelle Masterpiece et hautement articul\u00e9e.  Cette figurine mesure 3,1 pouces en mode robot et se transforme d'une cassette en robot et vice-versa.  FT-55B Cassettes Set of 3 est \u00e0 l'\u00e9chelle Masterpiece et s'adaptera aux autres figurines Takara Tomy de la s\u00e9rie Transformers Masterpiece, aux figurines 3rd Party \u00e0 l'\u00e9chelle Masterpiece ainsi qu'aux autres figurines Fans Toys d\u00e9j\u00e0 pr\u00e9sentes dans votre collection.<\/p>\n<p>Fans Toys cr\u00e9e certaines des figurines 3rd Party les plus populaires, les plus cool et les plus cr\u00e9atives du march\u00e9.  Fans Toys produit des figurines \u00e0 l'\u00e9chelle Masterpiece qui sont pleines de d\u00e9tails et constituent l'objet de collection id\u00e9al pour les collectionneurs s\u00e9rieux.  Chaque figurine 3rd Party de Fans Toys est fabriqu\u00e9e selon les normes les plus strictes. La plupart des figurines contiennent des pi\u00e8ces moul\u00e9es sous pression tr\u00e8s d\u00e9taill\u00e9es et vous les trouverez polyvalentes, articul\u00e9es et durables.<\/p>\n<ul>\n<li>Taille : 23 cm<\/li>\n<li>\u00c9chelle : Masterpiece<\/li>\n<li>Mode Alt : Lecteur de cassettes<\/li>\n<li>Passage du mode robot au mode lecteur de cassette<\/li>\n<li>Armes<\/li>\n<li>Visages interchangeables<\/li>\n<li>3 x Chiffres de la cassette<\/li>\n<li style=\"list-style-type: none;\"><\/li>\n<\/ul>","protected":false},"excerpt":{"rendered":"<ul>\n<li>Taille : 23 cm<\/li>\n<li>\u00c9chelle : Masterpiece<\/li>\n<li>Mode Alt : Lecteur de cassettes<\/li>\n<li>Passage du mode robot au mode lecteur de cassette<\/li>\n<li>Armes<\/li>\n<li>Visages interchangeables<\/li>\n<\/ul>","protected":false},"featured_media":189209,"comment_status":"open","ping_status":"closed","template":"","meta":{"inline_featured_image":false},"product_brand":[],"product_cat":[104],"product_tag":[200,2264,735,1270,2259,2262,230,2263,2260,2261,320,1975],"giftcard-category":[],"class_list":{"0":"post-189193","1":"product","2":"type-product","3":"status-publish","4":"has-post-thumbnail","6":"product_cat-fans-toys","7":"product_tag-action-figures","8":"product_tag-eject","9":"product_tag-fans-toys","10":"product_tag-fanstoys","11":"product_tag-ft-55","12":"product_tag-ft-55b","13":"product_tag-masterpiece","14":"product_tag-ramhorn","15":"product_tag-recorder","16":"product_tag-rewind","17":"product_tag-steeljaw","18":"product_tag-toys-figures","19":"product_shipping_class-free-shipping","21":"first","22":"outofstock","23":"taxable","24":"shipping-taxable","25":"purchasable","26":"product-type-simple","27":"add-to-wishlist-after_add_to_cart"},"yoast_head":"<!-- This site is optimized with the Yoast SEO Premium plugin v25.3.1 (Yoast SEO v27.2) - https:\/\/yoast.com\/product\/yoast-seo-premium-wordpress\/ -->\n<title>FansToys FT-55 Recorder + FT-55B Steeljaw, Ramhorn &amp; Eject<\/title>\n<meta name=\"robots\" content=\"index, follow, max-snippet:-1, max-image-preview:large, max-video-preview:-1\" \/>\n<link rel=\"canonical\" href=\"https:\/\/hobby4geek.com\/fr\/produit\/fanstoys-ft-55-recorder-ft-55b-steeljaw-ramhorn-eject\/\" \/>\n<meta property=\"og:locale\" content=\"fr_FR\" \/>\n<meta property=\"og:type\" content=\"article\" \/>\n<meta property=\"og:title\" content=\"FansToys FT-55 Recorder + FT-55B Steeljaw, Ramhorn &amp; Eject\" \/>\n<meta property=\"og:description\" content=\"Size: 9.1 inches \/ 23 cm  Scale: Masterpiece  Alt Mode: Cassette Player  Changes from robot to cassette player mode  Weapons  Interchangeable Faces\" \/>\n<meta property=\"og:url\" content=\"https:\/\/hobby4geek.com\/fr\/produit\/fanstoys-ft-55-recorder-ft-55b-steeljaw-ramhorn-eject\/\" \/>\n<meta property=\"og:site_name\" content=\"Hobby4Geek\" \/>\n<meta property=\"article:publisher\" content=\"https:\/\/www.facebook.com\/hobby4geek\" \/>\n<meta property=\"article:modified_time\" content=\"2024-05-12T11:57:35+00:00\" \/>\n<meta property=\"og:image\" content=\"https:\/\/hobby4geek.com\/wp-content\/uploads\/2023\/07\/fanstoys-ft-55-recorder-ft-55b-steeljaw-ramhorn-eject.png\" \/>\n\t<meta property=\"og:image:width\" content=\"640\" \/>\n\t<meta property=\"og:image:height\" content=\"828\" \/>\n\t<meta property=\"og:image:type\" content=\"image\/png\" \/>\n<meta name=\"twitter:card\" content=\"summary_large_image\" \/>\n<meta name=\"twitter:site\" content=\"@hobby4geek\" \/>\n<script type=\"application\/ld+json\" class=\"yoast-schema-graph\">{\"@context\":\"https:\/\/schema.org\",\"@graph\":[{\"@type\":\"WebPage\",\"@id\":\"https:\/\/hobby4geek.com\/product\/fanstoys-ft-55-recorder-ft-55b-steeljaw-ramhorn-eject\/\",\"url\":\"https:\/\/hobby4geek.com\/product\/fanstoys-ft-55-recorder-ft-55b-steeljaw-ramhorn-eject\/\",\"name\":\"FansToys FT-55 Recorder + FT-55B Steeljaw, Ramhorn & Eject\",\"isPartOf\":{\"@id\":\"https:\/\/hobby4geek.com\/#website\"},\"primaryImageOfPage\":{\"@id\":\"https:\/\/hobby4geek.com\/product\/fanstoys-ft-55-recorder-ft-55b-steeljaw-ramhorn-eject\/#primaryimage\"},\"image\":{\"@id\":\"https:\/\/hobby4geek.com\/product\/fanstoys-ft-55-recorder-ft-55b-steeljaw-ramhorn-eject\/#primaryimage\"},\"thumbnailUrl\":\"https:\/\/hobby4geek.com\/wp-content\/uploads\/2023\/07\/fanstoys-ft-55-recorder-ft-55b-steeljaw-ramhorn-eject.png\",\"datePublished\":\"2023-07-01T09:29:14+00:00\",\"dateModified\":\"2024-05-12T11:57:35+00:00\",\"breadcrumb\":{\"@id\":\"https:\/\/hobby4geek.com\/product\/fanstoys-ft-55-recorder-ft-55b-steeljaw-ramhorn-eject\/#breadcrumb\"},\"inLanguage\":\"fr-FR\",\"potentialAction\":[{\"@type\":\"ReadAction\",\"target\":[\"https:\/\/hobby4geek.com\/product\/fanstoys-ft-55-recorder-ft-55b-steeljaw-ramhorn-eject\/\"]}]},{\"@type\":\"ImageObject\",\"inLanguage\":\"fr-FR\",\"@id\":\"https:\/\/hobby4geek.com\/product\/fanstoys-ft-55-recorder-ft-55b-steeljaw-ramhorn-eject\/#primaryimage\",\"url\":\"https:\/\/hobby4geek.com\/wp-content\/uploads\/2023\/07\/fanstoys-ft-55-recorder-ft-55b-steeljaw-ramhorn-eject.png\",\"contentUrl\":\"https:\/\/hobby4geek.com\/wp-content\/uploads\/2023\/07\/fanstoys-ft-55-recorder-ft-55b-steeljaw-ramhorn-eject.png\",\"width\":640,\"height\":828},{\"@type\":\"BreadcrumbList\",\"@id\":\"https:\/\/hobby4geek.com\/product\/fanstoys-ft-55-recorder-ft-55b-steeljaw-ramhorn-eject\/#breadcrumb\",\"itemListElement\":[{\"@type\":\"ListItem\",\"position\":1,\"name\":\"Home\",\"item\":\"https:\/\/hobby4geek.com\/\"},{\"@type\":\"ListItem\",\"position\":2,\"name\":\"Shop\",\"item\":\"https:\/\/hobby4geek.com\/shop\/\"},{\"@type\":\"ListItem\",\"position\":3,\"name\":\"FansToys FT-55 Recorder + FT-55B Steeljaw, Ramhorn &#038; Eject\"}]},{\"@type\":\"WebSite\",\"@id\":\"https:\/\/hobby4geek.com\/#website\",\"url\":\"https:\/\/hobby4geek.com\/\",\"name\":\"Hobby4Geek\",\"description\":\"Collect, Play &amp; Showcase, Embrace your Geekiness\",\"publisher\":{\"@id\":\"https:\/\/hobby4geek.com\/#organization\"},\"potentialAction\":[{\"@type\":\"SearchAction\",\"target\":{\"@type\":\"EntryPoint\",\"urlTemplate\":\"https:\/\/hobby4geek.com\/?s={search_term_string}\"},\"query-input\":{\"@type\":\"PropertyValueSpecification\",\"valueRequired\":true,\"valueName\":\"search_term_string\"}}],\"inLanguage\":\"fr-FR\"},{\"@type\":\"Organization\",\"@id\":\"https:\/\/hobby4geek.com\/#organization\",\"name\":\"Hobby4Geek\",\"url\":\"https:\/\/hobby4geek.com\/\",\"logo\":{\"@type\":\"ImageObject\",\"inLanguage\":\"fr-FR\",\"@id\":\"https:\/\/hobby4geek.com\/#\/schema\/logo\/image\/\",\"url\":\"https:\/\/hobby4geek.com\/wp-content\/uploads\/2023\/02\/default-kit.png\",\"contentUrl\":\"https:\/\/hobby4geek.com\/wp-content\/uploads\/2023\/02\/default-kit.png\",\"width\":600,\"height\":600,\"caption\":\"Hobby4Geek\"},\"image\":{\"@id\":\"https:\/\/hobby4geek.com\/#\/schema\/logo\/image\/\"},\"sameAs\":[\"https:\/\/www.facebook.com\/hobby4geek\",\"https:\/\/x.com\/hobby4geek\",\"https:\/\/www.instagram.com\/hobby4geek\/\"]}]}<\/script>\n<meta property=\"product:brand\" content=\"Fans Toys\" \/>\n<meta property=\"product:price:amount\" content=\"314.00\" \/>\n<meta property=\"product:price:currency\" content=\"EUR\" \/>\n<meta property=\"og:availability\" content=\"out of stock\" \/>\n<meta property=\"product:availability\" content=\"out of stock\" \/>\n<meta property=\"product:condition\" content=\"new\" \/>\n<!-- \/ Yoast SEO Premium plugin. -->","yoast_head_json":{"title":"FansToys FT-55 Recorder + FT-55B Steeljaw, Ramhorn &amp; Eject","robots":{"index":"index","follow":"follow","max-snippet":"max-snippet:-1","max-image-preview":"max-image-preview:large","max-video-preview":"max-video-preview:-1"},"canonical":"https:\/\/hobby4geek.com\/fr\/produit\/fanstoys-ft-55-recorder-ft-55b-steeljaw-ramhorn-eject\/","og_locale":"fr_FR","og_type":"article","og_title":"FansToys FT-55 Recorder + FT-55B Steeljaw, Ramhorn & Eject","og_description":"Size: 9.1 inches \/ 23 cm  Scale: Masterpiece  Alt Mode: Cassette Player  Changes from robot to cassette player mode  Weapons  Interchangeable Faces","og_url":"https:\/\/hobby4geek.com\/fr\/produit\/fanstoys-ft-55-recorder-ft-55b-steeljaw-ramhorn-eject\/","og_site_name":"Hobby4Geek","article_publisher":"https:\/\/www.facebook.com\/hobby4geek","article_modified_time":"2024-05-12T11:57:35+00:00","og_image":[{"width":640,"height":828,"url":"https:\/\/hobby4geek.com\/wp-content\/uploads\/2023\/07\/fanstoys-ft-55-recorder-ft-55b-steeljaw-ramhorn-eject.png","type":"image\/png"}],"twitter_card":"summary_large_image","twitter_site":"@hobby4geek","schema":{"@context":"https:\/\/schema.org","@graph":[{"@type":"WebPage","@id":"https:\/\/hobby4geek.com\/product\/fanstoys-ft-55-recorder-ft-55b-steeljaw-ramhorn-eject\/","url":"https:\/\/hobby4geek.com\/product\/fanstoys-ft-55-recorder-ft-55b-steeljaw-ramhorn-eject\/","name":"FansToys FT-55 Recorder + FT-55B Steeljaw, Ramhorn &amp; Eject","isPartOf":{"@id":"https:\/\/hobby4geek.com\/#website"},"primaryImageOfPage":{"@id":"https:\/\/hobby4geek.com\/product\/fanstoys-ft-55-recorder-ft-55b-steeljaw-ramhorn-eject\/#primaryimage"},"image":{"@id":"https:\/\/hobby4geek.com\/product\/fanstoys-ft-55-recorder-ft-55b-steeljaw-ramhorn-eject\/#primaryimage"},"thumbnailUrl":"https:\/\/hobby4geek.com\/wp-content\/uploads\/2023\/07\/fanstoys-ft-55-recorder-ft-55b-steeljaw-ramhorn-eject.png","datePublished":"2023-07-01T09:29:14+00:00","dateModified":"2024-05-12T11:57:35+00:00","breadcrumb":{"@id":"https:\/\/hobby4geek.com\/product\/fanstoys-ft-55-recorder-ft-55b-steeljaw-ramhorn-eject\/#breadcrumb"},"inLanguage":"fr-FR","potentialAction":[{"@type":"ReadAction","target":["https:\/\/hobby4geek.com\/product\/fanstoys-ft-55-recorder-ft-55b-steeljaw-ramhorn-eject\/"]}]},{"@type":"ImageObject","inLanguage":"fr-FR","@id":"https:\/\/hobby4geek.com\/product\/fanstoys-ft-55-recorder-ft-55b-steeljaw-ramhorn-eject\/#primaryimage","url":"https:\/\/hobby4geek.com\/wp-content\/uploads\/2023\/07\/fanstoys-ft-55-recorder-ft-55b-steeljaw-ramhorn-eject.png","contentUrl":"https:\/\/hobby4geek.com\/wp-content\/uploads\/2023\/07\/fanstoys-ft-55-recorder-ft-55b-steeljaw-ramhorn-eject.png","width":640,"height":828},{"@type":"BreadcrumbList","@id":"https:\/\/hobby4geek.com\/product\/fanstoys-ft-55-recorder-ft-55b-steeljaw-ramhorn-eject\/#breadcrumb","itemListElement":[{"@type":"ListItem","position":1,"name":"Home","item":"https:\/\/hobby4geek.com\/"},{"@type":"ListItem","position":2,"name":"Shop","item":"https:\/\/hobby4geek.com\/shop\/"},{"@type":"ListItem","position":3,"name":"FansToys FT-55 Recorder + FT-55B Steeljaw, Ramhorn &#038; Eject"}]},{"@type":"WebSite","@id":"https:\/\/hobby4geek.com\/#website","url":"https:\/\/hobby4geek.com\/","name":"Hobby4Geek","description":"Collectionnez, jouez et exposez, embrassez votre geekitude","publisher":{"@id":"https:\/\/hobby4geek.com\/#organization"},"potentialAction":[{"@type":"SearchAction","target":{"@type":"EntryPoint","urlTemplate":"https:\/\/hobby4geek.com\/?s={search_term_string}"},"query-input":{"@type":"PropertyValueSpecification","valueRequired":true,"valueName":"search_term_string"}}],"inLanguage":"fr-FR"},{"@type":"Organization","@id":"https:\/\/hobby4geek.com\/#organization","name":"Hobby4Geek","url":"https:\/\/hobby4geek.com\/","logo":{"@type":"ImageObject","inLanguage":"fr-FR","@id":"https:\/\/hobby4geek.com\/#\/schema\/logo\/image\/","url":"https:\/\/hobby4geek.com\/wp-content\/uploads\/2023\/02\/default-kit.png","contentUrl":"https:\/\/hobby4geek.com\/wp-content\/uploads\/2023\/02\/default-kit.png","width":600,"height":600,"caption":"Hobby4Geek"},"image":{"@id":"https:\/\/hobby4geek.com\/#\/schema\/logo\/image\/"},"sameAs":["https:\/\/www.facebook.com\/hobby4geek","https:\/\/x.com\/hobby4geek","https:\/\/www.instagram.com\/hobby4geek\/"]}]},"product_brand":"Fans Toys","product_price_amount":"314.00","product_price_currency":"EUR","og_availability":"out of stock","product_availability":"out of stock","product_condition":"new"},"_links":{"self":[{"href":"https:\/\/hobby4geek.com\/fr\/wp-json\/wp\/v2\/product\/189193","targetHints":{"allow":["GET"]}}],"collection":[{"href":"https:\/\/hobby4geek.com\/fr\/wp-json\/wp\/v2\/product"}],"about":[{"href":"https:\/\/hobby4geek.com\/fr\/wp-json\/wp\/v2\/types\/product"}],"replies":[{"embeddable":true,"href":"https:\/\/hobby4geek.com\/fr\/wp-json\/wp\/v2\/comments?post=189193"}],"version-history":[{"count":0,"href":"https:\/\/hobby4geek.com\/fr\/wp-json\/wp\/v2\/product\/189193\/revisions"}],"wp:featuredmedia":[{"embeddable":true,"href":"https:\/\/hobby4geek.com\/fr\/wp-json\/wp\/v2\/media\/189209"}],"wp:attachment":[{"href":"https:\/\/hobby4geek.com\/fr\/wp-json\/wp\/v2\/media?parent=189193"}],"wp:term":[{"taxonomy":"product_brand","embeddable":true,"href":"https:\/\/hobby4geek.com\/fr\/wp-json\/wp\/v2\/product_brand?post=189193"},{"taxonomy":"product_cat","embeddable":true,"href":"https:\/\/hobby4geek.com\/fr\/wp-json\/wp\/v2\/product_cat?post=189193"},{"taxonomy":"product_tag","embeddable":true,"href":"https:\/\/hobby4geek.com\/fr\/wp-json\/wp\/v2\/product_tag?post=189193"},{"taxonomy":"giftcard-category","embeddable":true,"href":"https:\/\/hobby4geek.com\/fr\/wp-json\/wp\/v2\/giftcard-category?post=189193"}],"curies":[{"name":"wp","href":"https:\/\/api.w.org\/{rel}","templated":true}]}}