{"id":188938,"date":"2023-06-14T16:39:52","date_gmt":"2023-06-14T14:39:52","guid":{"rendered":"https:\/\/hobby4geek.com\/?post_type=product&#038;p=188938"},"modified":"2024-05-12T12:54:52","modified_gmt":"2024-05-12T11:54:52","slug":"transformers-bumblebee-buzzworthy-studio-series-86-24bb-ironhide-86-20bb-prowl","status":"publish","type":"product","link":"https:\/\/hobby4geek.com\/fr\/produit\/transformers-bumblebee-buzzworthy-studio-series-86-24bb-ironhide-86-20bb-prowl\/","title":{"rendered":"Transformers : Bumblebee Buzzworthy - Studio Series - 86-24BB Ironhide &amp; 86-20BB Prowl"},"content":{"rendered":"<div class=\"row\">\n<div class=\"col-md-12\">\n<p>Bumblebee s'impose avec une ligne de figurines Transformers parmi les plus populaires, pour les gar\u00e7ons, les filles et les fans de tous \u00e2ges. D\u00e9couvrez ce qui fait l'objet de toutes les attentions. Faites entrer l'action \u00e9pique des films Transformers du grand \u00e9cran dans votre collection avec les figurines Transformers Studio Series Ironhide et Prowl ! Lorsque les Decepticons d\u00e9tournent la navette des Autobots, Prowl et Ironhide se battent jusqu'au bout. Les jouets Studio Series Transformers sont des figurines \u00e0 collectionner pour les gar\u00e7ons et les filles de 8 ans, avec des d\u00e9tails et des accessoires inspir\u00e9s du film. Le jouet Ironhide se transforme du mode robot au mode camionnette en 26 \u00e9tapes. Le jouet Prowl passe du mode robot au mode voiture de police en 17 \u00e9tapes. Livr\u00e9 avec 3 accessoires blaster. Pose ces jouets Transformers dans la sc\u00e8ne amovible de la navette Decepticon Ambush incluse. Les figurines Buzzworthy Bumblebee ont un emballage sp\u00e9cial \u00e0 collectionner. Collectionne d'autres jouets Buzzworthy Bumblebee (chacun vendu s\u00e9par\u00e9ment, sous r\u00e9serve de disponibilit\u00e9).<\/p>\n<ul>\n<li>La collection Buzzworthy Bumblebee comprend certaines des figurines Transformers les plus int\u00e9ressantes pour les gar\u00e7ons, les filles et les fans de tous \u00e2ges.<\/li>\n<li>Les figurines Transformers Studio Series 6,5 pouces Ironhide et 4,5 pouces Prowl pr\u00e9sentent des d\u00e9cors et des d\u00e9tails inspir\u00e9s du film. Livr\u00e9es avec 3 accessoires blaster<\/li>\n<li>Le jouet Ironhide et le jouet Prowl ont tous deux des d\u00e9cors et des d\u00e9tails inspir\u00e9s de la sc\u00e8ne de l'embuscade de la navette des Decepticons dans le film Transformers : The Movie.<\/li>\n<li>Ces jouets Transformers pour gar\u00e7ons et filles de 8 ans sont dot\u00e9s d'une conversion classique. Le jouet Ironhide passe du mode robot au mode camionnette en 26 \u00e9tapes. Le jouet Prowl passe du mode robot au mode voiture de police en 17 \u00e9tapes.<\/li>\n<li>Cette figurine Transformers est pr\u00e9sent\u00e9e dans un emballage sp\u00e9cial Buzzworthy Bumblebee \u00e0 collectionner.<\/li>\n<\/ul>\n<p>Comprend 2 figurines, 3 accessoires, une toile de fond amovible et des instructions.<\/p>\n<\/div>\n<\/div>","protected":false},"excerpt":{"rendered":"<ul>\n<li>Comprend 2 figurines<\/li>\n<li>3 accessoires<\/li>\n<li>toile de fond amovible<\/li>\n<li>instructions.<\/li>\n<\/ul>","protected":false},"featured_media":188943,"comment_status":"open","ping_status":"closed","template":"","meta":{"inline_featured_image":false},"product_brand":[],"product_cat":[1955,68,69,1960],"product_tag":[2236,2234,2235,2233,200,1759,199,335,217,2110,240,203,1975,204,1961,1962,1994,2174],"giftcard-category":[],"class_list":{"0":"post-188938","1":"product","2":"type-product","3":"status-publish","4":"has-post-thumbnail","6":"product_cat-transformers","7":"product_cat-hasbro","8":"product_cat-takara-tomy","9":"product_cat-transformers-generations","10":"product_tag-86-20bb","11":"product_tag-86-20bb-prowl","12":"product_tag-86-24bb","13":"product_tag-86-24bb-ironhide","14":"product_tag-action-figures","15":"product_tag-action-toys","16":"product_tag-autobot","17":"product_tag-hasbro","18":"product_tag-ironhide","19":"product_tag-prowl","20":"product_tag-studio-series","21":"product_tag-takara-tomy","22":"product_tag-toys-figures","23":"product_tag-transformers","24":"product_tag-transformers-authentic","25":"product_tag-transformers-generations","26":"product_tag-transformers-studio-series","27":"product_tag-transformers-bumblebee-buzzworthy","28":"product_shipping_class-light","30":"first","31":"outofstock","32":"taxable","33":"shipping-taxable","34":"purchasable","35":"product-type-simple","36":"add-to-wishlist-after_add_to_cart"},"yoast_head":"<!-- This site is optimized with the Yoast SEO Premium plugin v25.3.1 (Yoast SEO v27.2) - https:\/\/yoast.com\/product\/yoast-seo-premium-wordpress\/ -->\n<title>Transformers: Bumblebee Buzzworthy - Studio Series - 86-24BB Ironhide &amp; 86-20BB Prowl<\/title>\n<meta name=\"robots\" content=\"index, follow, max-snippet:-1, max-image-preview:large, max-video-preview:-1\" \/>\n<link rel=\"canonical\" href=\"https:\/\/hobby4geek.com\/fr\/produit\/transformers-bumblebee-buzzworthy-studio-series-86-24bb-ironhide-86-20bb-prowl\/\" \/>\n<meta property=\"og:locale\" content=\"fr_FR\" \/>\n<meta property=\"og:type\" content=\"article\" \/>\n<meta property=\"og:title\" content=\"Transformers: Bumblebee Buzzworthy - Studio Series - 86-24BB Ironhide &amp; 86-20BB Prowl\" \/>\n<meta property=\"og:description\" content=\"Includes 2 figures  3 accessories  removable backdrop  instructions.\" \/>\n<meta property=\"og:url\" content=\"https:\/\/hobby4geek.com\/fr\/produit\/transformers-bumblebee-buzzworthy-studio-series-86-24bb-ironhide-86-20bb-prowl\/\" \/>\n<meta property=\"og:site_name\" content=\"Hobby4Geek\" \/>\n<meta property=\"article:publisher\" content=\"https:\/\/www.facebook.com\/hobby4geek\" \/>\n<meta property=\"article:modified_time\" content=\"2024-05-12T11:54:52+00:00\" \/>\n<meta property=\"og:image\" content=\"https:\/\/hobby4geek.com\/wp-content\/uploads\/2023\/06\/transformers-bumblebee-buzzworthy-studio-series-86-24bb-ironhide-86-20bb-prowl-5.webp\" \/>\n\t<meta property=\"og:image:width\" content=\"2000\" \/>\n\t<meta property=\"og:image:height\" content=\"2000\" \/>\n\t<meta property=\"og:image:type\" content=\"image\/webp\" \/>\n<meta name=\"twitter:card\" content=\"summary_large_image\" \/>\n<meta name=\"twitter:site\" content=\"@hobby4geek\" \/>\n<script type=\"application\/ld+json\" class=\"yoast-schema-graph\">{\"@context\":\"https:\/\/schema.org\",\"@graph\":[{\"@type\":\"WebPage\",\"@id\":\"https:\/\/hobby4geek.com\/it\/prodotto\/transformers-bumblebee-buzzworthy-studio-series-86-24bb-ironhide-86-20bb-prowl\/\",\"url\":\"https:\/\/hobby4geek.com\/it\/prodotto\/transformers-bumblebee-buzzworthy-studio-series-86-24bb-ironhide-86-20bb-prowl\/\",\"name\":\"Transformers: Bumblebee Buzzworthy - Studio Series - 86-24BB Ironhide & 86-20BB Prowl\",\"isPartOf\":{\"@id\":\"https:\/\/hobby4geek.com\/#website\"},\"primaryImageOfPage\":{\"@id\":\"https:\/\/hobby4geek.com\/it\/prodotto\/transformers-bumblebee-buzzworthy-studio-series-86-24bb-ironhide-86-20bb-prowl\/#primaryimage\"},\"image\":{\"@id\":\"https:\/\/hobby4geek.com\/it\/prodotto\/transformers-bumblebee-buzzworthy-studio-series-86-24bb-ironhide-86-20bb-prowl\/#primaryimage\"},\"thumbnailUrl\":\"https:\/\/hobby4geek.com\/wp-content\/uploads\/2023\/06\/transformers-bumblebee-buzzworthy-studio-series-86-24bb-ironhide-86-20bb-prowl-5.webp\",\"datePublished\":\"2023-06-14T14:39:52+00:00\",\"dateModified\":\"2024-05-12T11:54:52+00:00\",\"breadcrumb\":{\"@id\":\"https:\/\/hobby4geek.com\/it\/prodotto\/transformers-bumblebee-buzzworthy-studio-series-86-24bb-ironhide-86-20bb-prowl\/#breadcrumb\"},\"inLanguage\":\"fr-FR\",\"potentialAction\":[{\"@type\":\"ReadAction\",\"target\":[\"https:\/\/hobby4geek.com\/it\/prodotto\/transformers-bumblebee-buzzworthy-studio-series-86-24bb-ironhide-86-20bb-prowl\/\"]}]},{\"@type\":\"ImageObject\",\"inLanguage\":\"fr-FR\",\"@id\":\"https:\/\/hobby4geek.com\/it\/prodotto\/transformers-bumblebee-buzzworthy-studio-series-86-24bb-ironhide-86-20bb-prowl\/#primaryimage\",\"url\":\"https:\/\/hobby4geek.com\/wp-content\/uploads\/2023\/06\/transformers-bumblebee-buzzworthy-studio-series-86-24bb-ironhide-86-20bb-prowl-5.webp\",\"contentUrl\":\"https:\/\/hobby4geek.com\/wp-content\/uploads\/2023\/06\/transformers-bumblebee-buzzworthy-studio-series-86-24bb-ironhide-86-20bb-prowl-5.webp\",\"width\":2000,\"height\":2000},{\"@type\":\"BreadcrumbList\",\"@id\":\"https:\/\/hobby4geek.com\/it\/prodotto\/transformers-bumblebee-buzzworthy-studio-series-86-24bb-ironhide-86-20bb-prowl\/#breadcrumb\",\"itemListElement\":[{\"@type\":\"ListItem\",\"position\":1,\"name\":\"Home\",\"item\":\"https:\/\/hobby4geek.com\/\"},{\"@type\":\"ListItem\",\"position\":2,\"name\":\"Shop\",\"item\":\"https:\/\/hobby4geek.com\/shop\/\"},{\"@type\":\"ListItem\",\"position\":3,\"name\":\"Transformers: Bumblebee Buzzworthy &#8211; Studio Series &#8211; 86-24BB Ironhide &#038; 86-20BB Prowl\"}]},{\"@type\":\"WebSite\",\"@id\":\"https:\/\/hobby4geek.com\/#website\",\"url\":\"https:\/\/hobby4geek.com\/\",\"name\":\"Hobby4Geek\",\"description\":\"Collect, Play &amp; Showcase, Embrace your Geekiness\",\"publisher\":{\"@id\":\"https:\/\/hobby4geek.com\/#organization\"},\"potentialAction\":[{\"@type\":\"SearchAction\",\"target\":{\"@type\":\"EntryPoint\",\"urlTemplate\":\"https:\/\/hobby4geek.com\/?s={search_term_string}\"},\"query-input\":{\"@type\":\"PropertyValueSpecification\",\"valueRequired\":true,\"valueName\":\"search_term_string\"}}],\"inLanguage\":\"fr-FR\"},{\"@type\":\"Organization\",\"@id\":\"https:\/\/hobby4geek.com\/#organization\",\"name\":\"Hobby4Geek\",\"url\":\"https:\/\/hobby4geek.com\/\",\"logo\":{\"@type\":\"ImageObject\",\"inLanguage\":\"fr-FR\",\"@id\":\"https:\/\/hobby4geek.com\/#\/schema\/logo\/image\/\",\"url\":\"https:\/\/hobby4geek.com\/wp-content\/uploads\/2023\/02\/default-kit.png\",\"contentUrl\":\"https:\/\/hobby4geek.com\/wp-content\/uploads\/2023\/02\/default-kit.png\",\"width\":600,\"height\":600,\"caption\":\"Hobby4Geek\"},\"image\":{\"@id\":\"https:\/\/hobby4geek.com\/#\/schema\/logo\/image\/\"},\"sameAs\":[\"https:\/\/www.facebook.com\/hobby4geek\",\"https:\/\/x.com\/hobby4geek\",\"https:\/\/www.instagram.com\/hobby4geek\/\"]}]}<\/script>\n<meta property=\"product:brand\" content=\"Transformers\" \/>\n<meta property=\"product:price:amount\" content=\"54.80\" \/>\n<meta property=\"product:price:currency\" content=\"EUR\" \/>\n<meta property=\"og:availability\" content=\"out of stock\" \/>\n<meta property=\"product:availability\" content=\"out of stock\" \/>\n<meta property=\"product:retailer_item_id\" content=\"5010996138774\" \/>\n<meta property=\"product:condition\" content=\"new\" \/>\n<!-- \/ Yoast SEO Premium plugin. -->","yoast_head_json":{"title":"Transformers : Bumblebee Buzzworthy - Studio Series - 86-24BB Ironhide &amp; 86-20BB Prowl","robots":{"index":"index","follow":"follow","max-snippet":"max-snippet:-1","max-image-preview":"max-image-preview:large","max-video-preview":"max-video-preview:-1"},"canonical":"https:\/\/hobby4geek.com\/fr\/produit\/transformers-bumblebee-buzzworthy-studio-series-86-24bb-ironhide-86-20bb-prowl\/","og_locale":"fr_FR","og_type":"article","og_title":"Transformers: Bumblebee Buzzworthy - Studio Series - 86-24BB Ironhide & 86-20BB Prowl","og_description":"Includes 2 figures  3 accessories  removable backdrop  instructions.","og_url":"https:\/\/hobby4geek.com\/fr\/produit\/transformers-bumblebee-buzzworthy-studio-series-86-24bb-ironhide-86-20bb-prowl\/","og_site_name":"Hobby4Geek","article_publisher":"https:\/\/www.facebook.com\/hobby4geek","article_modified_time":"2024-05-12T11:54:52+00:00","og_image":[{"width":2000,"height":2000,"url":"https:\/\/hobby4geek.com\/wp-content\/uploads\/2023\/06\/transformers-bumblebee-buzzworthy-studio-series-86-24bb-ironhide-86-20bb-prowl-5.webp","type":"image\/webp"}],"twitter_card":"summary_large_image","twitter_site":"@hobby4geek","schema":{"@context":"https:\/\/schema.org","@graph":[{"@type":"WebPage","@id":"https:\/\/hobby4geek.com\/it\/prodotto\/transformers-bumblebee-buzzworthy-studio-series-86-24bb-ironhide-86-20bb-prowl\/","url":"https:\/\/hobby4geek.com\/it\/prodotto\/transformers-bumblebee-buzzworthy-studio-series-86-24bb-ironhide-86-20bb-prowl\/","name":"Transformers : Bumblebee Buzzworthy - Studio Series - 86-24BB Ironhide &amp; 86-20BB Prowl","isPartOf":{"@id":"https:\/\/hobby4geek.com\/#website"},"primaryImageOfPage":{"@id":"https:\/\/hobby4geek.com\/it\/prodotto\/transformers-bumblebee-buzzworthy-studio-series-86-24bb-ironhide-86-20bb-prowl\/#primaryimage"},"image":{"@id":"https:\/\/hobby4geek.com\/it\/prodotto\/transformers-bumblebee-buzzworthy-studio-series-86-24bb-ironhide-86-20bb-prowl\/#primaryimage"},"thumbnailUrl":"https:\/\/hobby4geek.com\/wp-content\/uploads\/2023\/06\/transformers-bumblebee-buzzworthy-studio-series-86-24bb-ironhide-86-20bb-prowl-5.webp","datePublished":"2023-06-14T14:39:52+00:00","dateModified":"2024-05-12T11:54:52+00:00","breadcrumb":{"@id":"https:\/\/hobby4geek.com\/it\/prodotto\/transformers-bumblebee-buzzworthy-studio-series-86-24bb-ironhide-86-20bb-prowl\/#breadcrumb"},"inLanguage":"fr-FR","potentialAction":[{"@type":"ReadAction","target":["https:\/\/hobby4geek.com\/it\/prodotto\/transformers-bumblebee-buzzworthy-studio-series-86-24bb-ironhide-86-20bb-prowl\/"]}]},{"@type":"ImageObject","inLanguage":"fr-FR","@id":"https:\/\/hobby4geek.com\/it\/prodotto\/transformers-bumblebee-buzzworthy-studio-series-86-24bb-ironhide-86-20bb-prowl\/#primaryimage","url":"https:\/\/hobby4geek.com\/wp-content\/uploads\/2023\/06\/transformers-bumblebee-buzzworthy-studio-series-86-24bb-ironhide-86-20bb-prowl-5.webp","contentUrl":"https:\/\/hobby4geek.com\/wp-content\/uploads\/2023\/06\/transformers-bumblebee-buzzworthy-studio-series-86-24bb-ironhide-86-20bb-prowl-5.webp","width":2000,"height":2000},{"@type":"BreadcrumbList","@id":"https:\/\/hobby4geek.com\/it\/prodotto\/transformers-bumblebee-buzzworthy-studio-series-86-24bb-ironhide-86-20bb-prowl\/#breadcrumb","itemListElement":[{"@type":"ListItem","position":1,"name":"Home","item":"https:\/\/hobby4geek.com\/"},{"@type":"ListItem","position":2,"name":"Shop","item":"https:\/\/hobby4geek.com\/shop\/"},{"@type":"ListItem","position":3,"name":"Transformers: Bumblebee Buzzworthy &#8211; Studio Series &#8211; 86-24BB Ironhide &#038; 86-20BB Prowl"}]},{"@type":"WebSite","@id":"https:\/\/hobby4geek.com\/#website","url":"https:\/\/hobby4geek.com\/","name":"Hobby4Geek","description":"Collectionnez, jouez et exposez, embrassez votre geekitude","publisher":{"@id":"https:\/\/hobby4geek.com\/#organization"},"potentialAction":[{"@type":"SearchAction","target":{"@type":"EntryPoint","urlTemplate":"https:\/\/hobby4geek.com\/?s={search_term_string}"},"query-input":{"@type":"PropertyValueSpecification","valueRequired":true,"valueName":"search_term_string"}}],"inLanguage":"fr-FR"},{"@type":"Organization","@id":"https:\/\/hobby4geek.com\/#organization","name":"Hobby4Geek","url":"https:\/\/hobby4geek.com\/","logo":{"@type":"ImageObject","inLanguage":"fr-FR","@id":"https:\/\/hobby4geek.com\/#\/schema\/logo\/image\/","url":"https:\/\/hobby4geek.com\/wp-content\/uploads\/2023\/02\/default-kit.png","contentUrl":"https:\/\/hobby4geek.com\/wp-content\/uploads\/2023\/02\/default-kit.png","width":600,"height":600,"caption":"Hobby4Geek"},"image":{"@id":"https:\/\/hobby4geek.com\/#\/schema\/logo\/image\/"},"sameAs":["https:\/\/www.facebook.com\/hobby4geek","https:\/\/x.com\/hobby4geek","https:\/\/www.instagram.com\/hobby4geek\/"]}]},"product_brand":"Transformers","product_price_amount":"54.80","product_price_currency":"EUR","og_availability":"out of stock","product_availability":"out of stock","product_retailer_item_id":"5010996138774","product_condition":"new"},"_links":{"self":[{"href":"https:\/\/hobby4geek.com\/fr\/wp-json\/wp\/v2\/product\/188938","targetHints":{"allow":["GET"]}}],"collection":[{"href":"https:\/\/hobby4geek.com\/fr\/wp-json\/wp\/v2\/product"}],"about":[{"href":"https:\/\/hobby4geek.com\/fr\/wp-json\/wp\/v2\/types\/product"}],"replies":[{"embeddable":true,"href":"https:\/\/hobby4geek.com\/fr\/wp-json\/wp\/v2\/comments?post=188938"}],"version-history":[{"count":0,"href":"https:\/\/hobby4geek.com\/fr\/wp-json\/wp\/v2\/product\/188938\/revisions"}],"wp:featuredmedia":[{"embeddable":true,"href":"https:\/\/hobby4geek.com\/fr\/wp-json\/wp\/v2\/media\/188943"}],"wp:attachment":[{"href":"https:\/\/hobby4geek.com\/fr\/wp-json\/wp\/v2\/media?parent=188938"}],"wp:term":[{"taxonomy":"product_brand","embeddable":true,"href":"https:\/\/hobby4geek.com\/fr\/wp-json\/wp\/v2\/product_brand?post=188938"},{"taxonomy":"product_cat","embeddable":true,"href":"https:\/\/hobby4geek.com\/fr\/wp-json\/wp\/v2\/product_cat?post=188938"},{"taxonomy":"product_tag","embeddable":true,"href":"https:\/\/hobby4geek.com\/fr\/wp-json\/wp\/v2\/product_tag?post=188938"},{"taxonomy":"giftcard-category","embeddable":true,"href":"https:\/\/hobby4geek.com\/fr\/wp-json\/wp\/v2\/giftcard-category?post=188938"}],"curies":[{"name":"wp","href":"https:\/\/api.w.org\/{rel}","templated":true}]}}