{"id":188871,"date":"2024-04-28T20:56:03","date_gmt":"2024-04-28T19:56:03","guid":{"rendered":"https:\/\/hobby4geek.com\/?post_type=product&#038;p=188871"},"modified":"2025-05-30T08:31:45","modified_gmt":"2025-05-30T07:31:45","slug":"threezero-transformers-rise-of-the-beasts-dlx-bumblebee","status":"publish","type":"product","link":"https:\/\/hobby4geek.com\/fr\/produit\/threezero-transformers-rise-of-the-beasts-dlx-bumblebee\/","title":{"rendered":"ThreeZero - Transformers : Le r\u00e9veil des b\u00eates DLX Bumblebee"},"content":{"rendered":"<p>Le prochain volet de la s\u00e9rie de films \"Transformers\", \"Transformers : Le r\u00e9veil des b\u00eates\", sortira en salles cet \u00e9t\u00e9 et l'Autobot bien-aim\u00e9 Bumblebee fait un retour \u00e9blouissant au cin\u00e9ma et dans la s\u00e9rie de figurines \u00e0 collectionner DLX de threezero avec son tout nouveau design en mode robot am\u00e9lior\u00e9 !<\/p>\n<p>\"Transformers : Le r\u00e9veil des b\u00eates\" DLX Bumblebee reproduit fid\u00e8lement le design du film dans ses moindres d\u00e9tails et son apparence, illustrant avec soin le nouveau mode bot stylis\u00e9 de Bumblebee. Les yeux de DLX Bumblebee sur la t\u00eate de combat sont dot\u00e9s de LED rouges et bleues interchangeables et comprennent des blasters ioniques interchangeables \u00e0 deux bras \u00e9quip\u00e9s d'effets lumineux LED, illustrant parfaitement le mode de combat de Bumblebee. Les roues de la carrosserie sont fabriqu\u00e9es dans un mat\u00e9riau souple semblable au caoutchouc, avec des effets de vieillissement ajout\u00e9s. Le DLX Bumblebee hautement articul\u00e9 est dot\u00e9 d'articulations intelligemment con\u00e7ues, qui permettent une grande amplitude de mouvement sur l'ensemble du corps, y compris les ailes arri\u00e8re, qui peuvent \u00eatre repli\u00e9es ou d\u00e9pli\u00e9es. L'action se poursuit gr\u00e2ce au savoir-faire renomm\u00e9 de threezero et \u00e0 l'application de peinture vieillie qui permet de reproduire enti\u00e8rement cet Autobot h\u00e9ro\u00efque.<\/p>\n<p>Les figurines \u00e0 collectionner DLX pr\u00e9sentent des dessins complexes de Transformers \u00e0 une \u00e9chelle plus petite avec une valeur de production de haute fid\u00e9lit\u00e9. Gr\u00e2ce \u00e0 sa structure unique en m\u00e9tal moul\u00e9 sous pression, DLX offre non seulement une gamme avanc\u00e9e d'articulations, mais am\u00e9liore aussi consid\u00e9rablement le poids et la durabilit\u00e9. Avec l'application de peinture d\u00e9taill\u00e9e et alt\u00e9r\u00e9e de threezero, on obtient une ressemblance remarquable avec les personnages tels qu'ils ont \u00e9t\u00e9 vus dans les m\u00e9dias d'origine.<\/p>\n<p>TRANSFORMERS et tous les personnages associ\u00e9s sont des marques d\u00e9pos\u00e9es de Hasbro et sont utilis\u00e9s avec autorisation. 2023 Hasbro. Tous droits r\u00e9serv\u00e9s. \u00a9 2023 Paramount Pictures Corporation. Tous droits r\u00e9serv\u00e9s. Sous licence Hasbro.<\/p>\n<p><strong>CARACT\u00c9RISTIQUES<\/strong><\/p>\n<ul>\n<li>Officiellement sous licence Hasbro et TakaraTomy<\/li>\n<li>Environ 8 pouces (~23,2 cm) de hauteur<\/li>\n<li>Environ 60 points d'articulation<\/li>\n<li>Application de peinture d\u00e9taill\u00e9e et alt\u00e9r\u00e9e<\/li>\n<li>Cadre en m\u00e9tal moul\u00e9 sous pression avec une gamme avanc\u00e9e d'articulations<\/li>\n<li>Yeux illumin\u00e9s par LED, Ion Blaster, Battle Head Eyes<\/li>\n<\/ul>\n<p><strong>ACCESSOIRES<\/strong><\/p>\n<ul>\n<li>Une (1) pc de t\u00eate de combat interchangeable<\/li>\n<li>Une (1) paire d'Ion Blasters<\/li>\n<li>Quatre (3) paires de mains interchangeables : une (1) paire de poings, une (1) paire de mains d\u00e9tendues et une (1) paire de mains d'action.<\/li>\n<li>Un (1) support d'action DLX<\/li>\n<\/ul>\n<p><strong>CARACT\u00c9RISTIQUES DES LED*<\/strong><\/p>\n<ul>\n<li>Yeux<\/li>\n<li>Blaster ionique<\/li>\n<li>Yeux de la t\u00eate de combat<\/li>\n<\/ul>\n<p><strong>Remarques<br \/>\n<\/strong>* N\u00e9cessite des piles AG13 x 8 (piles non incluses)<\/p>\n<p><strong>Mat\u00e9riaux<br \/>\n<\/strong>Alliage de zinc moul\u00e9 sous pression, PVC, ABS, POM<\/p>","protected":false},"excerpt":{"rendered":"<p><strong>CARACT\u00c9RISTIQUES<\/strong><\/p>\n<ul>\n<li>Officiellement sous licence Hasbro et TakaraTomy<\/li>\n<li>Environ 8 pouces (~23,2 cm) de hauteur<\/li>\n<li>Environ 60 points d'articulation<\/li>\n<li>Application de peinture d\u00e9taill\u00e9e et alt\u00e9r\u00e9e<\/li>\n<li>Cadre en m\u00e9tal moul\u00e9 sous pression avec une gamme avanc\u00e9e d'articulations<\/li>\n<li>Yeux illumin\u00e9s par LED, Ion Blaster, Battle Head Eyes<\/li>\n<\/ul>\n<p><strong>ACCESSOIRES<\/strong><\/p>\n<ul>\n<li>Une (1) pc de t\u00eate de combat interchangeable<\/li>\n<li>Une (1) paire d'Ion Blasters<\/li>\n<li>Quatre (3) paires de mains interchangeables : une (1) paire de poings, une (1) paire de mains d\u00e9tendues et une (1) paire de mains d'action.<\/li>\n<li>Un (1) support d'action DLX<\/li>\n<\/ul>\n<p><strong>CARACT\u00c9RISTIQUES DES LED*<\/strong><\/p>\n<ul>\n<li>Yeux<\/li>\n<li>Blaster ionique<\/li>\n<li>Yeux de la t\u00eate de combat<\/li>\n<\/ul>\n<p><strong>Remarques<br \/>\n<\/strong>* N\u00e9cessite des piles AG13 x 8 (piles non incluses)<\/p>\n<p><strong>Mat\u00e9riaux<br \/>\n<\/strong>Alliage de zinc moul\u00e9 sous pression, PVC, ABS, POM<\/p>","protected":false},"featured_media":188907,"comment_status":"open","ping_status":"closed","template":"","meta":{"inline_featured_image":false},"product_brand":[],"product_cat":[68,90,1955],"product_tag":[332,224,1976,221,2228,333,334,335,1936,265,1956,337,770,204,2453,235,2227],"giftcard-category":[],"class_list":{"0":"post-188871","1":"product","2":"type-product","3":"status-publish","4":"has-post-thumbnail","6":"product_cat-hasbro","7":"product_cat-threezero","8":"product_cat-transformers","9":"product_tag-3a","10":"product_tag-bumblebee","11":"product_tag-collector-figures","12":"product_tag-decepticon","13":"product_tag-dlx-bumblebee","14":"product_tag-dlx-collectible-series","15":"product_tag-film","16":"product_tag-hasbro","17":"product_tag-models-co","18":"product_tag-pre-orders","19":"product_tag-rise-of-the-beasts","20":"product_tag-threea","21":"product_tag-threezero","22":"product_tag-transformers","23":"product_tag-transformers-x-threezero","24":"product_tag-transformers-bumblebee","25":"product_tag-transformers-rise-of-the-beasts","26":"product_shipping_class-standard","28":"first","29":"outofstock","30":"sale","31":"featured","32":"taxable","33":"shipping-taxable","34":"purchasable","35":"product-type-simple","36":"add-to-wishlist-after_add_to_cart"},"yoast_head":"<!-- This site is optimized with the Yoast SEO Premium plugin v25.3.1 (Yoast SEO v27.4) - https:\/\/yoast.com\/product\/yoast-seo-premium-wordpress\/ -->\n<title>ThreeZero - Transformers: Rise of the Beasts DLX Bumblebee<\/title>\n<meta name=\"robots\" content=\"index, follow, max-snippet:-1, max-image-preview:large, max-video-preview:-1\" \/>\n<link rel=\"canonical\" href=\"https:\/\/hobby4geek.com\/fr\/produit\/threezero-transformers-rise-of-the-beasts-dlx-bumblebee\/\" \/>\n<meta property=\"og:locale\" content=\"fr_FR\" \/>\n<meta property=\"og:type\" content=\"article\" \/>\n<meta property=\"og:title\" content=\"ThreeZero - Transformers: Rise of the Beasts DLX Bumblebee\" \/>\n<meta property=\"og:description\" content=\"FEATURES   Officially Licensed by Hasbro and TakaraTomy  Approximately 8 inches (~23.2cm) tall  Approximately 60 points of articulation  Detailed and weathered paint application  Die-cast Metal frame design with advanced range of articulation  LED illuminated eyes, Ion Blaster, Battle Head Eyes  ACCESSORIES   One (1) pc of interchangeable Battle Head  One (1) pair of Ion Blasters  Four (3) pairs of interchangeable hands: one (1) pair of fists, one (1) pair of relaxed hands and one (1) pair of action hands  One (1) DLX action stand  LED FEATURES*   Eyes  Ion Blaster  Battle Head Eyes  Remarks * Requires AG13 batteries x 8 (Batteries Not Included)  Materials Die-cast zinc alloy, PVC, ABS, POM\" \/>\n<meta property=\"og:url\" content=\"https:\/\/hobby4geek.com\/fr\/produit\/threezero-transformers-rise-of-the-beasts-dlx-bumblebee\/\" \/>\n<meta property=\"og:site_name\" content=\"Hobby4Geek\" \/>\n<meta property=\"article:publisher\" content=\"https:\/\/www.facebook.com\/hobby4geek\" \/>\n<meta property=\"article:modified_time\" content=\"2025-05-30T07:31:45+00:00\" \/>\n<meta property=\"og:image\" content=\"https:\/\/hobby4geek.com\/wp-content\/uploads\/2023\/06\/threezero-transformers-rise-of-the-beasts-dlx-bumblebee-36.jpg\" \/>\n\t<meta property=\"og:image:width\" content=\"600\" \/>\n\t<meta property=\"og:image:height\" content=\"600\" \/>\n\t<meta property=\"og:image:type\" content=\"image\/jpeg\" \/>\n<meta name=\"twitter:card\" content=\"summary_large_image\" \/>\n<meta name=\"twitter:site\" content=\"@hobby4geek\" \/>\n<script type=\"application\/ld+json\" class=\"yoast-schema-graph\">{\"@context\":\"https:\\\/\\\/schema.org\",\"@graph\":[{\"@type\":\"WebPage\",\"@id\":\"https:\\\/\\\/hobby4geek.com\\\/product\\\/threezero-transformers-rise-of-the-beasts-dlx-bumblebee\\\/\",\"url\":\"https:\\\/\\\/hobby4geek.com\\\/product\\\/threezero-transformers-rise-of-the-beasts-dlx-bumblebee\\\/\",\"name\":\"ThreeZero - Transformers: Rise of the Beasts DLX Bumblebee\",\"isPartOf\":{\"@id\":\"https:\\\/\\\/hobby4geek.com\\\/#website\"},\"primaryImageOfPage\":{\"@id\":\"https:\\\/\\\/hobby4geek.com\\\/product\\\/threezero-transformers-rise-of-the-beasts-dlx-bumblebee\\\/#primaryimage\"},\"image\":{\"@id\":\"https:\\\/\\\/hobby4geek.com\\\/product\\\/threezero-transformers-rise-of-the-beasts-dlx-bumblebee\\\/#primaryimage\"},\"thumbnailUrl\":\"https:\\\/\\\/hobby4geek.com\\\/wp-content\\\/uploads\\\/2023\\\/06\\\/threezero-transformers-rise-of-the-beasts-dlx-bumblebee-36.jpg\",\"datePublished\":\"2024-04-28T19:56:03+00:00\",\"dateModified\":\"2025-05-30T07:31:45+00:00\",\"breadcrumb\":{\"@id\":\"https:\\\/\\\/hobby4geek.com\\\/product\\\/threezero-transformers-rise-of-the-beasts-dlx-bumblebee\\\/#breadcrumb\"},\"inLanguage\":\"fr-FR\",\"potentialAction\":[{\"@type\":\"ReadAction\",\"target\":[\"https:\\\/\\\/hobby4geek.com\\\/product\\\/threezero-transformers-rise-of-the-beasts-dlx-bumblebee\\\/\"]}]},{\"@type\":\"ImageObject\",\"inLanguage\":\"fr-FR\",\"@id\":\"https:\\\/\\\/hobby4geek.com\\\/product\\\/threezero-transformers-rise-of-the-beasts-dlx-bumblebee\\\/#primaryimage\",\"url\":\"https:\\\/\\\/hobby4geek.com\\\/wp-content\\\/uploads\\\/2023\\\/06\\\/threezero-transformers-rise-of-the-beasts-dlx-bumblebee-36.jpg\",\"contentUrl\":\"https:\\\/\\\/hobby4geek.com\\\/wp-content\\\/uploads\\\/2023\\\/06\\\/threezero-transformers-rise-of-the-beasts-dlx-bumblebee-36.jpg\",\"width\":600,\"height\":600},{\"@type\":\"BreadcrumbList\",\"@id\":\"https:\\\/\\\/hobby4geek.com\\\/product\\\/threezero-transformers-rise-of-the-beasts-dlx-bumblebee\\\/#breadcrumb\",\"itemListElement\":[{\"@type\":\"ListItem\",\"position\":1,\"name\":\"Home\",\"item\":\"https:\\\/\\\/hobby4geek.com\\\/\"},{\"@type\":\"ListItem\",\"position\":2,\"name\":\"Shop\",\"item\":\"https:\\\/\\\/hobby4geek.com\\\/shop\\\/\"},{\"@type\":\"ListItem\",\"position\":3,\"name\":\"ThreeZero &#8211; Transformers: Rise of the Beasts DLX Bumblebee\"}]},{\"@type\":\"WebSite\",\"@id\":\"https:\\\/\\\/hobby4geek.com\\\/#website\",\"url\":\"https:\\\/\\\/hobby4geek.com\\\/\",\"name\":\"Hobby4Geek\",\"description\":\"Collect, Play &amp; Showcase, Embrace your Geekiness\",\"publisher\":{\"@id\":\"https:\\\/\\\/hobby4geek.com\\\/#organization\"},\"potentialAction\":[{\"@type\":\"SearchAction\",\"target\":{\"@type\":\"EntryPoint\",\"urlTemplate\":\"https:\\\/\\\/hobby4geek.com\\\/?s={search_term_string}\"},\"query-input\":{\"@type\":\"PropertyValueSpecification\",\"valueRequired\":true,\"valueName\":\"search_term_string\"}}],\"inLanguage\":\"fr-FR\"},{\"@type\":\"Organization\",\"@id\":\"https:\\\/\\\/hobby4geek.com\\\/#organization\",\"name\":\"Hobby4Geek\",\"url\":\"https:\\\/\\\/hobby4geek.com\\\/\",\"logo\":{\"@type\":\"ImageObject\",\"inLanguage\":\"fr-FR\",\"@id\":\"https:\\\/\\\/hobby4geek.com\\\/#\\\/schema\\\/logo\\\/image\\\/\",\"url\":\"https:\\\/\\\/hobby4geek.com\\\/wp-content\\\/uploads\\\/2023\\\/02\\\/default-kit.png\",\"contentUrl\":\"https:\\\/\\\/hobby4geek.com\\\/wp-content\\\/uploads\\\/2023\\\/02\\\/default-kit.png\",\"width\":600,\"height\":600,\"caption\":\"Hobby4Geek\"},\"image\":{\"@id\":\"https:\\\/\\\/hobby4geek.com\\\/#\\\/schema\\\/logo\\\/image\\\/\"},\"sameAs\":[\"https:\\\/\\\/www.facebook.com\\\/hobby4geek\",\"https:\\\/\\\/x.com\\\/hobby4geek\",\"https:\\\/\\\/www.instagram.com\\\/hobby4geek\\\/\"]}]}<\/script>\n<meta property=\"product:brand\" content=\"Hasbro\" \/>\n<meta property=\"product:price:amount\" content=\"228.00\" \/>\n<meta property=\"product:price:currency\" content=\"EUR\" \/>\n<meta property=\"og:availability\" content=\"out of stock\" \/>\n<meta property=\"product:availability\" content=\"out of stock\" \/>\n<meta property=\"product:retailer_item_id\" content=\"4895250806917\" \/>\n<meta property=\"product:condition\" content=\"new\" \/>\n<!-- \/ Yoast SEO Premium plugin. -->","yoast_head_json":{"title":"ThreeZero - Transformers : Le r\u00e9veil des b\u00eates DLX Bumblebee","robots":{"index":"index","follow":"follow","max-snippet":"max-snippet:-1","max-image-preview":"max-image-preview:large","max-video-preview":"max-video-preview:-1"},"canonical":"https:\/\/hobby4geek.com\/fr\/produit\/threezero-transformers-rise-of-the-beasts-dlx-bumblebee\/","og_locale":"fr_FR","og_type":"article","og_title":"ThreeZero - Transformers: Rise of the Beasts DLX Bumblebee","og_description":"FEATURES   Officially Licensed by Hasbro and TakaraTomy  Approximately 8 inches (~23.2cm) tall  Approximately 60 points of articulation  Detailed and weathered paint application  Die-cast Metal frame design with advanced range of articulation  LED illuminated eyes, Ion Blaster, Battle Head Eyes  ACCESSORIES   One (1) pc of interchangeable Battle Head  One (1) pair of Ion Blasters  Four (3) pairs of interchangeable hands: one (1) pair of fists, one (1) pair of relaxed hands and one (1) pair of action hands  One (1) DLX action stand  LED FEATURES*   Eyes  Ion Blaster  Battle Head Eyes  Remarks * Requires AG13 batteries x 8 (Batteries Not Included)  Materials Die-cast zinc alloy, PVC, ABS, POM","og_url":"https:\/\/hobby4geek.com\/fr\/produit\/threezero-transformers-rise-of-the-beasts-dlx-bumblebee\/","og_site_name":"Hobby4Geek","article_publisher":"https:\/\/www.facebook.com\/hobby4geek","article_modified_time":"2025-05-30T07:31:45+00:00","og_image":[{"width":600,"height":600,"url":"https:\/\/hobby4geek.com\/wp-content\/uploads\/2023\/06\/threezero-transformers-rise-of-the-beasts-dlx-bumblebee-36.jpg","type":"image\/jpeg"}],"twitter_card":"summary_large_image","twitter_site":"@hobby4geek","schema":{"@context":"https:\/\/schema.org","@graph":[{"@type":"WebPage","@id":"https:\/\/hobby4geek.com\/product\/threezero-transformers-rise-of-the-beasts-dlx-bumblebee\/","url":"https:\/\/hobby4geek.com\/product\/threezero-transformers-rise-of-the-beasts-dlx-bumblebee\/","name":"ThreeZero - Transformers : Le r\u00e9veil des b\u00eates DLX Bumblebee","isPartOf":{"@id":"https:\/\/hobby4geek.com\/#website"},"primaryImageOfPage":{"@id":"https:\/\/hobby4geek.com\/product\/threezero-transformers-rise-of-the-beasts-dlx-bumblebee\/#primaryimage"},"image":{"@id":"https:\/\/hobby4geek.com\/product\/threezero-transformers-rise-of-the-beasts-dlx-bumblebee\/#primaryimage"},"thumbnailUrl":"https:\/\/hobby4geek.com\/wp-content\/uploads\/2023\/06\/threezero-transformers-rise-of-the-beasts-dlx-bumblebee-36.jpg","datePublished":"2024-04-28T19:56:03+00:00","dateModified":"2025-05-30T07:31:45+00:00","breadcrumb":{"@id":"https:\/\/hobby4geek.com\/product\/threezero-transformers-rise-of-the-beasts-dlx-bumblebee\/#breadcrumb"},"inLanguage":"fr-FR","potentialAction":[{"@type":"ReadAction","target":["https:\/\/hobby4geek.com\/product\/threezero-transformers-rise-of-the-beasts-dlx-bumblebee\/"]}]},{"@type":"ImageObject","inLanguage":"fr-FR","@id":"https:\/\/hobby4geek.com\/product\/threezero-transformers-rise-of-the-beasts-dlx-bumblebee\/#primaryimage","url":"https:\/\/hobby4geek.com\/wp-content\/uploads\/2023\/06\/threezero-transformers-rise-of-the-beasts-dlx-bumblebee-36.jpg","contentUrl":"https:\/\/hobby4geek.com\/wp-content\/uploads\/2023\/06\/threezero-transformers-rise-of-the-beasts-dlx-bumblebee-36.jpg","width":600,"height":600},{"@type":"BreadcrumbList","@id":"https:\/\/hobby4geek.com\/product\/threezero-transformers-rise-of-the-beasts-dlx-bumblebee\/#breadcrumb","itemListElement":[{"@type":"ListItem","position":1,"name":"Home","item":"https:\/\/hobby4geek.com\/"},{"@type":"ListItem","position":2,"name":"Shop","item":"https:\/\/hobby4geek.com\/shop\/"},{"@type":"ListItem","position":3,"name":"ThreeZero &#8211; Transformers: Rise of the Beasts DLX Bumblebee"}]},{"@type":"WebSite","@id":"https:\/\/hobby4geek.com\/#website","url":"https:\/\/hobby4geek.com\/","name":"Hobby4Geek","description":"Collectionnez, jouez et exposez, embrassez votre geekitude","publisher":{"@id":"https:\/\/hobby4geek.com\/#organization"},"potentialAction":[{"@type":"SearchAction","target":{"@type":"EntryPoint","urlTemplate":"https:\/\/hobby4geek.com\/?s={search_term_string}"},"query-input":{"@type":"PropertyValueSpecification","valueRequired":true,"valueName":"search_term_string"}}],"inLanguage":"fr-FR"},{"@type":"Organization","@id":"https:\/\/hobby4geek.com\/#organization","name":"Hobby4Geek","url":"https:\/\/hobby4geek.com\/","logo":{"@type":"ImageObject","inLanguage":"fr-FR","@id":"https:\/\/hobby4geek.com\/#\/schema\/logo\/image\/","url":"https:\/\/hobby4geek.com\/wp-content\/uploads\/2023\/02\/default-kit.png","contentUrl":"https:\/\/hobby4geek.com\/wp-content\/uploads\/2023\/02\/default-kit.png","width":600,"height":600,"caption":"Hobby4Geek"},"image":{"@id":"https:\/\/hobby4geek.com\/#\/schema\/logo\/image\/"},"sameAs":["https:\/\/www.facebook.com\/hobby4geek","https:\/\/x.com\/hobby4geek","https:\/\/www.instagram.com\/hobby4geek\/"]}]},"product_brand":"Hasbro","product_price_amount":"228.00","product_price_currency":"EUR","og_availability":"out of stock","product_availability":"out of stock","product_retailer_item_id":"4895250806917","product_condition":"new"},"_links":{"self":[{"href":"https:\/\/hobby4geek.com\/fr\/wp-json\/wp\/v2\/product\/188871","targetHints":{"allow":["GET"]}}],"collection":[{"href":"https:\/\/hobby4geek.com\/fr\/wp-json\/wp\/v2\/product"}],"about":[{"href":"https:\/\/hobby4geek.com\/fr\/wp-json\/wp\/v2\/types\/product"}],"replies":[{"embeddable":true,"href":"https:\/\/hobby4geek.com\/fr\/wp-json\/wp\/v2\/comments?post=188871"}],"version-history":[{"count":0,"href":"https:\/\/hobby4geek.com\/fr\/wp-json\/wp\/v2\/product\/188871\/revisions"}],"wp:featuredmedia":[{"embeddable":true,"href":"https:\/\/hobby4geek.com\/fr\/wp-json\/wp\/v2\/media\/188907"}],"wp:attachment":[{"href":"https:\/\/hobby4geek.com\/fr\/wp-json\/wp\/v2\/media?parent=188871"}],"wp:term":[{"taxonomy":"product_brand","embeddable":true,"href":"https:\/\/hobby4geek.com\/fr\/wp-json\/wp\/v2\/product_brand?post=188871"},{"taxonomy":"product_cat","embeddable":true,"href":"https:\/\/hobby4geek.com\/fr\/wp-json\/wp\/v2\/product_cat?post=188871"},{"taxonomy":"product_tag","embeddable":true,"href":"https:\/\/hobby4geek.com\/fr\/wp-json\/wp\/v2\/product_tag?post=188871"},{"taxonomy":"giftcard-category","embeddable":true,"href":"https:\/\/hobby4geek.com\/fr\/wp-json\/wp\/v2\/giftcard-category?post=188871"}],"curies":[{"name":"wp","href":"https:\/\/api.w.org\/{rel}","templated":true}]}}