{"id":188811,"date":"2024-06-09T01:01:34","date_gmt":"2024-06-09T00:01:34","guid":{"rendered":"https:\/\/hobby4geek.com\/?post_type=product&#038;p=188811"},"modified":"2024-11-05T12:47:46","modified_gmt":"2024-11-05T11:47:46","slug":"transformers-the-movie-studio-series-86-22-deluxe-class-brawn","status":"publish","type":"product","link":"https:\/\/hobby4geek.com\/fr\/produit\/transformers-the-movie-studio-series-86-22-deluxe-class-brawn\/","title":{"rendered":"Transformers : The Movie - Studio Series 86-22 Brawn"},"content":{"rendered":"<p>Retrouvez l'action \u00e9pique des films Transformers sur grand \u00e9cran dans votre collection avec la figurine Transformers Studio Series Deluxe Class 86-22 Brawn, inspir\u00e9e du film Transformers : The Movie ! Afin de prot\u00e9ger l'\u00e9quipage, Brawn est le premier \u00e0 agir lorsque les Decepticons attaquent la navette Autobot. Les jouets Transformers Studio Series sont des figurines \u00e0 collectionner pour les gar\u00e7ons et les filles de 8 ans, avec des d\u00e9tails et des accessoires inspir\u00e9s du film. Convertissez la figurine du mode robot au mode v\u00e9hicule tout-terrain en 23 \u00e9tapes et posez le jouet Brawn dans la sc\u00e8ne de fond amovible de l'embuscade de la navette des Decepticons incluse. Les figurines Transformers pour gar\u00e7ons et filles sont d'excellents cadeaux !<\/p>\n<p>Comprend une figurine, un accessoire, une toile de fond amovible et des instructions.<\/p>\n<ul>\n<li>LE BRAWN DE TRANSFORMERS : LE FILM : Cette figurine Transformers Studio Series 86-22 Brawn pour gar\u00e7ons et filles est hautement articul\u00e9e pour une meilleure posabilit\u00e9 et pr\u00e9sente des d\u00e9cors et des d\u00e9tails inspir\u00e9s du film.<\/li>\n<li>TRANSFORMERS STUDIO SERIES DELUXE CLASS : Les figurines de collection Transformers de 4,5 pouces Deluxe Class sont inspir\u00e9es de sc\u00e8nes de films embl\u00e9matiques et con\u00e7ues avec des sp\u00e9cifications bas\u00e9es sur l'univers du film Transformers.<\/li>\n<li>2 MODES ICONIQUES : Ce jouet Studio Series Transformers pour gar\u00e7ons et filles de 8 ans permet une conversion classique entre les modes robot et v\u00e9hicule tout-terrain en 23 \u00e9tapes.<\/li>\n<li>DES ACCESSOIRES G\u00c9NIAUX : La figurine Transformers est livr\u00e9e avec un accessoire blaster qui s'attache \u00e0 la figurine Brawn dans les deux modes.<\/li>\n<li>TOILE DE FOND AMOVIBLE : La toile de fond amovible permet de pr\u00e9senter la figurine Brawn dans la sc\u00e8ne de l'embuscade de la navette Decepticon. Les fans peuvent utiliser la toile de fond et poser leurs figurines dans la sc\u00e8ne avec leur propre style.<\/li>\n<\/ul>","protected":false},"excerpt":{"rendered":"<ul>\n<li>11 cm<\/li>\n<li>Passer d'un robot \u00e0 un v\u00e9hicule tout-terrain<\/li>\n<li>Transformer en 23 \u00e9tapes<\/li>\n<li>Toile de fond amovible<\/li>\n<\/ul>\n<p><strong>Accessoires :<\/strong><\/p>\n<ul>\n<li>2 blasters<\/li>\n<li>Une \u00e9p\u00e9e<\/li>\n<\/ul>\n<p>&nbsp;<\/p>","protected":false},"featured_media":188817,"comment_status":"open","ping_status":"closed","template":"","meta":{"inline_featured_image":false},"product_brand":[],"product_cat":[1955,68,1960],"product_tag":[1759,199,2216,1964,335,1936,2217,2215,1994,2214],"giftcard-category":[],"class_list":{"0":"post-188811","1":"product","2":"type-product","3":"status-publish","4":"has-post-thumbnail","6":"product_cat-transformers","7":"product_cat-hasbro","8":"product_cat-transformers-generations","9":"product_tag-action-toys","10":"product_tag-autobot","11":"product_tag-brawn","12":"product_tag-deluxe-class","13":"product_tag-hasbro","14":"product_tag-models-co","15":"product_tag-ss86-22","16":"product_tag-studio-series-86-22","17":"product_tag-transformers-studio-series","18":"product_tag-transformers-the-movie","19":"product_shipping_class-light","21":"first","22":"outofstock","23":"featured","24":"taxable","25":"shipping-taxable","26":"purchasable","27":"product-type-simple","28":"add-to-wishlist-after_add_to_cart"},"yoast_head":"<!-- This site is optimized with the Yoast SEO Premium plugin v25.3.1 (Yoast SEO v27.2) - https:\/\/yoast.com\/product\/yoast-seo-premium-wordpress\/ -->\n<title>Transformers: The Movie - Studio Series 86-22 Brawn<\/title>\n<meta name=\"robots\" content=\"index, follow, max-snippet:-1, max-image-preview:large, max-video-preview:-1\" \/>\n<link rel=\"canonical\" href=\"https:\/\/hobby4geek.com\/fr\/produit\/transformers-the-movie-studio-series-86-22-deluxe-class-brawn\/\" \/>\n<meta property=\"og:locale\" content=\"fr_FR\" \/>\n<meta property=\"og:type\" content=\"article\" \/>\n<meta property=\"og:title\" content=\"Transformers: The Movie - Studio Series 86-22 Brawn\" \/>\n<meta property=\"og:description\" content=\"11 cm  Convert from robot to off-road vehicle  Transform in 23 steps  Removable backdrop  Accessories:   2 blasters  A sword  &nbsp;\" \/>\n<meta property=\"og:url\" content=\"https:\/\/hobby4geek.com\/fr\/produit\/transformers-the-movie-studio-series-86-22-deluxe-class-brawn\/\" \/>\n<meta property=\"og:site_name\" content=\"Hobby4Geek\" \/>\n<meta property=\"article:publisher\" content=\"https:\/\/www.facebook.com\/hobby4geek\" \/>\n<meta property=\"article:modified_time\" content=\"2024-11-05T11:47:46+00:00\" \/>\n<meta property=\"og:image\" content=\"https:\/\/hobby4geek.com\/wp-content\/uploads\/2023\/06\/transformers-the-movie-studio-series-86-22-deluxe-class-brawn-3.webp\" \/>\n\t<meta property=\"og:image:width\" content=\"2000\" \/>\n\t<meta property=\"og:image:height\" content=\"2000\" \/>\n\t<meta property=\"og:image:type\" content=\"image\/webp\" \/>\n<meta name=\"twitter:card\" content=\"summary_large_image\" \/>\n<meta name=\"twitter:site\" content=\"@hobby4geek\" \/>\n<script type=\"application\/ld+json\" class=\"yoast-schema-graph\">{\"@context\":\"https:\/\/schema.org\",\"@graph\":[{\"@type\":\"WebPage\",\"@id\":\"https:\/\/hobby4geek.com\/product\/transformers-the-movie-studio-series-86-22-deluxe-class-brawn\/\",\"url\":\"https:\/\/hobby4geek.com\/product\/transformers-the-movie-studio-series-86-22-deluxe-class-brawn\/\",\"name\":\"Transformers: The Movie - Studio Series 86-22 Brawn\",\"isPartOf\":{\"@id\":\"https:\/\/hobby4geek.com\/#website\"},\"primaryImageOfPage\":{\"@id\":\"https:\/\/hobby4geek.com\/product\/transformers-the-movie-studio-series-86-22-deluxe-class-brawn\/#primaryimage\"},\"image\":{\"@id\":\"https:\/\/hobby4geek.com\/product\/transformers-the-movie-studio-series-86-22-deluxe-class-brawn\/#primaryimage\"},\"thumbnailUrl\":\"https:\/\/hobby4geek.com\/wp-content\/uploads\/2023\/06\/transformers-the-movie-studio-series-86-22-deluxe-class-brawn-3.webp\",\"datePublished\":\"2024-06-09T00:01:34+00:00\",\"dateModified\":\"2024-11-05T11:47:46+00:00\",\"breadcrumb\":{\"@id\":\"https:\/\/hobby4geek.com\/product\/transformers-the-movie-studio-series-86-22-deluxe-class-brawn\/#breadcrumb\"},\"inLanguage\":\"fr-FR\",\"potentialAction\":[{\"@type\":\"ReadAction\",\"target\":[\"https:\/\/hobby4geek.com\/product\/transformers-the-movie-studio-series-86-22-deluxe-class-brawn\/\"]}]},{\"@type\":\"ImageObject\",\"inLanguage\":\"fr-FR\",\"@id\":\"https:\/\/hobby4geek.com\/product\/transformers-the-movie-studio-series-86-22-deluxe-class-brawn\/#primaryimage\",\"url\":\"https:\/\/hobby4geek.com\/wp-content\/uploads\/2023\/06\/transformers-the-movie-studio-series-86-22-deluxe-class-brawn-3.webp\",\"contentUrl\":\"https:\/\/hobby4geek.com\/wp-content\/uploads\/2023\/06\/transformers-the-movie-studio-series-86-22-deluxe-class-brawn-3.webp\",\"width\":2000,\"height\":2000},{\"@type\":\"BreadcrumbList\",\"@id\":\"https:\/\/hobby4geek.com\/product\/transformers-the-movie-studio-series-86-22-deluxe-class-brawn\/#breadcrumb\",\"itemListElement\":[{\"@type\":\"ListItem\",\"position\":1,\"name\":\"Home\",\"item\":\"https:\/\/hobby4geek.com\/\"},{\"@type\":\"ListItem\",\"position\":2,\"name\":\"Shop\",\"item\":\"https:\/\/hobby4geek.com\/shop\/\"},{\"@type\":\"ListItem\",\"position\":3,\"name\":\"Transformers: The Movie &#8211; Studio Series 86-22 Brawn\"}]},{\"@type\":\"WebSite\",\"@id\":\"https:\/\/hobby4geek.com\/#website\",\"url\":\"https:\/\/hobby4geek.com\/\",\"name\":\"Hobby4Geek\",\"description\":\"Collect, Play &amp; Showcase, Embrace your Geekiness\",\"publisher\":{\"@id\":\"https:\/\/hobby4geek.com\/#organization\"},\"potentialAction\":[{\"@type\":\"SearchAction\",\"target\":{\"@type\":\"EntryPoint\",\"urlTemplate\":\"https:\/\/hobby4geek.com\/?s={search_term_string}\"},\"query-input\":{\"@type\":\"PropertyValueSpecification\",\"valueRequired\":true,\"valueName\":\"search_term_string\"}}],\"inLanguage\":\"fr-FR\"},{\"@type\":\"Organization\",\"@id\":\"https:\/\/hobby4geek.com\/#organization\",\"name\":\"Hobby4Geek\",\"url\":\"https:\/\/hobby4geek.com\/\",\"logo\":{\"@type\":\"ImageObject\",\"inLanguage\":\"fr-FR\",\"@id\":\"https:\/\/hobby4geek.com\/#\/schema\/logo\/image\/\",\"url\":\"https:\/\/hobby4geek.com\/wp-content\/uploads\/2023\/02\/default-kit.png\",\"contentUrl\":\"https:\/\/hobby4geek.com\/wp-content\/uploads\/2023\/02\/default-kit.png\",\"width\":600,\"height\":600,\"caption\":\"Hobby4Geek\"},\"image\":{\"@id\":\"https:\/\/hobby4geek.com\/#\/schema\/logo\/image\/\"},\"sameAs\":[\"https:\/\/www.facebook.com\/hobby4geek\",\"https:\/\/x.com\/hobby4geek\",\"https:\/\/www.instagram.com\/hobby4geek\/\"]}]}<\/script>\n<meta property=\"product:brand\" content=\"Transformers\" \/>\n<meta property=\"product:price:amount\" content=\"27.80\" \/>\n<meta property=\"product:price:currency\" content=\"EUR\" \/>\n<meta property=\"og:availability\" content=\"out of stock\" \/>\n<meta property=\"product:availability\" content=\"out of stock\" \/>\n<meta property=\"product:retailer_item_id\" content=\"5010996165787\" \/>\n<meta property=\"product:condition\" content=\"new\" \/>\n<!-- \/ Yoast SEO Premium plugin. -->","yoast_head_json":{"title":"Transformers : The Movie - Studio Series 86-22 Brawn","robots":{"index":"index","follow":"follow","max-snippet":"max-snippet:-1","max-image-preview":"max-image-preview:large","max-video-preview":"max-video-preview:-1"},"canonical":"https:\/\/hobby4geek.com\/fr\/produit\/transformers-the-movie-studio-series-86-22-deluxe-class-brawn\/","og_locale":"fr_FR","og_type":"article","og_title":"Transformers: The Movie - Studio Series 86-22 Brawn","og_description":"11 cm  Convert from robot to off-road vehicle  Transform in 23 steps  Removable backdrop  Accessories:   2 blasters  A sword  &nbsp;","og_url":"https:\/\/hobby4geek.com\/fr\/produit\/transformers-the-movie-studio-series-86-22-deluxe-class-brawn\/","og_site_name":"Hobby4Geek","article_publisher":"https:\/\/www.facebook.com\/hobby4geek","article_modified_time":"2024-11-05T11:47:46+00:00","og_image":[{"width":2000,"height":2000,"url":"https:\/\/hobby4geek.com\/wp-content\/uploads\/2023\/06\/transformers-the-movie-studio-series-86-22-deluxe-class-brawn-3.webp","type":"image\/webp"}],"twitter_card":"summary_large_image","twitter_site":"@hobby4geek","schema":{"@context":"https:\/\/schema.org","@graph":[{"@type":"WebPage","@id":"https:\/\/hobby4geek.com\/product\/transformers-the-movie-studio-series-86-22-deluxe-class-brawn\/","url":"https:\/\/hobby4geek.com\/product\/transformers-the-movie-studio-series-86-22-deluxe-class-brawn\/","name":"Transformers : The Movie - Studio Series 86-22 Brawn","isPartOf":{"@id":"https:\/\/hobby4geek.com\/#website"},"primaryImageOfPage":{"@id":"https:\/\/hobby4geek.com\/product\/transformers-the-movie-studio-series-86-22-deluxe-class-brawn\/#primaryimage"},"image":{"@id":"https:\/\/hobby4geek.com\/product\/transformers-the-movie-studio-series-86-22-deluxe-class-brawn\/#primaryimage"},"thumbnailUrl":"https:\/\/hobby4geek.com\/wp-content\/uploads\/2023\/06\/transformers-the-movie-studio-series-86-22-deluxe-class-brawn-3.webp","datePublished":"2024-06-09T00:01:34+00:00","dateModified":"2024-11-05T11:47:46+00:00","breadcrumb":{"@id":"https:\/\/hobby4geek.com\/product\/transformers-the-movie-studio-series-86-22-deluxe-class-brawn\/#breadcrumb"},"inLanguage":"fr-FR","potentialAction":[{"@type":"ReadAction","target":["https:\/\/hobby4geek.com\/product\/transformers-the-movie-studio-series-86-22-deluxe-class-brawn\/"]}]},{"@type":"ImageObject","inLanguage":"fr-FR","@id":"https:\/\/hobby4geek.com\/product\/transformers-the-movie-studio-series-86-22-deluxe-class-brawn\/#primaryimage","url":"https:\/\/hobby4geek.com\/wp-content\/uploads\/2023\/06\/transformers-the-movie-studio-series-86-22-deluxe-class-brawn-3.webp","contentUrl":"https:\/\/hobby4geek.com\/wp-content\/uploads\/2023\/06\/transformers-the-movie-studio-series-86-22-deluxe-class-brawn-3.webp","width":2000,"height":2000},{"@type":"BreadcrumbList","@id":"https:\/\/hobby4geek.com\/product\/transformers-the-movie-studio-series-86-22-deluxe-class-brawn\/#breadcrumb","itemListElement":[{"@type":"ListItem","position":1,"name":"Home","item":"https:\/\/hobby4geek.com\/"},{"@type":"ListItem","position":2,"name":"Shop","item":"https:\/\/hobby4geek.com\/shop\/"},{"@type":"ListItem","position":3,"name":"Transformers: The Movie &#8211; Studio Series 86-22 Brawn"}]},{"@type":"WebSite","@id":"https:\/\/hobby4geek.com\/#website","url":"https:\/\/hobby4geek.com\/","name":"Hobby4Geek","description":"Collectionnez, jouez et exposez, embrassez votre geekitude","publisher":{"@id":"https:\/\/hobby4geek.com\/#organization"},"potentialAction":[{"@type":"SearchAction","target":{"@type":"EntryPoint","urlTemplate":"https:\/\/hobby4geek.com\/?s={search_term_string}"},"query-input":{"@type":"PropertyValueSpecification","valueRequired":true,"valueName":"search_term_string"}}],"inLanguage":"fr-FR"},{"@type":"Organization","@id":"https:\/\/hobby4geek.com\/#organization","name":"Hobby4Geek","url":"https:\/\/hobby4geek.com\/","logo":{"@type":"ImageObject","inLanguage":"fr-FR","@id":"https:\/\/hobby4geek.com\/#\/schema\/logo\/image\/","url":"https:\/\/hobby4geek.com\/wp-content\/uploads\/2023\/02\/default-kit.png","contentUrl":"https:\/\/hobby4geek.com\/wp-content\/uploads\/2023\/02\/default-kit.png","width":600,"height":600,"caption":"Hobby4Geek"},"image":{"@id":"https:\/\/hobby4geek.com\/#\/schema\/logo\/image\/"},"sameAs":["https:\/\/www.facebook.com\/hobby4geek","https:\/\/x.com\/hobby4geek","https:\/\/www.instagram.com\/hobby4geek\/"]}]},"product_brand":"Transformers","product_price_amount":"27.80","product_price_currency":"EUR","og_availability":"out of stock","product_availability":"out of stock","product_retailer_item_id":"5010996165787","product_condition":"new"},"_links":{"self":[{"href":"https:\/\/hobby4geek.com\/fr\/wp-json\/wp\/v2\/product\/188811","targetHints":{"allow":["GET"]}}],"collection":[{"href":"https:\/\/hobby4geek.com\/fr\/wp-json\/wp\/v2\/product"}],"about":[{"href":"https:\/\/hobby4geek.com\/fr\/wp-json\/wp\/v2\/types\/product"}],"replies":[{"embeddable":true,"href":"https:\/\/hobby4geek.com\/fr\/wp-json\/wp\/v2\/comments?post=188811"}],"version-history":[{"count":0,"href":"https:\/\/hobby4geek.com\/fr\/wp-json\/wp\/v2\/product\/188811\/revisions"}],"wp:featuredmedia":[{"embeddable":true,"href":"https:\/\/hobby4geek.com\/fr\/wp-json\/wp\/v2\/media\/188817"}],"wp:attachment":[{"href":"https:\/\/hobby4geek.com\/fr\/wp-json\/wp\/v2\/media?parent=188811"}],"wp:term":[{"taxonomy":"product_brand","embeddable":true,"href":"https:\/\/hobby4geek.com\/fr\/wp-json\/wp\/v2\/product_brand?post=188811"},{"taxonomy":"product_cat","embeddable":true,"href":"https:\/\/hobby4geek.com\/fr\/wp-json\/wp\/v2\/product_cat?post=188811"},{"taxonomy":"product_tag","embeddable":true,"href":"https:\/\/hobby4geek.com\/fr\/wp-json\/wp\/v2\/product_tag?post=188811"},{"taxonomy":"giftcard-category","embeddable":true,"href":"https:\/\/hobby4geek.com\/fr\/wp-json\/wp\/v2\/giftcard-category?post=188811"}],"curies":[{"name":"wp","href":"https:\/\/api.w.org\/{rel}","templated":true}]}}