{"id":188778,"date":"2023-06-01T23:08:03","date_gmt":"2023-06-01T21:08:03","guid":{"rendered":"https:\/\/hobby4geek.com\/?post_type=product&#038;p=188778"},"modified":"2024-05-12T13:31:13","modified_gmt":"2024-05-12T12:31:13","slug":"transformers-dark-of-the-moon-studio-series-core-class-bumblebee","status":"publish","type":"product","link":"https:\/\/hobby4geek.com\/fr\/produit\/transformers-dark-of-the-moon-studio-series-core-class-bumblebee\/","title":{"rendered":"Transformers : Dark of The Moon - Studio Series - Core Class Bumblebee"},"content":{"rendered":"<p>Faites entrer l'action \u00e9pique des films Transformers du grand \u00e9cran dans votre collection avec la figurine Transformers Studio Series Bumblebee !<\/p>\n<p>Les jouets Studio Series Transformers sont des figurines \u00e0 collectionner pour les gar\u00e7ons et les filles de 8 ans qui pr\u00e9sentent des d\u00e9tails et des accessoires inspir\u00e9s des films. Convertissez la figurine de collection du robot au mode Camaro sous licence en 15 \u00e9tapes et posez le jouet Bumblebee avec l'accessoire blaster inclus.<\/p>\n<ul>\n<li>CLASSES DE BASE DE LA S\u00c9RIE STUDIO TRANSFORMERS : Ces figurines de collection de 3,5 pouces pour gar\u00e7ons et filles sont inspir\u00e9es de sc\u00e8nes de films embl\u00e9matiques et con\u00e7ues avec des d\u00e9tails refl\u00e9tant l'univers du film Transformers.<\/li>\n<li>JOUET BUMBLEBEE \u00c0 L'\u00c9CHELLE DE 3,5 POUCES : la figurine Transformers Studio Series Bumblebee est tr\u00e8s articul\u00e9e pour pouvoir \u00eatre pos\u00e9e et pr\u00e9sente des d\u00e9cors et des d\u00e9tails inspir\u00e9s du film.<\/li>\n<li>2 MODES ICONIQUES : Cette figurine offre une conversion classique entre le mode robot et le mode Camaro en 15 \u00e9tapes.<\/li>\n<li>DES ACCESSOIRES G\u00c9NIAUX : La figurine Transformers est livr\u00e9e avec un accessoire blaster qui s'attache \u00e0 la figurine Bumblebee dans les deux modes.<\/li>\n<li>CADEAUX POUR LES GAR\u00c7ONS ET LES FILLES : les jouets Transformers sont des cadeaux parfaits pour les gar\u00e7ons et les filles de 8 ans et plus.<\/li>\n<\/ul>\n<ul>\n<li>8,9 cm<\/li>\n<li>Classe Origine<\/li>\n<li>Transformer en 15 \u00e9tapes<\/li>\n<li>Accessoire blaster<\/li>\n<\/ul>","protected":false},"excerpt":{"rendered":"<ul>\n<li>8,9 cm<\/li>\n<li>Classe Origine<\/li>\n<li>Transformer en 15 \u00e9tapes<\/li>\n<li>Accessoire blaster<\/li>\n<\/ul>","protected":false},"featured_media":188783,"comment_status":"open","ping_status":"closed","template":"","meta":{"inline_featured_image":false},"product_brand":[],"product_cat":[1955,68,69,1960],"product_tag":[1759,224,2109,647,335,240,203,1975,204,913,1961,1962,1994],"giftcard-category":[],"class_list":{"0":"post-188778","1":"product","2":"type-product","3":"status-publish","4":"has-post-thumbnail","6":"product_cat-transformers","7":"product_cat-hasbro","8":"product_cat-takara-tomy","9":"product_cat-transformers-generations","10":"product_tag-action-toys","11":"product_tag-bumblebee","12":"product_tag-core-class","13":"product_tag-dotm","14":"product_tag-hasbro","15":"product_tag-studio-series","16":"product_tag-takara-tomy","17":"product_tag-toys-figures","18":"product_tag-transformers","19":"product_tag-transformers-dark-of-the-moon","20":"product_tag-transformers-authentic","21":"product_tag-transformers-generations","22":"product_tag-transformers-studio-series","23":"product_shipping_class-light","25":"first","26":"outofstock","27":"taxable","28":"shipping-taxable","29":"purchasable","30":"product-type-simple","31":"add-to-wishlist-after_add_to_cart"},"yoast_head":"<!-- This site is optimized with the Yoast SEO Premium plugin v25.3.1 (Yoast SEO v27.2) - https:\/\/yoast.com\/product\/yoast-seo-premium-wordpress\/ -->\n<title>Transformers: Dark of The Moon - Studio Series - Core Class Bumblebee<\/title>\n<meta name=\"robots\" content=\"index, follow, max-snippet:-1, max-image-preview:large, max-video-preview:-1\" \/>\n<link rel=\"canonical\" href=\"https:\/\/hobby4geek.com\/fr\/produit\/transformers-dark-of-the-moon-studio-series-core-class-bumblebee\/\" \/>\n<meta property=\"og:locale\" content=\"fr_FR\" \/>\n<meta property=\"og:type\" content=\"article\" \/>\n<meta property=\"og:title\" content=\"Transformers: Dark of The Moon - Studio Series - Core Class Bumblebee\" \/>\n<meta property=\"og:description\" content=\"8,9 cm  Core Class  Tranform in 15 steps  Blaster accessory\" \/>\n<meta property=\"og:url\" content=\"https:\/\/hobby4geek.com\/fr\/produit\/transformers-dark-of-the-moon-studio-series-core-class-bumblebee\/\" \/>\n<meta property=\"og:site_name\" content=\"Hobby4Geek\" \/>\n<meta property=\"article:publisher\" content=\"https:\/\/www.facebook.com\/hobby4geek\" \/>\n<meta property=\"article:modified_time\" content=\"2024-05-12T12:31:13+00:00\" \/>\n<meta property=\"og:image\" content=\"https:\/\/hobby4geek.com\/wp-content\/uploads\/2023\/06\/transformers-dark-of-the-moon-studio-series-core-class-bumblebee-5.jpg\" \/>\n\t<meta property=\"og:image:width\" content=\"1920\" \/>\n\t<meta property=\"og:image:height\" content=\"1920\" \/>\n\t<meta property=\"og:image:type\" content=\"image\/jpeg\" \/>\n<meta name=\"twitter:card\" content=\"summary_large_image\" \/>\n<meta name=\"twitter:site\" content=\"@hobby4geek\" \/>\n<script type=\"application\/ld+json\" class=\"yoast-schema-graph\">{\"@context\":\"https:\/\/schema.org\",\"@graph\":[{\"@type\":\"WebPage\",\"@id\":\"https:\/\/hobby4geek.com\/es\/producto\/transformers-dark-of-the-moon-studio-series-core-class-bumblebee\/\",\"url\":\"https:\/\/hobby4geek.com\/es\/producto\/transformers-dark-of-the-moon-studio-series-core-class-bumblebee\/\",\"name\":\"Transformers: Dark of The Moon - Studio Series - Core Class Bumblebee\",\"isPartOf\":{\"@id\":\"https:\/\/hobby4geek.com\/#website\"},\"primaryImageOfPage\":{\"@id\":\"https:\/\/hobby4geek.com\/es\/producto\/transformers-dark-of-the-moon-studio-series-core-class-bumblebee\/#primaryimage\"},\"image\":{\"@id\":\"https:\/\/hobby4geek.com\/es\/producto\/transformers-dark-of-the-moon-studio-series-core-class-bumblebee\/#primaryimage\"},\"thumbnailUrl\":\"https:\/\/hobby4geek.com\/wp-content\/uploads\/2023\/06\/transformers-dark-of-the-moon-studio-series-core-class-bumblebee-5.jpg\",\"datePublished\":\"2023-06-01T21:08:03+00:00\",\"dateModified\":\"2024-05-12T12:31:13+00:00\",\"breadcrumb\":{\"@id\":\"https:\/\/hobby4geek.com\/es\/producto\/transformers-dark-of-the-moon-studio-series-core-class-bumblebee\/#breadcrumb\"},\"inLanguage\":\"fr-FR\",\"potentialAction\":[{\"@type\":\"ReadAction\",\"target\":[\"https:\/\/hobby4geek.com\/es\/producto\/transformers-dark-of-the-moon-studio-series-core-class-bumblebee\/\"]}]},{\"@type\":\"ImageObject\",\"inLanguage\":\"fr-FR\",\"@id\":\"https:\/\/hobby4geek.com\/es\/producto\/transformers-dark-of-the-moon-studio-series-core-class-bumblebee\/#primaryimage\",\"url\":\"https:\/\/hobby4geek.com\/wp-content\/uploads\/2023\/06\/transformers-dark-of-the-moon-studio-series-core-class-bumblebee-5.jpg\",\"contentUrl\":\"https:\/\/hobby4geek.com\/wp-content\/uploads\/2023\/06\/transformers-dark-of-the-moon-studio-series-core-class-bumblebee-5.jpg\",\"width\":1920,\"height\":1920},{\"@type\":\"BreadcrumbList\",\"@id\":\"https:\/\/hobby4geek.com\/es\/producto\/transformers-dark-of-the-moon-studio-series-core-class-bumblebee\/#breadcrumb\",\"itemListElement\":[{\"@type\":\"ListItem\",\"position\":1,\"name\":\"Home\",\"item\":\"https:\/\/hobby4geek.com\/\"},{\"@type\":\"ListItem\",\"position\":2,\"name\":\"Shop\",\"item\":\"https:\/\/hobby4geek.com\/shop\/\"},{\"@type\":\"ListItem\",\"position\":3,\"name\":\"Transformers: Dark of The Moon &#8211; Studio Series &#8211; Core Class Bumblebee\"}]},{\"@type\":\"WebSite\",\"@id\":\"https:\/\/hobby4geek.com\/#website\",\"url\":\"https:\/\/hobby4geek.com\/\",\"name\":\"Hobby4Geek\",\"description\":\"Collect, Play &amp; Showcase, Embrace your Geekiness\",\"publisher\":{\"@id\":\"https:\/\/hobby4geek.com\/#organization\"},\"potentialAction\":[{\"@type\":\"SearchAction\",\"target\":{\"@type\":\"EntryPoint\",\"urlTemplate\":\"https:\/\/hobby4geek.com\/?s={search_term_string}\"},\"query-input\":{\"@type\":\"PropertyValueSpecification\",\"valueRequired\":true,\"valueName\":\"search_term_string\"}}],\"inLanguage\":\"fr-FR\"},{\"@type\":\"Organization\",\"@id\":\"https:\/\/hobby4geek.com\/#organization\",\"name\":\"Hobby4Geek\",\"url\":\"https:\/\/hobby4geek.com\/\",\"logo\":{\"@type\":\"ImageObject\",\"inLanguage\":\"fr-FR\",\"@id\":\"https:\/\/hobby4geek.com\/#\/schema\/logo\/image\/\",\"url\":\"https:\/\/hobby4geek.com\/wp-content\/uploads\/2023\/02\/default-kit.png\",\"contentUrl\":\"https:\/\/hobby4geek.com\/wp-content\/uploads\/2023\/02\/default-kit.png\",\"width\":600,\"height\":600,\"caption\":\"Hobby4Geek\"},\"image\":{\"@id\":\"https:\/\/hobby4geek.com\/#\/schema\/logo\/image\/\"},\"sameAs\":[\"https:\/\/www.facebook.com\/hobby4geek\",\"https:\/\/x.com\/hobby4geek\",\"https:\/\/www.instagram.com\/hobby4geek\/\"]}]}<\/script>\n<meta property=\"product:brand\" content=\"Transformers\" \/>\n<meta property=\"product:price:amount\" content=\"14.80\" \/>\n<meta property=\"product:price:currency\" content=\"EUR\" \/>\n<meta property=\"og:availability\" content=\"out of stock\" \/>\n<meta property=\"product:availability\" content=\"out of stock\" \/>\n<meta property=\"product:retailer_item_id\" content=\"5010996145741\" \/>\n<meta property=\"product:condition\" content=\"new\" \/>\n<!-- \/ Yoast SEO Premium plugin. -->","yoast_head_json":{"title":"Transformers : Dark of The Moon - Studio Series - Classe de base Bumblebee","robots":{"index":"index","follow":"follow","max-snippet":"max-snippet:-1","max-image-preview":"max-image-preview:large","max-video-preview":"max-video-preview:-1"},"canonical":"https:\/\/hobby4geek.com\/fr\/produit\/transformers-dark-of-the-moon-studio-series-core-class-bumblebee\/","og_locale":"fr_FR","og_type":"article","og_title":"Transformers: Dark of The Moon - Studio Series - Core Class Bumblebee","og_description":"8,9 cm  Core Class  Tranform in 15 steps  Blaster accessory","og_url":"https:\/\/hobby4geek.com\/fr\/produit\/transformers-dark-of-the-moon-studio-series-core-class-bumblebee\/","og_site_name":"Hobby4Geek","article_publisher":"https:\/\/www.facebook.com\/hobby4geek","article_modified_time":"2024-05-12T12:31:13+00:00","og_image":[{"width":1920,"height":1920,"url":"https:\/\/hobby4geek.com\/wp-content\/uploads\/2023\/06\/transformers-dark-of-the-moon-studio-series-core-class-bumblebee-5.jpg","type":"image\/jpeg"}],"twitter_card":"summary_large_image","twitter_site":"@hobby4geek","schema":{"@context":"https:\/\/schema.org","@graph":[{"@type":"WebPage","@id":"https:\/\/hobby4geek.com\/es\/producto\/transformers-dark-of-the-moon-studio-series-core-class-bumblebee\/","url":"https:\/\/hobby4geek.com\/es\/producto\/transformers-dark-of-the-moon-studio-series-core-class-bumblebee\/","name":"Transformers : Dark of The Moon - Studio Series - Classe de base Bumblebee","isPartOf":{"@id":"https:\/\/hobby4geek.com\/#website"},"primaryImageOfPage":{"@id":"https:\/\/hobby4geek.com\/es\/producto\/transformers-dark-of-the-moon-studio-series-core-class-bumblebee\/#primaryimage"},"image":{"@id":"https:\/\/hobby4geek.com\/es\/producto\/transformers-dark-of-the-moon-studio-series-core-class-bumblebee\/#primaryimage"},"thumbnailUrl":"https:\/\/hobby4geek.com\/wp-content\/uploads\/2023\/06\/transformers-dark-of-the-moon-studio-series-core-class-bumblebee-5.jpg","datePublished":"2023-06-01T21:08:03+00:00","dateModified":"2024-05-12T12:31:13+00:00","breadcrumb":{"@id":"https:\/\/hobby4geek.com\/es\/producto\/transformers-dark-of-the-moon-studio-series-core-class-bumblebee\/#breadcrumb"},"inLanguage":"fr-FR","potentialAction":[{"@type":"ReadAction","target":["https:\/\/hobby4geek.com\/es\/producto\/transformers-dark-of-the-moon-studio-series-core-class-bumblebee\/"]}]},{"@type":"ImageObject","inLanguage":"fr-FR","@id":"https:\/\/hobby4geek.com\/es\/producto\/transformers-dark-of-the-moon-studio-series-core-class-bumblebee\/#primaryimage","url":"https:\/\/hobby4geek.com\/wp-content\/uploads\/2023\/06\/transformers-dark-of-the-moon-studio-series-core-class-bumblebee-5.jpg","contentUrl":"https:\/\/hobby4geek.com\/wp-content\/uploads\/2023\/06\/transformers-dark-of-the-moon-studio-series-core-class-bumblebee-5.jpg","width":1920,"height":1920},{"@type":"BreadcrumbList","@id":"https:\/\/hobby4geek.com\/es\/producto\/transformers-dark-of-the-moon-studio-series-core-class-bumblebee\/#breadcrumb","itemListElement":[{"@type":"ListItem","position":1,"name":"Home","item":"https:\/\/hobby4geek.com\/"},{"@type":"ListItem","position":2,"name":"Shop","item":"https:\/\/hobby4geek.com\/shop\/"},{"@type":"ListItem","position":3,"name":"Transformers: Dark of The Moon &#8211; Studio Series &#8211; Core Class Bumblebee"}]},{"@type":"WebSite","@id":"https:\/\/hobby4geek.com\/#website","url":"https:\/\/hobby4geek.com\/","name":"Hobby4Geek","description":"Collectionnez, jouez et exposez, embrassez votre geekitude","publisher":{"@id":"https:\/\/hobby4geek.com\/#organization"},"potentialAction":[{"@type":"SearchAction","target":{"@type":"EntryPoint","urlTemplate":"https:\/\/hobby4geek.com\/?s={search_term_string}"},"query-input":{"@type":"PropertyValueSpecification","valueRequired":true,"valueName":"search_term_string"}}],"inLanguage":"fr-FR"},{"@type":"Organization","@id":"https:\/\/hobby4geek.com\/#organization","name":"Hobby4Geek","url":"https:\/\/hobby4geek.com\/","logo":{"@type":"ImageObject","inLanguage":"fr-FR","@id":"https:\/\/hobby4geek.com\/#\/schema\/logo\/image\/","url":"https:\/\/hobby4geek.com\/wp-content\/uploads\/2023\/02\/default-kit.png","contentUrl":"https:\/\/hobby4geek.com\/wp-content\/uploads\/2023\/02\/default-kit.png","width":600,"height":600,"caption":"Hobby4Geek"},"image":{"@id":"https:\/\/hobby4geek.com\/#\/schema\/logo\/image\/"},"sameAs":["https:\/\/www.facebook.com\/hobby4geek","https:\/\/x.com\/hobby4geek","https:\/\/www.instagram.com\/hobby4geek\/"]}]},"product_brand":"Transformers","product_price_amount":"14.80","product_price_currency":"EUR","og_availability":"out of stock","product_availability":"out of stock","product_retailer_item_id":"5010996145741","product_condition":"new"},"_links":{"self":[{"href":"https:\/\/hobby4geek.com\/fr\/wp-json\/wp\/v2\/product\/188778","targetHints":{"allow":["GET"]}}],"collection":[{"href":"https:\/\/hobby4geek.com\/fr\/wp-json\/wp\/v2\/product"}],"about":[{"href":"https:\/\/hobby4geek.com\/fr\/wp-json\/wp\/v2\/types\/product"}],"replies":[{"embeddable":true,"href":"https:\/\/hobby4geek.com\/fr\/wp-json\/wp\/v2\/comments?post=188778"}],"version-history":[{"count":0,"href":"https:\/\/hobby4geek.com\/fr\/wp-json\/wp\/v2\/product\/188778\/revisions"}],"wp:featuredmedia":[{"embeddable":true,"href":"https:\/\/hobby4geek.com\/fr\/wp-json\/wp\/v2\/media\/188783"}],"wp:attachment":[{"href":"https:\/\/hobby4geek.com\/fr\/wp-json\/wp\/v2\/media?parent=188778"}],"wp:term":[{"taxonomy":"product_brand","embeddable":true,"href":"https:\/\/hobby4geek.com\/fr\/wp-json\/wp\/v2\/product_brand?post=188778"},{"taxonomy":"product_cat","embeddable":true,"href":"https:\/\/hobby4geek.com\/fr\/wp-json\/wp\/v2\/product_cat?post=188778"},{"taxonomy":"product_tag","embeddable":true,"href":"https:\/\/hobby4geek.com\/fr\/wp-json\/wp\/v2\/product_tag?post=188778"},{"taxonomy":"giftcard-category","embeddable":true,"href":"https:\/\/hobby4geek.com\/fr\/wp-json\/wp\/v2\/giftcard-category?post=188778"}],"curies":[{"name":"wp","href":"https:\/\/api.w.org\/{rel}","templated":true}]}}