{"id":188298,"date":"2023-09-10T14:20:41","date_gmt":"2023-09-10T12:20:41","guid":{"rendered":"https:\/\/hobby4geek.com\/?post_type=product&#038;p=188298"},"modified":"2024-10-22T13:27:41","modified_gmt":"2024-10-22T12:27:41","slug":"transformers-war-for-cybertron-studio-series-01-bumblebee-gamer-edition","status":"publish","type":"product","link":"https:\/\/hobby4geek.com\/fr\/produit\/transformers-war-for-cybertron-studio-series-01-bumblebee-gamer-edition\/","title":{"rendered":"Transformers : War for Cybertron - Studio Series +01 Bumblebee GAMER EDITION"},"content":{"rendered":"<p>Reprenez vos moments d'action pr\u00e9f\u00e9r\u00e9s des jeux vid\u00e9o Transformers dans votre collection avec la figurine Transformers Studio Series Deluxe Class Gamer Edition Bumblebee !<\/p>\n<p>Bumblebee fait \u00e9quipe avec les Autobots pour prot\u00e9ger Iacon de l'assaut des Decepticons. Les jouets Transformers Studio Series Gamer Edition sont des figurines de collection pour les gar\u00e7ons et les filles de 8 ans qui pr\u00e9sentent des d\u00e9tails et des accessoires inspir\u00e9s des jeux vid\u00e9o.<\/p>\n<p>Convertissez la figurine de robot en mode voiture cybertronienne en 22 \u00e9tapes et posez le jouet Bumblebee dans la sc\u00e8ne de fond amovible Defend Iacon incluse. Les figurines Transformers pour gar\u00e7ons et filles font de superbes cadeaux !<\/p>\n<ul>\n<li>11 cm<\/li>\n<li>Conversion entre robot et voiture cybertronienne<\/li>\n<li>Transformer en 22 \u00e9tapes<\/li>\n<li>Toile de fond amovible<\/li>\n<\/ul>\n<p><strong>Accessoires :<\/strong><\/p>\n<ul>\n<li>2 blasters<\/li>\n<li>Une \u00e9p\u00e9e<\/li>\n<\/ul>","protected":false},"excerpt":{"rendered":"<ul>\n<li>11 cm<\/li>\n<li>Conversion entre robot et voiture cybertronienne<\/li>\n<li>Transformer en 22 \u00e9tapes<\/li>\n<li>Toile de fond amovible<\/li>\n<\/ul>\n<p><strong>Accessoires :<\/strong><\/p>\n<ul>\n<li>2 blasters<\/li>\n<li>Une \u00e9p\u00e9e<\/li>\n<\/ul>\n<p>&nbsp;<\/p>","protected":false},"featured_media":188301,"comment_status":"open","ping_status":"closed","template":"","meta":{"inline_featured_image":false},"product_brand":[],"product_cat":[1955,68,1960],"product_tag":[1759,199,224,1964,2170,335,1936,2172,996,1994],"giftcard-category":[],"class_list":{"0":"post-188298","1":"product","2":"type-product","3":"status-publish","4":"has-post-thumbnail","6":"product_cat-transformers","7":"product_cat-hasbro","8":"product_cat-transformers-generations","9":"product_tag-action-toys","10":"product_tag-autobot","11":"product_tag-bumblebee","12":"product_tag-deluxe-class","13":"product_tag-gamer-edition","14":"product_tag-hasbro","15":"product_tag-models-co","16":"product_tag-ss01","17":"product_tag-transformers-generations-war-for-cybertron","18":"product_tag-transformers-studio-series","19":"product_shipping_class-light","21":"first","22":"outofstock","23":"featured","24":"taxable","25":"shipping-taxable","26":"purchasable","27":"product-type-simple","28":"add-to-wishlist-after_add_to_cart"},"yoast_head":"<!-- This site is optimized with the Yoast SEO Premium plugin v25.3.1 (Yoast SEO v27.2) - https:\/\/yoast.com\/product\/yoast-seo-premium-wordpress\/ -->\n<title>Transformers: War for Cybertron - Studio Series +01 Bumblebee GAMER EDITION<\/title>\n<meta name=\"robots\" content=\"index, follow, max-snippet:-1, max-image-preview:large, max-video-preview:-1\" \/>\n<link rel=\"canonical\" href=\"https:\/\/hobby4geek.com\/fr\/produit\/transformers-war-for-cybertron-studio-series-01-bumblebee-gamer-edition\/\" \/>\n<meta property=\"og:locale\" content=\"fr_FR\" \/>\n<meta property=\"og:type\" content=\"article\" \/>\n<meta property=\"og:title\" content=\"Transformers: War for Cybertron - Studio Series +01 Bumblebee GAMER EDITION\" \/>\n<meta property=\"og:description\" content=\"11 cm  Convert \u00a0between robot and Cybertronian car  Transform in 22 steps  Removable backdrop  Accessories:   2 blasters  A sword  &nbsp;\" \/>\n<meta property=\"og:url\" content=\"https:\/\/hobby4geek.com\/fr\/produit\/transformers-war-for-cybertron-studio-series-01-bumblebee-gamer-edition\/\" \/>\n<meta property=\"og:site_name\" content=\"Hobby4Geek\" \/>\n<meta property=\"article:publisher\" content=\"https:\/\/www.facebook.com\/hobby4geek\" \/>\n<meta property=\"article:modified_time\" content=\"2024-10-22T12:27:41+00:00\" \/>\n<meta property=\"og:image\" content=\"https:\/\/hobby4geek.com\/wp-content\/uploads\/2023\/05\/transformers-war-for-cybertron-studio-series-01-bumblebee-gamer-edition.webp\" \/>\n\t<meta property=\"og:image:width\" content=\"2000\" \/>\n\t<meta property=\"og:image:height\" content=\"2000\" \/>\n\t<meta property=\"og:image:type\" content=\"image\/webp\" \/>\n<meta name=\"twitter:card\" content=\"summary_large_image\" \/>\n<meta name=\"twitter:site\" content=\"@hobby4geek\" \/>\n<script type=\"application\/ld+json\" class=\"yoast-schema-graph\">{\"@context\":\"https:\/\/schema.org\",\"@graph\":[{\"@type\":\"WebPage\",\"@id\":\"https:\/\/hobby4geek.com\/product\/transformers-war-for-cybertron-studio-series-01-bumblebee-gamer-edition\/\",\"url\":\"https:\/\/hobby4geek.com\/product\/transformers-war-for-cybertron-studio-series-01-bumblebee-gamer-edition\/\",\"name\":\"Transformers: War for Cybertron - Studio Series +01 Bumblebee GAMER EDITION\",\"isPartOf\":{\"@id\":\"https:\/\/hobby4geek.com\/#website\"},\"primaryImageOfPage\":{\"@id\":\"https:\/\/hobby4geek.com\/product\/transformers-war-for-cybertron-studio-series-01-bumblebee-gamer-edition\/#primaryimage\"},\"image\":{\"@id\":\"https:\/\/hobby4geek.com\/product\/transformers-war-for-cybertron-studio-series-01-bumblebee-gamer-edition\/#primaryimage\"},\"thumbnailUrl\":\"https:\/\/hobby4geek.com\/wp-content\/uploads\/2023\/05\/transformers-war-for-cybertron-studio-series-01-bumblebee-gamer-edition.webp\",\"datePublished\":\"2023-09-10T12:20:41+00:00\",\"dateModified\":\"2024-10-22T12:27:41+00:00\",\"breadcrumb\":{\"@id\":\"https:\/\/hobby4geek.com\/product\/transformers-war-for-cybertron-studio-series-01-bumblebee-gamer-edition\/#breadcrumb\"},\"inLanguage\":\"fr-FR\",\"potentialAction\":[{\"@type\":\"ReadAction\",\"target\":[\"https:\/\/hobby4geek.com\/product\/transformers-war-for-cybertron-studio-series-01-bumblebee-gamer-edition\/\"]}]},{\"@type\":\"ImageObject\",\"inLanguage\":\"fr-FR\",\"@id\":\"https:\/\/hobby4geek.com\/product\/transformers-war-for-cybertron-studio-series-01-bumblebee-gamer-edition\/#primaryimage\",\"url\":\"https:\/\/hobby4geek.com\/wp-content\/uploads\/2023\/05\/transformers-war-for-cybertron-studio-series-01-bumblebee-gamer-edition.webp\",\"contentUrl\":\"https:\/\/hobby4geek.com\/wp-content\/uploads\/2023\/05\/transformers-war-for-cybertron-studio-series-01-bumblebee-gamer-edition.webp\",\"width\":2000,\"height\":2000},{\"@type\":\"BreadcrumbList\",\"@id\":\"https:\/\/hobby4geek.com\/product\/transformers-war-for-cybertron-studio-series-01-bumblebee-gamer-edition\/#breadcrumb\",\"itemListElement\":[{\"@type\":\"ListItem\",\"position\":1,\"name\":\"Home\",\"item\":\"https:\/\/hobby4geek.com\/\"},{\"@type\":\"ListItem\",\"position\":2,\"name\":\"Shop\",\"item\":\"https:\/\/hobby4geek.com\/shop\/\"},{\"@type\":\"ListItem\",\"position\":3,\"name\":\"Transformers: War for Cybertron &#8211; Studio Series +01 Bumblebee GAMER EDITION\"}]},{\"@type\":\"WebSite\",\"@id\":\"https:\/\/hobby4geek.com\/#website\",\"url\":\"https:\/\/hobby4geek.com\/\",\"name\":\"Hobby4Geek\",\"description\":\"Collect, Play &amp; Showcase, Embrace your Geekiness\",\"publisher\":{\"@id\":\"https:\/\/hobby4geek.com\/#organization\"},\"potentialAction\":[{\"@type\":\"SearchAction\",\"target\":{\"@type\":\"EntryPoint\",\"urlTemplate\":\"https:\/\/hobby4geek.com\/?s={search_term_string}\"},\"query-input\":{\"@type\":\"PropertyValueSpecification\",\"valueRequired\":true,\"valueName\":\"search_term_string\"}}],\"inLanguage\":\"fr-FR\"},{\"@type\":\"Organization\",\"@id\":\"https:\/\/hobby4geek.com\/#organization\",\"name\":\"Hobby4Geek\",\"url\":\"https:\/\/hobby4geek.com\/\",\"logo\":{\"@type\":\"ImageObject\",\"inLanguage\":\"fr-FR\",\"@id\":\"https:\/\/hobby4geek.com\/#\/schema\/logo\/image\/\",\"url\":\"https:\/\/hobby4geek.com\/wp-content\/uploads\/2023\/02\/default-kit.png\",\"contentUrl\":\"https:\/\/hobby4geek.com\/wp-content\/uploads\/2023\/02\/default-kit.png\",\"width\":600,\"height\":600,\"caption\":\"Hobby4Geek\"},\"image\":{\"@id\":\"https:\/\/hobby4geek.com\/#\/schema\/logo\/image\/\"},\"sameAs\":[\"https:\/\/www.facebook.com\/hobby4geek\",\"https:\/\/x.com\/hobby4geek\",\"https:\/\/www.instagram.com\/hobby4geek\/\"]}]}<\/script>\n<meta property=\"product:brand\" content=\"Transformers\" \/>\n<meta property=\"product:price:amount\" content=\"27.80\" \/>\n<meta property=\"product:price:currency\" content=\"EUR\" \/>\n<meta property=\"og:availability\" content=\"out of stock\" \/>\n<meta property=\"product:availability\" content=\"out of stock\" \/>\n<meta property=\"product:retailer_item_id\" content=\"5010996135513\" \/>\n<meta property=\"product:condition\" content=\"new\" \/>\n<!-- \/ Yoast SEO Premium plugin. -->","yoast_head_json":{"title":"Transformers : War for Cybertron - Studio Series +01 Bumblebee GAMER EDITION","robots":{"index":"index","follow":"follow","max-snippet":"max-snippet:-1","max-image-preview":"max-image-preview:large","max-video-preview":"max-video-preview:-1"},"canonical":"https:\/\/hobby4geek.com\/fr\/produit\/transformers-war-for-cybertron-studio-series-01-bumblebee-gamer-edition\/","og_locale":"fr_FR","og_type":"article","og_title":"Transformers: War for Cybertron - Studio Series +01 Bumblebee GAMER EDITION","og_description":"11 cm  Convert \u00a0between robot and Cybertronian car  Transform in 22 steps  Removable backdrop  Accessories:   2 blasters  A sword  &nbsp;","og_url":"https:\/\/hobby4geek.com\/fr\/produit\/transformers-war-for-cybertron-studio-series-01-bumblebee-gamer-edition\/","og_site_name":"Hobby4Geek","article_publisher":"https:\/\/www.facebook.com\/hobby4geek","article_modified_time":"2024-10-22T12:27:41+00:00","og_image":[{"width":2000,"height":2000,"url":"https:\/\/hobby4geek.com\/wp-content\/uploads\/2023\/05\/transformers-war-for-cybertron-studio-series-01-bumblebee-gamer-edition.webp","type":"image\/webp"}],"twitter_card":"summary_large_image","twitter_site":"@hobby4geek","schema":{"@context":"https:\/\/schema.org","@graph":[{"@type":"WebPage","@id":"https:\/\/hobby4geek.com\/product\/transformers-war-for-cybertron-studio-series-01-bumblebee-gamer-edition\/","url":"https:\/\/hobby4geek.com\/product\/transformers-war-for-cybertron-studio-series-01-bumblebee-gamer-edition\/","name":"Transformers : War for Cybertron - Studio Series +01 Bumblebee GAMER EDITION","isPartOf":{"@id":"https:\/\/hobby4geek.com\/#website"},"primaryImageOfPage":{"@id":"https:\/\/hobby4geek.com\/product\/transformers-war-for-cybertron-studio-series-01-bumblebee-gamer-edition\/#primaryimage"},"image":{"@id":"https:\/\/hobby4geek.com\/product\/transformers-war-for-cybertron-studio-series-01-bumblebee-gamer-edition\/#primaryimage"},"thumbnailUrl":"https:\/\/hobby4geek.com\/wp-content\/uploads\/2023\/05\/transformers-war-for-cybertron-studio-series-01-bumblebee-gamer-edition.webp","datePublished":"2023-09-10T12:20:41+00:00","dateModified":"2024-10-22T12:27:41+00:00","breadcrumb":{"@id":"https:\/\/hobby4geek.com\/product\/transformers-war-for-cybertron-studio-series-01-bumblebee-gamer-edition\/#breadcrumb"},"inLanguage":"fr-FR","potentialAction":[{"@type":"ReadAction","target":["https:\/\/hobby4geek.com\/product\/transformers-war-for-cybertron-studio-series-01-bumblebee-gamer-edition\/"]}]},{"@type":"ImageObject","inLanguage":"fr-FR","@id":"https:\/\/hobby4geek.com\/product\/transformers-war-for-cybertron-studio-series-01-bumblebee-gamer-edition\/#primaryimage","url":"https:\/\/hobby4geek.com\/wp-content\/uploads\/2023\/05\/transformers-war-for-cybertron-studio-series-01-bumblebee-gamer-edition.webp","contentUrl":"https:\/\/hobby4geek.com\/wp-content\/uploads\/2023\/05\/transformers-war-for-cybertron-studio-series-01-bumblebee-gamer-edition.webp","width":2000,"height":2000},{"@type":"BreadcrumbList","@id":"https:\/\/hobby4geek.com\/product\/transformers-war-for-cybertron-studio-series-01-bumblebee-gamer-edition\/#breadcrumb","itemListElement":[{"@type":"ListItem","position":1,"name":"Home","item":"https:\/\/hobby4geek.com\/"},{"@type":"ListItem","position":2,"name":"Shop","item":"https:\/\/hobby4geek.com\/shop\/"},{"@type":"ListItem","position":3,"name":"Transformers: War for Cybertron &#8211; Studio Series +01 Bumblebee GAMER EDITION"}]},{"@type":"WebSite","@id":"https:\/\/hobby4geek.com\/#website","url":"https:\/\/hobby4geek.com\/","name":"Hobby4Geek","description":"Collectionnez, jouez et exposez, embrassez votre geekitude","publisher":{"@id":"https:\/\/hobby4geek.com\/#organization"},"potentialAction":[{"@type":"SearchAction","target":{"@type":"EntryPoint","urlTemplate":"https:\/\/hobby4geek.com\/?s={search_term_string}"},"query-input":{"@type":"PropertyValueSpecification","valueRequired":true,"valueName":"search_term_string"}}],"inLanguage":"fr-FR"},{"@type":"Organization","@id":"https:\/\/hobby4geek.com\/#organization","name":"Hobby4Geek","url":"https:\/\/hobby4geek.com\/","logo":{"@type":"ImageObject","inLanguage":"fr-FR","@id":"https:\/\/hobby4geek.com\/#\/schema\/logo\/image\/","url":"https:\/\/hobby4geek.com\/wp-content\/uploads\/2023\/02\/default-kit.png","contentUrl":"https:\/\/hobby4geek.com\/wp-content\/uploads\/2023\/02\/default-kit.png","width":600,"height":600,"caption":"Hobby4Geek"},"image":{"@id":"https:\/\/hobby4geek.com\/#\/schema\/logo\/image\/"},"sameAs":["https:\/\/www.facebook.com\/hobby4geek","https:\/\/x.com\/hobby4geek","https:\/\/www.instagram.com\/hobby4geek\/"]}]},"product_brand":"Transformers","product_price_amount":"27.80","product_price_currency":"EUR","og_availability":"out of stock","product_availability":"out of stock","product_retailer_item_id":"5010996135513","product_condition":"new"},"_links":{"self":[{"href":"https:\/\/hobby4geek.com\/fr\/wp-json\/wp\/v2\/product\/188298","targetHints":{"allow":["GET"]}}],"collection":[{"href":"https:\/\/hobby4geek.com\/fr\/wp-json\/wp\/v2\/product"}],"about":[{"href":"https:\/\/hobby4geek.com\/fr\/wp-json\/wp\/v2\/types\/product"}],"replies":[{"embeddable":true,"href":"https:\/\/hobby4geek.com\/fr\/wp-json\/wp\/v2\/comments?post=188298"}],"version-history":[{"count":0,"href":"https:\/\/hobby4geek.com\/fr\/wp-json\/wp\/v2\/product\/188298\/revisions"}],"wp:featuredmedia":[{"embeddable":true,"href":"https:\/\/hobby4geek.com\/fr\/wp-json\/wp\/v2\/media\/188301"}],"wp:attachment":[{"href":"https:\/\/hobby4geek.com\/fr\/wp-json\/wp\/v2\/media?parent=188298"}],"wp:term":[{"taxonomy":"product_brand","embeddable":true,"href":"https:\/\/hobby4geek.com\/fr\/wp-json\/wp\/v2\/product_brand?post=188298"},{"taxonomy":"product_cat","embeddable":true,"href":"https:\/\/hobby4geek.com\/fr\/wp-json\/wp\/v2\/product_cat?post=188298"},{"taxonomy":"product_tag","embeddable":true,"href":"https:\/\/hobby4geek.com\/fr\/wp-json\/wp\/v2\/product_tag?post=188298"},{"taxonomy":"giftcard-category","embeddable":true,"href":"https:\/\/hobby4geek.com\/fr\/wp-json\/wp\/v2\/giftcard-category?post=188298"}],"curies":[{"name":"wp","href":"https:\/\/api.w.org\/{rel}","templated":true}]}}