{"id":188073,"date":"2023-04-24T11:01:03","date_gmt":"2023-04-24T10:01:03","guid":{"rendered":"https:\/\/hobby4geek.com\/?post_type=product&#038;p=188073"},"modified":"2024-12-17T10:48:04","modified_gmt":"2024-12-17T09:48:04","slug":"transformers-masterpiece-movie-series-mpm-10r-starscream-revenge-ver","status":"publish","type":"product","link":"https:\/\/hobby4geek.com\/fr\/produit\/transformers-masterpiece-movie-series-mpm-10r-starscream-revenge-ver\/","title":{"rendered":"Transformers : Masterpiece Movie Series MPM-10R Starscream Revenge Ver."},"content":{"rendered":"<p>Mod\u00e9lis\u00e9e d'apr\u00e8s les films Transformers, cette figurine adulte de collection Masterpiece Movie MPM-10R Starscream Revenge authentique pr\u00e9sente des d\u00e9tails et des accessoires inspir\u00e9s du film, id\u00e9aux pour \u00eatre expos\u00e9s sur les \u00e9tag\u00e8res des collectionneurs. Cette figurine pr\u00e9sente un design et une d\u00e9coration authentiques de Takara Tomy inspir\u00e9s de Transformers : Revenge of the Fallen. Le jouet se transforme en 63 \u00e9tapes pour passer du Lockheed Martin F-22 Raptor Jet officiel, fid\u00e8le \u00e0 l'\u00e9cran, au mode robot. La figurine comprend des mains hautement articul\u00e9es, des propulseurs rabattables, une bouche mobile, des accessoires pour les bras de missiles et de scies et des accessoires pour le blaster Gatling.<\/p>\n<p>Comprend une figurine, 3 accessoires et des instructions.<\/p>\n<ul>\n<li>AUTHENTIQUE TAKARA TOMY DESIGN : Cette pi\u00e8ce de collection pour adultes Transformers Masterpiece Movie Starscream Revenge pr\u00e9sente l'authentique design et la d\u00e9coration Takara Tomy de Transformers : Revenge of the Fallen.<\/li>\n<li>CONVERSION SUR \u00c9CRAN : Convertissez la figurine Starscream Revenge en un jet Lockheed Martin F-22 Raptor officiel inspir\u00e9 du film, tel qu'on le voit dans le deuxi\u00e8me film Transformers, en 63 \u00e9tapes.<\/li>\n<li>CARACT\u00c9RISTIQUES ET ACCESSOIRES D\u00c9TAILL\u00c9S : La figurine poss\u00e8de des mains tr\u00e8s articul\u00e9es, des propulseurs relevables et une bouche mobile. Comprend des bras pour les missiles et les scies sauteuses et des accessoires pour le blaster Gatling.<\/li>\n<li>CONCEPTION PREMIUM : Avec des pi\u00e8ces moul\u00e9es sous pression, un grand nombre de d\u00e9cors et plus de 50 points d'articulation, cette figurine Starscream Revenge a \u00e9t\u00e9 inspir\u00e9e par les fichiers CAO de Transformers : Revenge of the Fallen.<\/li>\n<li>EMBALLAGE ET INSTRUCTIONS D'ORIGINE : Cette figurine Masterpiece Movie Transformers est livr\u00e9e avec son emballage d'origine et des instructions en japonais.<\/li>\n<\/ul>\n<p>&nbsp;<\/p>","protected":false},"excerpt":{"rendered":"<p><em><br \/>\n<\/em><b><\/b><\/p>\n<ul>\n<li>AUTHENTIQUE TAKARA TOMY DESIGN<\/li>\n<li>CONVERSION PR\u00c9CISE \u00c0 L'\u00c9CRAN<\/li>\n<li>CARACT\u00c9RISTIQUES D\u00c9TAILL\u00c9ES ET ACCESSOIRES<\/li>\n<li>CONCEPTION HAUT DE GAMME<\/li>\n<li>L'EMBALLAGE ET LES INSTRUCTIONS D'ORIGINE<\/li>\n<\/ul>","protected":false},"featured_media":188155,"comment_status":"open","ping_status":"closed","template":"","meta":{"inline_featured_image":false},"product_brand":[],"product_cat":[1955,68,69],"product_tag":[200,1759,221,202,836,2139,250,203,1975,204,1961,1638],"giftcard-category":[],"class_list":{"0":"post-188073","1":"product","2":"type-product","3":"status-publish","4":"has-post-thumbnail","6":"product_cat-transformers","7":"product_cat-hasbro","8":"product_cat-takara-tomy","9":"product_tag-action-figures","10":"product_tag-action-toys","11":"product_tag-decepticon","12":"product_tag-masterpiece-movie-series","13":"product_tag-mpm-10","14":"product_tag-mpm-10r","15":"product_tag-starscream","16":"product_tag-takara-tomy","17":"product_tag-toys-figures","18":"product_tag-transformers","19":"product_tag-transformers-authentic","20":"product_tag-transformers-revenge-of-the-fallen","21":"product_shipping_class-free-shipping","23":"first","24":"outofstock","25":"taxable","26":"shipping-taxable","27":"purchasable","28":"product-type-simple","29":"add-to-wishlist-after_add_to_cart"},"yoast_head":"<!-- This site is optimized with the Yoast SEO Premium plugin v25.3.1 (Yoast SEO v27.2) - https:\/\/yoast.com\/product\/yoast-seo-premium-wordpress\/ -->\n<title>Transformers: Masterpiece Movie Series MPM-10R Starscream Revenge Ver.<\/title>\n<meta name=\"robots\" content=\"index, follow, max-snippet:-1, max-image-preview:large, max-video-preview:-1\" \/>\n<link rel=\"canonical\" href=\"https:\/\/hobby4geek.com\/fr\/produit\/transformers-masterpiece-movie-series-mpm-10r-starscream-revenge-ver\/\" \/>\n<meta property=\"og:locale\" content=\"fr_FR\" \/>\n<meta property=\"og:type\" content=\"article\" \/>\n<meta property=\"og:title\" content=\"Transformers: Masterpiece Movie Series MPM-10R Starscream Revenge Ver.\" \/>\n<meta property=\"og:description\" content=\"AUTHENTIC TAKARA TOMY DESIGN  SCREEN-ACCURATE CONVERSION  DETAILED FEATURES AND ACCESSORIES  PREMIUM DESIGN  ORIGINAL PACKAGING AND INSTRUCTIONS\" \/>\n<meta property=\"og:url\" content=\"https:\/\/hobby4geek.com\/fr\/produit\/transformers-masterpiece-movie-series-mpm-10r-starscream-revenge-ver\/\" \/>\n<meta property=\"og:site_name\" content=\"Hobby4Geek\" \/>\n<meta property=\"article:publisher\" content=\"https:\/\/www.facebook.com\/hobby4geek\" \/>\n<meta property=\"article:modified_time\" content=\"2024-12-17T09:48:04+00:00\" \/>\n<meta property=\"og:image\" content=\"https:\/\/hobby4geek.com\/wp-content\/uploads\/2023\/04\/transformers-masterpiece-movie-series-mpm-10r-starscream-revenge-ver-5.webp\" \/>\n\t<meta property=\"og:image:width\" content=\"2000\" \/>\n\t<meta property=\"og:image:height\" content=\"2000\" \/>\n\t<meta property=\"og:image:type\" content=\"image\/webp\" \/>\n<meta name=\"twitter:card\" content=\"summary_large_image\" \/>\n<meta name=\"twitter:site\" content=\"@hobby4geek\" \/>\n<script type=\"application\/ld+json\" class=\"yoast-schema-graph\">{\"@context\":\"https:\/\/schema.org\",\"@graph\":[{\"@type\":\"WebPage\",\"@id\":\"https:\/\/hobby4geek.com\/product\/transformers-masterpiece-movie-series-mpm-10r-starscream-revenge-ver\/\",\"url\":\"https:\/\/hobby4geek.com\/product\/transformers-masterpiece-movie-series-mpm-10r-starscream-revenge-ver\/\",\"name\":\"Transformers: Masterpiece Movie Series MPM-10R Starscream Revenge Ver.\",\"isPartOf\":{\"@id\":\"https:\/\/hobby4geek.com\/#website\"},\"primaryImageOfPage\":{\"@id\":\"https:\/\/hobby4geek.com\/product\/transformers-masterpiece-movie-series-mpm-10r-starscream-revenge-ver\/#primaryimage\"},\"image\":{\"@id\":\"https:\/\/hobby4geek.com\/product\/transformers-masterpiece-movie-series-mpm-10r-starscream-revenge-ver\/#primaryimage\"},\"thumbnailUrl\":\"https:\/\/hobby4geek.com\/wp-content\/uploads\/2023\/04\/transformers-masterpiece-movie-series-mpm-10r-starscream-revenge-ver-5.webp\",\"datePublished\":\"2023-04-24T10:01:03+00:00\",\"dateModified\":\"2024-12-17T09:48:04+00:00\",\"breadcrumb\":{\"@id\":\"https:\/\/hobby4geek.com\/product\/transformers-masterpiece-movie-series-mpm-10r-starscream-revenge-ver\/#breadcrumb\"},\"inLanguage\":\"fr-FR\",\"potentialAction\":[{\"@type\":\"ReadAction\",\"target\":[\"https:\/\/hobby4geek.com\/product\/transformers-masterpiece-movie-series-mpm-10r-starscream-revenge-ver\/\"]}]},{\"@type\":\"ImageObject\",\"inLanguage\":\"fr-FR\",\"@id\":\"https:\/\/hobby4geek.com\/product\/transformers-masterpiece-movie-series-mpm-10r-starscream-revenge-ver\/#primaryimage\",\"url\":\"https:\/\/hobby4geek.com\/wp-content\/uploads\/2023\/04\/transformers-masterpiece-movie-series-mpm-10r-starscream-revenge-ver-5.webp\",\"contentUrl\":\"https:\/\/hobby4geek.com\/wp-content\/uploads\/2023\/04\/transformers-masterpiece-movie-series-mpm-10r-starscream-revenge-ver-5.webp\",\"width\":2000,\"height\":2000},{\"@type\":\"BreadcrumbList\",\"@id\":\"https:\/\/hobby4geek.com\/product\/transformers-masterpiece-movie-series-mpm-10r-starscream-revenge-ver\/#breadcrumb\",\"itemListElement\":[{\"@type\":\"ListItem\",\"position\":1,\"name\":\"Home\",\"item\":\"https:\/\/hobby4geek.com\/\"},{\"@type\":\"ListItem\",\"position\":2,\"name\":\"Shop\",\"item\":\"https:\/\/hobby4geek.com\/shop\/\"},{\"@type\":\"ListItem\",\"position\":3,\"name\":\"Transformers: Masterpiece Movie Series MPM-10R Starscream Revenge Ver.\"}]},{\"@type\":\"WebSite\",\"@id\":\"https:\/\/hobby4geek.com\/#website\",\"url\":\"https:\/\/hobby4geek.com\/\",\"name\":\"Hobby4Geek\",\"description\":\"Collect, Play &amp; Showcase, Embrace your Geekiness\",\"publisher\":{\"@id\":\"https:\/\/hobby4geek.com\/#organization\"},\"potentialAction\":[{\"@type\":\"SearchAction\",\"target\":{\"@type\":\"EntryPoint\",\"urlTemplate\":\"https:\/\/hobby4geek.com\/?s={search_term_string}\"},\"query-input\":{\"@type\":\"PropertyValueSpecification\",\"valueRequired\":true,\"valueName\":\"search_term_string\"}}],\"inLanguage\":\"fr-FR\"},{\"@type\":\"Organization\",\"@id\":\"https:\/\/hobby4geek.com\/#organization\",\"name\":\"Hobby4Geek\",\"url\":\"https:\/\/hobby4geek.com\/\",\"logo\":{\"@type\":\"ImageObject\",\"inLanguage\":\"fr-FR\",\"@id\":\"https:\/\/hobby4geek.com\/#\/schema\/logo\/image\/\",\"url\":\"https:\/\/hobby4geek.com\/wp-content\/uploads\/2023\/02\/default-kit.png\",\"contentUrl\":\"https:\/\/hobby4geek.com\/wp-content\/uploads\/2023\/02\/default-kit.png\",\"width\":600,\"height\":600,\"caption\":\"Hobby4Geek\"},\"image\":{\"@id\":\"https:\/\/hobby4geek.com\/#\/schema\/logo\/image\/\"},\"sameAs\":[\"https:\/\/www.facebook.com\/hobby4geek\",\"https:\/\/x.com\/hobby4geek\",\"https:\/\/www.instagram.com\/hobby4geek\/\"]}]}<\/script>\n<meta property=\"product:brand\" content=\"Transformers\" \/>\n<meta property=\"product:price:amount\" content=\"289.00\" \/>\n<meta property=\"product:price:currency\" content=\"EUR\" \/>\n<meta property=\"og:availability\" content=\"out of stock\" \/>\n<meta property=\"product:availability\" content=\"out of stock\" \/>\n<meta property=\"product:retailer_item_id\" content=\"4904810298762\" \/>\n<meta property=\"product:condition\" content=\"new\" \/>\n<!-- \/ Yoast SEO Premium plugin. -->","yoast_head_json":{"title":"Transformers : Masterpiece Movie Series MPM-10R Starscream Revenge Ver.","robots":{"index":"index","follow":"follow","max-snippet":"max-snippet:-1","max-image-preview":"max-image-preview:large","max-video-preview":"max-video-preview:-1"},"canonical":"https:\/\/hobby4geek.com\/fr\/produit\/transformers-masterpiece-movie-series-mpm-10r-starscream-revenge-ver\/","og_locale":"fr_FR","og_type":"article","og_title":"Transformers: Masterpiece Movie Series MPM-10R Starscream Revenge Ver.","og_description":"AUTHENTIC TAKARA TOMY DESIGN  SCREEN-ACCURATE CONVERSION  DETAILED FEATURES AND ACCESSORIES  PREMIUM DESIGN  ORIGINAL PACKAGING AND INSTRUCTIONS","og_url":"https:\/\/hobby4geek.com\/fr\/produit\/transformers-masterpiece-movie-series-mpm-10r-starscream-revenge-ver\/","og_site_name":"Hobby4Geek","article_publisher":"https:\/\/www.facebook.com\/hobby4geek","article_modified_time":"2024-12-17T09:48:04+00:00","og_image":[{"width":2000,"height":2000,"url":"https:\/\/hobby4geek.com\/wp-content\/uploads\/2023\/04\/transformers-masterpiece-movie-series-mpm-10r-starscream-revenge-ver-5.webp","type":"image\/webp"}],"twitter_card":"summary_large_image","twitter_site":"@hobby4geek","schema":{"@context":"https:\/\/schema.org","@graph":[{"@type":"WebPage","@id":"https:\/\/hobby4geek.com\/product\/transformers-masterpiece-movie-series-mpm-10r-starscream-revenge-ver\/","url":"https:\/\/hobby4geek.com\/product\/transformers-masterpiece-movie-series-mpm-10r-starscream-revenge-ver\/","name":"Transformers : Masterpiece Movie Series MPM-10R Starscream Revenge Ver.","isPartOf":{"@id":"https:\/\/hobby4geek.com\/#website"},"primaryImageOfPage":{"@id":"https:\/\/hobby4geek.com\/product\/transformers-masterpiece-movie-series-mpm-10r-starscream-revenge-ver\/#primaryimage"},"image":{"@id":"https:\/\/hobby4geek.com\/product\/transformers-masterpiece-movie-series-mpm-10r-starscream-revenge-ver\/#primaryimage"},"thumbnailUrl":"https:\/\/hobby4geek.com\/wp-content\/uploads\/2023\/04\/transformers-masterpiece-movie-series-mpm-10r-starscream-revenge-ver-5.webp","datePublished":"2023-04-24T10:01:03+00:00","dateModified":"2024-12-17T09:48:04+00:00","breadcrumb":{"@id":"https:\/\/hobby4geek.com\/product\/transformers-masterpiece-movie-series-mpm-10r-starscream-revenge-ver\/#breadcrumb"},"inLanguage":"fr-FR","potentialAction":[{"@type":"ReadAction","target":["https:\/\/hobby4geek.com\/product\/transformers-masterpiece-movie-series-mpm-10r-starscream-revenge-ver\/"]}]},{"@type":"ImageObject","inLanguage":"fr-FR","@id":"https:\/\/hobby4geek.com\/product\/transformers-masterpiece-movie-series-mpm-10r-starscream-revenge-ver\/#primaryimage","url":"https:\/\/hobby4geek.com\/wp-content\/uploads\/2023\/04\/transformers-masterpiece-movie-series-mpm-10r-starscream-revenge-ver-5.webp","contentUrl":"https:\/\/hobby4geek.com\/wp-content\/uploads\/2023\/04\/transformers-masterpiece-movie-series-mpm-10r-starscream-revenge-ver-5.webp","width":2000,"height":2000},{"@type":"BreadcrumbList","@id":"https:\/\/hobby4geek.com\/product\/transformers-masterpiece-movie-series-mpm-10r-starscream-revenge-ver\/#breadcrumb","itemListElement":[{"@type":"ListItem","position":1,"name":"Home","item":"https:\/\/hobby4geek.com\/"},{"@type":"ListItem","position":2,"name":"Shop","item":"https:\/\/hobby4geek.com\/shop\/"},{"@type":"ListItem","position":3,"name":"Transformers: Masterpiece Movie Series MPM-10R Starscream Revenge Ver."}]},{"@type":"WebSite","@id":"https:\/\/hobby4geek.com\/#website","url":"https:\/\/hobby4geek.com\/","name":"Hobby4Geek","description":"Collectionnez, jouez et exposez, embrassez votre geekitude","publisher":{"@id":"https:\/\/hobby4geek.com\/#organization"},"potentialAction":[{"@type":"SearchAction","target":{"@type":"EntryPoint","urlTemplate":"https:\/\/hobby4geek.com\/?s={search_term_string}"},"query-input":{"@type":"PropertyValueSpecification","valueRequired":true,"valueName":"search_term_string"}}],"inLanguage":"fr-FR"},{"@type":"Organization","@id":"https:\/\/hobby4geek.com\/#organization","name":"Hobby4Geek","url":"https:\/\/hobby4geek.com\/","logo":{"@type":"ImageObject","inLanguage":"fr-FR","@id":"https:\/\/hobby4geek.com\/#\/schema\/logo\/image\/","url":"https:\/\/hobby4geek.com\/wp-content\/uploads\/2023\/02\/default-kit.png","contentUrl":"https:\/\/hobby4geek.com\/wp-content\/uploads\/2023\/02\/default-kit.png","width":600,"height":600,"caption":"Hobby4Geek"},"image":{"@id":"https:\/\/hobby4geek.com\/#\/schema\/logo\/image\/"},"sameAs":["https:\/\/www.facebook.com\/hobby4geek","https:\/\/x.com\/hobby4geek","https:\/\/www.instagram.com\/hobby4geek\/"]}]},"product_brand":"Transformers","product_price_amount":"289.00","product_price_currency":"EUR","og_availability":"out of stock","product_availability":"out of stock","product_retailer_item_id":"4904810298762","product_condition":"new"},"_links":{"self":[{"href":"https:\/\/hobby4geek.com\/fr\/wp-json\/wp\/v2\/product\/188073","targetHints":{"allow":["GET"]}}],"collection":[{"href":"https:\/\/hobby4geek.com\/fr\/wp-json\/wp\/v2\/product"}],"about":[{"href":"https:\/\/hobby4geek.com\/fr\/wp-json\/wp\/v2\/types\/product"}],"replies":[{"embeddable":true,"href":"https:\/\/hobby4geek.com\/fr\/wp-json\/wp\/v2\/comments?post=188073"}],"version-history":[{"count":0,"href":"https:\/\/hobby4geek.com\/fr\/wp-json\/wp\/v2\/product\/188073\/revisions"}],"wp:featuredmedia":[{"embeddable":true,"href":"https:\/\/hobby4geek.com\/fr\/wp-json\/wp\/v2\/media\/188155"}],"wp:attachment":[{"href":"https:\/\/hobby4geek.com\/fr\/wp-json\/wp\/v2\/media?parent=188073"}],"wp:term":[{"taxonomy":"product_brand","embeddable":true,"href":"https:\/\/hobby4geek.com\/fr\/wp-json\/wp\/v2\/product_brand?post=188073"},{"taxonomy":"product_cat","embeddable":true,"href":"https:\/\/hobby4geek.com\/fr\/wp-json\/wp\/v2\/product_cat?post=188073"},{"taxonomy":"product_tag","embeddable":true,"href":"https:\/\/hobby4geek.com\/fr\/wp-json\/wp\/v2\/product_tag?post=188073"},{"taxonomy":"giftcard-category","embeddable":true,"href":"https:\/\/hobby4geek.com\/fr\/wp-json\/wp\/v2\/giftcard-category?post=188073"}],"curies":[{"name":"wp","href":"https:\/\/api.w.org\/{rel}","templated":true}]}}