{"id":187938,"date":"2023-04-20T16:00:07","date_gmt":"2023-04-20T15:00:07","guid":{"rendered":"https:\/\/hobby4geek.com\/?post_type=product&#038;p=187938"},"modified":"2024-05-12T12:54:55","modified_gmt":"2024-05-12T11:54:55","slug":"transformers-legacy-evolution-deluxe-class-autobot-devcon","status":"publish","type":"product","link":"https:\/\/hobby4geek.com\/fr\/produit\/transformers-legacy-evolution-deluxe-class-autobot-devcon\/","title":{"rendered":"Transformers Legacy Evolution - Classe Deluxe - Autobot Devcon"},"content":{"rendered":"<p>La bataille \u00e9volue avec la figurine Transformers Legacy Evolution Deluxe Class Autobot Devcon ! Devcon est un chasseur de primes, charg\u00e9 de traquer tous ceux qui sont trop dangereux pour les autres Autobots. Les jouets Transformers sont dot\u00e9s de la technologie Evo-Fusion ! Exp\u00e9rimente l'\u00e9volution et combine les accessoires blaster et 2 propulseurs en un accessoire canon laser pour te pr\u00e9parer au combat !<\/p>\n<p>C\u00e9l\u00e9brez les 40 derni\u00e8res ann\u00e9es de l'histoire de Transformers avec les figurines Transformers Legacy pour gar\u00e7ons et filles. Transformers Legacy ouvre le portail d'un tout nouvel univers - More Than Meets the Eye - r\u00e9unissant toutes les g\u00e9n\u00e9rations de Transformers comme vous ne l'avez jamais vu auparavant. Collectionne et combine diff\u00e9rents personnages pour cr\u00e9er ton groupe Legacy id\u00e9al.<\/p>\n<ul>\n<li>14 cm<\/li>\n<li>Transformer en 13 \u00e9tapes<\/li>\n<li>Enti\u00e8rement articul\u00e9<\/li>\n<li>En plastique<\/li>\n<\/ul>","protected":false},"excerpt":{"rendered":"<ul>\n<li>14 cm<\/li>\n<li>Transformer en 13 \u00e9tapes<\/li>\n<li>Enti\u00e8rement articul\u00e9<\/li>\n<li>En plastique<\/li>\n<\/ul>","protected":false},"featured_media":187940,"comment_status":"open","ping_status":"closed","template":"","meta":{"inline_featured_image":false},"product_brand":[],"product_cat":[1955,68,69,1960],"product_tag":[1759,199,2135,1964,2136,335,2107,1860,1975,204],"giftcard-category":[],"class_list":{"0":"post-187938","1":"product","2":"type-product","3":"status-publish","4":"has-post-thumbnail","6":"product_cat-transformers","7":"product_cat-hasbro","8":"product_cat-takara-tomy","9":"product_cat-transformers-generations","10":"product_tag-action-toys","11":"product_tag-autobot","12":"product_tag-autobot-devcon","13":"product_tag-deluxe-class","14":"product_tag-devcon","15":"product_tag-hasbro","16":"product_tag-legacy-evolution","17":"product_tag-takaratomy","18":"product_tag-toys-figures","19":"product_tag-transformers","20":"product_shipping_class-light","22":"first","23":"outofstock","24":"taxable","25":"shipping-taxable","26":"purchasable","27":"product-type-simple","28":"add-to-wishlist-after_add_to_cart"},"yoast_head":"<!-- This site is optimized with the Yoast SEO Premium plugin v25.3.1 (Yoast SEO v27.2) - https:\/\/yoast.com\/product\/yoast-seo-premium-wordpress\/ -->\n<title>Transformers Legacy Evolution - Deluxe Class - Autobot Devcon<\/title>\n<meta name=\"robots\" content=\"index, follow, max-snippet:-1, max-image-preview:large, max-video-preview:-1\" \/>\n<link rel=\"canonical\" href=\"https:\/\/hobby4geek.com\/fr\/produit\/transformers-legacy-evolution-deluxe-class-autobot-devcon\/\" \/>\n<meta property=\"og:locale\" content=\"fr_FR\" \/>\n<meta property=\"og:type\" content=\"article\" \/>\n<meta property=\"og:title\" content=\"Transformers Legacy Evolution - Deluxe Class - Autobot Devcon\" \/>\n<meta property=\"og:description\" content=\"14 cm  Transform in 13 steps  Fully articulated  Made of plastic\" \/>\n<meta property=\"og:url\" content=\"https:\/\/hobby4geek.com\/fr\/produit\/transformers-legacy-evolution-deluxe-class-autobot-devcon\/\" \/>\n<meta property=\"og:site_name\" content=\"Hobby4Geek\" \/>\n<meta property=\"article:publisher\" content=\"https:\/\/www.facebook.com\/hobby4geek\" \/>\n<meta property=\"article:modified_time\" content=\"2024-05-12T11:54:55+00:00\" \/>\n<meta property=\"og:image\" content=\"https:\/\/hobby4geek.com\/wp-content\/uploads\/2023\/04\/transformers-legacy-evolution-deluxe-class-autobot-devcon.webp\" \/>\n\t<meta property=\"og:image:width\" content=\"2000\" \/>\n\t<meta property=\"og:image:height\" content=\"2000\" \/>\n\t<meta property=\"og:image:type\" content=\"image\/webp\" \/>\n<meta name=\"twitter:card\" content=\"summary_large_image\" \/>\n<meta name=\"twitter:site\" content=\"@hobby4geek\" \/>\n<script type=\"application\/ld+json\" class=\"yoast-schema-graph\">{\"@context\":\"https:\/\/schema.org\",\"@graph\":[{\"@type\":\"WebPage\",\"@id\":\"https:\/\/hobby4geek.com\/de\/produkt\/transformers-legacy-evolution-deluxe-class-autobot-devcon\/\",\"url\":\"https:\/\/hobby4geek.com\/de\/produkt\/transformers-legacy-evolution-deluxe-class-autobot-devcon\/\",\"name\":\"Transformers Legacy Evolution - Deluxe Class - Autobot Devcon\",\"isPartOf\":{\"@id\":\"https:\/\/hobby4geek.com\/#website\"},\"primaryImageOfPage\":{\"@id\":\"https:\/\/hobby4geek.com\/de\/produkt\/transformers-legacy-evolution-deluxe-class-autobot-devcon\/#primaryimage\"},\"image\":{\"@id\":\"https:\/\/hobby4geek.com\/de\/produkt\/transformers-legacy-evolution-deluxe-class-autobot-devcon\/#primaryimage\"},\"thumbnailUrl\":\"https:\/\/hobby4geek.com\/wp-content\/uploads\/2023\/04\/transformers-legacy-evolution-deluxe-class-autobot-devcon.webp\",\"datePublished\":\"2023-04-20T15:00:07+00:00\",\"dateModified\":\"2024-05-12T11:54:55+00:00\",\"breadcrumb\":{\"@id\":\"https:\/\/hobby4geek.com\/de\/produkt\/transformers-legacy-evolution-deluxe-class-autobot-devcon\/#breadcrumb\"},\"inLanguage\":\"fr-FR\",\"potentialAction\":[{\"@type\":\"ReadAction\",\"target\":[\"https:\/\/hobby4geek.com\/de\/produkt\/transformers-legacy-evolution-deluxe-class-autobot-devcon\/\"]}]},{\"@type\":\"ImageObject\",\"inLanguage\":\"fr-FR\",\"@id\":\"https:\/\/hobby4geek.com\/de\/produkt\/transformers-legacy-evolution-deluxe-class-autobot-devcon\/#primaryimage\",\"url\":\"https:\/\/hobby4geek.com\/wp-content\/uploads\/2023\/04\/transformers-legacy-evolution-deluxe-class-autobot-devcon.webp\",\"contentUrl\":\"https:\/\/hobby4geek.com\/wp-content\/uploads\/2023\/04\/transformers-legacy-evolution-deluxe-class-autobot-devcon.webp\",\"width\":2000,\"height\":2000},{\"@type\":\"BreadcrumbList\",\"@id\":\"https:\/\/hobby4geek.com\/de\/produkt\/transformers-legacy-evolution-deluxe-class-autobot-devcon\/#breadcrumb\",\"itemListElement\":[{\"@type\":\"ListItem\",\"position\":1,\"name\":\"Home\",\"item\":\"https:\/\/hobby4geek.com\/\"},{\"@type\":\"ListItem\",\"position\":2,\"name\":\"Shop\",\"item\":\"https:\/\/hobby4geek.com\/shop\/\"},{\"@type\":\"ListItem\",\"position\":3,\"name\":\"Transformers Legacy Evolution &#8211; Deluxe Class &#8211; Autobot Devcon\"}]},{\"@type\":\"WebSite\",\"@id\":\"https:\/\/hobby4geek.com\/#website\",\"url\":\"https:\/\/hobby4geek.com\/\",\"name\":\"Hobby4Geek\",\"description\":\"Collect, Play &amp; Showcase, Embrace your Geekiness\",\"publisher\":{\"@id\":\"https:\/\/hobby4geek.com\/#organization\"},\"potentialAction\":[{\"@type\":\"SearchAction\",\"target\":{\"@type\":\"EntryPoint\",\"urlTemplate\":\"https:\/\/hobby4geek.com\/?s={search_term_string}\"},\"query-input\":{\"@type\":\"PropertyValueSpecification\",\"valueRequired\":true,\"valueName\":\"search_term_string\"}}],\"inLanguage\":\"fr-FR\"},{\"@type\":\"Organization\",\"@id\":\"https:\/\/hobby4geek.com\/#organization\",\"name\":\"Hobby4Geek\",\"url\":\"https:\/\/hobby4geek.com\/\",\"logo\":{\"@type\":\"ImageObject\",\"inLanguage\":\"fr-FR\",\"@id\":\"https:\/\/hobby4geek.com\/#\/schema\/logo\/image\/\",\"url\":\"https:\/\/hobby4geek.com\/wp-content\/uploads\/2023\/02\/default-kit.png\",\"contentUrl\":\"https:\/\/hobby4geek.com\/wp-content\/uploads\/2023\/02\/default-kit.png\",\"width\":600,\"height\":600,\"caption\":\"Hobby4Geek\"},\"image\":{\"@id\":\"https:\/\/hobby4geek.com\/#\/schema\/logo\/image\/\"},\"sameAs\":[\"https:\/\/www.facebook.com\/hobby4geek\",\"https:\/\/x.com\/hobby4geek\",\"https:\/\/www.instagram.com\/hobby4geek\/\"]}]}<\/script>\n<meta property=\"product:brand\" content=\"Transformers\" \/>\n<meta property=\"product:price:amount\" content=\"27.80\" \/>\n<meta property=\"product:price:currency\" content=\"EUR\" \/>\n<meta property=\"og:availability\" content=\"out of stock\" \/>\n<meta property=\"product:availability\" content=\"out of stock\" \/>\n<meta property=\"product:retailer_item_id\" content=\"5010996133274\" \/>\n<meta property=\"product:condition\" content=\"new\" \/>\n<!-- \/ Yoast SEO Premium plugin. -->","yoast_head_json":{"title":"Transformers Legacy Evolution - Classe Deluxe - Autobot Devcon","robots":{"index":"index","follow":"follow","max-snippet":"max-snippet:-1","max-image-preview":"max-image-preview:large","max-video-preview":"max-video-preview:-1"},"canonical":"https:\/\/hobby4geek.com\/fr\/produit\/transformers-legacy-evolution-deluxe-class-autobot-devcon\/","og_locale":"fr_FR","og_type":"article","og_title":"Transformers Legacy Evolution - Deluxe Class - Autobot Devcon","og_description":"14 cm  Transform in 13 steps  Fully articulated  Made of plastic","og_url":"https:\/\/hobby4geek.com\/fr\/produit\/transformers-legacy-evolution-deluxe-class-autobot-devcon\/","og_site_name":"Hobby4Geek","article_publisher":"https:\/\/www.facebook.com\/hobby4geek","article_modified_time":"2024-05-12T11:54:55+00:00","og_image":[{"width":2000,"height":2000,"url":"https:\/\/hobby4geek.com\/wp-content\/uploads\/2023\/04\/transformers-legacy-evolution-deluxe-class-autobot-devcon.webp","type":"image\/webp"}],"twitter_card":"summary_large_image","twitter_site":"@hobby4geek","schema":{"@context":"https:\/\/schema.org","@graph":[{"@type":"WebPage","@id":"https:\/\/hobby4geek.com\/de\/produkt\/transformers-legacy-evolution-deluxe-class-autobot-devcon\/","url":"https:\/\/hobby4geek.com\/de\/produkt\/transformers-legacy-evolution-deluxe-class-autobot-devcon\/","name":"Transformers Legacy Evolution - Classe Deluxe - Autobot Devcon","isPartOf":{"@id":"https:\/\/hobby4geek.com\/#website"},"primaryImageOfPage":{"@id":"https:\/\/hobby4geek.com\/de\/produkt\/transformers-legacy-evolution-deluxe-class-autobot-devcon\/#primaryimage"},"image":{"@id":"https:\/\/hobby4geek.com\/de\/produkt\/transformers-legacy-evolution-deluxe-class-autobot-devcon\/#primaryimage"},"thumbnailUrl":"https:\/\/hobby4geek.com\/wp-content\/uploads\/2023\/04\/transformers-legacy-evolution-deluxe-class-autobot-devcon.webp","datePublished":"2023-04-20T15:00:07+00:00","dateModified":"2024-05-12T11:54:55+00:00","breadcrumb":{"@id":"https:\/\/hobby4geek.com\/de\/produkt\/transformers-legacy-evolution-deluxe-class-autobot-devcon\/#breadcrumb"},"inLanguage":"fr-FR","potentialAction":[{"@type":"ReadAction","target":["https:\/\/hobby4geek.com\/de\/produkt\/transformers-legacy-evolution-deluxe-class-autobot-devcon\/"]}]},{"@type":"ImageObject","inLanguage":"fr-FR","@id":"https:\/\/hobby4geek.com\/de\/produkt\/transformers-legacy-evolution-deluxe-class-autobot-devcon\/#primaryimage","url":"https:\/\/hobby4geek.com\/wp-content\/uploads\/2023\/04\/transformers-legacy-evolution-deluxe-class-autobot-devcon.webp","contentUrl":"https:\/\/hobby4geek.com\/wp-content\/uploads\/2023\/04\/transformers-legacy-evolution-deluxe-class-autobot-devcon.webp","width":2000,"height":2000},{"@type":"BreadcrumbList","@id":"https:\/\/hobby4geek.com\/de\/produkt\/transformers-legacy-evolution-deluxe-class-autobot-devcon\/#breadcrumb","itemListElement":[{"@type":"ListItem","position":1,"name":"Home","item":"https:\/\/hobby4geek.com\/"},{"@type":"ListItem","position":2,"name":"Shop","item":"https:\/\/hobby4geek.com\/shop\/"},{"@type":"ListItem","position":3,"name":"Transformers Legacy Evolution &#8211; Deluxe Class &#8211; Autobot Devcon"}]},{"@type":"WebSite","@id":"https:\/\/hobby4geek.com\/#website","url":"https:\/\/hobby4geek.com\/","name":"Hobby4Geek","description":"Collectionnez, jouez et exposez, embrassez votre geekitude","publisher":{"@id":"https:\/\/hobby4geek.com\/#organization"},"potentialAction":[{"@type":"SearchAction","target":{"@type":"EntryPoint","urlTemplate":"https:\/\/hobby4geek.com\/?s={search_term_string}"},"query-input":{"@type":"PropertyValueSpecification","valueRequired":true,"valueName":"search_term_string"}}],"inLanguage":"fr-FR"},{"@type":"Organization","@id":"https:\/\/hobby4geek.com\/#organization","name":"Hobby4Geek","url":"https:\/\/hobby4geek.com\/","logo":{"@type":"ImageObject","inLanguage":"fr-FR","@id":"https:\/\/hobby4geek.com\/#\/schema\/logo\/image\/","url":"https:\/\/hobby4geek.com\/wp-content\/uploads\/2023\/02\/default-kit.png","contentUrl":"https:\/\/hobby4geek.com\/wp-content\/uploads\/2023\/02\/default-kit.png","width":600,"height":600,"caption":"Hobby4Geek"},"image":{"@id":"https:\/\/hobby4geek.com\/#\/schema\/logo\/image\/"},"sameAs":["https:\/\/www.facebook.com\/hobby4geek","https:\/\/x.com\/hobby4geek","https:\/\/www.instagram.com\/hobby4geek\/"]}]},"product_brand":"Transformers","product_price_amount":"27.80","product_price_currency":"EUR","og_availability":"out of stock","product_availability":"out of stock","product_retailer_item_id":"5010996133274","product_condition":"new"},"_links":{"self":[{"href":"https:\/\/hobby4geek.com\/fr\/wp-json\/wp\/v2\/product\/187938","targetHints":{"allow":["GET"]}}],"collection":[{"href":"https:\/\/hobby4geek.com\/fr\/wp-json\/wp\/v2\/product"}],"about":[{"href":"https:\/\/hobby4geek.com\/fr\/wp-json\/wp\/v2\/types\/product"}],"replies":[{"embeddable":true,"href":"https:\/\/hobby4geek.com\/fr\/wp-json\/wp\/v2\/comments?post=187938"}],"version-history":[{"count":0,"href":"https:\/\/hobby4geek.com\/fr\/wp-json\/wp\/v2\/product\/187938\/revisions"}],"wp:featuredmedia":[{"embeddable":true,"href":"https:\/\/hobby4geek.com\/fr\/wp-json\/wp\/v2\/media\/187940"}],"wp:attachment":[{"href":"https:\/\/hobby4geek.com\/fr\/wp-json\/wp\/v2\/media?parent=187938"}],"wp:term":[{"taxonomy":"product_brand","embeddable":true,"href":"https:\/\/hobby4geek.com\/fr\/wp-json\/wp\/v2\/product_brand?post=187938"},{"taxonomy":"product_cat","embeddable":true,"href":"https:\/\/hobby4geek.com\/fr\/wp-json\/wp\/v2\/product_cat?post=187938"},{"taxonomy":"product_tag","embeddable":true,"href":"https:\/\/hobby4geek.com\/fr\/wp-json\/wp\/v2\/product_tag?post=187938"},{"taxonomy":"giftcard-category","embeddable":true,"href":"https:\/\/hobby4geek.com\/fr\/wp-json\/wp\/v2\/giftcard-category?post=187938"}],"curies":[{"name":"wp","href":"https:\/\/api.w.org\/{rel}","templated":true}]}}