{"id":187904,"date":"2023-04-20T14:15:40","date_gmt":"2023-04-20T13:15:40","guid":{"rendered":"https:\/\/hobby4geek.com\/?post_type=product&#038;p=187904"},"modified":"2024-05-12T13:37:21","modified_gmt":"2024-05-12T12:37:21","slug":"transformers-legacy-evolution-core-class-dinobot-scarr","status":"publish","type":"product","link":"https:\/\/hobby4geek.com\/fr\/produit\/transformers-legacy-evolution-core-class-dinobot-scarr\/","title":{"rendered":"Transformers Legacy Evolution - Classe de base - Dinobot Scarr"},"content":{"rendered":"<p>La bataille \u00e9volue avec la figurine Transformers Generations Legacy Evolution Dinobot Scarr ! Scarr, le m\u00e9decin tactique des Dinobots, est capable d'analyser rapidement les situations et de s'y adapter instantan\u00e9ment.<\/p>\n<p>C\u00e9l\u00e9brez 40 ans d'histoire de Transformers avec les figurines Transformers Legacy pour filles et gar\u00e7ons. Transformers Legacy ouvre la porte \u00e0 un nouvel univers plus fort que les apparences, o\u00f9 toutes les g\u00e9n\u00e9rations de Transformers se retrouvent comme jamais auparavant. Cette gamme permet de collectionner et de combiner diff\u00e9rents personnages pour cr\u00e9er la s\u00e9lection parfaite de figurines Legacy.<\/p>\n<ul>\n<li>9 cm<\/li>\n<li id=\"specs-altMode-data\">Mode Alt : Permet de passer du mode robot au mode ankylosaure.<\/li>\n<li>Passe du mode robot au mode ankylosaure en 9 \u00e9tapes<\/li>\n<li>Les autres figurines repr\u00e9sent\u00e9es sont vendues s\u00e9par\u00e9ment<\/li>\n<li>Enti\u00e8rement articul\u00e9<\/li>\n<li>En plastique<\/li>\n<\/ul>\n<p><strong>Contenu du paquet :<\/strong><\/p>\n<ul>\n<li>1x Figure<\/li>\n<li>\u00a01x blaster A<\/li>\n<li>\u00a0Instructions<\/li>\n<\/ul>","protected":false},"excerpt":{"rendered":"<ul>\n<li>9 cm<\/li>\n<li id=\"specs-altMode-data\">Mode Alt : Permet de passer du mode robot au mode ankylosaure.<\/li>\n<li>Passe du mode robot au mode ankylosaure en 9 \u00e9tapes<\/li>\n<li>Les autres figurines repr\u00e9sent\u00e9es sont vendues s\u00e9par\u00e9ment<\/li>\n<li>Enti\u00e8rement articul\u00e9<\/li>\n<li>En plastique<\/li>\n<\/ul>\n<p><strong>Contenu du paquet :<\/strong><\/p>\n<ul>\n<li>1x figurine<\/li>\n<li>\u00a01x blaster A<\/li>\n<li>\u00a0Instructions<\/li>\n<\/ul>","protected":false},"featured_media":187905,"comment_status":"open","ping_status":"closed","template":"","meta":{"inline_featured_image":false},"product_brand":[],"product_cat":[68,69,1955,1960],"product_tag":[1759,2109,2133,335,2107,1860,1975,204],"giftcard-category":[],"class_list":{"0":"post-187904","1":"product","2":"type-product","3":"status-publish","4":"has-post-thumbnail","6":"product_cat-hasbro","7":"product_cat-takara-tomy","8":"product_cat-transformers","9":"product_cat-transformers-generations","10":"product_tag-action-toys","11":"product_tag-core-class","12":"product_tag-dinobot-scarr","13":"product_tag-hasbro","14":"product_tag-legacy-evolution","15":"product_tag-takaratomy","16":"product_tag-toys-figures","17":"product_tag-transformers","18":"product_shipping_class-light","20":"first","21":"outofstock","22":"taxable","23":"shipping-taxable","24":"purchasable","25":"product-type-simple","26":"add-to-wishlist-after_add_to_cart"},"yoast_head":"<!-- This site is optimized with the Yoast SEO Premium plugin v25.3.1 (Yoast SEO v27.4) - https:\/\/yoast.com\/product\/yoast-seo-premium-wordpress\/ -->\n<title>Transformers Legacy Evolution - Core Class - Dinobot Scarr<\/title>\n<meta name=\"robots\" content=\"index, follow, max-snippet:-1, max-image-preview:large, max-video-preview:-1\" \/>\n<link rel=\"canonical\" href=\"https:\/\/hobby4geek.com\/fr\/produit\/transformers-legacy-evolution-core-class-dinobot-scarr\/\" \/>\n<meta property=\"og:locale\" content=\"fr_FR\" \/>\n<meta property=\"og:type\" content=\"article\" \/>\n<meta property=\"og:title\" content=\"Transformers Legacy Evolution - Core Class - Dinobot Scarr\" \/>\n<meta property=\"og:description\" content=\"9 cm  Alt Mode: Converts from robot mode to ankylosaurus mode  Converts from robot mode to ankylosaurus mode in 9 steps  Other figures shown sold separately  Fully articulated  Made of plastic  Package Contents:   1x figure  \u00a01x A blaster  \u00a0Instructions\" \/>\n<meta property=\"og:url\" content=\"https:\/\/hobby4geek.com\/fr\/produit\/transformers-legacy-evolution-core-class-dinobot-scarr\/\" \/>\n<meta property=\"og:site_name\" content=\"Hobby4Geek\" \/>\n<meta property=\"article:publisher\" content=\"https:\/\/www.facebook.com\/hobby4geek\" \/>\n<meta property=\"article:modified_time\" content=\"2024-05-12T12:37:21+00:00\" \/>\n<meta property=\"og:image\" content=\"https:\/\/hobby4geek.com\/wp-content\/uploads\/2023\/04\/transformers-legacy-evolution-core-class-dinobot-scarr.webp\" \/>\n\t<meta property=\"og:image:width\" content=\"2000\" \/>\n\t<meta property=\"og:image:height\" content=\"2000\" \/>\n\t<meta property=\"og:image:type\" content=\"image\/webp\" \/>\n<meta name=\"twitter:card\" content=\"summary_large_image\" \/>\n<meta name=\"twitter:site\" content=\"@hobby4geek\" \/>\n<script type=\"application\/ld+json\" class=\"yoast-schema-graph\">{\"@context\":\"https:\\\/\\\/schema.org\",\"@graph\":[{\"@type\":\"WebPage\",\"@id\":\"https:\\\/\\\/hobby4geek.com\\\/fr\\\/produit\\\/transformers-legacy-evolution-core-class-dinobot-scarr\\\/\",\"url\":\"https:\\\/\\\/hobby4geek.com\\\/fr\\\/produit\\\/transformers-legacy-evolution-core-class-dinobot-scarr\\\/\",\"name\":\"Transformers Legacy Evolution - Core Class - Dinobot Scarr\",\"isPartOf\":{\"@id\":\"https:\\\/\\\/hobby4geek.com\\\/#website\"},\"primaryImageOfPage\":{\"@id\":\"https:\\\/\\\/hobby4geek.com\\\/fr\\\/produit\\\/transformers-legacy-evolution-core-class-dinobot-scarr\\\/#primaryimage\"},\"image\":{\"@id\":\"https:\\\/\\\/hobby4geek.com\\\/fr\\\/produit\\\/transformers-legacy-evolution-core-class-dinobot-scarr\\\/#primaryimage\"},\"thumbnailUrl\":\"https:\\\/\\\/hobby4geek.com\\\/wp-content\\\/uploads\\\/2023\\\/04\\\/transformers-legacy-evolution-core-class-dinobot-scarr.webp\",\"datePublished\":\"2023-04-20T13:15:40+00:00\",\"dateModified\":\"2024-05-12T12:37:21+00:00\",\"breadcrumb\":{\"@id\":\"https:\\\/\\\/hobby4geek.com\\\/fr\\\/produit\\\/transformers-legacy-evolution-core-class-dinobot-scarr\\\/#breadcrumb\"},\"inLanguage\":\"fr-FR\",\"potentialAction\":[{\"@type\":\"ReadAction\",\"target\":[\"https:\\\/\\\/hobby4geek.com\\\/fr\\\/produit\\\/transformers-legacy-evolution-core-class-dinobot-scarr\\\/\"]}]},{\"@type\":\"ImageObject\",\"inLanguage\":\"fr-FR\",\"@id\":\"https:\\\/\\\/hobby4geek.com\\\/fr\\\/produit\\\/transformers-legacy-evolution-core-class-dinobot-scarr\\\/#primaryimage\",\"url\":\"https:\\\/\\\/hobby4geek.com\\\/wp-content\\\/uploads\\\/2023\\\/04\\\/transformers-legacy-evolution-core-class-dinobot-scarr.webp\",\"contentUrl\":\"https:\\\/\\\/hobby4geek.com\\\/wp-content\\\/uploads\\\/2023\\\/04\\\/transformers-legacy-evolution-core-class-dinobot-scarr.webp\",\"width\":2000,\"height\":2000},{\"@type\":\"BreadcrumbList\",\"@id\":\"https:\\\/\\\/hobby4geek.com\\\/fr\\\/produit\\\/transformers-legacy-evolution-core-class-dinobot-scarr\\\/#breadcrumb\",\"itemListElement\":[{\"@type\":\"ListItem\",\"position\":1,\"name\":\"Home\",\"item\":\"https:\\\/\\\/hobby4geek.com\\\/\"},{\"@type\":\"ListItem\",\"position\":2,\"name\":\"Shop\",\"item\":\"https:\\\/\\\/hobby4geek.com\\\/shop\\\/\"},{\"@type\":\"ListItem\",\"position\":3,\"name\":\"Transformers Legacy Evolution &#8211; Core Class &#8211; Dinobot Scarr\"}]},{\"@type\":\"WebSite\",\"@id\":\"https:\\\/\\\/hobby4geek.com\\\/#website\",\"url\":\"https:\\\/\\\/hobby4geek.com\\\/\",\"name\":\"Hobby4Geek\",\"description\":\"Collect, Play &amp; Showcase, Embrace your Geekiness\",\"publisher\":{\"@id\":\"https:\\\/\\\/hobby4geek.com\\\/#organization\"},\"potentialAction\":[{\"@type\":\"SearchAction\",\"target\":{\"@type\":\"EntryPoint\",\"urlTemplate\":\"https:\\\/\\\/hobby4geek.com\\\/?s={search_term_string}\"},\"query-input\":{\"@type\":\"PropertyValueSpecification\",\"valueRequired\":true,\"valueName\":\"search_term_string\"}}],\"inLanguage\":\"fr-FR\"},{\"@type\":\"Organization\",\"@id\":\"https:\\\/\\\/hobby4geek.com\\\/#organization\",\"name\":\"Hobby4Geek\",\"url\":\"https:\\\/\\\/hobby4geek.com\\\/\",\"logo\":{\"@type\":\"ImageObject\",\"inLanguage\":\"fr-FR\",\"@id\":\"https:\\\/\\\/hobby4geek.com\\\/#\\\/schema\\\/logo\\\/image\\\/\",\"url\":\"https:\\\/\\\/hobby4geek.com\\\/wp-content\\\/uploads\\\/2023\\\/02\\\/default-kit.png\",\"contentUrl\":\"https:\\\/\\\/hobby4geek.com\\\/wp-content\\\/uploads\\\/2023\\\/02\\\/default-kit.png\",\"width\":600,\"height\":600,\"caption\":\"Hobby4Geek\"},\"image\":{\"@id\":\"https:\\\/\\\/hobby4geek.com\\\/#\\\/schema\\\/logo\\\/image\\\/\"},\"sameAs\":[\"https:\\\/\\\/www.facebook.com\\\/hobby4geek\",\"https:\\\/\\\/x.com\\\/hobby4geek\",\"https:\\\/\\\/www.instagram.com\\\/hobby4geek\\\/\"]}]}<\/script>\n<meta property=\"product:brand\" content=\"Hasbro\" \/>\n<meta property=\"product:price:amount\" content=\"14.80\" \/>\n<meta property=\"product:price:currency\" content=\"EUR\" \/>\n<meta property=\"og:availability\" content=\"out of stock\" \/>\n<meta property=\"product:availability\" content=\"out of stock\" \/>\n<meta property=\"product:retailer_item_id\" content=\"5010996120601\" \/>\n<meta property=\"product:condition\" content=\"new\" \/>\n<!-- \/ Yoast SEO Premium plugin. -->","yoast_head_json":{"title":"Transformers Legacy Evolution - Core Class - Dinobot Scarr","robots":{"index":"index","follow":"follow","max-snippet":"max-snippet:-1","max-image-preview":"max-image-preview:large","max-video-preview":"max-video-preview:-1"},"canonical":"https:\/\/hobby4geek.com\/fr\/produit\/transformers-legacy-evolution-core-class-dinobot-scarr\/","og_locale":"fr_FR","og_type":"article","og_title":"Transformers Legacy Evolution - Core Class - Dinobot Scarr","og_description":"9 cm  Alt Mode: Converts from robot mode to ankylosaurus mode  Converts from robot mode to ankylosaurus mode in 9 steps  Other figures shown sold separately  Fully articulated  Made of plastic  Package Contents:   1x figure  \u00a01x A blaster  \u00a0Instructions","og_url":"https:\/\/hobby4geek.com\/fr\/produit\/transformers-legacy-evolution-core-class-dinobot-scarr\/","og_site_name":"Hobby4Geek","article_publisher":"https:\/\/www.facebook.com\/hobby4geek","article_modified_time":"2024-05-12T12:37:21+00:00","og_image":[{"width":2000,"height":2000,"url":"https:\/\/hobby4geek.com\/wp-content\/uploads\/2023\/04\/transformers-legacy-evolution-core-class-dinobot-scarr.webp","type":"image\/webp"}],"twitter_card":"summary_large_image","twitter_site":"@hobby4geek","schema":{"@context":"https:\/\/schema.org","@graph":[{"@type":"WebPage","@id":"https:\/\/hobby4geek.com\/fr\/produit\/transformers-legacy-evolution-core-class-dinobot-scarr\/","url":"https:\/\/hobby4geek.com\/fr\/produit\/transformers-legacy-evolution-core-class-dinobot-scarr\/","name":"Transformers Legacy Evolution - Core Class - Dinobot Scarr","isPartOf":{"@id":"https:\/\/hobby4geek.com\/#website"},"primaryImageOfPage":{"@id":"https:\/\/hobby4geek.com\/fr\/produit\/transformers-legacy-evolution-core-class-dinobot-scarr\/#primaryimage"},"image":{"@id":"https:\/\/hobby4geek.com\/fr\/produit\/transformers-legacy-evolution-core-class-dinobot-scarr\/#primaryimage"},"thumbnailUrl":"https:\/\/hobby4geek.com\/wp-content\/uploads\/2023\/04\/transformers-legacy-evolution-core-class-dinobot-scarr.webp","datePublished":"2023-04-20T13:15:40+00:00","dateModified":"2024-05-12T12:37:21+00:00","breadcrumb":{"@id":"https:\/\/hobby4geek.com\/fr\/produit\/transformers-legacy-evolution-core-class-dinobot-scarr\/#breadcrumb"},"inLanguage":"fr-FR","potentialAction":[{"@type":"ReadAction","target":["https:\/\/hobby4geek.com\/fr\/produit\/transformers-legacy-evolution-core-class-dinobot-scarr\/"]}]},{"@type":"ImageObject","inLanguage":"fr-FR","@id":"https:\/\/hobby4geek.com\/fr\/produit\/transformers-legacy-evolution-core-class-dinobot-scarr\/#primaryimage","url":"https:\/\/hobby4geek.com\/wp-content\/uploads\/2023\/04\/transformers-legacy-evolution-core-class-dinobot-scarr.webp","contentUrl":"https:\/\/hobby4geek.com\/wp-content\/uploads\/2023\/04\/transformers-legacy-evolution-core-class-dinobot-scarr.webp","width":2000,"height":2000},{"@type":"BreadcrumbList","@id":"https:\/\/hobby4geek.com\/fr\/produit\/transformers-legacy-evolution-core-class-dinobot-scarr\/#breadcrumb","itemListElement":[{"@type":"ListItem","position":1,"name":"Home","item":"https:\/\/hobby4geek.com\/"},{"@type":"ListItem","position":2,"name":"Shop","item":"https:\/\/hobby4geek.com\/shop\/"},{"@type":"ListItem","position":3,"name":"Transformers Legacy Evolution &#8211; Core Class &#8211; Dinobot Scarr"}]},{"@type":"WebSite","@id":"https:\/\/hobby4geek.com\/#website","url":"https:\/\/hobby4geek.com\/","name":"Hobby4Geek","description":"Collectionnez, jouez et exposez, embrassez votre geekitude","publisher":{"@id":"https:\/\/hobby4geek.com\/#organization"},"potentialAction":[{"@type":"SearchAction","target":{"@type":"EntryPoint","urlTemplate":"https:\/\/hobby4geek.com\/?s={search_term_string}"},"query-input":{"@type":"PropertyValueSpecification","valueRequired":true,"valueName":"search_term_string"}}],"inLanguage":"fr-FR"},{"@type":"Organization","@id":"https:\/\/hobby4geek.com\/#organization","name":"Hobby4Geek","url":"https:\/\/hobby4geek.com\/","logo":{"@type":"ImageObject","inLanguage":"fr-FR","@id":"https:\/\/hobby4geek.com\/#\/schema\/logo\/image\/","url":"https:\/\/hobby4geek.com\/wp-content\/uploads\/2023\/02\/default-kit.png","contentUrl":"https:\/\/hobby4geek.com\/wp-content\/uploads\/2023\/02\/default-kit.png","width":600,"height":600,"caption":"Hobby4Geek"},"image":{"@id":"https:\/\/hobby4geek.com\/#\/schema\/logo\/image\/"},"sameAs":["https:\/\/www.facebook.com\/hobby4geek","https:\/\/x.com\/hobby4geek","https:\/\/www.instagram.com\/hobby4geek\/"]}]},"product_brand":"Hasbro","product_price_amount":"14.80","product_price_currency":"EUR","og_availability":"out of stock","product_availability":"out of stock","product_retailer_item_id":"5010996120601","product_condition":"new"},"_links":{"self":[{"href":"https:\/\/hobby4geek.com\/fr\/wp-json\/wp\/v2\/product\/187904","targetHints":{"allow":["GET"]}}],"collection":[{"href":"https:\/\/hobby4geek.com\/fr\/wp-json\/wp\/v2\/product"}],"about":[{"href":"https:\/\/hobby4geek.com\/fr\/wp-json\/wp\/v2\/types\/product"}],"replies":[{"embeddable":true,"href":"https:\/\/hobby4geek.com\/fr\/wp-json\/wp\/v2\/comments?post=187904"}],"version-history":[{"count":0,"href":"https:\/\/hobby4geek.com\/fr\/wp-json\/wp\/v2\/product\/187904\/revisions"}],"wp:featuredmedia":[{"embeddable":true,"href":"https:\/\/hobby4geek.com\/fr\/wp-json\/wp\/v2\/media\/187905"}],"wp:attachment":[{"href":"https:\/\/hobby4geek.com\/fr\/wp-json\/wp\/v2\/media?parent=187904"}],"wp:term":[{"taxonomy":"product_brand","embeddable":true,"href":"https:\/\/hobby4geek.com\/fr\/wp-json\/wp\/v2\/product_brand?post=187904"},{"taxonomy":"product_cat","embeddable":true,"href":"https:\/\/hobby4geek.com\/fr\/wp-json\/wp\/v2\/product_cat?post=187904"},{"taxonomy":"product_tag","embeddable":true,"href":"https:\/\/hobby4geek.com\/fr\/wp-json\/wp\/v2\/product_tag?post=187904"},{"taxonomy":"giftcard-category","embeddable":true,"href":"https:\/\/hobby4geek.com\/fr\/wp-json\/wp\/v2\/giftcard-category?post=187904"}],"curies":[{"name":"wp","href":"https:\/\/api.w.org\/{rel}","templated":true}]}}