{"id":187655,"date":"2023-04-15T20:54:48","date_gmt":"2023-04-15T19:54:48","guid":{"rendered":"https:\/\/hobby4geek.com\/?post_type=product&#038;p=187655"},"modified":"2024-05-12T13:19:47","modified_gmt":"2024-05-12T12:19:47","slug":"transformers-legacy-evolution-skyquake","status":"publish","type":"product","link":"https:\/\/hobby4geek.com\/fr\/produit\/transformers-legacy-evolution-skyquake\/","title":{"rendered":"Transformers Legacy Evolution - Leader CLass Skyquake"},"content":{"rendered":"<p>La bataille \u00e9volue avec la figurine Transformers Legacy Evolution Prime Universe Skyquake ! Skyquake est l'un des Decepticons les plus loyaux ; il suit aveugl\u00e9ment tous les ordres de son chef. Les robots Transformers sont am\u00e9lior\u00e9s gr\u00e2ce \u00e0 la technologie Evo-Fusion ! Le combat \u00e9volue en combinant le blaster et l'\u00e9p\u00e9e pour former un gros canon gatling pr\u00eat au combat ! C\u00e9l\u00e9brez 40 ans d'histoire de Transformers avec les figurines Transformers Legacy pour filles et gar\u00e7ons. Transformers Legacy ouvre la porte \u00e0 un nouvel univers plus fort que les apparences, o\u00f9 toutes les g\u00e9n\u00e9rations de Transformers se retrouvent comme jamais auparavant.<\/p>\n<p>Cette gamme permet de collectionner et de combiner diff\u00e9rents personnages pour cr\u00e9er la s\u00e9lection parfaite de figurines Legacy.<\/p>\n<ul>\n<li>19 cm<\/li>\n<li id=\"specs-altMode-data\">Mode Alt : Chasseur \u00e0 r\u00e9action<\/li>\n<li>Passez du robot \u00e0 l'avion \u00e0 r\u00e9action en 29 \u00e9tapes<\/li>\n<li id=\"specs-scale-data\">\u00c9chelle : Classe Leader<\/li>\n<li>Enti\u00e8rement articul\u00e9<\/li>\n<li>En plastique<\/li>\n<\/ul>\n<p><strong>Contenu du paquet :<\/strong><\/p>\n<ul>\n<li>1 x Figurine Skyquake<\/li>\n<li>1 x Blaster<\/li>\n<li>1 x \u00e9p\u00e9e<\/li>\n<\/ul>","protected":false},"excerpt":{"rendered":"<ul>\n<li>19 cm<\/li>\n<li id=\"specs-altMode-data\">Mode Alt : Chasseur \u00e0 r\u00e9action<\/li>\n<li>Passez du robot \u00e0 l'avion \u00e0 r\u00e9action en 29 \u00e9tapes<\/li>\n<li id=\"specs-scale-data\">\u00c9chelle : Classe Leader<\/li>\n<li>Enti\u00e8rement articul\u00e9<\/li>\n<li>En plastique<\/li>\n<\/ul>\n<p><strong>Contenu du paquet :<\/strong><\/p>\n<ul>\n<li>1 x Figurine Skyquake<\/li>\n<li>1 x Blaster<\/li>\n<li>1 x \u00e9p\u00e9e<\/li>\n<\/ul>","protected":false},"featured_media":187656,"comment_status":"open","ping_status":"closed","template":"","meta":{"inline_featured_image":false},"product_brand":[],"product_cat":[68,69,1955,1960],"product_tag":[1759,335,1903,2107,2112,1860,1975,204],"giftcard-category":[],"class_list":{"0":"post-187655","1":"product","2":"type-product","3":"status-publish","4":"has-post-thumbnail","6":"product_cat-hasbro","7":"product_cat-takara-tomy","8":"product_cat-transformers","9":"product_cat-transformers-generations","10":"product_tag-action-toys","11":"product_tag-hasbro","12":"product_tag-leader-class","13":"product_tag-legacy-evolution","14":"product_tag-skyquake","15":"product_tag-takaratomy","16":"product_tag-toys-figures","17":"product_tag-transformers","18":"product_shipping_class-light","20":"first","21":"outofstock","22":"taxable","23":"shipping-taxable","24":"purchasable","25":"product-type-simple","26":"add-to-wishlist-after_add_to_cart"},"yoast_head":"<!-- This site is optimized with the Yoast SEO Premium plugin v25.3.1 (Yoast SEO v27.4) - https:\/\/yoast.com\/product\/yoast-seo-premium-wordpress\/ -->\n<title>Transformers Legacy Evolution - Leader CLass Skyquake<\/title>\n<meta name=\"robots\" content=\"index, follow, max-snippet:-1, max-image-preview:large, max-video-preview:-1\" \/>\n<link rel=\"canonical\" href=\"https:\/\/hobby4geek.com\/fr\/produit\/transformers-legacy-evolution-skyquake\/\" \/>\n<meta property=\"og:locale\" content=\"fr_FR\" \/>\n<meta property=\"og:type\" content=\"article\" \/>\n<meta property=\"og:title\" content=\"Transformers Legacy Evolution - Leader CLass Skyquake\" \/>\n<meta property=\"og:description\" content=\"19 cm  Alt Mode: Fighter Jet  Converts from robot to jet in 29 steps  Scale: Leader Class  Fully articulated  Made of plastic  Package Contents:   1 x Skyquake\u00a0Figure  1 x Blaster  1 x Sword\" \/>\n<meta property=\"og:url\" content=\"https:\/\/hobby4geek.com\/fr\/produit\/transformers-legacy-evolution-skyquake\/\" \/>\n<meta property=\"og:site_name\" content=\"Hobby4Geek\" \/>\n<meta property=\"article:publisher\" content=\"https:\/\/www.facebook.com\/hobby4geek\" \/>\n<meta property=\"article:modified_time\" content=\"2024-05-12T12:19:47+00:00\" \/>\n<meta property=\"og:image\" content=\"https:\/\/hobby4geek.com\/wp-content\/uploads\/2023\/04\/transformers-legacy-evolution-leader-class-skyquake.webp\" \/>\n\t<meta property=\"og:image:width\" content=\"2000\" \/>\n\t<meta property=\"og:image:height\" content=\"2000\" \/>\n\t<meta property=\"og:image:type\" content=\"image\/webp\" \/>\n<meta name=\"twitter:card\" content=\"summary_large_image\" \/>\n<meta name=\"twitter:site\" content=\"@hobby4geek\" \/>\n<script type=\"application\/ld+json\" class=\"yoast-schema-graph\">{\"@context\":\"https:\\\/\\\/schema.org\",\"@graph\":[{\"@type\":\"WebPage\",\"@id\":\"https:\\\/\\\/hobby4geek.com\\\/product\\\/transformers-legacy-evolution-skyquake\\\/\",\"url\":\"https:\\\/\\\/hobby4geek.com\\\/product\\\/transformers-legacy-evolution-skyquake\\\/\",\"name\":\"Transformers Legacy Evolution - Leader CLass Skyquake\",\"isPartOf\":{\"@id\":\"https:\\\/\\\/hobby4geek.com\\\/#website\"},\"primaryImageOfPage\":{\"@id\":\"https:\\\/\\\/hobby4geek.com\\\/product\\\/transformers-legacy-evolution-skyquake\\\/#primaryimage\"},\"image\":{\"@id\":\"https:\\\/\\\/hobby4geek.com\\\/product\\\/transformers-legacy-evolution-skyquake\\\/#primaryimage\"},\"thumbnailUrl\":\"https:\\\/\\\/hobby4geek.com\\\/wp-content\\\/uploads\\\/2023\\\/04\\\/transformers-legacy-evolution-leader-class-skyquake.webp\",\"datePublished\":\"2023-04-15T19:54:48+00:00\",\"dateModified\":\"2024-05-12T12:19:47+00:00\",\"breadcrumb\":{\"@id\":\"https:\\\/\\\/hobby4geek.com\\\/product\\\/transformers-legacy-evolution-skyquake\\\/#breadcrumb\"},\"inLanguage\":\"fr-FR\",\"potentialAction\":[{\"@type\":\"ReadAction\",\"target\":[\"https:\\\/\\\/hobby4geek.com\\\/product\\\/transformers-legacy-evolution-skyquake\\\/\"]}]},{\"@type\":\"ImageObject\",\"inLanguage\":\"fr-FR\",\"@id\":\"https:\\\/\\\/hobby4geek.com\\\/product\\\/transformers-legacy-evolution-skyquake\\\/#primaryimage\",\"url\":\"https:\\\/\\\/hobby4geek.com\\\/wp-content\\\/uploads\\\/2023\\\/04\\\/transformers-legacy-evolution-leader-class-skyquake.webp\",\"contentUrl\":\"https:\\\/\\\/hobby4geek.com\\\/wp-content\\\/uploads\\\/2023\\\/04\\\/transformers-legacy-evolution-leader-class-skyquake.webp\",\"width\":2000,\"height\":2000},{\"@type\":\"BreadcrumbList\",\"@id\":\"https:\\\/\\\/hobby4geek.com\\\/product\\\/transformers-legacy-evolution-skyquake\\\/#breadcrumb\",\"itemListElement\":[{\"@type\":\"ListItem\",\"position\":1,\"name\":\"Home\",\"item\":\"https:\\\/\\\/hobby4geek.com\\\/\"},{\"@type\":\"ListItem\",\"position\":2,\"name\":\"Shop\",\"item\":\"https:\\\/\\\/hobby4geek.com\\\/shop\\\/\"},{\"@type\":\"ListItem\",\"position\":3,\"name\":\"Transformers Legacy Evolution &#8211; Leader CLass Skyquake\"}]},{\"@type\":\"WebSite\",\"@id\":\"https:\\\/\\\/hobby4geek.com\\\/#website\",\"url\":\"https:\\\/\\\/hobby4geek.com\\\/\",\"name\":\"Hobby4Geek\",\"description\":\"Collect, Play &amp; Showcase, Embrace your Geekiness\",\"publisher\":{\"@id\":\"https:\\\/\\\/hobby4geek.com\\\/#organization\"},\"potentialAction\":[{\"@type\":\"SearchAction\",\"target\":{\"@type\":\"EntryPoint\",\"urlTemplate\":\"https:\\\/\\\/hobby4geek.com\\\/?s={search_term_string}\"},\"query-input\":{\"@type\":\"PropertyValueSpecification\",\"valueRequired\":true,\"valueName\":\"search_term_string\"}}],\"inLanguage\":\"fr-FR\"},{\"@type\":\"Organization\",\"@id\":\"https:\\\/\\\/hobby4geek.com\\\/#organization\",\"name\":\"Hobby4Geek\",\"url\":\"https:\\\/\\\/hobby4geek.com\\\/\",\"logo\":{\"@type\":\"ImageObject\",\"inLanguage\":\"fr-FR\",\"@id\":\"https:\\\/\\\/hobby4geek.com\\\/#\\\/schema\\\/logo\\\/image\\\/\",\"url\":\"https:\\\/\\\/hobby4geek.com\\\/wp-content\\\/uploads\\\/2023\\\/02\\\/default-kit.png\",\"contentUrl\":\"https:\\\/\\\/hobby4geek.com\\\/wp-content\\\/uploads\\\/2023\\\/02\\\/default-kit.png\",\"width\":600,\"height\":600,\"caption\":\"Hobby4Geek\"},\"image\":{\"@id\":\"https:\\\/\\\/hobby4geek.com\\\/#\\\/schema\\\/logo\\\/image\\\/\"},\"sameAs\":[\"https:\\\/\\\/www.facebook.com\\\/hobby4geek\",\"https:\\\/\\\/x.com\\\/hobby4geek\",\"https:\\\/\\\/www.instagram.com\\\/hobby4geek\\\/\"]}]}<\/script>\n<meta property=\"product:brand\" content=\"Hasbro\" \/>\n<meta property=\"product:price:amount\" content=\"54.80\" \/>\n<meta property=\"product:price:currency\" content=\"EUR\" \/>\n<meta property=\"og:availability\" content=\"out of stock\" \/>\n<meta property=\"product:availability\" content=\"out of stock\" \/>\n<meta property=\"product:retailer_item_id\" content=\"5010994207816\" \/>\n<meta property=\"product:condition\" content=\"new\" \/>\n<!-- \/ Yoast SEO Premium plugin. -->","yoast_head_json":{"title":"Transformers Legacy Evolution - Leader CLass Skyquake","robots":{"index":"index","follow":"follow","max-snippet":"max-snippet:-1","max-image-preview":"max-image-preview:large","max-video-preview":"max-video-preview:-1"},"canonical":"https:\/\/hobby4geek.com\/fr\/produit\/transformers-legacy-evolution-skyquake\/","og_locale":"fr_FR","og_type":"article","og_title":"Transformers Legacy Evolution - Leader CLass Skyquake","og_description":"19 cm  Alt Mode: Fighter Jet  Converts from robot to jet in 29 steps  Scale: Leader Class  Fully articulated  Made of plastic  Package Contents:   1 x Skyquake\u00a0Figure  1 x Blaster  1 x Sword","og_url":"https:\/\/hobby4geek.com\/fr\/produit\/transformers-legacy-evolution-skyquake\/","og_site_name":"Hobby4Geek","article_publisher":"https:\/\/www.facebook.com\/hobby4geek","article_modified_time":"2024-05-12T12:19:47+00:00","og_image":[{"width":2000,"height":2000,"url":"https:\/\/hobby4geek.com\/wp-content\/uploads\/2023\/04\/transformers-legacy-evolution-leader-class-skyquake.webp","type":"image\/webp"}],"twitter_card":"summary_large_image","twitter_site":"@hobby4geek","schema":{"@context":"https:\/\/schema.org","@graph":[{"@type":"WebPage","@id":"https:\/\/hobby4geek.com\/product\/transformers-legacy-evolution-skyquake\/","url":"https:\/\/hobby4geek.com\/product\/transformers-legacy-evolution-skyquake\/","name":"Transformers Legacy Evolution - Leader CLass Skyquake","isPartOf":{"@id":"https:\/\/hobby4geek.com\/#website"},"primaryImageOfPage":{"@id":"https:\/\/hobby4geek.com\/product\/transformers-legacy-evolution-skyquake\/#primaryimage"},"image":{"@id":"https:\/\/hobby4geek.com\/product\/transformers-legacy-evolution-skyquake\/#primaryimage"},"thumbnailUrl":"https:\/\/hobby4geek.com\/wp-content\/uploads\/2023\/04\/transformers-legacy-evolution-leader-class-skyquake.webp","datePublished":"2023-04-15T19:54:48+00:00","dateModified":"2024-05-12T12:19:47+00:00","breadcrumb":{"@id":"https:\/\/hobby4geek.com\/product\/transformers-legacy-evolution-skyquake\/#breadcrumb"},"inLanguage":"fr-FR","potentialAction":[{"@type":"ReadAction","target":["https:\/\/hobby4geek.com\/product\/transformers-legacy-evolution-skyquake\/"]}]},{"@type":"ImageObject","inLanguage":"fr-FR","@id":"https:\/\/hobby4geek.com\/product\/transformers-legacy-evolution-skyquake\/#primaryimage","url":"https:\/\/hobby4geek.com\/wp-content\/uploads\/2023\/04\/transformers-legacy-evolution-leader-class-skyquake.webp","contentUrl":"https:\/\/hobby4geek.com\/wp-content\/uploads\/2023\/04\/transformers-legacy-evolution-leader-class-skyquake.webp","width":2000,"height":2000},{"@type":"BreadcrumbList","@id":"https:\/\/hobby4geek.com\/product\/transformers-legacy-evolution-skyquake\/#breadcrumb","itemListElement":[{"@type":"ListItem","position":1,"name":"Home","item":"https:\/\/hobby4geek.com\/"},{"@type":"ListItem","position":2,"name":"Shop","item":"https:\/\/hobby4geek.com\/shop\/"},{"@type":"ListItem","position":3,"name":"Transformers Legacy Evolution &#8211; Leader CLass Skyquake"}]},{"@type":"WebSite","@id":"https:\/\/hobby4geek.com\/#website","url":"https:\/\/hobby4geek.com\/","name":"Hobby4Geek","description":"Collectionnez, jouez et exposez, embrassez votre geekitude","publisher":{"@id":"https:\/\/hobby4geek.com\/#organization"},"potentialAction":[{"@type":"SearchAction","target":{"@type":"EntryPoint","urlTemplate":"https:\/\/hobby4geek.com\/?s={search_term_string}"},"query-input":{"@type":"PropertyValueSpecification","valueRequired":true,"valueName":"search_term_string"}}],"inLanguage":"fr-FR"},{"@type":"Organization","@id":"https:\/\/hobby4geek.com\/#organization","name":"Hobby4Geek","url":"https:\/\/hobby4geek.com\/","logo":{"@type":"ImageObject","inLanguage":"fr-FR","@id":"https:\/\/hobby4geek.com\/#\/schema\/logo\/image\/","url":"https:\/\/hobby4geek.com\/wp-content\/uploads\/2023\/02\/default-kit.png","contentUrl":"https:\/\/hobby4geek.com\/wp-content\/uploads\/2023\/02\/default-kit.png","width":600,"height":600,"caption":"Hobby4Geek"},"image":{"@id":"https:\/\/hobby4geek.com\/#\/schema\/logo\/image\/"},"sameAs":["https:\/\/www.facebook.com\/hobby4geek","https:\/\/x.com\/hobby4geek","https:\/\/www.instagram.com\/hobby4geek\/"]}]},"product_brand":"Hasbro","product_price_amount":"54.80","product_price_currency":"EUR","og_availability":"out of stock","product_availability":"out of stock","product_retailer_item_id":"5010994207816","product_condition":"new"},"_links":{"self":[{"href":"https:\/\/hobby4geek.com\/fr\/wp-json\/wp\/v2\/product\/187655","targetHints":{"allow":["GET"]}}],"collection":[{"href":"https:\/\/hobby4geek.com\/fr\/wp-json\/wp\/v2\/product"}],"about":[{"href":"https:\/\/hobby4geek.com\/fr\/wp-json\/wp\/v2\/types\/product"}],"replies":[{"embeddable":true,"href":"https:\/\/hobby4geek.com\/fr\/wp-json\/wp\/v2\/comments?post=187655"}],"version-history":[{"count":0,"href":"https:\/\/hobby4geek.com\/fr\/wp-json\/wp\/v2\/product\/187655\/revisions"}],"wp:featuredmedia":[{"embeddable":true,"href":"https:\/\/hobby4geek.com\/fr\/wp-json\/wp\/v2\/media\/187656"}],"wp:attachment":[{"href":"https:\/\/hobby4geek.com\/fr\/wp-json\/wp\/v2\/media?parent=187655"}],"wp:term":[{"taxonomy":"product_brand","embeddable":true,"href":"https:\/\/hobby4geek.com\/fr\/wp-json\/wp\/v2\/product_brand?post=187655"},{"taxonomy":"product_cat","embeddable":true,"href":"https:\/\/hobby4geek.com\/fr\/wp-json\/wp\/v2\/product_cat?post=187655"},{"taxonomy":"product_tag","embeddable":true,"href":"https:\/\/hobby4geek.com\/fr\/wp-json\/wp\/v2\/product_tag?post=187655"},{"taxonomy":"giftcard-category","embeddable":true,"href":"https:\/\/hobby4geek.com\/fr\/wp-json\/wp\/v2\/giftcard-category?post=187655"}],"curies":[{"name":"wp","href":"https:\/\/api.w.org\/{rel}","templated":true}]}}