{"id":187582,"date":"2023-04-14T19:18:47","date_gmt":"2023-04-14T18:18:47","guid":{"rendered":"https:\/\/hobby4geek.com\/?post_type=product&#038;p=187582"},"modified":"2024-05-12T13:22:27","modified_gmt":"2024-05-12T12:22:27","slug":"transformers-legacy-evolution-crashbar","status":"publish","type":"product","link":"https:\/\/hobby4geek.com\/fr\/produit\/transformers-legacy-evolution-crashbar\/","title":{"rendered":"Transformers Legacy Evolution - Classe Deluxe Crashbar"},"content":{"rendered":"<p>La bataille \u00e9volue avec la figurine Transformers Legacy Evolution Crashbar !<\/p>\n<p>Crashbar est l'un des Junkions les plus rapides. Il traverse la plan\u00e8te \u00e0 toute vitesse, se heurtant souvent \u00e0 des obstacles et se r\u00e9assemblant avant de repartir \u00e0 toute allure. Les jouets Transformers sont dot\u00e9s de la technologie Evo-Fusion ! Combats avec des capacit\u00e9s de fusion en brisant ce jouet Crashbar et en le fusionnant avec d'autres figurines Transformers : Legacy Evolution pour former une armure Junkion indestructible ! (vendu s\u00e9par\u00e9ment)<\/p>\n<p>C\u00e9l\u00e9brez les 40 derni\u00e8res ann\u00e9es de l'histoire de Transformers avec les figurines Transformers Legacy pour gar\u00e7ons et filles. Transformers Legacy ouvre le portail d'un tout nouvel univers - More Than Meets the Eye - r\u00e9unissant toutes les g\u00e9n\u00e9rations de Transformers comme vous ne l'avez jamais vu auparavant. Collectionne et combine diff\u00e9rents personnages pour cr\u00e9er ton groupe Legacy id\u00e9al.<\/p>\n<ul>\n<li>13 cm<\/li>\n<li>Mode Alt : Moto<\/li>\n<li>Enti\u00e8rement articul\u00e9<\/li>\n<li>Peut \u00eatre d\u00e9compos\u00e9e et fusionn\u00e9e avec d'autres figurines pour former une armure Junkion indestructible.<\/li>\n<li>Se transforme de robot en moto en 15 \u00e9tapes<\/li>\n<li>En plastique<\/li>\n<\/ul>\n<p><strong>Contenu du paquet :<\/strong><\/p>\n<ul>\n<li>1 x Figurine Crashbar<\/li>\n<li>2 x tuyaux d'\u00e9chappement<\/li>\n<li>2 x Thrusters<\/li>\n<\/ul>","protected":false},"excerpt":{"rendered":"<ul>\n<li>13 cm<\/li>\n<li>Mode Alt : Moto<\/li>\n<li>Enti\u00e8rement articul\u00e9<\/li>\n<li>Peut \u00eatre d\u00e9compos\u00e9e et fusionn\u00e9e avec d'autres figurines pour former une armure Junkion indestructible.<\/li>\n<li>Se transforme de robot en moto en 15 \u00e9tapes<\/li>\n<li>En plastique<\/li>\n<\/ul>\n<p><strong>Contenu du paquet :<\/strong><\/p>\n<ul>\n<li>1 x Figurine Crashbar<\/li>\n<li>2 x tuyaux d'\u00e9chappement<\/li>\n<li>2 x Thrusters<\/li>\n<\/ul>","protected":false},"featured_media":187583,"comment_status":"open","ping_status":"closed","template":"","meta":{"inline_featured_image":false},"product_brand":[],"product_cat":[1955,68,69,1960],"product_tag":[1759,2106,1964,335,2107,1860,1975,204],"giftcard-category":[],"class_list":{"0":"post-187582","1":"product","2":"type-product","3":"status-publish","4":"has-post-thumbnail","6":"product_cat-transformers","7":"product_cat-hasbro","8":"product_cat-takara-tomy","9":"product_cat-transformers-generations","10":"product_tag-action-toys","11":"product_tag-crashbar","12":"product_tag-deluxe-class","13":"product_tag-hasbro","14":"product_tag-legacy-evolution","15":"product_tag-takaratomy","16":"product_tag-toys-figures","17":"product_tag-transformers","18":"product_shipping_class-light","20":"first","21":"outofstock","22":"taxable","23":"shipping-taxable","24":"purchasable","25":"product-type-simple","26":"add-to-wishlist-after_add_to_cart"},"yoast_head":"<!-- This site is optimized with the Yoast SEO Premium plugin v25.3.1 (Yoast SEO v27.2) - https:\/\/yoast.com\/product\/yoast-seo-premium-wordpress\/ -->\n<title>Transformers Legacy Evolution - Deluxe Class Crashbar<\/title>\n<meta name=\"robots\" content=\"index, follow, max-snippet:-1, max-image-preview:large, max-video-preview:-1\" \/>\n<link rel=\"canonical\" href=\"https:\/\/hobby4geek.com\/fr\/produit\/transformers-legacy-evolution-crashbar\/\" \/>\n<meta property=\"og:locale\" content=\"fr_FR\" \/>\n<meta property=\"og:type\" content=\"article\" \/>\n<meta property=\"og:title\" content=\"Transformers Legacy Evolution - Deluxe Class Crashbar\" \/>\n<meta property=\"og:description\" content=\"13 cm  Alt Mode: Motorcycle  Fully articulated  Can be broken apart and fused with other figures as indestructible Junkion armor  Transforms from robot to motorcycle in 15 steps  Made of plastic  Package Contents:   1 x Crashbar Figure  2 x Tailpipes  2 x Thrusters\" \/>\n<meta property=\"og:url\" content=\"https:\/\/hobby4geek.com\/fr\/produit\/transformers-legacy-evolution-crashbar\/\" \/>\n<meta property=\"og:site_name\" content=\"Hobby4Geek\" \/>\n<meta property=\"article:publisher\" content=\"https:\/\/www.facebook.com\/hobby4geek\" \/>\n<meta property=\"article:modified_time\" content=\"2024-05-12T12:22:27+00:00\" \/>\n<meta property=\"og:image\" content=\"https:\/\/hobby4geek.com\/wp-content\/uploads\/2023\/04\/transformers-legacy-evolution-deluxe-class-crashbar.jpg\" \/>\n\t<meta property=\"og:image:width\" content=\"640\" \/>\n\t<meta property=\"og:image:height\" content=\"640\" \/>\n\t<meta property=\"og:image:type\" content=\"image\/jpeg\" \/>\n<meta name=\"twitter:card\" content=\"summary_large_image\" \/>\n<meta name=\"twitter:site\" content=\"@hobby4geek\" \/>\n<script type=\"application\/ld+json\" class=\"yoast-schema-graph\">{\"@context\":\"https:\/\/schema.org\",\"@graph\":[{\"@type\":\"WebPage\",\"@id\":\"https:\/\/hobby4geek.com\/product\/transformers-legacy-evolution-crashbar\/\",\"url\":\"https:\/\/hobby4geek.com\/product\/transformers-legacy-evolution-crashbar\/\",\"name\":\"Transformers Legacy Evolution - Deluxe Class Crashbar\",\"isPartOf\":{\"@id\":\"https:\/\/hobby4geek.com\/#website\"},\"primaryImageOfPage\":{\"@id\":\"https:\/\/hobby4geek.com\/product\/transformers-legacy-evolution-crashbar\/#primaryimage\"},\"image\":{\"@id\":\"https:\/\/hobby4geek.com\/product\/transformers-legacy-evolution-crashbar\/#primaryimage\"},\"thumbnailUrl\":\"https:\/\/hobby4geek.com\/wp-content\/uploads\/2023\/04\/transformers-legacy-evolution-deluxe-class-crashbar.jpg\",\"datePublished\":\"2023-04-14T18:18:47+00:00\",\"dateModified\":\"2024-05-12T12:22:27+00:00\",\"breadcrumb\":{\"@id\":\"https:\/\/hobby4geek.com\/product\/transformers-legacy-evolution-crashbar\/#breadcrumb\"},\"inLanguage\":\"fr-FR\",\"potentialAction\":[{\"@type\":\"ReadAction\",\"target\":[\"https:\/\/hobby4geek.com\/product\/transformers-legacy-evolution-crashbar\/\"]}]},{\"@type\":\"ImageObject\",\"inLanguage\":\"fr-FR\",\"@id\":\"https:\/\/hobby4geek.com\/product\/transformers-legacy-evolution-crashbar\/#primaryimage\",\"url\":\"https:\/\/hobby4geek.com\/wp-content\/uploads\/2023\/04\/transformers-legacy-evolution-deluxe-class-crashbar.jpg\",\"contentUrl\":\"https:\/\/hobby4geek.com\/wp-content\/uploads\/2023\/04\/transformers-legacy-evolution-deluxe-class-crashbar.jpg\",\"width\":640,\"height\":640},{\"@type\":\"BreadcrumbList\",\"@id\":\"https:\/\/hobby4geek.com\/product\/transformers-legacy-evolution-crashbar\/#breadcrumb\",\"itemListElement\":[{\"@type\":\"ListItem\",\"position\":1,\"name\":\"Home\",\"item\":\"https:\/\/hobby4geek.com\/\"},{\"@type\":\"ListItem\",\"position\":2,\"name\":\"Shop\",\"item\":\"https:\/\/hobby4geek.com\/shop\/\"},{\"@type\":\"ListItem\",\"position\":3,\"name\":\"Transformers Legacy Evolution &#8211; Deluxe Class Crashbar\"}]},{\"@type\":\"WebSite\",\"@id\":\"https:\/\/hobby4geek.com\/#website\",\"url\":\"https:\/\/hobby4geek.com\/\",\"name\":\"Hobby4Geek\",\"description\":\"Collect, Play &amp; Showcase, Embrace your Geekiness\",\"publisher\":{\"@id\":\"https:\/\/hobby4geek.com\/#organization\"},\"potentialAction\":[{\"@type\":\"SearchAction\",\"target\":{\"@type\":\"EntryPoint\",\"urlTemplate\":\"https:\/\/hobby4geek.com\/?s={search_term_string}\"},\"query-input\":{\"@type\":\"PropertyValueSpecification\",\"valueRequired\":true,\"valueName\":\"search_term_string\"}}],\"inLanguage\":\"fr-FR\"},{\"@type\":\"Organization\",\"@id\":\"https:\/\/hobby4geek.com\/#organization\",\"name\":\"Hobby4Geek\",\"url\":\"https:\/\/hobby4geek.com\/\",\"logo\":{\"@type\":\"ImageObject\",\"inLanguage\":\"fr-FR\",\"@id\":\"https:\/\/hobby4geek.com\/#\/schema\/logo\/image\/\",\"url\":\"https:\/\/hobby4geek.com\/wp-content\/uploads\/2023\/02\/default-kit.png\",\"contentUrl\":\"https:\/\/hobby4geek.com\/wp-content\/uploads\/2023\/02\/default-kit.png\",\"width\":600,\"height\":600,\"caption\":\"Hobby4Geek\"},\"image\":{\"@id\":\"https:\/\/hobby4geek.com\/#\/schema\/logo\/image\/\"},\"sameAs\":[\"https:\/\/www.facebook.com\/hobby4geek\",\"https:\/\/x.com\/hobby4geek\",\"https:\/\/www.instagram.com\/hobby4geek\/\"]}]}<\/script>\n<meta property=\"product:brand\" content=\"Transformers\" \/>\n<meta property=\"product:price:amount\" content=\"27.80\" \/>\n<meta property=\"product:price:currency\" content=\"EUR\" \/>\n<meta property=\"og:availability\" content=\"out of stock\" \/>\n<meta property=\"product:availability\" content=\"out of stock\" \/>\n<meta property=\"product:retailer_item_id\" content=\"5010994202262\" \/>\n<meta property=\"product:condition\" content=\"new\" \/>\n<!-- \/ Yoast SEO Premium plugin. -->","yoast_head_json":{"title":"Transformers Legacy Evolution - Crashbar classe Deluxe","robots":{"index":"index","follow":"follow","max-snippet":"max-snippet:-1","max-image-preview":"max-image-preview:large","max-video-preview":"max-video-preview:-1"},"canonical":"https:\/\/hobby4geek.com\/fr\/produit\/transformers-legacy-evolution-crashbar\/","og_locale":"fr_FR","og_type":"article","og_title":"Transformers Legacy Evolution - Deluxe Class Crashbar","og_description":"13 cm  Alt Mode: Motorcycle  Fully articulated  Can be broken apart and fused with other figures as indestructible Junkion armor  Transforms from robot to motorcycle in 15 steps  Made of plastic  Package Contents:   1 x Crashbar Figure  2 x Tailpipes  2 x Thrusters","og_url":"https:\/\/hobby4geek.com\/fr\/produit\/transformers-legacy-evolution-crashbar\/","og_site_name":"Hobby4Geek","article_publisher":"https:\/\/www.facebook.com\/hobby4geek","article_modified_time":"2024-05-12T12:22:27+00:00","og_image":[{"width":640,"height":640,"url":"https:\/\/hobby4geek.com\/wp-content\/uploads\/2023\/04\/transformers-legacy-evolution-deluxe-class-crashbar.jpg","type":"image\/jpeg"}],"twitter_card":"summary_large_image","twitter_site":"@hobby4geek","schema":{"@context":"https:\/\/schema.org","@graph":[{"@type":"WebPage","@id":"https:\/\/hobby4geek.com\/product\/transformers-legacy-evolution-crashbar\/","url":"https:\/\/hobby4geek.com\/product\/transformers-legacy-evolution-crashbar\/","name":"Transformers Legacy Evolution - Crashbar classe Deluxe","isPartOf":{"@id":"https:\/\/hobby4geek.com\/#website"},"primaryImageOfPage":{"@id":"https:\/\/hobby4geek.com\/product\/transformers-legacy-evolution-crashbar\/#primaryimage"},"image":{"@id":"https:\/\/hobby4geek.com\/product\/transformers-legacy-evolution-crashbar\/#primaryimage"},"thumbnailUrl":"https:\/\/hobby4geek.com\/wp-content\/uploads\/2023\/04\/transformers-legacy-evolution-deluxe-class-crashbar.jpg","datePublished":"2023-04-14T18:18:47+00:00","dateModified":"2024-05-12T12:22:27+00:00","breadcrumb":{"@id":"https:\/\/hobby4geek.com\/product\/transformers-legacy-evolution-crashbar\/#breadcrumb"},"inLanguage":"fr-FR","potentialAction":[{"@type":"ReadAction","target":["https:\/\/hobby4geek.com\/product\/transformers-legacy-evolution-crashbar\/"]}]},{"@type":"ImageObject","inLanguage":"fr-FR","@id":"https:\/\/hobby4geek.com\/product\/transformers-legacy-evolution-crashbar\/#primaryimage","url":"https:\/\/hobby4geek.com\/wp-content\/uploads\/2023\/04\/transformers-legacy-evolution-deluxe-class-crashbar.jpg","contentUrl":"https:\/\/hobby4geek.com\/wp-content\/uploads\/2023\/04\/transformers-legacy-evolution-deluxe-class-crashbar.jpg","width":640,"height":640},{"@type":"BreadcrumbList","@id":"https:\/\/hobby4geek.com\/product\/transformers-legacy-evolution-crashbar\/#breadcrumb","itemListElement":[{"@type":"ListItem","position":1,"name":"Home","item":"https:\/\/hobby4geek.com\/"},{"@type":"ListItem","position":2,"name":"Shop","item":"https:\/\/hobby4geek.com\/shop\/"},{"@type":"ListItem","position":3,"name":"Transformers Legacy Evolution &#8211; Deluxe Class Crashbar"}]},{"@type":"WebSite","@id":"https:\/\/hobby4geek.com\/#website","url":"https:\/\/hobby4geek.com\/","name":"Hobby4Geek","description":"Collectionnez, jouez et exposez, embrassez votre geekitude","publisher":{"@id":"https:\/\/hobby4geek.com\/#organization"},"potentialAction":[{"@type":"SearchAction","target":{"@type":"EntryPoint","urlTemplate":"https:\/\/hobby4geek.com\/?s={search_term_string}"},"query-input":{"@type":"PropertyValueSpecification","valueRequired":true,"valueName":"search_term_string"}}],"inLanguage":"fr-FR"},{"@type":"Organization","@id":"https:\/\/hobby4geek.com\/#organization","name":"Hobby4Geek","url":"https:\/\/hobby4geek.com\/","logo":{"@type":"ImageObject","inLanguage":"fr-FR","@id":"https:\/\/hobby4geek.com\/#\/schema\/logo\/image\/","url":"https:\/\/hobby4geek.com\/wp-content\/uploads\/2023\/02\/default-kit.png","contentUrl":"https:\/\/hobby4geek.com\/wp-content\/uploads\/2023\/02\/default-kit.png","width":600,"height":600,"caption":"Hobby4Geek"},"image":{"@id":"https:\/\/hobby4geek.com\/#\/schema\/logo\/image\/"},"sameAs":["https:\/\/www.facebook.com\/hobby4geek","https:\/\/x.com\/hobby4geek","https:\/\/www.instagram.com\/hobby4geek\/"]}]},"product_brand":"Transformers","product_price_amount":"27.80","product_price_currency":"EUR","og_availability":"out of stock","product_availability":"out of stock","product_retailer_item_id":"5010994202262","product_condition":"new"},"_links":{"self":[{"href":"https:\/\/hobby4geek.com\/fr\/wp-json\/wp\/v2\/product\/187582","targetHints":{"allow":["GET"]}}],"collection":[{"href":"https:\/\/hobby4geek.com\/fr\/wp-json\/wp\/v2\/product"}],"about":[{"href":"https:\/\/hobby4geek.com\/fr\/wp-json\/wp\/v2\/types\/product"}],"replies":[{"embeddable":true,"href":"https:\/\/hobby4geek.com\/fr\/wp-json\/wp\/v2\/comments?post=187582"}],"version-history":[{"count":0,"href":"https:\/\/hobby4geek.com\/fr\/wp-json\/wp\/v2\/product\/187582\/revisions"}],"wp:featuredmedia":[{"embeddable":true,"href":"https:\/\/hobby4geek.com\/fr\/wp-json\/wp\/v2\/media\/187583"}],"wp:attachment":[{"href":"https:\/\/hobby4geek.com\/fr\/wp-json\/wp\/v2\/media?parent=187582"}],"wp:term":[{"taxonomy":"product_brand","embeddable":true,"href":"https:\/\/hobby4geek.com\/fr\/wp-json\/wp\/v2\/product_brand?post=187582"},{"taxonomy":"product_cat","embeddable":true,"href":"https:\/\/hobby4geek.com\/fr\/wp-json\/wp\/v2\/product_cat?post=187582"},{"taxonomy":"product_tag","embeddable":true,"href":"https:\/\/hobby4geek.com\/fr\/wp-json\/wp\/v2\/product_tag?post=187582"},{"taxonomy":"giftcard-category","embeddable":true,"href":"https:\/\/hobby4geek.com\/fr\/wp-json\/wp\/v2\/giftcard-category?post=187582"}],"curies":[{"name":"wp","href":"https:\/\/api.w.org\/{rel}","templated":true}]}}