{"id":187367,"date":"2023-04-12T16:48:27","date_gmt":"2023-04-12T15:48:27","guid":{"rendered":"https:\/\/hobby4geek.com\/?post_type=product&#038;p=187367"},"modified":"2024-05-12T12:56:25","modified_gmt":"2024-05-12T11:56:25","slug":"transformers-optimus-prime-classic-124-diecast","status":"publish","type":"product","link":"https:\/\/hobby4geek.com\/fr\/produit\/transformers-optimus-prime-classic-124-diecast\/","title":{"rendered":"Transformers : Optimus Prime Classic 1:24"},"content":{"rendered":"<p>\u00c0 l'origine, Optimus Prime a \u00e9t\u00e9 cr\u00e9\u00e9 pour \u00eatre le chef des Autobots, mais on ne sait pas comment il a \u00e9t\u00e9 cr\u00e9\u00e9 ni quelles sont ses origines. La premi\u00e8re g\u00e9n\u00e9ration de Optimus Prime se transforme en une remorque Freightliner FL86.<\/p>\n<ul>\n<li>\u00c9chelle : 1,24 cm<\/li>\n<li>Enti\u00e8rement en m\u00e9tal<\/li>\n<li>Ouverture des portes et des pi\u00e8ces en mouvement<\/li>\n<li>Une figure en relief du robot<\/li>\n<\/ul>\n<p><em>Piles recommand\u00e9es :<\/em> 123A*<\/p>","protected":false},"excerpt":{"rendered":"<ul>\n<li>\u00c9chelle : 1,24 cm<\/li>\n<li>Enti\u00e8rement en m\u00e9tal<\/li>\n<li>Ouverture des portes et des pi\u00e8ces en mouvement<\/li>\n<li>Une figure en relief du robot<\/li>\n<\/ul>\n<p>&nbsp;<\/p>","protected":false},"featured_media":187381,"comment_status":"open","ping_status":"closed","template":"","meta":{"inline_featured_image":false},"product_brand":[],"product_cat":[2080,2085,1955],"product_tag":[1774,2084,2086,234,1982,1980,1975,204,1979],"giftcard-category":[],"class_list":{"0":"post-187367","1":"product","2":"type-product","3":"status-publish","4":"has-post-thumbnail","6":"product_cat-jada-toys","7":"product_cat-metals-die-cast","8":"product_cat-transformers","9":"product_tag-g1-version","10":"product_tag-jada-toys","11":"product_tag-metals-die-cast","12":"product_tag-optimus-prime","13":"product_tag-replicas","14":"product_tag-statues-co","15":"product_tag-toys-figures","16":"product_tag-transformers","17":"product_tag-vehicles","18":"product_shipping_class-standard","20":"first","21":"outofstock","22":"taxable","23":"shipping-taxable","24":"purchasable","25":"product-type-simple","26":"add-to-wishlist-after_add_to_cart"},"yoast_head":"<!-- This site is optimized with the Yoast SEO Premium plugin v25.3.1 (Yoast SEO v27.4) - https:\/\/yoast.com\/product\/yoast-seo-premium-wordpress\/ -->\n<title>Transformers: Optimus Prime Classic 1:24 diecast<\/title>\n<meta name=\"robots\" content=\"index, follow, max-snippet:-1, max-image-preview:large, max-video-preview:-1\" \/>\n<link rel=\"canonical\" href=\"https:\/\/hobby4geek.com\/fr\/produit\/transformers-optimus-prime-classic-124-diecast\/\" \/>\n<meta property=\"og:locale\" content=\"fr_FR\" \/>\n<meta property=\"og:type\" content=\"article\" \/>\n<meta property=\"og:title\" content=\"Transformers: Optimus Prime Classic 1:24 diecast\" \/>\n<meta property=\"og:description\" content=\"Scale: 1.24 cm  Completely made of metal  Opening doors and moving parts  A relief figure of the robot  &nbsp;\" \/>\n<meta property=\"og:url\" content=\"https:\/\/hobby4geek.com\/fr\/produit\/transformers-optimus-prime-classic-124-diecast\/\" \/>\n<meta property=\"og:site_name\" content=\"Hobby4Geek\" \/>\n<meta property=\"article:publisher\" content=\"https:\/\/www.facebook.com\/hobby4geek\" \/>\n<meta property=\"article:modified_time\" content=\"2024-05-12T11:56:25+00:00\" \/>\n<meta property=\"og:image\" content=\"https:\/\/hobby4geek.com\/wp-content\/uploads\/2023\/04\/transformers-optimus-prime-classic-124-diecast-4.jpg\" \/>\n\t<meta property=\"og:image:width\" content=\"800\" \/>\n\t<meta property=\"og:image:height\" content=\"800\" \/>\n\t<meta property=\"og:image:type\" content=\"image\/jpeg\" \/>\n<meta name=\"twitter:card\" content=\"summary_large_image\" \/>\n<meta name=\"twitter:site\" content=\"@hobby4geek\" \/>\n<script type=\"application\/ld+json\" class=\"yoast-schema-graph\">{\"@context\":\"https:\\\/\\\/schema.org\",\"@graph\":[{\"@type\":\"WebPage\",\"@id\":\"https:\\\/\\\/hobby4geek.com\\\/nl\\\/product\\\/transformers-optimus-prime-classic-124-diecast\\\/\",\"url\":\"https:\\\/\\\/hobby4geek.com\\\/nl\\\/product\\\/transformers-optimus-prime-classic-124-diecast\\\/\",\"name\":\"Transformers: Optimus Prime Classic 1:24 diecast\",\"isPartOf\":{\"@id\":\"https:\\\/\\\/hobby4geek.com\\\/#website\"},\"primaryImageOfPage\":{\"@id\":\"https:\\\/\\\/hobby4geek.com\\\/nl\\\/product\\\/transformers-optimus-prime-classic-124-diecast\\\/#primaryimage\"},\"image\":{\"@id\":\"https:\\\/\\\/hobby4geek.com\\\/nl\\\/product\\\/transformers-optimus-prime-classic-124-diecast\\\/#primaryimage\"},\"thumbnailUrl\":\"https:\\\/\\\/hobby4geek.com\\\/wp-content\\\/uploads\\\/2023\\\/04\\\/transformers-optimus-prime-classic-124-diecast-4.jpg\",\"datePublished\":\"2023-04-12T15:48:27+00:00\",\"dateModified\":\"2024-05-12T11:56:25+00:00\",\"breadcrumb\":{\"@id\":\"https:\\\/\\\/hobby4geek.com\\\/nl\\\/product\\\/transformers-optimus-prime-classic-124-diecast\\\/#breadcrumb\"},\"inLanguage\":\"fr-FR\",\"potentialAction\":[{\"@type\":\"ReadAction\",\"target\":[\"https:\\\/\\\/hobby4geek.com\\\/nl\\\/product\\\/transformers-optimus-prime-classic-124-diecast\\\/\"]}]},{\"@type\":\"ImageObject\",\"inLanguage\":\"fr-FR\",\"@id\":\"https:\\\/\\\/hobby4geek.com\\\/nl\\\/product\\\/transformers-optimus-prime-classic-124-diecast\\\/#primaryimage\",\"url\":\"https:\\\/\\\/hobby4geek.com\\\/wp-content\\\/uploads\\\/2023\\\/04\\\/transformers-optimus-prime-classic-124-diecast-4.jpg\",\"contentUrl\":\"https:\\\/\\\/hobby4geek.com\\\/wp-content\\\/uploads\\\/2023\\\/04\\\/transformers-optimus-prime-classic-124-diecast-4.jpg\",\"width\":800,\"height\":800},{\"@type\":\"BreadcrumbList\",\"@id\":\"https:\\\/\\\/hobby4geek.com\\\/nl\\\/product\\\/transformers-optimus-prime-classic-124-diecast\\\/#breadcrumb\",\"itemListElement\":[{\"@type\":\"ListItem\",\"position\":1,\"name\":\"Home\",\"item\":\"https:\\\/\\\/hobby4geek.com\\\/\"},{\"@type\":\"ListItem\",\"position\":2,\"name\":\"Shop\",\"item\":\"https:\\\/\\\/hobby4geek.com\\\/shop\\\/\"},{\"@type\":\"ListItem\",\"position\":3,\"name\":\"Transformers: Optimus Prime Classic 1:24 diecast\"}]},{\"@type\":\"WebSite\",\"@id\":\"https:\\\/\\\/hobby4geek.com\\\/#website\",\"url\":\"https:\\\/\\\/hobby4geek.com\\\/\",\"name\":\"Hobby4Geek\",\"description\":\"Collect, Play &amp; Showcase, Embrace your Geekiness\",\"publisher\":{\"@id\":\"https:\\\/\\\/hobby4geek.com\\\/#organization\"},\"potentialAction\":[{\"@type\":\"SearchAction\",\"target\":{\"@type\":\"EntryPoint\",\"urlTemplate\":\"https:\\\/\\\/hobby4geek.com\\\/?s={search_term_string}\"},\"query-input\":{\"@type\":\"PropertyValueSpecification\",\"valueRequired\":true,\"valueName\":\"search_term_string\"}}],\"inLanguage\":\"fr-FR\"},{\"@type\":\"Organization\",\"@id\":\"https:\\\/\\\/hobby4geek.com\\\/#organization\",\"name\":\"Hobby4Geek\",\"url\":\"https:\\\/\\\/hobby4geek.com\\\/\",\"logo\":{\"@type\":\"ImageObject\",\"inLanguage\":\"fr-FR\",\"@id\":\"https:\\\/\\\/hobby4geek.com\\\/#\\\/schema\\\/logo\\\/image\\\/\",\"url\":\"https:\\\/\\\/hobby4geek.com\\\/wp-content\\\/uploads\\\/2023\\\/02\\\/default-kit.png\",\"contentUrl\":\"https:\\\/\\\/hobby4geek.com\\\/wp-content\\\/uploads\\\/2023\\\/02\\\/default-kit.png\",\"width\":600,\"height\":600,\"caption\":\"Hobby4Geek\"},\"image\":{\"@id\":\"https:\\\/\\\/hobby4geek.com\\\/#\\\/schema\\\/logo\\\/image\\\/\"},\"sameAs\":[\"https:\\\/\\\/www.facebook.com\\\/hobby4geek\",\"https:\\\/\\\/x.com\\\/hobby4geek\",\"https:\\\/\\\/www.instagram.com\\\/hobby4geek\\\/\"]}]}<\/script>\n<meta property=\"product:brand\" content=\"Jada Toys\" \/>\n<meta property=\"product:price:amount\" content=\"46.00\" \/>\n<meta property=\"product:price:currency\" content=\"EUR\" \/>\n<meta property=\"og:availability\" content=\"out of stock\" \/>\n<meta property=\"product:availability\" content=\"out of stock\" \/>\n<meta property=\"product:retailer_item_id\" content=\"801310995242\" \/>\n<meta property=\"product:condition\" content=\"new\" \/>\n<!-- \/ Yoast SEO Premium plugin. -->","yoast_head_json":{"title":"Transformers : Optimus Prime Classic 1:24","robots":{"index":"index","follow":"follow","max-snippet":"max-snippet:-1","max-image-preview":"max-image-preview:large","max-video-preview":"max-video-preview:-1"},"canonical":"https:\/\/hobby4geek.com\/fr\/produit\/transformers-optimus-prime-classic-124-diecast\/","og_locale":"fr_FR","og_type":"article","og_title":"Transformers: Optimus Prime Classic 1:24 diecast","og_description":"Scale: 1.24 cm  Completely made of metal  Opening doors and moving parts  A relief figure of the robot  &nbsp;","og_url":"https:\/\/hobby4geek.com\/fr\/produit\/transformers-optimus-prime-classic-124-diecast\/","og_site_name":"Hobby4Geek","article_publisher":"https:\/\/www.facebook.com\/hobby4geek","article_modified_time":"2024-05-12T11:56:25+00:00","og_image":[{"width":800,"height":800,"url":"https:\/\/hobby4geek.com\/wp-content\/uploads\/2023\/04\/transformers-optimus-prime-classic-124-diecast-4.jpg","type":"image\/jpeg"}],"twitter_card":"summary_large_image","twitter_site":"@hobby4geek","schema":{"@context":"https:\/\/schema.org","@graph":[{"@type":"WebPage","@id":"https:\/\/hobby4geek.com\/nl\/product\/transformers-optimus-prime-classic-124-diecast\/","url":"https:\/\/hobby4geek.com\/nl\/product\/transformers-optimus-prime-classic-124-diecast\/","name":"Transformers : Optimus Prime Classic 1:24","isPartOf":{"@id":"https:\/\/hobby4geek.com\/#website"},"primaryImageOfPage":{"@id":"https:\/\/hobby4geek.com\/nl\/product\/transformers-optimus-prime-classic-124-diecast\/#primaryimage"},"image":{"@id":"https:\/\/hobby4geek.com\/nl\/product\/transformers-optimus-prime-classic-124-diecast\/#primaryimage"},"thumbnailUrl":"https:\/\/hobby4geek.com\/wp-content\/uploads\/2023\/04\/transformers-optimus-prime-classic-124-diecast-4.jpg","datePublished":"2023-04-12T15:48:27+00:00","dateModified":"2024-05-12T11:56:25+00:00","breadcrumb":{"@id":"https:\/\/hobby4geek.com\/nl\/product\/transformers-optimus-prime-classic-124-diecast\/#breadcrumb"},"inLanguage":"fr-FR","potentialAction":[{"@type":"ReadAction","target":["https:\/\/hobby4geek.com\/nl\/product\/transformers-optimus-prime-classic-124-diecast\/"]}]},{"@type":"ImageObject","inLanguage":"fr-FR","@id":"https:\/\/hobby4geek.com\/nl\/product\/transformers-optimus-prime-classic-124-diecast\/#primaryimage","url":"https:\/\/hobby4geek.com\/wp-content\/uploads\/2023\/04\/transformers-optimus-prime-classic-124-diecast-4.jpg","contentUrl":"https:\/\/hobby4geek.com\/wp-content\/uploads\/2023\/04\/transformers-optimus-prime-classic-124-diecast-4.jpg","width":800,"height":800},{"@type":"BreadcrumbList","@id":"https:\/\/hobby4geek.com\/nl\/product\/transformers-optimus-prime-classic-124-diecast\/#breadcrumb","itemListElement":[{"@type":"ListItem","position":1,"name":"Home","item":"https:\/\/hobby4geek.com\/"},{"@type":"ListItem","position":2,"name":"Shop","item":"https:\/\/hobby4geek.com\/shop\/"},{"@type":"ListItem","position":3,"name":"Transformers: Optimus Prime Classic 1:24 diecast"}]},{"@type":"WebSite","@id":"https:\/\/hobby4geek.com\/#website","url":"https:\/\/hobby4geek.com\/","name":"Hobby4Geek","description":"Collectionnez, jouez et exposez, embrassez votre geekitude","publisher":{"@id":"https:\/\/hobby4geek.com\/#organization"},"potentialAction":[{"@type":"SearchAction","target":{"@type":"EntryPoint","urlTemplate":"https:\/\/hobby4geek.com\/?s={search_term_string}"},"query-input":{"@type":"PropertyValueSpecification","valueRequired":true,"valueName":"search_term_string"}}],"inLanguage":"fr-FR"},{"@type":"Organization","@id":"https:\/\/hobby4geek.com\/#organization","name":"Hobby4Geek","url":"https:\/\/hobby4geek.com\/","logo":{"@type":"ImageObject","inLanguage":"fr-FR","@id":"https:\/\/hobby4geek.com\/#\/schema\/logo\/image\/","url":"https:\/\/hobby4geek.com\/wp-content\/uploads\/2023\/02\/default-kit.png","contentUrl":"https:\/\/hobby4geek.com\/wp-content\/uploads\/2023\/02\/default-kit.png","width":600,"height":600,"caption":"Hobby4Geek"},"image":{"@id":"https:\/\/hobby4geek.com\/#\/schema\/logo\/image\/"},"sameAs":["https:\/\/www.facebook.com\/hobby4geek","https:\/\/x.com\/hobby4geek","https:\/\/www.instagram.com\/hobby4geek\/"]}]},"product_brand":"Jada Toys","product_price_amount":"46.00","product_price_currency":"EUR","og_availability":"out of stock","product_availability":"out of stock","product_retailer_item_id":"801310995242","product_condition":"new"},"_links":{"self":[{"href":"https:\/\/hobby4geek.com\/fr\/wp-json\/wp\/v2\/product\/187367","targetHints":{"allow":["GET"]}}],"collection":[{"href":"https:\/\/hobby4geek.com\/fr\/wp-json\/wp\/v2\/product"}],"about":[{"href":"https:\/\/hobby4geek.com\/fr\/wp-json\/wp\/v2\/types\/product"}],"replies":[{"embeddable":true,"href":"https:\/\/hobby4geek.com\/fr\/wp-json\/wp\/v2\/comments?post=187367"}],"version-history":[{"count":0,"href":"https:\/\/hobby4geek.com\/fr\/wp-json\/wp\/v2\/product\/187367\/revisions"}],"wp:featuredmedia":[{"embeddable":true,"href":"https:\/\/hobby4geek.com\/fr\/wp-json\/wp\/v2\/media\/187381"}],"wp:attachment":[{"href":"https:\/\/hobby4geek.com\/fr\/wp-json\/wp\/v2\/media?parent=187367"}],"wp:term":[{"taxonomy":"product_brand","embeddable":true,"href":"https:\/\/hobby4geek.com\/fr\/wp-json\/wp\/v2\/product_brand?post=187367"},{"taxonomy":"product_cat","embeddable":true,"href":"https:\/\/hobby4geek.com\/fr\/wp-json\/wp\/v2\/product_cat?post=187367"},{"taxonomy":"product_tag","embeddable":true,"href":"https:\/\/hobby4geek.com\/fr\/wp-json\/wp\/v2\/product_tag?post=187367"},{"taxonomy":"giftcard-category","embeddable":true,"href":"https:\/\/hobby4geek.com\/fr\/wp-json\/wp\/v2\/giftcard-category?post=187367"}],"curies":[{"name":"wp","href":"https:\/\/api.w.org\/{rel}","templated":true}]}}