{"id":187123,"date":"2023-04-10T20:09:22","date_gmt":"2023-04-10T19:09:22","guid":{"rendered":"https:\/\/hobby4geek.com\/?post_type=product&#038;p=187123"},"modified":"2025-03-09T10:54:53","modified_gmt":"2025-03-09T09:54:53","slug":"star-wars-the-mandalorian-statue-1-6-milestones-bo-katan","status":"publish","type":"product","link":"https:\/\/hobby4geek.com\/fr\/produit\/star-wars-the-mandalorian-statue-1-6-milestones-bo-katan\/","title":{"rendered":"Star Wars : Le Mandalorien Statue 1\/6 Milestones Bo Katan"},"content":{"rendered":"<p>Une \u00e9dition de Gentle Giant Ltd. ! La combattante de la libert\u00e9 Mandalorienne revient chez Gentle Giant Ltd. sous la forme d'une statue Milestones \u00e0 l'\u00e9chelle 1\/6 ! Repr\u00e9sentant l'h\u00e9ro\u00efne en armure telle qu'elle appara\u00eet dans la s\u00e9rie t\u00e9l\u00e9vis\u00e9e, cette statue d'environ 12\u2033 pr\u00e9sente des d\u00e9tails de sculpture et de peinture en 3D et comprend des t\u00eates avec et sans casque ainsi que des bras interchangeables.<\/p>\n<ul>\n<li>Limit\u00e9 \u00e0 seulement 1000 pi\u00e8ces<\/li>\n<li>30cm<\/li>\n<li>il est emball\u00e9 dans une bo\u00eete en couleurs avec un certificat d'authenticit\u00e9 num\u00e9rot\u00e9 \u00e0 la main<\/li>\n<\/ul>","protected":false},"excerpt":{"rendered":"<ul>\n<li>Limit\u00e9 \u00e0 seulement 1000 pi\u00e8ces<\/li>\n<li>30cm<\/li>\n<li>il est emball\u00e9 dans une bo\u00eete en couleurs avec un certificat d'authenticit\u00e9 num\u00e9rot\u00e9 \u00e0 la main<\/li>\n<\/ul>","protected":false},"featured_media":187135,"comment_status":"open","ping_status":"closed","template":"","meta":{"inline_featured_image":false},"product_brand":[],"product_cat":[2055,2005],"product_tag":[2054,2056,2058,2008,2057,1935,1980,2011],"giftcard-category":[],"class_list":{"0":"post-187123","1":"product","2":"type-product","3":"status-publish","4":"has-post-thumbnail","6":"product_cat-gentle-giant-ltd","7":"product_cat-star-wars","8":"product_tag-bo-katan","9":"product_tag-gentle-giant-ltd","10":"product_tag-milestones","11":"product_tag-star-wars","12":"product_tag-statue-1-6","13":"product_tag-statues","14":"product_tag-statues-co","15":"product_tag-the-mandalorian","16":"product_shipping_class-heavy","18":"first","19":"outofstock","20":"taxable","21":"shipping-taxable","22":"purchasable","23":"product-type-simple","24":"add-to-wishlist-after_add_to_cart"},"yoast_head":"<!-- This site is optimized with the Yoast SEO Premium plugin v25.3.1 (Yoast SEO v27.2) - https:\/\/yoast.com\/product\/yoast-seo-premium-wordpress\/ -->\n<title>Star Wars: The Mandalorian Statue 1\/6 Milestones Bo Katan<\/title>\n<meta name=\"robots\" content=\"index, follow, max-snippet:-1, max-image-preview:large, max-video-preview:-1\" \/>\n<link rel=\"canonical\" href=\"https:\/\/hobby4geek.com\/fr\/produit\/star-wars-the-mandalorian-statue-1-6-milestones-bo-katan\/\" \/>\n<meta property=\"og:locale\" content=\"fr_FR\" \/>\n<meta property=\"og:type\" content=\"article\" \/>\n<meta property=\"og:title\" content=\"Star Wars: The Mandalorian Statue 1\/6 Milestones Bo Katan\" \/>\n<meta property=\"og:description\" content=\"Limited to only 1000 pieces  30cm  it commes packaged in a full-color box with hand-numbered certificate of authenticity\" \/>\n<meta property=\"og:url\" content=\"https:\/\/hobby4geek.com\/fr\/produit\/star-wars-the-mandalorian-statue-1-6-milestones-bo-katan\/\" \/>\n<meta property=\"og:site_name\" content=\"Hobby4Geek\" \/>\n<meta property=\"article:publisher\" content=\"https:\/\/www.facebook.com\/hobby4geek\" \/>\n<meta property=\"article:modified_time\" content=\"2025-03-09T09:54:53+00:00\" \/>\n<meta property=\"og:image\" content=\"https:\/\/hobby4geek.com\/wp-content\/uploads\/2023\/04\/star-wars-the-mandalorian-statue-1-6-milestones-bo-katan.jpg\" \/>\n\t<meta property=\"og:image:width\" content=\"1000\" \/>\n\t<meta property=\"og:image:height\" content=\"1000\" \/>\n\t<meta property=\"og:image:type\" content=\"image\/jpeg\" \/>\n<meta name=\"twitter:card\" content=\"summary_large_image\" \/>\n<meta name=\"twitter:site\" content=\"@hobby4geek\" \/>\n<script type=\"application\/ld+json\" class=\"yoast-schema-graph\">{\"@context\":\"https:\/\/schema.org\",\"@graph\":[{\"@type\":\"WebPage\",\"@id\":\"https:\/\/hobby4geek.com\/product\/star-wars-the-mandalorian-statue-1-6-milestones-bo-katan\/\",\"url\":\"https:\/\/hobby4geek.com\/product\/star-wars-the-mandalorian-statue-1-6-milestones-bo-katan\/\",\"name\":\"Star Wars: The Mandalorian Statue 1\/6 Milestones Bo Katan\",\"isPartOf\":{\"@id\":\"https:\/\/hobby4geek.com\/#website\"},\"primaryImageOfPage\":{\"@id\":\"https:\/\/hobby4geek.com\/product\/star-wars-the-mandalorian-statue-1-6-milestones-bo-katan\/#primaryimage\"},\"image\":{\"@id\":\"https:\/\/hobby4geek.com\/product\/star-wars-the-mandalorian-statue-1-6-milestones-bo-katan\/#primaryimage\"},\"thumbnailUrl\":\"https:\/\/hobby4geek.com\/wp-content\/uploads\/2023\/04\/star-wars-the-mandalorian-statue-1-6-milestones-bo-katan.jpg\",\"datePublished\":\"2023-04-10T19:09:22+00:00\",\"dateModified\":\"2025-03-09T09:54:53+00:00\",\"breadcrumb\":{\"@id\":\"https:\/\/hobby4geek.com\/product\/star-wars-the-mandalorian-statue-1-6-milestones-bo-katan\/#breadcrumb\"},\"inLanguage\":\"fr-FR\",\"potentialAction\":[{\"@type\":\"ReadAction\",\"target\":[\"https:\/\/hobby4geek.com\/product\/star-wars-the-mandalorian-statue-1-6-milestones-bo-katan\/\"]}]},{\"@type\":\"ImageObject\",\"inLanguage\":\"fr-FR\",\"@id\":\"https:\/\/hobby4geek.com\/product\/star-wars-the-mandalorian-statue-1-6-milestones-bo-katan\/#primaryimage\",\"url\":\"https:\/\/hobby4geek.com\/wp-content\/uploads\/2023\/04\/star-wars-the-mandalorian-statue-1-6-milestones-bo-katan.jpg\",\"contentUrl\":\"https:\/\/hobby4geek.com\/wp-content\/uploads\/2023\/04\/star-wars-the-mandalorian-statue-1-6-milestones-bo-katan.jpg\",\"width\":1000,\"height\":1000},{\"@type\":\"BreadcrumbList\",\"@id\":\"https:\/\/hobby4geek.com\/product\/star-wars-the-mandalorian-statue-1-6-milestones-bo-katan\/#breadcrumb\",\"itemListElement\":[{\"@type\":\"ListItem\",\"position\":1,\"name\":\"Home\",\"item\":\"https:\/\/hobby4geek.com\/\"},{\"@type\":\"ListItem\",\"position\":2,\"name\":\"Shop\",\"item\":\"https:\/\/hobby4geek.com\/shop\/\"},{\"@type\":\"ListItem\",\"position\":3,\"name\":\"Star Wars: The Mandalorian Statue 1\/6 Milestones Bo Katan\"}]},{\"@type\":\"WebSite\",\"@id\":\"https:\/\/hobby4geek.com\/#website\",\"url\":\"https:\/\/hobby4geek.com\/\",\"name\":\"Hobby4Geek\",\"description\":\"Collect, Play &amp; Showcase, Embrace your Geekiness\",\"publisher\":{\"@id\":\"https:\/\/hobby4geek.com\/#organization\"},\"potentialAction\":[{\"@type\":\"SearchAction\",\"target\":{\"@type\":\"EntryPoint\",\"urlTemplate\":\"https:\/\/hobby4geek.com\/?s={search_term_string}\"},\"query-input\":{\"@type\":\"PropertyValueSpecification\",\"valueRequired\":true,\"valueName\":\"search_term_string\"}}],\"inLanguage\":\"fr-FR\"},{\"@type\":\"Organization\",\"@id\":\"https:\/\/hobby4geek.com\/#organization\",\"name\":\"Hobby4Geek\",\"url\":\"https:\/\/hobby4geek.com\/\",\"logo\":{\"@type\":\"ImageObject\",\"inLanguage\":\"fr-FR\",\"@id\":\"https:\/\/hobby4geek.com\/#\/schema\/logo\/image\/\",\"url\":\"https:\/\/hobby4geek.com\/wp-content\/uploads\/2023\/02\/default-kit.png\",\"contentUrl\":\"https:\/\/hobby4geek.com\/wp-content\/uploads\/2023\/02\/default-kit.png\",\"width\":600,\"height\":600,\"caption\":\"Hobby4Geek\"},\"image\":{\"@id\":\"https:\/\/hobby4geek.com\/#\/schema\/logo\/image\/\"},\"sameAs\":[\"https:\/\/www.facebook.com\/hobby4geek\",\"https:\/\/x.com\/hobby4geek\",\"https:\/\/www.instagram.com\/hobby4geek\/\"]}]}<\/script>\n<meta property=\"product:brand\" content=\"Gentle Giant Ltd.\" \/>\n<meta property=\"product:price:amount\" content=\"254.00\" \/>\n<meta property=\"product:price:currency\" content=\"EUR\" \/>\n<meta property=\"og:availability\" content=\"out of stock\" \/>\n<meta property=\"product:availability\" content=\"out of stock\" \/>\n<meta property=\"product:retailer_item_id\" content=\"699788845547\" \/>\n<meta property=\"product:condition\" content=\"new\" \/>\n<!-- \/ Yoast SEO Premium plugin. -->","yoast_head_json":{"title":"Star Wars : Le Mandalorien Statue 1\/6 Milestones Bo Katan","robots":{"index":"index","follow":"follow","max-snippet":"max-snippet:-1","max-image-preview":"max-image-preview:large","max-video-preview":"max-video-preview:-1"},"canonical":"https:\/\/hobby4geek.com\/fr\/produit\/star-wars-the-mandalorian-statue-1-6-milestones-bo-katan\/","og_locale":"fr_FR","og_type":"article","og_title":"Star Wars: The Mandalorian Statue 1\/6 Milestones Bo Katan","og_description":"Limited to only 1000 pieces  30cm  it commes packaged in a full-color box with hand-numbered certificate of authenticity","og_url":"https:\/\/hobby4geek.com\/fr\/produit\/star-wars-the-mandalorian-statue-1-6-milestones-bo-katan\/","og_site_name":"Hobby4Geek","article_publisher":"https:\/\/www.facebook.com\/hobby4geek","article_modified_time":"2025-03-09T09:54:53+00:00","og_image":[{"width":1000,"height":1000,"url":"https:\/\/hobby4geek.com\/wp-content\/uploads\/2023\/04\/star-wars-the-mandalorian-statue-1-6-milestones-bo-katan.jpg","type":"image\/jpeg"}],"twitter_card":"summary_large_image","twitter_site":"@hobby4geek","schema":{"@context":"https:\/\/schema.org","@graph":[{"@type":"WebPage","@id":"https:\/\/hobby4geek.com\/product\/star-wars-the-mandalorian-statue-1-6-milestones-bo-katan\/","url":"https:\/\/hobby4geek.com\/product\/star-wars-the-mandalorian-statue-1-6-milestones-bo-katan\/","name":"Star Wars : Le Mandalorien Statue 1\/6 Milestones Bo Katan","isPartOf":{"@id":"https:\/\/hobby4geek.com\/#website"},"primaryImageOfPage":{"@id":"https:\/\/hobby4geek.com\/product\/star-wars-the-mandalorian-statue-1-6-milestones-bo-katan\/#primaryimage"},"image":{"@id":"https:\/\/hobby4geek.com\/product\/star-wars-the-mandalorian-statue-1-6-milestones-bo-katan\/#primaryimage"},"thumbnailUrl":"https:\/\/hobby4geek.com\/wp-content\/uploads\/2023\/04\/star-wars-the-mandalorian-statue-1-6-milestones-bo-katan.jpg","datePublished":"2023-04-10T19:09:22+00:00","dateModified":"2025-03-09T09:54:53+00:00","breadcrumb":{"@id":"https:\/\/hobby4geek.com\/product\/star-wars-the-mandalorian-statue-1-6-milestones-bo-katan\/#breadcrumb"},"inLanguage":"fr-FR","potentialAction":[{"@type":"ReadAction","target":["https:\/\/hobby4geek.com\/product\/star-wars-the-mandalorian-statue-1-6-milestones-bo-katan\/"]}]},{"@type":"ImageObject","inLanguage":"fr-FR","@id":"https:\/\/hobby4geek.com\/product\/star-wars-the-mandalorian-statue-1-6-milestones-bo-katan\/#primaryimage","url":"https:\/\/hobby4geek.com\/wp-content\/uploads\/2023\/04\/star-wars-the-mandalorian-statue-1-6-milestones-bo-katan.jpg","contentUrl":"https:\/\/hobby4geek.com\/wp-content\/uploads\/2023\/04\/star-wars-the-mandalorian-statue-1-6-milestones-bo-katan.jpg","width":1000,"height":1000},{"@type":"BreadcrumbList","@id":"https:\/\/hobby4geek.com\/product\/star-wars-the-mandalorian-statue-1-6-milestones-bo-katan\/#breadcrumb","itemListElement":[{"@type":"ListItem","position":1,"name":"Home","item":"https:\/\/hobby4geek.com\/"},{"@type":"ListItem","position":2,"name":"Shop","item":"https:\/\/hobby4geek.com\/shop\/"},{"@type":"ListItem","position":3,"name":"Star Wars: The Mandalorian Statue 1\/6 Milestones Bo Katan"}]},{"@type":"WebSite","@id":"https:\/\/hobby4geek.com\/#website","url":"https:\/\/hobby4geek.com\/","name":"Hobby4Geek","description":"Collectionnez, jouez et exposez, embrassez votre geekitude","publisher":{"@id":"https:\/\/hobby4geek.com\/#organization"},"potentialAction":[{"@type":"SearchAction","target":{"@type":"EntryPoint","urlTemplate":"https:\/\/hobby4geek.com\/?s={search_term_string}"},"query-input":{"@type":"PropertyValueSpecification","valueRequired":true,"valueName":"search_term_string"}}],"inLanguage":"fr-FR"},{"@type":"Organization","@id":"https:\/\/hobby4geek.com\/#organization","name":"Hobby4Geek","url":"https:\/\/hobby4geek.com\/","logo":{"@type":"ImageObject","inLanguage":"fr-FR","@id":"https:\/\/hobby4geek.com\/#\/schema\/logo\/image\/","url":"https:\/\/hobby4geek.com\/wp-content\/uploads\/2023\/02\/default-kit.png","contentUrl":"https:\/\/hobby4geek.com\/wp-content\/uploads\/2023\/02\/default-kit.png","width":600,"height":600,"caption":"Hobby4Geek"},"image":{"@id":"https:\/\/hobby4geek.com\/#\/schema\/logo\/image\/"},"sameAs":["https:\/\/www.facebook.com\/hobby4geek","https:\/\/x.com\/hobby4geek","https:\/\/www.instagram.com\/hobby4geek\/"]}]},"product_brand":"Gentle Giant Ltd.","product_price_amount":"254.00","product_price_currency":"EUR","og_availability":"out of stock","product_availability":"out of stock","product_retailer_item_id":"699788845547","product_condition":"new"},"_links":{"self":[{"href":"https:\/\/hobby4geek.com\/fr\/wp-json\/wp\/v2\/product\/187123","targetHints":{"allow":["GET"]}}],"collection":[{"href":"https:\/\/hobby4geek.com\/fr\/wp-json\/wp\/v2\/product"}],"about":[{"href":"https:\/\/hobby4geek.com\/fr\/wp-json\/wp\/v2\/types\/product"}],"replies":[{"embeddable":true,"href":"https:\/\/hobby4geek.com\/fr\/wp-json\/wp\/v2\/comments?post=187123"}],"version-history":[{"count":0,"href":"https:\/\/hobby4geek.com\/fr\/wp-json\/wp\/v2\/product\/187123\/revisions"}],"wp:featuredmedia":[{"embeddable":true,"href":"https:\/\/hobby4geek.com\/fr\/wp-json\/wp\/v2\/media\/187135"}],"wp:attachment":[{"href":"https:\/\/hobby4geek.com\/fr\/wp-json\/wp\/v2\/media?parent=187123"}],"wp:term":[{"taxonomy":"product_brand","embeddable":true,"href":"https:\/\/hobby4geek.com\/fr\/wp-json\/wp\/v2\/product_brand?post=187123"},{"taxonomy":"product_cat","embeddable":true,"href":"https:\/\/hobby4geek.com\/fr\/wp-json\/wp\/v2\/product_cat?post=187123"},{"taxonomy":"product_tag","embeddable":true,"href":"https:\/\/hobby4geek.com\/fr\/wp-json\/wp\/v2\/product_tag?post=187123"},{"taxonomy":"giftcard-category","embeddable":true,"href":"https:\/\/hobby4geek.com\/fr\/wp-json\/wp\/v2\/giftcard-category?post=187123"}],"curies":[{"name":"wp","href":"https:\/\/api.w.org\/{rel}","templated":true}]}}