{"id":187074,"date":"2023-04-10T20:00:04","date_gmt":"2023-04-10T19:00:04","guid":{"rendered":"https:\/\/hobby4geek.com\/?post_type=product&#038;p=187074"},"modified":"2024-05-12T13:02:58","modified_gmt":"2024-05-12T12:02:58","slug":"the-super-mario-bros-movie-bowser","status":"publish","type":"product","link":"https:\/\/hobby4geek.com\/fr\/produit\/the-super-mario-bros-movie-bowser\/","title":{"rendered":"The Super Mario Bros. Movie - Figurine - Bowser"},"content":{"rendered":"<p>Nintendo et Illumination pr\u00e9sentent un nouveau film d'animation bas\u00e9 sur l'univers de Super Mario Bros. Les Super Mario Brothers se retrouvent transport\u00e9s dans un pays myst\u00e9rieux appel\u00e9 le Royaume Champignon. Rejoignez Mario dans sa qu\u00eate pour sauver Luigi - et le monde - des griffes du mal\u00e9fique Bowser et de son arm\u00e9e.<\/p>\n<p>Donnez vie \u00e0 la figurine Bowser 7\" de Super Mario Bros. Movie avec son effet de respiration de feu ! Inspir\u00e9 du film, Bowser est dot\u00e9 de d\u00e9tails de qualit\u00e9 sup\u00e9rieure et de 14 points d'articulation. Active la fonction de \"respiration du feu\" en ajoutant de l'eau dans le r\u00e9servoir de Bowser \u00e0 l'arri\u00e8re de ses cheveux \u00e0 l'aide du compte-gouttes inclus, puis en appuyant sur la pointe lat\u00e9rale - regarde la vapeur atomis\u00e9e illumin\u00e9e sortir de sa bouche ! Livr\u00e9 dans une bo\u00eete \u00e0 fen\u00eatre haut de gamme.<\/p>\n<ul>\n<li>Figurine avec accessoires.<\/li>\n<li>Taille d'environ 18 cm,<\/li>\n<li>Sous blister.<\/li>\n<li>Avec fonction de respiration du feu.<\/li>\n<\/ul>\n<p>*Fonctionne avec 3 piles AAA (LR03). Les piles ne sont pas incluses.<\/p>","protected":false},"excerpt":{"rendered":"<ul>\n<li>Figurine avec accessoires<\/li>\n<li>Taille d'environ 18 cm,<\/li>\n<li>Sous blister.<\/li>\n<li>Avec fonction de respiration du feu<\/li>\n<\/ul>","protected":false},"featured_media":187124,"comment_status":"open","ping_status":"closed","template":"","meta":{"inline_featured_image":false},"product_brand":[],"product_cat":[2043,2051,2049],"product_tag":[1759,2132,2046,2045,2041,2040,2053,2052,1975],"giftcard-category":[],"class_list":{"0":"post-187074","1":"product","2":"type-product","3":"status-publish","4":"has-post-thumbnail","6":"product_cat-jakks-pacific","7":"product_cat-nintendo","8":"product_cat-the-super-mario-bros-movie","9":"product_tag-action-toys","10":"product_tag-articulated","11":"product_tag-bowser","12":"product_tag-jakks-pacific","13":"product_tag-mario","14":"product_tag-nintendo","15":"product_tag-the-super-mario-bros","16":"product_tag-the-super-mario-bros-movie","17":"product_tag-toys-figures","18":"product_shipping_class-standard","19":"inventories-france-inventory","21":"first","22":"instock","23":"taxable","24":"shipping-taxable","25":"purchasable","26":"product-type-simple","27":"add-to-wishlist-after_add_to_cart"},"yoast_head":"<!-- This site is optimized with the Yoast SEO Premium plugin v25.3.1 (Yoast SEO v27.2) - https:\/\/yoast.com\/product\/yoast-seo-premium-wordpress\/ -->\n<title>The Super Mario Bros. Movie - Action figure - Bowser<\/title>\n<meta name=\"robots\" content=\"index, follow, max-snippet:-1, max-image-preview:large, max-video-preview:-1\" \/>\n<link rel=\"canonical\" href=\"https:\/\/hobby4geek.com\/fr\/produit\/the-super-mario-bros-movie-bowser\/\" \/>\n<meta property=\"og:locale\" content=\"fr_FR\" \/>\n<meta property=\"og:type\" content=\"article\" \/>\n<meta property=\"og:title\" content=\"The Super Mario Bros. Movie - Action figure - Bowser\" \/>\n<meta property=\"og:description\" content=\"Action figure with accessories  Size approx. 18cm,  In blister packaging.  With fire-breathing function\" \/>\n<meta property=\"og:url\" content=\"https:\/\/hobby4geek.com\/fr\/produit\/the-super-mario-bros-movie-bowser\/\" \/>\n<meta property=\"og:site_name\" content=\"Hobby4Geek\" \/>\n<meta property=\"article:publisher\" content=\"https:\/\/www.facebook.com\/hobby4geek\" \/>\n<meta property=\"article:modified_time\" content=\"2024-05-12T12:02:58+00:00\" \/>\n<meta property=\"og:image\" content=\"https:\/\/hobby4geek.com\/wp-content\/uploads\/2023\/04\/the-super-mario-bros-movie-action-figure-bowser.webp\" \/>\n\t<meta property=\"og:image:width\" content=\"633\" \/>\n\t<meta property=\"og:image:height\" content=\"633\" \/>\n\t<meta property=\"og:image:type\" content=\"image\/webp\" \/>\n<meta name=\"twitter:card\" content=\"summary_large_image\" \/>\n<meta name=\"twitter:site\" content=\"@hobby4geek\" \/>\n<script type=\"application\/ld+json\" class=\"yoast-schema-graph\">{\"@context\":\"https:\/\/schema.org\",\"@graph\":[{\"@type\":\"WebPage\",\"@id\":\"https:\/\/hobby4geek.com\/product\/the-super-mario-bros-movie-bowser\/\",\"url\":\"https:\/\/hobby4geek.com\/product\/the-super-mario-bros-movie-bowser\/\",\"name\":\"The Super Mario Bros. Movie - Action figure - Bowser\",\"isPartOf\":{\"@id\":\"https:\/\/hobby4geek.com\/#website\"},\"primaryImageOfPage\":{\"@id\":\"https:\/\/hobby4geek.com\/product\/the-super-mario-bros-movie-bowser\/#primaryimage\"},\"image\":{\"@id\":\"https:\/\/hobby4geek.com\/product\/the-super-mario-bros-movie-bowser\/#primaryimage\"},\"thumbnailUrl\":\"https:\/\/hobby4geek.com\/wp-content\/uploads\/2023\/04\/the-super-mario-bros-movie-action-figure-bowser.webp\",\"datePublished\":\"2023-04-10T19:00:04+00:00\",\"dateModified\":\"2024-05-12T12:02:58+00:00\",\"breadcrumb\":{\"@id\":\"https:\/\/hobby4geek.com\/product\/the-super-mario-bros-movie-bowser\/#breadcrumb\"},\"inLanguage\":\"fr-FR\",\"potentialAction\":[{\"@type\":\"ReadAction\",\"target\":[\"https:\/\/hobby4geek.com\/product\/the-super-mario-bros-movie-bowser\/\"]}]},{\"@type\":\"ImageObject\",\"inLanguage\":\"fr-FR\",\"@id\":\"https:\/\/hobby4geek.com\/product\/the-super-mario-bros-movie-bowser\/#primaryimage\",\"url\":\"https:\/\/hobby4geek.com\/wp-content\/uploads\/2023\/04\/the-super-mario-bros-movie-action-figure-bowser.webp\",\"contentUrl\":\"https:\/\/hobby4geek.com\/wp-content\/uploads\/2023\/04\/the-super-mario-bros-movie-action-figure-bowser.webp\",\"width\":633,\"height\":633},{\"@type\":\"BreadcrumbList\",\"@id\":\"https:\/\/hobby4geek.com\/product\/the-super-mario-bros-movie-bowser\/#breadcrumb\",\"itemListElement\":[{\"@type\":\"ListItem\",\"position\":1,\"name\":\"Home\",\"item\":\"https:\/\/hobby4geek.com\/\"},{\"@type\":\"ListItem\",\"position\":2,\"name\":\"Shop\",\"item\":\"https:\/\/hobby4geek.com\/shop\/\"},{\"@type\":\"ListItem\",\"position\":3,\"name\":\"The Super Mario Bros. Movie &#8211; Action figure &#8211; Bowser\"}]},{\"@type\":\"WebSite\",\"@id\":\"https:\/\/hobby4geek.com\/#website\",\"url\":\"https:\/\/hobby4geek.com\/\",\"name\":\"Hobby4Geek\",\"description\":\"Collect, Play &amp; Showcase, Embrace your Geekiness\",\"publisher\":{\"@id\":\"https:\/\/hobby4geek.com\/#organization\"},\"potentialAction\":[{\"@type\":\"SearchAction\",\"target\":{\"@type\":\"EntryPoint\",\"urlTemplate\":\"https:\/\/hobby4geek.com\/?s={search_term_string}\"},\"query-input\":{\"@type\":\"PropertyValueSpecification\",\"valueRequired\":true,\"valueName\":\"search_term_string\"}}],\"inLanguage\":\"fr-FR\"},{\"@type\":\"Organization\",\"@id\":\"https:\/\/hobby4geek.com\/#organization\",\"name\":\"Hobby4Geek\",\"url\":\"https:\/\/hobby4geek.com\/\",\"logo\":{\"@type\":\"ImageObject\",\"inLanguage\":\"fr-FR\",\"@id\":\"https:\/\/hobby4geek.com\/#\/schema\/logo\/image\/\",\"url\":\"https:\/\/hobby4geek.com\/wp-content\/uploads\/2023\/02\/default-kit.png\",\"contentUrl\":\"https:\/\/hobby4geek.com\/wp-content\/uploads\/2023\/02\/default-kit.png\",\"width\":600,\"height\":600,\"caption\":\"Hobby4Geek\"},\"image\":{\"@id\":\"https:\/\/hobby4geek.com\/#\/schema\/logo\/image\/\"},\"sameAs\":[\"https:\/\/www.facebook.com\/hobby4geek\",\"https:\/\/x.com\/hobby4geek\",\"https:\/\/www.instagram.com\/hobby4geek\/\"]}]}<\/script>\n<meta property=\"product:brand\" content=\"Jakks Pacific\" \/>\n<meta property=\"product:price:amount\" content=\"48.00\" \/>\n<meta property=\"product:price:currency\" content=\"EUR\" \/>\n<meta property=\"og:availability\" content=\"instock\" \/>\n<meta property=\"product:availability\" content=\"instock\" \/>\n<meta property=\"product:retailer_item_id\" content=\"192995423121\" \/>\n<meta property=\"product:condition\" content=\"new\" \/>\n<!-- \/ Yoast SEO Premium plugin. -->","yoast_head_json":{"title":"The Super Mario Bros. Movie - Figurine - Bowser","robots":{"index":"index","follow":"follow","max-snippet":"max-snippet:-1","max-image-preview":"max-image-preview:large","max-video-preview":"max-video-preview:-1"},"canonical":"https:\/\/hobby4geek.com\/fr\/produit\/the-super-mario-bros-movie-bowser\/","og_locale":"fr_FR","og_type":"article","og_title":"The Super Mario Bros. Movie - Action figure - Bowser","og_description":"Action figure with accessories  Size approx. 18cm,  In blister packaging.  With fire-breathing function","og_url":"https:\/\/hobby4geek.com\/fr\/produit\/the-super-mario-bros-movie-bowser\/","og_site_name":"Hobby4Geek","article_publisher":"https:\/\/www.facebook.com\/hobby4geek","article_modified_time":"2024-05-12T12:02:58+00:00","og_image":[{"width":633,"height":633,"url":"https:\/\/hobby4geek.com\/wp-content\/uploads\/2023\/04\/the-super-mario-bros-movie-action-figure-bowser.webp","type":"image\/webp"}],"twitter_card":"summary_large_image","twitter_site":"@hobby4geek","schema":{"@context":"https:\/\/schema.org","@graph":[{"@type":"WebPage","@id":"https:\/\/hobby4geek.com\/product\/the-super-mario-bros-movie-bowser\/","url":"https:\/\/hobby4geek.com\/product\/the-super-mario-bros-movie-bowser\/","name":"The Super Mario Bros. Movie - Figurine - Bowser","isPartOf":{"@id":"https:\/\/hobby4geek.com\/#website"},"primaryImageOfPage":{"@id":"https:\/\/hobby4geek.com\/product\/the-super-mario-bros-movie-bowser\/#primaryimage"},"image":{"@id":"https:\/\/hobby4geek.com\/product\/the-super-mario-bros-movie-bowser\/#primaryimage"},"thumbnailUrl":"https:\/\/hobby4geek.com\/wp-content\/uploads\/2023\/04\/the-super-mario-bros-movie-action-figure-bowser.webp","datePublished":"2023-04-10T19:00:04+00:00","dateModified":"2024-05-12T12:02:58+00:00","breadcrumb":{"@id":"https:\/\/hobby4geek.com\/product\/the-super-mario-bros-movie-bowser\/#breadcrumb"},"inLanguage":"fr-FR","potentialAction":[{"@type":"ReadAction","target":["https:\/\/hobby4geek.com\/product\/the-super-mario-bros-movie-bowser\/"]}]},{"@type":"ImageObject","inLanguage":"fr-FR","@id":"https:\/\/hobby4geek.com\/product\/the-super-mario-bros-movie-bowser\/#primaryimage","url":"https:\/\/hobby4geek.com\/wp-content\/uploads\/2023\/04\/the-super-mario-bros-movie-action-figure-bowser.webp","contentUrl":"https:\/\/hobby4geek.com\/wp-content\/uploads\/2023\/04\/the-super-mario-bros-movie-action-figure-bowser.webp","width":633,"height":633},{"@type":"BreadcrumbList","@id":"https:\/\/hobby4geek.com\/product\/the-super-mario-bros-movie-bowser\/#breadcrumb","itemListElement":[{"@type":"ListItem","position":1,"name":"Home","item":"https:\/\/hobby4geek.com\/"},{"@type":"ListItem","position":2,"name":"Shop","item":"https:\/\/hobby4geek.com\/shop\/"},{"@type":"ListItem","position":3,"name":"The Super Mario Bros. Movie &#8211; Action figure &#8211; Bowser"}]},{"@type":"WebSite","@id":"https:\/\/hobby4geek.com\/#website","url":"https:\/\/hobby4geek.com\/","name":"Hobby4Geek","description":"Collectionnez, jouez et exposez, embrassez votre geekitude","publisher":{"@id":"https:\/\/hobby4geek.com\/#organization"},"potentialAction":[{"@type":"SearchAction","target":{"@type":"EntryPoint","urlTemplate":"https:\/\/hobby4geek.com\/?s={search_term_string}"},"query-input":{"@type":"PropertyValueSpecification","valueRequired":true,"valueName":"search_term_string"}}],"inLanguage":"fr-FR"},{"@type":"Organization","@id":"https:\/\/hobby4geek.com\/#organization","name":"Hobby4Geek","url":"https:\/\/hobby4geek.com\/","logo":{"@type":"ImageObject","inLanguage":"fr-FR","@id":"https:\/\/hobby4geek.com\/#\/schema\/logo\/image\/","url":"https:\/\/hobby4geek.com\/wp-content\/uploads\/2023\/02\/default-kit.png","contentUrl":"https:\/\/hobby4geek.com\/wp-content\/uploads\/2023\/02\/default-kit.png","width":600,"height":600,"caption":"Hobby4Geek"},"image":{"@id":"https:\/\/hobby4geek.com\/#\/schema\/logo\/image\/"},"sameAs":["https:\/\/www.facebook.com\/hobby4geek","https:\/\/x.com\/hobby4geek","https:\/\/www.instagram.com\/hobby4geek\/"]}]},"product_brand":"Jakks Pacific","product_price_amount":"48.00","product_price_currency":"EUR","og_availability":"instock","product_availability":"instock","product_retailer_item_id":"192995423121","product_condition":"new"},"_links":{"self":[{"href":"https:\/\/hobby4geek.com\/fr\/wp-json\/wp\/v2\/product\/187074","targetHints":{"allow":["GET"]}}],"collection":[{"href":"https:\/\/hobby4geek.com\/fr\/wp-json\/wp\/v2\/product"}],"about":[{"href":"https:\/\/hobby4geek.com\/fr\/wp-json\/wp\/v2\/types\/product"}],"replies":[{"embeddable":true,"href":"https:\/\/hobby4geek.com\/fr\/wp-json\/wp\/v2\/comments?post=187074"}],"version-history":[{"count":0,"href":"https:\/\/hobby4geek.com\/fr\/wp-json\/wp\/v2\/product\/187074\/revisions"}],"wp:featuredmedia":[{"embeddable":true,"href":"https:\/\/hobby4geek.com\/fr\/wp-json\/wp\/v2\/media\/187124"}],"wp:attachment":[{"href":"https:\/\/hobby4geek.com\/fr\/wp-json\/wp\/v2\/media?parent=187074"}],"wp:term":[{"taxonomy":"product_brand","embeddable":true,"href":"https:\/\/hobby4geek.com\/fr\/wp-json\/wp\/v2\/product_brand?post=187074"},{"taxonomy":"product_cat","embeddable":true,"href":"https:\/\/hobby4geek.com\/fr\/wp-json\/wp\/v2\/product_cat?post=187074"},{"taxonomy":"product_tag","embeddable":true,"href":"https:\/\/hobby4geek.com\/fr\/wp-json\/wp\/v2\/product_tag?post=187074"},{"taxonomy":"giftcard-category","embeddable":true,"href":"https:\/\/hobby4geek.com\/fr\/wp-json\/wp\/v2\/giftcard-category?post=187074"}],"curies":[{"name":"wp","href":"https:\/\/api.w.org\/{rel}","templated":true}]}}