{"id":186899,"date":"2023-04-10T15:40:53","date_gmt":"2023-04-10T14:40:53","guid":{"rendered":"https:\/\/hobby4geek.com\/?post_type=product&#038;p=186899"},"modified":"2024-05-12T13:02:58","modified_gmt":"2024-05-12T12:02:58","slug":"star-wars-boba-fett-voice-cloner-feature-plush","status":"publish","type":"product","link":"https:\/\/hobby4geek.com\/fr\/produit\/star-wars-boba-fett-voice-cloner-feature-plush\/","title":{"rendered":"Star Wars : Boba Fett - Peluche Cloneur de Voix"},"content":{"rendered":"<p>Boba Fett \u00e9tait un c\u00e9l\u00e8bre chasseur de primes mandalorien du clan Fett dont la carri\u00e8re s'\u00e9tendit sur plusieurs d\u00e9cennies, de la chute de la R\u00e9publique Galactique \u00e0 la fin du r\u00e8gne de l'Empire Galactique et \u00e0 l'\u00e8re qui suivit o\u00f9 il devint le souverain de Mandalore. Sous le nom de code A0050, il \u00e9tait un clone inalt\u00e9r\u00e9 du c\u00e9l\u00e8bre chasseur de primes mandalorien Jango Fett. Boba imitait son p\u00e8re et son donneur g\u00e9n\u00e9tique en portant une armure mandalorienne personnalis\u00e9e.<\/p>\n<p>Cette peluche de 30 cm est \u00e9quip\u00e9e d'un enregistreur\/transformateur vocal num\u00e9rique : parlez dans son casque et \u00e9coutez le r\u00e9p\u00e9ter la phrase avec la voix de Boba Fett.<\/p>\n<ul>\n<li>Peluche \u00e9lectronique<\/li>\n<li>Lancement de fus\u00e9es !<\/li>\n<li>Cloneur de voix num\u00e9rique<\/li>\n<li>R\u00e9p\u00e8te ce que vous dites !<\/li>\n<\/ul>","protected":false},"excerpt":{"rendered":"<ul>\n<li>Peluche \u00e9lectronique<\/li>\n<li>Lancement de fus\u00e9es !<\/li>\n<li>Cloneur de voix num\u00e9rique<\/li>\n<li>R\u00e9p\u00e8te ce que vous dites !<\/li>\n<\/ul>","protected":false},"featured_media":186926,"comment_status":"open","ping_status":"closed","template":"","meta":{"inline_featured_image":false},"product_brand":[],"product_cat":[2023,2005],"product_tag":[2006,1986,2027,2025,2024,1987,2028,2026,2008,2011,1975],"giftcard-category":[],"class_list":{"0":"post-186899","1":"product","2":"type-product","3":"status-publish","4":"has-post-thumbnail","6":"product_cat-mattel","7":"product_cat-star-wars","8":"product_tag-boba-fett","9":"product_tag-deco-more","10":"product_tag-digital-voice-cloner","11":"product_tag-electronic-plush","12":"product_tag-mattel","13":"product_tag-plushes","14":"product_tag-repeats-what-you-say","15":"product_tag-rocket-launches","16":"product_tag-star-wars","17":"product_tag-the-mandalorian","18":"product_tag-toys-figures","19":"product_shipping_class-light","21":"first","22":"outofstock","23":"taxable","24":"shipping-taxable","25":"purchasable","26":"product-type-simple","27":"add-to-wishlist-after_add_to_cart"},"yoast_head":"<!-- This site is optimized with the Yoast SEO Premium plugin v25.3.1 (Yoast SEO v27.4) - https:\/\/yoast.com\/product\/yoast-seo-premium-wordpress\/ -->\n<title>Star Wars: Boba Fett - Voice Cloner Feature Plush<\/title>\n<meta name=\"robots\" content=\"index, follow, max-snippet:-1, max-image-preview:large, max-video-preview:-1\" \/>\n<link rel=\"canonical\" href=\"https:\/\/hobby4geek.com\/fr\/produit\/star-wars-boba-fett-voice-cloner-feature-plush\/\" \/>\n<meta property=\"og:locale\" content=\"fr_FR\" \/>\n<meta property=\"og:type\" content=\"article\" \/>\n<meta property=\"og:title\" content=\"Star Wars: Boba Fett - Voice Cloner Feature Plush\" \/>\n<meta property=\"og:description\" content=\"Electronic plush  Rocket Launches!  Digital voice cloner  Repeats what you say!\" \/>\n<meta property=\"og:url\" content=\"https:\/\/hobby4geek.com\/fr\/produit\/star-wars-boba-fett-voice-cloner-feature-plush\/\" \/>\n<meta property=\"og:site_name\" content=\"Hobby4Geek\" \/>\n<meta property=\"article:publisher\" content=\"https:\/\/www.facebook.com\/hobby4geek\" \/>\n<meta property=\"article:modified_time\" content=\"2024-05-12T12:02:58+00:00\" \/>\n<meta property=\"og:image\" content=\"https:\/\/hobby4geek.com\/wp-content\/uploads\/2023\/04\/star-wars-boba-fett-voice-cloner-feature-plush.png\" \/>\n\t<meta property=\"og:image:width\" content=\"800\" \/>\n\t<meta property=\"og:image:height\" content=\"800\" \/>\n\t<meta property=\"og:image:type\" content=\"image\/png\" \/>\n<meta name=\"twitter:card\" content=\"summary_large_image\" \/>\n<meta name=\"twitter:site\" content=\"@hobby4geek\" \/>\n<script type=\"application\/ld+json\" class=\"yoast-schema-graph\">{\"@context\":\"https:\\\/\\\/schema.org\",\"@graph\":[{\"@type\":\"WebPage\",\"@id\":\"https:\\\/\\\/hobby4geek.com\\\/product\\\/star-wars-boba-fett-voice-cloner-feature-plush\\\/\",\"url\":\"https:\\\/\\\/hobby4geek.com\\\/product\\\/star-wars-boba-fett-voice-cloner-feature-plush\\\/\",\"name\":\"Star Wars: Boba Fett - Voice Cloner Feature Plush\",\"isPartOf\":{\"@id\":\"https:\\\/\\\/hobby4geek.com\\\/#website\"},\"primaryImageOfPage\":{\"@id\":\"https:\\\/\\\/hobby4geek.com\\\/product\\\/star-wars-boba-fett-voice-cloner-feature-plush\\\/#primaryimage\"},\"image\":{\"@id\":\"https:\\\/\\\/hobby4geek.com\\\/product\\\/star-wars-boba-fett-voice-cloner-feature-plush\\\/#primaryimage\"},\"thumbnailUrl\":\"https:\\\/\\\/hobby4geek.com\\\/wp-content\\\/uploads\\\/2023\\\/04\\\/star-wars-boba-fett-voice-cloner-feature-plush.png\",\"datePublished\":\"2023-04-10T14:40:53+00:00\",\"dateModified\":\"2024-05-12T12:02:58+00:00\",\"breadcrumb\":{\"@id\":\"https:\\\/\\\/hobby4geek.com\\\/product\\\/star-wars-boba-fett-voice-cloner-feature-plush\\\/#breadcrumb\"},\"inLanguage\":\"fr-FR\",\"potentialAction\":[{\"@type\":\"ReadAction\",\"target\":[\"https:\\\/\\\/hobby4geek.com\\\/product\\\/star-wars-boba-fett-voice-cloner-feature-plush\\\/\"]}]},{\"@type\":\"ImageObject\",\"inLanguage\":\"fr-FR\",\"@id\":\"https:\\\/\\\/hobby4geek.com\\\/product\\\/star-wars-boba-fett-voice-cloner-feature-plush\\\/#primaryimage\",\"url\":\"https:\\\/\\\/hobby4geek.com\\\/wp-content\\\/uploads\\\/2023\\\/04\\\/star-wars-boba-fett-voice-cloner-feature-plush.png\",\"contentUrl\":\"https:\\\/\\\/hobby4geek.com\\\/wp-content\\\/uploads\\\/2023\\\/04\\\/star-wars-boba-fett-voice-cloner-feature-plush.png\",\"width\":800,\"height\":800},{\"@type\":\"BreadcrumbList\",\"@id\":\"https:\\\/\\\/hobby4geek.com\\\/product\\\/star-wars-boba-fett-voice-cloner-feature-plush\\\/#breadcrumb\",\"itemListElement\":[{\"@type\":\"ListItem\",\"position\":1,\"name\":\"Home\",\"item\":\"https:\\\/\\\/hobby4geek.com\\\/\"},{\"@type\":\"ListItem\",\"position\":2,\"name\":\"Shop\",\"item\":\"https:\\\/\\\/hobby4geek.com\\\/shop\\\/\"},{\"@type\":\"ListItem\",\"position\":3,\"name\":\"Star Wars: Boba Fett &#8211; Voice Cloner Feature Plush\"}]},{\"@type\":\"WebSite\",\"@id\":\"https:\\\/\\\/hobby4geek.com\\\/#website\",\"url\":\"https:\\\/\\\/hobby4geek.com\\\/\",\"name\":\"Hobby4Geek\",\"description\":\"Collect, Play &amp; Showcase, Embrace your Geekiness\",\"publisher\":{\"@id\":\"https:\\\/\\\/hobby4geek.com\\\/#organization\"},\"potentialAction\":[{\"@type\":\"SearchAction\",\"target\":{\"@type\":\"EntryPoint\",\"urlTemplate\":\"https:\\\/\\\/hobby4geek.com\\\/?s={search_term_string}\"},\"query-input\":{\"@type\":\"PropertyValueSpecification\",\"valueRequired\":true,\"valueName\":\"search_term_string\"}}],\"inLanguage\":\"fr-FR\"},{\"@type\":\"Organization\",\"@id\":\"https:\\\/\\\/hobby4geek.com\\\/#organization\",\"name\":\"Hobby4Geek\",\"url\":\"https:\\\/\\\/hobby4geek.com\\\/\",\"logo\":{\"@type\":\"ImageObject\",\"inLanguage\":\"fr-FR\",\"@id\":\"https:\\\/\\\/hobby4geek.com\\\/#\\\/schema\\\/logo\\\/image\\\/\",\"url\":\"https:\\\/\\\/hobby4geek.com\\\/wp-content\\\/uploads\\\/2023\\\/02\\\/default-kit.png\",\"contentUrl\":\"https:\\\/\\\/hobby4geek.com\\\/wp-content\\\/uploads\\\/2023\\\/02\\\/default-kit.png\",\"width\":600,\"height\":600,\"caption\":\"Hobby4Geek\"},\"image\":{\"@id\":\"https:\\\/\\\/hobby4geek.com\\\/#\\\/schema\\\/logo\\\/image\\\/\"},\"sameAs\":[\"https:\\\/\\\/www.facebook.com\\\/hobby4geek\",\"https:\\\/\\\/x.com\\\/hobby4geek\",\"https:\\\/\\\/www.instagram.com\\\/hobby4geek\\\/\"]}]}<\/script>\n<meta property=\"product:brand\" content=\"Mattel\" \/>\n<meta property=\"product:price:amount\" content=\"39.98\" \/>\n<meta property=\"product:price:currency\" content=\"EUR\" \/>\n<meta property=\"og:availability\" content=\"out of stock\" \/>\n<meta property=\"product:availability\" content=\"out of stock\" \/>\n<meta property=\"product:retailer_item_id\" content=\"194735078035\" \/>\n<meta property=\"product:condition\" content=\"new\" \/>\n<!-- \/ Yoast SEO Premium plugin. -->","yoast_head_json":{"title":"Star Wars : Boba Fett - Peluche Cloneur de Voix","robots":{"index":"index","follow":"follow","max-snippet":"max-snippet:-1","max-image-preview":"max-image-preview:large","max-video-preview":"max-video-preview:-1"},"canonical":"https:\/\/hobby4geek.com\/fr\/produit\/star-wars-boba-fett-voice-cloner-feature-plush\/","og_locale":"fr_FR","og_type":"article","og_title":"Star Wars: Boba Fett - Voice Cloner Feature Plush","og_description":"Electronic plush  Rocket Launches!  Digital voice cloner  Repeats what you say!","og_url":"https:\/\/hobby4geek.com\/fr\/produit\/star-wars-boba-fett-voice-cloner-feature-plush\/","og_site_name":"Hobby4Geek","article_publisher":"https:\/\/www.facebook.com\/hobby4geek","article_modified_time":"2024-05-12T12:02:58+00:00","og_image":[{"width":800,"height":800,"url":"https:\/\/hobby4geek.com\/wp-content\/uploads\/2023\/04\/star-wars-boba-fett-voice-cloner-feature-plush.png","type":"image\/png"}],"twitter_card":"summary_large_image","twitter_site":"@hobby4geek","schema":{"@context":"https:\/\/schema.org","@graph":[{"@type":"WebPage","@id":"https:\/\/hobby4geek.com\/product\/star-wars-boba-fett-voice-cloner-feature-plush\/","url":"https:\/\/hobby4geek.com\/product\/star-wars-boba-fett-voice-cloner-feature-plush\/","name":"Star Wars : Boba Fett - Peluche Cloneur de Voix","isPartOf":{"@id":"https:\/\/hobby4geek.com\/#website"},"primaryImageOfPage":{"@id":"https:\/\/hobby4geek.com\/product\/star-wars-boba-fett-voice-cloner-feature-plush\/#primaryimage"},"image":{"@id":"https:\/\/hobby4geek.com\/product\/star-wars-boba-fett-voice-cloner-feature-plush\/#primaryimage"},"thumbnailUrl":"https:\/\/hobby4geek.com\/wp-content\/uploads\/2023\/04\/star-wars-boba-fett-voice-cloner-feature-plush.png","datePublished":"2023-04-10T14:40:53+00:00","dateModified":"2024-05-12T12:02:58+00:00","breadcrumb":{"@id":"https:\/\/hobby4geek.com\/product\/star-wars-boba-fett-voice-cloner-feature-plush\/#breadcrumb"},"inLanguage":"fr-FR","potentialAction":[{"@type":"ReadAction","target":["https:\/\/hobby4geek.com\/product\/star-wars-boba-fett-voice-cloner-feature-plush\/"]}]},{"@type":"ImageObject","inLanguage":"fr-FR","@id":"https:\/\/hobby4geek.com\/product\/star-wars-boba-fett-voice-cloner-feature-plush\/#primaryimage","url":"https:\/\/hobby4geek.com\/wp-content\/uploads\/2023\/04\/star-wars-boba-fett-voice-cloner-feature-plush.png","contentUrl":"https:\/\/hobby4geek.com\/wp-content\/uploads\/2023\/04\/star-wars-boba-fett-voice-cloner-feature-plush.png","width":800,"height":800},{"@type":"BreadcrumbList","@id":"https:\/\/hobby4geek.com\/product\/star-wars-boba-fett-voice-cloner-feature-plush\/#breadcrumb","itemListElement":[{"@type":"ListItem","position":1,"name":"Home","item":"https:\/\/hobby4geek.com\/"},{"@type":"ListItem","position":2,"name":"Shop","item":"https:\/\/hobby4geek.com\/shop\/"},{"@type":"ListItem","position":3,"name":"Star Wars: Boba Fett &#8211; Voice Cloner Feature Plush"}]},{"@type":"WebSite","@id":"https:\/\/hobby4geek.com\/#website","url":"https:\/\/hobby4geek.com\/","name":"Hobby4Geek","description":"Collectionnez, jouez et exposez, embrassez votre geekitude","publisher":{"@id":"https:\/\/hobby4geek.com\/#organization"},"potentialAction":[{"@type":"SearchAction","target":{"@type":"EntryPoint","urlTemplate":"https:\/\/hobby4geek.com\/?s={search_term_string}"},"query-input":{"@type":"PropertyValueSpecification","valueRequired":true,"valueName":"search_term_string"}}],"inLanguage":"fr-FR"},{"@type":"Organization","@id":"https:\/\/hobby4geek.com\/#organization","name":"Hobby4Geek","url":"https:\/\/hobby4geek.com\/","logo":{"@type":"ImageObject","inLanguage":"fr-FR","@id":"https:\/\/hobby4geek.com\/#\/schema\/logo\/image\/","url":"https:\/\/hobby4geek.com\/wp-content\/uploads\/2023\/02\/default-kit.png","contentUrl":"https:\/\/hobby4geek.com\/wp-content\/uploads\/2023\/02\/default-kit.png","width":600,"height":600,"caption":"Hobby4Geek"},"image":{"@id":"https:\/\/hobby4geek.com\/#\/schema\/logo\/image\/"},"sameAs":["https:\/\/www.facebook.com\/hobby4geek","https:\/\/x.com\/hobby4geek","https:\/\/www.instagram.com\/hobby4geek\/"]}]},"product_brand":"Mattel","product_price_amount":"39.98","product_price_currency":"EUR","og_availability":"out of stock","product_availability":"out of stock","product_retailer_item_id":"194735078035","product_condition":"new"},"_links":{"self":[{"href":"https:\/\/hobby4geek.com\/fr\/wp-json\/wp\/v2\/product\/186899","targetHints":{"allow":["GET"]}}],"collection":[{"href":"https:\/\/hobby4geek.com\/fr\/wp-json\/wp\/v2\/product"}],"about":[{"href":"https:\/\/hobby4geek.com\/fr\/wp-json\/wp\/v2\/types\/product"}],"replies":[{"embeddable":true,"href":"https:\/\/hobby4geek.com\/fr\/wp-json\/wp\/v2\/comments?post=186899"}],"version-history":[{"count":0,"href":"https:\/\/hobby4geek.com\/fr\/wp-json\/wp\/v2\/product\/186899\/revisions"}],"wp:featuredmedia":[{"embeddable":true,"href":"https:\/\/hobby4geek.com\/fr\/wp-json\/wp\/v2\/media\/186926"}],"wp:attachment":[{"href":"https:\/\/hobby4geek.com\/fr\/wp-json\/wp\/v2\/media?parent=186899"}],"wp:term":[{"taxonomy":"product_brand","embeddable":true,"href":"https:\/\/hobby4geek.com\/fr\/wp-json\/wp\/v2\/product_brand?post=186899"},{"taxonomy":"product_cat","embeddable":true,"href":"https:\/\/hobby4geek.com\/fr\/wp-json\/wp\/v2\/product_cat?post=186899"},{"taxonomy":"product_tag","embeddable":true,"href":"https:\/\/hobby4geek.com\/fr\/wp-json\/wp\/v2\/product_tag?post=186899"},{"taxonomy":"giftcard-category","embeddable":true,"href":"https:\/\/hobby4geek.com\/fr\/wp-json\/wp\/v2\/giftcard-category?post=186899"}],"curies":[{"name":"wp","href":"https:\/\/api.w.org\/{rel}","templated":true}]}}