{"id":185911,"date":"2023-05-05T15:10:15","date_gmt":"2023-05-05T13:10:15","guid":{"rendered":"https:\/\/hobby4geek.com\/?post_type=product&#038;p=185911"},"modified":"2024-05-12T13:03:22","modified_gmt":"2024-05-12T12:03:22","slug":"transformers-rise-of-the-beasts-studio-series-100-deluxe-class-bumblebee","status":"publish","type":"product","link":"https:\/\/hobby4geek.com\/fr\/produit\/transformers-rise-of-the-beasts-studio-series-100-deluxe-class-bumblebee\/","title":{"rendered":"Transformers : Rise of the Beasts - Studio Series 100 - Classe de luxe Bumblebee"},"content":{"rendered":"<p>Faites entrer l'action \u00e9pique des films Transformers du grand \u00e9cran dans votre collection avec la figurine Transformers Studio Series Deluxe Class Bumblebee ! Les jouets Transformers Studio Series sont des figurines \u00e0 collectionner pour les gar\u00e7ons et les filles de 8 ans qui pr\u00e9sentent des d\u00e9tails et des accessoires inspir\u00e9s des films. Convertissez la figurine de robot en Chevrolet Camaro en 23 \u00e9tapes et posez la figurine Bumblebee dans la sc\u00e8ne de fond amovible Volcano Showdown incluse. Les figurines Transformers pour gar\u00e7ons et filles sont d'excellents cadeaux !<\/p>\n<p>Transformers et tous les personnages associ\u00e9s sont des marques d\u00e9pos\u00e9es de Hasbro.<br \/>\nHasbro et tous les termes associ\u00e9s sont des marques d\u00e9pos\u00e9es de Hasbro.<br \/>\nCHEVROLET, le logo BOWTIE, CORVETTE et le logo CORVETTE, et CAMARO, sont des marques d\u00e9pos\u00e9es de General Motors, LLC.<\/p>\n<p>Comprend une figurine, 2 accessoires, une toile de fond amovible et des instructions.<\/p>\n<ul>\n<li>TRANSFORMERS STUDIO SERIES DELUXE CLASS : Ces figurines de 4,5 pouces \u00e0 collectionner s'inspirent de sc\u00e8nes embl\u00e9matiques du film et sont con\u00e7ues avec des sp\u00e9cifications et des d\u00e9tails qui refl\u00e8tent l'univers du film Transformers.<\/li>\n<li>BUMBLEBEE \u00c0 L'\u00c9CHELLE DE 4,5 POUCES : La figurine Transformers Studio Series 100 Bumblebee pour gar\u00e7ons et filles est hautement articul\u00e9e pour la posabilit\u00e9 et pr\u00e9sente des d\u00e9cors et des d\u00e9tails inspir\u00e9s du film.<\/li>\n<li>2 MODES ICONIQUES : Ce jouet Transformers pour gar\u00e7ons et filles de 8 ans offre une conversion classique entre les modes robot et Chevrolet Camaro en 23 \u00e9tapes.<\/li>\n<li>DES ACCESSOIRES G\u00c9NIAUX : La figurine Transformers est livr\u00e9e avec un blaster Stinger et des accessoires de lame de bras qui s'attachent \u00e0 la figurine Bumblebee dans les deux modes.<\/li>\n<li>TOILE DE FOND AMOVIBLE : La toile de fond amovible permet de pr\u00e9senter la figurine Bumblebee dans la sc\u00e8ne de l'\u00e9preuve du volcan. Les fans peuvent utiliser la toile de fond et poser leurs figurines dans la sc\u00e8ne avec leur propre style.<\/li>\n<\/ul>\n<p>A partir de 8 ans<br \/>\nAvertissement : Risque d'\u00e9touffement - Petites pi\u00e8ces. Ne convient pas aux enfants de moins de 3 ans.<\/p>","protected":false},"excerpt":{"rendered":"<ul>\n<li>11 cm<\/li>\n<li>Classe Deluxe<\/li>\n<li>23 \u00c9tapes<\/li>\n<li>D\u00e9cor amovible<\/li>\n<\/ul>","protected":false},"featured_media":188233,"comment_status":"open","ping_status":"closed","template":"","meta":{"inline_featured_image":false},"product_brand":[],"product_cat":[68,69,1955,1960],"product_tag":[1759,224,1964,335,1956,1957,240,203,1975,204,1961,1962,1994,2227],"giftcard-category":[],"class_list":{"0":"post-185911","1":"product","2":"type-product","3":"status-publish","4":"has-post-thumbnail","6":"product_cat-hasbro","7":"product_cat-takara-tomy","8":"product_cat-transformers","9":"product_cat-transformers-generations","10":"product_tag-action-toys","11":"product_tag-bumblebee","12":"product_tag-deluxe-class","13":"product_tag-hasbro","14":"product_tag-rise-of-the-beasts","15":"product_tag-rotb","16":"product_tag-studio-series","17":"product_tag-takara-tomy","18":"product_tag-toys-figures","19":"product_tag-transformers","20":"product_tag-transformers-authentic","21":"product_tag-transformers-generations","22":"product_tag-transformers-studio-series","23":"product_tag-transformers-rise-of-the-beasts","24":"product_shipping_class-light","26":"first","27":"outofstock","28":"taxable","29":"shipping-taxable","30":"purchasable","31":"product-type-simple","32":"add-to-wishlist-after_add_to_cart"},"yoast_head":"<!-- This site is optimized with the Yoast SEO Premium plugin v25.3.1 (Yoast SEO v27.4) - https:\/\/yoast.com\/product\/yoast-seo-premium-wordpress\/ -->\n<title>Transformers: Rise of the Beasts - Studio Series 100 - Deluxe Class Bumblebee<\/title>\n<meta name=\"robots\" content=\"index, follow, max-snippet:-1, max-image-preview:large, max-video-preview:-1\" \/>\n<link rel=\"canonical\" href=\"https:\/\/hobby4geek.com\/fr\/produit\/transformers-rise-of-the-beasts-studio-series-100-deluxe-class-bumblebee\/\" \/>\n<meta property=\"og:locale\" content=\"fr_FR\" \/>\n<meta property=\"og:type\" content=\"article\" \/>\n<meta property=\"og:title\" content=\"Transformers: Rise of the Beasts - Studio Series 100 - Deluxe Class Bumblebee\" \/>\n<meta property=\"og:description\" content=\"11 cm  Deluxe Class  23 Steps  Removable Decor\" \/>\n<meta property=\"og:url\" content=\"https:\/\/hobby4geek.com\/fr\/produit\/transformers-rise-of-the-beasts-studio-series-100-deluxe-class-bumblebee\/\" \/>\n<meta property=\"og:site_name\" content=\"Hobby4Geek\" \/>\n<meta property=\"article:publisher\" content=\"https:\/\/www.facebook.com\/hobby4geek\" \/>\n<meta property=\"article:modified_time\" content=\"2024-05-12T12:03:22+00:00\" \/>\n<meta property=\"og:image\" content=\"https:\/\/hobby4geek.com\/wp-content\/uploads\/2023\/05\/transformers-rise-of-the-beasts-studio-series-100-deluxe-class-bumblebee-4.png\" \/>\n\t<meta property=\"og:image:width\" content=\"692\" \/>\n\t<meta property=\"og:image:height\" content=\"692\" \/>\n\t<meta property=\"og:image:type\" content=\"image\/png\" \/>\n<meta name=\"twitter:card\" content=\"summary_large_image\" \/>\n<meta name=\"twitter:site\" content=\"@hobby4geek\" \/>\n<script type=\"application\/ld+json\" class=\"yoast-schema-graph\">{\"@context\":\"https:\\\/\\\/schema.org\",\"@graph\":[{\"@type\":\"WebPage\",\"@id\":\"https:\\\/\\\/hobby4geek.com\\\/fr\\\/produit\\\/transformers-rise-of-the-beasts-studio-series-100-deluxe-class-bumblebee\\\/\",\"url\":\"https:\\\/\\\/hobby4geek.com\\\/fr\\\/produit\\\/transformers-rise-of-the-beasts-studio-series-100-deluxe-class-bumblebee\\\/\",\"name\":\"Transformers: Rise of the Beasts - Studio Series 100 - Deluxe Class Bumblebee\",\"isPartOf\":{\"@id\":\"https:\\\/\\\/hobby4geek.com\\\/#website\"},\"primaryImageOfPage\":{\"@id\":\"https:\\\/\\\/hobby4geek.com\\\/fr\\\/produit\\\/transformers-rise-of-the-beasts-studio-series-100-deluxe-class-bumblebee\\\/#primaryimage\"},\"image\":{\"@id\":\"https:\\\/\\\/hobby4geek.com\\\/fr\\\/produit\\\/transformers-rise-of-the-beasts-studio-series-100-deluxe-class-bumblebee\\\/#primaryimage\"},\"thumbnailUrl\":\"https:\\\/\\\/hobby4geek.com\\\/wp-content\\\/uploads\\\/2023\\\/05\\\/transformers-rise-of-the-beasts-studio-series-100-deluxe-class-bumblebee-4.png\",\"datePublished\":\"2023-05-05T13:10:15+00:00\",\"dateModified\":\"2024-05-12T12:03:22+00:00\",\"breadcrumb\":{\"@id\":\"https:\\\/\\\/hobby4geek.com\\\/fr\\\/produit\\\/transformers-rise-of-the-beasts-studio-series-100-deluxe-class-bumblebee\\\/#breadcrumb\"},\"inLanguage\":\"fr-FR\",\"potentialAction\":[{\"@type\":\"ReadAction\",\"target\":[\"https:\\\/\\\/hobby4geek.com\\\/fr\\\/produit\\\/transformers-rise-of-the-beasts-studio-series-100-deluxe-class-bumblebee\\\/\"]}]},{\"@type\":\"ImageObject\",\"inLanguage\":\"fr-FR\",\"@id\":\"https:\\\/\\\/hobby4geek.com\\\/fr\\\/produit\\\/transformers-rise-of-the-beasts-studio-series-100-deluxe-class-bumblebee\\\/#primaryimage\",\"url\":\"https:\\\/\\\/hobby4geek.com\\\/wp-content\\\/uploads\\\/2023\\\/05\\\/transformers-rise-of-the-beasts-studio-series-100-deluxe-class-bumblebee-4.png\",\"contentUrl\":\"https:\\\/\\\/hobby4geek.com\\\/wp-content\\\/uploads\\\/2023\\\/05\\\/transformers-rise-of-the-beasts-studio-series-100-deluxe-class-bumblebee-4.png\",\"width\":692,\"height\":692},{\"@type\":\"BreadcrumbList\",\"@id\":\"https:\\\/\\\/hobby4geek.com\\\/fr\\\/produit\\\/transformers-rise-of-the-beasts-studio-series-100-deluxe-class-bumblebee\\\/#breadcrumb\",\"itemListElement\":[{\"@type\":\"ListItem\",\"position\":1,\"name\":\"Home\",\"item\":\"https:\\\/\\\/hobby4geek.com\\\/\"},{\"@type\":\"ListItem\",\"position\":2,\"name\":\"Shop\",\"item\":\"https:\\\/\\\/hobby4geek.com\\\/shop\\\/\"},{\"@type\":\"ListItem\",\"position\":3,\"name\":\"Transformers: Rise of the Beasts &#8211; Studio Series 100 &#8211; Deluxe Class Bumblebee\"}]},{\"@type\":\"WebSite\",\"@id\":\"https:\\\/\\\/hobby4geek.com\\\/#website\",\"url\":\"https:\\\/\\\/hobby4geek.com\\\/\",\"name\":\"Hobby4Geek\",\"description\":\"Collect, Play &amp; Showcase, Embrace your Geekiness\",\"publisher\":{\"@id\":\"https:\\\/\\\/hobby4geek.com\\\/#organization\"},\"potentialAction\":[{\"@type\":\"SearchAction\",\"target\":{\"@type\":\"EntryPoint\",\"urlTemplate\":\"https:\\\/\\\/hobby4geek.com\\\/?s={search_term_string}\"},\"query-input\":{\"@type\":\"PropertyValueSpecification\",\"valueRequired\":true,\"valueName\":\"search_term_string\"}}],\"inLanguage\":\"fr-FR\"},{\"@type\":\"Organization\",\"@id\":\"https:\\\/\\\/hobby4geek.com\\\/#organization\",\"name\":\"Hobby4Geek\",\"url\":\"https:\\\/\\\/hobby4geek.com\\\/\",\"logo\":{\"@type\":\"ImageObject\",\"inLanguage\":\"fr-FR\",\"@id\":\"https:\\\/\\\/hobby4geek.com\\\/#\\\/schema\\\/logo\\\/image\\\/\",\"url\":\"https:\\\/\\\/hobby4geek.com\\\/wp-content\\\/uploads\\\/2023\\\/02\\\/default-kit.png\",\"contentUrl\":\"https:\\\/\\\/hobby4geek.com\\\/wp-content\\\/uploads\\\/2023\\\/02\\\/default-kit.png\",\"width\":600,\"height\":600,\"caption\":\"Hobby4Geek\"},\"image\":{\"@id\":\"https:\\\/\\\/hobby4geek.com\\\/#\\\/schema\\\/logo\\\/image\\\/\"},\"sameAs\":[\"https:\\\/\\\/www.facebook.com\\\/hobby4geek\",\"https:\\\/\\\/x.com\\\/hobby4geek\",\"https:\\\/\\\/www.instagram.com\\\/hobby4geek\\\/\"]}]}<\/script>\n<meta property=\"product:brand\" content=\"Hasbro\" \/>\n<meta property=\"product:price:amount\" content=\"27.80\" \/>\n<meta property=\"product:price:currency\" content=\"EUR\" \/>\n<meta property=\"og:availability\" content=\"out of stock\" \/>\n<meta property=\"product:availability\" content=\"out of stock\" \/>\n<meta property=\"product:retailer_item_id\" content=\"5010996135490\" \/>\n<meta property=\"product:condition\" content=\"new\" \/>\n<!-- \/ Yoast SEO Premium plugin. -->","yoast_head_json":{"title":"Transformers : Rise of the Beasts - Studio Series 100 - Classe de luxe Bumblebee","robots":{"index":"index","follow":"follow","max-snippet":"max-snippet:-1","max-image-preview":"max-image-preview:large","max-video-preview":"max-video-preview:-1"},"canonical":"https:\/\/hobby4geek.com\/fr\/produit\/transformers-rise-of-the-beasts-studio-series-100-deluxe-class-bumblebee\/","og_locale":"fr_FR","og_type":"article","og_title":"Transformers: Rise of the Beasts - Studio Series 100 - Deluxe Class Bumblebee","og_description":"11 cm  Deluxe Class  23 Steps  Removable Decor","og_url":"https:\/\/hobby4geek.com\/fr\/produit\/transformers-rise-of-the-beasts-studio-series-100-deluxe-class-bumblebee\/","og_site_name":"Hobby4Geek","article_publisher":"https:\/\/www.facebook.com\/hobby4geek","article_modified_time":"2024-05-12T12:03:22+00:00","og_image":[{"width":692,"height":692,"url":"https:\/\/hobby4geek.com\/wp-content\/uploads\/2023\/05\/transformers-rise-of-the-beasts-studio-series-100-deluxe-class-bumblebee-4.png","type":"image\/png"}],"twitter_card":"summary_large_image","twitter_site":"@hobby4geek","schema":{"@context":"https:\/\/schema.org","@graph":[{"@type":"WebPage","@id":"https:\/\/hobby4geek.com\/fr\/produit\/transformers-rise-of-the-beasts-studio-series-100-deluxe-class-bumblebee\/","url":"https:\/\/hobby4geek.com\/fr\/produit\/transformers-rise-of-the-beasts-studio-series-100-deluxe-class-bumblebee\/","name":"Transformers : Rise of the Beasts - Studio Series 100 - Classe de luxe Bumblebee","isPartOf":{"@id":"https:\/\/hobby4geek.com\/#website"},"primaryImageOfPage":{"@id":"https:\/\/hobby4geek.com\/fr\/produit\/transformers-rise-of-the-beasts-studio-series-100-deluxe-class-bumblebee\/#primaryimage"},"image":{"@id":"https:\/\/hobby4geek.com\/fr\/produit\/transformers-rise-of-the-beasts-studio-series-100-deluxe-class-bumblebee\/#primaryimage"},"thumbnailUrl":"https:\/\/hobby4geek.com\/wp-content\/uploads\/2023\/05\/transformers-rise-of-the-beasts-studio-series-100-deluxe-class-bumblebee-4.png","datePublished":"2023-05-05T13:10:15+00:00","dateModified":"2024-05-12T12:03:22+00:00","breadcrumb":{"@id":"https:\/\/hobby4geek.com\/fr\/produit\/transformers-rise-of-the-beasts-studio-series-100-deluxe-class-bumblebee\/#breadcrumb"},"inLanguage":"fr-FR","potentialAction":[{"@type":"ReadAction","target":["https:\/\/hobby4geek.com\/fr\/produit\/transformers-rise-of-the-beasts-studio-series-100-deluxe-class-bumblebee\/"]}]},{"@type":"ImageObject","inLanguage":"fr-FR","@id":"https:\/\/hobby4geek.com\/fr\/produit\/transformers-rise-of-the-beasts-studio-series-100-deluxe-class-bumblebee\/#primaryimage","url":"https:\/\/hobby4geek.com\/wp-content\/uploads\/2023\/05\/transformers-rise-of-the-beasts-studio-series-100-deluxe-class-bumblebee-4.png","contentUrl":"https:\/\/hobby4geek.com\/wp-content\/uploads\/2023\/05\/transformers-rise-of-the-beasts-studio-series-100-deluxe-class-bumblebee-4.png","width":692,"height":692},{"@type":"BreadcrumbList","@id":"https:\/\/hobby4geek.com\/fr\/produit\/transformers-rise-of-the-beasts-studio-series-100-deluxe-class-bumblebee\/#breadcrumb","itemListElement":[{"@type":"ListItem","position":1,"name":"Home","item":"https:\/\/hobby4geek.com\/"},{"@type":"ListItem","position":2,"name":"Shop","item":"https:\/\/hobby4geek.com\/shop\/"},{"@type":"ListItem","position":3,"name":"Transformers: Rise of the Beasts &#8211; Studio Series 100 &#8211; Deluxe Class Bumblebee"}]},{"@type":"WebSite","@id":"https:\/\/hobby4geek.com\/#website","url":"https:\/\/hobby4geek.com\/","name":"Hobby4Geek","description":"Collectionnez, jouez et exposez, embrassez votre geekitude","publisher":{"@id":"https:\/\/hobby4geek.com\/#organization"},"potentialAction":[{"@type":"SearchAction","target":{"@type":"EntryPoint","urlTemplate":"https:\/\/hobby4geek.com\/?s={search_term_string}"},"query-input":{"@type":"PropertyValueSpecification","valueRequired":true,"valueName":"search_term_string"}}],"inLanguage":"fr-FR"},{"@type":"Organization","@id":"https:\/\/hobby4geek.com\/#organization","name":"Hobby4Geek","url":"https:\/\/hobby4geek.com\/","logo":{"@type":"ImageObject","inLanguage":"fr-FR","@id":"https:\/\/hobby4geek.com\/#\/schema\/logo\/image\/","url":"https:\/\/hobby4geek.com\/wp-content\/uploads\/2023\/02\/default-kit.png","contentUrl":"https:\/\/hobby4geek.com\/wp-content\/uploads\/2023\/02\/default-kit.png","width":600,"height":600,"caption":"Hobby4Geek"},"image":{"@id":"https:\/\/hobby4geek.com\/#\/schema\/logo\/image\/"},"sameAs":["https:\/\/www.facebook.com\/hobby4geek","https:\/\/x.com\/hobby4geek","https:\/\/www.instagram.com\/hobby4geek\/"]}]},"product_brand":"Hasbro","product_price_amount":"27.80","product_price_currency":"EUR","og_availability":"out of stock","product_availability":"out of stock","product_retailer_item_id":"5010996135490","product_condition":"new"},"_links":{"self":[{"href":"https:\/\/hobby4geek.com\/fr\/wp-json\/wp\/v2\/product\/185911","targetHints":{"allow":["GET"]}}],"collection":[{"href":"https:\/\/hobby4geek.com\/fr\/wp-json\/wp\/v2\/product"}],"about":[{"href":"https:\/\/hobby4geek.com\/fr\/wp-json\/wp\/v2\/types\/product"}],"replies":[{"embeddable":true,"href":"https:\/\/hobby4geek.com\/fr\/wp-json\/wp\/v2\/comments?post=185911"}],"version-history":[{"count":0,"href":"https:\/\/hobby4geek.com\/fr\/wp-json\/wp\/v2\/product\/185911\/revisions"}],"wp:featuredmedia":[{"embeddable":true,"href":"https:\/\/hobby4geek.com\/fr\/wp-json\/wp\/v2\/media\/188233"}],"wp:attachment":[{"href":"https:\/\/hobby4geek.com\/fr\/wp-json\/wp\/v2\/media?parent=185911"}],"wp:term":[{"taxonomy":"product_brand","embeddable":true,"href":"https:\/\/hobby4geek.com\/fr\/wp-json\/wp\/v2\/product_brand?post=185911"},{"taxonomy":"product_cat","embeddable":true,"href":"https:\/\/hobby4geek.com\/fr\/wp-json\/wp\/v2\/product_cat?post=185911"},{"taxonomy":"product_tag","embeddable":true,"href":"https:\/\/hobby4geek.com\/fr\/wp-json\/wp\/v2\/product_tag?post=185911"},{"taxonomy":"giftcard-category","embeddable":true,"href":"https:\/\/hobby4geek.com\/fr\/wp-json\/wp\/v2\/giftcard-category?post=185911"}],"curies":[{"name":"wp","href":"https:\/\/api.w.org\/{rel}","templated":true}]}}