{"id":185857,"date":"2023-08-19T17:02:13","date_gmt":"2023-08-19T16:02:13","guid":{"rendered":"https:\/\/hobby4geek.com\/?post_type=product&#038;p=185857"},"modified":"2024-05-12T12:54:52","modified_gmt":"2024-05-12T11:54:52","slug":"transformers-rise-of-the-beasts-studio-series-97-deluxe-class-airazor","status":"publish","type":"product","link":"https:\/\/hobby4geek.com\/fr\/produit\/transformers-rise-of-the-beasts-studio-series-97-deluxe-class-airazor\/","title":{"rendered":"Transformers : Rise of the Beasts - Studio Series 97 - Classe Deluxe Airazor"},"content":{"rendered":"<p>Retrouvez l'action \u00e9pique des films Transformers sur grand \u00e9cran dans votre collection avec la figurine Transformers Studio Series Deluxe Class Airazor ! Airazor m\u00e8ne les Autobots au repaire de Maximal. Les jouets Transformers Studio Series sont des figurines \u00e0 collectionner pour les gar\u00e7ons et les filles de 8 ans qui pr\u00e9sentent des d\u00e9tails et des accessoires inspir\u00e9s des films. Transforme la figurine de robot en faucon p\u00e8lerin en 23 \u00e9tapes et pose le jouet Airazor dans la sc\u00e8ne de fond amovible Peruvian Jungle Discovery incluse. Les figurines Transformers pour gar\u00e7ons et filles sont d'excellents cadeaux !<\/p>\n<p>Comprend une figurine, 2 accessoires, une toile de fond amovible et des instructions.<\/p>\n<ul>\n<li>TRANSFORMERS STUDIO SERIES DELUXE CLASS : Ces figurines de 4,5 pouces \u00e0 collectionner s'inspirent de sc\u00e8nes embl\u00e9matiques du film et sont con\u00e7ues avec des sp\u00e9cifications et des d\u00e9tails qui refl\u00e8tent l'univers du film Transformers.<\/li>\n<li>AIRAZOR \u00c0 L'\u00c9CHELLE DE 4,5 POUCES : La figurine d'Airazor Transformers Studio Series 97 pour gar\u00e7ons et filles est hautement articul\u00e9e pour la posabilit\u00e9 et pr\u00e9sente des d\u00e9cors et des d\u00e9tails inspir\u00e9s du film.<\/li>\n<li>2 MODES ICONIQUES : Ce jouet Transformers pour gar\u00e7ons et filles de 8 ans permet de passer du mode robot au mode faucon p\u00e8lerin en 23 \u00e9tapes.<\/li>\n<li>DES ACCESSOIRES G\u00c9NIAUX : La figurine Transformers est livr\u00e9e avec 2 accessoires de blaster \u00e0 photons qui s'attachent \u00e0 la figurine Airazor dans les deux modes.<\/li>\n<li>TOILE DE FOND AMOVIBLE : La toile de fond amovible permet de pr\u00e9senter la figurine d'Airazor dans la sc\u00e8ne de d\u00e9couverte de la jungle p\u00e9ruvienne. Les fans peuvent utiliser la toile de fond et poser leurs figurines dans la sc\u00e8ne avec leur propre style.<\/li>\n<\/ul>\n<p>A partir de 8 ans<br \/>\nAvertissement : Risque d'\u00e9touffement - Petites pi\u00e8ces. Ne convient pas aux enfants de moins de 3 ans.<\/p>","protected":false},"excerpt":{"rendered":"<ul>\n<li>11 cm<\/li>\n<li>Classe Deluxe<\/li>\n<li>23 \u00c9tapes<\/li>\n<li>D\u00e9cor amovible<\/li>\n<\/ul>","protected":false},"featured_media":185888,"comment_status":"open","ping_status":"closed","template":"","meta":{"inline_featured_image":false},"product_brand":[],"product_cat":[1955,68,69,1960],"product_tag":[1759,1963,1964,335,1956,1957,240,203,1975,204,1961,1962,1994,2227],"giftcard-category":[],"class_list":{"0":"post-185857","1":"product","2":"type-product","3":"status-publish","4":"has-post-thumbnail","6":"product_cat-transformers","7":"product_cat-hasbro","8":"product_cat-takara-tomy","9":"product_cat-transformers-generations","10":"product_tag-action-toys","11":"product_tag-airazor","12":"product_tag-deluxe-class","13":"product_tag-hasbro","14":"product_tag-rise-of-the-beasts","15":"product_tag-rotb","16":"product_tag-studio-series","17":"product_tag-takara-tomy","18":"product_tag-toys-figures","19":"product_tag-transformers","20":"product_tag-transformers-authentic","21":"product_tag-transformers-generations","22":"product_tag-transformers-studio-series","23":"product_tag-transformers-rise-of-the-beasts","24":"product_shipping_class-light","26":"first","27":"outofstock","28":"taxable","29":"shipping-taxable","30":"purchasable","31":"product-type-simple","32":"add-to-wishlist-after_add_to_cart"},"yoast_head":"<!-- This site is optimized with the Yoast SEO Premium plugin v25.3.1 (Yoast SEO v27.2) - https:\/\/yoast.com\/product\/yoast-seo-premium-wordpress\/ -->\n<title>Transformers: Rise of the Beasts - Studio Series 97 - Deluxe Class Airazor<\/title>\n<meta name=\"robots\" content=\"index, follow, max-snippet:-1, max-image-preview:large, max-video-preview:-1\" \/>\n<link rel=\"canonical\" href=\"https:\/\/hobby4geek.com\/fr\/produit\/transformers-rise-of-the-beasts-studio-series-97-deluxe-class-airazor\/\" \/>\n<meta property=\"og:locale\" content=\"fr_FR\" \/>\n<meta property=\"og:type\" content=\"article\" \/>\n<meta property=\"og:title\" content=\"Transformers: Rise of the Beasts - Studio Series 97 - Deluxe Class Airazor\" \/>\n<meta property=\"og:description\" content=\"11 cm  Deluxe Class  23 Steps  Removable Decor\" \/>\n<meta property=\"og:url\" content=\"https:\/\/hobby4geek.com\/fr\/produit\/transformers-rise-of-the-beasts-studio-series-97-deluxe-class-airazor\/\" \/>\n<meta property=\"og:site_name\" content=\"Hobby4Geek\" \/>\n<meta property=\"article:publisher\" content=\"https:\/\/www.facebook.com\/hobby4geek\" \/>\n<meta property=\"article:modified_time\" content=\"2024-05-12T11:54:52+00:00\" \/>\n<meta property=\"og:image\" content=\"https:\/\/hobby4geek.com\/wp-content\/uploads\/2023\/03\/transformers-rise-of-the-beasts-studio-series-97-deluxe-class-airazor-5.webp\" \/>\n\t<meta property=\"og:image:width\" content=\"2000\" \/>\n\t<meta property=\"og:image:height\" content=\"2000\" \/>\n\t<meta property=\"og:image:type\" content=\"image\/webp\" \/>\n<meta name=\"twitter:card\" content=\"summary_large_image\" \/>\n<meta name=\"twitter:site\" content=\"@hobby4geek\" \/>\n<script type=\"application\/ld+json\" class=\"yoast-schema-graph\">{\"@context\":\"https:\/\/schema.org\",\"@graph\":[{\"@type\":\"WebPage\",\"@id\":\"https:\/\/hobby4geek.com\/es\/producto\/transformers-rise-of-the-beasts-studio-series-97-deluxe-class-airazor\/\",\"url\":\"https:\/\/hobby4geek.com\/es\/producto\/transformers-rise-of-the-beasts-studio-series-97-deluxe-class-airazor\/\",\"name\":\"Transformers: Rise of the Beasts - Studio Series 97 - Deluxe Class Airazor\",\"isPartOf\":{\"@id\":\"https:\/\/hobby4geek.com\/#website\"},\"primaryImageOfPage\":{\"@id\":\"https:\/\/hobby4geek.com\/es\/producto\/transformers-rise-of-the-beasts-studio-series-97-deluxe-class-airazor\/#primaryimage\"},\"image\":{\"@id\":\"https:\/\/hobby4geek.com\/es\/producto\/transformers-rise-of-the-beasts-studio-series-97-deluxe-class-airazor\/#primaryimage\"},\"thumbnailUrl\":\"https:\/\/hobby4geek.com\/wp-content\/uploads\/2023\/03\/transformers-rise-of-the-beasts-studio-series-97-deluxe-class-airazor-5.webp\",\"datePublished\":\"2023-08-19T16:02:13+00:00\",\"dateModified\":\"2024-05-12T11:54:52+00:00\",\"breadcrumb\":{\"@id\":\"https:\/\/hobby4geek.com\/es\/producto\/transformers-rise-of-the-beasts-studio-series-97-deluxe-class-airazor\/#breadcrumb\"},\"inLanguage\":\"fr-FR\",\"potentialAction\":[{\"@type\":\"ReadAction\",\"target\":[\"https:\/\/hobby4geek.com\/es\/producto\/transformers-rise-of-the-beasts-studio-series-97-deluxe-class-airazor\/\"]}]},{\"@type\":\"ImageObject\",\"inLanguage\":\"fr-FR\",\"@id\":\"https:\/\/hobby4geek.com\/es\/producto\/transformers-rise-of-the-beasts-studio-series-97-deluxe-class-airazor\/#primaryimage\",\"url\":\"https:\/\/hobby4geek.com\/wp-content\/uploads\/2023\/03\/transformers-rise-of-the-beasts-studio-series-97-deluxe-class-airazor-5.webp\",\"contentUrl\":\"https:\/\/hobby4geek.com\/wp-content\/uploads\/2023\/03\/transformers-rise-of-the-beasts-studio-series-97-deluxe-class-airazor-5.webp\",\"width\":2000,\"height\":2000},{\"@type\":\"BreadcrumbList\",\"@id\":\"https:\/\/hobby4geek.com\/es\/producto\/transformers-rise-of-the-beasts-studio-series-97-deluxe-class-airazor\/#breadcrumb\",\"itemListElement\":[{\"@type\":\"ListItem\",\"position\":1,\"name\":\"Home\",\"item\":\"https:\/\/hobby4geek.com\/\"},{\"@type\":\"ListItem\",\"position\":2,\"name\":\"Shop\",\"item\":\"https:\/\/hobby4geek.com\/shop\/\"},{\"@type\":\"ListItem\",\"position\":3,\"name\":\"Transformers: Rise of the Beasts &#8211; Studio Series 97 &#8211; Deluxe Class Airazor\"}]},{\"@type\":\"WebSite\",\"@id\":\"https:\/\/hobby4geek.com\/#website\",\"url\":\"https:\/\/hobby4geek.com\/\",\"name\":\"Hobby4Geek\",\"description\":\"Collect, Play &amp; Showcase, Embrace your Geekiness\",\"publisher\":{\"@id\":\"https:\/\/hobby4geek.com\/#organization\"},\"potentialAction\":[{\"@type\":\"SearchAction\",\"target\":{\"@type\":\"EntryPoint\",\"urlTemplate\":\"https:\/\/hobby4geek.com\/?s={search_term_string}\"},\"query-input\":{\"@type\":\"PropertyValueSpecification\",\"valueRequired\":true,\"valueName\":\"search_term_string\"}}],\"inLanguage\":\"fr-FR\"},{\"@type\":\"Organization\",\"@id\":\"https:\/\/hobby4geek.com\/#organization\",\"name\":\"Hobby4Geek\",\"url\":\"https:\/\/hobby4geek.com\/\",\"logo\":{\"@type\":\"ImageObject\",\"inLanguage\":\"fr-FR\",\"@id\":\"https:\/\/hobby4geek.com\/#\/schema\/logo\/image\/\",\"url\":\"https:\/\/hobby4geek.com\/wp-content\/uploads\/2023\/02\/default-kit.png\",\"contentUrl\":\"https:\/\/hobby4geek.com\/wp-content\/uploads\/2023\/02\/default-kit.png\",\"width\":600,\"height\":600,\"caption\":\"Hobby4Geek\"},\"image\":{\"@id\":\"https:\/\/hobby4geek.com\/#\/schema\/logo\/image\/\"},\"sameAs\":[\"https:\/\/www.facebook.com\/hobby4geek\",\"https:\/\/x.com\/hobby4geek\",\"https:\/\/www.instagram.com\/hobby4geek\/\"]}]}<\/script>\n<meta property=\"product:brand\" content=\"Transformers\" \/>\n<meta property=\"product:price:amount\" content=\"27.80\" \/>\n<meta property=\"product:price:currency\" content=\"EUR\" \/>\n<meta property=\"og:availability\" content=\"out of stock\" \/>\n<meta property=\"product:availability\" content=\"out of stock\" \/>\n<meta property=\"product:retailer_item_id\" content=\"5010996135506\" \/>\n<meta property=\"product:condition\" content=\"new\" \/>\n<!-- \/ Yoast SEO Premium plugin. -->","yoast_head_json":{"title":"Transformers : Rise of the Beasts - Studio Series 97 - Classe Deluxe Airazor","robots":{"index":"index","follow":"follow","max-snippet":"max-snippet:-1","max-image-preview":"max-image-preview:large","max-video-preview":"max-video-preview:-1"},"canonical":"https:\/\/hobby4geek.com\/fr\/produit\/transformers-rise-of-the-beasts-studio-series-97-deluxe-class-airazor\/","og_locale":"fr_FR","og_type":"article","og_title":"Transformers: Rise of the Beasts - Studio Series 97 - Deluxe Class Airazor","og_description":"11 cm  Deluxe Class  23 Steps  Removable Decor","og_url":"https:\/\/hobby4geek.com\/fr\/produit\/transformers-rise-of-the-beasts-studio-series-97-deluxe-class-airazor\/","og_site_name":"Hobby4Geek","article_publisher":"https:\/\/www.facebook.com\/hobby4geek","article_modified_time":"2024-05-12T11:54:52+00:00","og_image":[{"width":2000,"height":2000,"url":"https:\/\/hobby4geek.com\/wp-content\/uploads\/2023\/03\/transformers-rise-of-the-beasts-studio-series-97-deluxe-class-airazor-5.webp","type":"image\/webp"}],"twitter_card":"summary_large_image","twitter_site":"@hobby4geek","schema":{"@context":"https:\/\/schema.org","@graph":[{"@type":"WebPage","@id":"https:\/\/hobby4geek.com\/es\/producto\/transformers-rise-of-the-beasts-studio-series-97-deluxe-class-airazor\/","url":"https:\/\/hobby4geek.com\/es\/producto\/transformers-rise-of-the-beasts-studio-series-97-deluxe-class-airazor\/","name":"Transformers : Rise of the Beasts - Studio Series 97 - Classe Deluxe Airazor","isPartOf":{"@id":"https:\/\/hobby4geek.com\/#website"},"primaryImageOfPage":{"@id":"https:\/\/hobby4geek.com\/es\/producto\/transformers-rise-of-the-beasts-studio-series-97-deluxe-class-airazor\/#primaryimage"},"image":{"@id":"https:\/\/hobby4geek.com\/es\/producto\/transformers-rise-of-the-beasts-studio-series-97-deluxe-class-airazor\/#primaryimage"},"thumbnailUrl":"https:\/\/hobby4geek.com\/wp-content\/uploads\/2023\/03\/transformers-rise-of-the-beasts-studio-series-97-deluxe-class-airazor-5.webp","datePublished":"2023-08-19T16:02:13+00:00","dateModified":"2024-05-12T11:54:52+00:00","breadcrumb":{"@id":"https:\/\/hobby4geek.com\/es\/producto\/transformers-rise-of-the-beasts-studio-series-97-deluxe-class-airazor\/#breadcrumb"},"inLanguage":"fr-FR","potentialAction":[{"@type":"ReadAction","target":["https:\/\/hobby4geek.com\/es\/producto\/transformers-rise-of-the-beasts-studio-series-97-deluxe-class-airazor\/"]}]},{"@type":"ImageObject","inLanguage":"fr-FR","@id":"https:\/\/hobby4geek.com\/es\/producto\/transformers-rise-of-the-beasts-studio-series-97-deluxe-class-airazor\/#primaryimage","url":"https:\/\/hobby4geek.com\/wp-content\/uploads\/2023\/03\/transformers-rise-of-the-beasts-studio-series-97-deluxe-class-airazor-5.webp","contentUrl":"https:\/\/hobby4geek.com\/wp-content\/uploads\/2023\/03\/transformers-rise-of-the-beasts-studio-series-97-deluxe-class-airazor-5.webp","width":2000,"height":2000},{"@type":"BreadcrumbList","@id":"https:\/\/hobby4geek.com\/es\/producto\/transformers-rise-of-the-beasts-studio-series-97-deluxe-class-airazor\/#breadcrumb","itemListElement":[{"@type":"ListItem","position":1,"name":"Home","item":"https:\/\/hobby4geek.com\/"},{"@type":"ListItem","position":2,"name":"Shop","item":"https:\/\/hobby4geek.com\/shop\/"},{"@type":"ListItem","position":3,"name":"Transformers: Rise of the Beasts &#8211; Studio Series 97 &#8211; Deluxe Class Airazor"}]},{"@type":"WebSite","@id":"https:\/\/hobby4geek.com\/#website","url":"https:\/\/hobby4geek.com\/","name":"Hobby4Geek","description":"Collectionnez, jouez et exposez, embrassez votre geekitude","publisher":{"@id":"https:\/\/hobby4geek.com\/#organization"},"potentialAction":[{"@type":"SearchAction","target":{"@type":"EntryPoint","urlTemplate":"https:\/\/hobby4geek.com\/?s={search_term_string}"},"query-input":{"@type":"PropertyValueSpecification","valueRequired":true,"valueName":"search_term_string"}}],"inLanguage":"fr-FR"},{"@type":"Organization","@id":"https:\/\/hobby4geek.com\/#organization","name":"Hobby4Geek","url":"https:\/\/hobby4geek.com\/","logo":{"@type":"ImageObject","inLanguage":"fr-FR","@id":"https:\/\/hobby4geek.com\/#\/schema\/logo\/image\/","url":"https:\/\/hobby4geek.com\/wp-content\/uploads\/2023\/02\/default-kit.png","contentUrl":"https:\/\/hobby4geek.com\/wp-content\/uploads\/2023\/02\/default-kit.png","width":600,"height":600,"caption":"Hobby4Geek"},"image":{"@id":"https:\/\/hobby4geek.com\/#\/schema\/logo\/image\/"},"sameAs":["https:\/\/www.facebook.com\/hobby4geek","https:\/\/x.com\/hobby4geek","https:\/\/www.instagram.com\/hobby4geek\/"]}]},"product_brand":"Transformers","product_price_amount":"27.80","product_price_currency":"EUR","og_availability":"out of stock","product_availability":"out of stock","product_retailer_item_id":"5010996135506","product_condition":"new"},"_links":{"self":[{"href":"https:\/\/hobby4geek.com\/fr\/wp-json\/wp\/v2\/product\/185857","targetHints":{"allow":["GET"]}}],"collection":[{"href":"https:\/\/hobby4geek.com\/fr\/wp-json\/wp\/v2\/product"}],"about":[{"href":"https:\/\/hobby4geek.com\/fr\/wp-json\/wp\/v2\/types\/product"}],"replies":[{"embeddable":true,"href":"https:\/\/hobby4geek.com\/fr\/wp-json\/wp\/v2\/comments?post=185857"}],"version-history":[{"count":0,"href":"https:\/\/hobby4geek.com\/fr\/wp-json\/wp\/v2\/product\/185857\/revisions"}],"wp:featuredmedia":[{"embeddable":true,"href":"https:\/\/hobby4geek.com\/fr\/wp-json\/wp\/v2\/media\/185888"}],"wp:attachment":[{"href":"https:\/\/hobby4geek.com\/fr\/wp-json\/wp\/v2\/media?parent=185857"}],"wp:term":[{"taxonomy":"product_brand","embeddable":true,"href":"https:\/\/hobby4geek.com\/fr\/wp-json\/wp\/v2\/product_brand?post=185857"},{"taxonomy":"product_cat","embeddable":true,"href":"https:\/\/hobby4geek.com\/fr\/wp-json\/wp\/v2\/product_cat?post=185857"},{"taxonomy":"product_tag","embeddable":true,"href":"https:\/\/hobby4geek.com\/fr\/wp-json\/wp\/v2\/product_tag?post=185857"},{"taxonomy":"giftcard-category","embeddable":true,"href":"https:\/\/hobby4geek.com\/fr\/wp-json\/wp\/v2\/giftcard-category?post=185857"}],"curies":[{"name":"wp","href":"https:\/\/api.w.org\/{rel}","templated":true}]}}