{"id":178107,"date":"2023-02-16T20:35:53","date_gmt":"2023-02-16T20:35:53","guid":{"rendered":"https:\/\/hobby4geek.com\/?post_type=product&#038;p=178107"},"modified":"2024-05-27T08:21:47","modified_gmt":"2024-05-27T07:21:47","slug":"transformers-masterpiece-mp-57-cybertron-aviation-defense-skyfire","status":"publish","type":"product","link":"https:\/\/hobby4geek.com\/fr\/produit\/transformers-masterpiece-mp-57-cybertron-aviation-defense-skyfire\/","title":{"rendered":"Transformers Masterpiece MP-57 Cybertron Aviation Defense - Skyfire"},"content":{"rendered":"<p>Dans la gamme Transformer Masterpiece, Jetfire, qui \u00e9tait actif dans les premi\u00e8res animations Transformers, est maintenant disponible !<\/p>\n<p>Le MP-57 Skyfire est une reproduction compl\u00e8te du Jetfire actif dans l'anime \"The Transformers\". En plus du mode v\u00e9hicule (avion \u00e0 r\u00e9action) et du mode robot, le mode interm\u00e9diaire qui permet de passer du mode v\u00e9hicule au mode robot est \u00e9galement reproduit. Comme l'\u00e9chelle de base du Masterpiece est reproduite, la hauteur du robot est la plus \u00e9lev\u00e9e de la s\u00e9rie.<\/p>\n<p>Sont \u00e9galement inclus les mini Transformers Convoy, Meister et Wheeljack qui peuvent monter sur Skyfire en mode v\u00e9hicule. Recr\u00e9ez vos sc\u00e8nes pr\u00e9f\u00e9r\u00e9es de la s\u00e9rie ou cr\u00e9ez les v\u00f4tres !<\/p>\n<ul>\n<li>Hauteur : 13,8 pouces \/ 35 cm<\/li>\n<li>Mode alternatif : Jet<\/li>\n<li>Transformer un robot en avion \u00e0 r\u00e9action<\/li>\n<li>Bas\u00e9 sur la s\u00e9rie anim\u00e9e classique Transformers<\/li>\n<li>Les autres figurines repr\u00e9sent\u00e9es sont vendues s\u00e9par\u00e9ment<\/li>\n<li>Balance MP (Masterpiece)<\/li>\n<li>2 x t\u00eates alternatives : Rire et Surprise<\/li>\n<li>2 x panneaux de remplacement pour la poitrine<\/li>\n<li>1 canon<\/li>\n<li>1 x pi\u00e8ce d'effet<\/li>\n<li>1 x mini convoi<\/li>\n<li>1 x mini-ma\u00eetre<\/li>\n<li>1 x Mini Wheeljack<\/li>\n<li>2 x pi\u00e8ces de la base d'alimentation<\/li>\n<li>1 support<\/li>\n<li>1 x carte de personnage<\/li>\n<li>1 x fiche d'instructions<\/li>\n<\/ul>","protected":false},"excerpt":{"rendered":"<ul>\n<li>Hauteur : 13,8 pouces \/ 35 cm<\/li>\n<li>Mode alternatif : Jet<\/li>\n<li>Transformer un robot en avion \u00e0 r\u00e9action<\/li>\n<li>Bas\u00e9 sur la s\u00e9rie anim\u00e9e classique Transformers<\/li>\n<li>Les autres figurines repr\u00e9sent\u00e9es sont vendues s\u00e9par\u00e9ment<\/li>\n<li>Balance MP (Masterpiece)<\/li>\n<li>2 x t\u00eates alternatives : Rire et Surprise<\/li>\n<li>2 x panneaux de remplacement pour la poitrine<\/li>\n<li>1 canon<\/li>\n<li>1 x pi\u00e8ce d'effet<\/li>\n<li>1 x mini convoi<\/li>\n<li>1 x mini-ma\u00eetre<\/li>\n<li>1 x Mini Wheeljack<\/li>\n<li>2 x pi\u00e8ces de la base d'alimentation<\/li>\n<li>1 support<\/li>\n<li>1 x carte de personnage<\/li>\n<li>1 x fiche d'instructions<\/li>\n<\/ul>","protected":false},"featured_media":184537,"comment_status":"open","ping_status":"closed","template":"","meta":{"inline_featured_image":false},"product_brand":[],"product_cat":[1955,68,69],"product_tag":[1759,199,1927,364,230,436,1975,204],"giftcard-category":[],"class_list":{"0":"post-178107","1":"product","2":"type-product","3":"status-publish","4":"has-post-thumbnail","6":"product_cat-transformers","7":"product_cat-hasbro","8":"product_cat-takara-tomy","9":"product_tag-action-toys","10":"product_tag-autobot","11":"product_tag-cybertron-aviation-defense","12":"product_tag-jetfire","13":"product_tag-masterpiece","14":"product_tag-skyfire","15":"product_tag-toys-figures","16":"product_tag-transformers","17":"product_shipping_class-free-shipping","18":"inventories-china-inventory","20":"first","21":"instock","22":"taxable","23":"shipping-taxable","24":"purchasable","25":"product-type-simple","26":"add-to-wishlist-after_add_to_cart"},"yoast_head":"<!-- This site is optimized with the Yoast SEO Premium plugin v25.3.1 (Yoast SEO v27.2) - https:\/\/yoast.com\/product\/yoast-seo-premium-wordpress\/ -->\n<title>Transformers Masterpiece MP-57 Cybertron Aviation Defense - Skyfire<\/title>\n<meta name=\"robots\" content=\"index, follow, max-snippet:-1, max-image-preview:large, max-video-preview:-1\" \/>\n<link rel=\"canonical\" href=\"https:\/\/hobby4geek.com\/fr\/produit\/transformers-masterpiece-mp-57-cybertron-aviation-defense-skyfire\/\" \/>\n<meta property=\"og:locale\" content=\"fr_FR\" \/>\n<meta property=\"og:type\" content=\"article\" \/>\n<meta property=\"og:title\" content=\"Transformers Masterpiece MP-57 Cybertron Aviation Defense - Skyfire\" \/>\n<meta property=\"og:description\" content=\"Height: 13.8 inches \/ 35 cm  Alternate Mode: Jet  Transforms from robot to jet  Based on the classic Transformers animated series  Other figures shown sold separately  MP Scale (Masterpiece)  2 x alternative heads : Laughing and Surprise  2 x replacement chest panels  1 cannon  1 x effect piece  1 x mini convoy  1 x mini master  1 x Mini Wheeljack  2 x power base parts  1 stand  1 x character card  1 x instruction sheet\" \/>\n<meta property=\"og:url\" content=\"https:\/\/hobby4geek.com\/fr\/produit\/transformers-masterpiece-mp-57-cybertron-aviation-defense-skyfire\/\" \/>\n<meta property=\"og:site_name\" content=\"Hobby4Geek\" \/>\n<meta property=\"article:publisher\" content=\"https:\/\/www.facebook.com\/hobby4geek\" \/>\n<meta property=\"article:modified_time\" content=\"2024-05-27T07:21:47+00:00\" \/>\n<meta property=\"og:image\" content=\"https:\/\/hobby4geek.com\/wp-content\/uploads\/2023\/02\/transformers-masterpiece-mp-57-cybertron-aviation-defense-skyfire.webp\" \/>\n\t<meta property=\"og:image:width\" content=\"560\" \/>\n\t<meta property=\"og:image:height\" content=\"700\" \/>\n\t<meta property=\"og:image:type\" content=\"image\/webp\" \/>\n<meta name=\"twitter:card\" content=\"summary_large_image\" \/>\n<meta name=\"twitter:site\" content=\"@hobby4geek\" \/>\n<script type=\"application\/ld+json\" class=\"yoast-schema-graph\">{\"@context\":\"https:\/\/schema.org\",\"@graph\":[{\"@type\":\"WebPage\",\"@id\":\"https:\/\/hobby4geek.com\/product\/transformers-masterpiece-mp-57-cybertron-aviation-defense-skyfire\/\",\"url\":\"https:\/\/hobby4geek.com\/product\/transformers-masterpiece-mp-57-cybertron-aviation-defense-skyfire\/\",\"name\":\"Transformers Masterpiece MP-57 Cybertron Aviation Defense - Skyfire\",\"isPartOf\":{\"@id\":\"https:\/\/hobby4geek.com\/#website\"},\"primaryImageOfPage\":{\"@id\":\"https:\/\/hobby4geek.com\/product\/transformers-masterpiece-mp-57-cybertron-aviation-defense-skyfire\/#primaryimage\"},\"image\":{\"@id\":\"https:\/\/hobby4geek.com\/product\/transformers-masterpiece-mp-57-cybertron-aviation-defense-skyfire\/#primaryimage\"},\"thumbnailUrl\":\"https:\/\/hobby4geek.com\/wp-content\/uploads\/2023\/02\/transformers-masterpiece-mp-57-cybertron-aviation-defense-skyfire.webp\",\"datePublished\":\"2023-02-16T20:35:53+00:00\",\"dateModified\":\"2024-05-27T07:21:47+00:00\",\"breadcrumb\":{\"@id\":\"https:\/\/hobby4geek.com\/product\/transformers-masterpiece-mp-57-cybertron-aviation-defense-skyfire\/#breadcrumb\"},\"inLanguage\":\"fr-FR\",\"potentialAction\":[{\"@type\":\"ReadAction\",\"target\":[\"https:\/\/hobby4geek.com\/product\/transformers-masterpiece-mp-57-cybertron-aviation-defense-skyfire\/\"]}]},{\"@type\":\"ImageObject\",\"inLanguage\":\"fr-FR\",\"@id\":\"https:\/\/hobby4geek.com\/product\/transformers-masterpiece-mp-57-cybertron-aviation-defense-skyfire\/#primaryimage\",\"url\":\"https:\/\/hobby4geek.com\/wp-content\/uploads\/2023\/02\/transformers-masterpiece-mp-57-cybertron-aviation-defense-skyfire.webp\",\"contentUrl\":\"https:\/\/hobby4geek.com\/wp-content\/uploads\/2023\/02\/transformers-masterpiece-mp-57-cybertron-aviation-defense-skyfire.webp\",\"width\":560,\"height\":700},{\"@type\":\"BreadcrumbList\",\"@id\":\"https:\/\/hobby4geek.com\/product\/transformers-masterpiece-mp-57-cybertron-aviation-defense-skyfire\/#breadcrumb\",\"itemListElement\":[{\"@type\":\"ListItem\",\"position\":1,\"name\":\"Home\",\"item\":\"https:\/\/hobby4geek.com\/\"},{\"@type\":\"ListItem\",\"position\":2,\"name\":\"Shop\",\"item\":\"https:\/\/hobby4geek.com\/shop\/\"},{\"@type\":\"ListItem\",\"position\":3,\"name\":\"Transformers Masterpiece MP-57 Cybertron Aviation Defense &#8211; Skyfire\"}]},{\"@type\":\"WebSite\",\"@id\":\"https:\/\/hobby4geek.com\/#website\",\"url\":\"https:\/\/hobby4geek.com\/\",\"name\":\"Hobby4Geek\",\"description\":\"Collect, Play &amp; Showcase, Embrace your Geekiness\",\"publisher\":{\"@id\":\"https:\/\/hobby4geek.com\/#organization\"},\"potentialAction\":[{\"@type\":\"SearchAction\",\"target\":{\"@type\":\"EntryPoint\",\"urlTemplate\":\"https:\/\/hobby4geek.com\/?s={search_term_string}\"},\"query-input\":{\"@type\":\"PropertyValueSpecification\",\"valueRequired\":true,\"valueName\":\"search_term_string\"}}],\"inLanguage\":\"fr-FR\"},{\"@type\":\"Organization\",\"@id\":\"https:\/\/hobby4geek.com\/#organization\",\"name\":\"Hobby4Geek\",\"url\":\"https:\/\/hobby4geek.com\/\",\"logo\":{\"@type\":\"ImageObject\",\"inLanguage\":\"fr-FR\",\"@id\":\"https:\/\/hobby4geek.com\/#\/schema\/logo\/image\/\",\"url\":\"https:\/\/hobby4geek.com\/wp-content\/uploads\/2023\/02\/default-kit.png\",\"contentUrl\":\"https:\/\/hobby4geek.com\/wp-content\/uploads\/2023\/02\/default-kit.png\",\"width\":600,\"height\":600,\"caption\":\"Hobby4Geek\"},\"image\":{\"@id\":\"https:\/\/hobby4geek.com\/#\/schema\/logo\/image\/\"},\"sameAs\":[\"https:\/\/www.facebook.com\/hobby4geek\",\"https:\/\/x.com\/hobby4geek\",\"https:\/\/www.instagram.com\/hobby4geek\/\"]}]}<\/script>\n<meta property=\"product:brand\" content=\"Transformers\" \/>\n<meta property=\"product:price:amount\" content=\"319.00\" \/>\n<meta property=\"product:price:currency\" content=\"EUR\" \/>\n<meta property=\"og:availability\" content=\"instock\" \/>\n<meta property=\"product:availability\" content=\"instock\" \/>\n<meta property=\"product:condition\" content=\"new\" \/>\n<!-- \/ Yoast SEO Premium plugin. -->","yoast_head_json":{"title":"Transformers Masterpiece MP-57 Cybertron Aviation Defense - Skyfire","robots":{"index":"index","follow":"follow","max-snippet":"max-snippet:-1","max-image-preview":"max-image-preview:large","max-video-preview":"max-video-preview:-1"},"canonical":"https:\/\/hobby4geek.com\/fr\/produit\/transformers-masterpiece-mp-57-cybertron-aviation-defense-skyfire\/","og_locale":"fr_FR","og_type":"article","og_title":"Transformers Masterpiece MP-57 Cybertron Aviation Defense - Skyfire","og_description":"Height: 13.8 inches \/ 35 cm  Alternate Mode: Jet  Transforms from robot to jet  Based on the classic Transformers animated series  Other figures shown sold separately  MP Scale (Masterpiece)  2 x alternative heads : Laughing and Surprise  2 x replacement chest panels  1 cannon  1 x effect piece  1 x mini convoy  1 x mini master  1 x Mini Wheeljack  2 x power base parts  1 stand  1 x character card  1 x instruction sheet","og_url":"https:\/\/hobby4geek.com\/fr\/produit\/transformers-masterpiece-mp-57-cybertron-aviation-defense-skyfire\/","og_site_name":"Hobby4Geek","article_publisher":"https:\/\/www.facebook.com\/hobby4geek","article_modified_time":"2024-05-27T07:21:47+00:00","og_image":[{"width":560,"height":700,"url":"https:\/\/hobby4geek.com\/wp-content\/uploads\/2023\/02\/transformers-masterpiece-mp-57-cybertron-aviation-defense-skyfire.webp","type":"image\/webp"}],"twitter_card":"summary_large_image","twitter_site":"@hobby4geek","schema":{"@context":"https:\/\/schema.org","@graph":[{"@type":"WebPage","@id":"https:\/\/hobby4geek.com\/product\/transformers-masterpiece-mp-57-cybertron-aviation-defense-skyfire\/","url":"https:\/\/hobby4geek.com\/product\/transformers-masterpiece-mp-57-cybertron-aviation-defense-skyfire\/","name":"Transformers Masterpiece MP-57 Cybertron Aviation Defense - Skyfire","isPartOf":{"@id":"https:\/\/hobby4geek.com\/#website"},"primaryImageOfPage":{"@id":"https:\/\/hobby4geek.com\/product\/transformers-masterpiece-mp-57-cybertron-aviation-defense-skyfire\/#primaryimage"},"image":{"@id":"https:\/\/hobby4geek.com\/product\/transformers-masterpiece-mp-57-cybertron-aviation-defense-skyfire\/#primaryimage"},"thumbnailUrl":"https:\/\/hobby4geek.com\/wp-content\/uploads\/2023\/02\/transformers-masterpiece-mp-57-cybertron-aviation-defense-skyfire.webp","datePublished":"2023-02-16T20:35:53+00:00","dateModified":"2024-05-27T07:21:47+00:00","breadcrumb":{"@id":"https:\/\/hobby4geek.com\/product\/transformers-masterpiece-mp-57-cybertron-aviation-defense-skyfire\/#breadcrumb"},"inLanguage":"fr-FR","potentialAction":[{"@type":"ReadAction","target":["https:\/\/hobby4geek.com\/product\/transformers-masterpiece-mp-57-cybertron-aviation-defense-skyfire\/"]}]},{"@type":"ImageObject","inLanguage":"fr-FR","@id":"https:\/\/hobby4geek.com\/product\/transformers-masterpiece-mp-57-cybertron-aviation-defense-skyfire\/#primaryimage","url":"https:\/\/hobby4geek.com\/wp-content\/uploads\/2023\/02\/transformers-masterpiece-mp-57-cybertron-aviation-defense-skyfire.webp","contentUrl":"https:\/\/hobby4geek.com\/wp-content\/uploads\/2023\/02\/transformers-masterpiece-mp-57-cybertron-aviation-defense-skyfire.webp","width":560,"height":700},{"@type":"BreadcrumbList","@id":"https:\/\/hobby4geek.com\/product\/transformers-masterpiece-mp-57-cybertron-aviation-defense-skyfire\/#breadcrumb","itemListElement":[{"@type":"ListItem","position":1,"name":"Home","item":"https:\/\/hobby4geek.com\/"},{"@type":"ListItem","position":2,"name":"Shop","item":"https:\/\/hobby4geek.com\/shop\/"},{"@type":"ListItem","position":3,"name":"Transformers Masterpiece MP-57 Cybertron Aviation Defense &#8211; Skyfire"}]},{"@type":"WebSite","@id":"https:\/\/hobby4geek.com\/#website","url":"https:\/\/hobby4geek.com\/","name":"Hobby4Geek","description":"Collectionnez, jouez et exposez, embrassez votre geekitude","publisher":{"@id":"https:\/\/hobby4geek.com\/#organization"},"potentialAction":[{"@type":"SearchAction","target":{"@type":"EntryPoint","urlTemplate":"https:\/\/hobby4geek.com\/?s={search_term_string}"},"query-input":{"@type":"PropertyValueSpecification","valueRequired":true,"valueName":"search_term_string"}}],"inLanguage":"fr-FR"},{"@type":"Organization","@id":"https:\/\/hobby4geek.com\/#organization","name":"Hobby4Geek","url":"https:\/\/hobby4geek.com\/","logo":{"@type":"ImageObject","inLanguage":"fr-FR","@id":"https:\/\/hobby4geek.com\/#\/schema\/logo\/image\/","url":"https:\/\/hobby4geek.com\/wp-content\/uploads\/2023\/02\/default-kit.png","contentUrl":"https:\/\/hobby4geek.com\/wp-content\/uploads\/2023\/02\/default-kit.png","width":600,"height":600,"caption":"Hobby4Geek"},"image":{"@id":"https:\/\/hobby4geek.com\/#\/schema\/logo\/image\/"},"sameAs":["https:\/\/www.facebook.com\/hobby4geek","https:\/\/x.com\/hobby4geek","https:\/\/www.instagram.com\/hobby4geek\/"]}]},"product_brand":"Transformers","product_price_amount":"319.00","product_price_currency":"EUR","og_availability":"instock","product_availability":"instock","product_condition":"new"},"_links":{"self":[{"href":"https:\/\/hobby4geek.com\/fr\/wp-json\/wp\/v2\/product\/178107","targetHints":{"allow":["GET"]}}],"collection":[{"href":"https:\/\/hobby4geek.com\/fr\/wp-json\/wp\/v2\/product"}],"about":[{"href":"https:\/\/hobby4geek.com\/fr\/wp-json\/wp\/v2\/types\/product"}],"replies":[{"embeddable":true,"href":"https:\/\/hobby4geek.com\/fr\/wp-json\/wp\/v2\/comments?post=178107"}],"version-history":[{"count":0,"href":"https:\/\/hobby4geek.com\/fr\/wp-json\/wp\/v2\/product\/178107\/revisions"}],"wp:featuredmedia":[{"embeddable":true,"href":"https:\/\/hobby4geek.com\/fr\/wp-json\/wp\/v2\/media\/184537"}],"wp:attachment":[{"href":"https:\/\/hobby4geek.com\/fr\/wp-json\/wp\/v2\/media?parent=178107"}],"wp:term":[{"taxonomy":"product_brand","embeddable":true,"href":"https:\/\/hobby4geek.com\/fr\/wp-json\/wp\/v2\/product_brand?post=178107"},{"taxonomy":"product_cat","embeddable":true,"href":"https:\/\/hobby4geek.com\/fr\/wp-json\/wp\/v2\/product_cat?post=178107"},{"taxonomy":"product_tag","embeddable":true,"href":"https:\/\/hobby4geek.com\/fr\/wp-json\/wp\/v2\/product_tag?post=178107"},{"taxonomy":"giftcard-category","embeddable":true,"href":"https:\/\/hobby4geek.com\/fr\/wp-json\/wp\/v2\/giftcard-category?post=178107"}],"curies":[{"name":"wp","href":"https:\/\/api.w.org\/{rel}","templated":true}]}}