{"id":1764,"date":"2019-05-19T00:44:06","date_gmt":"2019-05-18T23:44:06","guid":{"rendered":"https:\/\/hobby4geek.com\/?post_type=product&#038;p=1764"},"modified":"2024-05-12T12:56:39","modified_gmt":"2024-05-12T11:56:39","slug":"3a-transformers-blitzwing-dlx-collectible-series","status":"publish","type":"product","link":"https:\/\/hobby4geek.com\/fr\/produit\/3a-transformers-blitzwing-dlx-collectible-series\/","title":{"rendered":"3A - Transformers Blitzwing - S\u00e9rie DLX \u00e0 collectionner"},"content":{"rendered":"<p>Hasbro et 3A sont fiers de pr\u00e9senter le m\u00e9chant Decepticon Blitzwing comme le prochain personnage de la s\u00e9rie de figurines \u00e0 collectionner Transformers DLX !<\/p>\n<p>Chaque figurine de collection \u00e0 l'\u00e9chelle DLX pr\u00e9sente des sculptures tr\u00e8s d\u00e9taill\u00e9es, un large \u00e9ventail d'articulations, des d\u00e9tails \u00e9clair\u00e9s par LED, des pi\u00e8ces en m\u00e9tal moul\u00e9 sous pression et la peinture r\u00e9sistante aux intemp\u00e9ries qui a fait la r\u00e9putation de 3A et 3Zero - le tout \u00e0 une plus petite \u00e9chelle !<\/p>\n<p>Le Blitzwing DLX mesure 10,6 pouces et pr\u00e9sente des d\u00e9tails fid\u00e8les \u00e0 l'\u00e9cran, 51 points d'articulation, des yeux \u00e9clair\u00e9s par LED et des pi\u00e8ces en m\u00e9tal moul\u00e9 sous pression ! Blitzwing est enti\u00e8rement \u00e9quip\u00e9 pour chasser et rechercher Bumblebee gr\u00e2ce \u00e0 son blaster \u00e0 rayons nuls interchangeable et \u00e0 sa lame \u00e0 pointes \u00e9lectroniques extr\u00eamement pr\u00e9cise et chirurgicale !<\/p>\n<ul>\n<li>Licence officielle de Hasbro et TakaraTomy<\/li>\n<li>Hauteur d'environ 26,97 cm (10,6 pouces)<\/li>\n<li>51 points d'articulation<\/li>\n<li>Yeux \u00e0 lumi\u00e8re LED<\/li>\n<li>Pi\u00e8ces m\u00e9talliques moul\u00e9es sous pression<\/li>\n<\/ul>\n<p><strong>Comprendre :<\/strong><\/p>\n<ul>\n<li>Figurine Blitzwing<\/li>\n<li>Bras droit interchangeable avec blaster \u00e0 rayon z\u00e9ro<\/li>\n<li>Bras droit standard<\/li>\n<li>Main gauche interchangeable avec lame \u00e0 pointe \u00e9lectronique<\/li>\n<li>3 paires de mains interchangeables (poings, mains d\u00e9tendues, action)<\/li>\n<li>Socle d'action avec base<\/li>\n<\/ul>\n<p><strong>Mat\u00e9riau utilis\u00e9 \/ Informations sur le produit :<\/strong><\/p>\n<ul>\n<li>Mat\u00e9riau - ABS, PVC, POM, ZINC ALLOY<\/li>\n<li>Aimant - N\/A<\/li>\n<li>Pile - AG-13 x 2 (non incluse) (piles non incluses)<\/li>\n<\/ul>","protected":false},"excerpt":{"rendered":"<ul>\n<li>Licence officielle de Hasbro et TakaraTomy<\/li>\n<li>Hauteur d'environ 26,97 cm (10,6 pouces)<\/li>\n<li>51 points d'articulation<\/li>\n<li>Yeux \u00e0 lumi\u00e8re LED<\/li>\n<li>Pi\u00e8ces m\u00e9talliques moul\u00e9es sous pression<\/li>\n<\/ul>","protected":false},"featured_media":178545,"comment_status":"open","ping_status":"closed","template":"","meta":{"inline_featured_image":false},"product_brand":[],"product_cat":[1955,68,90],"product_tag":[332,368,224,1976,221,333,334,335,1936,265,337,204,2453],"giftcard-category":[],"class_list":{"0":"post-1764","1":"product","2":"type-product","3":"status-publish","4":"has-post-thumbnail","6":"product_cat-transformers","7":"product_cat-hasbro","8":"product_cat-threezero","9":"product_tag-3a","10":"product_tag-blitzwing","11":"product_tag-bumblebee","12":"product_tag-collector-figures","13":"product_tag-decepticon","14":"product_tag-dlx-collectible-series","15":"product_tag-film","16":"product_tag-hasbro","17":"product_tag-models-co","18":"product_tag-pre-orders","19":"product_tag-threea","20":"product_tag-transformers","21":"product_tag-transformers-x-threezero","22":"product_shipping_class-from-china","24":"first","25":"outofstock","26":"taxable","27":"shipping-taxable","28":"purchasable","29":"product-type-simple","30":"add-to-wishlist-after_add_to_cart"},"yoast_head":"<!-- This site is optimized with the Yoast SEO Premium plugin v25.3.1 (Yoast SEO v27.2) - https:\/\/yoast.com\/product\/yoast-seo-premium-wordpress\/ -->\n<title>3A - Transformers Blitzwing - DLX Collectible Series<\/title>\n<meta name=\"robots\" content=\"index, follow, max-snippet:-1, max-image-preview:large, max-video-preview:-1\" \/>\n<link rel=\"canonical\" href=\"https:\/\/hobby4geek.com\/fr\/produit\/3a-transformers-blitzwing-dlx-collectible-series\/\" \/>\n<meta property=\"og:locale\" content=\"fr_FR\" \/>\n<meta property=\"og:type\" content=\"article\" \/>\n<meta property=\"og:title\" content=\"3A - Transformers Blitzwing - DLX Collectible Series\" \/>\n<meta property=\"og:description\" content=\"Official license from Hasbro and TakaraTomy  Height about 26.97 cm (10.6 inches)  51 points of articulation  LED light eyes  Die-cast metal parts\" \/>\n<meta property=\"og:url\" content=\"https:\/\/hobby4geek.com\/fr\/produit\/3a-transformers-blitzwing-dlx-collectible-series\/\" \/>\n<meta property=\"og:site_name\" content=\"Hobby4Geek\" \/>\n<meta property=\"article:publisher\" content=\"https:\/\/www.facebook.com\/hobby4geek\" \/>\n<meta property=\"article:modified_time\" content=\"2024-05-12T11:56:39+00:00\" \/>\n<meta property=\"og:image\" content=\"https:\/\/hobby4geek.com\/wp-content\/uploads\/2023\/02\/3a-transformers-blitzwing-dlx-collectible-series-12.jpg\" \/>\n\t<meta property=\"og:image:width\" content=\"800\" \/>\n\t<meta property=\"og:image:height\" content=\"800\" \/>\n\t<meta property=\"og:image:type\" content=\"image\/jpeg\" \/>\n<meta name=\"twitter:card\" content=\"summary_large_image\" \/>\n<meta name=\"twitter:site\" content=\"@hobby4geek\" \/>\n<script type=\"application\/ld+json\" class=\"yoast-schema-graph\">{\"@context\":\"https:\/\/schema.org\",\"@graph\":[{\"@type\":\"WebPage\",\"@id\":\"https:\/\/hobby4geek.com\/it\/prodotto\/3a-transformers-blitzwing-dlx-serie-da-collezione\/\",\"url\":\"https:\/\/hobby4geek.com\/it\/prodotto\/3a-transformers-blitzwing-dlx-serie-da-collezione\/\",\"name\":\"3A - Transformers Blitzwing - DLX Collectible Series\",\"isPartOf\":{\"@id\":\"https:\/\/hobby4geek.com\/#website\"},\"primaryImageOfPage\":{\"@id\":\"https:\/\/hobby4geek.com\/it\/prodotto\/3a-transformers-blitzwing-dlx-serie-da-collezione\/#primaryimage\"},\"image\":{\"@id\":\"https:\/\/hobby4geek.com\/it\/prodotto\/3a-transformers-blitzwing-dlx-serie-da-collezione\/#primaryimage\"},\"thumbnailUrl\":\"https:\/\/hobby4geek.com\/wp-content\/uploads\/2023\/02\/3a-transformers-blitzwing-dlx-collectible-series-12.jpg\",\"datePublished\":\"2019-05-18T23:44:06+00:00\",\"dateModified\":\"2024-05-12T11:56:39+00:00\",\"breadcrumb\":{\"@id\":\"https:\/\/hobby4geek.com\/it\/prodotto\/3a-transformers-blitzwing-dlx-serie-da-collezione\/#breadcrumb\"},\"inLanguage\":\"fr-FR\",\"potentialAction\":[{\"@type\":\"ReadAction\",\"target\":[\"https:\/\/hobby4geek.com\/it\/prodotto\/3a-transformers-blitzwing-dlx-serie-da-collezione\/\"]}]},{\"@type\":\"ImageObject\",\"inLanguage\":\"fr-FR\",\"@id\":\"https:\/\/hobby4geek.com\/it\/prodotto\/3a-transformers-blitzwing-dlx-serie-da-collezione\/#primaryimage\",\"url\":\"https:\/\/hobby4geek.com\/wp-content\/uploads\/2023\/02\/3a-transformers-blitzwing-dlx-collectible-series-12.jpg\",\"contentUrl\":\"https:\/\/hobby4geek.com\/wp-content\/uploads\/2023\/02\/3a-transformers-blitzwing-dlx-collectible-series-12.jpg\",\"width\":800,\"height\":800},{\"@type\":\"BreadcrumbList\",\"@id\":\"https:\/\/hobby4geek.com\/it\/prodotto\/3a-transformers-blitzwing-dlx-serie-da-collezione\/#breadcrumb\",\"itemListElement\":[{\"@type\":\"ListItem\",\"position\":1,\"name\":\"Home\",\"item\":\"https:\/\/hobby4geek.com\/\"},{\"@type\":\"ListItem\",\"position\":2,\"name\":\"Shop\",\"item\":\"https:\/\/hobby4geek.com\/shop\/\"},{\"@type\":\"ListItem\",\"position\":3,\"name\":\"3A &#8211; Transformers Blitzwing &#8211; DLX Collectible Series\"}]},{\"@type\":\"WebSite\",\"@id\":\"https:\/\/hobby4geek.com\/#website\",\"url\":\"https:\/\/hobby4geek.com\/\",\"name\":\"Hobby4Geek\",\"description\":\"Collect, Play &amp; Showcase, Embrace your Geekiness\",\"publisher\":{\"@id\":\"https:\/\/hobby4geek.com\/#organization\"},\"potentialAction\":[{\"@type\":\"SearchAction\",\"target\":{\"@type\":\"EntryPoint\",\"urlTemplate\":\"https:\/\/hobby4geek.com\/?s={search_term_string}\"},\"query-input\":{\"@type\":\"PropertyValueSpecification\",\"valueRequired\":true,\"valueName\":\"search_term_string\"}}],\"inLanguage\":\"fr-FR\"},{\"@type\":\"Organization\",\"@id\":\"https:\/\/hobby4geek.com\/#organization\",\"name\":\"Hobby4Geek\",\"url\":\"https:\/\/hobby4geek.com\/\",\"logo\":{\"@type\":\"ImageObject\",\"inLanguage\":\"fr-FR\",\"@id\":\"https:\/\/hobby4geek.com\/#\/schema\/logo\/image\/\",\"url\":\"https:\/\/hobby4geek.com\/wp-content\/uploads\/2023\/02\/default-kit.png\",\"contentUrl\":\"https:\/\/hobby4geek.com\/wp-content\/uploads\/2023\/02\/default-kit.png\",\"width\":600,\"height\":600,\"caption\":\"Hobby4Geek\"},\"image\":{\"@id\":\"https:\/\/hobby4geek.com\/#\/schema\/logo\/image\/\"},\"sameAs\":[\"https:\/\/www.facebook.com\/hobby4geek\",\"https:\/\/x.com\/hobby4geek\",\"https:\/\/www.instagram.com\/hobby4geek\/\"]}]}<\/script>\n<meta property=\"product:brand\" content=\"Transformers\" \/>\n<meta property=\"product:price:amount\" content=\"264.98\" \/>\n<meta property=\"product:price:currency\" content=\"EUR\" \/>\n<meta property=\"og:availability\" content=\"out of stock\" \/>\n<meta property=\"product:availability\" content=\"out of stock\" \/>\n<meta property=\"product:condition\" content=\"new\" \/>\n<!-- \/ Yoast SEO Premium plugin. -->","yoast_head_json":{"title":"3A - Transformers Blitzwing - S\u00e9rie DLX \u00e0 collectionner","robots":{"index":"index","follow":"follow","max-snippet":"max-snippet:-1","max-image-preview":"max-image-preview:large","max-video-preview":"max-video-preview:-1"},"canonical":"https:\/\/hobby4geek.com\/fr\/produit\/3a-transformers-blitzwing-dlx-collectible-series\/","og_locale":"fr_FR","og_type":"article","og_title":"3A - Transformers Blitzwing - DLX Collectible Series","og_description":"Official license from Hasbro and TakaraTomy  Height about 26.97 cm (10.6 inches)  51 points of articulation  LED light eyes  Die-cast metal parts","og_url":"https:\/\/hobby4geek.com\/fr\/produit\/3a-transformers-blitzwing-dlx-collectible-series\/","og_site_name":"Hobby4Geek","article_publisher":"https:\/\/www.facebook.com\/hobby4geek","article_modified_time":"2024-05-12T11:56:39+00:00","og_image":[{"width":800,"height":800,"url":"https:\/\/hobby4geek.com\/wp-content\/uploads\/2023\/02\/3a-transformers-blitzwing-dlx-collectible-series-12.jpg","type":"image\/jpeg"}],"twitter_card":"summary_large_image","twitter_site":"@hobby4geek","schema":{"@context":"https:\/\/schema.org","@graph":[{"@type":"WebPage","@id":"https:\/\/hobby4geek.com\/it\/prodotto\/3a-transformers-blitzwing-dlx-serie-da-collezione\/","url":"https:\/\/hobby4geek.com\/it\/prodotto\/3a-transformers-blitzwing-dlx-serie-da-collezione\/","name":"3A - Transformers Blitzwing - S\u00e9rie DLX \u00e0 collectionner","isPartOf":{"@id":"https:\/\/hobby4geek.com\/#website"},"primaryImageOfPage":{"@id":"https:\/\/hobby4geek.com\/it\/prodotto\/3a-transformers-blitzwing-dlx-serie-da-collezione\/#primaryimage"},"image":{"@id":"https:\/\/hobby4geek.com\/it\/prodotto\/3a-transformers-blitzwing-dlx-serie-da-collezione\/#primaryimage"},"thumbnailUrl":"https:\/\/hobby4geek.com\/wp-content\/uploads\/2023\/02\/3a-transformers-blitzwing-dlx-collectible-series-12.jpg","datePublished":"2019-05-18T23:44:06+00:00","dateModified":"2024-05-12T11:56:39+00:00","breadcrumb":{"@id":"https:\/\/hobby4geek.com\/it\/prodotto\/3a-transformers-blitzwing-dlx-serie-da-collezione\/#breadcrumb"},"inLanguage":"fr-FR","potentialAction":[{"@type":"ReadAction","target":["https:\/\/hobby4geek.com\/it\/prodotto\/3a-transformers-blitzwing-dlx-serie-da-collezione\/"]}]},{"@type":"ImageObject","inLanguage":"fr-FR","@id":"https:\/\/hobby4geek.com\/it\/prodotto\/3a-transformers-blitzwing-dlx-serie-da-collezione\/#primaryimage","url":"https:\/\/hobby4geek.com\/wp-content\/uploads\/2023\/02\/3a-transformers-blitzwing-dlx-collectible-series-12.jpg","contentUrl":"https:\/\/hobby4geek.com\/wp-content\/uploads\/2023\/02\/3a-transformers-blitzwing-dlx-collectible-series-12.jpg","width":800,"height":800},{"@type":"BreadcrumbList","@id":"https:\/\/hobby4geek.com\/it\/prodotto\/3a-transformers-blitzwing-dlx-serie-da-collezione\/#breadcrumb","itemListElement":[{"@type":"ListItem","position":1,"name":"Home","item":"https:\/\/hobby4geek.com\/"},{"@type":"ListItem","position":2,"name":"Shop","item":"https:\/\/hobby4geek.com\/shop\/"},{"@type":"ListItem","position":3,"name":"3A &#8211; Transformers Blitzwing &#8211; DLX Collectible Series"}]},{"@type":"WebSite","@id":"https:\/\/hobby4geek.com\/#website","url":"https:\/\/hobby4geek.com\/","name":"Hobby4Geek","description":"Collectionnez, jouez et exposez, embrassez votre geekitude","publisher":{"@id":"https:\/\/hobby4geek.com\/#organization"},"potentialAction":[{"@type":"SearchAction","target":{"@type":"EntryPoint","urlTemplate":"https:\/\/hobby4geek.com\/?s={search_term_string}"},"query-input":{"@type":"PropertyValueSpecification","valueRequired":true,"valueName":"search_term_string"}}],"inLanguage":"fr-FR"},{"@type":"Organization","@id":"https:\/\/hobby4geek.com\/#organization","name":"Hobby4Geek","url":"https:\/\/hobby4geek.com\/","logo":{"@type":"ImageObject","inLanguage":"fr-FR","@id":"https:\/\/hobby4geek.com\/#\/schema\/logo\/image\/","url":"https:\/\/hobby4geek.com\/wp-content\/uploads\/2023\/02\/default-kit.png","contentUrl":"https:\/\/hobby4geek.com\/wp-content\/uploads\/2023\/02\/default-kit.png","width":600,"height":600,"caption":"Hobby4Geek"},"image":{"@id":"https:\/\/hobby4geek.com\/#\/schema\/logo\/image\/"},"sameAs":["https:\/\/www.facebook.com\/hobby4geek","https:\/\/x.com\/hobby4geek","https:\/\/www.instagram.com\/hobby4geek\/"]}]},"product_brand":"Transformers","product_price_amount":"264.98","product_price_currency":"EUR","og_availability":"out of stock","product_availability":"out of stock","product_condition":"new"},"_links":{"self":[{"href":"https:\/\/hobby4geek.com\/fr\/wp-json\/wp\/v2\/product\/1764","targetHints":{"allow":["GET"]}}],"collection":[{"href":"https:\/\/hobby4geek.com\/fr\/wp-json\/wp\/v2\/product"}],"about":[{"href":"https:\/\/hobby4geek.com\/fr\/wp-json\/wp\/v2\/types\/product"}],"replies":[{"embeddable":true,"href":"https:\/\/hobby4geek.com\/fr\/wp-json\/wp\/v2\/comments?post=1764"}],"version-history":[{"count":0,"href":"https:\/\/hobby4geek.com\/fr\/wp-json\/wp\/v2\/product\/1764\/revisions"}],"wp:featuredmedia":[{"embeddable":true,"href":"https:\/\/hobby4geek.com\/fr\/wp-json\/wp\/v2\/media\/178545"}],"wp:attachment":[{"href":"https:\/\/hobby4geek.com\/fr\/wp-json\/wp\/v2\/media?parent=1764"}],"wp:term":[{"taxonomy":"product_brand","embeddable":true,"href":"https:\/\/hobby4geek.com\/fr\/wp-json\/wp\/v2\/product_brand?post=1764"},{"taxonomy":"product_cat","embeddable":true,"href":"https:\/\/hobby4geek.com\/fr\/wp-json\/wp\/v2\/product_cat?post=1764"},{"taxonomy":"product_tag","embeddable":true,"href":"https:\/\/hobby4geek.com\/fr\/wp-json\/wp\/v2\/product_tag?post=1764"},{"taxonomy":"giftcard-category","embeddable":true,"href":"https:\/\/hobby4geek.com\/fr\/wp-json\/wp\/v2\/giftcard-category?post=1764"}],"curies":[{"name":"wp","href":"https:\/\/api.w.org\/{rel}","templated":true}]}}