{"id":176009,"date":"2022-11-20T19:53:11","date_gmt":"2022-11-20T19:53:11","guid":{"rendered":"https:\/\/hobby4geek.com\/?post_type=product&#038;p=176009"},"modified":"2024-05-12T14:29:00","modified_gmt":"2024-05-12T13:29:00","slug":"ac-01r-arms-iron-japan-version","status":"publish","type":"product","link":"https:\/\/hobby4geek.com\/fr\/produit\/ac-01r-arms-iron-japan-version\/","title":{"rendered":"AC-01R Arms Iron (Version Japonaise)"},"content":{"rendered":"<p>AC-01R Arms Iron aka Bulkhead inspir\u00e9 de la s\u00e9rie anim\u00e9e Transformers Prime !<br \/>\nUn nouveau pare-chocs renforce l'arri\u00e8re de la voiture.<br \/>\nComprend les canons \u00e0 explosion qui forment le marteau.<br \/>\nDes canons \u00e0 double explosion peuvent \u00e9galement \u00eatre mont\u00e9s \u00e0 l'arri\u00e8re de la voiture.<\/p>\n<ul>\n<li>Hauteur : 18cm \/ 7.09\u2033.<\/li>\n<li>1x nouveau pare-chocs<\/li>\n<li>1x Masse d'Energonomie<\/li>\n<li>1x Cyber Hammer<\/li>\n<\/ul>","protected":false},"excerpt":{"rendered":"<ul>\n<li>Hauteur : 18cm \/ 7.09\u2033.<\/li>\n<li>1x nouveau pare-chocs<\/li>\n<li>1x Masse d'Energonomie<\/li>\n<li>1x Cyber Hammer<\/li>\n<\/ul>","protected":false},"featured_media":183085,"comment_status":"open","ping_status":"closed","template":"","meta":{"inline_featured_image":false},"product_brand":[],"product_cat":[123],"product_tag":[1830,200,1759,1069,1831,1832,1975,204],"giftcard-category":[],"class_list":{"0":"post-176009","1":"product","2":"type-product","3":"status-publish","4":"has-post-thumbnail","6":"product_cat-apc-toys","7":"product_tag-ac-01r-arms-iron","8":"product_tag-action-figures","9":"product_tag-action-toys","10":"product_tag-apc-toys","11":"product_tag-japan-version","12":"product_tag-tfp-bulkhead","13":"product_tag-toys-figures","14":"product_tag-transformers","15":"product_shipping_class-free-shipping","16":"inventories-china-inventory","18":"first","19":"outofstock","20":"taxable","21":"shipping-taxable","22":"purchasable","23":"product-type-simple","24":"add-to-wishlist-after_add_to_cart"},"yoast_head":"<!-- This site is optimized with the Yoast SEO Premium plugin v25.3.1 (Yoast SEO v27.2) - https:\/\/yoast.com\/product\/yoast-seo-premium-wordpress\/ -->\n<title>AC-01R Arms Iron (Japan Version)<\/title>\n<meta name=\"robots\" content=\"index, follow, max-snippet:-1, max-image-preview:large, max-video-preview:-1\" \/>\n<link rel=\"canonical\" href=\"https:\/\/hobby4geek.com\/fr\/produit\/ac-01r-arms-iron-japan-version\/\" \/>\n<meta property=\"og:locale\" content=\"fr_FR\" \/>\n<meta property=\"og:type\" content=\"article\" \/>\n<meta property=\"og:title\" content=\"AC-01R Arms Iron (Japan Version)\" \/>\n<meta property=\"og:description\" content=\"Height: 18cm \/ 7.09&quot;  1x new bumper  1x Energon Mace  1x Cyber Hammer\" \/>\n<meta property=\"og:url\" content=\"https:\/\/hobby4geek.com\/fr\/produit\/ac-01r-arms-iron-japan-version\/\" \/>\n<meta property=\"og:site_name\" content=\"Hobby4Geek\" \/>\n<meta property=\"article:publisher\" content=\"https:\/\/www.facebook.com\/hobby4geek\" \/>\n<meta property=\"article:modified_time\" content=\"2024-05-12T13:29:00+00:00\" \/>\n<meta property=\"og:image\" content=\"https:\/\/hobby4geek.com\/wp-content\/uploads\/2023\/02\/ac-01r-arms-iron-japan-version.jpg\" \/>\n\t<meta property=\"og:image:width\" content=\"750\" \/>\n\t<meta property=\"og:image:height\" content=\"1332\" \/>\n\t<meta property=\"og:image:type\" content=\"image\/jpeg\" \/>\n<meta name=\"twitter:card\" content=\"summary_large_image\" \/>\n<meta name=\"twitter:site\" content=\"@hobby4geek\" \/>\n<script type=\"application\/ld+json\" class=\"yoast-schema-graph\">{\"@context\":\"https:\/\/schema.org\",\"@graph\":[{\"@type\":\"WebPage\",\"@id\":\"https:\/\/hobby4geek.com\/product\/ac-01r-arms-iron-japan-version\/\",\"url\":\"https:\/\/hobby4geek.com\/product\/ac-01r-arms-iron-japan-version\/\",\"name\":\"AC-01R Arms Iron (Japan Version)\",\"isPartOf\":{\"@id\":\"https:\/\/hobby4geek.com\/#website\"},\"primaryImageOfPage\":{\"@id\":\"https:\/\/hobby4geek.com\/product\/ac-01r-arms-iron-japan-version\/#primaryimage\"},\"image\":{\"@id\":\"https:\/\/hobby4geek.com\/product\/ac-01r-arms-iron-japan-version\/#primaryimage\"},\"thumbnailUrl\":\"https:\/\/hobby4geek.com\/wp-content\/uploads\/2023\/02\/ac-01r-arms-iron-japan-version.jpg\",\"datePublished\":\"2022-11-20T19:53:11+00:00\",\"dateModified\":\"2024-05-12T13:29:00+00:00\",\"breadcrumb\":{\"@id\":\"https:\/\/hobby4geek.com\/product\/ac-01r-arms-iron-japan-version\/#breadcrumb\"},\"inLanguage\":\"fr-FR\",\"potentialAction\":[{\"@type\":\"ReadAction\",\"target\":[\"https:\/\/hobby4geek.com\/product\/ac-01r-arms-iron-japan-version\/\"]}]},{\"@type\":\"ImageObject\",\"inLanguage\":\"fr-FR\",\"@id\":\"https:\/\/hobby4geek.com\/product\/ac-01r-arms-iron-japan-version\/#primaryimage\",\"url\":\"https:\/\/hobby4geek.com\/wp-content\/uploads\/2023\/02\/ac-01r-arms-iron-japan-version.jpg\",\"contentUrl\":\"https:\/\/hobby4geek.com\/wp-content\/uploads\/2023\/02\/ac-01r-arms-iron-japan-version.jpg\",\"width\":750,\"height\":1332,\"caption\":\"ac-01r-arms-iron-japon-version-tfp-bulkhead\"},{\"@type\":\"BreadcrumbList\",\"@id\":\"https:\/\/hobby4geek.com\/product\/ac-01r-arms-iron-japan-version\/#breadcrumb\",\"itemListElement\":[{\"@type\":\"ListItem\",\"position\":1,\"name\":\"Home\",\"item\":\"https:\/\/hobby4geek.com\/\"},{\"@type\":\"ListItem\",\"position\":2,\"name\":\"Shop\",\"item\":\"https:\/\/hobby4geek.com\/shop\/\"},{\"@type\":\"ListItem\",\"position\":3,\"name\":\"AC-01R Arms Iron (Japan Version)\"}]},{\"@type\":\"WebSite\",\"@id\":\"https:\/\/hobby4geek.com\/#website\",\"url\":\"https:\/\/hobby4geek.com\/\",\"name\":\"Hobby4Geek\",\"description\":\"Collect, Play &amp; Showcase, Embrace your Geekiness\",\"publisher\":{\"@id\":\"https:\/\/hobby4geek.com\/#organization\"},\"potentialAction\":[{\"@type\":\"SearchAction\",\"target\":{\"@type\":\"EntryPoint\",\"urlTemplate\":\"https:\/\/hobby4geek.com\/?s={search_term_string}\"},\"query-input\":{\"@type\":\"PropertyValueSpecification\",\"valueRequired\":true,\"valueName\":\"search_term_string\"}}],\"inLanguage\":\"fr-FR\"},{\"@type\":\"Organization\",\"@id\":\"https:\/\/hobby4geek.com\/#organization\",\"name\":\"Hobby4Geek\",\"url\":\"https:\/\/hobby4geek.com\/\",\"logo\":{\"@type\":\"ImageObject\",\"inLanguage\":\"fr-FR\",\"@id\":\"https:\/\/hobby4geek.com\/#\/schema\/logo\/image\/\",\"url\":\"https:\/\/hobby4geek.com\/wp-content\/uploads\/2023\/02\/default-kit.png\",\"contentUrl\":\"https:\/\/hobby4geek.com\/wp-content\/uploads\/2023\/02\/default-kit.png\",\"width\":600,\"height\":600,\"caption\":\"Hobby4Geek\"},\"image\":{\"@id\":\"https:\/\/hobby4geek.com\/#\/schema\/logo\/image\/\"},\"sameAs\":[\"https:\/\/www.facebook.com\/hobby4geek\",\"https:\/\/x.com\/hobby4geek\",\"https:\/\/www.instagram.com\/hobby4geek\/\"]}]}<\/script>\n<meta property=\"product:brand\" content=\"Apc Toys\" \/>\n<meta property=\"product:price:amount\" content=\"56.80\" \/>\n<meta property=\"product:price:currency\" content=\"EUR\" \/>\n<meta property=\"og:availability\" content=\"out of stock\" \/>\n<meta property=\"product:availability\" content=\"out of stock\" \/>\n<meta property=\"product:condition\" content=\"new\" \/>\n<!-- \/ Yoast SEO Premium plugin. -->","yoast_head_json":{"title":"AC-01R Arms Iron (Version Japonaise)","robots":{"index":"index","follow":"follow","max-snippet":"max-snippet:-1","max-image-preview":"max-image-preview:large","max-video-preview":"max-video-preview:-1"},"canonical":"https:\/\/hobby4geek.com\/fr\/produit\/ac-01r-arms-iron-japan-version\/","og_locale":"fr_FR","og_type":"article","og_title":"AC-01R Arms Iron (Japan Version)","og_description":"Height: 18cm \/ 7.09\"  1x new bumper  1x Energon Mace  1x Cyber Hammer","og_url":"https:\/\/hobby4geek.com\/fr\/produit\/ac-01r-arms-iron-japan-version\/","og_site_name":"Hobby4Geek","article_publisher":"https:\/\/www.facebook.com\/hobby4geek","article_modified_time":"2024-05-12T13:29:00+00:00","og_image":[{"width":750,"height":1332,"url":"https:\/\/hobby4geek.com\/wp-content\/uploads\/2023\/02\/ac-01r-arms-iron-japan-version.jpg","type":"image\/jpeg"}],"twitter_card":"summary_large_image","twitter_site":"@hobby4geek","schema":{"@context":"https:\/\/schema.org","@graph":[{"@type":"WebPage","@id":"https:\/\/hobby4geek.com\/product\/ac-01r-arms-iron-japan-version\/","url":"https:\/\/hobby4geek.com\/product\/ac-01r-arms-iron-japan-version\/","name":"AC-01R Arms Iron (Version Japonaise)","isPartOf":{"@id":"https:\/\/hobby4geek.com\/#website"},"primaryImageOfPage":{"@id":"https:\/\/hobby4geek.com\/product\/ac-01r-arms-iron-japan-version\/#primaryimage"},"image":{"@id":"https:\/\/hobby4geek.com\/product\/ac-01r-arms-iron-japan-version\/#primaryimage"},"thumbnailUrl":"https:\/\/hobby4geek.com\/wp-content\/uploads\/2023\/02\/ac-01r-arms-iron-japan-version.jpg","datePublished":"2022-11-20T19:53:11+00:00","dateModified":"2024-05-12T13:29:00+00:00","breadcrumb":{"@id":"https:\/\/hobby4geek.com\/product\/ac-01r-arms-iron-japan-version\/#breadcrumb"},"inLanguage":"fr-FR","potentialAction":[{"@type":"ReadAction","target":["https:\/\/hobby4geek.com\/product\/ac-01r-arms-iron-japan-version\/"]}]},{"@type":"ImageObject","inLanguage":"fr-FR","@id":"https:\/\/hobby4geek.com\/product\/ac-01r-arms-iron-japan-version\/#primaryimage","url":"https:\/\/hobby4geek.com\/wp-content\/uploads\/2023\/02\/ac-01r-arms-iron-japan-version.jpg","contentUrl":"https:\/\/hobby4geek.com\/wp-content\/uploads\/2023\/02\/ac-01r-arms-iron-japan-version.jpg","width":750,"height":1332,"caption":"ac-01r-arms-iron-japon-version-tfp-bulkhead"},{"@type":"BreadcrumbList","@id":"https:\/\/hobby4geek.com\/product\/ac-01r-arms-iron-japan-version\/#breadcrumb","itemListElement":[{"@type":"ListItem","position":1,"name":"Home","item":"https:\/\/hobby4geek.com\/"},{"@type":"ListItem","position":2,"name":"Shop","item":"https:\/\/hobby4geek.com\/shop\/"},{"@type":"ListItem","position":3,"name":"AC-01R Arms Iron (Japan Version)"}]},{"@type":"WebSite","@id":"https:\/\/hobby4geek.com\/#website","url":"https:\/\/hobby4geek.com\/","name":"Hobby4Geek","description":"Collectionnez, jouez et exposez, embrassez votre geekitude","publisher":{"@id":"https:\/\/hobby4geek.com\/#organization"},"potentialAction":[{"@type":"SearchAction","target":{"@type":"EntryPoint","urlTemplate":"https:\/\/hobby4geek.com\/?s={search_term_string}"},"query-input":{"@type":"PropertyValueSpecification","valueRequired":true,"valueName":"search_term_string"}}],"inLanguage":"fr-FR"},{"@type":"Organization","@id":"https:\/\/hobby4geek.com\/#organization","name":"Hobby4Geek","url":"https:\/\/hobby4geek.com\/","logo":{"@type":"ImageObject","inLanguage":"fr-FR","@id":"https:\/\/hobby4geek.com\/#\/schema\/logo\/image\/","url":"https:\/\/hobby4geek.com\/wp-content\/uploads\/2023\/02\/default-kit.png","contentUrl":"https:\/\/hobby4geek.com\/wp-content\/uploads\/2023\/02\/default-kit.png","width":600,"height":600,"caption":"Hobby4Geek"},"image":{"@id":"https:\/\/hobby4geek.com\/#\/schema\/logo\/image\/"},"sameAs":["https:\/\/www.facebook.com\/hobby4geek","https:\/\/x.com\/hobby4geek","https:\/\/www.instagram.com\/hobby4geek\/"]}]},"product_brand":"Apc Toys","product_price_amount":"56.80","product_price_currency":"EUR","og_availability":"out of stock","product_availability":"out of stock","product_condition":"new"},"_links":{"self":[{"href":"https:\/\/hobby4geek.com\/fr\/wp-json\/wp\/v2\/product\/176009","targetHints":{"allow":["GET"]}}],"collection":[{"href":"https:\/\/hobby4geek.com\/fr\/wp-json\/wp\/v2\/product"}],"about":[{"href":"https:\/\/hobby4geek.com\/fr\/wp-json\/wp\/v2\/types\/product"}],"replies":[{"embeddable":true,"href":"https:\/\/hobby4geek.com\/fr\/wp-json\/wp\/v2\/comments?post=176009"}],"version-history":[{"count":0,"href":"https:\/\/hobby4geek.com\/fr\/wp-json\/wp\/v2\/product\/176009\/revisions"}],"wp:featuredmedia":[{"embeddable":true,"href":"https:\/\/hobby4geek.com\/fr\/wp-json\/wp\/v2\/media\/183085"}],"wp:attachment":[{"href":"https:\/\/hobby4geek.com\/fr\/wp-json\/wp\/v2\/media?parent=176009"}],"wp:term":[{"taxonomy":"product_brand","embeddable":true,"href":"https:\/\/hobby4geek.com\/fr\/wp-json\/wp\/v2\/product_brand?post=176009"},{"taxonomy":"product_cat","embeddable":true,"href":"https:\/\/hobby4geek.com\/fr\/wp-json\/wp\/v2\/product_cat?post=176009"},{"taxonomy":"product_tag","embeddable":true,"href":"https:\/\/hobby4geek.com\/fr\/wp-json\/wp\/v2\/product_tag?post=176009"},{"taxonomy":"giftcard-category","embeddable":true,"href":"https:\/\/hobby4geek.com\/fr\/wp-json\/wp\/v2\/giftcard-category?post=176009"}],"curies":[{"name":"wp","href":"https:\/\/api.w.org\/{rel}","templated":true}]}}