{"id":174884,"date":"2022-10-28T20:37:51","date_gmt":"2022-10-28T20:37:51","guid":{"rendered":"https:\/\/hobby4geek.com\/?post_type=product&#038;p=174884"},"modified":"2025-03-03T08:08:05","modified_gmt":"2025-03-03T07:08:05","slug":"killerbody-kb20069-48-1-1-transformers-megatron-wearable-helmet-voice-changer","status":"publish","type":"product","link":"https:\/\/hobby4geek.com\/fr\/produit\/killerbody-kb20069-48-1-1-transformers-megatron-wearable-helmet-voice-changer\/","title":{"rendered":"Killerbody KB20069-48 1\/1 Transformers Megatron Casque portable et changeur de voix"},"content":{"rendered":"<p>Killerbody 1\/1 KB20069-48 Casque portable Megatron avec commande vocale sous licence officielle<\/p>\n<p>Mat\u00e9riau : ABS, PVC, PC, alliage, composants \u00e9lectroniques<br \/>\nDimensions du casque : 40 x 30 x 29 cm \/ 15.75 x 11.81 x 11.42\u2033.<br \/>\n\u00c9chelle : 1\/1<\/p>\n<p><strong>Caract\u00e9ristiques du produit : :<\/strong><\/p>\n<ol>\n<li>Portable<\/li>\n<li>En mode combat, le haut et les c\u00f4t\u00e9s de la t\u00eate peuvent \u00eatre ouverts et ferm\u00e9s \u00e9lectriquement ;<\/li>\n<li>Megatron Changeur de voix exclusif<\/li>\n<li>Bouche mobile (synchronis\u00e9e avec le son), la bouche et les dents s'ouvrent et se ferment, montent et descendent lorsque le son est \u00e9mis.<\/li>\n<li>Joue les lignes classiques Megatron<\/li>\n<li>Lumi\u00e8re d'arc cool endommag\u00e9e par la bataille, changement d'effets de lumi\u00e8re avec diff\u00e9rentes commandes, accompagn\u00e9 d'effets sonores actuels<\/li>\n<li>Lumi\u00e8res LED endommag\u00e9es par la bataille, lignes fines grav\u00e9es sur les yeux, effets de lumi\u00e8re pour les yeux endommag\u00e9s par la bataille avec diff\u00e9rentes commandes, basse fr\u00e9quence<\/li>\n<li>clignotements<\/li>\n<li>Couvercle sup\u00e9rieur int\u00e9gr\u00e9 avec visage de Decepticon, avec lampes oculaires LED<\/li>\n<li>Peint \u00e0 la main, finition vieillie, fid\u00e8le aux d\u00e9tails du film<\/li>\n<li>Commande vocale en chinois<\/li>\n<li>Commande vocale en anglais<\/li>\n<li>Contr\u00f4le tactile<\/li>\n<li>T\u00e9l\u00e9commande 2.4G (avec logo 3D Decepticon)<\/li>\n<li>Batterie s\u00e8che : \u00e9couteurs*4pcs t\u00e9l\u00e9commande*1pc<\/li>\n<\/ol>\n<p><iframe title=\"Megatron R\u00e9plique de casque #Transformers #OptimusPrime #Killerbody\" width=\"800\" height=\"450\" src=\"https:\/\/www.youtube.com\/embed\/_7LIR0gFclE?feature=oembed\" frameborder=\"0\" allow=\"accelerometer; autoplay; clipboard-write; encrypted-media; gyroscope; picture-in-picture; web-share\" referrerpolicy=\"strict-origin-when-cross-origin\" allowfullscreen><\/iframe><\/p>","protected":false},"excerpt":{"rendered":"<p><strong>Caract\u00e9ristiques du produit : :<\/strong><\/p>\n<ul>\n<li>Portable<\/li>\n<li>En mode combat, le haut et les c\u00f4t\u00e9s de la t\u00eate peuvent \u00eatre ouverts et ferm\u00e9s \u00e9lectriquement ;<\/li>\n<li>Megatron Changeur de voix exclusif<\/li>\n<li>Bouche mobile (synchronis\u00e9e avec le son), la bouche et les dents s'ouvrent et se ferment, montent et descendent lorsque le son est \u00e9mis.<\/li>\n<li>Joue les lignes classiques Megatron<\/li>\n<li>Lumi\u00e8re d'arc cool endommag\u00e9e par la bataille, changement d'effets de lumi\u00e8re avec diff\u00e9rentes commandes, accompagn\u00e9 d'effets sonores actuels<\/li>\n<li>Lumi\u00e8res LED endommag\u00e9es par la bataille, lignes fines grav\u00e9es sur les yeux, effets de lumi\u00e8re pour les yeux endommag\u00e9s par la bataille avec diff\u00e9rentes commandes, basse fr\u00e9quence<\/li>\n<li>clignotements<\/li>\n<li>Couvercle sup\u00e9rieur int\u00e9gr\u00e9 avec visage de Decepticon, avec lampes oculaires LED<\/li>\n<li>Peint \u00e0 la main, finition vieillie, fid\u00e8le aux d\u00e9tails du film<\/li>\n<li>Commande vocale en chinois<\/li>\n<li>Commande vocale en anglais<\/li>\n<li>Contr\u00f4le tactile<\/li>\n<li>T\u00e9l\u00e9commande 2.4G (avec logo 3D Decepticon)<\/li>\n<li>Batterie s\u00e8che : \u00e9couteurs*4pcs t\u00e9l\u00e9commande*1pc<\/li>\n<\/ul>","protected":false},"featured_media":185223,"comment_status":"open","ping_status":"closed","template":"","meta":{"inline_featured_image":false},"product_brand":[],"product_cat":[68,181,1955],"product_tag":[1762,1759,1763,1764,306,1975,204,1765,1766],"giftcard-category":[],"class_list":{"0":"post-174884","1":"product","2":"type-product","3":"status-publish","4":"has-post-thumbnail","6":"product_cat-hasbro","7":"product_cat-killerbody","8":"product_cat-transformers","9":"product_tag-1-1","10":"product_tag-action-toys","11":"product_tag-kb20069-48","12":"product_tag-killerbody","13":"product_tag-megatron","14":"product_tag-toys-figures","15":"product_tag-transformers","16":"product_tag-voice-changer","17":"product_tag-wearable-helmet","18":"product_shipping_class-heavy","19":"inventories-china-inventory","20":"inventories-france-inventory","22":"first","23":"onbackorder","24":"taxable","25":"shipping-taxable","26":"purchasable","27":"product-type-simple","28":"add-to-wishlist-after_add_to_cart"},"yoast_head":"<!-- This site is optimized with the Yoast SEO Premium plugin v25.3.1 (Yoast SEO v27.4) - https:\/\/yoast.com\/product\/yoast-seo-premium-wordpress\/ -->\n<title>Killerbody KB20069-48 1\/1 Transformers Megatron Wearable Helmet &amp; Voice-Changer<\/title>\n<meta name=\"robots\" content=\"index, follow, max-snippet:-1, max-image-preview:large, max-video-preview:-1\" \/>\n<link rel=\"canonical\" href=\"https:\/\/hobby4geek.com\/fr\/produit\/killerbody-kb20069-48-1-1-transformers-megatron-wearable-helmet-voice-changer\/\" \/>\n<meta property=\"og:locale\" content=\"fr_FR\" \/>\n<meta property=\"og:type\" content=\"article\" \/>\n<meta property=\"og:title\" content=\"Killerbody KB20069-48 1\/1 Transformers Megatron Wearable Helmet &amp; Voice-Changer\" \/>\n<meta property=\"og:description\" content=\"Product Features:\u00a0:   Portable  Switch to battle mode, the top and sides of the head can be opened and closed electrically;  Megatron Exclusive Voice Changer  Movable mouth (synchronized with sound), mouth and teeth open and close, up and down when sound is emitted  Plays classic Megatron lines  Battle-damaged cool arc light, switch light effects with different controls, accompanied by current sound effects  Battle-damaged LED lights, etched fine lines on the eyes, battle-damaged eye light effects with different controls, low frequency  flashes  Integrated top cover with Decepticon face, with LED eye lights  Hand painted weathered finish, true to movie detail  Chinese voice command  English voice command  Touch control  2.4G remote control (with Decepticon 3D logo)  Dry battery: headphones*4pcs remote control*1pc\" \/>\n<meta property=\"og:url\" content=\"https:\/\/hobby4geek.com\/fr\/produit\/killerbody-kb20069-48-1-1-transformers-megatron-wearable-helmet-voice-changer\/\" \/>\n<meta property=\"og:site_name\" content=\"Hobby4Geek\" \/>\n<meta property=\"article:publisher\" content=\"https:\/\/www.facebook.com\/hobby4geek\" \/>\n<meta property=\"article:modified_time\" content=\"2025-03-03T07:08:05+00:00\" \/>\n<meta property=\"og:image\" content=\"https:\/\/hobby4geek.com\/wp-content\/uploads\/2022\/10\/killerbody-kb20069-48-1-1-transformers-megatron-wearable-helmet-voice-changer-11.webp\" \/>\n\t<meta property=\"og:image:width\" content=\"800\" \/>\n\t<meta property=\"og:image:height\" content=\"800\" \/>\n\t<meta property=\"og:image:type\" content=\"image\/webp\" \/>\n<meta name=\"twitter:card\" content=\"summary_large_image\" \/>\n<meta name=\"twitter:site\" content=\"@hobby4geek\" \/>\n<script type=\"application\/ld+json\" class=\"yoast-schema-graph\">{\"@context\":\"https:\\\/\\\/schema.org\",\"@graph\":[{\"@type\":\"WebPage\",\"@id\":\"https:\\\/\\\/hobby4geek.com\\\/product\\\/killerbody-kb20069-48-1-1-transformers-megatron-wearable-helmet-voice-changer\\\/\",\"url\":\"https:\\\/\\\/hobby4geek.com\\\/product\\\/killerbody-kb20069-48-1-1-transformers-megatron-wearable-helmet-voice-changer\\\/\",\"name\":\"Killerbody KB20069-48 1\\\/1 Transformers Megatron Wearable Helmet & Voice-Changer\",\"isPartOf\":{\"@id\":\"https:\\\/\\\/hobby4geek.com\\\/#website\"},\"primaryImageOfPage\":{\"@id\":\"https:\\\/\\\/hobby4geek.com\\\/product\\\/killerbody-kb20069-48-1-1-transformers-megatron-wearable-helmet-voice-changer\\\/#primaryimage\"},\"image\":{\"@id\":\"https:\\\/\\\/hobby4geek.com\\\/product\\\/killerbody-kb20069-48-1-1-transformers-megatron-wearable-helmet-voice-changer\\\/#primaryimage\"},\"thumbnailUrl\":\"https:\\\/\\\/hobby4geek.com\\\/wp-content\\\/uploads\\\/2022\\\/10\\\/killerbody-kb20069-48-1-1-transformers-megatron-wearable-helmet-voice-changer-11.webp\",\"datePublished\":\"2022-10-28T20:37:51+00:00\",\"dateModified\":\"2025-03-03T07:08:05+00:00\",\"breadcrumb\":{\"@id\":\"https:\\\/\\\/hobby4geek.com\\\/product\\\/killerbody-kb20069-48-1-1-transformers-megatron-wearable-helmet-voice-changer\\\/#breadcrumb\"},\"inLanguage\":\"fr-FR\",\"potentialAction\":[{\"@type\":\"ReadAction\",\"target\":[\"https:\\\/\\\/hobby4geek.com\\\/product\\\/killerbody-kb20069-48-1-1-transformers-megatron-wearable-helmet-voice-changer\\\/\"]}]},{\"@type\":\"ImageObject\",\"inLanguage\":\"fr-FR\",\"@id\":\"https:\\\/\\\/hobby4geek.com\\\/product\\\/killerbody-kb20069-48-1-1-transformers-megatron-wearable-helmet-voice-changer\\\/#primaryimage\",\"url\":\"https:\\\/\\\/hobby4geek.com\\\/wp-content\\\/uploads\\\/2022\\\/10\\\/killerbody-kb20069-48-1-1-transformers-megatron-wearable-helmet-voice-changer-11.webp\",\"contentUrl\":\"https:\\\/\\\/hobby4geek.com\\\/wp-content\\\/uploads\\\/2022\\\/10\\\/killerbody-kb20069-48-1-1-transformers-megatron-wearable-helmet-voice-changer-11.webp\",\"width\":800,\"height\":800},{\"@type\":\"BreadcrumbList\",\"@id\":\"https:\\\/\\\/hobby4geek.com\\\/product\\\/killerbody-kb20069-48-1-1-transformers-megatron-wearable-helmet-voice-changer\\\/#breadcrumb\",\"itemListElement\":[{\"@type\":\"ListItem\",\"position\":1,\"name\":\"Home\",\"item\":\"https:\\\/\\\/hobby4geek.com\\\/\"},{\"@type\":\"ListItem\",\"position\":2,\"name\":\"Shop\",\"item\":\"https:\\\/\\\/hobby4geek.com\\\/shop\\\/\"},{\"@type\":\"ListItem\",\"position\":3,\"name\":\"Killerbody KB20069-48 1\\\/1 Transformers Megatron Wearable Helmet &#038; Voice-Changer\"}]},{\"@type\":\"WebSite\",\"@id\":\"https:\\\/\\\/hobby4geek.com\\\/#website\",\"url\":\"https:\\\/\\\/hobby4geek.com\\\/\",\"name\":\"Hobby4Geek\",\"description\":\"Collect, Play &amp; Showcase, Embrace your Geekiness\",\"publisher\":{\"@id\":\"https:\\\/\\\/hobby4geek.com\\\/#organization\"},\"potentialAction\":[{\"@type\":\"SearchAction\",\"target\":{\"@type\":\"EntryPoint\",\"urlTemplate\":\"https:\\\/\\\/hobby4geek.com\\\/?s={search_term_string}\"},\"query-input\":{\"@type\":\"PropertyValueSpecification\",\"valueRequired\":true,\"valueName\":\"search_term_string\"}}],\"inLanguage\":\"fr-FR\"},{\"@type\":\"Organization\",\"@id\":\"https:\\\/\\\/hobby4geek.com\\\/#organization\",\"name\":\"Hobby4Geek\",\"url\":\"https:\\\/\\\/hobby4geek.com\\\/\",\"logo\":{\"@type\":\"ImageObject\",\"inLanguage\":\"fr-FR\",\"@id\":\"https:\\\/\\\/hobby4geek.com\\\/#\\\/schema\\\/logo\\\/image\\\/\",\"url\":\"https:\\\/\\\/hobby4geek.com\\\/wp-content\\\/uploads\\\/2023\\\/02\\\/default-kit.png\",\"contentUrl\":\"https:\\\/\\\/hobby4geek.com\\\/wp-content\\\/uploads\\\/2023\\\/02\\\/default-kit.png\",\"width\":600,\"height\":600,\"caption\":\"Hobby4Geek\"},\"image\":{\"@id\":\"https:\\\/\\\/hobby4geek.com\\\/#\\\/schema\\\/logo\\\/image\\\/\"},\"sameAs\":[\"https:\\\/\\\/www.facebook.com\\\/hobby4geek\",\"https:\\\/\\\/x.com\\\/hobby4geek\",\"https:\\\/\\\/www.instagram.com\\\/hobby4geek\\\/\"]}]}<\/script>\n<meta property=\"product:brand\" content=\"Hasbro\" \/>\n<meta property=\"product:price:amount\" content=\"638.00\" \/>\n<meta property=\"product:price:currency\" content=\"EUR\" \/>\n<meta property=\"og:availability\" content=\"backorder\" \/>\n<meta property=\"product:availability\" content=\"available for order\" \/>\n<meta property=\"product:retailer_item_id\" content=\"4895229501836\" \/>\n<meta property=\"product:condition\" content=\"new\" \/>\n<!-- \/ Yoast SEO Premium plugin. -->","yoast_head_json":{"title":"Killerbody KB20069-48 1\/1 Transformers Megatron Casque portable et changeur de voix","robots":{"index":"index","follow":"follow","max-snippet":"max-snippet:-1","max-image-preview":"max-image-preview:large","max-video-preview":"max-video-preview:-1"},"canonical":"https:\/\/hobby4geek.com\/fr\/produit\/killerbody-kb20069-48-1-1-transformers-megatron-wearable-helmet-voice-changer\/","og_locale":"fr_FR","og_type":"article","og_title":"Killerbody KB20069-48 1\/1 Transformers Megatron Wearable Helmet & Voice-Changer","og_description":"Product Features:\u00a0:   Portable  Switch to battle mode, the top and sides of the head can be opened and closed electrically;  Megatron Exclusive Voice Changer  Movable mouth (synchronized with sound), mouth and teeth open and close, up and down when sound is emitted  Plays classic Megatron lines  Battle-damaged cool arc light, switch light effects with different controls, accompanied by current sound effects  Battle-damaged LED lights, etched fine lines on the eyes, battle-damaged eye light effects with different controls, low frequency  flashes  Integrated top cover with Decepticon face, with LED eye lights  Hand painted weathered finish, true to movie detail  Chinese voice command  English voice command  Touch control  2.4G remote control (with Decepticon 3D logo)  Dry battery: headphones*4pcs remote control*1pc","og_url":"https:\/\/hobby4geek.com\/fr\/produit\/killerbody-kb20069-48-1-1-transformers-megatron-wearable-helmet-voice-changer\/","og_site_name":"Hobby4Geek","article_publisher":"https:\/\/www.facebook.com\/hobby4geek","article_modified_time":"2025-03-03T07:08:05+00:00","og_image":[{"width":800,"height":800,"url":"https:\/\/hobby4geek.com\/wp-content\/uploads\/2022\/10\/killerbody-kb20069-48-1-1-transformers-megatron-wearable-helmet-voice-changer-11.webp","type":"image\/webp"}],"twitter_card":"summary_large_image","twitter_site":"@hobby4geek","schema":{"@context":"https:\/\/schema.org","@graph":[{"@type":"WebPage","@id":"https:\/\/hobby4geek.com\/product\/killerbody-kb20069-48-1-1-transformers-megatron-wearable-helmet-voice-changer\/","url":"https:\/\/hobby4geek.com\/product\/killerbody-kb20069-48-1-1-transformers-megatron-wearable-helmet-voice-changer\/","name":"Killerbody KB20069-48 1\/1 Transformers Megatron Casque portable et changeur de voix","isPartOf":{"@id":"https:\/\/hobby4geek.com\/#website"},"primaryImageOfPage":{"@id":"https:\/\/hobby4geek.com\/product\/killerbody-kb20069-48-1-1-transformers-megatron-wearable-helmet-voice-changer\/#primaryimage"},"image":{"@id":"https:\/\/hobby4geek.com\/product\/killerbody-kb20069-48-1-1-transformers-megatron-wearable-helmet-voice-changer\/#primaryimage"},"thumbnailUrl":"https:\/\/hobby4geek.com\/wp-content\/uploads\/2022\/10\/killerbody-kb20069-48-1-1-transformers-megatron-wearable-helmet-voice-changer-11.webp","datePublished":"2022-10-28T20:37:51+00:00","dateModified":"2025-03-03T07:08:05+00:00","breadcrumb":{"@id":"https:\/\/hobby4geek.com\/product\/killerbody-kb20069-48-1-1-transformers-megatron-wearable-helmet-voice-changer\/#breadcrumb"},"inLanguage":"fr-FR","potentialAction":[{"@type":"ReadAction","target":["https:\/\/hobby4geek.com\/product\/killerbody-kb20069-48-1-1-transformers-megatron-wearable-helmet-voice-changer\/"]}]},{"@type":"ImageObject","inLanguage":"fr-FR","@id":"https:\/\/hobby4geek.com\/product\/killerbody-kb20069-48-1-1-transformers-megatron-wearable-helmet-voice-changer\/#primaryimage","url":"https:\/\/hobby4geek.com\/wp-content\/uploads\/2022\/10\/killerbody-kb20069-48-1-1-transformers-megatron-wearable-helmet-voice-changer-11.webp","contentUrl":"https:\/\/hobby4geek.com\/wp-content\/uploads\/2022\/10\/killerbody-kb20069-48-1-1-transformers-megatron-wearable-helmet-voice-changer-11.webp","width":800,"height":800},{"@type":"BreadcrumbList","@id":"https:\/\/hobby4geek.com\/product\/killerbody-kb20069-48-1-1-transformers-megatron-wearable-helmet-voice-changer\/#breadcrumb","itemListElement":[{"@type":"ListItem","position":1,"name":"Home","item":"https:\/\/hobby4geek.com\/"},{"@type":"ListItem","position":2,"name":"Shop","item":"https:\/\/hobby4geek.com\/shop\/"},{"@type":"ListItem","position":3,"name":"Killerbody KB20069-48 1\/1 Transformers Megatron Wearable Helmet &#038; Voice-Changer"}]},{"@type":"WebSite","@id":"https:\/\/hobby4geek.com\/#website","url":"https:\/\/hobby4geek.com\/","name":"Hobby4Geek","description":"Collectionnez, jouez et exposez, embrassez votre geekitude","publisher":{"@id":"https:\/\/hobby4geek.com\/#organization"},"potentialAction":[{"@type":"SearchAction","target":{"@type":"EntryPoint","urlTemplate":"https:\/\/hobby4geek.com\/?s={search_term_string}"},"query-input":{"@type":"PropertyValueSpecification","valueRequired":true,"valueName":"search_term_string"}}],"inLanguage":"fr-FR"},{"@type":"Organization","@id":"https:\/\/hobby4geek.com\/#organization","name":"Hobby4Geek","url":"https:\/\/hobby4geek.com\/","logo":{"@type":"ImageObject","inLanguage":"fr-FR","@id":"https:\/\/hobby4geek.com\/#\/schema\/logo\/image\/","url":"https:\/\/hobby4geek.com\/wp-content\/uploads\/2023\/02\/default-kit.png","contentUrl":"https:\/\/hobby4geek.com\/wp-content\/uploads\/2023\/02\/default-kit.png","width":600,"height":600,"caption":"Hobby4Geek"},"image":{"@id":"https:\/\/hobby4geek.com\/#\/schema\/logo\/image\/"},"sameAs":["https:\/\/www.facebook.com\/hobby4geek","https:\/\/x.com\/hobby4geek","https:\/\/www.instagram.com\/hobby4geek\/"]}]},"product_brand":"Hasbro","product_price_amount":"638.00","product_price_currency":"EUR","og_availability":"backorder","product_availability":"available for order","product_retailer_item_id":"4895229501836","product_condition":"new"},"_links":{"self":[{"href":"https:\/\/hobby4geek.com\/fr\/wp-json\/wp\/v2\/product\/174884","targetHints":{"allow":["GET"]}}],"collection":[{"href":"https:\/\/hobby4geek.com\/fr\/wp-json\/wp\/v2\/product"}],"about":[{"href":"https:\/\/hobby4geek.com\/fr\/wp-json\/wp\/v2\/types\/product"}],"replies":[{"embeddable":true,"href":"https:\/\/hobby4geek.com\/fr\/wp-json\/wp\/v2\/comments?post=174884"}],"version-history":[{"count":0,"href":"https:\/\/hobby4geek.com\/fr\/wp-json\/wp\/v2\/product\/174884\/revisions"}],"wp:featuredmedia":[{"embeddable":true,"href":"https:\/\/hobby4geek.com\/fr\/wp-json\/wp\/v2\/media\/185223"}],"wp:attachment":[{"href":"https:\/\/hobby4geek.com\/fr\/wp-json\/wp\/v2\/media?parent=174884"}],"wp:term":[{"taxonomy":"product_brand","embeddable":true,"href":"https:\/\/hobby4geek.com\/fr\/wp-json\/wp\/v2\/product_brand?post=174884"},{"taxonomy":"product_cat","embeddable":true,"href":"https:\/\/hobby4geek.com\/fr\/wp-json\/wp\/v2\/product_cat?post=174884"},{"taxonomy":"product_tag","embeddable":true,"href":"https:\/\/hobby4geek.com\/fr\/wp-json\/wp\/v2\/product_tag?post=174884"},{"taxonomy":"giftcard-category","embeddable":true,"href":"https:\/\/hobby4geek.com\/fr\/wp-json\/wp\/v2\/giftcard-category?post=174884"}],"curies":[{"name":"wp","href":"https:\/\/api.w.org\/{rel}","templated":true}]}}