{"id":174836,"date":"2022-10-28T19:24:11","date_gmt":"2022-10-28T19:24:11","guid":{"rendered":"https:\/\/hobby4geek.com\/?post_type=product&#038;p=174836"},"modified":"2024-05-12T13:01:37","modified_gmt":"2024-05-12T12:01:37","slug":"apc-toys-night-countess-blackarachnia","status":"publish","type":"product","link":"https:\/\/hobby4geek.com\/fr\/produit\/apc-toys-night-countess-blackarachnia\/","title":{"rendered":"Apc Toys - Comtesse de nuit Blackarachnia"},"content":{"rendered":"<p>Night Countess est une figurine tierce qui se transforme d'un h\u00e9licopt\u00e8re en robot et vice versa. Night Countess d'APC Toys mesure 5,9 pouces en mode robot et s'adapte \u00e0 d'autres figurines APC Toys et \u00e0 d'autres figurines \u00e0 l'\u00e9chelle Masterpiece d\u00e9j\u00e0 pr\u00e9sentes dans votre collection.<\/p>\n<p><strong>Caract\u00e9ristiques du produit :<\/strong><\/p>\n<ul>\n<li>Taille : 15cm<\/li>\n<li>Se transforme en araign\u00e9e de Cybertron<\/li>\n<li>Mode alternatif : H\u00e9licopt\u00e8re<\/li>\n<\/ul>","protected":false},"excerpt":{"rendered":"<p><strong>Caract\u00e9ristiques du produit :<\/strong><\/p>\n<ul>\n<li>Taille : 15cm<\/li>\n<li>Se transforme en araign\u00e9e de Cybertron<\/li>\n<li>Mode alternatif : H\u00e9licopt\u00e8re<\/li>\n<\/ul>","protected":false},"featured_media":182818,"comment_status":"open","ping_status":"closed","template":"","meta":{"inline_featured_image":false},"product_brand":[],"product_cat":[123],"product_tag":[200,1759,1347,1069,1537,1755,1975,204,1073,1538],"giftcard-category":[],"class_list":{"0":"post-174836","1":"product","2":"type-product","3":"status-publish","4":"has-post-thumbnail","6":"product_cat-apc-toys","7":"product_tag-action-figures","8":"product_tag-action-toys","9":"product_tag-apc","10":"product_tag-apc-toys","11":"product_tag-galaxy-mob","12":"product_tag-night-countess-blackarachnia","13":"product_tag-toys-figures","14":"product_tag-transformers","15":"product_tag-transformers-prime","16":"product_tag-vehicon","17":"product_shipping_class-free-shipping","18":"inventories-china-inventory","20":"first","21":"outofstock","22":"taxable","23":"shipping-taxable","24":"purchasable","25":"product-type-simple","26":"add-to-wishlist-after_add_to_cart"},"yoast_head":"<!-- This site is optimized with the Yoast SEO Premium plugin v25.3.1 (Yoast SEO v27.2) - https:\/\/yoast.com\/product\/yoast-seo-premium-wordpress\/ -->\n<title>Apc Toys - Night Countess Blackarachnia<\/title>\n<meta name=\"robots\" content=\"index, follow, max-snippet:-1, max-image-preview:large, max-video-preview:-1\" \/>\n<link rel=\"canonical\" href=\"https:\/\/hobby4geek.com\/fr\/produit\/apc-toys-night-countess-blackarachnia\/\" \/>\n<meta property=\"og:locale\" content=\"fr_FR\" \/>\n<meta property=\"og:type\" content=\"article\" \/>\n<meta property=\"og:title\" content=\"Apc Toys - Night Countess Blackarachnia\" \/>\n<meta property=\"og:description\" content=\"Product Feature:   Size: 15cm  Transforms into a Cybertron Spider  Alternate Mode: Helicopter\" \/>\n<meta property=\"og:url\" content=\"https:\/\/hobby4geek.com\/fr\/produit\/apc-toys-night-countess-blackarachnia\/\" \/>\n<meta property=\"og:site_name\" content=\"Hobby4Geek\" \/>\n<meta property=\"article:publisher\" content=\"https:\/\/www.facebook.com\/hobby4geek\" \/>\n<meta property=\"article:modified_time\" content=\"2024-05-12T12:01:37+00:00\" \/>\n<meta property=\"og:image\" content=\"https:\/\/hobby4geek.com\/wp-content\/uploads\/2023\/02\/apc-toys-night-countess-blackarachnia.jpg\" \/>\n\t<meta property=\"og:image:width\" content=\"317\" \/>\n\t<meta property=\"og:image:height\" content=\"500\" \/>\n\t<meta property=\"og:image:type\" content=\"image\/jpeg\" \/>\n<meta name=\"twitter:card\" content=\"summary_large_image\" \/>\n<meta name=\"twitter:site\" content=\"@hobby4geek\" \/>\n<script type=\"application\/ld+json\" class=\"yoast-schema-graph\">{\"@context\":\"https:\/\/schema.org\",\"@graph\":[{\"@type\":\"WebPage\",\"@id\":\"https:\/\/hobby4geek.com\/product\/apc-toys-night-countess-blackarachnia\/\",\"url\":\"https:\/\/hobby4geek.com\/product\/apc-toys-night-countess-blackarachnia\/\",\"name\":\"Apc Toys - Night Countess Blackarachnia\",\"isPartOf\":{\"@id\":\"https:\/\/hobby4geek.com\/#website\"},\"primaryImageOfPage\":{\"@id\":\"https:\/\/hobby4geek.com\/product\/apc-toys-night-countess-blackarachnia\/#primaryimage\"},\"image\":{\"@id\":\"https:\/\/hobby4geek.com\/product\/apc-toys-night-countess-blackarachnia\/#primaryimage\"},\"thumbnailUrl\":\"https:\/\/hobby4geek.com\/wp-content\/uploads\/2023\/02\/apc-toys-night-countess-blackarachnia.jpg\",\"datePublished\":\"2022-10-28T19:24:11+00:00\",\"dateModified\":\"2024-05-12T12:01:37+00:00\",\"breadcrumb\":{\"@id\":\"https:\/\/hobby4geek.com\/product\/apc-toys-night-countess-blackarachnia\/#breadcrumb\"},\"inLanguage\":\"fr-FR\",\"potentialAction\":[{\"@type\":\"ReadAction\",\"target\":[\"https:\/\/hobby4geek.com\/product\/apc-toys-night-countess-blackarachnia\/\"]}]},{\"@type\":\"ImageObject\",\"inLanguage\":\"fr-FR\",\"@id\":\"https:\/\/hobby4geek.com\/product\/apc-toys-night-countess-blackarachnia\/#primaryimage\",\"url\":\"https:\/\/hobby4geek.com\/wp-content\/uploads\/2023\/02\/apc-toys-night-countess-blackarachnia.jpg\",\"contentUrl\":\"https:\/\/hobby4geek.com\/wp-content\/uploads\/2023\/02\/apc-toys-night-countess-blackarachnia.jpg\",\"width\":317,\"height\":500,\"caption\":\"apc-toys-night-countess-blackarachnia\"},{\"@type\":\"BreadcrumbList\",\"@id\":\"https:\/\/hobby4geek.com\/product\/apc-toys-night-countess-blackarachnia\/#breadcrumb\",\"itemListElement\":[{\"@type\":\"ListItem\",\"position\":1,\"name\":\"Home\",\"item\":\"https:\/\/hobby4geek.com\/\"},{\"@type\":\"ListItem\",\"position\":2,\"name\":\"Shop\",\"item\":\"https:\/\/hobby4geek.com\/shop\/\"},{\"@type\":\"ListItem\",\"position\":3,\"name\":\"Apc Toys &#8211; Night Countess Blackarachnia\"}]},{\"@type\":\"WebSite\",\"@id\":\"https:\/\/hobby4geek.com\/#website\",\"url\":\"https:\/\/hobby4geek.com\/\",\"name\":\"Hobby4Geek\",\"description\":\"Collect, Play &amp; Showcase, Embrace your Geekiness\",\"publisher\":{\"@id\":\"https:\/\/hobby4geek.com\/#organization\"},\"potentialAction\":[{\"@type\":\"SearchAction\",\"target\":{\"@type\":\"EntryPoint\",\"urlTemplate\":\"https:\/\/hobby4geek.com\/?s={search_term_string}\"},\"query-input\":{\"@type\":\"PropertyValueSpecification\",\"valueRequired\":true,\"valueName\":\"search_term_string\"}}],\"inLanguage\":\"fr-FR\"},{\"@type\":\"Organization\",\"@id\":\"https:\/\/hobby4geek.com\/#organization\",\"name\":\"Hobby4Geek\",\"url\":\"https:\/\/hobby4geek.com\/\",\"logo\":{\"@type\":\"ImageObject\",\"inLanguage\":\"fr-FR\",\"@id\":\"https:\/\/hobby4geek.com\/#\/schema\/logo\/image\/\",\"url\":\"https:\/\/hobby4geek.com\/wp-content\/uploads\/2023\/02\/default-kit.png\",\"contentUrl\":\"https:\/\/hobby4geek.com\/wp-content\/uploads\/2023\/02\/default-kit.png\",\"width\":600,\"height\":600,\"caption\":\"Hobby4Geek\"},\"image\":{\"@id\":\"https:\/\/hobby4geek.com\/#\/schema\/logo\/image\/\"},\"sameAs\":[\"https:\/\/www.facebook.com\/hobby4geek\",\"https:\/\/x.com\/hobby4geek\",\"https:\/\/www.instagram.com\/hobby4geek\/\"]}]}<\/script>\n<meta property=\"product:brand\" content=\"Apc Toys\" \/>\n<meta property=\"product:price:amount\" content=\"56.80\" \/>\n<meta property=\"product:price:currency\" content=\"EUR\" \/>\n<meta property=\"og:availability\" content=\"out of stock\" \/>\n<meta property=\"product:availability\" content=\"out of stock\" \/>\n<meta property=\"product:condition\" content=\"new\" \/>\n<!-- \/ Yoast SEO Premium plugin. -->","yoast_head_json":{"title":"Apc Toys - Comtesse de nuit Blackarachnia","robots":{"index":"index","follow":"follow","max-snippet":"max-snippet:-1","max-image-preview":"max-image-preview:large","max-video-preview":"max-video-preview:-1"},"canonical":"https:\/\/hobby4geek.com\/fr\/produit\/apc-toys-night-countess-blackarachnia\/","og_locale":"fr_FR","og_type":"article","og_title":"Apc Toys - Night Countess Blackarachnia","og_description":"Product Feature:   Size: 15cm  Transforms into a Cybertron Spider  Alternate Mode: Helicopter","og_url":"https:\/\/hobby4geek.com\/fr\/produit\/apc-toys-night-countess-blackarachnia\/","og_site_name":"Hobby4Geek","article_publisher":"https:\/\/www.facebook.com\/hobby4geek","article_modified_time":"2024-05-12T12:01:37+00:00","og_image":[{"width":317,"height":500,"url":"https:\/\/hobby4geek.com\/wp-content\/uploads\/2023\/02\/apc-toys-night-countess-blackarachnia.jpg","type":"image\/jpeg"}],"twitter_card":"summary_large_image","twitter_site":"@hobby4geek","schema":{"@context":"https:\/\/schema.org","@graph":[{"@type":"WebPage","@id":"https:\/\/hobby4geek.com\/product\/apc-toys-night-countess-blackarachnia\/","url":"https:\/\/hobby4geek.com\/product\/apc-toys-night-countess-blackarachnia\/","name":"Apc Toys - Comtesse de nuit Blackarachnia","isPartOf":{"@id":"https:\/\/hobby4geek.com\/#website"},"primaryImageOfPage":{"@id":"https:\/\/hobby4geek.com\/product\/apc-toys-night-countess-blackarachnia\/#primaryimage"},"image":{"@id":"https:\/\/hobby4geek.com\/product\/apc-toys-night-countess-blackarachnia\/#primaryimage"},"thumbnailUrl":"https:\/\/hobby4geek.com\/wp-content\/uploads\/2023\/02\/apc-toys-night-countess-blackarachnia.jpg","datePublished":"2022-10-28T19:24:11+00:00","dateModified":"2024-05-12T12:01:37+00:00","breadcrumb":{"@id":"https:\/\/hobby4geek.com\/product\/apc-toys-night-countess-blackarachnia\/#breadcrumb"},"inLanguage":"fr-FR","potentialAction":[{"@type":"ReadAction","target":["https:\/\/hobby4geek.com\/product\/apc-toys-night-countess-blackarachnia\/"]}]},{"@type":"ImageObject","inLanguage":"fr-FR","@id":"https:\/\/hobby4geek.com\/product\/apc-toys-night-countess-blackarachnia\/#primaryimage","url":"https:\/\/hobby4geek.com\/wp-content\/uploads\/2023\/02\/apc-toys-night-countess-blackarachnia.jpg","contentUrl":"https:\/\/hobby4geek.com\/wp-content\/uploads\/2023\/02\/apc-toys-night-countess-blackarachnia.jpg","width":317,"height":500,"caption":"apc-toys-night-countess-blackarachnia"},{"@type":"BreadcrumbList","@id":"https:\/\/hobby4geek.com\/product\/apc-toys-night-countess-blackarachnia\/#breadcrumb","itemListElement":[{"@type":"ListItem","position":1,"name":"Home","item":"https:\/\/hobby4geek.com\/"},{"@type":"ListItem","position":2,"name":"Shop","item":"https:\/\/hobby4geek.com\/shop\/"},{"@type":"ListItem","position":3,"name":"Apc Toys &#8211; Night Countess Blackarachnia"}]},{"@type":"WebSite","@id":"https:\/\/hobby4geek.com\/#website","url":"https:\/\/hobby4geek.com\/","name":"Hobby4Geek","description":"Collectionnez, jouez et exposez, embrassez votre geekitude","publisher":{"@id":"https:\/\/hobby4geek.com\/#organization"},"potentialAction":[{"@type":"SearchAction","target":{"@type":"EntryPoint","urlTemplate":"https:\/\/hobby4geek.com\/?s={search_term_string}"},"query-input":{"@type":"PropertyValueSpecification","valueRequired":true,"valueName":"search_term_string"}}],"inLanguage":"fr-FR"},{"@type":"Organization","@id":"https:\/\/hobby4geek.com\/#organization","name":"Hobby4Geek","url":"https:\/\/hobby4geek.com\/","logo":{"@type":"ImageObject","inLanguage":"fr-FR","@id":"https:\/\/hobby4geek.com\/#\/schema\/logo\/image\/","url":"https:\/\/hobby4geek.com\/wp-content\/uploads\/2023\/02\/default-kit.png","contentUrl":"https:\/\/hobby4geek.com\/wp-content\/uploads\/2023\/02\/default-kit.png","width":600,"height":600,"caption":"Hobby4Geek"},"image":{"@id":"https:\/\/hobby4geek.com\/#\/schema\/logo\/image\/"},"sameAs":["https:\/\/www.facebook.com\/hobby4geek","https:\/\/x.com\/hobby4geek","https:\/\/www.instagram.com\/hobby4geek\/"]}]},"product_brand":"Apc Toys","product_price_amount":"56.80","product_price_currency":"EUR","og_availability":"out of stock","product_availability":"out of stock","product_condition":"new"},"_links":{"self":[{"href":"https:\/\/hobby4geek.com\/fr\/wp-json\/wp\/v2\/product\/174836","targetHints":{"allow":["GET"]}}],"collection":[{"href":"https:\/\/hobby4geek.com\/fr\/wp-json\/wp\/v2\/product"}],"about":[{"href":"https:\/\/hobby4geek.com\/fr\/wp-json\/wp\/v2\/types\/product"}],"replies":[{"embeddable":true,"href":"https:\/\/hobby4geek.com\/fr\/wp-json\/wp\/v2\/comments?post=174836"}],"version-history":[{"count":0,"href":"https:\/\/hobby4geek.com\/fr\/wp-json\/wp\/v2\/product\/174836\/revisions"}],"wp:featuredmedia":[{"embeddable":true,"href":"https:\/\/hobby4geek.com\/fr\/wp-json\/wp\/v2\/media\/182818"}],"wp:attachment":[{"href":"https:\/\/hobby4geek.com\/fr\/wp-json\/wp\/v2\/media?parent=174836"}],"wp:term":[{"taxonomy":"product_brand","embeddable":true,"href":"https:\/\/hobby4geek.com\/fr\/wp-json\/wp\/v2\/product_brand?post=174836"},{"taxonomy":"product_cat","embeddable":true,"href":"https:\/\/hobby4geek.com\/fr\/wp-json\/wp\/v2\/product_cat?post=174836"},{"taxonomy":"product_tag","embeddable":true,"href":"https:\/\/hobby4geek.com\/fr\/wp-json\/wp\/v2\/product_tag?post=174836"},{"taxonomy":"giftcard-category","embeddable":true,"href":"https:\/\/hobby4geek.com\/fr\/wp-json\/wp\/v2\/giftcard-category?post=174836"}],"curies":[{"name":"wp","href":"https:\/\/api.w.org\/{rel}","templated":true}]}}