{"id":174814,"date":"2022-10-28T19:09:52","date_gmt":"2022-10-28T18:09:52","guid":{"rendered":"https:\/\/hobby4geek.com\/?post_type=product&#038;p=174814"},"modified":"2024-05-22T18:22:40","modified_gmt":"2024-05-22T17:22:40","slug":"threezero-transformers-mdlx-megatron","status":"publish","type":"product","link":"https:\/\/hobby4geek.com\/fr\/produit\/threezero-transformers-mdlx-megatron\/","title":{"rendered":"ThreeZero - Transformers MDLX Megatron"},"content":{"rendered":"<p>Apr\u00e8s le lancement de MDLX Bumblebee et Optimus Prime, threezero est fier d'annoncer le troisi\u00e8me personnage de la s\u00e9rie MDLX : Megatron, le chef supr\u00eame des Decepticons !<\/p>\n<p>MDLX est une nouvelle s\u00e9rie de figurines reprenant l'esprit de la c\u00e9l\u00e8bre s\u00e9rie DLX de Threezero \u00e0 une \u00e9chelle plus petite, avec une gamme d'articulations similaire et une grande durabilit\u00e9, ce qui se traduit par un prix abordable r\u00e9volutionnaire.<\/p>\n<p>La ligne de figurines Transformers MDLX est bas\u00e9e sur la ligne originale de dessins anim\u00e9s et de jouets Transformers des ann\u00e9es 1980, telle que r\u00e9imagin\u00e9e par le directeur artistique de threezero, Kelvin Sau. Les designs embl\u00e9matiques ont \u00e9t\u00e9 remix\u00e9s pour int\u00e9grer l'esth\u00e9tique m\u00e9canique hyper-d\u00e9taill\u00e9e de threezero, offrant ainsi une nouvelle pr\u00e9sentation famili\u00e8re et excitante. Les figurines Transformers MDLX sont dot\u00e9es d'un syst\u00e8me unique de ch\u00e2ssis en alliage de zinc moul\u00e9 sous pression et en plastique de qualit\u00e9 technique, qui pr\u00e9serve la jouabilit\u00e9 tactile et la durabilit\u00e9 de la figurine. Chaque figurine est finie avec les d\u00e9tails artisanaux et la peinture vieillie qui ont fait la r\u00e9putation de threezero, apportant les personnages Transformers bien-aim\u00e9s dans un nouveau format pour le plaisir de tous.<\/p>\n<p>Transformers - MDLX Megatron mesure environ 7\u2033 (18 cm), avec environ 45 points d'articulation et un cadre en m\u00e9tal moul\u00e9 sous pression. Les accessoires incluent un canon \u00e0 fusion, un canon arri\u00e8re et quatre jeux de mains interchangeables.<\/p>\n<p>\u25cf Licence officielle Hasbro<br \/>\n\u25cf ~ 7\u2033 (18cm) de haut<br \/>\n\u25cf ~45 points d'articulation<br \/>\n\u25cf Alliage de zinc et pi\u00e8ces m\u00e9talliques<\/p>\n<p><b>Inclure :<\/b><br \/>\n\u25cf Canon \u00e0 fusion<br \/>\n\u25cf (1) canon arri\u00e8re<br \/>\n\u25cf (4) jeux de mains interchangeables : (1) paire de poings, (1) paire de mains lev\u00e9es, (1) main droite point\u00e9e, (1) main gauche ouverte.<\/p>\n<p><b>Mat\u00e9riau utilis\u00e9 \/ Informations sur le produit :<\/b><br \/>\n\u25cf Mat\u00e9riau - ABS, PVC, POM, ZINC ALLOY<br \/>\n\u25cf Pas d'aimant inclus<\/p>","protected":false},"excerpt":{"rendered":"<h4><\/h4>\n<ul>\n<li>Licence officielle Hasbro<\/li>\n<li>~ 7\u2033 (18cm) de haut<\/li>\n<li>~45 points d'articulation<\/li>\n<li>Alliage de zinc et pi\u00e8ces m\u00e9talliques<\/li>\n<li>Canon \u00e0 fusion<\/li>\n<li>(1) canon arri\u00e8re<\/li>\n<li>(4) jeux de mains interchangeables : (1) paire de poings, (1) paire de mains lev\u00e9es, (1) main droite point\u00e9e, (1) main gauche ouverte.<\/li>\n<\/ul>","protected":false},"featured_media":182802,"comment_status":"open","ping_status":"closed","template":"","meta":{"inline_featured_image":false},"product_brand":[],"product_cat":[68,90,1955],"product_tag":[332,768,1976,221,334,335,1754,306,1936,265,337,770,204,2453],"giftcard-category":[],"class_list":{"0":"post-174814","1":"product","2":"type-product","3":"status-publish","4":"has-post-thumbnail","6":"product_cat-hasbro","7":"product_cat-threezero","8":"product_cat-transformers","9":"product_tag-3a","10":"product_tag-3zero","11":"product_tag-collector-figures","12":"product_tag-decepticon","13":"product_tag-film","14":"product_tag-hasbro","15":"product_tag-mdlx-collectible","16":"product_tag-megatron","17":"product_tag-models-co","18":"product_tag-pre-orders","19":"product_tag-threea","20":"product_tag-threezero","21":"product_tag-transformers","22":"product_tag-transformers-x-threezero","23":"product_shipping_class-from-china","24":"inventories-china-inventory","26":"first","27":"outofstock","28":"purchasable","29":"product-type-simple","30":"add-to-wishlist-after_add_to_cart"},"yoast_head":"<!-- This site is optimized with the Yoast SEO Premium plugin v25.3.1 (Yoast SEO v27.4) - https:\/\/yoast.com\/product\/yoast-seo-premium-wordpress\/ -->\n<title>ThreeZero - Transformers MDLX Megatron<\/title>\n<meta name=\"robots\" content=\"index, follow, max-snippet:-1, max-image-preview:large, max-video-preview:-1\" \/>\n<link rel=\"canonical\" href=\"https:\/\/hobby4geek.com\/fr\/produit\/threezero-transformers-mdlx-megatron\/\" \/>\n<meta property=\"og:locale\" content=\"fr_FR\" \/>\n<meta property=\"og:type\" content=\"article\" \/>\n<meta property=\"og:title\" content=\"ThreeZero - Transformers MDLX Megatron\" \/>\n<meta property=\"og:description\" content=\"Officially licensed by Hasbro  ~ 7&quot; (18cm) tall  ~45 points of articulation  Zinc alloy and metal parts  Fusion Cannon  (1) rear cannon  (4) sets of interchangeable hands: (1) pair of fists, (1) pair of raised hands, (1) pointing right hand, (1) open left hand.\" \/>\n<meta property=\"og:url\" content=\"https:\/\/hobby4geek.com\/fr\/produit\/threezero-transformers-mdlx-megatron\/\" \/>\n<meta property=\"og:site_name\" content=\"Hobby4Geek\" \/>\n<meta property=\"article:publisher\" content=\"https:\/\/www.facebook.com\/hobby4geek\" \/>\n<meta property=\"article:modified_time\" content=\"2024-05-22T17:22:40+00:00\" \/>\n<meta property=\"og:image\" content=\"https:\/\/hobby4geek.com\/wp-content\/uploads\/2023\/02\/threezero-transformers-mdlx-megatron.jpg\" \/>\n\t<meta property=\"og:image:width\" content=\"1188\" \/>\n\t<meta property=\"og:image:height\" content=\"1781\" \/>\n\t<meta property=\"og:image:type\" content=\"image\/jpeg\" \/>\n<meta name=\"twitter:card\" content=\"summary_large_image\" \/>\n<meta name=\"twitter:site\" content=\"@hobby4geek\" \/>\n<script type=\"application\/ld+json\" class=\"yoast-schema-graph\">{\"@context\":\"https:\\\/\\\/schema.org\",\"@graph\":[{\"@type\":\"WebPage\",\"@id\":\"https:\\\/\\\/hobby4geek.com\\\/product\\\/threezero-transformers-mdlx-megatron\\\/\",\"url\":\"https:\\\/\\\/hobby4geek.com\\\/product\\\/threezero-transformers-mdlx-megatron\\\/\",\"name\":\"ThreeZero - Transformers MDLX Megatron\",\"isPartOf\":{\"@id\":\"https:\\\/\\\/hobby4geek.com\\\/#website\"},\"primaryImageOfPage\":{\"@id\":\"https:\\\/\\\/hobby4geek.com\\\/product\\\/threezero-transformers-mdlx-megatron\\\/#primaryimage\"},\"image\":{\"@id\":\"https:\\\/\\\/hobby4geek.com\\\/product\\\/threezero-transformers-mdlx-megatron\\\/#primaryimage\"},\"thumbnailUrl\":\"https:\\\/\\\/hobby4geek.com\\\/wp-content\\\/uploads\\\/2023\\\/02\\\/threezero-transformers-mdlx-megatron.jpg\",\"datePublished\":\"2022-10-28T18:09:52+00:00\",\"dateModified\":\"2024-05-22T17:22:40+00:00\",\"breadcrumb\":{\"@id\":\"https:\\\/\\\/hobby4geek.com\\\/product\\\/threezero-transformers-mdlx-megatron\\\/#breadcrumb\"},\"inLanguage\":\"fr-FR\",\"potentialAction\":[{\"@type\":\"ReadAction\",\"target\":[\"https:\\\/\\\/hobby4geek.com\\\/product\\\/threezero-transformers-mdlx-megatron\\\/\"]}]},{\"@type\":\"ImageObject\",\"inLanguage\":\"fr-FR\",\"@id\":\"https:\\\/\\\/hobby4geek.com\\\/product\\\/threezero-transformers-mdlx-megatron\\\/#primaryimage\",\"url\":\"https:\\\/\\\/hobby4geek.com\\\/wp-content\\\/uploads\\\/2023\\\/02\\\/threezero-transformers-mdlx-megatron.jpg\",\"contentUrl\":\"https:\\\/\\\/hobby4geek.com\\\/wp-content\\\/uploads\\\/2023\\\/02\\\/threezero-transformers-mdlx-megatron.jpg\",\"width\":1188,\"height\":1781,\"caption\":\"threezero-transformers-mdlx-megatron\"},{\"@type\":\"BreadcrumbList\",\"@id\":\"https:\\\/\\\/hobby4geek.com\\\/product\\\/threezero-transformers-mdlx-megatron\\\/#breadcrumb\",\"itemListElement\":[{\"@type\":\"ListItem\",\"position\":1,\"name\":\"Home\",\"item\":\"https:\\\/\\\/hobby4geek.com\\\/\"},{\"@type\":\"ListItem\",\"position\":2,\"name\":\"Shop\",\"item\":\"https:\\\/\\\/hobby4geek.com\\\/shop\\\/\"},{\"@type\":\"ListItem\",\"position\":3,\"name\":\"ThreeZero &#8211; Transformers MDLX Megatron\"}]},{\"@type\":\"WebSite\",\"@id\":\"https:\\\/\\\/hobby4geek.com\\\/#website\",\"url\":\"https:\\\/\\\/hobby4geek.com\\\/\",\"name\":\"Hobby4Geek\",\"description\":\"Collect, Play &amp; Showcase, Embrace your Geekiness\",\"publisher\":{\"@id\":\"https:\\\/\\\/hobby4geek.com\\\/#organization\"},\"potentialAction\":[{\"@type\":\"SearchAction\",\"target\":{\"@type\":\"EntryPoint\",\"urlTemplate\":\"https:\\\/\\\/hobby4geek.com\\\/?s={search_term_string}\"},\"query-input\":{\"@type\":\"PropertyValueSpecification\",\"valueRequired\":true,\"valueName\":\"search_term_string\"}}],\"inLanguage\":\"fr-FR\"},{\"@type\":\"Organization\",\"@id\":\"https:\\\/\\\/hobby4geek.com\\\/#organization\",\"name\":\"Hobby4Geek\",\"url\":\"https:\\\/\\\/hobby4geek.com\\\/\",\"logo\":{\"@type\":\"ImageObject\",\"inLanguage\":\"fr-FR\",\"@id\":\"https:\\\/\\\/hobby4geek.com\\\/#\\\/schema\\\/logo\\\/image\\\/\",\"url\":\"https:\\\/\\\/hobby4geek.com\\\/wp-content\\\/uploads\\\/2023\\\/02\\\/default-kit.png\",\"contentUrl\":\"https:\\\/\\\/hobby4geek.com\\\/wp-content\\\/uploads\\\/2023\\\/02\\\/default-kit.png\",\"width\":600,\"height\":600,\"caption\":\"Hobby4Geek\"},\"image\":{\"@id\":\"https:\\\/\\\/hobby4geek.com\\\/#\\\/schema\\\/logo\\\/image\\\/\"},\"sameAs\":[\"https:\\\/\\\/www.facebook.com\\\/hobby4geek\",\"https:\\\/\\\/x.com\\\/hobby4geek\",\"https:\\\/\\\/www.instagram.com\\\/hobby4geek\\\/\"]}]}<\/script>\n<meta property=\"product:brand\" content=\"Hasbro\" \/>\n<meta property=\"product:price:amount\" content=\"143.36\" \/>\n<meta property=\"product:price:currency\" content=\"EUR\" \/>\n<meta property=\"og:availability\" content=\"out of stock\" \/>\n<meta property=\"product:availability\" content=\"out of stock\" \/>\n<meta property=\"product:condition\" content=\"new\" \/>\n<!-- \/ Yoast SEO Premium plugin. -->","yoast_head_json":{"title":"ThreeZero - Transformers MDLX Megatron","robots":{"index":"index","follow":"follow","max-snippet":"max-snippet:-1","max-image-preview":"max-image-preview:large","max-video-preview":"max-video-preview:-1"},"canonical":"https:\/\/hobby4geek.com\/fr\/produit\/threezero-transformers-mdlx-megatron\/","og_locale":"fr_FR","og_type":"article","og_title":"ThreeZero - Transformers MDLX Megatron","og_description":"Officially licensed by Hasbro  ~ 7\" (18cm) tall  ~45 points of articulation  Zinc alloy and metal parts  Fusion Cannon  (1) rear cannon  (4) sets of interchangeable hands: (1) pair of fists, (1) pair of raised hands, (1) pointing right hand, (1) open left hand.","og_url":"https:\/\/hobby4geek.com\/fr\/produit\/threezero-transformers-mdlx-megatron\/","og_site_name":"Hobby4Geek","article_publisher":"https:\/\/www.facebook.com\/hobby4geek","article_modified_time":"2024-05-22T17:22:40+00:00","og_image":[{"width":1188,"height":1781,"url":"https:\/\/hobby4geek.com\/wp-content\/uploads\/2023\/02\/threezero-transformers-mdlx-megatron.jpg","type":"image\/jpeg"}],"twitter_card":"summary_large_image","twitter_site":"@hobby4geek","schema":{"@context":"https:\/\/schema.org","@graph":[{"@type":"WebPage","@id":"https:\/\/hobby4geek.com\/product\/threezero-transformers-mdlx-megatron\/","url":"https:\/\/hobby4geek.com\/product\/threezero-transformers-mdlx-megatron\/","name":"ThreeZero - Transformers MDLX Megatron","isPartOf":{"@id":"https:\/\/hobby4geek.com\/#website"},"primaryImageOfPage":{"@id":"https:\/\/hobby4geek.com\/product\/threezero-transformers-mdlx-megatron\/#primaryimage"},"image":{"@id":"https:\/\/hobby4geek.com\/product\/threezero-transformers-mdlx-megatron\/#primaryimage"},"thumbnailUrl":"https:\/\/hobby4geek.com\/wp-content\/uploads\/2023\/02\/threezero-transformers-mdlx-megatron.jpg","datePublished":"2022-10-28T18:09:52+00:00","dateModified":"2024-05-22T17:22:40+00:00","breadcrumb":{"@id":"https:\/\/hobby4geek.com\/product\/threezero-transformers-mdlx-megatron\/#breadcrumb"},"inLanguage":"fr-FR","potentialAction":[{"@type":"ReadAction","target":["https:\/\/hobby4geek.com\/product\/threezero-transformers-mdlx-megatron\/"]}]},{"@type":"ImageObject","inLanguage":"fr-FR","@id":"https:\/\/hobby4geek.com\/product\/threezero-transformers-mdlx-megatron\/#primaryimage","url":"https:\/\/hobby4geek.com\/wp-content\/uploads\/2023\/02\/threezero-transformers-mdlx-megatron.jpg","contentUrl":"https:\/\/hobby4geek.com\/wp-content\/uploads\/2023\/02\/threezero-transformers-mdlx-megatron.jpg","width":1188,"height":1781,"caption":"threezero-transformers-mdlx-megatron"},{"@type":"BreadcrumbList","@id":"https:\/\/hobby4geek.com\/product\/threezero-transformers-mdlx-megatron\/#breadcrumb","itemListElement":[{"@type":"ListItem","position":1,"name":"Home","item":"https:\/\/hobby4geek.com\/"},{"@type":"ListItem","position":2,"name":"Shop","item":"https:\/\/hobby4geek.com\/shop\/"},{"@type":"ListItem","position":3,"name":"ThreeZero &#8211; Transformers MDLX Megatron"}]},{"@type":"WebSite","@id":"https:\/\/hobby4geek.com\/#website","url":"https:\/\/hobby4geek.com\/","name":"Hobby4Geek","description":"Collectionnez, jouez et exposez, embrassez votre geekitude","publisher":{"@id":"https:\/\/hobby4geek.com\/#organization"},"potentialAction":[{"@type":"SearchAction","target":{"@type":"EntryPoint","urlTemplate":"https:\/\/hobby4geek.com\/?s={search_term_string}"},"query-input":{"@type":"PropertyValueSpecification","valueRequired":true,"valueName":"search_term_string"}}],"inLanguage":"fr-FR"},{"@type":"Organization","@id":"https:\/\/hobby4geek.com\/#organization","name":"Hobby4Geek","url":"https:\/\/hobby4geek.com\/","logo":{"@type":"ImageObject","inLanguage":"fr-FR","@id":"https:\/\/hobby4geek.com\/#\/schema\/logo\/image\/","url":"https:\/\/hobby4geek.com\/wp-content\/uploads\/2023\/02\/default-kit.png","contentUrl":"https:\/\/hobby4geek.com\/wp-content\/uploads\/2023\/02\/default-kit.png","width":600,"height":600,"caption":"Hobby4Geek"},"image":{"@id":"https:\/\/hobby4geek.com\/#\/schema\/logo\/image\/"},"sameAs":["https:\/\/www.facebook.com\/hobby4geek","https:\/\/x.com\/hobby4geek","https:\/\/www.instagram.com\/hobby4geek\/"]}]},"product_brand":"Hasbro","product_price_amount":"143.36","product_price_currency":"EUR","og_availability":"out of stock","product_availability":"out of stock","product_condition":"new"},"_links":{"self":[{"href":"https:\/\/hobby4geek.com\/fr\/wp-json\/wp\/v2\/product\/174814","targetHints":{"allow":["GET"]}}],"collection":[{"href":"https:\/\/hobby4geek.com\/fr\/wp-json\/wp\/v2\/product"}],"about":[{"href":"https:\/\/hobby4geek.com\/fr\/wp-json\/wp\/v2\/types\/product"}],"replies":[{"embeddable":true,"href":"https:\/\/hobby4geek.com\/fr\/wp-json\/wp\/v2\/comments?post=174814"}],"version-history":[{"count":0,"href":"https:\/\/hobby4geek.com\/fr\/wp-json\/wp\/v2\/product\/174814\/revisions"}],"wp:featuredmedia":[{"embeddable":true,"href":"https:\/\/hobby4geek.com\/fr\/wp-json\/wp\/v2\/media\/182802"}],"wp:attachment":[{"href":"https:\/\/hobby4geek.com\/fr\/wp-json\/wp\/v2\/media?parent=174814"}],"wp:term":[{"taxonomy":"product_brand","embeddable":true,"href":"https:\/\/hobby4geek.com\/fr\/wp-json\/wp\/v2\/product_brand?post=174814"},{"taxonomy":"product_cat","embeddable":true,"href":"https:\/\/hobby4geek.com\/fr\/wp-json\/wp\/v2\/product_cat?post=174814"},{"taxonomy":"product_tag","embeddable":true,"href":"https:\/\/hobby4geek.com\/fr\/wp-json\/wp\/v2\/product_tag?post=174814"},{"taxonomy":"giftcard-category","embeddable":true,"href":"https:\/\/hobby4geek.com\/fr\/wp-json\/wp\/v2\/giftcard-category?post=174814"}],"curies":[{"name":"wp","href":"https:\/\/api.w.org\/{rel}","templated":true}]}}