{"id":173456,"date":"2022-08-10T16:30:25","date_gmt":"2022-08-10T16:30:25","guid":{"rendered":"https:\/\/hobby4geek.com\/?post_type=product&#038;p=173456"},"modified":"2024-05-12T12:54:57","modified_gmt":"2024-05-12T11:54:57","slug":"transformers-studio-series-75-deluxe-jolt","status":"publish","type":"product","link":"https:\/\/hobby4geek.com\/fr\/produit\/transformers-studio-series-75-deluxe-jolt\/","title":{"rendered":"Transformers Studio Series - 75 Deluxe Jolt"},"content":{"rendered":"<div class=\"row\">\n<div class=\"col-md-12\">\n<p>Studio Series a toujours permis aux fans d'aller au-del\u00e0 du grand \u00e9cran et de cr\u00e9er l'ultime collection Transformers inspir\u00e9e par des sc\u00e8nes embl\u00e9matiques de l'univers cin\u00e9matographique Transformers.<\/p>\n<p>Cette figurine Studio Series 75 Deluxe Class Transformers : Revenge of the Fallen inspir\u00e9e de Jolt se convertit du mode robot au mode Chevrolet Volt sous licence en 23 \u00e9tapes.<\/p>\n<p>Retirez la toile de fond pour pr\u00e9senter Jolt dans la sc\u00e8ne de la bataille du d\u00e9sert de la pyramide.<\/p>\n<p>Dans la sc\u00e8ne de la bataille du d\u00e9sert des pyramides de Transformers : Revenge of the Fallen, Jolt utilise ses fouets \u00e9lectriques pour lier Optimus Prime avec des pi\u00e8ces de Jetfire, et le leader Autobot s'envole sous le nom de Jetpower Optimus Prime !<\/p>\n<ul>\n<li>4,50 pouces (11,43 cm)<\/li>\n<li>Taille de luxe<\/li>\n<li>En plastique<\/li>\n<li>Bas\u00e9 sur le film Transformers<\/li>\n<li>Passer du mode robot au mode voiture en 23 \u00e9tapes<\/li>\n<li>La toile de fond amovible permet de pr\u00e9senter la figurine Jolt dans la sc\u00e8ne de la bataille du d\u00e9sert de la pyramide.<\/li>\n<li>Armes<\/li>\n<\/ul>\n<\/div>\n<\/div>","protected":false},"excerpt":{"rendered":"<ul>\n<li>4,50 pouces (11,43 cm)<\/li>\n<li>Taille de luxe<\/li>\n<li>En plastique<\/li>\n<li>Bas\u00e9 sur le film Transformers<\/li>\n<li>Passer du mode robot au mode voiture en 23 \u00e9tapes<\/li>\n<li>La toile de fond amovible permet de pr\u00e9senter la figurine Jolt dans la sc\u00e8ne de la bataille du d\u00e9sert de la pyramide.<\/li>\n<li>Armes<\/li>\n<\/ul>","protected":false},"featured_media":183487,"comment_status":"open","ping_status":"closed","template":"","meta":{"inline_featured_image":false},"product_brand":[],"product_cat":[1955,68,69,1960],"product_tag":[1705,200,1759,199,239,1706,655,1707,240,203,1975,204],"giftcard-category":[],"class_list":{"0":"post-173456","1":"product","2":"type-product","3":"status-publish","4":"has-post-thumbnail","6":"product_cat-transformers","7":"product_cat-hasbro","8":"product_cat-takara-tomy","9":"product_cat-transformers-generations","10":"product_tag-1705","11":"product_tag-action-figures","12":"product_tag-action-toys","13":"product_tag-autobot","14":"product_tag-deluxe","15":"product_tag-jolt","16":"product_tag-ss","17":"product_tag-ss75","18":"product_tag-studio-series","19":"product_tag-takara-tomy","20":"product_tag-toys-figures","21":"product_tag-transformers","22":"product_shipping_class-from-china","23":"inventories-china-inventory","25":"first","26":"outofstock","27":"purchasable","28":"product-type-simple","29":"add-to-wishlist-after_add_to_cart"},"yoast_head":"<!-- This site is optimized with the Yoast SEO Premium plugin v25.3.1 (Yoast SEO v27.2) - https:\/\/yoast.com\/product\/yoast-seo-premium-wordpress\/ -->\n<title>Transformers Studio Series - 75 Deluxe Jolt<\/title>\n<meta name=\"robots\" content=\"index, follow, max-snippet:-1, max-image-preview:large, max-video-preview:-1\" \/>\n<link rel=\"canonical\" href=\"https:\/\/hobby4geek.com\/fr\/produit\/transformers-studio-series-75-deluxe-jolt\/\" \/>\n<meta property=\"og:locale\" content=\"fr_FR\" \/>\n<meta property=\"og:type\" content=\"article\" \/>\n<meta property=\"og:title\" content=\"Transformers Studio Series - 75 Deluxe Jolt\" \/>\n<meta property=\"og:description\" content=\"4.50 inches (11.43cm)  Deluxe Size  In plastic  Based on the Transformers movie  Convert from robot mode to car mode in 23 steps  Removable backdrop displays the Jolt figure in the Pyramid Desert Battle scene  Weapons\" \/>\n<meta property=\"og:url\" content=\"https:\/\/hobby4geek.com\/fr\/produit\/transformers-studio-series-75-deluxe-jolt\/\" \/>\n<meta property=\"og:site_name\" content=\"Hobby4Geek\" \/>\n<meta property=\"article:publisher\" content=\"https:\/\/www.facebook.com\/hobby4geek\" \/>\n<meta property=\"article:modified_time\" content=\"2024-05-12T11:54:57+00:00\" \/>\n<meta property=\"og:image\" content=\"https:\/\/hobby4geek.com\/wp-content\/uploads\/2022\/08\/transformers-studio-series-75-deluxe-jolt-2.jpg\" \/>\n\t<meta property=\"og:image:width\" content=\"860\" \/>\n\t<meta property=\"og:image:height\" content=\"896\" \/>\n\t<meta property=\"og:image:type\" content=\"image\/jpeg\" \/>\n<meta name=\"twitter:card\" content=\"summary_large_image\" \/>\n<meta name=\"twitter:site\" content=\"@hobby4geek\" \/>\n<script type=\"application\/ld+json\" class=\"yoast-schema-graph\">{\"@context\":\"https:\/\/schema.org\",\"@graph\":[{\"@type\":\"WebPage\",\"@id\":\"https:\/\/hobby4geek.com\/product\/transformers-studio-series-75-deluxe-jolt\/\",\"url\":\"https:\/\/hobby4geek.com\/product\/transformers-studio-series-75-deluxe-jolt\/\",\"name\":\"Transformers Studio Series - 75 Deluxe Jolt\",\"isPartOf\":{\"@id\":\"https:\/\/hobby4geek.com\/#website\"},\"primaryImageOfPage\":{\"@id\":\"https:\/\/hobby4geek.com\/product\/transformers-studio-series-75-deluxe-jolt\/#primaryimage\"},\"image\":{\"@id\":\"https:\/\/hobby4geek.com\/product\/transformers-studio-series-75-deluxe-jolt\/#primaryimage\"},\"thumbnailUrl\":\"https:\/\/hobby4geek.com\/wp-content\/uploads\/2022\/08\/transformers-studio-series-75-deluxe-jolt-2.jpg\",\"datePublished\":\"2022-08-10T16:30:25+00:00\",\"dateModified\":\"2024-05-12T11:54:57+00:00\",\"breadcrumb\":{\"@id\":\"https:\/\/hobby4geek.com\/product\/transformers-studio-series-75-deluxe-jolt\/#breadcrumb\"},\"inLanguage\":\"fr-FR\",\"potentialAction\":[{\"@type\":\"ReadAction\",\"target\":[\"https:\/\/hobby4geek.com\/product\/transformers-studio-series-75-deluxe-jolt\/\"]}]},{\"@type\":\"ImageObject\",\"inLanguage\":\"fr-FR\",\"@id\":\"https:\/\/hobby4geek.com\/product\/transformers-studio-series-75-deluxe-jolt\/#primaryimage\",\"url\":\"https:\/\/hobby4geek.com\/wp-content\/uploads\/2022\/08\/transformers-studio-series-75-deluxe-jolt-2.jpg\",\"contentUrl\":\"https:\/\/hobby4geek.com\/wp-content\/uploads\/2022\/08\/transformers-studio-series-75-deluxe-jolt-2.jpg\",\"width\":860,\"height\":896},{\"@type\":\"BreadcrumbList\",\"@id\":\"https:\/\/hobby4geek.com\/product\/transformers-studio-series-75-deluxe-jolt\/#breadcrumb\",\"itemListElement\":[{\"@type\":\"ListItem\",\"position\":1,\"name\":\"Home\",\"item\":\"https:\/\/hobby4geek.com\/\"},{\"@type\":\"ListItem\",\"position\":2,\"name\":\"Shop\",\"item\":\"https:\/\/hobby4geek.com\/shop\/\"},{\"@type\":\"ListItem\",\"position\":3,\"name\":\"Transformers Studio Series &#8211; 75 Deluxe Jolt\"}]},{\"@type\":\"WebSite\",\"@id\":\"https:\/\/hobby4geek.com\/#website\",\"url\":\"https:\/\/hobby4geek.com\/\",\"name\":\"Hobby4Geek\",\"description\":\"Collect, Play &amp; Showcase, Embrace your Geekiness\",\"publisher\":{\"@id\":\"https:\/\/hobby4geek.com\/#organization\"},\"potentialAction\":[{\"@type\":\"SearchAction\",\"target\":{\"@type\":\"EntryPoint\",\"urlTemplate\":\"https:\/\/hobby4geek.com\/?s={search_term_string}\"},\"query-input\":{\"@type\":\"PropertyValueSpecification\",\"valueRequired\":true,\"valueName\":\"search_term_string\"}}],\"inLanguage\":\"fr-FR\"},{\"@type\":\"Organization\",\"@id\":\"https:\/\/hobby4geek.com\/#organization\",\"name\":\"Hobby4Geek\",\"url\":\"https:\/\/hobby4geek.com\/\",\"logo\":{\"@type\":\"ImageObject\",\"inLanguage\":\"fr-FR\",\"@id\":\"https:\/\/hobby4geek.com\/#\/schema\/logo\/image\/\",\"url\":\"https:\/\/hobby4geek.com\/wp-content\/uploads\/2023\/02\/default-kit.png\",\"contentUrl\":\"https:\/\/hobby4geek.com\/wp-content\/uploads\/2023\/02\/default-kit.png\",\"width\":600,\"height\":600,\"caption\":\"Hobby4Geek\"},\"image\":{\"@id\":\"https:\/\/hobby4geek.com\/#\/schema\/logo\/image\/\"},\"sameAs\":[\"https:\/\/www.facebook.com\/hobby4geek\",\"https:\/\/x.com\/hobby4geek\",\"https:\/\/www.instagram.com\/hobby4geek\/\"]}]}<\/script>\n<meta property=\"product:brand\" content=\"Transformers\" \/>\n<meta property=\"product:price:amount\" content=\"47.04\" \/>\n<meta property=\"product:price:currency\" content=\"EUR\" \/>\n<meta property=\"og:availability\" content=\"out of stock\" \/>\n<meta property=\"product:availability\" content=\"out of stock\" \/>\n<meta property=\"product:condition\" content=\"new\" \/>\n<!-- \/ Yoast SEO Premium plugin. -->","yoast_head_json":{"title":"Transformers Studio Series - 75 Deluxe Jolt","robots":{"index":"index","follow":"follow","max-snippet":"max-snippet:-1","max-image-preview":"max-image-preview:large","max-video-preview":"max-video-preview:-1"},"canonical":"https:\/\/hobby4geek.com\/fr\/produit\/transformers-studio-series-75-deluxe-jolt\/","og_locale":"fr_FR","og_type":"article","og_title":"Transformers Studio Series - 75 Deluxe Jolt","og_description":"4.50 inches (11.43cm)  Deluxe Size  In plastic  Based on the Transformers movie  Convert from robot mode to car mode in 23 steps  Removable backdrop displays the Jolt figure in the Pyramid Desert Battle scene  Weapons","og_url":"https:\/\/hobby4geek.com\/fr\/produit\/transformers-studio-series-75-deluxe-jolt\/","og_site_name":"Hobby4Geek","article_publisher":"https:\/\/www.facebook.com\/hobby4geek","article_modified_time":"2024-05-12T11:54:57+00:00","og_image":[{"width":860,"height":896,"url":"https:\/\/hobby4geek.com\/wp-content\/uploads\/2022\/08\/transformers-studio-series-75-deluxe-jolt-2.jpg","type":"image\/jpeg"}],"twitter_card":"summary_large_image","twitter_site":"@hobby4geek","schema":{"@context":"https:\/\/schema.org","@graph":[{"@type":"WebPage","@id":"https:\/\/hobby4geek.com\/product\/transformers-studio-series-75-deluxe-jolt\/","url":"https:\/\/hobby4geek.com\/product\/transformers-studio-series-75-deluxe-jolt\/","name":"Transformers Studio Series - 75 Deluxe Jolt","isPartOf":{"@id":"https:\/\/hobby4geek.com\/#website"},"primaryImageOfPage":{"@id":"https:\/\/hobby4geek.com\/product\/transformers-studio-series-75-deluxe-jolt\/#primaryimage"},"image":{"@id":"https:\/\/hobby4geek.com\/product\/transformers-studio-series-75-deluxe-jolt\/#primaryimage"},"thumbnailUrl":"https:\/\/hobby4geek.com\/wp-content\/uploads\/2022\/08\/transformers-studio-series-75-deluxe-jolt-2.jpg","datePublished":"2022-08-10T16:30:25+00:00","dateModified":"2024-05-12T11:54:57+00:00","breadcrumb":{"@id":"https:\/\/hobby4geek.com\/product\/transformers-studio-series-75-deluxe-jolt\/#breadcrumb"},"inLanguage":"fr-FR","potentialAction":[{"@type":"ReadAction","target":["https:\/\/hobby4geek.com\/product\/transformers-studio-series-75-deluxe-jolt\/"]}]},{"@type":"ImageObject","inLanguage":"fr-FR","@id":"https:\/\/hobby4geek.com\/product\/transformers-studio-series-75-deluxe-jolt\/#primaryimage","url":"https:\/\/hobby4geek.com\/wp-content\/uploads\/2022\/08\/transformers-studio-series-75-deluxe-jolt-2.jpg","contentUrl":"https:\/\/hobby4geek.com\/wp-content\/uploads\/2022\/08\/transformers-studio-series-75-deluxe-jolt-2.jpg","width":860,"height":896},{"@type":"BreadcrumbList","@id":"https:\/\/hobby4geek.com\/product\/transformers-studio-series-75-deluxe-jolt\/#breadcrumb","itemListElement":[{"@type":"ListItem","position":1,"name":"Home","item":"https:\/\/hobby4geek.com\/"},{"@type":"ListItem","position":2,"name":"Shop","item":"https:\/\/hobby4geek.com\/shop\/"},{"@type":"ListItem","position":3,"name":"Transformers Studio Series &#8211; 75 Deluxe Jolt"}]},{"@type":"WebSite","@id":"https:\/\/hobby4geek.com\/#website","url":"https:\/\/hobby4geek.com\/","name":"Hobby4Geek","description":"Collectionnez, jouez et exposez, embrassez votre geekitude","publisher":{"@id":"https:\/\/hobby4geek.com\/#organization"},"potentialAction":[{"@type":"SearchAction","target":{"@type":"EntryPoint","urlTemplate":"https:\/\/hobby4geek.com\/?s={search_term_string}"},"query-input":{"@type":"PropertyValueSpecification","valueRequired":true,"valueName":"search_term_string"}}],"inLanguage":"fr-FR"},{"@type":"Organization","@id":"https:\/\/hobby4geek.com\/#organization","name":"Hobby4Geek","url":"https:\/\/hobby4geek.com\/","logo":{"@type":"ImageObject","inLanguage":"fr-FR","@id":"https:\/\/hobby4geek.com\/#\/schema\/logo\/image\/","url":"https:\/\/hobby4geek.com\/wp-content\/uploads\/2023\/02\/default-kit.png","contentUrl":"https:\/\/hobby4geek.com\/wp-content\/uploads\/2023\/02\/default-kit.png","width":600,"height":600,"caption":"Hobby4Geek"},"image":{"@id":"https:\/\/hobby4geek.com\/#\/schema\/logo\/image\/"},"sameAs":["https:\/\/www.facebook.com\/hobby4geek","https:\/\/x.com\/hobby4geek","https:\/\/www.instagram.com\/hobby4geek\/"]}]},"product_brand":"Transformers","product_price_amount":"47.04","product_price_currency":"EUR","og_availability":"out of stock","product_availability":"out of stock","product_condition":"new"},"_links":{"self":[{"href":"https:\/\/hobby4geek.com\/fr\/wp-json\/wp\/v2\/product\/173456","targetHints":{"allow":["GET"]}}],"collection":[{"href":"https:\/\/hobby4geek.com\/fr\/wp-json\/wp\/v2\/product"}],"about":[{"href":"https:\/\/hobby4geek.com\/fr\/wp-json\/wp\/v2\/types\/product"}],"replies":[{"embeddable":true,"href":"https:\/\/hobby4geek.com\/fr\/wp-json\/wp\/v2\/comments?post=173456"}],"version-history":[{"count":0,"href":"https:\/\/hobby4geek.com\/fr\/wp-json\/wp\/v2\/product\/173456\/revisions"}],"wp:featuredmedia":[{"embeddable":true,"href":"https:\/\/hobby4geek.com\/fr\/wp-json\/wp\/v2\/media\/183487"}],"wp:attachment":[{"href":"https:\/\/hobby4geek.com\/fr\/wp-json\/wp\/v2\/media?parent=173456"}],"wp:term":[{"taxonomy":"product_brand","embeddable":true,"href":"https:\/\/hobby4geek.com\/fr\/wp-json\/wp\/v2\/product_brand?post=173456"},{"taxonomy":"product_cat","embeddable":true,"href":"https:\/\/hobby4geek.com\/fr\/wp-json\/wp\/v2\/product_cat?post=173456"},{"taxonomy":"product_tag","embeddable":true,"href":"https:\/\/hobby4geek.com\/fr\/wp-json\/wp\/v2\/product_tag?post=173456"},{"taxonomy":"giftcard-category","embeddable":true,"href":"https:\/\/hobby4geek.com\/fr\/wp-json\/wp\/v2\/giftcard-category?post=173456"}],"curies":[{"name":"wp","href":"https:\/\/api.w.org\/{rel}","templated":true}]}}