{"id":172684,"date":"2022-07-05T22:47:39","date_gmt":"2022-07-05T22:47:39","guid":{"rendered":"https:\/\/hobby4geek.com\/?post_type=product&#038;p=172684"},"modified":"2024-05-12T13:05:10","modified_gmt":"2024-05-12T12:05:10","slug":"transformers-mpg-01-trainbot-shouki","status":"publish","type":"product","link":"https:\/\/hobby4geek.com\/fr\/produit\/transformers-mpg-01-trainbot-shouki\/","title":{"rendered":"Transformers MPG-01 TRAINBOT Shouki"},"content":{"rendered":"<p>Le nouveau Transformers Masterpiece G pr\u00e9sente sa premi\u00e8re figurine dans le Combiner Raiden \u00e0 venir avec MPG-01 Trainbot Shouki !<\/p>\n<p>Trainbot Shouki, qui \u00e9tait actif dans l'anime TV \"Transformers : The Headmasters\", est maintenant disponible dans la nouvelle s\u00e9rie \"MPG\" de Transformers !<\/p>\n<p>\"MPG\" est l'abr\u00e9viation de Masterpiece G, qui signifie GATTAI (union), GIANT (g\u00e9ant) et GREAT (g\u00e9nial !).<\/p>\n<p>Dans le premier \u00e9pisode de la nouvelle s\u00e9rie Transformers \"MPG\", le Tokaido Shinkansen s\u00e9rie 0 se transforme compl\u00e8tement en robot !<\/p>\n<p>Le nouveau MPG-01 Shouki est enti\u00e8rement articul\u00e9 et vous pouvez vous amuser \u00e0 recr\u00e9er toutes vos poses pr\u00e9f\u00e9r\u00e9es. Vous pouvez exposer Shouki en mode train attach\u00e9 aux rails du train, et il comprend d'autres armes, des si\u00e8ges et des pi\u00e8ces de poitrine.<\/p>\n<p>Vous pouvez compl\u00e9ter le Combinateur Raider en le combinant avec 5 types de trainbots (vendus s\u00e9par\u00e9ment) qui seront bient\u00f4t disponibles.<\/p>\n<ul>\n<li>S\u00e9rie de jouets : Transformers Masterpiece G<\/li>\n<li>Taille du jouet : 18 cm \/ 7.1 inch<\/li>\n<li>\u00c9chelle : Masterpiece<\/li>\n<li>Bas\u00e9 sur l'anime G1 Japan The Headmasters<\/li>\n<li>Partie du combiner Raiden<\/li>\n<li>1 figurine Trainbot Shouki.<\/li>\n<li>1 x accessoire d'armement<\/li>\n<li>2 x accessoires de si\u00e8ge<\/li>\n<li>1 rail A<\/li>\n<li>1 rail B<\/li>\n<li>1 x carte de personnage<\/li>\n<li>Morceaux de poitrine de Raiden<\/li>\n<li>Salles communes<\/li>\n<li>Instructions<\/li>\n<\/ul>","protected":false},"excerpt":{"rendered":"<ul>\n<li>S\u00e9rie de jouets : Transformers Masterpiece G<\/li>\n<li>Taille du jouet : 18 cm \/ 7.1 inch<\/li>\n<li>\u00c9chelle : Masterpiece<\/li>\n<li>Bas\u00e9 sur l'anime G1 Japan The Headmasters<\/li>\n<li>Partie du combiner Raiden<\/li>\n<li>1 figurine Trainbot Shouki.<\/li>\n<li>1 x accessoire d'armement<\/li>\n<li>2 x accessoires de si\u00e8ge<\/li>\n<li>1 rail A<\/li>\n<li>1 rail B<\/li>\n<li>1 x carte de personnage<\/li>\n<li>Morceaux de poitrine de Raiden<\/li>\n<li>Salles communes<\/li>\n<li>Instructions<\/li>\n<\/ul>","protected":false},"featured_media":183499,"comment_status":"open","ping_status":"closed","template":"","meta":{"inline_featured_image":false},"product_brand":[],"product_cat":[1955,69],"product_tag":[594,1675,1676,1677,1678,1679,1680],"giftcard-category":[],"class_list":{"0":"post-172684","1":"product","2":"type-product","3":"status-publish","4":"has-post-thumbnail","6":"product_cat-transformers","7":"product_cat-takara-tomy","8":"product_tag-combiner","9":"product_tag-mpg","10":"product_tag-mpg-01","11":"product_tag-raiden","12":"product_tag-shouki","13":"product_tag-trainbot","14":"product_tag-transformers-masterpiece-g","15":"product_shipping_class-from-china","16":"inventories-china-inventory","18":"first","19":"instock","20":"taxable","21":"shipping-taxable","22":"purchasable","23":"product-type-simple","24":"add-to-wishlist-after_add_to_cart"},"yoast_head":"<!-- This site is optimized with the Yoast SEO Premium plugin v25.3.1 (Yoast SEO v27.2) - https:\/\/yoast.com\/product\/yoast-seo-premium-wordpress\/ -->\n<title>Transformers MPG-01 TRAINBOT Shouki<\/title>\n<meta name=\"robots\" content=\"index, follow, max-snippet:-1, max-image-preview:large, max-video-preview:-1\" \/>\n<link rel=\"canonical\" href=\"https:\/\/hobby4geek.com\/fr\/produit\/transformers-mpg-01-trainbot-shouki\/\" \/>\n<meta property=\"og:locale\" content=\"fr_FR\" \/>\n<meta property=\"og:type\" content=\"article\" \/>\n<meta property=\"og:title\" content=\"Transformers MPG-01 TRAINBOT Shouki\" \/>\n<meta property=\"og:description\" content=\"Toy Series: Transformers Masterpiece G  Toy size: 18 cm \/ 7.1 inch  Scale: Masterpiece  Based on the anime G1 Japan The Headmasters  Part of the Raiden combiner  1 Trainbot Shouki figure.  1 x weapon accessory  2 x seat accessories  1 A-rail  1 B-rail  1 x character card  Raiden&#039;s Chest Pieces  Common rooms  Instructions\" \/>\n<meta property=\"og:url\" content=\"https:\/\/hobby4geek.com\/fr\/produit\/transformers-mpg-01-trainbot-shouki\/\" \/>\n<meta property=\"og:site_name\" content=\"Hobby4Geek\" \/>\n<meta property=\"article:publisher\" content=\"https:\/\/www.facebook.com\/hobby4geek\" \/>\n<meta property=\"article:modified_time\" content=\"2024-05-12T12:05:10+00:00\" \/>\n<meta property=\"og:image\" content=\"https:\/\/hobby4geek.com\/wp-content\/uploads\/2022\/07\/transformers-mpg-01-trainbot-shouki-5.webp\" \/>\n\t<meta property=\"og:image:width\" content=\"2000\" \/>\n\t<meta property=\"og:image:height\" content=\"2000\" \/>\n\t<meta property=\"og:image:type\" content=\"image\/webp\" \/>\n<meta name=\"twitter:card\" content=\"summary_large_image\" \/>\n<meta name=\"twitter:site\" content=\"@hobby4geek\" \/>\n<script type=\"application\/ld+json\" class=\"yoast-schema-graph\">{\"@context\":\"https:\/\/schema.org\",\"@graph\":[{\"@type\":\"WebPage\",\"@id\":\"https:\/\/hobby4geek.com\/product\/transformers-mpg-01-trainbot-shouki\/\",\"url\":\"https:\/\/hobby4geek.com\/product\/transformers-mpg-01-trainbot-shouki\/\",\"name\":\"Transformers MPG-01 TRAINBOT Shouki\",\"isPartOf\":{\"@id\":\"https:\/\/hobby4geek.com\/#website\"},\"primaryImageOfPage\":{\"@id\":\"https:\/\/hobby4geek.com\/product\/transformers-mpg-01-trainbot-shouki\/#primaryimage\"},\"image\":{\"@id\":\"https:\/\/hobby4geek.com\/product\/transformers-mpg-01-trainbot-shouki\/#primaryimage\"},\"thumbnailUrl\":\"https:\/\/hobby4geek.com\/wp-content\/uploads\/2022\/07\/transformers-mpg-01-trainbot-shouki-5.webp\",\"datePublished\":\"2022-07-05T22:47:39+00:00\",\"dateModified\":\"2024-05-12T12:05:10+00:00\",\"breadcrumb\":{\"@id\":\"https:\/\/hobby4geek.com\/product\/transformers-mpg-01-trainbot-shouki\/#breadcrumb\"},\"inLanguage\":\"fr-FR\",\"potentialAction\":[{\"@type\":\"ReadAction\",\"target\":[\"https:\/\/hobby4geek.com\/product\/transformers-mpg-01-trainbot-shouki\/\"]}]},{\"@type\":\"ImageObject\",\"inLanguage\":\"fr-FR\",\"@id\":\"https:\/\/hobby4geek.com\/product\/transformers-mpg-01-trainbot-shouki\/#primaryimage\",\"url\":\"https:\/\/hobby4geek.com\/wp-content\/uploads\/2022\/07\/transformers-mpg-01-trainbot-shouki-5.webp\",\"contentUrl\":\"https:\/\/hobby4geek.com\/wp-content\/uploads\/2022\/07\/transformers-mpg-01-trainbot-shouki-5.webp\",\"width\":2000,\"height\":2000},{\"@type\":\"BreadcrumbList\",\"@id\":\"https:\/\/hobby4geek.com\/product\/transformers-mpg-01-trainbot-shouki\/#breadcrumb\",\"itemListElement\":[{\"@type\":\"ListItem\",\"position\":1,\"name\":\"Home\",\"item\":\"https:\/\/hobby4geek.com\/\"},{\"@type\":\"ListItem\",\"position\":2,\"name\":\"Shop\",\"item\":\"https:\/\/hobby4geek.com\/shop\/\"},{\"@type\":\"ListItem\",\"position\":3,\"name\":\"Transformers MPG-01 TRAINBOT Shouki\"}]},{\"@type\":\"WebSite\",\"@id\":\"https:\/\/hobby4geek.com\/#website\",\"url\":\"https:\/\/hobby4geek.com\/\",\"name\":\"Hobby4Geek\",\"description\":\"Collect, Play &amp; Showcase, Embrace your Geekiness\",\"publisher\":{\"@id\":\"https:\/\/hobby4geek.com\/#organization\"},\"potentialAction\":[{\"@type\":\"SearchAction\",\"target\":{\"@type\":\"EntryPoint\",\"urlTemplate\":\"https:\/\/hobby4geek.com\/?s={search_term_string}\"},\"query-input\":{\"@type\":\"PropertyValueSpecification\",\"valueRequired\":true,\"valueName\":\"search_term_string\"}}],\"inLanguage\":\"fr-FR\"},{\"@type\":\"Organization\",\"@id\":\"https:\/\/hobby4geek.com\/#organization\",\"name\":\"Hobby4Geek\",\"url\":\"https:\/\/hobby4geek.com\/\",\"logo\":{\"@type\":\"ImageObject\",\"inLanguage\":\"fr-FR\",\"@id\":\"https:\/\/hobby4geek.com\/#\/schema\/logo\/image\/\",\"url\":\"https:\/\/hobby4geek.com\/wp-content\/uploads\/2023\/02\/default-kit.png\",\"contentUrl\":\"https:\/\/hobby4geek.com\/wp-content\/uploads\/2023\/02\/default-kit.png\",\"width\":600,\"height\":600,\"caption\":\"Hobby4Geek\"},\"image\":{\"@id\":\"https:\/\/hobby4geek.com\/#\/schema\/logo\/image\/\"},\"sameAs\":[\"https:\/\/www.facebook.com\/hobby4geek\",\"https:\/\/x.com\/hobby4geek\",\"https:\/\/www.instagram.com\/hobby4geek\/\"]}]}<\/script>\n<meta property=\"product:brand\" content=\"Transformers\" \/>\n<meta property=\"product:price:amount\" content=\"228.00\" \/>\n<meta property=\"product:price:currency\" content=\"EUR\" \/>\n<meta property=\"og:availability\" content=\"instock\" \/>\n<meta property=\"product:availability\" content=\"instock\" \/>\n<meta property=\"product:condition\" content=\"new\" \/>\n<!-- \/ Yoast SEO Premium plugin. -->","yoast_head_json":{"title":"Transformers MPG-01 TRAINBOT Shouki","robots":{"index":"index","follow":"follow","max-snippet":"max-snippet:-1","max-image-preview":"max-image-preview:large","max-video-preview":"max-video-preview:-1"},"canonical":"https:\/\/hobby4geek.com\/fr\/produit\/transformers-mpg-01-trainbot-shouki\/","og_locale":"fr_FR","og_type":"article","og_title":"Transformers MPG-01 TRAINBOT Shouki","og_description":"Toy Series: Transformers Masterpiece G  Toy size: 18 cm \/ 7.1 inch  Scale: Masterpiece  Based on the anime G1 Japan The Headmasters  Part of the Raiden combiner  1 Trainbot Shouki figure.  1 x weapon accessory  2 x seat accessories  1 A-rail  1 B-rail  1 x character card  Raiden's Chest Pieces  Common rooms  Instructions","og_url":"https:\/\/hobby4geek.com\/fr\/produit\/transformers-mpg-01-trainbot-shouki\/","og_site_name":"Hobby4Geek","article_publisher":"https:\/\/www.facebook.com\/hobby4geek","article_modified_time":"2024-05-12T12:05:10+00:00","og_image":[{"width":2000,"height":2000,"url":"https:\/\/hobby4geek.com\/wp-content\/uploads\/2022\/07\/transformers-mpg-01-trainbot-shouki-5.webp","type":"image\/webp"}],"twitter_card":"summary_large_image","twitter_site":"@hobby4geek","schema":{"@context":"https:\/\/schema.org","@graph":[{"@type":"WebPage","@id":"https:\/\/hobby4geek.com\/product\/transformers-mpg-01-trainbot-shouki\/","url":"https:\/\/hobby4geek.com\/product\/transformers-mpg-01-trainbot-shouki\/","name":"Transformers MPG-01 TRAINBOT Shouki","isPartOf":{"@id":"https:\/\/hobby4geek.com\/#website"},"primaryImageOfPage":{"@id":"https:\/\/hobby4geek.com\/product\/transformers-mpg-01-trainbot-shouki\/#primaryimage"},"image":{"@id":"https:\/\/hobby4geek.com\/product\/transformers-mpg-01-trainbot-shouki\/#primaryimage"},"thumbnailUrl":"https:\/\/hobby4geek.com\/wp-content\/uploads\/2022\/07\/transformers-mpg-01-trainbot-shouki-5.webp","datePublished":"2022-07-05T22:47:39+00:00","dateModified":"2024-05-12T12:05:10+00:00","breadcrumb":{"@id":"https:\/\/hobby4geek.com\/product\/transformers-mpg-01-trainbot-shouki\/#breadcrumb"},"inLanguage":"fr-FR","potentialAction":[{"@type":"ReadAction","target":["https:\/\/hobby4geek.com\/product\/transformers-mpg-01-trainbot-shouki\/"]}]},{"@type":"ImageObject","inLanguage":"fr-FR","@id":"https:\/\/hobby4geek.com\/product\/transformers-mpg-01-trainbot-shouki\/#primaryimage","url":"https:\/\/hobby4geek.com\/wp-content\/uploads\/2022\/07\/transformers-mpg-01-trainbot-shouki-5.webp","contentUrl":"https:\/\/hobby4geek.com\/wp-content\/uploads\/2022\/07\/transformers-mpg-01-trainbot-shouki-5.webp","width":2000,"height":2000},{"@type":"BreadcrumbList","@id":"https:\/\/hobby4geek.com\/product\/transformers-mpg-01-trainbot-shouki\/#breadcrumb","itemListElement":[{"@type":"ListItem","position":1,"name":"Home","item":"https:\/\/hobby4geek.com\/"},{"@type":"ListItem","position":2,"name":"Shop","item":"https:\/\/hobby4geek.com\/shop\/"},{"@type":"ListItem","position":3,"name":"Transformers MPG-01 TRAINBOT Shouki"}]},{"@type":"WebSite","@id":"https:\/\/hobby4geek.com\/#website","url":"https:\/\/hobby4geek.com\/","name":"Hobby4Geek","description":"Collectionnez, jouez et exposez, embrassez votre geekitude","publisher":{"@id":"https:\/\/hobby4geek.com\/#organization"},"potentialAction":[{"@type":"SearchAction","target":{"@type":"EntryPoint","urlTemplate":"https:\/\/hobby4geek.com\/?s={search_term_string}"},"query-input":{"@type":"PropertyValueSpecification","valueRequired":true,"valueName":"search_term_string"}}],"inLanguage":"fr-FR"},{"@type":"Organization","@id":"https:\/\/hobby4geek.com\/#organization","name":"Hobby4Geek","url":"https:\/\/hobby4geek.com\/","logo":{"@type":"ImageObject","inLanguage":"fr-FR","@id":"https:\/\/hobby4geek.com\/#\/schema\/logo\/image\/","url":"https:\/\/hobby4geek.com\/wp-content\/uploads\/2023\/02\/default-kit.png","contentUrl":"https:\/\/hobby4geek.com\/wp-content\/uploads\/2023\/02\/default-kit.png","width":600,"height":600,"caption":"Hobby4Geek"},"image":{"@id":"https:\/\/hobby4geek.com\/#\/schema\/logo\/image\/"},"sameAs":["https:\/\/www.facebook.com\/hobby4geek","https:\/\/x.com\/hobby4geek","https:\/\/www.instagram.com\/hobby4geek\/"]}]},"product_brand":"Transformers","product_price_amount":"228.00","product_price_currency":"EUR","og_availability":"instock","product_availability":"instock","product_condition":"new"},"_links":{"self":[{"href":"https:\/\/hobby4geek.com\/fr\/wp-json\/wp\/v2\/product\/172684","targetHints":{"allow":["GET"]}}],"collection":[{"href":"https:\/\/hobby4geek.com\/fr\/wp-json\/wp\/v2\/product"}],"about":[{"href":"https:\/\/hobby4geek.com\/fr\/wp-json\/wp\/v2\/types\/product"}],"replies":[{"embeddable":true,"href":"https:\/\/hobby4geek.com\/fr\/wp-json\/wp\/v2\/comments?post=172684"}],"version-history":[{"count":0,"href":"https:\/\/hobby4geek.com\/fr\/wp-json\/wp\/v2\/product\/172684\/revisions"}],"wp:featuredmedia":[{"embeddable":true,"href":"https:\/\/hobby4geek.com\/fr\/wp-json\/wp\/v2\/media\/183499"}],"wp:attachment":[{"href":"https:\/\/hobby4geek.com\/fr\/wp-json\/wp\/v2\/media?parent=172684"}],"wp:term":[{"taxonomy":"product_brand","embeddable":true,"href":"https:\/\/hobby4geek.com\/fr\/wp-json\/wp\/v2\/product_brand?post=172684"},{"taxonomy":"product_cat","embeddable":true,"href":"https:\/\/hobby4geek.com\/fr\/wp-json\/wp\/v2\/product_cat?post=172684"},{"taxonomy":"product_tag","embeddable":true,"href":"https:\/\/hobby4geek.com\/fr\/wp-json\/wp\/v2\/product_tag?post=172684"},{"taxonomy":"giftcard-category","embeddable":true,"href":"https:\/\/hobby4geek.com\/fr\/wp-json\/wp\/v2\/giftcard-category?post=172684"}],"curies":[{"name":"wp","href":"https:\/\/api.w.org\/{rel}","templated":true}]}}